{"id":1047,"date":"2021-09-22T13:10:51","date_gmt":"2021-09-22T16:10:51","guid":{"rendered":"http:\/\/www.hsmm.ce.gov.br\/?page_id=1047"},"modified":"2026-05-11T15:33:13","modified_gmt":"2026-05-11T18:33:13","slug":"emergencia-24h","status":"publish","type":"page","link":"https:\/\/www.ce.gov.br\/hsm\/emergencia-24h\/","title":{"rendered":"Emerg\u00eancia 24h"},"content":{"rendered":"<p>&nbsp;<\/p>\n<p style=\"text-align: justify\">A emerg\u00eancia do Hospital de Sa\u00fade Mental Professor Frota Pinto (HSM) funciona 24 horas e oferece atendimento psiqui\u00e1trico de urg\u00eancia e emerg\u00eancia a pacientes, a partir dos 18 anos, com quadros agudos ou com epis\u00f3dios de reagudiza\u00e7\u00e3o de quadros cr\u00f4nicos, sendo estes advindos de demanda espont\u00e2nea ou do referenciamento pelos servi\u00e7os da Rede de Aten\u00e7\u00e3o \u00e0 Sa\u00fade. A prioridade do atendimento \u00e9 regulada pelo Acolhimento com Avalia\u00e7\u00e3o e Classifica\u00e7\u00e3o de Risco (AACR) do hospital.<\/p>\n","protected":false},"excerpt":{"rendered":"<p>&nbsp; A emerg\u00eancia do Hospital de Sa\u00fade Mental Professor Frota Pinto (HSM) funciona 24 horas e oferece atendimento psiqui\u00e1trico de urg\u00eancia e emerg\u00eancia a pacientes, a partir dos 18 anos, com quadros agudos ou com epis\u00f3dios de reagudiza\u00e7\u00e3o de quadros cr\u00f4nicos, sendo estes advindos de demanda espont\u00e2nea ou do referenciamento pelos servi\u00e7os da Rede de [&hellip;]<\/p>\n","protected":false},"author":155,"featured_media":3400,"parent":0,"menu_order":0,"comment_status":"closed","ping_status":"closed","template":"","meta":{"_acf_changed":false,"inline_featured_image":false,"footnotes":""},"class_list":["post-1047","page","type-page","status-publish","has-post-thumbnail","hentry"],"acf":[],"yoast_head":"<!-- This site is optimized with the Yoast SEO plugin v27.3 - https:\/\/yoast.com\/product\/yoast-seo-wordpress\/ -->\n<title>Emerg\u00eancia 24h - HSM<\/title>\n<meta name=\"robots\" content=\"index, follow, max-snippet:-1, max-image-preview:large, max-video-preview:-1\" \/>\n<link rel=\"canonical\" href=\"https:\/\/ww16.ce.gov.br\/hsm\/emergencia-24h\/\" \/>\n<meta property=\"og:locale\" content=\"pt_BR\" \/>\n<meta property=\"og:type\" content=\"article\" \/>\n<meta property=\"og:title\" content=\"Emerg\u00eancia 24h - HSM\" \/>\n<meta property=\"og:description\" content=\"&nbsp; A emerg\u00eancia do Hospital de Sa\u00fade Mental Professor Frota Pinto (HSM) funciona 24 horas e oferece atendimento psiqui\u00e1trico de urg\u00eancia e emerg\u00eancia a pacientes, a partir dos 18 anos, com quadros agudos ou com epis\u00f3dios de reagudiza\u00e7\u00e3o de quadros cr\u00f4nicos, sendo estes advindos de demanda espont\u00e2nea ou do referenciamento pelos servi\u00e7os da Rede de [&hellip;]\" \/>\n<meta property=\"og:url\" content=\"https:\/\/ww16.ce.gov.br\/hsm\/emergencia-24h\/\" \/>\n<meta property=\"og:site_name\" content=\"HSM\" \/>\n<meta property=\"article:modified_time\" content=\"2026-05-11T18:33:13+00:00\" \/>\n<meta property=\"og:image\" content=\"https:\/\/ww16.ce.gov.br\/hsm\/wp-content\/uploads\/sites\/24\/2026\/05\/emergencia-HSM-600x450-1.jpeg\" \/>\n\t<meta property=\"og:image:width\" content=\"600\" \/>\n\t<meta property=\"og:image:height\" content=\"450\" \/>\n\t<meta property=\"og:image:type\" content=\"image\/jpeg\" \/>\n<meta name=\"twitter:card\" content=\"summary_large_image\" \/>\n<meta name=\"twitter:label1\" content=\"Est. reading time\" \/>\n\t<meta name=\"twitter:data1\" content=\"1 minuto\" \/>\n<script type=\"application\/ld+json\" class=\"yoast-schema-graph\">{\"@context\":\"https:\\\/\\\/schema.org\",\"@graph\":[{\"@type\":\"WebPage\",\"@id\":\"https:\\\/\\\/ww16.ce.gov.br\\\/hsm\\\/emergencia-24h\\\/\",\"url\":\"https:\\\/\\\/ww16.ce.gov.br\\\/hsm\\\/emergencia-24h\\\/\",\"name\":\"Emerg\u00eancia 24h - HSM\",\"isPartOf\":{\"@id\":\"https:\\\/\\\/ww16.ce.gov.br\\\/hsm\\\/#website\"},\"primaryImageOfPage\":{\"@id\":\"https:\\\/\\\/ww16.ce.gov.br\\\/hsm\\\/emergencia-24h\\\/#primaryimage\"},\"image\":{\"@id\":\"https:\\\/\\\/ww16.ce.gov.br\\\/hsm\\\/emergencia-24h\\\/#primaryimage\"},\"thumbnailUrl\":\"https:\\\/\\\/www.ce.gov.br\\\/hsm\\\/wp-content\\\/uploads\\\/sites\\\/24\\\/2026\\\/05\\\/emergencia-HSM-600x450-1.jpeg\",\"datePublished\":\"2021-09-22T16:10:51+00:00\",\"dateModified\":\"2026-05-11T18:33:13+00:00\",\"breadcrumb\":{\"@id\":\"https:\\\/\\\/ww16.ce.gov.br\\\/hsm\\\/emergencia-24h\\\/#breadcrumb\"},\"inLanguage\":\"pt-BR\",\"potentialAction\":[{\"@type\":\"ReadAction\",\"target\":[\"https:\\\/\\\/ww16.ce.gov.br\\\/hsm\\\/emergencia-24h\\\/\"]}]},{\"@type\":\"ImageObject\",\"inLanguage\":\"pt-BR\",\"@id\":\"https:\\\/\\\/ww16.ce.gov.br\\\/hsm\\\/emergencia-24h\\\/#primaryimage\",\"url\":\"https:\\\/\\\/www.ce.gov.br\\\/hsm\\\/wp-content\\\/uploads\\\/sites\\\/24\\\/2026\\\/05\\\/emergencia-HSM-600x450-1.jpeg\",\"contentUrl\":\"https:\\\/\\\/www.ce.gov.br\\\/hsm\\\/wp-content\\\/uploads\\\/sites\\\/24\\\/2026\\\/05\\\/emergencia-HSM-600x450-1.jpeg\",\"width\":600,\"height\":450},{\"@type\":\"BreadcrumbList\",\"@id\":\"https:\\\/\\\/ww16.ce.gov.br\\\/hsm\\\/emergencia-24h\\\/#breadcrumb\",\"itemListElement\":[{\"@type\":\"ListItem\",\"position\":1,\"name\":\"In\u00edcio\",\"item\":\"https:\\\/\\\/ww16.ce.gov.br\\\/hsm\\\/\"},{\"@type\":\"ListItem\",\"position\":2,\"name\":\"Emerg\u00eancia 24h\"}]},{\"@type\":\"WebSite\",\"@id\":\"https:\\\/\\\/ww16.ce.gov.br\\\/hsm\\\/#website\",\"url\":\"https:\\\/\\\/ww16.ce.gov.br\\\/hsm\\\/\",\"name\":\"HSM\",\"description\":\"Portal HSM\",\"potentialAction\":[{\"@type\":\"SearchAction\",\"target\":{\"@type\":\"EntryPoint\",\"urlTemplate\":\"https:\\\/\\\/ww16.ce.gov.br\\\/hsm\\\/?s={search_term_string}\"},\"query-input\":{\"@type\":\"PropertyValueSpecification\",\"valueRequired\":true,\"valueName\":\"search_term_string\"}}],\"inLanguage\":\"pt-BR\"}]}<\/script>\n<!-- \/ Yoast SEO plugin. -->","yoast_head_json":{"title":"Emerg\u00eancia 24h - HSM","robots":{"index":"index","follow":"follow","max-snippet":"max-snippet:-1","max-image-preview":"max-image-preview:large","max-video-preview":"max-video-preview:-1"},"canonical":"https:\/\/ww16.ce.gov.br\/hsm\/emergencia-24h\/","og_locale":"pt_BR","og_type":"article","og_title":"Emerg\u00eancia 24h - HSM","og_description":"&nbsp; A emerg\u00eancia do Hospital de Sa\u00fade Mental Professor Frota Pinto (HSM) funciona 24 horas e oferece atendimento psiqui\u00e1trico de urg\u00eancia e emerg\u00eancia a pacientes, a partir dos 18 anos, com quadros agudos ou com epis\u00f3dios de reagudiza\u00e7\u00e3o de quadros cr\u00f4nicos, sendo estes advindos de demanda espont\u00e2nea ou do referenciamento pelos servi\u00e7os da Rede de [&hellip;]","og_url":"https:\/\/ww16.ce.gov.br\/hsm\/emergencia-24h\/","og_site_name":"HSM","article_modified_time":"2026-05-11T18:33:13+00:00","og_image":[{"width":600,"height":450,"url":"https:\/\/ww16.ce.gov.br\/hsm\/wp-content\/uploads\/sites\/24\/2026\/05\/emergencia-HSM-600x450-1.jpeg","type":"image\/jpeg"}],"twitter_card":"summary_large_image","twitter_misc":{"Est. reading time":"1 minuto"},"schema":{"@context":"https:\/\/schema.org","@graph":[{"@type":"WebPage","@id":"https:\/\/ww16.ce.gov.br\/hsm\/emergencia-24h\/","url":"https:\/\/ww16.ce.gov.br\/hsm\/emergencia-24h\/","name":"Emerg\u00eancia 24h - HSM","isPartOf":{"@id":"https:\/\/ww16.ce.gov.br\/hsm\/#website"},"primaryImageOfPage":{"@id":"https:\/\/ww16.ce.gov.br\/hsm\/emergencia-24h\/#primaryimage"},"image":{"@id":"https:\/\/ww16.ce.gov.br\/hsm\/emergencia-24h\/#primaryimage"},"thumbnailUrl":"https:\/\/www.ce.gov.br\/hsm\/wp-content\/uploads\/sites\/24\/2026\/05\/emergencia-HSM-600x450-1.jpeg","datePublished":"2021-09-22T16:10:51+00:00","dateModified":"2026-05-11T18:33:13+00:00","breadcrumb":{"@id":"https:\/\/ww16.ce.gov.br\/hsm\/emergencia-24h\/#breadcrumb"},"inLanguage":"pt-BR","potentialAction":[{"@type":"ReadAction","target":["https:\/\/ww16.ce.gov.br\/hsm\/emergencia-24h\/"]}]},{"@type":"ImageObject","inLanguage":"pt-BR","@id":"https:\/\/ww16.ce.gov.br\/hsm\/emergencia-24h\/#primaryimage","url":"https:\/\/www.ce.gov.br\/hsm\/wp-content\/uploads\/sites\/24\/2026\/05\/emergencia-HSM-600x450-1.jpeg","contentUrl":"https:\/\/www.ce.gov.br\/hsm\/wp-content\/uploads\/sites\/24\/2026\/05\/emergencia-HSM-600x450-1.jpeg","width":600,"height":450},{"@type":"BreadcrumbList","@id":"https:\/\/ww16.ce.gov.br\/hsm\/emergencia-24h\/#breadcrumb","itemListElement":[{"@type":"ListItem","position":1,"name":"In\u00edcio","item":"https:\/\/ww16.ce.gov.br\/hsm\/"},{"@type":"ListItem","position":2,"name":"Emerg\u00eancia 24h"}]},{"@type":"WebSite","@id":"https:\/\/ww16.ce.gov.br\/hsm\/#website","url":"https:\/\/ww16.ce.gov.br\/hsm\/","name":"HSM","description":"Portal HSM","potentialAction":[{"@type":"SearchAction","target":{"@type":"EntryPoint","urlTemplate":"https:\/\/ww16.ce.gov.br\/hsm\/?s={search_term_string}"},"query-input":{"@type":"PropertyValueSpecification","valueRequired":true,"valueName":"search_term_string"}}],"inLanguage":"pt-BR"}]}},"_links":{"self":[{"href":"https:\/\/www.ce.gov.br\/hsm\/wp-json\/wp\/v2\/pages\/1047","targetHints":{"allow":["GET"]}}],"collection":[{"href":"https:\/\/www.ce.gov.br\/hsm\/wp-json\/wp\/v2\/pages"}],"about":[{"href":"https:\/\/www.ce.gov.br\/hsm\/wp-json\/wp\/v2\/types\/page"}],"author":[{"embeddable":true,"href":"https:\/\/www.ce.gov.br\/hsm\/wp-json\/wp\/v2\/users\/155"}],"replies":[{"embeddable":true,"href":"https:\/\/www.ce.gov.br\/hsm\/wp-json\/wp\/v2\/comments?post=1047"}],"version-history":[{"count":7,"href":"https:\/\/www.ce.gov.br\/hsm\/wp-json\/wp\/v2\/pages\/1047\/revisions"}],"predecessor-version":[{"id":2399,"href":"https:\/\/www.ce.gov.br\/hsm\/wp-json\/wp\/v2\/pages\/1047\/revisions\/2399"}],"wp:featuredmedia":[{"embeddable":true,"href":"https:\/\/www.ce.gov.br\/hsm\/wp-json\/wp\/v2\/media\/3400"}],"wp:attachment":[{"href":"https:\/\/www.ce.gov.br\/hsm\/wp-json\/wp\/v2\/media?parent=1047"}],"curies":[{"name":"wp","href":"https:\/\/api.w.org\/{rel}","templated":true}]}}