{"id":1052,"date":"2021-09-22T13:31:28","date_gmt":"2021-09-22T16:31:28","guid":{"rendered":"http:\/\/www.hsmm.ce.gov.br\/?page_id=1052"},"modified":"2021-10-22T09:18:29","modified_gmt":"2021-10-22T12:18:29","slug":"internacao","status":"publish","type":"page","link":"https:\/\/www.ce.gov.br\/hsm\/internacao\/","title":{"rendered":"Interna\u00e7\u00e3o"},"content":{"rendered":"<p>&nbsp;<\/p>\n<p style=\"text-align: justify\">Tem como objetivo o tratamento de pacientes com quadros psiqui\u00e1tricos agudos ou com epis\u00f3dios de reagudiza\u00e7\u00e3o de quadros cr\u00f4nicos, sendo utilizados tratamentos biol\u00f3gicos e diferentes t\u00e9cnicas s\u00f3cio-psicoter\u00e1picas. A interna\u00e7\u00e3o \u00e9 apenas uma etapa do tratamento, e, por este motivo, \u00e9 prioritariamente de curta perman\u00eancia. Os pacientes t\u00eam projeto terap\u00eautico individualizado e s\u00e3o assistidos por equipe multidisciplinar composta por m\u00e9dicos psiquiatras e cl\u00ednicos, enfermeiro(a), terapeuta ocupacional, assistente social e psic\u00f3logo(a). O hospital disp\u00f5e de 160 (cento e sessenta) leitos gerais para interna\u00e7\u00e3o, divididos em quatro unidades com quarenta leitos, sendo duas femininas e duas masculinas, e 20 (vinte) leitos masculinos na Unidade de Desintoxica\u00e7\u00e3o (UD) destinada ao tratamento de dependentes qu\u00edmicos.<\/p>\n","protected":false},"excerpt":{"rendered":"<p>&nbsp; Tem como objetivo o tratamento de pacientes com quadros psiqui\u00e1tricos agudos ou com epis\u00f3dios de reagudiza\u00e7\u00e3o de quadros cr\u00f4nicos, sendo utilizados tratamentos biol\u00f3gicos e diferentes t\u00e9cnicas s\u00f3cio-psicoter\u00e1picas. A interna\u00e7\u00e3o \u00e9 apenas uma etapa do tratamento, e, por este motivo, \u00e9 prioritariamente de curta perman\u00eancia. Os pacientes t\u00eam projeto terap\u00eautico individualizado e s\u00e3o assistidos por [&hellip;]<\/p>\n","protected":false},"author":498,"featured_media":0,"parent":0,"menu_order":0,"comment_status":"closed","ping_status":"closed","template":"","meta":{"_acf_changed":false,"inline_featured_image":false,"footnotes":""},"class_list":["post-1052","page","type-page","status-publish","hentry"],"acf":[],"yoast_head":"<!-- This site is optimized with the Yoast SEO plugin v27.3 - https:\/\/yoast.com\/product\/yoast-seo-wordpress\/ -->\n<title>Interna\u00e7\u00e3o - HSM<\/title>\n<meta name=\"robots\" content=\"index, follow, max-snippet:-1, max-image-preview:large, max-video-preview:-1\" \/>\n<link rel=\"canonical\" href=\"https:\/\/ww16.ce.gov.br\/hsm\/internacao\/\" \/>\n<meta property=\"og:locale\" content=\"pt_BR\" \/>\n<meta property=\"og:type\" content=\"article\" \/>\n<meta property=\"og:title\" content=\"Interna\u00e7\u00e3o - HSM\" \/>\n<meta property=\"og:description\" content=\"&nbsp; Tem como objetivo o tratamento de pacientes com quadros psiqui\u00e1tricos agudos ou com epis\u00f3dios de reagudiza\u00e7\u00e3o de quadros cr\u00f4nicos, sendo utilizados tratamentos biol\u00f3gicos e diferentes t\u00e9cnicas s\u00f3cio-psicoter\u00e1picas. A interna\u00e7\u00e3o \u00e9 apenas uma etapa do tratamento, e, por este motivo, \u00e9 prioritariamente de curta perman\u00eancia. Os pacientes t\u00eam projeto terap\u00eautico individualizado e s\u00e3o assistidos por [&hellip;]\" \/>\n<meta property=\"og:url\" content=\"https:\/\/ww16.ce.gov.br\/hsm\/internacao\/\" \/>\n<meta property=\"og:site_name\" content=\"HSM\" \/>\n<meta property=\"article:modified_time\" content=\"2021-10-22T12:18:29+00:00\" \/>\n<meta name=\"twitter:card\" content=\"summary_large_image\" \/>\n<meta name=\"twitter:label1\" content=\"Est. reading time\" \/>\n\t<meta name=\"twitter:data1\" content=\"1 minuto\" \/>\n<script type=\"application\/ld+json\" class=\"yoast-schema-graph\">{\"@context\":\"https:\\\/\\\/schema.org\",\"@graph\":[{\"@type\":\"WebPage\",\"@id\":\"https:\\\/\\\/ww16.ce.gov.br\\\/hsm\\\/internacao\\\/\",\"url\":\"https:\\\/\\\/ww16.ce.gov.br\\\/hsm\\\/internacao\\\/\",\"name\":\"Interna\u00e7\u00e3o - HSM\",\"isPartOf\":{\"@id\":\"https:\\\/\\\/ww16.ce.gov.br\\\/hsm\\\/#website\"},\"datePublished\":\"2021-09-22T16:31:28+00:00\",\"dateModified\":\"2021-10-22T12:18:29+00:00\",\"breadcrumb\":{\"@id\":\"https:\\\/\\\/ww16.ce.gov.br\\\/hsm\\\/internacao\\\/#breadcrumb\"},\"inLanguage\":\"pt-BR\",\"potentialAction\":[{\"@type\":\"ReadAction\",\"target\":[\"https:\\\/\\\/ww16.ce.gov.br\\\/hsm\\\/internacao\\\/\"]}]},{\"@type\":\"BreadcrumbList\",\"@id\":\"https:\\\/\\\/ww16.ce.gov.br\\\/hsm\\\/internacao\\\/#breadcrumb\",\"itemListElement\":[{\"@type\":\"ListItem\",\"position\":1,\"name\":\"In\u00edcio\",\"item\":\"https:\\\/\\\/ww16.ce.gov.br\\\/hsm\\\/\"},{\"@type\":\"ListItem\",\"position\":2,\"name\":\"Interna\u00e7\u00e3o\"}]},{\"@type\":\"WebSite\",\"@id\":\"https:\\\/\\\/ww16.ce.gov.br\\\/hsm\\\/#website\",\"url\":\"https:\\\/\\\/ww16.ce.gov.br\\\/hsm\\\/\",\"name\":\"HSM\",\"description\":\"Portal HSM\",\"potentialAction\":[{\"@type\":\"SearchAction\",\"target\":{\"@type\":\"EntryPoint\",\"urlTemplate\":\"https:\\\/\\\/ww16.ce.gov.br\\\/hsm\\\/?s={search_term_string}\"},\"query-input\":{\"@type\":\"PropertyValueSpecification\",\"valueRequired\":true,\"valueName\":\"search_term_string\"}}],\"inLanguage\":\"pt-BR\"}]}<\/script>\n<!-- \/ Yoast SEO plugin. -->","yoast_head_json":{"title":"Interna\u00e7\u00e3o - HSM","robots":{"index":"index","follow":"follow","max-snippet":"max-snippet:-1","max-image-preview":"max-image-preview:large","max-video-preview":"max-video-preview:-1"},"canonical":"https:\/\/ww16.ce.gov.br\/hsm\/internacao\/","og_locale":"pt_BR","og_type":"article","og_title":"Interna\u00e7\u00e3o - HSM","og_description":"&nbsp; Tem como objetivo o tratamento de pacientes com quadros psiqui\u00e1tricos agudos ou com epis\u00f3dios de reagudiza\u00e7\u00e3o de quadros cr\u00f4nicos, sendo utilizados tratamentos biol\u00f3gicos e diferentes t\u00e9cnicas s\u00f3cio-psicoter\u00e1picas. A interna\u00e7\u00e3o \u00e9 apenas uma etapa do tratamento, e, por este motivo, \u00e9 prioritariamente de curta perman\u00eancia. Os pacientes t\u00eam projeto terap\u00eautico individualizado e s\u00e3o assistidos por [&hellip;]","og_url":"https:\/\/ww16.ce.gov.br\/hsm\/internacao\/","og_site_name":"HSM","article_modified_time":"2021-10-22T12:18:29+00:00","twitter_card":"summary_large_image","twitter_misc":{"Est. reading time":"1 minuto"},"schema":{"@context":"https:\/\/schema.org","@graph":[{"@type":"WebPage","@id":"https:\/\/ww16.ce.gov.br\/hsm\/internacao\/","url":"https:\/\/ww16.ce.gov.br\/hsm\/internacao\/","name":"Interna\u00e7\u00e3o - HSM","isPartOf":{"@id":"https:\/\/ww16.ce.gov.br\/hsm\/#website"},"datePublished":"2021-09-22T16:31:28+00:00","dateModified":"2021-10-22T12:18:29+00:00","breadcrumb":{"@id":"https:\/\/ww16.ce.gov.br\/hsm\/internacao\/#breadcrumb"},"inLanguage":"pt-BR","potentialAction":[{"@type":"ReadAction","target":["https:\/\/ww16.ce.gov.br\/hsm\/internacao\/"]}]},{"@type":"BreadcrumbList","@id":"https:\/\/ww16.ce.gov.br\/hsm\/internacao\/#breadcrumb","itemListElement":[{"@type":"ListItem","position":1,"name":"In\u00edcio","item":"https:\/\/ww16.ce.gov.br\/hsm\/"},{"@type":"ListItem","position":2,"name":"Interna\u00e7\u00e3o"}]},{"@type":"WebSite","@id":"https:\/\/ww16.ce.gov.br\/hsm\/#website","url":"https:\/\/ww16.ce.gov.br\/hsm\/","name":"HSM","description":"Portal HSM","potentialAction":[{"@type":"SearchAction","target":{"@type":"EntryPoint","urlTemplate":"https:\/\/ww16.ce.gov.br\/hsm\/?s={search_term_string}"},"query-input":{"@type":"PropertyValueSpecification","valueRequired":true,"valueName":"search_term_string"}}],"inLanguage":"pt-BR"}]}},"_links":{"self":[{"href":"https:\/\/www.ce.gov.br\/hsm\/wp-json\/wp\/v2\/pages\/1052","targetHints":{"allow":["GET"]}}],"collection":[{"href":"https:\/\/www.ce.gov.br\/hsm\/wp-json\/wp\/v2\/pages"}],"about":[{"href":"https:\/\/www.ce.gov.br\/hsm\/wp-json\/wp\/v2\/types\/page"}],"author":[{"embeddable":true,"href":"https:\/\/www.ce.gov.br\/hsm\/wp-json\/wp\/v2\/users\/498"}],"replies":[{"embeddable":true,"href":"https:\/\/www.ce.gov.br\/hsm\/wp-json\/wp\/v2\/comments?post=1052"}],"version-history":[{"count":3,"href":"https:\/\/www.ce.gov.br\/hsm\/wp-json\/wp\/v2\/pages\/1052\/revisions"}],"predecessor-version":[{"id":3421,"href":"https:\/\/www.ce.gov.br\/hsm\/wp-json\/wp\/v2\/pages\/1052\/revisions\/3421"}],"wp:attachment":[{"href":"https:\/\/www.ce.gov.br\/hsm\/wp-json\/wp\/v2\/media?parent=1052"}],"curies":[{"name":"wp","href":"https:\/\/api.w.org\/{rel}","templated":true}]}}