{"id":1054,"date":"2021-09-22T13:34:32","date_gmt":"2021-09-22T16:34:32","guid":{"rendered":"http:\/\/www.hsmm.ce.gov.br\/?page_id=1054"},"modified":"2026-02-23T16:14:45","modified_gmt":"2026-02-23T19:14:45","slug":"atendimento-ambulatorial","status":"publish","type":"page","link":"https:\/\/www.ce.gov.br\/hsm\/atendimento-ambulatorial\/","title":{"rendered":"Atendimento ambulatorial"},"content":{"rendered":"<p>&nbsp;<\/p>\n<p style=\"text-align: justify\">Nos ambulat\u00f3rios s\u00e3o atendidos os pacientes com transtornos mentais com diferentes diagn\u00f3sticos e graus de gravidade. Atualmente, a assist\u00eancia ambulatorial \u00e9 prestada pelos m\u00e9dicos que est\u00e3o se especializando em Psiquiatria, residentes do Hospital de Sa\u00fade Mental Professor Frota Pinto (HSM), sob a supervis\u00e3o de preceptores da Resid\u00eancia M\u00e9dica e disp\u00f5e de 33 ambulat\u00f3rios especializados, entre eles: Ambulat\u00f3rio Geral, N\u00facleo de Transtornos Ansiosos \u2013 NUTA; Transtornos da Sexualidade Humana \u2013 ATASH; Transtornos do Humor;\u00a0 Ambulat\u00f3rio de Primeira Crise; Ambulat\u00f3rio de Psicose de Dif\u00edcil Controle \u2013 medicamentos de Alto Custo;\u00a0 Ambulat\u00f3rio de Neuropsiquiatria; Ambulat\u00f3rio de Neurologia; Ambulat\u00f3rio de Psicogeriatria; N\u00facleo de Aten\u00e7\u00e3o a Inf\u00e2ncia e Adolesc\u00eancia \u2013 NAIA; Psicoterapia;\u00a0 N\u00facleo de Atendimento a Paciente com Esquizofrenia \u2013 NUESQ; Servi\u00e7o de Refer\u00eancia Transdisciplinar para Transg\u00eaneros \u2013 SERTRANS; Psicoterapia Epilepsia; Ambulat\u00f3rio de Transtorno de Aten\u00e7\u00e3o e Impulsividade \u2013 ATAI.<\/p>\n","protected":false},"excerpt":{"rendered":"<p>&nbsp; Nos ambulat\u00f3rios s\u00e3o atendidos os pacientes com transtornos mentais com diferentes diagn\u00f3sticos e graus de gravidade. Atualmente, a assist\u00eancia ambulatorial \u00e9 prestada pelos m\u00e9dicos que est\u00e3o se especializando em Psiquiatria, residentes do Hospital de Sa\u00fade Mental Professor Frota Pinto (HSM), sob a supervis\u00e3o de preceptores da Resid\u00eancia M\u00e9dica e disp\u00f5e de 33 ambulat\u00f3rios especializados, [&hellip;]<\/p>\n","protected":false},"author":498,"featured_media":0,"parent":0,"menu_order":0,"comment_status":"closed","ping_status":"closed","template":"","meta":{"_acf_changed":false,"inline_featured_image":false,"footnotes":""},"class_list":["post-1054","page","type-page","status-publish","hentry"],"acf":[],"yoast_head":"<!-- This site is optimized with the Yoast SEO plugin v27.3 - https:\/\/yoast.com\/product\/yoast-seo-wordpress\/ -->\n<title>Atendimento ambulatorial - HSM<\/title>\n<meta name=\"robots\" content=\"index, follow, max-snippet:-1, max-image-preview:large, max-video-preview:-1\" \/>\n<link rel=\"canonical\" href=\"https:\/\/ww16.ce.gov.br\/hsm\/atendimento-ambulatorial\/\" \/>\n<meta property=\"og:locale\" content=\"pt_BR\" \/>\n<meta property=\"og:type\" content=\"article\" \/>\n<meta property=\"og:title\" content=\"Atendimento ambulatorial - HSM\" \/>\n<meta property=\"og:description\" content=\"&nbsp; Nos ambulat\u00f3rios s\u00e3o atendidos os pacientes com transtornos mentais com diferentes diagn\u00f3sticos e graus de gravidade. Atualmente, a assist\u00eancia ambulatorial \u00e9 prestada pelos m\u00e9dicos que est\u00e3o se especializando em Psiquiatria, residentes do Hospital de Sa\u00fade Mental Professor Frota Pinto (HSM), sob a supervis\u00e3o de preceptores da Resid\u00eancia M\u00e9dica e disp\u00f5e de 33 ambulat\u00f3rios especializados, [&hellip;]\" \/>\n<meta property=\"og:url\" content=\"https:\/\/ww16.ce.gov.br\/hsm\/atendimento-ambulatorial\/\" \/>\n<meta property=\"og:site_name\" content=\"HSM\" \/>\n<meta property=\"article:modified_time\" content=\"2026-02-23T19:14:45+00:00\" \/>\n<meta name=\"twitter:card\" content=\"summary_large_image\" \/>\n<meta name=\"twitter:label1\" content=\"Est. reading time\" \/>\n\t<meta name=\"twitter:data1\" content=\"1 minuto\" \/>\n<script type=\"application\/ld+json\" class=\"yoast-schema-graph\">{\"@context\":\"https:\\\/\\\/schema.org\",\"@graph\":[{\"@type\":\"WebPage\",\"@id\":\"https:\\\/\\\/ww16.ce.gov.br\\\/hsm\\\/atendimento-ambulatorial\\\/\",\"url\":\"https:\\\/\\\/ww16.ce.gov.br\\\/hsm\\\/atendimento-ambulatorial\\\/\",\"name\":\"Atendimento ambulatorial - HSM\",\"isPartOf\":{\"@id\":\"https:\\\/\\\/ww16.ce.gov.br\\\/hsm\\\/#website\"},\"datePublished\":\"2021-09-22T16:34:32+00:00\",\"dateModified\":\"2026-02-23T19:14:45+00:00\",\"breadcrumb\":{\"@id\":\"https:\\\/\\\/ww16.ce.gov.br\\\/hsm\\\/atendimento-ambulatorial\\\/#breadcrumb\"},\"inLanguage\":\"pt-BR\",\"potentialAction\":[{\"@type\":\"ReadAction\",\"target\":[\"https:\\\/\\\/ww16.ce.gov.br\\\/hsm\\\/atendimento-ambulatorial\\\/\"]}]},{\"@type\":\"BreadcrumbList\",\"@id\":\"https:\\\/\\\/ww16.ce.gov.br\\\/hsm\\\/atendimento-ambulatorial\\\/#breadcrumb\",\"itemListElement\":[{\"@type\":\"ListItem\",\"position\":1,\"name\":\"In\u00edcio\",\"item\":\"https:\\\/\\\/ww16.ce.gov.br\\\/hsm\\\/\"},{\"@type\":\"ListItem\",\"position\":2,\"name\":\"Atendimento ambulatorial\"}]},{\"@type\":\"WebSite\",\"@id\":\"https:\\\/\\\/ww16.ce.gov.br\\\/hsm\\\/#website\",\"url\":\"https:\\\/\\\/ww16.ce.gov.br\\\/hsm\\\/\",\"name\":\"HSM\",\"description\":\"Portal HSM\",\"potentialAction\":[{\"@type\":\"SearchAction\",\"target\":{\"@type\":\"EntryPoint\",\"urlTemplate\":\"https:\\\/\\\/ww16.ce.gov.br\\\/hsm\\\/?s={search_term_string}\"},\"query-input\":{\"@type\":\"PropertyValueSpecification\",\"valueRequired\":true,\"valueName\":\"search_term_string\"}}],\"inLanguage\":\"pt-BR\"}]}<\/script>\n<!-- \/ Yoast SEO plugin. -->","yoast_head_json":{"title":"Atendimento ambulatorial - HSM","robots":{"index":"index","follow":"follow","max-snippet":"max-snippet:-1","max-image-preview":"max-image-preview:large","max-video-preview":"max-video-preview:-1"},"canonical":"https:\/\/ww16.ce.gov.br\/hsm\/atendimento-ambulatorial\/","og_locale":"pt_BR","og_type":"article","og_title":"Atendimento ambulatorial - HSM","og_description":"&nbsp; Nos ambulat\u00f3rios s\u00e3o atendidos os pacientes com transtornos mentais com diferentes diagn\u00f3sticos e graus de gravidade. Atualmente, a assist\u00eancia ambulatorial \u00e9 prestada pelos m\u00e9dicos que est\u00e3o se especializando em Psiquiatria, residentes do Hospital de Sa\u00fade Mental Professor Frota Pinto (HSM), sob a supervis\u00e3o de preceptores da Resid\u00eancia M\u00e9dica e disp\u00f5e de 33 ambulat\u00f3rios especializados, [&hellip;]","og_url":"https:\/\/ww16.ce.gov.br\/hsm\/atendimento-ambulatorial\/","og_site_name":"HSM","article_modified_time":"2026-02-23T19:14:45+00:00","twitter_card":"summary_large_image","twitter_misc":{"Est. reading time":"1 minuto"},"schema":{"@context":"https:\/\/schema.org","@graph":[{"@type":"WebPage","@id":"https:\/\/ww16.ce.gov.br\/hsm\/atendimento-ambulatorial\/","url":"https:\/\/ww16.ce.gov.br\/hsm\/atendimento-ambulatorial\/","name":"Atendimento ambulatorial - HSM","isPartOf":{"@id":"https:\/\/ww16.ce.gov.br\/hsm\/#website"},"datePublished":"2021-09-22T16:34:32+00:00","dateModified":"2026-02-23T19:14:45+00:00","breadcrumb":{"@id":"https:\/\/ww16.ce.gov.br\/hsm\/atendimento-ambulatorial\/#breadcrumb"},"inLanguage":"pt-BR","potentialAction":[{"@type":"ReadAction","target":["https:\/\/ww16.ce.gov.br\/hsm\/atendimento-ambulatorial\/"]}]},{"@type":"BreadcrumbList","@id":"https:\/\/ww16.ce.gov.br\/hsm\/atendimento-ambulatorial\/#breadcrumb","itemListElement":[{"@type":"ListItem","position":1,"name":"In\u00edcio","item":"https:\/\/ww16.ce.gov.br\/hsm\/"},{"@type":"ListItem","position":2,"name":"Atendimento ambulatorial"}]},{"@type":"WebSite","@id":"https:\/\/ww16.ce.gov.br\/hsm\/#website","url":"https:\/\/ww16.ce.gov.br\/hsm\/","name":"HSM","description":"Portal HSM","potentialAction":[{"@type":"SearchAction","target":{"@type":"EntryPoint","urlTemplate":"https:\/\/ww16.ce.gov.br\/hsm\/?s={search_term_string}"},"query-input":{"@type":"PropertyValueSpecification","valueRequired":true,"valueName":"search_term_string"}}],"inLanguage":"pt-BR"}]}},"_links":{"self":[{"href":"https:\/\/www.ce.gov.br\/hsm\/wp-json\/wp\/v2\/pages\/1054","targetHints":{"allow":["GET"]}}],"collection":[{"href":"https:\/\/www.ce.gov.br\/hsm\/wp-json\/wp\/v2\/pages"}],"about":[{"href":"https:\/\/www.ce.gov.br\/hsm\/wp-json\/wp\/v2\/types\/page"}],"author":[{"embeddable":true,"href":"https:\/\/www.ce.gov.br\/hsm\/wp-json\/wp\/v2\/users\/498"}],"replies":[{"embeddable":true,"href":"https:\/\/www.ce.gov.br\/hsm\/wp-json\/wp\/v2\/comments?post=1054"}],"version-history":[{"count":5,"href":"https:\/\/www.ce.gov.br\/hsm\/wp-json\/wp\/v2\/pages\/1054\/revisions"}],"predecessor-version":[{"id":3032,"href":"https:\/\/www.ce.gov.br\/hsm\/wp-json\/wp\/v2\/pages\/1054\/revisions\/3032"}],"wp:attachment":[{"href":"https:\/\/www.ce.gov.br\/hsm\/wp-json\/wp\/v2\/media?parent=1054"}],"curies":[{"name":"wp","href":"https:\/\/api.w.org\/{rel}","templated":true}]}}