{"id":1056,"date":"2021-09-22T13:36:26","date_gmt":"2021-09-22T16:36:26","guid":{"rendered":"http:\/\/www.hsmm.ce.gov.br\/?page_id=1056"},"modified":"2024-08-09T15:46:36","modified_gmt":"2024-08-09T18:46:36","slug":"unidade-de-desintoxicacao","status":"publish","type":"page","link":"https:\/\/www.ce.gov.br\/hsm\/unidade-de-desintoxicacao\/","title":{"rendered":"Unidade de Desintoxica\u00e7\u00e3o"},"content":{"rendered":"<p>&nbsp;<\/p>\n<p style=\"text-align: justify\">Atende pessoas que desejam, de forma volunt\u00e1ria, tratar-se da depend\u00eancia de \u00e1lcool e de outras drogas. Ao dar entrada no hospital, o paciente \u00e9 acolhido pela equipe de enfermagem e recebe a orienta\u00e7\u00e3o de n\u00e3o fumar e conviver pacificamente. O per\u00edodo de interna\u00e7\u00e3o \u00e9 de 12 dias. Durante este tempo, \u00e9 acompanhado por especialistas como psiquiatras, psic\u00f3logos, enfermeiros, nutricionistas e assistentes sociais. O tratamento inclui uso de medicamentos e psicoterapia. Os pacientes tamb\u00e9m participam de rodas de conversa, leituras, reflex\u00f5es, terapias em grupo e individual.<\/p>\n","protected":false},"excerpt":{"rendered":"<p>&nbsp; Atende pessoas que desejam, de forma volunt\u00e1ria, tratar-se da depend\u00eancia de \u00e1lcool e de outras drogas. Ao dar entrada no hospital, o paciente \u00e9 acolhido pela equipe de enfermagem e recebe a orienta\u00e7\u00e3o de n\u00e3o fumar e conviver pacificamente. O per\u00edodo de interna\u00e7\u00e3o \u00e9 de 12 dias. Durante este tempo, \u00e9 acompanhado por especialistas [&hellip;]<\/p>\n","protected":false},"author":498,"featured_media":0,"parent":0,"menu_order":0,"comment_status":"closed","ping_status":"closed","template":"","meta":{"_acf_changed":false,"inline_featured_image":false,"footnotes":""},"class_list":["post-1056","page","type-page","status-publish","hentry"],"acf":[],"yoast_head":"<!-- This site is optimized with the Yoast SEO plugin v27.3 - https:\/\/yoast.com\/product\/yoast-seo-wordpress\/ -->\n<title>Unidade de Desintoxica\u00e7\u00e3o - HSM<\/title>\n<meta name=\"robots\" content=\"index, follow, max-snippet:-1, max-image-preview:large, max-video-preview:-1\" \/>\n<link rel=\"canonical\" href=\"https:\/\/ww16.ce.gov.br\/hsm\/unidade-de-desintoxicacao\/\" \/>\n<meta property=\"og:locale\" content=\"pt_BR\" \/>\n<meta property=\"og:type\" content=\"article\" \/>\n<meta property=\"og:title\" content=\"Unidade de Desintoxica\u00e7\u00e3o - HSM\" \/>\n<meta property=\"og:description\" content=\"&nbsp; Atende pessoas que desejam, de forma volunt\u00e1ria, tratar-se da depend\u00eancia de \u00e1lcool e de outras drogas. Ao dar entrada no hospital, o paciente \u00e9 acolhido pela equipe de enfermagem e recebe a orienta\u00e7\u00e3o de n\u00e3o fumar e conviver pacificamente. O per\u00edodo de interna\u00e7\u00e3o \u00e9 de 12 dias. Durante este tempo, \u00e9 acompanhado por especialistas [&hellip;]\" \/>\n<meta property=\"og:url\" content=\"https:\/\/ww16.ce.gov.br\/hsm\/unidade-de-desintoxicacao\/\" \/>\n<meta property=\"og:site_name\" content=\"HSM\" \/>\n<meta property=\"article:modified_time\" content=\"2024-08-09T18:46:36+00:00\" \/>\n<meta name=\"twitter:card\" content=\"summary_large_image\" \/>\n<meta name=\"twitter:label1\" content=\"Est. reading time\" \/>\n\t<meta name=\"twitter:data1\" content=\"1 minuto\" \/>\n<script type=\"application\/ld+json\" class=\"yoast-schema-graph\">{\"@context\":\"https:\\\/\\\/schema.org\",\"@graph\":[{\"@type\":\"WebPage\",\"@id\":\"https:\\\/\\\/ww16.ce.gov.br\\\/hsm\\\/unidade-de-desintoxicacao\\\/\",\"url\":\"https:\\\/\\\/ww16.ce.gov.br\\\/hsm\\\/unidade-de-desintoxicacao\\\/\",\"name\":\"Unidade de Desintoxica\u00e7\u00e3o - HSM\",\"isPartOf\":{\"@id\":\"https:\\\/\\\/ww16.ce.gov.br\\\/hsm\\\/#website\"},\"datePublished\":\"2021-09-22T16:36:26+00:00\",\"dateModified\":\"2024-08-09T18:46:36+00:00\",\"breadcrumb\":{\"@id\":\"https:\\\/\\\/ww16.ce.gov.br\\\/hsm\\\/unidade-de-desintoxicacao\\\/#breadcrumb\"},\"inLanguage\":\"pt-BR\",\"potentialAction\":[{\"@type\":\"ReadAction\",\"target\":[\"https:\\\/\\\/ww16.ce.gov.br\\\/hsm\\\/unidade-de-desintoxicacao\\\/\"]}]},{\"@type\":\"BreadcrumbList\",\"@id\":\"https:\\\/\\\/ww16.ce.gov.br\\\/hsm\\\/unidade-de-desintoxicacao\\\/#breadcrumb\",\"itemListElement\":[{\"@type\":\"ListItem\",\"position\":1,\"name\":\"In\u00edcio\",\"item\":\"https:\\\/\\\/ww16.ce.gov.br\\\/hsm\\\/\"},{\"@type\":\"ListItem\",\"position\":2,\"name\":\"Unidade de Desintoxica\u00e7\u00e3o\"}]},{\"@type\":\"WebSite\",\"@id\":\"https:\\\/\\\/ww16.ce.gov.br\\\/hsm\\\/#website\",\"url\":\"https:\\\/\\\/ww16.ce.gov.br\\\/hsm\\\/\",\"name\":\"HSM\",\"description\":\"Portal HSM\",\"potentialAction\":[{\"@type\":\"SearchAction\",\"target\":{\"@type\":\"EntryPoint\",\"urlTemplate\":\"https:\\\/\\\/ww16.ce.gov.br\\\/hsm\\\/?s={search_term_string}\"},\"query-input\":{\"@type\":\"PropertyValueSpecification\",\"valueRequired\":true,\"valueName\":\"search_term_string\"}}],\"inLanguage\":\"pt-BR\"}]}<\/script>\n<!-- \/ Yoast SEO plugin. -->","yoast_head_json":{"title":"Unidade de Desintoxica\u00e7\u00e3o - HSM","robots":{"index":"index","follow":"follow","max-snippet":"max-snippet:-1","max-image-preview":"max-image-preview:large","max-video-preview":"max-video-preview:-1"},"canonical":"https:\/\/ww16.ce.gov.br\/hsm\/unidade-de-desintoxicacao\/","og_locale":"pt_BR","og_type":"article","og_title":"Unidade de Desintoxica\u00e7\u00e3o - HSM","og_description":"&nbsp; Atende pessoas que desejam, de forma volunt\u00e1ria, tratar-se da depend\u00eancia de \u00e1lcool e de outras drogas. Ao dar entrada no hospital, o paciente \u00e9 acolhido pela equipe de enfermagem e recebe a orienta\u00e7\u00e3o de n\u00e3o fumar e conviver pacificamente. O per\u00edodo de interna\u00e7\u00e3o \u00e9 de 12 dias. Durante este tempo, \u00e9 acompanhado por especialistas [&hellip;]","og_url":"https:\/\/ww16.ce.gov.br\/hsm\/unidade-de-desintoxicacao\/","og_site_name":"HSM","article_modified_time":"2024-08-09T18:46:36+00:00","twitter_card":"summary_large_image","twitter_misc":{"Est. reading time":"1 minuto"},"schema":{"@context":"https:\/\/schema.org","@graph":[{"@type":"WebPage","@id":"https:\/\/ww16.ce.gov.br\/hsm\/unidade-de-desintoxicacao\/","url":"https:\/\/ww16.ce.gov.br\/hsm\/unidade-de-desintoxicacao\/","name":"Unidade de Desintoxica\u00e7\u00e3o - HSM","isPartOf":{"@id":"https:\/\/ww16.ce.gov.br\/hsm\/#website"},"datePublished":"2021-09-22T16:36:26+00:00","dateModified":"2024-08-09T18:46:36+00:00","breadcrumb":{"@id":"https:\/\/ww16.ce.gov.br\/hsm\/unidade-de-desintoxicacao\/#breadcrumb"},"inLanguage":"pt-BR","potentialAction":[{"@type":"ReadAction","target":["https:\/\/ww16.ce.gov.br\/hsm\/unidade-de-desintoxicacao\/"]}]},{"@type":"BreadcrumbList","@id":"https:\/\/ww16.ce.gov.br\/hsm\/unidade-de-desintoxicacao\/#breadcrumb","itemListElement":[{"@type":"ListItem","position":1,"name":"In\u00edcio","item":"https:\/\/ww16.ce.gov.br\/hsm\/"},{"@type":"ListItem","position":2,"name":"Unidade de Desintoxica\u00e7\u00e3o"}]},{"@type":"WebSite","@id":"https:\/\/ww16.ce.gov.br\/hsm\/#website","url":"https:\/\/ww16.ce.gov.br\/hsm\/","name":"HSM","description":"Portal HSM","potentialAction":[{"@type":"SearchAction","target":{"@type":"EntryPoint","urlTemplate":"https:\/\/ww16.ce.gov.br\/hsm\/?s={search_term_string}"},"query-input":{"@type":"PropertyValueSpecification","valueRequired":true,"valueName":"search_term_string"}}],"inLanguage":"pt-BR"}]}},"_links":{"self":[{"href":"https:\/\/www.ce.gov.br\/hsm\/wp-json\/wp\/v2\/pages\/1056","targetHints":{"allow":["GET"]}}],"collection":[{"href":"https:\/\/www.ce.gov.br\/hsm\/wp-json\/wp\/v2\/pages"}],"about":[{"href":"https:\/\/www.ce.gov.br\/hsm\/wp-json\/wp\/v2\/types\/page"}],"author":[{"embeddable":true,"href":"https:\/\/www.ce.gov.br\/hsm\/wp-json\/wp\/v2\/users\/498"}],"replies":[{"embeddable":true,"href":"https:\/\/www.ce.gov.br\/hsm\/wp-json\/wp\/v2\/comments?post=1056"}],"version-history":[{"count":3,"href":"https:\/\/www.ce.gov.br\/hsm\/wp-json\/wp\/v2\/pages\/1056\/revisions"}],"predecessor-version":[{"id":2458,"href":"https:\/\/www.ce.gov.br\/hsm\/wp-json\/wp\/v2\/pages\/1056\/revisions\/2458"}],"wp:attachment":[{"href":"https:\/\/www.ce.gov.br\/hsm\/wp-json\/wp\/v2\/media?parent=1056"}],"curies":[{"name":"wp","href":"https:\/\/api.w.org\/{rel}","templated":true}]}}