{"id":1058,"date":"2021-09-22T13:39:06","date_gmt":"2021-09-22T16:39:06","guid":{"rendered":"http:\/\/www.hsmm.ce.gov.br\/?page_id=1058"},"modified":"2021-10-22T09:16:40","modified_gmt":"2021-10-22T12:16:40","slug":"hospital-dia-elo-de-vida","status":"publish","type":"page","link":"https:\/\/www.ce.gov.br\/hsm\/hospital-dia-elo-de-vida\/","title":{"rendered":"Hospital Dia Elo de Vida"},"content":{"rendered":"<p>&nbsp;<\/p>\n<p style=\"text-align: justify\">Servi\u00e7o do HSM direcionado a adultos, usu\u00e1rios de \u00e1lcool e de outras subst\u00e2ncias que desejam buscar tratamento. O programa prev\u00ea a participa\u00e7\u00e3o dos familiares, como condi\u00e7\u00e3o para a recupera\u00e7\u00e3o e reintegra\u00e7\u00e3o s\u00f3cio-familiar. O per\u00edodo de tratamento \u00e9 de cinco meses, no m\u00ednimo, podendo ser prorrogado. O paciente fica no hospital de segunda a sexta-feira, das 8h \u00e0s 17h, retornando para sua resid\u00eancia no final do dia. Diversas atividades s\u00e3o realizadas no Elo de Vida. Al\u00e9m do acompanhamento com psic\u00f3logos, psiquiatras, terapeutas ocupacionais e assistentes sociais, os pacientes tamb\u00e9m participam de atividades esportivas, artesanais, musicoterapia, celebra\u00e7\u00f5es de datas comemorativas, passeios e cursos profissionalizantes desenvolvidos com institui\u00e7\u00f5es parceiras.<\/p>\n","protected":false},"excerpt":{"rendered":"<p>&nbsp; Servi\u00e7o do HSM direcionado a adultos, usu\u00e1rios de \u00e1lcool e de outras subst\u00e2ncias que desejam buscar tratamento. O programa prev\u00ea a participa\u00e7\u00e3o dos familiares, como condi\u00e7\u00e3o para a recupera\u00e7\u00e3o e reintegra\u00e7\u00e3o s\u00f3cio-familiar. O per\u00edodo de tratamento \u00e9 de cinco meses, no m\u00ednimo, podendo ser prorrogado. O paciente fica no hospital de segunda a sexta-feira, [&hellip;]<\/p>\n","protected":false},"author":498,"featured_media":0,"parent":0,"menu_order":0,"comment_status":"closed","ping_status":"closed","template":"","meta":{"_acf_changed":false,"inline_featured_image":false,"footnotes":""},"class_list":["post-1058","page","type-page","status-publish","hentry"],"acf":[],"yoast_head":"<!-- This site is optimized with the Yoast SEO plugin v27.3 - https:\/\/yoast.com\/product\/yoast-seo-wordpress\/ -->\n<title>Hospital Dia Elo de Vida - HSM<\/title>\n<meta name=\"robots\" content=\"index, follow, max-snippet:-1, max-image-preview:large, max-video-preview:-1\" \/>\n<link rel=\"canonical\" href=\"https:\/\/ww16.ce.gov.br\/hsm\/hospital-dia-elo-de-vida\/\" \/>\n<meta property=\"og:locale\" content=\"pt_BR\" \/>\n<meta property=\"og:type\" content=\"article\" \/>\n<meta property=\"og:title\" content=\"Hospital Dia Elo de Vida - HSM\" \/>\n<meta property=\"og:description\" content=\"&nbsp; Servi\u00e7o do HSM direcionado a adultos, usu\u00e1rios de \u00e1lcool e de outras subst\u00e2ncias que desejam buscar tratamento. O programa prev\u00ea a participa\u00e7\u00e3o dos familiares, como condi\u00e7\u00e3o para a recupera\u00e7\u00e3o e reintegra\u00e7\u00e3o s\u00f3cio-familiar. O per\u00edodo de tratamento \u00e9 de cinco meses, no m\u00ednimo, podendo ser prorrogado. O paciente fica no hospital de segunda a sexta-feira, [&hellip;]\" \/>\n<meta property=\"og:url\" content=\"https:\/\/ww16.ce.gov.br\/hsm\/hospital-dia-elo-de-vida\/\" \/>\n<meta property=\"og:site_name\" content=\"HSM\" \/>\n<meta property=\"article:modified_time\" content=\"2021-10-22T12:16:40+00:00\" \/>\n<meta name=\"twitter:card\" content=\"summary_large_image\" \/>\n<meta name=\"twitter:label1\" content=\"Est. reading time\" \/>\n\t<meta name=\"twitter:data1\" content=\"1 minuto\" \/>\n<script type=\"application\/ld+json\" class=\"yoast-schema-graph\">{\"@context\":\"https:\\\/\\\/schema.org\",\"@graph\":[{\"@type\":\"WebPage\",\"@id\":\"https:\\\/\\\/ww16.ce.gov.br\\\/hsm\\\/hospital-dia-elo-de-vida\\\/\",\"url\":\"https:\\\/\\\/ww16.ce.gov.br\\\/hsm\\\/hospital-dia-elo-de-vida\\\/\",\"name\":\"Hospital Dia Elo de Vida - HSM\",\"isPartOf\":{\"@id\":\"https:\\\/\\\/ww16.ce.gov.br\\\/hsm\\\/#website\"},\"datePublished\":\"2021-09-22T16:39:06+00:00\",\"dateModified\":\"2021-10-22T12:16:40+00:00\",\"breadcrumb\":{\"@id\":\"https:\\\/\\\/ww16.ce.gov.br\\\/hsm\\\/hospital-dia-elo-de-vida\\\/#breadcrumb\"},\"inLanguage\":\"pt-BR\",\"potentialAction\":[{\"@type\":\"ReadAction\",\"target\":[\"https:\\\/\\\/ww16.ce.gov.br\\\/hsm\\\/hospital-dia-elo-de-vida\\\/\"]}]},{\"@type\":\"BreadcrumbList\",\"@id\":\"https:\\\/\\\/ww16.ce.gov.br\\\/hsm\\\/hospital-dia-elo-de-vida\\\/#breadcrumb\",\"itemListElement\":[{\"@type\":\"ListItem\",\"position\":1,\"name\":\"In\u00edcio\",\"item\":\"https:\\\/\\\/ww16.ce.gov.br\\\/hsm\\\/\"},{\"@type\":\"ListItem\",\"position\":2,\"name\":\"Hospital Dia Elo de Vida\"}]},{\"@type\":\"WebSite\",\"@id\":\"https:\\\/\\\/ww16.ce.gov.br\\\/hsm\\\/#website\",\"url\":\"https:\\\/\\\/ww16.ce.gov.br\\\/hsm\\\/\",\"name\":\"HSM\",\"description\":\"Portal HSM\",\"potentialAction\":[{\"@type\":\"SearchAction\",\"target\":{\"@type\":\"EntryPoint\",\"urlTemplate\":\"https:\\\/\\\/ww16.ce.gov.br\\\/hsm\\\/?s={search_term_string}\"},\"query-input\":{\"@type\":\"PropertyValueSpecification\",\"valueRequired\":true,\"valueName\":\"search_term_string\"}}],\"inLanguage\":\"pt-BR\"}]}<\/script>\n<!-- \/ Yoast SEO plugin. -->","yoast_head_json":{"title":"Hospital Dia Elo de Vida - HSM","robots":{"index":"index","follow":"follow","max-snippet":"max-snippet:-1","max-image-preview":"max-image-preview:large","max-video-preview":"max-video-preview:-1"},"canonical":"https:\/\/ww16.ce.gov.br\/hsm\/hospital-dia-elo-de-vida\/","og_locale":"pt_BR","og_type":"article","og_title":"Hospital Dia Elo de Vida - HSM","og_description":"&nbsp; Servi\u00e7o do HSM direcionado a adultos, usu\u00e1rios de \u00e1lcool e de outras subst\u00e2ncias que desejam buscar tratamento. O programa prev\u00ea a participa\u00e7\u00e3o dos familiares, como condi\u00e7\u00e3o para a recupera\u00e7\u00e3o e reintegra\u00e7\u00e3o s\u00f3cio-familiar. O per\u00edodo de tratamento \u00e9 de cinco meses, no m\u00ednimo, podendo ser prorrogado. O paciente fica no hospital de segunda a sexta-feira, [&hellip;]","og_url":"https:\/\/ww16.ce.gov.br\/hsm\/hospital-dia-elo-de-vida\/","og_site_name":"HSM","article_modified_time":"2021-10-22T12:16:40+00:00","twitter_card":"summary_large_image","twitter_misc":{"Est. reading time":"1 minuto"},"schema":{"@context":"https:\/\/schema.org","@graph":[{"@type":"WebPage","@id":"https:\/\/ww16.ce.gov.br\/hsm\/hospital-dia-elo-de-vida\/","url":"https:\/\/ww16.ce.gov.br\/hsm\/hospital-dia-elo-de-vida\/","name":"Hospital Dia Elo de Vida - HSM","isPartOf":{"@id":"https:\/\/ww16.ce.gov.br\/hsm\/#website"},"datePublished":"2021-09-22T16:39:06+00:00","dateModified":"2021-10-22T12:16:40+00:00","breadcrumb":{"@id":"https:\/\/ww16.ce.gov.br\/hsm\/hospital-dia-elo-de-vida\/#breadcrumb"},"inLanguage":"pt-BR","potentialAction":[{"@type":"ReadAction","target":["https:\/\/ww16.ce.gov.br\/hsm\/hospital-dia-elo-de-vida\/"]}]},{"@type":"BreadcrumbList","@id":"https:\/\/ww16.ce.gov.br\/hsm\/hospital-dia-elo-de-vida\/#breadcrumb","itemListElement":[{"@type":"ListItem","position":1,"name":"In\u00edcio","item":"https:\/\/ww16.ce.gov.br\/hsm\/"},{"@type":"ListItem","position":2,"name":"Hospital Dia Elo de Vida"}]},{"@type":"WebSite","@id":"https:\/\/ww16.ce.gov.br\/hsm\/#website","url":"https:\/\/ww16.ce.gov.br\/hsm\/","name":"HSM","description":"Portal HSM","potentialAction":[{"@type":"SearchAction","target":{"@type":"EntryPoint","urlTemplate":"https:\/\/ww16.ce.gov.br\/hsm\/?s={search_term_string}"},"query-input":{"@type":"PropertyValueSpecification","valueRequired":true,"valueName":"search_term_string"}}],"inLanguage":"pt-BR"}]}},"_links":{"self":[{"href":"https:\/\/www.ce.gov.br\/hsm\/wp-json\/wp\/v2\/pages\/1058","targetHints":{"allow":["GET"]}}],"collection":[{"href":"https:\/\/www.ce.gov.br\/hsm\/wp-json\/wp\/v2\/pages"}],"about":[{"href":"https:\/\/www.ce.gov.br\/hsm\/wp-json\/wp\/v2\/types\/page"}],"author":[{"embeddable":true,"href":"https:\/\/www.ce.gov.br\/hsm\/wp-json\/wp\/v2\/users\/498"}],"replies":[{"embeddable":true,"href":"https:\/\/www.ce.gov.br\/hsm\/wp-json\/wp\/v2\/comments?post=1058"}],"version-history":[{"count":2,"href":"https:\/\/www.ce.gov.br\/hsm\/wp-json\/wp\/v2\/pages\/1058\/revisions"}],"predecessor-version":[{"id":1252,"href":"https:\/\/www.ce.gov.br\/hsm\/wp-json\/wp\/v2\/pages\/1058\/revisions\/1252"}],"wp:attachment":[{"href":"https:\/\/www.ce.gov.br\/hsm\/wp-json\/wp\/v2\/media?parent=1058"}],"curies":[{"name":"wp","href":"https:\/\/api.w.org\/{rel}","templated":true}]}}