{"id":1118,"date":"2021-09-28T09:46:40","date_gmt":"2021-09-28T12:46:40","guid":{"rendered":"http:\/\/www.hsmm.ce.gov.br\/?page_id=1118"},"modified":"2026-05-11T11:40:11","modified_gmt":"2026-05-11T14:40:11","slug":"centro-de-estudos","status":"publish","type":"page","link":"https:\/\/www.ce.gov.br\/hsm\/centro-de-estudos\/","title":{"rendered":"Centro de Estudos, Aperfei\u00e7oamento e Pesquisa"},"content":{"rendered":"<div>\n<p><strong>Centro de Estudos, Aperfei\u00e7oamento e Pesquisa<\/strong><\/p>\n<p>O Centro de Estudos, Aperfei\u00e7oamento e Pesquisa do Hospital de Sa\u00fade Mental Professor Frota Pinto \u00e9 um \u00f3rg\u00e3o colegiado, deliberativo e permanente que tem como objetivo promover, coordenar e divulgar as atividades t\u00e9cnico-cient\u00edfico-culturais, bem como promover o ensino e a pesquisa desenvolvidos no hospital, com vistas \u00e0 forma\u00e7\u00e3o e ao aperfei\u00e7oamento dos profissionais e estudantes em atividades no hospital.<\/p>\n<p>A unidade desenvolve programas de resid\u00eancia m\u00e9dica e multiprofissional, al\u00e9m de oferecer internato e est\u00e1gios curriculares. Atualmente, conta com tr\u00eas programas de resid\u00eancia m\u00e9dica e um programa de resid\u00eancia multiprofissional, que abrange as \u00e1reas de enfermagem, farm\u00e1cia, nutri\u00e7\u00e3o, psicologia e servi\u00e7o social.<\/p>\n<p><b>Equipe t\u00e9cnica<\/b><\/p>\n<p><b>Presid\u00eancia<\/b><br \/>\nRafaela Tavares Pessoa<b><br \/>\n<\/b><b>Vice-Presid\u00eancia<\/b><\/p>\n<div>Joel Porfirio Pinto<\/div>\n<div>\n<div><\/div>\n<div><b>Coordena\u00e7\u00e3o do N\u00facleo de Educa\u00e7\u00e3o Permanente<\/b><\/div>\n<div>Daniele Cajaseiras Matos<\/div>\n<div>\n<div><\/div>\n<div><b>Coordena\u00e7\u00e3o de Pesquisa<\/b><\/div>\n<div>Ticihana Ribeiro de Oliveira<\/div>\n<\/div>\n<p><b><\/b><\/div>\n<div><\/div>\n<div><b>Coordena\u00e7\u00e3o do Internato<\/b><\/div>\n<div>Mayra Thays Gon\u00e7alves Cruz Macedo Quental\u00a0 \u00a0 \u00a0 \u00a0 \u00a0\u00a0<b>\u00a0 \u00a0 \u00a0 \u00a0 \u00a0 \u00a0 \u00a0 \u00a0 \u00a0 \u00a0 \u00a0\u00a0<\/b><b><br \/>\n<\/b><b><\/b><\/div>\n<div><\/div>\n<div><b>Coordena\u00e7\u00e3o da Comiss\u00e3o de Est\u00e1gios<\/b><\/div>\n<div>Luisa Cordeiro Studart Gurgel<\/div>\n<div>\n<div><\/div>\n<div><b>Coordena\u00e7\u00e3o da COREME<\/b><\/div>\n<div>Alexandre Menezes Sampaio<br \/>\n<b><\/b><\/div>\n<div><\/div>\n<div><b>Coordena\u00e7\u00e3o RESMULTI<\/b><br \/>\nSamara Naiane de Souza Nascimento<\/div>\n<p><b><\/b><\/div>\n<div><\/div>\n<div><b>Tesouraria<\/b><\/div>\n<div>Juliana Pereira Queiros<b><br \/>\n<\/b><\/div>\n<div><\/div>\n<div><b>S<\/b><b>ecret\u00e1ria Geral<\/b><\/div>\n<div>Sara Alves Barbosa<\/div>\n<p style=\"text-align: justify\">\n<\/div>\n","protected":false},"excerpt":{"rendered":"<p>Centro de Estudos, Aperfei\u00e7oamento e Pesquisa O Centro de Estudos, Aperfei\u00e7oamento e Pesquisa do Hospital de Sa\u00fade Mental Professor Frota Pinto \u00e9 um \u00f3rg\u00e3o colegiado, deliberativo e permanente que tem como objetivo promover, coordenar e divulgar as atividades t\u00e9cnico-cient\u00edfico-culturais, bem como promover o ensino e a pesquisa desenvolvidos no hospital, com vistas \u00e0 forma\u00e7\u00e3o e [&hellip;]<\/p>\n","protected":false},"author":498,"featured_media":0,"parent":0,"menu_order":0,"comment_status":"closed","ping_status":"closed","template":"","meta":{"_acf_changed":false,"inline_featured_image":false,"footnotes":""},"class_list":["post-1118","page","type-page","status-publish","hentry"],"acf":[],"yoast_head":"<!-- This site is optimized with the Yoast SEO plugin v27.3 - https:\/\/yoast.com\/product\/yoast-seo-wordpress\/ -->\n<title>Centro de Estudos, Aperfei\u00e7oamento e Pesquisa - HSM<\/title>\n<meta name=\"robots\" content=\"index, follow, max-snippet:-1, max-image-preview:large, max-video-preview:-1\" \/>\n<link rel=\"canonical\" href=\"https:\/\/ww16.ce.gov.br\/hsm\/centro-de-estudos\/\" \/>\n<meta property=\"og:locale\" content=\"pt_BR\" \/>\n<meta property=\"og:type\" content=\"article\" \/>\n<meta property=\"og:title\" content=\"Centro de Estudos, Aperfei\u00e7oamento e Pesquisa - HSM\" \/>\n<meta property=\"og:description\" content=\"Centro de Estudos, Aperfei\u00e7oamento e Pesquisa O Centro de Estudos, Aperfei\u00e7oamento e Pesquisa do Hospital de Sa\u00fade Mental Professor Frota Pinto \u00e9 um \u00f3rg\u00e3o colegiado, deliberativo e permanente que tem como objetivo promover, coordenar e divulgar as atividades t\u00e9cnico-cient\u00edfico-culturais, bem como promover o ensino e a pesquisa desenvolvidos no hospital, com vistas \u00e0 forma\u00e7\u00e3o e [&hellip;]\" \/>\n<meta property=\"og:url\" content=\"https:\/\/ww16.ce.gov.br\/hsm\/centro-de-estudos\/\" \/>\n<meta property=\"og:site_name\" content=\"HSM\" \/>\n<meta property=\"article:modified_time\" content=\"2026-05-11T14:40:11+00:00\" \/>\n<meta name=\"twitter:card\" content=\"summary_large_image\" \/>\n<meta name=\"twitter:label1\" content=\"Est. reading time\" \/>\n\t<meta name=\"twitter:data1\" content=\"1 minuto\" \/>\n<script type=\"application\/ld+json\" class=\"yoast-schema-graph\">{\"@context\":\"https:\\\/\\\/schema.org\",\"@graph\":[{\"@type\":\"WebPage\",\"@id\":\"https:\\\/\\\/ww16.ce.gov.br\\\/hsm\\\/centro-de-estudos\\\/\",\"url\":\"https:\\\/\\\/ww16.ce.gov.br\\\/hsm\\\/centro-de-estudos\\\/\",\"name\":\"Centro de Estudos, Aperfei\u00e7oamento e Pesquisa - HSM\",\"isPartOf\":{\"@id\":\"https:\\\/\\\/ww16.ce.gov.br\\\/hsm\\\/#website\"},\"datePublished\":\"2021-09-28T12:46:40+00:00\",\"dateModified\":\"2026-05-11T14:40:11+00:00\",\"breadcrumb\":{\"@id\":\"https:\\\/\\\/ww16.ce.gov.br\\\/hsm\\\/centro-de-estudos\\\/#breadcrumb\"},\"inLanguage\":\"pt-BR\",\"potentialAction\":[{\"@type\":\"ReadAction\",\"target\":[\"https:\\\/\\\/ww16.ce.gov.br\\\/hsm\\\/centro-de-estudos\\\/\"]}]},{\"@type\":\"BreadcrumbList\",\"@id\":\"https:\\\/\\\/ww16.ce.gov.br\\\/hsm\\\/centro-de-estudos\\\/#breadcrumb\",\"itemListElement\":[{\"@type\":\"ListItem\",\"position\":1,\"name\":\"In\u00edcio\",\"item\":\"https:\\\/\\\/ww16.ce.gov.br\\\/hsm\\\/\"},{\"@type\":\"ListItem\",\"position\":2,\"name\":\"Centro de Estudos, Aperfei\u00e7oamento e Pesquisa\"}]},{\"@type\":\"WebSite\",\"@id\":\"https:\\\/\\\/ww16.ce.gov.br\\\/hsm\\\/#website\",\"url\":\"https:\\\/\\\/ww16.ce.gov.br\\\/hsm\\\/\",\"name\":\"HSM\",\"description\":\"Portal HSM\",\"potentialAction\":[{\"@type\":\"SearchAction\",\"target\":{\"@type\":\"EntryPoint\",\"urlTemplate\":\"https:\\\/\\\/ww16.ce.gov.br\\\/hsm\\\/?s={search_term_string}\"},\"query-input\":{\"@type\":\"PropertyValueSpecification\",\"valueRequired\":true,\"valueName\":\"search_term_string\"}}],\"inLanguage\":\"pt-BR\"}]}<\/script>\n<!-- \/ Yoast SEO plugin. -->","yoast_head_json":{"title":"Centro de Estudos, Aperfei\u00e7oamento e Pesquisa - HSM","robots":{"index":"index","follow":"follow","max-snippet":"max-snippet:-1","max-image-preview":"max-image-preview:large","max-video-preview":"max-video-preview:-1"},"canonical":"https:\/\/ww16.ce.gov.br\/hsm\/centro-de-estudos\/","og_locale":"pt_BR","og_type":"article","og_title":"Centro de Estudos, Aperfei\u00e7oamento e Pesquisa - HSM","og_description":"Centro de Estudos, Aperfei\u00e7oamento e Pesquisa O Centro de Estudos, Aperfei\u00e7oamento e Pesquisa do Hospital de Sa\u00fade Mental Professor Frota Pinto \u00e9 um \u00f3rg\u00e3o colegiado, deliberativo e permanente que tem como objetivo promover, coordenar e divulgar as atividades t\u00e9cnico-cient\u00edfico-culturais, bem como promover o ensino e a pesquisa desenvolvidos no hospital, com vistas \u00e0 forma\u00e7\u00e3o e [&hellip;]","og_url":"https:\/\/ww16.ce.gov.br\/hsm\/centro-de-estudos\/","og_site_name":"HSM","article_modified_time":"2026-05-11T14:40:11+00:00","twitter_card":"summary_large_image","twitter_misc":{"Est. reading time":"1 minuto"},"schema":{"@context":"https:\/\/schema.org","@graph":[{"@type":"WebPage","@id":"https:\/\/ww16.ce.gov.br\/hsm\/centro-de-estudos\/","url":"https:\/\/ww16.ce.gov.br\/hsm\/centro-de-estudos\/","name":"Centro de Estudos, Aperfei\u00e7oamento e Pesquisa - HSM","isPartOf":{"@id":"https:\/\/ww16.ce.gov.br\/hsm\/#website"},"datePublished":"2021-09-28T12:46:40+00:00","dateModified":"2026-05-11T14:40:11+00:00","breadcrumb":{"@id":"https:\/\/ww16.ce.gov.br\/hsm\/centro-de-estudos\/#breadcrumb"},"inLanguage":"pt-BR","potentialAction":[{"@type":"ReadAction","target":["https:\/\/ww16.ce.gov.br\/hsm\/centro-de-estudos\/"]}]},{"@type":"BreadcrumbList","@id":"https:\/\/ww16.ce.gov.br\/hsm\/centro-de-estudos\/#breadcrumb","itemListElement":[{"@type":"ListItem","position":1,"name":"In\u00edcio","item":"https:\/\/ww16.ce.gov.br\/hsm\/"},{"@type":"ListItem","position":2,"name":"Centro de Estudos, Aperfei\u00e7oamento e Pesquisa"}]},{"@type":"WebSite","@id":"https:\/\/ww16.ce.gov.br\/hsm\/#website","url":"https:\/\/ww16.ce.gov.br\/hsm\/","name":"HSM","description":"Portal HSM","potentialAction":[{"@type":"SearchAction","target":{"@type":"EntryPoint","urlTemplate":"https:\/\/ww16.ce.gov.br\/hsm\/?s={search_term_string}"},"query-input":{"@type":"PropertyValueSpecification","valueRequired":true,"valueName":"search_term_string"}}],"inLanguage":"pt-BR"}]}},"_links":{"self":[{"href":"https:\/\/www.ce.gov.br\/hsm\/wp-json\/wp\/v2\/pages\/1118","targetHints":{"allow":["GET"]}}],"collection":[{"href":"https:\/\/www.ce.gov.br\/hsm\/wp-json\/wp\/v2\/pages"}],"about":[{"href":"https:\/\/www.ce.gov.br\/hsm\/wp-json\/wp\/v2\/types\/page"}],"author":[{"embeddable":true,"href":"https:\/\/www.ce.gov.br\/hsm\/wp-json\/wp\/v2\/users\/498"}],"replies":[{"embeddable":true,"href":"https:\/\/www.ce.gov.br\/hsm\/wp-json\/wp\/v2\/comments?post=1118"}],"version-history":[{"count":22,"href":"https:\/\/www.ce.gov.br\/hsm\/wp-json\/wp\/v2\/pages\/1118\/revisions"}],"predecessor-version":[{"id":3346,"href":"https:\/\/www.ce.gov.br\/hsm\/wp-json\/wp\/v2\/pages\/1118\/revisions\/3346"}],"wp:attachment":[{"href":"https:\/\/www.ce.gov.br\/hsm\/wp-json\/wp\/v2\/media?parent=1118"}],"curies":[{"name":"wp","href":"https:\/\/api.w.org\/{rel}","templated":true}]}}