{"id":1147,"date":"2021-09-30T09:27:13","date_gmt":"2021-09-30T12:27:13","guid":{"rendered":"http:\/\/www.hsmm.ce.gov.br\/?page_id=1147"},"modified":"2021-10-22T09:31:25","modified_gmt":"2021-10-22T12:31:25","slug":"servico-de-atendimento-domiciliar-sad","status":"publish","type":"page","link":"https:\/\/www.ce.gov.br\/hsm\/servico-de-atendimento-domiciliar-sad\/","title":{"rendered":"Servi\u00e7o de atendimento Domiciliar (SAD)"},"content":{"rendered":"<p>&nbsp;<\/p>\n<p style=\"font-weight: 400\">O Servi\u00e7o de Atendimento Domiciliar (SAD) do HSM \u00e9\u00a0formado por m\u00e9dico psiquiatra, psic\u00f3logo, enfermeiro, assistente social e terapeuta ocupacional, o que torna o atendimento mais humanizado aos pacientes e familiares.<\/p>\n<p>&nbsp;<\/p>\n<p style=\"font-weight: 400\"><strong>Crit\u00e9rios de inclus\u00e3o<\/strong><\/p>\n<p style=\"font-weight: 400\">Para ser inserido no\u00a0SAD\u00a0do HSM alguns crit\u00e9rios s\u00e3o avaliados. \u00c9 necess\u00e1rio ser paciente do HSM com frequ\u00eancia de reinterna\u00e7\u00f5es; residir na capital; dispor de, pelo menos, um cuidador ou respons\u00e1vel que execute as orienta\u00e7\u00f5es necess\u00e1rias \u00e0 sa\u00fade do paciente; ser portador de transtorno mental cr\u00f4nico e n\u00e3o ser dependente de equipamento de monitoramento e sustenta\u00e7\u00e3o \u00e0 vida.<\/p>\n<p style=\"font-weight: 400\">\n","protected":false},"excerpt":{"rendered":"<p>&nbsp; O Servi\u00e7o de Atendimento Domiciliar (SAD) do HSM \u00e9\u00a0formado por m\u00e9dico psiquiatra, psic\u00f3logo, enfermeiro, assistente social e terapeuta ocupacional, o que torna o atendimento mais humanizado aos pacientes e familiares. &nbsp; Crit\u00e9rios de inclus\u00e3o Para ser inserido no\u00a0SAD\u00a0do HSM alguns crit\u00e9rios s\u00e3o avaliados. \u00c9 necess\u00e1rio ser paciente do HSM com frequ\u00eancia de reinterna\u00e7\u00f5es; residir [&hellip;]<\/p>\n","protected":false},"author":498,"featured_media":0,"parent":0,"menu_order":0,"comment_status":"closed","ping_status":"closed","template":"","meta":{"_acf_changed":false,"inline_featured_image":false,"footnotes":""},"class_list":["post-1147","page","type-page","status-publish","hentry"],"acf":[],"yoast_head":"<!-- This site is optimized with the Yoast SEO plugin v27.3 - https:\/\/yoast.com\/product\/yoast-seo-wordpress\/ -->\n<title>Servi\u00e7o de atendimento Domiciliar (SAD) - HSM<\/title>\n<meta name=\"robots\" content=\"index, follow, max-snippet:-1, max-image-preview:large, max-video-preview:-1\" \/>\n<link rel=\"canonical\" href=\"https:\/\/ww16.ce.gov.br\/hsm\/servico-de-atendimento-domiciliar-sad\/\" \/>\n<meta property=\"og:locale\" content=\"pt_BR\" \/>\n<meta property=\"og:type\" content=\"article\" \/>\n<meta property=\"og:title\" content=\"Servi\u00e7o de atendimento Domiciliar (SAD) - HSM\" \/>\n<meta property=\"og:description\" content=\"&nbsp; O Servi\u00e7o de Atendimento Domiciliar (SAD) do HSM \u00e9\u00a0formado por m\u00e9dico psiquiatra, psic\u00f3logo, enfermeiro, assistente social e terapeuta ocupacional, o que torna o atendimento mais humanizado aos pacientes e familiares. &nbsp; Crit\u00e9rios de inclus\u00e3o Para ser inserido no\u00a0SAD\u00a0do HSM alguns crit\u00e9rios s\u00e3o avaliados. \u00c9 necess\u00e1rio ser paciente do HSM com frequ\u00eancia de reinterna\u00e7\u00f5es; residir [&hellip;]\" \/>\n<meta property=\"og:url\" content=\"https:\/\/ww16.ce.gov.br\/hsm\/servico-de-atendimento-domiciliar-sad\/\" \/>\n<meta property=\"og:site_name\" content=\"HSM\" \/>\n<meta property=\"article:modified_time\" content=\"2021-10-22T12:31:25+00:00\" \/>\n<meta name=\"twitter:card\" content=\"summary_large_image\" \/>\n<meta name=\"twitter:label1\" content=\"Est. reading time\" \/>\n\t<meta name=\"twitter:data1\" content=\"1 minuto\" \/>\n<script type=\"application\/ld+json\" class=\"yoast-schema-graph\">{\"@context\":\"https:\\\/\\\/schema.org\",\"@graph\":[{\"@type\":\"WebPage\",\"@id\":\"https:\\\/\\\/ww16.ce.gov.br\\\/hsm\\\/servico-de-atendimento-domiciliar-sad\\\/\",\"url\":\"https:\\\/\\\/ww16.ce.gov.br\\\/hsm\\\/servico-de-atendimento-domiciliar-sad\\\/\",\"name\":\"Servi\u00e7o de atendimento Domiciliar (SAD) - HSM\",\"isPartOf\":{\"@id\":\"https:\\\/\\\/ww16.ce.gov.br\\\/hsm\\\/#website\"},\"datePublished\":\"2021-09-30T12:27:13+00:00\",\"dateModified\":\"2021-10-22T12:31:25+00:00\",\"breadcrumb\":{\"@id\":\"https:\\\/\\\/ww16.ce.gov.br\\\/hsm\\\/servico-de-atendimento-domiciliar-sad\\\/#breadcrumb\"},\"inLanguage\":\"pt-BR\",\"potentialAction\":[{\"@type\":\"ReadAction\",\"target\":[\"https:\\\/\\\/ww16.ce.gov.br\\\/hsm\\\/servico-de-atendimento-domiciliar-sad\\\/\"]}]},{\"@type\":\"BreadcrumbList\",\"@id\":\"https:\\\/\\\/ww16.ce.gov.br\\\/hsm\\\/servico-de-atendimento-domiciliar-sad\\\/#breadcrumb\",\"itemListElement\":[{\"@type\":\"ListItem\",\"position\":1,\"name\":\"In\u00edcio\",\"item\":\"https:\\\/\\\/ww16.ce.gov.br\\\/hsm\\\/\"},{\"@type\":\"ListItem\",\"position\":2,\"name\":\"Servi\u00e7o de atendimento Domiciliar (SAD)\"}]},{\"@type\":\"WebSite\",\"@id\":\"https:\\\/\\\/ww16.ce.gov.br\\\/hsm\\\/#website\",\"url\":\"https:\\\/\\\/ww16.ce.gov.br\\\/hsm\\\/\",\"name\":\"HSM\",\"description\":\"Portal HSM\",\"potentialAction\":[{\"@type\":\"SearchAction\",\"target\":{\"@type\":\"EntryPoint\",\"urlTemplate\":\"https:\\\/\\\/ww16.ce.gov.br\\\/hsm\\\/?s={search_term_string}\"},\"query-input\":{\"@type\":\"PropertyValueSpecification\",\"valueRequired\":true,\"valueName\":\"search_term_string\"}}],\"inLanguage\":\"pt-BR\"}]}<\/script>\n<!-- \/ Yoast SEO plugin. -->","yoast_head_json":{"title":"Servi\u00e7o de atendimento Domiciliar (SAD) - HSM","robots":{"index":"index","follow":"follow","max-snippet":"max-snippet:-1","max-image-preview":"max-image-preview:large","max-video-preview":"max-video-preview:-1"},"canonical":"https:\/\/ww16.ce.gov.br\/hsm\/servico-de-atendimento-domiciliar-sad\/","og_locale":"pt_BR","og_type":"article","og_title":"Servi\u00e7o de atendimento Domiciliar (SAD) - HSM","og_description":"&nbsp; O Servi\u00e7o de Atendimento Domiciliar (SAD) do HSM \u00e9\u00a0formado por m\u00e9dico psiquiatra, psic\u00f3logo, enfermeiro, assistente social e terapeuta ocupacional, o que torna o atendimento mais humanizado aos pacientes e familiares. &nbsp; Crit\u00e9rios de inclus\u00e3o Para ser inserido no\u00a0SAD\u00a0do HSM alguns crit\u00e9rios s\u00e3o avaliados. \u00c9 necess\u00e1rio ser paciente do HSM com frequ\u00eancia de reinterna\u00e7\u00f5es; residir [&hellip;]","og_url":"https:\/\/ww16.ce.gov.br\/hsm\/servico-de-atendimento-domiciliar-sad\/","og_site_name":"HSM","article_modified_time":"2021-10-22T12:31:25+00:00","twitter_card":"summary_large_image","twitter_misc":{"Est. reading time":"1 minuto"},"schema":{"@context":"https:\/\/schema.org","@graph":[{"@type":"WebPage","@id":"https:\/\/ww16.ce.gov.br\/hsm\/servico-de-atendimento-domiciliar-sad\/","url":"https:\/\/ww16.ce.gov.br\/hsm\/servico-de-atendimento-domiciliar-sad\/","name":"Servi\u00e7o de atendimento Domiciliar (SAD) - HSM","isPartOf":{"@id":"https:\/\/ww16.ce.gov.br\/hsm\/#website"},"datePublished":"2021-09-30T12:27:13+00:00","dateModified":"2021-10-22T12:31:25+00:00","breadcrumb":{"@id":"https:\/\/ww16.ce.gov.br\/hsm\/servico-de-atendimento-domiciliar-sad\/#breadcrumb"},"inLanguage":"pt-BR","potentialAction":[{"@type":"ReadAction","target":["https:\/\/ww16.ce.gov.br\/hsm\/servico-de-atendimento-domiciliar-sad\/"]}]},{"@type":"BreadcrumbList","@id":"https:\/\/ww16.ce.gov.br\/hsm\/servico-de-atendimento-domiciliar-sad\/#breadcrumb","itemListElement":[{"@type":"ListItem","position":1,"name":"In\u00edcio","item":"https:\/\/ww16.ce.gov.br\/hsm\/"},{"@type":"ListItem","position":2,"name":"Servi\u00e7o de atendimento Domiciliar (SAD)"}]},{"@type":"WebSite","@id":"https:\/\/ww16.ce.gov.br\/hsm\/#website","url":"https:\/\/ww16.ce.gov.br\/hsm\/","name":"HSM","description":"Portal HSM","potentialAction":[{"@type":"SearchAction","target":{"@type":"EntryPoint","urlTemplate":"https:\/\/ww16.ce.gov.br\/hsm\/?s={search_term_string}"},"query-input":{"@type":"PropertyValueSpecification","valueRequired":true,"valueName":"search_term_string"}}],"inLanguage":"pt-BR"}]}},"_links":{"self":[{"href":"https:\/\/www.ce.gov.br\/hsm\/wp-json\/wp\/v2\/pages\/1147","targetHints":{"allow":["GET"]}}],"collection":[{"href":"https:\/\/www.ce.gov.br\/hsm\/wp-json\/wp\/v2\/pages"}],"about":[{"href":"https:\/\/www.ce.gov.br\/hsm\/wp-json\/wp\/v2\/types\/page"}],"author":[{"embeddable":true,"href":"https:\/\/www.ce.gov.br\/hsm\/wp-json\/wp\/v2\/users\/498"}],"replies":[{"embeddable":true,"href":"https:\/\/www.ce.gov.br\/hsm\/wp-json\/wp\/v2\/comments?post=1147"}],"version-history":[{"count":4,"href":"https:\/\/www.ce.gov.br\/hsm\/wp-json\/wp\/v2\/pages\/1147\/revisions"}],"predecessor-version":[{"id":1266,"href":"https:\/\/www.ce.gov.br\/hsm\/wp-json\/wp\/v2\/pages\/1147\/revisions\/1266"}],"wp:attachment":[{"href":"https:\/\/www.ce.gov.br\/hsm\/wp-json\/wp\/v2\/media?parent=1147"}],"curies":[{"name":"wp","href":"https:\/\/api.w.org\/{rel}","templated":true}]}}