{"id":1154,"date":"2021-09-30T09:37:25","date_gmt":"2021-09-30T12:37:25","guid":{"rendered":"http:\/\/www.hsmm.ce.gov.br\/?page_id=1154"},"modified":"2026-02-25T14:14:18","modified_gmt":"2026-02-25T17:14:18","slug":"ambulatorios","status":"publish","type":"page","link":"https:\/\/www.ce.gov.br\/hsm\/ambulatorios\/","title":{"rendered":"Ambulat\u00f3rios"},"content":{"rendered":"<p style=\"text-align: justify\">Ambulat\u00f3rio Geral, N\u00facleo de Transtornos Ansiosos \u2013 NUTA; Transtornos da Sexualidade Humana \u2013 ATASH; Transtornos do Humor; Ambulat\u00f3rio da Primeira Crise; Ambulat\u00f3rio de Psicose de Dif\u00edcil Controle; Neuropsiquiatria; Neurologia; Psicogeriatria; N\u00facleo de Aten\u00e7\u00e3o a Inf\u00e2ncia e Adolesc\u00eancia \u2013 NAIA; Psicoterapia; N\u00facleo de atendimento a Paciente com esquizofrenia \u2013 NUESQ; Psicogeriatria Epilepsia; Ambulat\u00f3rio de Transtorno de Aten\u00e7\u00e3o e Impulsividade \u2013 ATAI;\u00a0 Primeiro Epis\u00f3dio Psic\u00f3tico &#8211; PEP ; \u00a0N\u00facleo do Transntorno do Espectro Autista &#8211; NUTEA; Ambulat\u00f3rio de Neurologia.<\/p>\n\n\n<p class=\"is-style-justified has-light-green-cyan-background-color has-background\">Nos ambulat\u00f3rios s\u00e3o atendidos os pacientes com transtornos mentais com diferentes diagn\u00f3sticos e graus de gravidade. Atualmente, a assist\u00eancia ambulatorial \u00e9 prestada pelos m\u00e9dicos que est\u00e3o se especializando em Psiquiatria, residentes do Hospital de Sa\u00fade Mental Professor Frota Pinto (HSM), sob a supervis\u00e3o de preceptores da Resid\u00eancia M\u00e9dica<\/p>\n\n\n\n<p><\/p>\n\n\n\n<div class=\"wp-block-cegovbr-titulo-personalizado cegovbr-titulo-personalizado\"><div class=\"cegovbr-titulo-header\"><span class=\"material-symbols-outlined cegovbr-titulo-icon\">star<\/span><h6 class=\"cegovbr-titulo-text\">T\u00edtulo Personalizado<\/h6><\/div><\/div>\n","protected":false},"excerpt":{"rendered":"<p>Ambulat\u00f3rio Geral, N\u00facleo de Transtornos Ansiosos \u2013 NUTA; Transtornos da Sexualidade Humana \u2013 ATASH; Transtornos do Humor; Ambulat\u00f3rio da Primeira Crise; Ambulat\u00f3rio de Psicose de Dif\u00edcil Controle; Neuropsiquiatria; Neurologia; Psicogeriatria; N\u00facleo de Aten\u00e7\u00e3o a Inf\u00e2ncia e Adolesc\u00eancia \u2013 NAIA; Psicoterapia; N\u00facleo de atendimento a Paciente com esquizofrenia \u2013 NUESQ; Psicogeriatria Epilepsia; Ambulat\u00f3rio de Transtorno de [&hellip;]<\/p>\n","protected":false},"author":498,"featured_media":0,"parent":0,"menu_order":0,"comment_status":"closed","ping_status":"closed","template":"","meta":{"_acf_changed":false,"inline_featured_image":false,"footnotes":""},"class_list":["post-1154","page","type-page","status-publish","hentry"],"acf":[],"yoast_head":"<!-- This site is optimized with the Yoast SEO plugin v27.3 - https:\/\/yoast.com\/product\/yoast-seo-wordpress\/ -->\n<title>Ambulat\u00f3rios - HSM<\/title>\n<meta name=\"robots\" content=\"index, follow, max-snippet:-1, max-image-preview:large, max-video-preview:-1\" \/>\n<link rel=\"canonical\" href=\"https:\/\/ww16.ce.gov.br\/hsm\/ambulatorios\/\" \/>\n<meta property=\"og:locale\" content=\"pt_BR\" \/>\n<meta property=\"og:type\" content=\"article\" \/>\n<meta property=\"og:title\" content=\"Ambulat\u00f3rios - HSM\" \/>\n<meta property=\"og:description\" content=\"Ambulat\u00f3rio Geral, N\u00facleo de Transtornos Ansiosos \u2013 NUTA; Transtornos da Sexualidade Humana \u2013 ATASH; Transtornos do Humor; Ambulat\u00f3rio da Primeira Crise; Ambulat\u00f3rio de Psicose de Dif\u00edcil Controle; Neuropsiquiatria; Neurologia; Psicogeriatria; N\u00facleo de Aten\u00e7\u00e3o a Inf\u00e2ncia e Adolesc\u00eancia \u2013 NAIA; Psicoterapia; N\u00facleo de atendimento a Paciente com esquizofrenia \u2013 NUESQ; Psicogeriatria Epilepsia; Ambulat\u00f3rio de Transtorno de [&hellip;]\" \/>\n<meta property=\"og:url\" content=\"https:\/\/ww16.ce.gov.br\/hsm\/ambulatorios\/\" \/>\n<meta property=\"og:site_name\" content=\"HSM\" \/>\n<meta property=\"article:modified_time\" content=\"2026-02-25T17:14:18+00:00\" \/>\n<meta name=\"twitter:card\" content=\"summary_large_image\" \/>\n<meta name=\"twitter:label1\" content=\"Est. reading time\" \/>\n\t<meta name=\"twitter:data1\" content=\"1 minuto\" \/>\n<script type=\"application\/ld+json\" class=\"yoast-schema-graph\">{\"@context\":\"https:\\\/\\\/schema.org\",\"@graph\":[{\"@type\":\"WebPage\",\"@id\":\"https:\\\/\\\/ww16.ce.gov.br\\\/hsm\\\/ambulatorios\\\/\",\"url\":\"https:\\\/\\\/ww16.ce.gov.br\\\/hsm\\\/ambulatorios\\\/\",\"name\":\"Ambulat\u00f3rios - HSM\",\"isPartOf\":{\"@id\":\"https:\\\/\\\/ww16.ce.gov.br\\\/hsm\\\/#website\"},\"datePublished\":\"2021-09-30T12:37:25+00:00\",\"dateModified\":\"2026-02-25T17:14:18+00:00\",\"breadcrumb\":{\"@id\":\"https:\\\/\\\/ww16.ce.gov.br\\\/hsm\\\/ambulatorios\\\/#breadcrumb\"},\"inLanguage\":\"pt-BR\",\"potentialAction\":[{\"@type\":\"ReadAction\",\"target\":[\"https:\\\/\\\/ww16.ce.gov.br\\\/hsm\\\/ambulatorios\\\/\"]}]},{\"@type\":\"BreadcrumbList\",\"@id\":\"https:\\\/\\\/ww16.ce.gov.br\\\/hsm\\\/ambulatorios\\\/#breadcrumb\",\"itemListElement\":[{\"@type\":\"ListItem\",\"position\":1,\"name\":\"In\u00edcio\",\"item\":\"https:\\\/\\\/ww16.ce.gov.br\\\/hsm\\\/\"},{\"@type\":\"ListItem\",\"position\":2,\"name\":\"Ambulat\u00f3rios\"}]},{\"@type\":\"WebSite\",\"@id\":\"https:\\\/\\\/ww16.ce.gov.br\\\/hsm\\\/#website\",\"url\":\"https:\\\/\\\/ww16.ce.gov.br\\\/hsm\\\/\",\"name\":\"HSM\",\"description\":\"Portal HSM\",\"potentialAction\":[{\"@type\":\"SearchAction\",\"target\":{\"@type\":\"EntryPoint\",\"urlTemplate\":\"https:\\\/\\\/ww16.ce.gov.br\\\/hsm\\\/?s={search_term_string}\"},\"query-input\":{\"@type\":\"PropertyValueSpecification\",\"valueRequired\":true,\"valueName\":\"search_term_string\"}}],\"inLanguage\":\"pt-BR\"}]}<\/script>\n<!-- \/ Yoast SEO plugin. -->","yoast_head_json":{"title":"Ambulat\u00f3rios - HSM","robots":{"index":"index","follow":"follow","max-snippet":"max-snippet:-1","max-image-preview":"max-image-preview:large","max-video-preview":"max-video-preview:-1"},"canonical":"https:\/\/ww16.ce.gov.br\/hsm\/ambulatorios\/","og_locale":"pt_BR","og_type":"article","og_title":"Ambulat\u00f3rios - HSM","og_description":"Ambulat\u00f3rio Geral, N\u00facleo de Transtornos Ansiosos \u2013 NUTA; Transtornos da Sexualidade Humana \u2013 ATASH; Transtornos do Humor; Ambulat\u00f3rio da Primeira Crise; Ambulat\u00f3rio de Psicose de Dif\u00edcil Controle; Neuropsiquiatria; Neurologia; Psicogeriatria; N\u00facleo de Aten\u00e7\u00e3o a Inf\u00e2ncia e Adolesc\u00eancia \u2013 NAIA; Psicoterapia; N\u00facleo de atendimento a Paciente com esquizofrenia \u2013 NUESQ; Psicogeriatria Epilepsia; Ambulat\u00f3rio de Transtorno de [&hellip;]","og_url":"https:\/\/ww16.ce.gov.br\/hsm\/ambulatorios\/","og_site_name":"HSM","article_modified_time":"2026-02-25T17:14:18+00:00","twitter_card":"summary_large_image","twitter_misc":{"Est. reading time":"1 minuto"},"schema":{"@context":"https:\/\/schema.org","@graph":[{"@type":"WebPage","@id":"https:\/\/ww16.ce.gov.br\/hsm\/ambulatorios\/","url":"https:\/\/ww16.ce.gov.br\/hsm\/ambulatorios\/","name":"Ambulat\u00f3rios - HSM","isPartOf":{"@id":"https:\/\/ww16.ce.gov.br\/hsm\/#website"},"datePublished":"2021-09-30T12:37:25+00:00","dateModified":"2026-02-25T17:14:18+00:00","breadcrumb":{"@id":"https:\/\/ww16.ce.gov.br\/hsm\/ambulatorios\/#breadcrumb"},"inLanguage":"pt-BR","potentialAction":[{"@type":"ReadAction","target":["https:\/\/ww16.ce.gov.br\/hsm\/ambulatorios\/"]}]},{"@type":"BreadcrumbList","@id":"https:\/\/ww16.ce.gov.br\/hsm\/ambulatorios\/#breadcrumb","itemListElement":[{"@type":"ListItem","position":1,"name":"In\u00edcio","item":"https:\/\/ww16.ce.gov.br\/hsm\/"},{"@type":"ListItem","position":2,"name":"Ambulat\u00f3rios"}]},{"@type":"WebSite","@id":"https:\/\/ww16.ce.gov.br\/hsm\/#website","url":"https:\/\/ww16.ce.gov.br\/hsm\/","name":"HSM","description":"Portal HSM","potentialAction":[{"@type":"SearchAction","target":{"@type":"EntryPoint","urlTemplate":"https:\/\/ww16.ce.gov.br\/hsm\/?s={search_term_string}"},"query-input":{"@type":"PropertyValueSpecification","valueRequired":true,"valueName":"search_term_string"}}],"inLanguage":"pt-BR"}]}},"_links":{"self":[{"href":"https:\/\/www.ce.gov.br\/hsm\/wp-json\/wp\/v2\/pages\/1154","targetHints":{"allow":["GET"]}}],"collection":[{"href":"https:\/\/www.ce.gov.br\/hsm\/wp-json\/wp\/v2\/pages"}],"about":[{"href":"https:\/\/www.ce.gov.br\/hsm\/wp-json\/wp\/v2\/types\/page"}],"author":[{"embeddable":true,"href":"https:\/\/www.ce.gov.br\/hsm\/wp-json\/wp\/v2\/users\/498"}],"replies":[{"embeddable":true,"href":"https:\/\/www.ce.gov.br\/hsm\/wp-json\/wp\/v2\/comments?post=1154"}],"version-history":[{"count":8,"href":"https:\/\/www.ce.gov.br\/hsm\/wp-json\/wp\/v2\/pages\/1154\/revisions"}],"predecessor-version":[{"id":3110,"href":"https:\/\/www.ce.gov.br\/hsm\/wp-json\/wp\/v2\/pages\/1154\/revisions\/3110"}],"wp:attachment":[{"href":"https:\/\/www.ce.gov.br\/hsm\/wp-json\/wp\/v2\/media?parent=1154"}],"curies":[{"name":"wp","href":"https:\/\/api.w.org\/{rel}","templated":true}]}}