{"id":1196,"date":"2021-10-20T14:49:32","date_gmt":"2021-10-20T17:49:32","guid":{"rendered":"http:\/\/www.hsmm.ce.gov.br\/?page_id=1196"},"modified":"2021-10-22T09:26:06","modified_gmt":"2021-10-22T12:26:06","slug":"programa-de-medicamentos-de-alto-custo","status":"publish","type":"page","link":"https:\/\/www.ce.gov.br\/hsm\/programa-de-medicamentos-de-alto-custo\/","title":{"rendered":"Programa de Medicamentos de Alto Custo"},"content":{"rendered":"<p>&nbsp;<\/p>\n<p>&nbsp;<\/p>\n<h4><span style=\"font-weight: normal;letter-spacing: 0.02px\">O Componente Especializado da Assist\u00eancia Farmac\u00eautica (CEAF), alto custo, \u00e9 uma estrat\u00e9gia de acesso a medicamentos no \u00e2mbito do SUS, caracterizado pela busca da garantia da integralidade do tratamento medicamentoso, em n\u00edvel ambulatorial, cujas linhas de cuidado est\u00e3o definidas em Protocolos Cl\u00ednicos e Diretrizes Terap\u00eauticas (PCDT) publicadas pelo Minist\u00e9rio da Sa\u00fade.<\/span><\/h4>\n<div>\n<p>&nbsp;<\/p>\n<h4 align=\"justify\">A farm\u00e1cia do CEAF do Hospital de Sa\u00fade Mental Prof. Frota Pinto dispensa os medicamentos aos pacientes atendidos na unidade e contempla os seguintes PCDT\u2019s:<\/h4>\n<p>&nbsp;<\/p>\n<h4>-Comportamento Agressivo como Transtorno do Espectro do Autismo<\/h4>\n<h4>-Doen\u00e7a de Alzheimer<\/h4>\n<h4>-Epilepsia<\/h4>\n<h4>-Esquizofrenia<\/h4>\n<h4>-Transtorno Afetivo Bipolar ( Tipo 1)<\/h4>\n<h4>-Transtorno Esquizoafetivo<\/h4>\n<h4>-O elenco de medicamentos disponibilizado \u00e9 composto por 11 medicamentos em 32 apresenta\u00e7\u00f5es farmac\u00eauticas:<\/h4>\n<h4>-Clozapinas 25 e 100mg<\/h4>\n<h4>-Donepezilas 5 e 10mg<\/h4>\n<h4>-Galantaminas 8, 16 e 24mg<\/h4>\n<h4>-Lamotriginas 25, 50 e 100mg<\/h4>\n<h4>-Memantina 10mg<\/h4>\n<h4>-Olanzapina 5 e 10mg<\/h4>\n<h4>-Quetiapinas 25, 100 e 200mg<\/h4>\n<h4>-Risperidonas 1, 2e 3mg<\/h4>\n<h4>-Risperidona 1mg\/ml (suspens\u00e3o)<\/h4>\n<h4>-Rivastigminas 1,5 , 3, 4,5 e 6mg<\/h4>\n<h4>-Rivastigminas patch 9,o e 18,0mg<\/h4>\n<h4>-Topiramatos 25, 50 e 100mg<\/h4>\n<h4>-Ziprasidonas 40 e 80mg<\/h4>\n<h4>-Para o cadastro de pacientes no CEAF \u00e9 necess\u00e1ria a apresenta\u00e7\u00e3o dos seguintes documentos:<\/h4>\n<h4>-C\u00f3pia de documento de identidade, exceto para ind\u00edgena ou penitenci\u00e1rio<\/h4>\n<h4>-C\u00f3pia do Cart\u00e3o Nacional de Sa\u00fade<\/h4>\n<h4>-C\u00f3pia do comprovante de resid\u00eancia, exceto para ind\u00edgena ou penitenci\u00e1rio<\/h4>\n<h4>-Cart\u00e3o com n\u00famero do prontu\u00e1rio<\/h4>\n<h4>-N\u00famero de telefone para contato<\/h4>\n<h4>-Laudo para Solicita\u00e7\u00e3o dos Medicamentos do Componente Especializado da Assist\u00eancia Farmac\u00eautica (LME) adequadamente preenchido<\/h4>\n<h4>-Prescri\u00e7\u00e3o m\u00e9dica em duas vias<\/h4>\n<h4>-Descri\u00e7\u00e3o cl\u00ednica detalhada com sinais e sintomas, tratamentos pr\u00e9vios e tempo de tratamento, doen\u00e7as concomitantes e se h\u00e1 hist\u00f3rico de depend\u00eancia ou abstin\u00eancia relacionada a \u00e1lcool, drogas ou f\u00e1rmacos psicoativos<\/h4>\n<h4>-Termo de Esclarecimento e Responsabilidade \u2013 TER<\/h4>\n<h4>-Exames quando necess\u00e1rio<\/h4>\n<\/div>\n<div><\/div>\n","protected":false},"excerpt":{"rendered":"<p>&nbsp; &nbsp; O Componente Especializado da Assist\u00eancia Farmac\u00eautica (CEAF), alto custo, \u00e9 uma estrat\u00e9gia de acesso a medicamentos no \u00e2mbito do SUS, caracterizado pela busca da garantia da integralidade do tratamento medicamentoso, em n\u00edvel ambulatorial, cujas linhas de cuidado est\u00e3o definidas em Protocolos Cl\u00ednicos e Diretrizes Terap\u00eauticas (PCDT) publicadas pelo Minist\u00e9rio da Sa\u00fade. &nbsp; A [&hellip;]<\/p>\n","protected":false},"author":498,"featured_media":0,"parent":0,"menu_order":0,"comment_status":"closed","ping_status":"closed","template":"","meta":{"_acf_changed":false,"inline_featured_image":false,"footnotes":""},"class_list":["post-1196","page","type-page","status-publish","hentry"],"acf":[],"yoast_head":"<!-- This site is optimized with the Yoast SEO plugin v27.3 - https:\/\/yoast.com\/product\/yoast-seo-wordpress\/ -->\n<title>Programa de Medicamentos de Alto Custo - HSM<\/title>\n<meta name=\"robots\" content=\"index, follow, max-snippet:-1, max-image-preview:large, max-video-preview:-1\" \/>\n<link rel=\"canonical\" href=\"https:\/\/ww16.ce.gov.br\/hsm\/programa-de-medicamentos-de-alto-custo\/\" \/>\n<meta property=\"og:locale\" content=\"pt_BR\" \/>\n<meta property=\"og:type\" content=\"article\" \/>\n<meta property=\"og:title\" content=\"Programa de Medicamentos de Alto Custo - HSM\" \/>\n<meta property=\"og:description\" content=\"&nbsp; &nbsp; O Componente Especializado da Assist\u00eancia Farmac\u00eautica (CEAF), alto custo, \u00e9 uma estrat\u00e9gia de acesso a medicamentos no \u00e2mbito do SUS, caracterizado pela busca da garantia da integralidade do tratamento medicamentoso, em n\u00edvel ambulatorial, cujas linhas de cuidado est\u00e3o definidas em Protocolos Cl\u00ednicos e Diretrizes Terap\u00eauticas (PCDT) publicadas pelo Minist\u00e9rio da Sa\u00fade. &nbsp; A [&hellip;]\" \/>\n<meta property=\"og:url\" content=\"https:\/\/ww16.ce.gov.br\/hsm\/programa-de-medicamentos-de-alto-custo\/\" \/>\n<meta property=\"og:site_name\" content=\"HSM\" \/>\n<meta property=\"article:modified_time\" content=\"2021-10-22T12:26:06+00:00\" \/>\n<meta name=\"twitter:card\" content=\"summary_large_image\" \/>\n<meta name=\"twitter:label1\" content=\"Est. reading time\" \/>\n\t<meta name=\"twitter:data1\" content=\"2 minutos\" \/>\n<script type=\"application\/ld+json\" class=\"yoast-schema-graph\">{\"@context\":\"https:\\\/\\\/schema.org\",\"@graph\":[{\"@type\":\"WebPage\",\"@id\":\"https:\\\/\\\/ww16.ce.gov.br\\\/hsm\\\/programa-de-medicamentos-de-alto-custo\\\/\",\"url\":\"https:\\\/\\\/ww16.ce.gov.br\\\/hsm\\\/programa-de-medicamentos-de-alto-custo\\\/\",\"name\":\"Programa de Medicamentos de Alto Custo - HSM\",\"isPartOf\":{\"@id\":\"https:\\\/\\\/ww16.ce.gov.br\\\/hsm\\\/#website\"},\"datePublished\":\"2021-10-20T17:49:32+00:00\",\"dateModified\":\"2021-10-22T12:26:06+00:00\",\"breadcrumb\":{\"@id\":\"https:\\\/\\\/ww16.ce.gov.br\\\/hsm\\\/programa-de-medicamentos-de-alto-custo\\\/#breadcrumb\"},\"inLanguage\":\"pt-BR\",\"potentialAction\":[{\"@type\":\"ReadAction\",\"target\":[\"https:\\\/\\\/ww16.ce.gov.br\\\/hsm\\\/programa-de-medicamentos-de-alto-custo\\\/\"]}]},{\"@type\":\"BreadcrumbList\",\"@id\":\"https:\\\/\\\/ww16.ce.gov.br\\\/hsm\\\/programa-de-medicamentos-de-alto-custo\\\/#breadcrumb\",\"itemListElement\":[{\"@type\":\"ListItem\",\"position\":1,\"name\":\"In\u00edcio\",\"item\":\"https:\\\/\\\/ww16.ce.gov.br\\\/hsm\\\/\"},{\"@type\":\"ListItem\",\"position\":2,\"name\":\"Programa de Medicamentos de Alto Custo\"}]},{\"@type\":\"WebSite\",\"@id\":\"https:\\\/\\\/ww16.ce.gov.br\\\/hsm\\\/#website\",\"url\":\"https:\\\/\\\/ww16.ce.gov.br\\\/hsm\\\/\",\"name\":\"HSM\",\"description\":\"Portal HSM\",\"potentialAction\":[{\"@type\":\"SearchAction\",\"target\":{\"@type\":\"EntryPoint\",\"urlTemplate\":\"https:\\\/\\\/ww16.ce.gov.br\\\/hsm\\\/?s={search_term_string}\"},\"query-input\":{\"@type\":\"PropertyValueSpecification\",\"valueRequired\":true,\"valueName\":\"search_term_string\"}}],\"inLanguage\":\"pt-BR\"}]}<\/script>\n<!-- \/ Yoast SEO plugin. -->","yoast_head_json":{"title":"Programa de Medicamentos de Alto Custo - HSM","robots":{"index":"index","follow":"follow","max-snippet":"max-snippet:-1","max-image-preview":"max-image-preview:large","max-video-preview":"max-video-preview:-1"},"canonical":"https:\/\/ww16.ce.gov.br\/hsm\/programa-de-medicamentos-de-alto-custo\/","og_locale":"pt_BR","og_type":"article","og_title":"Programa de Medicamentos de Alto Custo - HSM","og_description":"&nbsp; &nbsp; O Componente Especializado da Assist\u00eancia Farmac\u00eautica (CEAF), alto custo, \u00e9 uma estrat\u00e9gia de acesso a medicamentos no \u00e2mbito do SUS, caracterizado pela busca da garantia da integralidade do tratamento medicamentoso, em n\u00edvel ambulatorial, cujas linhas de cuidado est\u00e3o definidas em Protocolos Cl\u00ednicos e Diretrizes Terap\u00eauticas (PCDT) publicadas pelo Minist\u00e9rio da Sa\u00fade. &nbsp; A [&hellip;]","og_url":"https:\/\/ww16.ce.gov.br\/hsm\/programa-de-medicamentos-de-alto-custo\/","og_site_name":"HSM","article_modified_time":"2021-10-22T12:26:06+00:00","twitter_card":"summary_large_image","twitter_misc":{"Est. reading time":"2 minutos"},"schema":{"@context":"https:\/\/schema.org","@graph":[{"@type":"WebPage","@id":"https:\/\/ww16.ce.gov.br\/hsm\/programa-de-medicamentos-de-alto-custo\/","url":"https:\/\/ww16.ce.gov.br\/hsm\/programa-de-medicamentos-de-alto-custo\/","name":"Programa de Medicamentos de Alto Custo - HSM","isPartOf":{"@id":"https:\/\/ww16.ce.gov.br\/hsm\/#website"},"datePublished":"2021-10-20T17:49:32+00:00","dateModified":"2021-10-22T12:26:06+00:00","breadcrumb":{"@id":"https:\/\/ww16.ce.gov.br\/hsm\/programa-de-medicamentos-de-alto-custo\/#breadcrumb"},"inLanguage":"pt-BR","potentialAction":[{"@type":"ReadAction","target":["https:\/\/ww16.ce.gov.br\/hsm\/programa-de-medicamentos-de-alto-custo\/"]}]},{"@type":"BreadcrumbList","@id":"https:\/\/ww16.ce.gov.br\/hsm\/programa-de-medicamentos-de-alto-custo\/#breadcrumb","itemListElement":[{"@type":"ListItem","position":1,"name":"In\u00edcio","item":"https:\/\/ww16.ce.gov.br\/hsm\/"},{"@type":"ListItem","position":2,"name":"Programa de Medicamentos de Alto Custo"}]},{"@type":"WebSite","@id":"https:\/\/ww16.ce.gov.br\/hsm\/#website","url":"https:\/\/ww16.ce.gov.br\/hsm\/","name":"HSM","description":"Portal HSM","potentialAction":[{"@type":"SearchAction","target":{"@type":"EntryPoint","urlTemplate":"https:\/\/ww16.ce.gov.br\/hsm\/?s={search_term_string}"},"query-input":{"@type":"PropertyValueSpecification","valueRequired":true,"valueName":"search_term_string"}}],"inLanguage":"pt-BR"}]}},"_links":{"self":[{"href":"https:\/\/www.ce.gov.br\/hsm\/wp-json\/wp\/v2\/pages\/1196","targetHints":{"allow":["GET"]}}],"collection":[{"href":"https:\/\/www.ce.gov.br\/hsm\/wp-json\/wp\/v2\/pages"}],"about":[{"href":"https:\/\/www.ce.gov.br\/hsm\/wp-json\/wp\/v2\/types\/page"}],"author":[{"embeddable":true,"href":"https:\/\/www.ce.gov.br\/hsm\/wp-json\/wp\/v2\/users\/498"}],"replies":[{"embeddable":true,"href":"https:\/\/www.ce.gov.br\/hsm\/wp-json\/wp\/v2\/comments?post=1196"}],"version-history":[{"count":11,"href":"https:\/\/www.ce.gov.br\/hsm\/wp-json\/wp\/v2\/pages\/1196\/revisions"}],"predecessor-version":[{"id":1264,"href":"https:\/\/www.ce.gov.br\/hsm\/wp-json\/wp\/v2\/pages\/1196\/revisions\/1264"}],"wp:attachment":[{"href":"https:\/\/www.ce.gov.br\/hsm\/wp-json\/wp\/v2\/media?parent=1196"}],"curies":[{"name":"wp","href":"https:\/\/api.w.org\/{rel}","templated":true}]}}