{"id":2697,"date":"2025-04-10T13:43:16","date_gmt":"2025-04-10T16:43:16","guid":{"rendered":"http:\/\/ww16.ce.gov.br\/hsm\/?page_id=2697"},"modified":"2026-05-13T11:24:10","modified_gmt":"2026-05-13T14:24:10","slug":"projeto-de-pesquisa","status":"publish","type":"page","link":"https:\/\/www.ce.gov.br\/hsm\/ensino-e-pesquisa\/projeto-de-pesquisa\/","title":{"rendered":"Pesquisa"},"content":{"rendered":"\n<p><strong>Submiss\u00e3o de Projeto de Pesquisa<\/strong><br>link: <a href=\"https:\/\/forms.gle\/DhWS3YrAgEQiU6tSA\">https:\/\/forms.gle\/DhWS3YrAgEQiU6tSA<\/a><\/p>\n\n\n\n<p>Prezado(a) Pesquisador(a),<\/p>\n\n\n\n<p>Esperamos que esta mensagem o encontre bem. Nessa aba voc\u00ea encontrar\u00e1 o formul\u00e1rio de submiss\u00e3o de projeto de pesquisa, que cont\u00e9m todas as instru\u00e7\u00f5es necess\u00e1rias para o correto preenchimento. Pedimos que a leitura seja feita com aten\u00e7\u00e3o e que o preenchimento siga rigorosamente as orienta\u00e7\u00f5es indicadas.Em caso de d\u00favidas quanto ao fluxo de tramita\u00e7\u00e3o ou aos prazos para retorno da avalia\u00e7\u00e3o, orientamos a consulta ao documento \u201cFluxo de Submiss\u00e3o de Projeto de Pesquisa\u201d, dispon\u00edvel para acesso na mesma aba Em caso de d\u00favidas, ficamos \u00e0 disposi\u00e7\u00e3o para eventuais esclarecimentos pelo e-mail oficial: ceap@hsm.ce.gov.br<\/p>\n\n\n\n<p>Fluxo de submiss\u00e3o do projeto de pesquisa:<\/p>\n\n\n\n<figure class=\"wp-block-image size-full\"><img loading=\"lazy\" decoding=\"async\" width=\"1093\" height=\"477\" src=\"https:\/\/www.ce.gov.br\/hsm\/wp-content\/uploads\/sites\/24\/2026\/05\/WhatsApp-Image-2026-05-11-at-11.57.37-1.jpeg\" alt=\"\" class=\"wp-image-3445\" srcset=\"https:\/\/www.ce.gov.br\/hsm\/wp-content\/uploads\/sites\/24\/2026\/05\/WhatsApp-Image-2026-05-11-at-11.57.37-1.jpeg 1093w, https:\/\/www.ce.gov.br\/hsm\/wp-content\/uploads\/sites\/24\/2026\/05\/WhatsApp-Image-2026-05-11-at-11.57.37-1-600x262.jpeg 600w, https:\/\/www.ce.gov.br\/hsm\/wp-content\/uploads\/sites\/24\/2026\/05\/WhatsApp-Image-2026-05-11-at-11.57.37-1-768x335.jpeg 768w\" sizes=\"auto, (max-width: 1093px) 100vw, 1093px\" \/><\/figure>\n\n\n\n<p><strong>Modelos de Documentos<\/strong><\/p>\n\n\n\n<div class=\"wp-block-cegovbr-mural-materiais-card-arquivo\"><div class=\"ckc-card-arquivo\"><div class=\"ckc-card-arquivo-tag\"><span class=\"ckc-tag-text\">Arquivo<\/span><span class=\"ckc-tag-icon material-symbols-outlined\">attach_file<\/span><\/div><h3 class=\"ckc-card-arquivo-title\">Modelo TCLE<\/h3><div class=\"ckc-card-arquivo-footer\"><div class=\"ckc-card-arquivo-action-button\"><a href=\"https:\/\/www.ce.gov.br\/hsm\/wp-content\/uploads\/sites\/24\/2026\/05\/TCLE_modelo-1-3.docx\" target=\"_blank\" rel=\"noopener noreferrer\"><span class=\"material-symbols-outlined\">download<\/span><span class=\"ckc-action-button-text\">Download PDF<\/span><\/a><\/div><p class=\"ckc-card-arquivo-date\">11\/05\/2026<\/p><\/div><\/div><\/div>\n\n\n\n<p>Este \u00e9 um modelo de TCLE padr\u00e3o. Caso haja alguma interven\u00e7\u00e3o mais invasiva, esta deve ser considerada e explicados os riscos e benef\u00edcios no termo.<\/p>\n\n\n\n<div class=\"wp-block-cegovbr-mural-materiais-card-arquivo\"><div class=\"ckc-card-arquivo\"><div class=\"ckc-card-arquivo-tag\"><span class=\"ckc-tag-text\">Arquivo<\/span><span class=\"ckc-tag-icon material-symbols-outlined\">attach_file<\/span><\/div><h3 class=\"ckc-card-arquivo-title\">Modelo Projeto de Pesquisa<\/h3><div class=\"ckc-card-arquivo-footer\"><div class=\"ckc-card-arquivo-action-button\"><a href=\"https:\/\/www.ce.gov.br\/hsm\/wp-content\/uploads\/sites\/24\/2026\/05\/Manual_estrutura_trabalho_cientifico.pdf\" target=\"_blank\" rel=\"noopener noreferrer\"><span class=\"material-symbols-outlined\">download<\/span><span class=\"ckc-action-button-text\">Download PDF<\/span><\/a><\/div><p class=\"ckc-card-arquivo-date\">11\/05\/2026<\/p><\/div><\/div><\/div>\n\n\n\n<p><\/p>\n","protected":false},"excerpt":{"rendered":"<p>Submiss\u00e3o de Projeto de Pesquisalink: https:\/\/forms.gle\/DhWS3YrAgEQiU6tSA Prezado(a) Pesquisador(a), Esperamos que esta mensagem o encontre bem. Nessa aba voc\u00ea encontrar\u00e1 o formul\u00e1rio de submiss\u00e3o de projeto de pesquisa, que cont\u00e9m todas as instru\u00e7\u00f5es necess\u00e1rias para o correto preenchimento. Pedimos que a leitura seja feita com aten\u00e7\u00e3o e que o preenchimento siga rigorosamente as orienta\u00e7\u00f5es indicadas.Em caso [&hellip;]<\/p>\n","protected":false},"author":596,"featured_media":0,"parent":1114,"menu_order":0,"comment_status":"closed","ping_status":"closed","template":"","meta":{"_acf_changed":false,"inline_featured_image":false,"footnotes":""},"class_list":["post-2697","page","type-page","status-publish","hentry"],"acf":[],"yoast_head":"<!-- This site is optimized with the Yoast SEO plugin v27.3 - https:\/\/yoast.com\/product\/yoast-seo-wordpress\/ -->\n<title>Pesquisa - HSM<\/title>\n<meta name=\"robots\" content=\"index, follow, max-snippet:-1, max-image-preview:large, max-video-preview:-1\" \/>\n<link rel=\"canonical\" href=\"https:\/\/ww16.ce.gov.br\/hsm\/ensino-e-pesquisa\/projeto-de-pesquisa\/\" \/>\n<meta property=\"og:locale\" content=\"pt_BR\" \/>\n<meta property=\"og:type\" content=\"article\" \/>\n<meta property=\"og:title\" content=\"Pesquisa - HSM\" \/>\n<meta property=\"og:description\" content=\"Submiss\u00e3o de Projeto de Pesquisalink: https:\/\/forms.gle\/DhWS3YrAgEQiU6tSA Prezado(a) Pesquisador(a), Esperamos que esta mensagem o encontre bem. Nessa aba voc\u00ea encontrar\u00e1 o formul\u00e1rio de submiss\u00e3o de projeto de pesquisa, que cont\u00e9m todas as instru\u00e7\u00f5es necess\u00e1rias para o correto preenchimento. Pedimos que a leitura seja feita com aten\u00e7\u00e3o e que o preenchimento siga rigorosamente as orienta\u00e7\u00f5es indicadas.Em caso [&hellip;]\" \/>\n<meta property=\"og:url\" content=\"https:\/\/ww16.ce.gov.br\/hsm\/ensino-e-pesquisa\/projeto-de-pesquisa\/\" \/>\n<meta property=\"og:site_name\" content=\"HSM\" \/>\n<meta property=\"article:modified_time\" content=\"2026-05-13T14:24:10+00:00\" \/>\n<meta property=\"og:image\" content=\"https:\/\/www.ce.gov.br\/hsm\/wp-content\/uploads\/sites\/24\/2026\/05\/WhatsApp-Image-2026-05-11-at-11.57.37-1.jpeg\" \/>\n\t<meta property=\"og:image:width\" content=\"1093\" \/>\n\t<meta property=\"og:image:height\" content=\"477\" \/>\n\t<meta property=\"og:image:type\" content=\"image\/jpeg\" \/>\n<meta name=\"twitter:card\" content=\"summary_large_image\" \/>\n<meta name=\"twitter:label1\" content=\"Est. reading time\" \/>\n\t<meta name=\"twitter:data1\" content=\"2 minutos\" \/>\n<script type=\"application\/ld+json\" class=\"yoast-schema-graph\">{\"@context\":\"https:\\\/\\\/schema.org\",\"@graph\":[{\"@type\":\"WebPage\",\"@id\":\"https:\\\/\\\/ww16.ce.gov.br\\\/hsm\\\/ensino-e-pesquisa\\\/projeto-de-pesquisa\\\/\",\"url\":\"https:\\\/\\\/ww16.ce.gov.br\\\/hsm\\\/ensino-e-pesquisa\\\/projeto-de-pesquisa\\\/\",\"name\":\"Pesquisa - HSM\",\"isPartOf\":{\"@id\":\"https:\\\/\\\/ww16.ce.gov.br\\\/hsm\\\/#website\"},\"primaryImageOfPage\":{\"@id\":\"https:\\\/\\\/ww16.ce.gov.br\\\/hsm\\\/ensino-e-pesquisa\\\/projeto-de-pesquisa\\\/#primaryimage\"},\"image\":{\"@id\":\"https:\\\/\\\/ww16.ce.gov.br\\\/hsm\\\/ensino-e-pesquisa\\\/projeto-de-pesquisa\\\/#primaryimage\"},\"thumbnailUrl\":\"https:\\\/\\\/www.ce.gov.br\\\/hsm\\\/wp-content\\\/uploads\\\/sites\\\/24\\\/2026\\\/05\\\/WhatsApp-Image-2026-05-11-at-11.57.37-1.jpeg\",\"datePublished\":\"2025-04-10T16:43:16+00:00\",\"dateModified\":\"2026-05-13T14:24:10+00:00\",\"breadcrumb\":{\"@id\":\"https:\\\/\\\/ww16.ce.gov.br\\\/hsm\\\/ensino-e-pesquisa\\\/projeto-de-pesquisa\\\/#breadcrumb\"},\"inLanguage\":\"pt-BR\",\"potentialAction\":[{\"@type\":\"ReadAction\",\"target\":[\"https:\\\/\\\/ww16.ce.gov.br\\\/hsm\\\/ensino-e-pesquisa\\\/projeto-de-pesquisa\\\/\"]}]},{\"@type\":\"ImageObject\",\"inLanguage\":\"pt-BR\",\"@id\":\"https:\\\/\\\/ww16.ce.gov.br\\\/hsm\\\/ensino-e-pesquisa\\\/projeto-de-pesquisa\\\/#primaryimage\",\"url\":\"https:\\\/\\\/www.ce.gov.br\\\/hsm\\\/wp-content\\\/uploads\\\/sites\\\/24\\\/2026\\\/05\\\/WhatsApp-Image-2026-05-11-at-11.57.37-1.jpeg\",\"contentUrl\":\"https:\\\/\\\/www.ce.gov.br\\\/hsm\\\/wp-content\\\/uploads\\\/sites\\\/24\\\/2026\\\/05\\\/WhatsApp-Image-2026-05-11-at-11.57.37-1.jpeg\",\"width\":1093,\"height\":477},{\"@type\":\"BreadcrumbList\",\"@id\":\"https:\\\/\\\/ww16.ce.gov.br\\\/hsm\\\/ensino-e-pesquisa\\\/projeto-de-pesquisa\\\/#breadcrumb\",\"itemListElement\":[{\"@type\":\"ListItem\",\"position\":1,\"name\":\"In\u00edcio\",\"item\":\"https:\\\/\\\/ww16.ce.gov.br\\\/hsm\\\/\"},{\"@type\":\"ListItem\",\"position\":2,\"name\":\"ENSINO E PESQUISA\",\"item\":\"https:\\\/\\\/ww16.ce.gov.br\\\/hsm\\\/ensino-e-pesquisa\\\/\"},{\"@type\":\"ListItem\",\"position\":3,\"name\":\"Pesquisa\"}]},{\"@type\":\"WebSite\",\"@id\":\"https:\\\/\\\/ww16.ce.gov.br\\\/hsm\\\/#website\",\"url\":\"https:\\\/\\\/ww16.ce.gov.br\\\/hsm\\\/\",\"name\":\"HSM\",\"description\":\"Portal HSM\",\"potentialAction\":[{\"@type\":\"SearchAction\",\"target\":{\"@type\":\"EntryPoint\",\"urlTemplate\":\"https:\\\/\\\/ww16.ce.gov.br\\\/hsm\\\/?s={search_term_string}\"},\"query-input\":{\"@type\":\"PropertyValueSpecification\",\"valueRequired\":true,\"valueName\":\"search_term_string\"}}],\"inLanguage\":\"pt-BR\"}]}<\/script>\n<!-- \/ Yoast SEO plugin. -->","yoast_head_json":{"title":"Pesquisa - HSM","robots":{"index":"index","follow":"follow","max-snippet":"max-snippet:-1","max-image-preview":"max-image-preview:large","max-video-preview":"max-video-preview:-1"},"canonical":"https:\/\/ww16.ce.gov.br\/hsm\/ensino-e-pesquisa\/projeto-de-pesquisa\/","og_locale":"pt_BR","og_type":"article","og_title":"Pesquisa - HSM","og_description":"Submiss\u00e3o de Projeto de Pesquisalink: https:\/\/forms.gle\/DhWS3YrAgEQiU6tSA Prezado(a) Pesquisador(a), Esperamos que esta mensagem o encontre bem. Nessa aba voc\u00ea encontrar\u00e1 o formul\u00e1rio de submiss\u00e3o de projeto de pesquisa, que cont\u00e9m todas as instru\u00e7\u00f5es necess\u00e1rias para o correto preenchimento. Pedimos que a leitura seja feita com aten\u00e7\u00e3o e que o preenchimento siga rigorosamente as orienta\u00e7\u00f5es indicadas.Em caso [&hellip;]","og_url":"https:\/\/ww16.ce.gov.br\/hsm\/ensino-e-pesquisa\/projeto-de-pesquisa\/","og_site_name":"HSM","article_modified_time":"2026-05-13T14:24:10+00:00","og_image":[{"width":1093,"height":477,"url":"https:\/\/www.ce.gov.br\/hsm\/wp-content\/uploads\/sites\/24\/2026\/05\/WhatsApp-Image-2026-05-11-at-11.57.37-1.jpeg","type":"image\/jpeg"}],"twitter_card":"summary_large_image","twitter_misc":{"Est. reading time":"2 minutos"},"schema":{"@context":"https:\/\/schema.org","@graph":[{"@type":"WebPage","@id":"https:\/\/ww16.ce.gov.br\/hsm\/ensino-e-pesquisa\/projeto-de-pesquisa\/","url":"https:\/\/ww16.ce.gov.br\/hsm\/ensino-e-pesquisa\/projeto-de-pesquisa\/","name":"Pesquisa - HSM","isPartOf":{"@id":"https:\/\/ww16.ce.gov.br\/hsm\/#website"},"primaryImageOfPage":{"@id":"https:\/\/ww16.ce.gov.br\/hsm\/ensino-e-pesquisa\/projeto-de-pesquisa\/#primaryimage"},"image":{"@id":"https:\/\/ww16.ce.gov.br\/hsm\/ensino-e-pesquisa\/projeto-de-pesquisa\/#primaryimage"},"thumbnailUrl":"https:\/\/www.ce.gov.br\/hsm\/wp-content\/uploads\/sites\/24\/2026\/05\/WhatsApp-Image-2026-05-11-at-11.57.37-1.jpeg","datePublished":"2025-04-10T16:43:16+00:00","dateModified":"2026-05-13T14:24:10+00:00","breadcrumb":{"@id":"https:\/\/ww16.ce.gov.br\/hsm\/ensino-e-pesquisa\/projeto-de-pesquisa\/#breadcrumb"},"inLanguage":"pt-BR","potentialAction":[{"@type":"ReadAction","target":["https:\/\/ww16.ce.gov.br\/hsm\/ensino-e-pesquisa\/projeto-de-pesquisa\/"]}]},{"@type":"ImageObject","inLanguage":"pt-BR","@id":"https:\/\/ww16.ce.gov.br\/hsm\/ensino-e-pesquisa\/projeto-de-pesquisa\/#primaryimage","url":"https:\/\/www.ce.gov.br\/hsm\/wp-content\/uploads\/sites\/24\/2026\/05\/WhatsApp-Image-2026-05-11-at-11.57.37-1.jpeg","contentUrl":"https:\/\/www.ce.gov.br\/hsm\/wp-content\/uploads\/sites\/24\/2026\/05\/WhatsApp-Image-2026-05-11-at-11.57.37-1.jpeg","width":1093,"height":477},{"@type":"BreadcrumbList","@id":"https:\/\/ww16.ce.gov.br\/hsm\/ensino-e-pesquisa\/projeto-de-pesquisa\/#breadcrumb","itemListElement":[{"@type":"ListItem","position":1,"name":"In\u00edcio","item":"https:\/\/ww16.ce.gov.br\/hsm\/"},{"@type":"ListItem","position":2,"name":"ENSINO E PESQUISA","item":"https:\/\/ww16.ce.gov.br\/hsm\/ensino-e-pesquisa\/"},{"@type":"ListItem","position":3,"name":"Pesquisa"}]},{"@type":"WebSite","@id":"https:\/\/ww16.ce.gov.br\/hsm\/#website","url":"https:\/\/ww16.ce.gov.br\/hsm\/","name":"HSM","description":"Portal HSM","potentialAction":[{"@type":"SearchAction","target":{"@type":"EntryPoint","urlTemplate":"https:\/\/ww16.ce.gov.br\/hsm\/?s={search_term_string}"},"query-input":{"@type":"PropertyValueSpecification","valueRequired":true,"valueName":"search_term_string"}}],"inLanguage":"pt-BR"}]}},"_links":{"self":[{"href":"https:\/\/www.ce.gov.br\/hsm\/wp-json\/wp\/v2\/pages\/2697","targetHints":{"allow":["GET"]}}],"collection":[{"href":"https:\/\/www.ce.gov.br\/hsm\/wp-json\/wp\/v2\/pages"}],"about":[{"href":"https:\/\/www.ce.gov.br\/hsm\/wp-json\/wp\/v2\/types\/page"}],"author":[{"embeddable":true,"href":"https:\/\/www.ce.gov.br\/hsm\/wp-json\/wp\/v2\/users\/596"}],"replies":[{"embeddable":true,"href":"https:\/\/www.ce.gov.br\/hsm\/wp-json\/wp\/v2\/comments?post=2697"}],"version-history":[{"count":15,"href":"https:\/\/www.ce.gov.br\/hsm\/wp-json\/wp\/v2\/pages\/2697\/revisions"}],"predecessor-version":[{"id":3447,"href":"https:\/\/www.ce.gov.br\/hsm\/wp-json\/wp\/v2\/pages\/2697\/revisions\/3447"}],"up":[{"embeddable":true,"href":"https:\/\/www.ce.gov.br\/hsm\/wp-json\/wp\/v2\/pages\/1114"}],"wp:attachment":[{"href":"https:\/\/www.ce.gov.br\/hsm\/wp-json\/wp\/v2\/media?parent=2697"}],"curies":[{"name":"wp","href":"https:\/\/api.w.org\/{rel}","templated":true}]}}