{"id":28,"date":"2017-11-20T12:57:39","date_gmt":"2017-11-20T14:57:39","guid":{"rendered":"http:\/\/www.ceara.gov.br\/hsmm\/?page_id=28"},"modified":"2022-10-06T21:00:03","modified_gmt":"2022-10-07T00:00:03","slug":"ultimas-noticias","status":"publish","type":"page","link":"https:\/\/www.ce.gov.br\/hsm\/home-2\/ultimas-noticias\/","title":{"rendered":"\u00daltimas Not\u00edcias"},"content":{"rendered":"\n<div class=\"ListagemManchetes row \">\n\n\n    <div class=\"  dt-8  \">\n\n        <div class=\"separador\">\n\n            \n        <\/div>\n\n            \n                    <div class=\"UltimasNoticias\">\n\n                                                    <h2 class=\"-SmallTitle\"> \u00daltimas Not\u00edcias <\/h2>\n                        \n                        <div class=\"SliderManchetes\">\n                            \n                                <figure class=\"frame\">\n                                    <img decoding=\"async\" src=\"https:\/\/www.ce.gov.br\/hsm\/wp-content\/uploads\/sites\/24\/2026\/01\/simposio-Janeiro-branco.png\" class=\"attachment-medio size-medio\" alt=\"Hospital de Sa\u00fade Mental abre inscri\u00e7\u00f5es para Simp\u00f3sio Janeiro Branco\" srcset=\"https:\/\/www.ce.gov.br\/hsm\/wp-content\/uploads\/sites\/24\/2026\/01\/simposio-Janeiro-branco.png 900w, https:\/\/www.ce.gov.br\/hsm\/wp-content\/uploads\/sites\/24\/2026\/01\/simposio-Janeiro-branco-600x363.png 600w, https:\/\/www.ce.gov.br\/hsm\/wp-content\/uploads\/sites\/24\/2026\/01\/simposio-Janeiro-branco-768x465.png 768w\" sizes=\"(max-width: 900px) 100vw, 900px\" \/>                                    <figcaption>\n                                                                                <a href=\"https:\/\/ww16.ce.gov.br\/hsm\/2026\/01\/09\/hospital-de-saude-mental-abre-inscricoes-para-simposio-janeiro-branco\/\">\n                                            <h3 class=\"-bold\">Hospital de Sa\u00fade Mental abre inscri\u00e7\u00f5es para Simp\u00f3sio Janeiro Branco<\/h3>\n                                        <\/a>\n\n                                        <div class=\"actions\">\n                                                                                                                                <\/div>\n                                    <\/figcaption>\n                                <\/figure>\n\n                            \n                                <figure class=\"frame\">\n                                    <img decoding=\"async\" src=\"https:\/\/www.ce.gov.br\/hsm\/wp-content\/uploads\/sites\/24\/2026\/01\/atendimento-HSM-Janeiro-Branco.png\" class=\"attachment-medio size-medio\" alt=\"Ansiedade afeta milh\u00f5es de brasileiros; Janeiro Branco estimula cuidados com sa\u00fade mental\" srcset=\"https:\/\/www.ce.gov.br\/hsm\/wp-content\/uploads\/sites\/24\/2026\/01\/atendimento-HSM-Janeiro-Branco.png 775w, https:\/\/www.ce.gov.br\/hsm\/wp-content\/uploads\/sites\/24\/2026\/01\/atendimento-HSM-Janeiro-Branco-600x375.png 600w, https:\/\/www.ce.gov.br\/hsm\/wp-content\/uploads\/sites\/24\/2026\/01\/atendimento-HSM-Janeiro-Branco-768x481.png 768w\" sizes=\"(max-width: 775px) 100vw, 775px\" \/>                                    <figcaption>\n                                                                                <a href=\"https:\/\/ww16.ce.gov.br\/hsm\/2026\/01\/06\/ansiedade-afeta-milhoes-de-brasileiros-janeiro-branco-estimula-cuidados-com-saude-mental\/\">\n                                            <h3 class=\"-bold\">Ansiedade afeta milh\u00f5es de brasileiros; Janeiro Branco estimula cuidados com sa\u00fade mental<\/h3>\n                                        <\/a>\n\n                                        <div class=\"actions\">\n                                                                                                                                <\/div>\n                                    <\/figcaption>\n                                <\/figure>\n\n                            \n                                <figure class=\"frame\">\n                                    <img decoding=\"async\" src=\"https:\/\/www.ce.gov.br\/hsm\/wp-content\/uploads\/sites\/24\/2025\/12\/WhatsApp-Image-2025-12-12-at-11.07.29-1200x900-1.jpeg\" class=\"attachment-medio size-medio\" alt=\"Hospital de Sa\u00fade Mental inaugura brinquedoteca em comemora\u00e7\u00e3o aos 20 anos do N\u00facleo de Aten\u00e7\u00e3o \u00e0 Inf\u00e2ncia e \u00e0 Adolesc\u00eancia\" srcset=\"https:\/\/www.ce.gov.br\/hsm\/wp-content\/uploads\/sites\/24\/2025\/12\/WhatsApp-Image-2025-12-12-at-11.07.29-1200x900-1.jpeg 1200w, https:\/\/www.ce.gov.br\/hsm\/wp-content\/uploads\/sites\/24\/2025\/12\/WhatsApp-Image-2025-12-12-at-11.07.29-1200x900-1-600x450.jpeg 600w, https:\/\/www.ce.gov.br\/hsm\/wp-content\/uploads\/sites\/24\/2025\/12\/WhatsApp-Image-2025-12-12-at-11.07.29-1200x900-1-768x576.jpeg 768w\" sizes=\"(max-width: 1200px) 100vw, 1200px\" \/>                                    <figcaption>\n                                                                                <a href=\"https:\/\/ww16.ce.gov.br\/hsm\/2025\/12\/18\/hospital-de-saude-mental-inaugura-brinquedoteca-em-comemoracao-aos-20-anos-do-nucleo-de-atencao-a-infancia-e-a-adolescencia\/\">\n                                            <h3 class=\"-bold\">Hospital de Sa\u00fade Mental inaugura brinquedoteca em comemora\u00e7\u00e3o aos 20 anos do N\u00facleo de Aten\u00e7\u00e3o \u00e0 Inf\u00e2ncia e \u00e0 Adolesc\u00eancia<\/h3>\n                                        <\/a>\n\n                                        <div class=\"actions\">\n                                                                                                                                <\/div>\n                                    <\/figcaption>\n                                <\/figure>\n\n                            \n                                <figure class=\"frame\">\n                                    <img decoding=\"async\" src=\"https:\/\/www.ce.gov.br\/hsm\/wp-content\/uploads\/sites\/24\/2025\/12\/banner-dezembrite.png\" class=\"attachment-medio size-medio\" alt=\"\u201cDezembrite\u201d: \u00faltimo m\u00eas do ano pode intensificar desafios emocionais; psiquiatra do HSM orienta sobre cuidados com a sa\u00fade mental no per\u00edodo\" srcset=\"https:\/\/www.ce.gov.br\/hsm\/wp-content\/uploads\/sites\/24\/2025\/12\/banner-dezembrite.png 945w, https:\/\/www.ce.gov.br\/hsm\/wp-content\/uploads\/sites\/24\/2025\/12\/banner-dezembrite-600x346.png 600w, https:\/\/www.ce.gov.br\/hsm\/wp-content\/uploads\/sites\/24\/2025\/12\/banner-dezembrite-768x443.png 768w\" sizes=\"(max-width: 945px) 100vw, 945px\" \/>                                    <figcaption>\n                                                                                <a href=\"https:\/\/ww16.ce.gov.br\/hsm\/2025\/12\/04\/dezembrite-ultimo-mes-do-ano-pode-intensificar-desafios-emocionais-psiquiatra-do-hsm-orienta-sobre-cuidados-com-a-saude-mental-no-periodo\/\">\n                                            <h3 class=\"-bold\">\u201cDezembrite\u201d: \u00faltimo m\u00eas do ano pode intensificar desafios emocionais; psiquiatra do HSM orienta sobre cuidados com a sa\u00fade mental no per\u00edodo<\/h3>\n                                        <\/a>\n\n                                        <div class=\"actions\">\n                                                                                                                                <\/div>\n                                    <\/figcaption>\n                                <\/figure>\n\n                            \n                                <figure class=\"frame\">\n                                    <img decoding=\"async\" src=\"https:\/\/www.ce.gov.br\/hsm\/wp-content\/uploads\/sites\/24\/2025\/11\/FOTOS-MATERIA-06-1200x900-1.jpeg\" class=\"attachment-medio size-medio\" alt=\"Hospital de Sa\u00fade Mental realiza Jornada de Terapia Cognitivo-Comportamental\" srcset=\"https:\/\/www.ce.gov.br\/hsm\/wp-content\/uploads\/sites\/24\/2025\/11\/FOTOS-MATERIA-06-1200x900-1.jpeg 1200w, https:\/\/www.ce.gov.br\/hsm\/wp-content\/uploads\/sites\/24\/2025\/11\/FOTOS-MATERIA-06-1200x900-1-600x450.jpeg 600w, https:\/\/www.ce.gov.br\/hsm\/wp-content\/uploads\/sites\/24\/2025\/11\/FOTOS-MATERIA-06-1200x900-1-768x576.jpeg 768w\" sizes=\"(max-width: 1200px) 100vw, 1200px\" \/>                                    <figcaption>\n                                                                                <a href=\"https:\/\/ww16.ce.gov.br\/hsm\/2025\/11\/27\/hospital-de-saude-mental-realiza-jornada-de-terapia-cognitivo-comportamental\/\">\n                                            <h3 class=\"-bold\">Hospital de Sa\u00fade Mental realiza Jornada de Terapia Cognitivo-Comportamental<\/h3>\n                                        <\/a>\n\n                                        <div class=\"actions\">\n                                                                                                                                <\/div>\n                                    <\/figcaption>\n                                <\/figure>\n\n                                                    <\/div>\n\n                    <\/div>\n\n            \n\n\n    <\/div>\n\n    <div class=\"Side dt-4\">\n                                                        <div class=\"Card  Calendario  BgVerde  row\">\n        \n                        <div class=\"mp-9\">\n                            <h2>AGENDA 2023<\/h2>\n                            <p><\/p>\n                            <h3> <b>14<\/b> MAIO <\/h3>\n                        <\/div>\n                        <div class=\"mp-3  -right\">\n        \n                            <i class=\"icone  calendar \"><\/i>\n                            <a href=\"\"> + Veja mais <\/a>\n        \n                        <\/div>\n        \n                    <\/div>\n                                        \n\n        <div class=\"destacado\">\n                    <a class=\"categoria\" href=\"https:\/\/www.ce.gov.br\/hsm\/categoria\/sem-categoria\/\">Noticias<\/a>\n                <a href=\"https:\/\/www.ce.gov.br\/hsm\/2026\/05\/13\/tecnicos-de-enfermagem-da-rede-sesa-tem-cuidado-como-proposito-de-vida\/\">\n                        <h2 class=\"-bold\">T\u00e9cnicos de enfermagem da Rede Sesa t\u00eam cuidado como prop\u00f3sito de vida<\/h2>\n                    <\/a>\n    <\/div><hr \/>\n    \n\n        <div class=\"destacado\">\n                    <a class=\"categoria\" href=\"https:\/\/www.ce.gov.br\/hsm\/categoria\/sem-categoria\/\">Noticias<\/a>\n                <a href=\"https:\/\/www.ce.gov.br\/hsm\/2026\/04\/27\/hsm-fortalece-autonomia-de-adultos-com-autismo-por-meio-de-treinamento-em-habilidades-sociais-em-ambulatorio-especializado\/\">\n                            <h3>HSM fortalece autonomia de adultos com autismo por meio de treinamento em habilidades sociais em ambulat\u00f3rio especializado<\/h3>\n                    <\/a>\n    <\/div><hr \/>\n    \n\n        <div class=\"destacado\">\n                    <a class=\"categoria\" href=\"https:\/\/www.ce.gov.br\/hsm\/categoria\/sem-categoria\/\">Noticias<\/a>\n                <a href=\"https:\/\/www.ce.gov.br\/hsm\/2026\/04\/27\/3270\/\">\n                            <h3>Com mais de 63 mil atendimentos na emerg\u00eancia no ano passado, HSM segue como refer\u00eancia em sa\u00fade mental no Cear\u00e1<\/h3>\n                    <\/a>\n    <\/div><hr \/>\n    \n        \n    <\/div>\n\n<\/div>\n\n<span id=\"destaques\" class=\"ancora-vazia\"><\/span>\n<p>&nbsp;<\/p>\n","protected":false},"excerpt":{"rendered":"<p>&nbsp;<\/p>\n","protected":false},"author":38,"featured_media":0,"parent":121,"menu_order":0,"comment_status":"closed","ping_status":"closed","template":"","meta":{"_acf_changed":false,"inline_featured_image":false,"footnotes":""},"class_list":["post-28","page","type-page","status-publish","hentry"],"acf":[],"yoast_head":"<!-- This site is optimized with the Yoast SEO plugin v27.3 - https:\/\/yoast.com\/product\/yoast-seo-wordpress\/ -->\n<title>\u00daltimas Not\u00edcias - HSM<\/title>\n<meta name=\"robots\" content=\"index, follow, max-snippet:-1, max-image-preview:large, max-video-preview:-1\" \/>\n<link rel=\"canonical\" href=\"https:\/\/ww16.ce.gov.br\/hsm\/home-2\/ultimas-noticias\/\" \/>\n<meta property=\"og:locale\" content=\"pt_BR\" \/>\n<meta property=\"og:type\" content=\"article\" \/>\n<meta property=\"og:title\" content=\"\u00daltimas Not\u00edcias - HSM\" \/>\n<meta property=\"og:description\" content=\"&nbsp;\" \/>\n<meta property=\"og:url\" content=\"https:\/\/ww16.ce.gov.br\/hsm\/home-2\/ultimas-noticias\/\" \/>\n<meta property=\"og:site_name\" content=\"HSM\" \/>\n<meta property=\"article:modified_time\" content=\"2022-10-07T00:00:03+00:00\" \/>\n<meta name=\"twitter:card\" content=\"summary_large_image\" \/>\n<script type=\"application\/ld+json\" class=\"yoast-schema-graph\">{\"@context\":\"https:\\\/\\\/schema.org\",\"@graph\":[{\"@type\":\"WebPage\",\"@id\":\"https:\\\/\\\/ww16.ce.gov.br\\\/hsm\\\/home-2\\\/ultimas-noticias\\\/\",\"url\":\"https:\\\/\\\/ww16.ce.gov.br\\\/hsm\\\/home-2\\\/ultimas-noticias\\\/\",\"name\":\"\u00daltimas Not\u00edcias - HSM\",\"isPartOf\":{\"@id\":\"https:\\\/\\\/ww16.ce.gov.br\\\/hsm\\\/#website\"},\"datePublished\":\"2017-11-20T14:57:39+00:00\",\"dateModified\":\"2022-10-07T00:00:03+00:00\",\"breadcrumb\":{\"@id\":\"https:\\\/\\\/ww16.ce.gov.br\\\/hsm\\\/home-2\\\/ultimas-noticias\\\/#breadcrumb\"},\"inLanguage\":\"pt-BR\",\"potentialAction\":[{\"@type\":\"ReadAction\",\"target\":[\"https:\\\/\\\/ww16.ce.gov.br\\\/hsm\\\/home-2\\\/ultimas-noticias\\\/\"]}]},{\"@type\":\"BreadcrumbList\",\"@id\":\"https:\\\/\\\/ww16.ce.gov.br\\\/hsm\\\/home-2\\\/ultimas-noticias\\\/#breadcrumb\",\"itemListElement\":[{\"@type\":\"ListItem\",\"position\":1,\"name\":\"In\u00edcio\",\"item\":\"https:\\\/\\\/ww16.ce.gov.br\\\/hsm\\\/\"},{\"@type\":\"ListItem\",\"position\":2,\"name\":\"Home\",\"item\":\"https:\\\/\\\/ww16.ce.gov.br\\\/hsm\\\/\"},{\"@type\":\"ListItem\",\"position\":3,\"name\":\"\u00daltimas Not\u00edcias\"}]},{\"@type\":\"WebSite\",\"@id\":\"https:\\\/\\\/ww16.ce.gov.br\\\/hsm\\\/#website\",\"url\":\"https:\\\/\\\/ww16.ce.gov.br\\\/hsm\\\/\",\"name\":\"HSM\",\"description\":\"Portal HSM\",\"potentialAction\":[{\"@type\":\"SearchAction\",\"target\":{\"@type\":\"EntryPoint\",\"urlTemplate\":\"https:\\\/\\\/ww16.ce.gov.br\\\/hsm\\\/?s={search_term_string}\"},\"query-input\":{\"@type\":\"PropertyValueSpecification\",\"valueRequired\":true,\"valueName\":\"search_term_string\"}}],\"inLanguage\":\"pt-BR\"}]}<\/script>\n<!-- \/ Yoast SEO plugin. -->","yoast_head_json":{"title":"\u00daltimas Not\u00edcias - HSM","robots":{"index":"index","follow":"follow","max-snippet":"max-snippet:-1","max-image-preview":"max-image-preview:large","max-video-preview":"max-video-preview:-1"},"canonical":"https:\/\/ww16.ce.gov.br\/hsm\/home-2\/ultimas-noticias\/","og_locale":"pt_BR","og_type":"article","og_title":"\u00daltimas Not\u00edcias - HSM","og_description":"&nbsp;","og_url":"https:\/\/ww16.ce.gov.br\/hsm\/home-2\/ultimas-noticias\/","og_site_name":"HSM","article_modified_time":"2022-10-07T00:00:03+00:00","twitter_card":"summary_large_image","schema":{"@context":"https:\/\/schema.org","@graph":[{"@type":"WebPage","@id":"https:\/\/ww16.ce.gov.br\/hsm\/home-2\/ultimas-noticias\/","url":"https:\/\/ww16.ce.gov.br\/hsm\/home-2\/ultimas-noticias\/","name":"\u00daltimas Not\u00edcias - HSM","isPartOf":{"@id":"https:\/\/ww16.ce.gov.br\/hsm\/#website"},"datePublished":"2017-11-20T14:57:39+00:00","dateModified":"2022-10-07T00:00:03+00:00","breadcrumb":{"@id":"https:\/\/ww16.ce.gov.br\/hsm\/home-2\/ultimas-noticias\/#breadcrumb"},"inLanguage":"pt-BR","potentialAction":[{"@type":"ReadAction","target":["https:\/\/ww16.ce.gov.br\/hsm\/home-2\/ultimas-noticias\/"]}]},{"@type":"BreadcrumbList","@id":"https:\/\/ww16.ce.gov.br\/hsm\/home-2\/ultimas-noticias\/#breadcrumb","itemListElement":[{"@type":"ListItem","position":1,"name":"In\u00edcio","item":"https:\/\/ww16.ce.gov.br\/hsm\/"},{"@type":"ListItem","position":2,"name":"Home","item":"https:\/\/ww16.ce.gov.br\/hsm\/"},{"@type":"ListItem","position":3,"name":"\u00daltimas Not\u00edcias"}]},{"@type":"WebSite","@id":"https:\/\/ww16.ce.gov.br\/hsm\/#website","url":"https:\/\/ww16.ce.gov.br\/hsm\/","name":"HSM","description":"Portal HSM","potentialAction":[{"@type":"SearchAction","target":{"@type":"EntryPoint","urlTemplate":"https:\/\/ww16.ce.gov.br\/hsm\/?s={search_term_string}"},"query-input":{"@type":"PropertyValueSpecification","valueRequired":true,"valueName":"search_term_string"}}],"inLanguage":"pt-BR"}]}},"_links":{"self":[{"href":"https:\/\/www.ce.gov.br\/hsm\/wp-json\/wp\/v2\/pages\/28","targetHints":{"allow":["GET"]}}],"collection":[{"href":"https:\/\/www.ce.gov.br\/hsm\/wp-json\/wp\/v2\/pages"}],"about":[{"href":"https:\/\/www.ce.gov.br\/hsm\/wp-json\/wp\/v2\/types\/page"}],"author":[{"embeddable":true,"href":"https:\/\/www.ce.gov.br\/hsm\/wp-json\/wp\/v2\/users\/38"}],"replies":[{"embeddable":true,"href":"https:\/\/www.ce.gov.br\/hsm\/wp-json\/wp\/v2\/comments?post=28"}],"version-history":[{"count":4,"href":"https:\/\/www.ce.gov.br\/hsm\/wp-json\/wp\/v2\/pages\/28\/revisions"}],"predecessor-version":[{"id":142,"href":"https:\/\/www.ce.gov.br\/hsm\/wp-json\/wp\/v2\/pages\/28\/revisions\/142"}],"up":[{"embeddable":true,"href":"https:\/\/www.ce.gov.br\/hsm\/wp-json\/wp\/v2\/pages\/121"}],"wp:attachment":[{"href":"https:\/\/www.ce.gov.br\/hsm\/wp-json\/wp\/v2\/media?parent=28"}],"curies":[{"name":"wp","href":"https:\/\/api.w.org\/{rel}","templated":true}]}}