{"id":3330,"date":"2026-05-11T10:25:21","date_gmt":"2026-05-11T13:25:21","guid":{"rendered":"https:\/\/www.ce.gov.br\/hsm\/?page_id=3330"},"modified":"2026-05-11T10:25:25","modified_gmt":"2026-05-11T13:25:25","slug":"perguntas-frequentes-2","status":"publish","type":"page","link":"https:\/\/www.ce.gov.br\/hsm\/perguntas-frequentes-2\/","title":{"rendered":"Perguntas Frequentes"},"content":{"rendered":"\n<p><\/p>\n\n\n<div class=\"cegovbr-faq-block-frontend\"><h3>Sem t\u00edtulo<\/h3><div class=\"cegovbr-faq-questions\"><div class=\"cegovbr-faq-item\"><h4 class=\"cegovbr-faq-question\">Em quais situa\u00e7\u00f5es \u00e9 necess\u00e1rio realizar a interna\u00e7\u00e3o no HSM?<\/h4><div class=\"cegovbr-faq-answer\">A interna\u00e7\u00e3o \u00e9 realizada para o tratamento de pacientes com quadros psiqui\u00e1tricos agudos ou com epis\u00f3dios de reagudiza\u00e7\u00e3o de quadros cr\u00f4nicos, sendo utilizados tratamentos biol\u00f3gicos e diferentes t\u00e9cnicas s\u00f3cio-psicoter\u00e1picas. A interna\u00e7\u00e3o \u00e9 apenas uma etapa do tratamento, e, por este motivo, \u00e9 prioritariamente de curta perman\u00eancia. Os pacientes t\u00eam projeto terap\u00eautico individualizado e s\u00e3o assistidos por equipe multidisciplinar composta por m\u00e9dicos psiquiatras e cl\u00ednicos, enfermeiro(a), terapeuta ocupacional, assistente social e psic\u00f3logo(a). O hospital disp\u00f5e de 160 (cento e sessenta) leitos gerais para interna\u00e7\u00e3o, divididos em quatro unidades com quarenta leitos, sendo duas femininas e duas masculinas, e 20 (vinte) leitos masculinos na Unidade de Desintoxica\u00e7\u00e3o (UD) destinada ao tratamento de dependentes qu\u00edmicos.<\/div><\/div><div class=\"cegovbr-faq-item\"><h4 class=\"cegovbr-faq-question\"><\/h4><div class=\"cegovbr-faq-answer\">Nos  ambulat\u00f3rios s\u00e3o atendidos os pacientes com transtornos mentais com diferentes diagn\u00f3sticos e graus de gravidade. Atualmente, a assist\u00eancia ambulatorial \u00e9 prestada pelos m\u00e9dicos que est\u00e3o se especializando em Psiquiatria, residentes do Hospital de Sa\u00fade Mental Professor Frota Pinto (HSM), sob a supervis\u00e3o de preceptores da Resid\u00eancia M\u00e9dica e disp\u00f5e de 33 ambulat\u00f3rios especializados, entre eles: Ambulat\u00f3rio Geral, N\u00facleo de Transtornos Ansiosos \u2013 NUTA; Transtornos da Sexualidade Humana \u2013 ATASH; Transtornos do Humor;  Ambulat\u00f3rio de Primeira Crise; Ambulat\u00f3rio de Psicose de Dif\u00edcil Controle \u2013 medicamentos de Alto Custo;  Ambulat\u00f3rio de Neuropsiquiatria; Ambulat\u00f3rio de Neurologia; Ambulat\u00f3rio de Psicogeriatria; N\u00facleo de Aten\u00e7\u00e3o a Inf\u00e2ncia e Adolesc\u00eancia \u2013 NAIA; Psicoterapia;  N\u00facleo de Atendimento a Paciente com Esquizofrenia \u2013 NUESQ; Servi\u00e7o de Refer\u00eancia Transdisciplinar para Transg\u00eaneros \u2013 SERTRANS; Psicoterapia Epilepsia; Ambulat\u00f3rio de Transtorno de Aten\u00e7\u00e3o e Impulsividade \u2013 ATAI.<\/div><\/div><div class=\"cegovbr-faq-item\"><h4 class=\"cegovbr-faq-question\">Como funciona a Unidade de Desintoxica\u00e7\u00e3o do HSM?<\/h4><div class=\"cegovbr-faq-answer\">Atende pessoas que desejam, de forma volunt\u00e1ria, tratar-se da depend\u00eancia de \u00e1lcool e de outras drogas. Ao dar entrada no hospital, o paciente \u00e9 acolhido pela equipe de enfermagem e recebe a orienta\u00e7\u00e3o de n\u00e3o fumar e conviver pacificamente. O per\u00edodo de interna\u00e7\u00e3o \u00e9 de 12 dias. Durante este tempo, \u00e9 acompanhado por especialistas como psiquiatras, psic\u00f3logos, enfermeiros, nutricionistas e assistentes sociais. O tratamento inclui uso de medicamentos e psicoterapia. Os pacientes tamb\u00e9m participam de rodas de conversa, leituras, reflex\u00f5es, terapias em grupo e individual.<\/div><\/div><div class=\"cegovbr-faq-item\"><h4 class=\"cegovbr-faq-question\">Ap\u00f3s a desintoxica\u00e7\u00e3o, o Hospital de Sa\u00fade Mental oferece servi\u00e7o para o paciente evitar o uso de \u00e1lcool e outras drogas?<\/h4><div class=\"cegovbr-faq-answer\">Sim, No Elo de Vida. O servi\u00e7o do HSM \u00e9 direcionado a adultos, usu\u00e1rios de \u00e1lcool e de outras subst\u00e2ncias que desejam buscar tratamento. O programa prev\u00ea a participa\u00e7\u00e3o dos familiares, como condi\u00e7\u00e3o para a recupera\u00e7\u00e3o e reintegra\u00e7\u00e3o s\u00f3cio-familiar. O per\u00edodo de tratamento \u00e9 de cinco meses, no m\u00ednimo, podendo ser prorrogado. O paciente fica no hospital de segunda a sexta-feira, das 8h \u00e0s 17h, retornando para sua resid\u00eancia no final do dia. Diversas atividades s\u00e3o realizadas no Elo de Vida. Al\u00e9m do acompanhamento com psic\u00f3logos, psiquiatras, terapeutas ocupacionais e assistentes sociais, os pacientes tamb\u00e9m participam de atividades esportivas, artesanais, musicoterapia, celebra\u00e7\u00f5es de datas comemorativas, passeios e cursos profissionalizantes desenvolvidos com institui\u00e7\u00f5es parceiras.<\/div><\/div><div class=\"cegovbr-faq-item\"><h4 class=\"cegovbr-faq-question\">\u00c9 poss\u00edvel buscar tratamento sem interna\u00e7\u00e3o no HSM?<\/h4><div class=\"cegovbr-faq-answer\">Sim, atrav\u00e9s da Hospital Dia &#8211; Lugar de Vida, uma unidade de semi-interna\u00e7\u00e3o voltada para pessoas com transtornos mentais que apresentam quadro de sa\u00fade est\u00e1vel. Os pacientes atendidos no Hospital Dia \u2013 Lugar de Vida passam o dia na unidade e depois retornam para casa. Na unidade, eles recebem quatro refei\u00e7\u00f5es di\u00e1rias, medica\u00e7\u00f5es indicadas pelos psiquiatras e atendimento psicoterap\u00eautico, al\u00e9m de ter acesso a oficinas art\u00edsticas, como confec\u00e7\u00e3o de artesanatos, arteterapia, pintura em tela, arte em papel e grafite. Os pacientes tamb\u00e9m podem ser encaminhados para institutos parceiros, onde s\u00e3o capacitados para o mercado de trabalho e podem conquistar uma vaga de emprego. Uma equipe multiprofissional formada por m\u00e9dicos, enfermeiros, psic\u00f3logos, terapeuta ocupacional e assistente social cuida diariamente dos pacientes para que eles n\u00e3o precisem retornar \u00e0 interna\u00e7\u00e3o e possam viver com mais qualidade de vida, junto a amigos e familiares. Os parentes dos pacientes tamb\u00e9m recebem apoio e orienta\u00e7\u00e3o para lidar melhor com os problemas enfrentados.<\/div><\/div><\/div><\/div>","protected":false},"excerpt":{"rendered":"","protected":false},"author":44,"featured_media":0,"parent":0,"menu_order":0,"comment_status":"closed","ping_status":"closed","template":"page-acesso-a-informacao.php","meta":{"_acf_changed":false,"inline_featured_image":false,"footnotes":""},"class_list":["post-3330","page","type-page","status-publish","hentry"],"acf":[],"yoast_head":"<!-- This site is optimized with the Yoast SEO plugin v27.3 - https:\/\/yoast.com\/product\/yoast-seo-wordpress\/ -->\n<title>Perguntas Frequentes - HSM<\/title>\n<meta name=\"robots\" content=\"index, follow, max-snippet:-1, max-image-preview:large, max-video-preview:-1\" \/>\n<link rel=\"canonical\" href=\"https:\/\/ww16.ce.gov.br\/hsm\/perguntas-frequentes-2\/\" \/>\n<meta property=\"og:locale\" content=\"pt_BR\" \/>\n<meta property=\"og:type\" content=\"article\" \/>\n<meta property=\"og:title\" content=\"Perguntas Frequentes - HSM\" \/>\n<meta property=\"og:url\" content=\"https:\/\/ww16.ce.gov.br\/hsm\/perguntas-frequentes-2\/\" \/>\n<meta property=\"og:site_name\" content=\"HSM\" \/>\n<meta property=\"article:modified_time\" content=\"2026-05-11T13:25:25+00:00\" \/>\n<meta name=\"twitter:card\" content=\"summary_large_image\" \/>\n<script type=\"application\/ld+json\" class=\"yoast-schema-graph\">{\"@context\":\"https:\\\/\\\/schema.org\",\"@graph\":[{\"@type\":\"WebPage\",\"@id\":\"https:\\\/\\\/ww16.ce.gov.br\\\/hsm\\\/perguntas-frequentes-2\\\/\",\"url\":\"https:\\\/\\\/ww16.ce.gov.br\\\/hsm\\\/perguntas-frequentes-2\\\/\",\"name\":\"Perguntas Frequentes - HSM\",\"isPartOf\":{\"@id\":\"https:\\\/\\\/ww16.ce.gov.br\\\/hsm\\\/#website\"},\"datePublished\":\"2026-05-11T13:25:21+00:00\",\"dateModified\":\"2026-05-11T13:25:25+00:00\",\"breadcrumb\":{\"@id\":\"https:\\\/\\\/ww16.ce.gov.br\\\/hsm\\\/perguntas-frequentes-2\\\/#breadcrumb\"},\"inLanguage\":\"pt-BR\",\"potentialAction\":[{\"@type\":\"ReadAction\",\"target\":[\"https:\\\/\\\/ww16.ce.gov.br\\\/hsm\\\/perguntas-frequentes-2\\\/\"]}]},{\"@type\":\"BreadcrumbList\",\"@id\":\"https:\\\/\\\/ww16.ce.gov.br\\\/hsm\\\/perguntas-frequentes-2\\\/#breadcrumb\",\"itemListElement\":[{\"@type\":\"ListItem\",\"position\":1,\"name\":\"In\u00edcio\",\"item\":\"https:\\\/\\\/ww16.ce.gov.br\\\/hsm\\\/\"},{\"@type\":\"ListItem\",\"position\":2,\"name\":\"Perguntas Frequentes\"}]},{\"@type\":\"WebSite\",\"@id\":\"https:\\\/\\\/ww16.ce.gov.br\\\/hsm\\\/#website\",\"url\":\"https:\\\/\\\/ww16.ce.gov.br\\\/hsm\\\/\",\"name\":\"HSM\",\"description\":\"Portal HSM\",\"potentialAction\":[{\"@type\":\"SearchAction\",\"target\":{\"@type\":\"EntryPoint\",\"urlTemplate\":\"https:\\\/\\\/ww16.ce.gov.br\\\/hsm\\\/?s={search_term_string}\"},\"query-input\":{\"@type\":\"PropertyValueSpecification\",\"valueRequired\":true,\"valueName\":\"search_term_string\"}}],\"inLanguage\":\"pt-BR\"}]}<\/script>\n<!-- \/ Yoast SEO plugin. -->","yoast_head_json":{"title":"Perguntas Frequentes - HSM","robots":{"index":"index","follow":"follow","max-snippet":"max-snippet:-1","max-image-preview":"max-image-preview:large","max-video-preview":"max-video-preview:-1"},"canonical":"https:\/\/ww16.ce.gov.br\/hsm\/perguntas-frequentes-2\/","og_locale":"pt_BR","og_type":"article","og_title":"Perguntas Frequentes - HSM","og_url":"https:\/\/ww16.ce.gov.br\/hsm\/perguntas-frequentes-2\/","og_site_name":"HSM","article_modified_time":"2026-05-11T13:25:25+00:00","twitter_card":"summary_large_image","schema":{"@context":"https:\/\/schema.org","@graph":[{"@type":"WebPage","@id":"https:\/\/ww16.ce.gov.br\/hsm\/perguntas-frequentes-2\/","url":"https:\/\/ww16.ce.gov.br\/hsm\/perguntas-frequentes-2\/","name":"Perguntas Frequentes - HSM","isPartOf":{"@id":"https:\/\/ww16.ce.gov.br\/hsm\/#website"},"datePublished":"2026-05-11T13:25:21+00:00","dateModified":"2026-05-11T13:25:25+00:00","breadcrumb":{"@id":"https:\/\/ww16.ce.gov.br\/hsm\/perguntas-frequentes-2\/#breadcrumb"},"inLanguage":"pt-BR","potentialAction":[{"@type":"ReadAction","target":["https:\/\/ww16.ce.gov.br\/hsm\/perguntas-frequentes-2\/"]}]},{"@type":"BreadcrumbList","@id":"https:\/\/ww16.ce.gov.br\/hsm\/perguntas-frequentes-2\/#breadcrumb","itemListElement":[{"@type":"ListItem","position":1,"name":"In\u00edcio","item":"https:\/\/ww16.ce.gov.br\/hsm\/"},{"@type":"ListItem","position":2,"name":"Perguntas Frequentes"}]},{"@type":"WebSite","@id":"https:\/\/ww16.ce.gov.br\/hsm\/#website","url":"https:\/\/ww16.ce.gov.br\/hsm\/","name":"HSM","description":"Portal HSM","potentialAction":[{"@type":"SearchAction","target":{"@type":"EntryPoint","urlTemplate":"https:\/\/ww16.ce.gov.br\/hsm\/?s={search_term_string}"},"query-input":{"@type":"PropertyValueSpecification","valueRequired":true,"valueName":"search_term_string"}}],"inLanguage":"pt-BR"}]}},"_links":{"self":[{"href":"https:\/\/www.ce.gov.br\/hsm\/wp-json\/wp\/v2\/pages\/3330","targetHints":{"allow":["GET"]}}],"collection":[{"href":"https:\/\/www.ce.gov.br\/hsm\/wp-json\/wp\/v2\/pages"}],"about":[{"href":"https:\/\/www.ce.gov.br\/hsm\/wp-json\/wp\/v2\/types\/page"}],"author":[{"embeddable":true,"href":"https:\/\/www.ce.gov.br\/hsm\/wp-json\/wp\/v2\/users\/44"}],"replies":[{"embeddable":true,"href":"https:\/\/www.ce.gov.br\/hsm\/wp-json\/wp\/v2\/comments?post=3330"}],"version-history":[{"count":2,"href":"https:\/\/www.ce.gov.br\/hsm\/wp-json\/wp\/v2\/pages\/3330\/revisions"}],"predecessor-version":[{"id":3334,"href":"https:\/\/www.ce.gov.br\/hsm\/wp-json\/wp\/v2\/pages\/3330\/revisions\/3334"}],"wp:attachment":[{"href":"https:\/\/www.ce.gov.br\/hsm\/wp-json\/wp\/v2\/media?parent=3330"}],"curies":[{"name":"wp","href":"https:\/\/api.w.org\/{rel}","templated":true}]}}