{"id":28,"date":"2017-11-23T12:57:39","date_gmt":"2017-11-23T15:57:39","guid":{"rendered":"http:\/\/www.ceara.gov.br\/pefoce\/?page_id=28"},"modified":"2026-01-27T15:26:24","modified_gmt":"2026-01-27T18:26:24","slug":"ultimas-noticias","status":"publish","type":"page","link":"https:\/\/www.ce.gov.br\/pefoce\/imprensa\/ultimas-noticias\/","title":{"rendered":"\u00daltimas Not\u00edcias"},"content":{"rendered":"\n<div class=\"ListagemManchetes row \">\n\n\n    <div class=\"  dt-8  \">\n\n        <div class=\"separador\">\n\n            \n        <\/div>\n\n            \n                    <div class=\"UltimasNoticias\">\n\n                                                    <h2 class=\"-SmallTitle\"> \u00daltimas Not\u00edcias <\/h2>\n                        \n                        <div class=\"SliderManchetes\">\n                            \n                                <figure class=\"frame\">\n                                    <img decoding=\"async\" src=\"https:\/\/www.ce.gov.br\/pefoce\/wp-content\/uploads\/sites\/57\/2026\/01\/pefoce-fortaleza-1-lugar-2.jpg\" class=\"attachment-medio size-medio\" alt=\"Pefoce Fortaleza ocupou 1\u00b0 lugar nacional de inser\u00e7\u00f5es no Banco Nacional Bal\u00edstico em 2025\" srcset=\"https:\/\/www.ce.gov.br\/pefoce\/wp-content\/uploads\/sites\/57\/2026\/01\/pefoce-fortaleza-1-lugar-2.jpg 1080w, https:\/\/www.ce.gov.br\/pefoce\/wp-content\/uploads\/sites\/57\/2026\/01\/pefoce-fortaleza-1-lugar-2-600x504.jpg 600w, https:\/\/www.ce.gov.br\/pefoce\/wp-content\/uploads\/sites\/57\/2026\/01\/pefoce-fortaleza-1-lugar-2-768x645.jpg 768w\" sizes=\"(max-width: 1080px) 100vw, 1080px\" \/>                                    <figcaption>\n                                                                                    <a href=\"https:\/\/www.ce.gov.br\/pefoce\/categoria\/noticias\/listanoticias\/\" class=\"categoria\">Lista de Not\u00edcias<\/a>\n                                                                                <a href=\"https:\/\/ww16.ce.gov.br\/pefoce\/2026\/01\/26\/pefoce-fortaleza-ocupou-1-lugar-nacional-de-insercoes-no-banco-nacional-balistico-em-2025\/\">\n                                            <h3 class=\"-bold\">Pefoce Fortaleza ocupou 1\u00b0 lugar nacional de inser\u00e7\u00f5es no Banco Nacional Bal\u00edstico em 2025<\/h3>\n                                        <\/a>\n\n                                        <div class=\"actions\">\n                                                                                                                                <\/div>\n                                    <\/figcaption>\n                                <\/figure>\n\n                                                    <\/div>\n\n                    <\/div>\n\n            \n\n\n    <\/div>\n\n    <div class=\"Side dt-4\">\n                                \n\n        <div class=\"destacado\">\n                    <a class=\"categoria\" href=\"https:\/\/www.ce.gov.br\/pefoce\/categoria\/noticias\/listanoticias\/\">Lista de Not\u00edcias<\/a>\n                <a href=\"https:\/\/www.ce.gov.br\/pefoce\/2026\/01\/27\/pefoce-participa-do-iii-workshop-do-comite-internacional-da-cruz-vermelha-sobre-desaparecidos\/\">\n                        <h2 class=\"-bold\">Pefoce participa do III Workshop do Comit\u00ea Internacional da Cruz Vermelha sobre desaparecidos<\/h2>\n                    <\/a>\n    <\/div><hr \/>\n    \n\n        <div class=\"destacado\">\n                    <a class=\"categoria\" href=\"https:\/\/www.ce.gov.br\/pefoce\/categoria\/noticias\/listanoticias\/\">Lista de Not\u00edcias<\/a>\n                <a href=\"https:\/\/www.ce.gov.br\/pefoce\/2026\/01\/27\/tecnologia-de-padrao-internacional-reforca-atuacao-da-pefoce-na-pericia-digital\/\">\n                            <h3>Tecnologia de padr\u00e3o internacional refor\u00e7a atua\u00e7\u00e3o da Pefoce na per\u00edcia digital<\/h3>\n                    <\/a>\n    <\/div><hr \/>\n    \n\n        <div class=\"destacado\">\n                    <a class=\"categoria\" href=\"https:\/\/www.ce.gov.br\/pefoce\/categoria\/noticias\/listanoticias\/\">Lista de Not\u00edcias<\/a>\n                <a href=\"https:\/\/www.ce.gov.br\/pefoce\/2026\/01\/26\/pericia-forense-do-ceara-participa-de-reuniao-do-coesi-e-governo-entrega-58-viaturas-semiblindadas\/\">\n                            <h3>Per\u00edcia Forense do Cear\u00e1 participa de reuni\u00e3o do COESI e Governo entrega 58 viaturas semiblindadas<\/h3>\n                    <\/a>\n    <\/div><hr \/>\n    \n        \n    <\/div>\n\n<\/div>\n\n<p>&nbsp;<\/p>\n<span id=\"destaques\" class=\"ancora-vazia\"><\/span>\n<p>&nbsp;<\/p>\n","protected":false},"excerpt":{"rendered":"<p>&nbsp; &nbsp;<\/p>\n","protected":false},"author":38,"featured_media":75140,"parent":121,"menu_order":0,"comment_status":"closed","ping_status":"closed","template":"pagina-lista-filhas.php","meta":{"_acf_changed":false,"inline_featured_image":false,"footnotes":""},"class_list":["post-28","page","type-page","status-publish","has-post-thumbnail","hentry"],"acf":[],"yoast_head":"<!-- This site is optimized with the Yoast SEO plugin v27.3 - https:\/\/yoast.com\/product\/yoast-seo-wordpress\/ -->\n<title>\u00daltimas Not\u00edcias - PEFOCE<\/title>\n<meta name=\"robots\" content=\"index, follow, max-snippet:-1, max-image-preview:large, max-video-preview:-1\" \/>\n<link rel=\"canonical\" href=\"https:\/\/ww16.ce.gov.br\/pefoce\/imprensa\/ultimas-noticias\/\" \/>\n<meta property=\"og:locale\" content=\"pt_BR\" \/>\n<meta property=\"og:type\" content=\"article\" \/>\n<meta property=\"og:title\" content=\"\u00daltimas Not\u00edcias - PEFOCE\" \/>\n<meta property=\"og:description\" content=\"&nbsp; &nbsp;\" \/>\n<meta property=\"og:url\" content=\"https:\/\/ww16.ce.gov.br\/pefoce\/imprensa\/ultimas-noticias\/\" \/>\n<meta property=\"og:site_name\" content=\"PEFOCE\" \/>\n<meta property=\"article:modified_time\" content=\"2026-01-27T18:26:24+00:00\" \/>\n<meta property=\"og:image\" content=\"https:\/\/ww16.ce.gov.br\/pefoce\/wp-content\/uploads\/sites\/57\/2026\/01\/5.jpeg\" \/>\n\t<meta property=\"og:image:width\" content=\"1280\" \/>\n\t<meta property=\"og:image:height\" content=\"853\" \/>\n\t<meta property=\"og:image:type\" content=\"image\/jpeg\" \/>\n<meta name=\"twitter:card\" content=\"summary_large_image\" \/>\n<meta name=\"twitter:label1\" content=\"Est. reading time\" \/>\n\t<meta name=\"twitter:data1\" content=\"1 minuto\" \/>\n<script type=\"application\/ld+json\" class=\"yoast-schema-graph\">{\"@context\":\"https:\\\/\\\/schema.org\",\"@graph\":[{\"@type\":\"WebPage\",\"@id\":\"https:\\\/\\\/ww16.ce.gov.br\\\/pefoce\\\/imprensa\\\/ultimas-noticias\\\/\",\"url\":\"https:\\\/\\\/ww16.ce.gov.br\\\/pefoce\\\/imprensa\\\/ultimas-noticias\\\/\",\"name\":\"\u00daltimas Not\u00edcias - PEFOCE\",\"isPartOf\":{\"@id\":\"https:\\\/\\\/ww16.ce.gov.br\\\/pefoce\\\/#website\"},\"primaryImageOfPage\":{\"@id\":\"https:\\\/\\\/ww16.ce.gov.br\\\/pefoce\\\/imprensa\\\/ultimas-noticias\\\/#primaryimage\"},\"image\":{\"@id\":\"https:\\\/\\\/ww16.ce.gov.br\\\/pefoce\\\/imprensa\\\/ultimas-noticias\\\/#primaryimage\"},\"thumbnailUrl\":\"https:\\\/\\\/www.ce.gov.br\\\/pefoce\\\/wp-content\\\/uploads\\\/sites\\\/57\\\/2026\\\/01\\\/5.jpeg\",\"datePublished\":\"2017-11-23T15:57:39+00:00\",\"dateModified\":\"2026-01-27T18:26:24+00:00\",\"breadcrumb\":{\"@id\":\"https:\\\/\\\/ww16.ce.gov.br\\\/pefoce\\\/imprensa\\\/ultimas-noticias\\\/#breadcrumb\"},\"inLanguage\":\"pt-BR\",\"potentialAction\":[{\"@type\":\"ReadAction\",\"target\":[\"https:\\\/\\\/ww16.ce.gov.br\\\/pefoce\\\/imprensa\\\/ultimas-noticias\\\/\"]}]},{\"@type\":\"ImageObject\",\"inLanguage\":\"pt-BR\",\"@id\":\"https:\\\/\\\/ww16.ce.gov.br\\\/pefoce\\\/imprensa\\\/ultimas-noticias\\\/#primaryimage\",\"url\":\"https:\\\/\\\/www.ce.gov.br\\\/pefoce\\\/wp-content\\\/uploads\\\/sites\\\/57\\\/2026\\\/01\\\/5.jpeg\",\"contentUrl\":\"https:\\\/\\\/www.ce.gov.br\\\/pefoce\\\/wp-content\\\/uploads\\\/sites\\\/57\\\/2026\\\/01\\\/5.jpeg\",\"width\":1280,\"height\":853},{\"@type\":\"BreadcrumbList\",\"@id\":\"https:\\\/\\\/ww16.ce.gov.br\\\/pefoce\\\/imprensa\\\/ultimas-noticias\\\/#breadcrumb\",\"itemListElement\":[{\"@type\":\"ListItem\",\"position\":1,\"name\":\"In\u00edcio\",\"item\":\"https:\\\/\\\/ww16.ce.gov.br\\\/pefoce\\\/\"},{\"@type\":\"ListItem\",\"position\":2,\"name\":\"Pagina inicial\",\"item\":\"https:\\\/\\\/ww16.ce.gov.br\\\/pefoce\\\/\"},{\"@type\":\"ListItem\",\"position\":3,\"name\":\"\u00daltimas Not\u00edcias\"}]},{\"@type\":\"WebSite\",\"@id\":\"https:\\\/\\\/ww16.ce.gov.br\\\/pefoce\\\/#website\",\"url\":\"https:\\\/\\\/ww16.ce.gov.br\\\/pefoce\\\/\",\"name\":\"Per\u00edcia Forense\",\"description\":\"Portal PEFOCE\",\"publisher\":{\"@id\":\"https:\\\/\\\/ww16.ce.gov.br\\\/pefoce\\\/#organization\"},\"potentialAction\":[{\"@type\":\"SearchAction\",\"target\":{\"@type\":\"EntryPoint\",\"urlTemplate\":\"https:\\\/\\\/ww16.ce.gov.br\\\/pefoce\\\/?s={search_term_string}\"},\"query-input\":{\"@type\":\"PropertyValueSpecification\",\"valueRequired\":true,\"valueName\":\"search_term_string\"}}],\"inLanguage\":\"pt-BR\"},{\"@type\":\"Organization\",\"@id\":\"https:\\\/\\\/ww16.ce.gov.br\\\/pefoce\\\/#organization\",\"name\":\"Per\u00edcia Forense\",\"url\":\"https:\\\/\\\/ww16.ce.gov.br\\\/pefoce\\\/\",\"logo\":{\"@type\":\"ImageObject\",\"inLanguage\":\"pt-BR\",\"@id\":\"https:\\\/\\\/ww16.ce.gov.br\\\/pefoce\\\/#\\\/schema\\\/logo\\\/image\\\/\",\"url\":\"http:\\\/\\\/ww16.ce.gov.br\\\/pefoce\\\/wp-content\\\/uploads\\\/sites\\\/28\\\/2018\\\/04\\\/pefoce-clara.png\",\"contentUrl\":\"http:\\\/\\\/ww16.ce.gov.br\\\/pefoce\\\/wp-content\\\/uploads\\\/sites\\\/28\\\/2018\\\/04\\\/pefoce-clara.png\",\"width\":559,\"height\":106,\"caption\":\"Per\u00edcia Forense\"},\"image\":{\"@id\":\"https:\\\/\\\/ww16.ce.gov.br\\\/pefoce\\\/#\\\/schema\\\/logo\\\/image\\\/\"}}]}<\/script>\n<!-- \/ Yoast SEO plugin. -->","yoast_head_json":{"title":"\u00daltimas Not\u00edcias - PEFOCE","robots":{"index":"index","follow":"follow","max-snippet":"max-snippet:-1","max-image-preview":"max-image-preview:large","max-video-preview":"max-video-preview:-1"},"canonical":"https:\/\/ww16.ce.gov.br\/pefoce\/imprensa\/ultimas-noticias\/","og_locale":"pt_BR","og_type":"article","og_title":"\u00daltimas Not\u00edcias - PEFOCE","og_description":"&nbsp; &nbsp;","og_url":"https:\/\/ww16.ce.gov.br\/pefoce\/imprensa\/ultimas-noticias\/","og_site_name":"PEFOCE","article_modified_time":"2026-01-27T18:26:24+00:00","og_image":[{"width":1280,"height":853,"url":"https:\/\/ww16.ce.gov.br\/pefoce\/wp-content\/uploads\/sites\/57\/2026\/01\/5.jpeg","type":"image\/jpeg"}],"twitter_card":"summary_large_image","twitter_misc":{"Est. reading time":"1 minuto"},"schema":{"@context":"https:\/\/schema.org","@graph":[{"@type":"WebPage","@id":"https:\/\/ww16.ce.gov.br\/pefoce\/imprensa\/ultimas-noticias\/","url":"https:\/\/ww16.ce.gov.br\/pefoce\/imprensa\/ultimas-noticias\/","name":"\u00daltimas Not\u00edcias - PEFOCE","isPartOf":{"@id":"https:\/\/ww16.ce.gov.br\/pefoce\/#website"},"primaryImageOfPage":{"@id":"https:\/\/ww16.ce.gov.br\/pefoce\/imprensa\/ultimas-noticias\/#primaryimage"},"image":{"@id":"https:\/\/ww16.ce.gov.br\/pefoce\/imprensa\/ultimas-noticias\/#primaryimage"},"thumbnailUrl":"https:\/\/www.ce.gov.br\/pefoce\/wp-content\/uploads\/sites\/57\/2026\/01\/5.jpeg","datePublished":"2017-11-23T15:57:39+00:00","dateModified":"2026-01-27T18:26:24+00:00","breadcrumb":{"@id":"https:\/\/ww16.ce.gov.br\/pefoce\/imprensa\/ultimas-noticias\/#breadcrumb"},"inLanguage":"pt-BR","potentialAction":[{"@type":"ReadAction","target":["https:\/\/ww16.ce.gov.br\/pefoce\/imprensa\/ultimas-noticias\/"]}]},{"@type":"ImageObject","inLanguage":"pt-BR","@id":"https:\/\/ww16.ce.gov.br\/pefoce\/imprensa\/ultimas-noticias\/#primaryimage","url":"https:\/\/www.ce.gov.br\/pefoce\/wp-content\/uploads\/sites\/57\/2026\/01\/5.jpeg","contentUrl":"https:\/\/www.ce.gov.br\/pefoce\/wp-content\/uploads\/sites\/57\/2026\/01\/5.jpeg","width":1280,"height":853},{"@type":"BreadcrumbList","@id":"https:\/\/ww16.ce.gov.br\/pefoce\/imprensa\/ultimas-noticias\/#breadcrumb","itemListElement":[{"@type":"ListItem","position":1,"name":"In\u00edcio","item":"https:\/\/ww16.ce.gov.br\/pefoce\/"},{"@type":"ListItem","position":2,"name":"Pagina inicial","item":"https:\/\/ww16.ce.gov.br\/pefoce\/"},{"@type":"ListItem","position":3,"name":"\u00daltimas Not\u00edcias"}]},{"@type":"WebSite","@id":"https:\/\/ww16.ce.gov.br\/pefoce\/#website","url":"https:\/\/ww16.ce.gov.br\/pefoce\/","name":"Per\u00edcia Forense","description":"Portal PEFOCE","publisher":{"@id":"https:\/\/ww16.ce.gov.br\/pefoce\/#organization"},"potentialAction":[{"@type":"SearchAction","target":{"@type":"EntryPoint","urlTemplate":"https:\/\/ww16.ce.gov.br\/pefoce\/?s={search_term_string}"},"query-input":{"@type":"PropertyValueSpecification","valueRequired":true,"valueName":"search_term_string"}}],"inLanguage":"pt-BR"},{"@type":"Organization","@id":"https:\/\/ww16.ce.gov.br\/pefoce\/#organization","name":"Per\u00edcia Forense","url":"https:\/\/ww16.ce.gov.br\/pefoce\/","logo":{"@type":"ImageObject","inLanguage":"pt-BR","@id":"https:\/\/ww16.ce.gov.br\/pefoce\/#\/schema\/logo\/image\/","url":"http:\/\/ww16.ce.gov.br\/pefoce\/wp-content\/uploads\/sites\/28\/2018\/04\/pefoce-clara.png","contentUrl":"http:\/\/ww16.ce.gov.br\/pefoce\/wp-content\/uploads\/sites\/28\/2018\/04\/pefoce-clara.png","width":559,"height":106,"caption":"Per\u00edcia Forense"},"image":{"@id":"https:\/\/ww16.ce.gov.br\/pefoce\/#\/schema\/logo\/image\/"}}]}},"_links":{"self":[{"href":"https:\/\/www.ce.gov.br\/pefoce\/wp-json\/wp\/v2\/pages\/28","targetHints":{"allow":["GET"]}}],"collection":[{"href":"https:\/\/www.ce.gov.br\/pefoce\/wp-json\/wp\/v2\/pages"}],"about":[{"href":"https:\/\/www.ce.gov.br\/pefoce\/wp-json\/wp\/v2\/types\/page"}],"author":[{"embeddable":true,"href":"https:\/\/www.ce.gov.br\/pefoce\/wp-json\/wp\/v2\/users\/38"}],"replies":[{"embeddable":true,"href":"https:\/\/www.ce.gov.br\/pefoce\/wp-json\/wp\/v2\/comments?post=28"}],"version-history":[{"count":383,"href":"https:\/\/www.ce.gov.br\/pefoce\/wp-json\/wp\/v2\/pages\/28\/revisions"}],"predecessor-version":[{"id":75310,"href":"https:\/\/www.ce.gov.br\/pefoce\/wp-json\/wp\/v2\/pages\/28\/revisions\/75310"}],"up":[{"embeddable":true,"href":"https:\/\/www.ce.gov.br\/pefoce\/wp-json\/wp\/v2\/pages\/121"}],"wp:featuredmedia":[{"embeddable":true,"href":"https:\/\/www.ce.gov.br\/pefoce\/wp-json\/wp\/v2\/media\/75140"}],"wp:attachment":[{"href":"https:\/\/www.ce.gov.br\/pefoce\/wp-json\/wp\/v2\/media?parent=28"}],"curies":[{"name":"wp","href":"https:\/\/api.w.org\/{rel}","templated":true}]}}