{"id":67183,"date":"2018-02-07T10:48:35","date_gmt":"2018-02-07T13:48:35","guid":{"rendered":"http:\/\/ww3.ceara.gov.br\/?page_id=67183"},"modified":"2026-02-11T15:25:12","modified_gmt":"2026-02-11T18:25:12","slug":"acesso-a-informacao","status":"publish","type":"page","link":"https:\/\/www.ce.gov.br\/pefoce\/acesso-a-informacao\/","title":{"rendered":"Acesso \u00e0 Informa\u00e7\u00e3o"},"content":{"rendered":"<h2 class=\"-laranja\"><strong>Acesso \u00e0 Informa\u00e7\u00e3o<\/strong><\/h2>\n<p><img loading=\"lazy\" decoding=\"async\" class=\"alignnone wp-image-68232\" src=\"https:\/\/ww16.ce.gov.br\/pefoce\/wp-content\/uploads\/sites\/57\/2018\/12\/banner-acesso-informacao3-600x210.png\" alt=\"\" width=\"902\" height=\"316\" srcset=\"https:\/\/www.ce.gov.br\/pefoce\/wp-content\/uploads\/sites\/57\/2018\/12\/banner-acesso-informacao3-600x210.png 600w, https:\/\/www.ce.gov.br\/pefoce\/wp-content\/uploads\/sites\/57\/2018\/12\/banner-acesso-informacao3-768x269.png 768w, https:\/\/www.ce.gov.br\/pefoce\/wp-content\/uploads\/sites\/57\/2018\/12\/banner-acesso-informacao3.png 800w\" sizes=\"auto, (max-width: 902px) 100vw, 902px\" \/><\/p>\n<p>A Lei Estadual de Acesso \u00e0 Informa\u00e7\u00e3o, Lei n\u00ba 15.175\/2012, institui como princ\u00edpio fundamental que o acesso \u00e0 informa\u00e7\u00e3o p\u00fablica \u00e9 a regra e o sigilo a exce\u00e7\u00e3o. Sua san\u00e7\u00e3o representa mais um importante passo para a consolida\u00e7\u00e3o do regime democr\u00e1tico e para o fortalecimento das pol\u00edticas de transpar\u00eancia p\u00fablica. A legisla\u00e7\u00e3o estadual vem complementar, no \u00e2mbito do Cear\u00e1, a Lei Geral de Acesso \u00e0 Informa\u00e7\u00e3o, Lei n\u00ba 12.527\/2011.<\/p>\n<p>A mencionada Lei Estadual e o Decreto Estadual n\u00b0 31.199\/2013 determinam um rol m\u00ednimo de informa\u00e7\u00f5es que devem estar divulgadas proativamente (transpar\u00eancia ativa) nos s\u00edtios institucionais dos \u00f3rg\u00e3os e entidades, listadas nesta p\u00e1gina. As informa\u00e7\u00f5es de interesse do cidad\u00e3o que n\u00e3o estejam dispon\u00edveis na forma ativa, podem ser solicitadas clicando nos links dispon\u00edveis na guia \u201cFale Conosco\u201d (transpar\u00eancia passiva).<\/p>\n<p>\u00a0<\/p>\n<p><a href=\"https:\/\/ww16.ce.gov.br\/pefoce\/wp-content\/uploads\/sites\/57\/2018\/12\/Lei-n\u00ba-15.175-28-de-junho-de-2012.pdf\">Conhe\u00e7a a \u00edntegra da Lei Estadual de Acesso \u00e0 Informa\u00e7\u00e3o \u2013 n\u00ba 15.175<\/a><\/p>\n<p><a href=\"https:\/\/www.planalto.gov.br\/ccivil_03\/_ato2011-2014\/2011\/lei\/l12527.htm\">Conhe\u00e7a a \u00edntegra da Lei Federal<\/a><\/p>\n<p><a href=\"https:\/\/cearatransparente.ce.gov.br\/\">Acesse o Portal da Transpar\u00eancia<\/a><\/p>\n<p><a href=\"https:\/\/cearatransparente.ce.gov.br\/portal-da-transparencia\/acesso-a-informacao?locale=pt-BR#lei-de-acesso-a-informacao\">Acesso \u00e0 Informa\u00e7\u00e3o<\/a><\/p>\n\n\n<p><\/p>\n","protected":false},"excerpt":{"rendered":"<p>Acesso \u00e0 Informa\u00e7\u00e3o A Lei Estadual de Acesso \u00e0 Informa\u00e7\u00e3o, Lei n\u00ba 15.175\/2012, institui como princ\u00edpio fundamental que o acesso \u00e0 informa\u00e7\u00e3o p\u00fablica \u00e9 a regra e o sigilo a exce\u00e7\u00e3o. Sua san\u00e7\u00e3o representa mais um importante passo para a consolida\u00e7\u00e3o do regime democr\u00e1tico e para o fortalecimento das pol\u00edticas de transpar\u00eancia p\u00fablica. A legisla\u00e7\u00e3o [&hellip;]<\/p>\n","protected":false},"author":12,"featured_media":68232,"parent":0,"menu_order":1,"comment_status":"closed","ping_status":"closed","template":"page-acesso-a-informacao.php","meta":{"_acf_changed":false,"inline_featured_image":false,"footnotes":""},"class_list":["post-67183","page","type-page","status-publish","has-post-thumbnail","hentry"],"acf":[],"yoast_head":"<!-- This site is optimized with the Yoast SEO plugin v27.3 - https:\/\/yoast.com\/product\/yoast-seo-wordpress\/ -->\n<title>Acesso \u00e0 Informa\u00e7\u00e3o - PEFOCE<\/title>\n<meta name=\"robots\" content=\"index, follow, max-snippet:-1, max-image-preview:large, max-video-preview:-1\" \/>\n<link rel=\"canonical\" href=\"https:\/\/ww16.ce.gov.br\/pefoce\/acesso-a-informacao\/\" \/>\n<meta property=\"og:locale\" content=\"pt_BR\" \/>\n<meta property=\"og:type\" content=\"article\" \/>\n<meta property=\"og:title\" content=\"Acesso \u00e0 Informa\u00e7\u00e3o - PEFOCE\" \/>\n<meta property=\"og:description\" content=\"Acesso \u00e0 Informa\u00e7\u00e3o A Lei Estadual de Acesso \u00e0 Informa\u00e7\u00e3o, Lei n\u00ba 15.175\/2012, institui como princ\u00edpio fundamental que o acesso \u00e0 informa\u00e7\u00e3o p\u00fablica \u00e9 a regra e o sigilo a exce\u00e7\u00e3o. Sua san\u00e7\u00e3o representa mais um importante passo para a consolida\u00e7\u00e3o do regime democr\u00e1tico e para o fortalecimento das pol\u00edticas de transpar\u00eancia p\u00fablica. A legisla\u00e7\u00e3o [&hellip;]\" \/>\n<meta property=\"og:url\" content=\"https:\/\/ww16.ce.gov.br\/pefoce\/acesso-a-informacao\/\" \/>\n<meta property=\"og:site_name\" content=\"PEFOCE\" \/>\n<meta property=\"article:modified_time\" content=\"2026-02-11T18:25:12+00:00\" \/>\n<meta property=\"og:image\" content=\"https:\/\/ww16.ce.gov.br\/pefoce\/wp-content\/uploads\/sites\/57\/2018\/12\/banner-acesso-informacao3.png\" \/>\n\t<meta property=\"og:image:width\" content=\"800\" \/>\n\t<meta property=\"og:image:height\" content=\"280\" \/>\n\t<meta property=\"og:image:type\" content=\"image\/png\" \/>\n<meta name=\"twitter:card\" content=\"summary_large_image\" \/>\n<meta name=\"twitter:label1\" content=\"Est. reading time\" \/>\n\t<meta name=\"twitter:data1\" content=\"2 minutos\" \/>\n<script type=\"application\/ld+json\" class=\"yoast-schema-graph\">{\"@context\":\"https:\\\/\\\/schema.org\",\"@graph\":[{\"@type\":\"WebPage\",\"@id\":\"https:\\\/\\\/ww16.ce.gov.br\\\/pefoce\\\/acesso-a-informacao\\\/\",\"url\":\"https:\\\/\\\/ww16.ce.gov.br\\\/pefoce\\\/acesso-a-informacao\\\/\",\"name\":\"Acesso \u00e0 Informa\u00e7\u00e3o - PEFOCE\",\"isPartOf\":{\"@id\":\"https:\\\/\\\/ww16.ce.gov.br\\\/pefoce\\\/#website\"},\"primaryImageOfPage\":{\"@id\":\"https:\\\/\\\/ww16.ce.gov.br\\\/pefoce\\\/acesso-a-informacao\\\/#primaryimage\"},\"image\":{\"@id\":\"https:\\\/\\\/ww16.ce.gov.br\\\/pefoce\\\/acesso-a-informacao\\\/#primaryimage\"},\"thumbnailUrl\":\"https:\\\/\\\/www.ce.gov.br\\\/pefoce\\\/wp-content\\\/uploads\\\/sites\\\/57\\\/2018\\\/12\\\/banner-acesso-informacao3.png\",\"datePublished\":\"2018-02-07T13:48:35+00:00\",\"dateModified\":\"2026-02-11T18:25:12+00:00\",\"breadcrumb\":{\"@id\":\"https:\\\/\\\/ww16.ce.gov.br\\\/pefoce\\\/acesso-a-informacao\\\/#breadcrumb\"},\"inLanguage\":\"pt-BR\",\"potentialAction\":[{\"@type\":\"ReadAction\",\"target\":[\"https:\\\/\\\/ww16.ce.gov.br\\\/pefoce\\\/acesso-a-informacao\\\/\"]}]},{\"@type\":\"ImageObject\",\"inLanguage\":\"pt-BR\",\"@id\":\"https:\\\/\\\/ww16.ce.gov.br\\\/pefoce\\\/acesso-a-informacao\\\/#primaryimage\",\"url\":\"https:\\\/\\\/www.ce.gov.br\\\/pefoce\\\/wp-content\\\/uploads\\\/sites\\\/57\\\/2018\\\/12\\\/banner-acesso-informacao3.png\",\"contentUrl\":\"https:\\\/\\\/www.ce.gov.br\\\/pefoce\\\/wp-content\\\/uploads\\\/sites\\\/57\\\/2018\\\/12\\\/banner-acesso-informacao3.png\",\"width\":800,\"height\":280},{\"@type\":\"BreadcrumbList\",\"@id\":\"https:\\\/\\\/ww16.ce.gov.br\\\/pefoce\\\/acesso-a-informacao\\\/#breadcrumb\",\"itemListElement\":[{\"@type\":\"ListItem\",\"position\":1,\"name\":\"In\u00edcio\",\"item\":\"https:\\\/\\\/ww16.ce.gov.br\\\/pefoce\\\/\"},{\"@type\":\"ListItem\",\"position\":2,\"name\":\"Acesso \u00e0 Informa\u00e7\u00e3o\"}]},{\"@type\":\"WebSite\",\"@id\":\"https:\\\/\\\/ww16.ce.gov.br\\\/pefoce\\\/#website\",\"url\":\"https:\\\/\\\/ww16.ce.gov.br\\\/pefoce\\\/\",\"name\":\"Per\u00edcia Forense\",\"description\":\"Portal PEFOCE\",\"publisher\":{\"@id\":\"https:\\\/\\\/ww16.ce.gov.br\\\/pefoce\\\/#organization\"},\"potentialAction\":[{\"@type\":\"SearchAction\",\"target\":{\"@type\":\"EntryPoint\",\"urlTemplate\":\"https:\\\/\\\/ww16.ce.gov.br\\\/pefoce\\\/?s={search_term_string}\"},\"query-input\":{\"@type\":\"PropertyValueSpecification\",\"valueRequired\":true,\"valueName\":\"search_term_string\"}}],\"inLanguage\":\"pt-BR\"},{\"@type\":\"Organization\",\"@id\":\"https:\\\/\\\/ww16.ce.gov.br\\\/pefoce\\\/#organization\",\"name\":\"Per\u00edcia Forense\",\"url\":\"https:\\\/\\\/ww16.ce.gov.br\\\/pefoce\\\/\",\"logo\":{\"@type\":\"ImageObject\",\"inLanguage\":\"pt-BR\",\"@id\":\"https:\\\/\\\/ww16.ce.gov.br\\\/pefoce\\\/#\\\/schema\\\/logo\\\/image\\\/\",\"url\":\"http:\\\/\\\/ww16.ce.gov.br\\\/pefoce\\\/wp-content\\\/uploads\\\/sites\\\/28\\\/2018\\\/04\\\/pefoce-clara.png\",\"contentUrl\":\"http:\\\/\\\/ww16.ce.gov.br\\\/pefoce\\\/wp-content\\\/uploads\\\/sites\\\/28\\\/2018\\\/04\\\/pefoce-clara.png\",\"width\":559,\"height\":106,\"caption\":\"Per\u00edcia Forense\"},\"image\":{\"@id\":\"https:\\\/\\\/ww16.ce.gov.br\\\/pefoce\\\/#\\\/schema\\\/logo\\\/image\\\/\"}}]}<\/script>\n<!-- \/ Yoast SEO plugin. -->","yoast_head_json":{"title":"Acesso \u00e0 Informa\u00e7\u00e3o - PEFOCE","robots":{"index":"index","follow":"follow","max-snippet":"max-snippet:-1","max-image-preview":"max-image-preview:large","max-video-preview":"max-video-preview:-1"},"canonical":"https:\/\/ww16.ce.gov.br\/pefoce\/acesso-a-informacao\/","og_locale":"pt_BR","og_type":"article","og_title":"Acesso \u00e0 Informa\u00e7\u00e3o - PEFOCE","og_description":"Acesso \u00e0 Informa\u00e7\u00e3o A Lei Estadual de Acesso \u00e0 Informa\u00e7\u00e3o, Lei n\u00ba 15.175\/2012, institui como princ\u00edpio fundamental que o acesso \u00e0 informa\u00e7\u00e3o p\u00fablica \u00e9 a regra e o sigilo a exce\u00e7\u00e3o. Sua san\u00e7\u00e3o representa mais um importante passo para a consolida\u00e7\u00e3o do regime democr\u00e1tico e para o fortalecimento das pol\u00edticas de transpar\u00eancia p\u00fablica. A legisla\u00e7\u00e3o [&hellip;]","og_url":"https:\/\/ww16.ce.gov.br\/pefoce\/acesso-a-informacao\/","og_site_name":"PEFOCE","article_modified_time":"2026-02-11T18:25:12+00:00","og_image":[{"width":800,"height":280,"url":"https:\/\/ww16.ce.gov.br\/pefoce\/wp-content\/uploads\/sites\/57\/2018\/12\/banner-acesso-informacao3.png","type":"image\/png"}],"twitter_card":"summary_large_image","twitter_misc":{"Est. reading time":"2 minutos"},"schema":{"@context":"https:\/\/schema.org","@graph":[{"@type":"WebPage","@id":"https:\/\/ww16.ce.gov.br\/pefoce\/acesso-a-informacao\/","url":"https:\/\/ww16.ce.gov.br\/pefoce\/acesso-a-informacao\/","name":"Acesso \u00e0 Informa\u00e7\u00e3o - PEFOCE","isPartOf":{"@id":"https:\/\/ww16.ce.gov.br\/pefoce\/#website"},"primaryImageOfPage":{"@id":"https:\/\/ww16.ce.gov.br\/pefoce\/acesso-a-informacao\/#primaryimage"},"image":{"@id":"https:\/\/ww16.ce.gov.br\/pefoce\/acesso-a-informacao\/#primaryimage"},"thumbnailUrl":"https:\/\/www.ce.gov.br\/pefoce\/wp-content\/uploads\/sites\/57\/2018\/12\/banner-acesso-informacao3.png","datePublished":"2018-02-07T13:48:35+00:00","dateModified":"2026-02-11T18:25:12+00:00","breadcrumb":{"@id":"https:\/\/ww16.ce.gov.br\/pefoce\/acesso-a-informacao\/#breadcrumb"},"inLanguage":"pt-BR","potentialAction":[{"@type":"ReadAction","target":["https:\/\/ww16.ce.gov.br\/pefoce\/acesso-a-informacao\/"]}]},{"@type":"ImageObject","inLanguage":"pt-BR","@id":"https:\/\/ww16.ce.gov.br\/pefoce\/acesso-a-informacao\/#primaryimage","url":"https:\/\/www.ce.gov.br\/pefoce\/wp-content\/uploads\/sites\/57\/2018\/12\/banner-acesso-informacao3.png","contentUrl":"https:\/\/www.ce.gov.br\/pefoce\/wp-content\/uploads\/sites\/57\/2018\/12\/banner-acesso-informacao3.png","width":800,"height":280},{"@type":"BreadcrumbList","@id":"https:\/\/ww16.ce.gov.br\/pefoce\/acesso-a-informacao\/#breadcrumb","itemListElement":[{"@type":"ListItem","position":1,"name":"In\u00edcio","item":"https:\/\/ww16.ce.gov.br\/pefoce\/"},{"@type":"ListItem","position":2,"name":"Acesso \u00e0 Informa\u00e7\u00e3o"}]},{"@type":"WebSite","@id":"https:\/\/ww16.ce.gov.br\/pefoce\/#website","url":"https:\/\/ww16.ce.gov.br\/pefoce\/","name":"Per\u00edcia Forense","description":"Portal PEFOCE","publisher":{"@id":"https:\/\/ww16.ce.gov.br\/pefoce\/#organization"},"potentialAction":[{"@type":"SearchAction","target":{"@type":"EntryPoint","urlTemplate":"https:\/\/ww16.ce.gov.br\/pefoce\/?s={search_term_string}"},"query-input":{"@type":"PropertyValueSpecification","valueRequired":true,"valueName":"search_term_string"}}],"inLanguage":"pt-BR"},{"@type":"Organization","@id":"https:\/\/ww16.ce.gov.br\/pefoce\/#organization","name":"Per\u00edcia Forense","url":"https:\/\/ww16.ce.gov.br\/pefoce\/","logo":{"@type":"ImageObject","inLanguage":"pt-BR","@id":"https:\/\/ww16.ce.gov.br\/pefoce\/#\/schema\/logo\/image\/","url":"http:\/\/ww16.ce.gov.br\/pefoce\/wp-content\/uploads\/sites\/28\/2018\/04\/pefoce-clara.png","contentUrl":"http:\/\/ww16.ce.gov.br\/pefoce\/wp-content\/uploads\/sites\/28\/2018\/04\/pefoce-clara.png","width":559,"height":106,"caption":"Per\u00edcia Forense"},"image":{"@id":"https:\/\/ww16.ce.gov.br\/pefoce\/#\/schema\/logo\/image\/"}}]}},"_links":{"self":[{"href":"https:\/\/www.ce.gov.br\/pefoce\/wp-json\/wp\/v2\/pages\/67183","targetHints":{"allow":["GET"]}}],"collection":[{"href":"https:\/\/www.ce.gov.br\/pefoce\/wp-json\/wp\/v2\/pages"}],"about":[{"href":"https:\/\/www.ce.gov.br\/pefoce\/wp-json\/wp\/v2\/types\/page"}],"author":[{"embeddable":true,"href":"https:\/\/www.ce.gov.br\/pefoce\/wp-json\/wp\/v2\/users\/12"}],"replies":[{"embeddable":true,"href":"https:\/\/www.ce.gov.br\/pefoce\/wp-json\/wp\/v2\/comments?post=67183"}],"version-history":[{"count":5,"href":"https:\/\/www.ce.gov.br\/pefoce\/wp-json\/wp\/v2\/pages\/67183\/revisions"}],"predecessor-version":[{"id":75634,"href":"https:\/\/www.ce.gov.br\/pefoce\/wp-json\/wp\/v2\/pages\/67183\/revisions\/75634"}],"wp:featuredmedia":[{"embeddable":true,"href":"https:\/\/www.ce.gov.br\/pefoce\/wp-json\/wp\/v2\/media\/68232"}],"wp:attachment":[{"href":"https:\/\/www.ce.gov.br\/pefoce\/wp-json\/wp\/v2\/media?parent=67183"}],"curies":[{"name":"wp","href":"https:\/\/api.w.org\/{rel}","templated":true}]}}