{"id":69721,"date":"2021-02-26T16:43:31","date_gmt":"2021-02-26T19:43:31","guid":{"rendered":"http:\/\/ww16.ce.gov.br\/pefoce\/?page_id=69721"},"modified":"2024-05-10T09:35:23","modified_gmt":"2024-05-10T12:35:23","slug":"sobre","status":"publish","type":"page","link":"https:\/\/www.ce.gov.br\/pefoce\/institucional\/sobre\/","title":{"rendered":"Sobre"},"content":{"rendered":"<div class=\"row\">\n<div class=\"dt-6\">\n<h2 class=\"titulo\" style=\"text-align: justify\">Hist\u00f3rico<\/h2>\n<p>&nbsp;<\/p>\n<p class=\"caption\" style=\"text-align: justify\" align=\"JUSTIFY\">A Per\u00edcia Forense do Estado do Cear\u00e1 (Pefoce) foi criada em 07 de janeiro de 2008, por meio da Lei N\u00ba 14.055, e regulamentada atrav\u00e9s do Decreto 29.304 de 30 de maio de 2008. Em sua cria\u00e7\u00e3o como \u00f3rg\u00e3o t\u00e9cnico-cient\u00edfico vinculado \u00e0 Secretaria da Seguran\u00e7a P\u00fablica e Defesa Social do Estado do Cear\u00e1 (SSPDS\/CE), obteve independ\u00eancia Administrativa, Financeira e Patrimonial e incorporou as atividades dos extintos Instituto de Identifica\u00e7\u00e3o (II), Instituto de Criminal\u00edstica (IC) e Instituto de Medicina Legal (IML).\u00a0 Atualmente, a Per\u00edcia Forense possui quatro coordenadorias: Coordenadoria de Per\u00edcia Criminal (Copec), Coordenadoria de An\u00e1lises Laboratoriais Forenses (Calf), Coordenadoria de Identifica\u00e7\u00e3o Humana e Per\u00edcias Biom\u00e9tricas (CIHPB) e Coordenadoria de Medicina Legal (Comel).<\/p>\n<p align=\"JUSTIFY\">\n<p class=\"caption\" style=\"text-align: justify\" align=\"JUSTIFY\">Hoje, a Pefoce conta com 581 servidores efetivos (quinhentos e oitenta e um) entre peritos criminais, auxiliares de per\u00edcia, m\u00e9dicos peritos legistas e peritos legistas, al\u00e9m\u00a0 do corpo administrativo. A Pefoce\u00a0 possui a sua sede em Fortaleza e outros\u00a0 09 (sete) n\u00facleos no Interior do Estado. Os n\u00facleos est\u00e3o situados nas seguintes regi\u00f5es\/cidades: Regi\u00e3o dos Sert\u00f5es de Canind\u00e9 (Canind\u00e9), Regi\u00e3o Sul (Juazeiro do Norte), Regi\u00e3o do Sert\u00e3o dos Inhamuns (Tau\u00e1), Regi\u00e3o do Vale do Jaguaribe\u00a0 (Russas), Regi\u00e3o Norte (Sobral), Regi\u00e3o Central (Quixeramobim) e Regi\u00e3o Centro Sul (Iguatu), Regi\u00e3o dos Sert\u00f5es de Crate\u00fas (Crate\u00fas), Regi\u00e3o do Vale do Curu (Itapipoca).<\/p>\n<p>&nbsp;<\/p>\n<p class=\"caption\" style=\"text-align: justify\" align=\"JUSTIFY\">\n<\/div>\n<div class=\"dt-6\">\n<h2 class=\"titulo\" style=\"text-align: justify\">Miss\u00e3o<\/h2>\n<p>&nbsp;<\/p>\n<p style=\"text-align: justify\">A\u00a0Per\u00edcia Forense do Estado do Cear\u00e1 (Pefoce) tem como miss\u00e3o implementar pol\u00edticas eficazes, pesquisas e estudos a respeito de per\u00edcias t\u00e9cnico-cient\u00edficas no campo da medicina legal, de an\u00e1lise laboratorial, no campo da criminal\u00edstica, da identifica\u00e7\u00e3o humana e per\u00edcias biom\u00e9tricas, no campo da cibern\u00e9tica e em outras \u00e1reas de atua\u00e7\u00e3o criminal, com vistas \u00e0 produ\u00e7\u00e3o de meios de provas, executadas por peritos oficiais, em tempo h\u00e1bil, demandadas por autoridades policiais ou judici\u00e1rias do Estado do Cear\u00e1, com a finalidade de instruir o processo criminal para a elucida\u00e7\u00e3o de delitos e contraven\u00e7\u00f5es penais, sempre na busca do aprimoramento dessas t\u00e9cnicas e meios de comprova\u00e7\u00e3o da materialidade e\/ou autoria das infra\u00e7\u00f5es penais, utilizando-se, para tanto, fundamentalmente, de instrumentos t\u00e9cnicos e m\u00e9todos cient\u00edficos.<\/p>\n<\/div>\n<\/div>\n<h2 class=\"titulo\" style=\"text-align: justify\">Valores<\/h2>\n<p>&nbsp;<\/p>\n<p style=\"text-align: justify\"><strong>Cidadania<\/strong>: respeito aos direitos humanos, consagra\u00e7\u00e3o indistinta da dignidade de todos os cidad\u00e3os;\u00a0<strong>Legalidade<\/strong>: decis\u00f5es e a\u00e7\u00f5es rigorosamente de acordo com as leis;\u00a0<strong>Compromisso social<\/strong>: as decis\u00f5es devem ser baseadas em preceitos legais, respeito \u00e0s pessoas, \u00e0s comunidades e ao meio ambiente;\u00a0<strong>Responsabilidade<\/strong>: desenvolver suas atividades com responsabilidade e respeito pelos cidad\u00e3os e pelas autoridades;\u00a0<strong>Hierarquia<\/strong>: respeito \u00e0 ordena\u00e7\u00e3o progressiva de n\u00edveis de autoridade;\u00a0<strong>Compromisso com os resultados<\/strong>: contribui\u00e7\u00e3o e obten\u00e7\u00e3o de resultados transformadores em prol do objetivo comum;\u00a0<strong>Convic\u00e7\u00e3o<\/strong>: produzir conclus\u00f5es com convic\u00e7\u00e3o, dentro dos limites da moral e da lei;\u00a0<strong>Efici\u00eancia<\/strong>: otimiza\u00e7\u00e3o dos recursos utilizados para a obten\u00e7\u00e3o de resultados;\u00a0<strong>Equipe<\/strong>: diligenciar para a estrutura\u00e7\u00e3o de uma equipe capacitada, valorizada e motivada;\u00a0<strong>Disciplina<\/strong>: observ\u00e2ncia \u00e0s normas e decis\u00f5es legais, respeitando a hierarquia conforme as fun\u00e7\u00f5es que desempenha;\u00a0<strong>Esp\u00edrito de coopera\u00e7\u00e3o<\/strong>: conviv\u00eancia e trabalho baseados em valores de apoio m\u00fatuo e solidariedade;\u00a0<strong>\u00c9tica<\/strong>: guardar comprometimento incondicional com a \u00e9tica;\u00a0<strong>Excel\u00eancia<\/strong>: busca da qualidade sempre direcionada ao usu\u00e1rio do servi\u00e7o;\u00a0<strong>Integra\u00e7\u00e3o<\/strong>: aproxima\u00e7\u00e3o, uni\u00e3o e complementa\u00e7\u00e3o para otimizar os resultados.\u00a0<strong>Agilidade<\/strong>: atender aos prazos legais e cumprir, com agilidade, as urg\u00eancias de car\u00e1ter humanit\u00e1rio.<\/p>\n<p>&nbsp;<\/p>\n<h3><a href=\"https:\/\/www.ceara.gov.br\/organograma\/pefoce\/\" target=\"_blank\" rel=\"noopener noreferrer\">Organograma da Pefoce<\/a><\/h3>\n<p>&nbsp;<\/p>\n","protected":false},"excerpt":{"rendered":"<p>Hist\u00f3rico &nbsp; A Per\u00edcia Forense do Estado do Cear\u00e1 (Pefoce) foi criada em 07 de janeiro de 2008, por meio da Lei N\u00ba 14.055, e regulamentada atrav\u00e9s do Decreto 29.304 de 30 de maio de 2008. Em sua cria\u00e7\u00e3o como \u00f3rg\u00e3o t\u00e9cnico-cient\u00edfico vinculado \u00e0 Secretaria da Seguran\u00e7a P\u00fablica e Defesa Social do Estado do Cear\u00e1 [&hellip;]<\/p>\n","protected":false},"author":38,"featured_media":0,"parent":52,"menu_order":0,"comment_status":"closed","ping_status":"closed","template":"","meta":{"_acf_changed":false,"inline_featured_image":false,"footnotes":""},"class_list":["post-69721","page","type-page","status-publish","hentry"],"acf":[],"yoast_head":"<!-- This site is optimized with the Yoast SEO plugin v27.3 - https:\/\/yoast.com\/product\/yoast-seo-wordpress\/ -->\n<title>Sobre - PEFOCE<\/title>\n<meta name=\"robots\" content=\"index, follow, max-snippet:-1, max-image-preview:large, max-video-preview:-1\" \/>\n<link rel=\"canonical\" href=\"https:\/\/ww16.ce.gov.br\/pefoce\/institucional\/sobre\/\" \/>\n<meta property=\"og:locale\" content=\"pt_BR\" \/>\n<meta property=\"og:type\" content=\"article\" \/>\n<meta property=\"og:title\" content=\"Sobre - PEFOCE\" \/>\n<meta property=\"og:description\" content=\"Hist\u00f3rico &nbsp; A Per\u00edcia Forense do Estado do Cear\u00e1 (Pefoce) foi criada em 07 de janeiro de 2008, por meio da Lei N\u00ba 14.055, e regulamentada atrav\u00e9s do Decreto 29.304 de 30 de maio de 2008. Em sua cria\u00e7\u00e3o como \u00f3rg\u00e3o t\u00e9cnico-cient\u00edfico vinculado \u00e0 Secretaria da Seguran\u00e7a P\u00fablica e Defesa Social do Estado do Cear\u00e1 [&hellip;]\" \/>\n<meta property=\"og:url\" content=\"https:\/\/ww16.ce.gov.br\/pefoce\/institucional\/sobre\/\" \/>\n<meta property=\"og:site_name\" content=\"PEFOCE\" \/>\n<meta property=\"article:modified_time\" content=\"2024-05-10T12:35:23+00:00\" \/>\n<meta name=\"twitter:card\" content=\"summary_large_image\" \/>\n<meta name=\"twitter:label1\" content=\"Est. reading time\" \/>\n\t<meta name=\"twitter:data1\" content=\"3 minutos\" \/>\n<script type=\"application\/ld+json\" class=\"yoast-schema-graph\">{\"@context\":\"https:\\\/\\\/schema.org\",\"@graph\":[{\"@type\":\"WebPage\",\"@id\":\"https:\\\/\\\/ww16.ce.gov.br\\\/pefoce\\\/institucional\\\/sobre\\\/\",\"url\":\"https:\\\/\\\/ww16.ce.gov.br\\\/pefoce\\\/institucional\\\/sobre\\\/\",\"name\":\"Sobre - PEFOCE\",\"isPartOf\":{\"@id\":\"https:\\\/\\\/ww16.ce.gov.br\\\/pefoce\\\/#website\"},\"datePublished\":\"2021-02-26T19:43:31+00:00\",\"dateModified\":\"2024-05-10T12:35:23+00:00\",\"breadcrumb\":{\"@id\":\"https:\\\/\\\/ww16.ce.gov.br\\\/pefoce\\\/institucional\\\/sobre\\\/#breadcrumb\"},\"inLanguage\":\"pt-BR\",\"potentialAction\":[{\"@type\":\"ReadAction\",\"target\":[\"https:\\\/\\\/ww16.ce.gov.br\\\/pefoce\\\/institucional\\\/sobre\\\/\"]}]},{\"@type\":\"BreadcrumbList\",\"@id\":\"https:\\\/\\\/ww16.ce.gov.br\\\/pefoce\\\/institucional\\\/sobre\\\/#breadcrumb\",\"itemListElement\":[{\"@type\":\"ListItem\",\"position\":1,\"name\":\"In\u00edcio\",\"item\":\"https:\\\/\\\/ww16.ce.gov.br\\\/pefoce\\\/\"},{\"@type\":\"ListItem\",\"position\":2,\"name\":\"Institucional\",\"item\":\"https:\\\/\\\/ww16.ce.gov.br\\\/pefoce\\\/institucional\\\/\"},{\"@type\":\"ListItem\",\"position\":3,\"name\":\"Sobre\"}]},{\"@type\":\"WebSite\",\"@id\":\"https:\\\/\\\/ww16.ce.gov.br\\\/pefoce\\\/#website\",\"url\":\"https:\\\/\\\/ww16.ce.gov.br\\\/pefoce\\\/\",\"name\":\"Per\u00edcia Forense\",\"description\":\"Portal PEFOCE\",\"publisher\":{\"@id\":\"https:\\\/\\\/ww16.ce.gov.br\\\/pefoce\\\/#organization\"},\"potentialAction\":[{\"@type\":\"SearchAction\",\"target\":{\"@type\":\"EntryPoint\",\"urlTemplate\":\"https:\\\/\\\/ww16.ce.gov.br\\\/pefoce\\\/?s={search_term_string}\"},\"query-input\":{\"@type\":\"PropertyValueSpecification\",\"valueRequired\":true,\"valueName\":\"search_term_string\"}}],\"inLanguage\":\"pt-BR\"},{\"@type\":\"Organization\",\"@id\":\"https:\\\/\\\/ww16.ce.gov.br\\\/pefoce\\\/#organization\",\"name\":\"Per\u00edcia Forense\",\"url\":\"https:\\\/\\\/ww16.ce.gov.br\\\/pefoce\\\/\",\"logo\":{\"@type\":\"ImageObject\",\"inLanguage\":\"pt-BR\",\"@id\":\"https:\\\/\\\/ww16.ce.gov.br\\\/pefoce\\\/#\\\/schema\\\/logo\\\/image\\\/\",\"url\":\"http:\\\/\\\/ww16.ce.gov.br\\\/pefoce\\\/wp-content\\\/uploads\\\/sites\\\/28\\\/2018\\\/04\\\/pefoce-clara.png\",\"contentUrl\":\"http:\\\/\\\/ww16.ce.gov.br\\\/pefoce\\\/wp-content\\\/uploads\\\/sites\\\/28\\\/2018\\\/04\\\/pefoce-clara.png\",\"width\":559,\"height\":106,\"caption\":\"Per\u00edcia Forense\"},\"image\":{\"@id\":\"https:\\\/\\\/ww16.ce.gov.br\\\/pefoce\\\/#\\\/schema\\\/logo\\\/image\\\/\"}}]}<\/script>\n<!-- \/ Yoast SEO plugin. -->","yoast_head_json":{"title":"Sobre - PEFOCE","robots":{"index":"index","follow":"follow","max-snippet":"max-snippet:-1","max-image-preview":"max-image-preview:large","max-video-preview":"max-video-preview:-1"},"canonical":"https:\/\/ww16.ce.gov.br\/pefoce\/institucional\/sobre\/","og_locale":"pt_BR","og_type":"article","og_title":"Sobre - PEFOCE","og_description":"Hist\u00f3rico &nbsp; A Per\u00edcia Forense do Estado do Cear\u00e1 (Pefoce) foi criada em 07 de janeiro de 2008, por meio da Lei N\u00ba 14.055, e regulamentada atrav\u00e9s do Decreto 29.304 de 30 de maio de 2008. Em sua cria\u00e7\u00e3o como \u00f3rg\u00e3o t\u00e9cnico-cient\u00edfico vinculado \u00e0 Secretaria da Seguran\u00e7a P\u00fablica e Defesa Social do Estado do Cear\u00e1 [&hellip;]","og_url":"https:\/\/ww16.ce.gov.br\/pefoce\/institucional\/sobre\/","og_site_name":"PEFOCE","article_modified_time":"2024-05-10T12:35:23+00:00","twitter_card":"summary_large_image","twitter_misc":{"Est. reading time":"3 minutos"},"schema":{"@context":"https:\/\/schema.org","@graph":[{"@type":"WebPage","@id":"https:\/\/ww16.ce.gov.br\/pefoce\/institucional\/sobre\/","url":"https:\/\/ww16.ce.gov.br\/pefoce\/institucional\/sobre\/","name":"Sobre - PEFOCE","isPartOf":{"@id":"https:\/\/ww16.ce.gov.br\/pefoce\/#website"},"datePublished":"2021-02-26T19:43:31+00:00","dateModified":"2024-05-10T12:35:23+00:00","breadcrumb":{"@id":"https:\/\/ww16.ce.gov.br\/pefoce\/institucional\/sobre\/#breadcrumb"},"inLanguage":"pt-BR","potentialAction":[{"@type":"ReadAction","target":["https:\/\/ww16.ce.gov.br\/pefoce\/institucional\/sobre\/"]}]},{"@type":"BreadcrumbList","@id":"https:\/\/ww16.ce.gov.br\/pefoce\/institucional\/sobre\/#breadcrumb","itemListElement":[{"@type":"ListItem","position":1,"name":"In\u00edcio","item":"https:\/\/ww16.ce.gov.br\/pefoce\/"},{"@type":"ListItem","position":2,"name":"Institucional","item":"https:\/\/ww16.ce.gov.br\/pefoce\/institucional\/"},{"@type":"ListItem","position":3,"name":"Sobre"}]},{"@type":"WebSite","@id":"https:\/\/ww16.ce.gov.br\/pefoce\/#website","url":"https:\/\/ww16.ce.gov.br\/pefoce\/","name":"Per\u00edcia Forense","description":"Portal PEFOCE","publisher":{"@id":"https:\/\/ww16.ce.gov.br\/pefoce\/#organization"},"potentialAction":[{"@type":"SearchAction","target":{"@type":"EntryPoint","urlTemplate":"https:\/\/ww16.ce.gov.br\/pefoce\/?s={search_term_string}"},"query-input":{"@type":"PropertyValueSpecification","valueRequired":true,"valueName":"search_term_string"}}],"inLanguage":"pt-BR"},{"@type":"Organization","@id":"https:\/\/ww16.ce.gov.br\/pefoce\/#organization","name":"Per\u00edcia Forense","url":"https:\/\/ww16.ce.gov.br\/pefoce\/","logo":{"@type":"ImageObject","inLanguage":"pt-BR","@id":"https:\/\/ww16.ce.gov.br\/pefoce\/#\/schema\/logo\/image\/","url":"http:\/\/ww16.ce.gov.br\/pefoce\/wp-content\/uploads\/sites\/28\/2018\/04\/pefoce-clara.png","contentUrl":"http:\/\/ww16.ce.gov.br\/pefoce\/wp-content\/uploads\/sites\/28\/2018\/04\/pefoce-clara.png","width":559,"height":106,"caption":"Per\u00edcia Forense"},"image":{"@id":"https:\/\/ww16.ce.gov.br\/pefoce\/#\/schema\/logo\/image\/"}}]}},"_links":{"self":[{"href":"https:\/\/www.ce.gov.br\/pefoce\/wp-json\/wp\/v2\/pages\/69721","targetHints":{"allow":["GET"]}}],"collection":[{"href":"https:\/\/www.ce.gov.br\/pefoce\/wp-json\/wp\/v2\/pages"}],"about":[{"href":"https:\/\/www.ce.gov.br\/pefoce\/wp-json\/wp\/v2\/types\/page"}],"author":[{"embeddable":true,"href":"https:\/\/www.ce.gov.br\/pefoce\/wp-json\/wp\/v2\/users\/38"}],"replies":[{"embeddable":true,"href":"https:\/\/www.ce.gov.br\/pefoce\/wp-json\/wp\/v2\/comments?post=69721"}],"version-history":[{"count":4,"href":"https:\/\/www.ce.gov.br\/pefoce\/wp-json\/wp\/v2\/pages\/69721\/revisions"}],"predecessor-version":[{"id":73481,"href":"https:\/\/www.ce.gov.br\/pefoce\/wp-json\/wp\/v2\/pages\/69721\/revisions\/73481"}],"up":[{"embeddable":true,"href":"https:\/\/www.ce.gov.br\/pefoce\/wp-json\/wp\/v2\/pages\/52"}],"wp:attachment":[{"href":"https:\/\/www.ce.gov.br\/pefoce\/wp-json\/wp\/v2\/media?parent=69721"}],"curies":[{"name":"wp","href":"https:\/\/api.w.org\/{rel}","templated":true}]}}