{"id":73485,"date":"2024-05-11T17:55:44","date_gmt":"2024-05-11T20:55:44","guid":{"rendered":"http:\/\/ww16.ce.gov.br\/pefoce\/?page_id=73485"},"modified":"2024-05-11T17:55:44","modified_gmt":"2024-05-11T20:55:44","slug":"inscricao-estagio","status":"publish","type":"page","link":"https:\/\/www.ce.gov.br\/pefoce\/inscricao-estagio\/","title":{"rendered":"INSCRI\u00c7\u00c3O EST\u00c1GIO"},"content":{"rendered":"","protected":false},"excerpt":{"rendered":"","protected":false},"author":108,"featured_media":0,"parent":0,"menu_order":0,"comment_status":"closed","ping_status":"closed","template":"","meta":{"_acf_changed":false,"inline_featured_image":false,"footnotes":""},"class_list":["post-73485","page","type-page","status-publish","hentry"],"acf":[],"yoast_head":"<!-- This site is optimized with the Yoast SEO plugin v27.3 - https:\/\/yoast.com\/product\/yoast-seo-wordpress\/ -->\n<title>INSCRI\u00c7\u00c3O EST\u00c1GIO - PEFOCE<\/title>\n<meta name=\"robots\" content=\"index, follow, max-snippet:-1, max-image-preview:large, max-video-preview:-1\" \/>\n<link rel=\"canonical\" href=\"https:\/\/ww16.ce.gov.br\/pefoce\/inscricao-estagio\/\" \/>\n<meta property=\"og:locale\" content=\"pt_BR\" \/>\n<meta property=\"og:type\" content=\"article\" \/>\n<meta property=\"og:title\" content=\"INSCRI\u00c7\u00c3O EST\u00c1GIO - PEFOCE\" \/>\n<meta property=\"og:url\" content=\"https:\/\/ww16.ce.gov.br\/pefoce\/inscricao-estagio\/\" \/>\n<meta property=\"og:site_name\" content=\"PEFOCE\" \/>\n<meta name=\"twitter:card\" content=\"summary_large_image\" \/>\n<script type=\"application\/ld+json\" class=\"yoast-schema-graph\">{\"@context\":\"https:\\\/\\\/schema.org\",\"@graph\":[{\"@type\":\"WebPage\",\"@id\":\"https:\\\/\\\/ww16.ce.gov.br\\\/pefoce\\\/inscricao-estagio\\\/\",\"url\":\"https:\\\/\\\/ww16.ce.gov.br\\\/pefoce\\\/inscricao-estagio\\\/\",\"name\":\"INSCRI\u00c7\u00c3O EST\u00c1GIO - PEFOCE\",\"isPartOf\":{\"@id\":\"https:\\\/\\\/ww16.ce.gov.br\\\/pefoce\\\/#website\"},\"datePublished\":\"2024-05-11T20:55:44+00:00\",\"breadcrumb\":{\"@id\":\"https:\\\/\\\/ww16.ce.gov.br\\\/pefoce\\\/inscricao-estagio\\\/#breadcrumb\"},\"inLanguage\":\"pt-BR\",\"potentialAction\":[{\"@type\":\"ReadAction\",\"target\":[\"https:\\\/\\\/ww16.ce.gov.br\\\/pefoce\\\/inscricao-estagio\\\/\"]}]},{\"@type\":\"BreadcrumbList\",\"@id\":\"https:\\\/\\\/ww16.ce.gov.br\\\/pefoce\\\/inscricao-estagio\\\/#breadcrumb\",\"itemListElement\":[{\"@type\":\"ListItem\",\"position\":1,\"name\":\"In\u00edcio\",\"item\":\"https:\\\/\\\/ww16.ce.gov.br\\\/pefoce\\\/\"},{\"@type\":\"ListItem\",\"position\":2,\"name\":\"INSCRI\u00c7\u00c3O EST\u00c1GIO\"}]},{\"@type\":\"WebSite\",\"@id\":\"https:\\\/\\\/ww16.ce.gov.br\\\/pefoce\\\/#website\",\"url\":\"https:\\\/\\\/ww16.ce.gov.br\\\/pefoce\\\/\",\"name\":\"Per\u00edcia Forense\",\"description\":\"Portal PEFOCE\",\"publisher\":{\"@id\":\"https:\\\/\\\/ww16.ce.gov.br\\\/pefoce\\\/#organization\"},\"potentialAction\":[{\"@type\":\"SearchAction\",\"target\":{\"@type\":\"EntryPoint\",\"urlTemplate\":\"https:\\\/\\\/ww16.ce.gov.br\\\/pefoce\\\/?s={search_term_string}\"},\"query-input\":{\"@type\":\"PropertyValueSpecification\",\"valueRequired\":true,\"valueName\":\"search_term_string\"}}],\"inLanguage\":\"pt-BR\"},{\"@type\":\"Organization\",\"@id\":\"https:\\\/\\\/ww16.ce.gov.br\\\/pefoce\\\/#organization\",\"name\":\"Per\u00edcia Forense\",\"url\":\"https:\\\/\\\/ww16.ce.gov.br\\\/pefoce\\\/\",\"logo\":{\"@type\":\"ImageObject\",\"inLanguage\":\"pt-BR\",\"@id\":\"https:\\\/\\\/ww16.ce.gov.br\\\/pefoce\\\/#\\\/schema\\\/logo\\\/image\\\/\",\"url\":\"http:\\\/\\\/ww16.ce.gov.br\\\/pefoce\\\/wp-content\\\/uploads\\\/sites\\\/28\\\/2018\\\/04\\\/pefoce-clara.png\",\"contentUrl\":\"http:\\\/\\\/ww16.ce.gov.br\\\/pefoce\\\/wp-content\\\/uploads\\\/sites\\\/28\\\/2018\\\/04\\\/pefoce-clara.png\",\"width\":559,\"height\":106,\"caption\":\"Per\u00edcia Forense\"},\"image\":{\"@id\":\"https:\\\/\\\/ww16.ce.gov.br\\\/pefoce\\\/#\\\/schema\\\/logo\\\/image\\\/\"}}]}<\/script>\n<!-- \/ Yoast SEO plugin. -->","yoast_head_json":{"title":"INSCRI\u00c7\u00c3O EST\u00c1GIO - PEFOCE","robots":{"index":"index","follow":"follow","max-snippet":"max-snippet:-1","max-image-preview":"max-image-preview:large","max-video-preview":"max-video-preview:-1"},"canonical":"https:\/\/ww16.ce.gov.br\/pefoce\/inscricao-estagio\/","og_locale":"pt_BR","og_type":"article","og_title":"INSCRI\u00c7\u00c3O EST\u00c1GIO - PEFOCE","og_url":"https:\/\/ww16.ce.gov.br\/pefoce\/inscricao-estagio\/","og_site_name":"PEFOCE","twitter_card":"summary_large_image","schema":{"@context":"https:\/\/schema.org","@graph":[{"@type":"WebPage","@id":"https:\/\/ww16.ce.gov.br\/pefoce\/inscricao-estagio\/","url":"https:\/\/ww16.ce.gov.br\/pefoce\/inscricao-estagio\/","name":"INSCRI\u00c7\u00c3O EST\u00c1GIO - PEFOCE","isPartOf":{"@id":"https:\/\/ww16.ce.gov.br\/pefoce\/#website"},"datePublished":"2024-05-11T20:55:44+00:00","breadcrumb":{"@id":"https:\/\/ww16.ce.gov.br\/pefoce\/inscricao-estagio\/#breadcrumb"},"inLanguage":"pt-BR","potentialAction":[{"@type":"ReadAction","target":["https:\/\/ww16.ce.gov.br\/pefoce\/inscricao-estagio\/"]}]},{"@type":"BreadcrumbList","@id":"https:\/\/ww16.ce.gov.br\/pefoce\/inscricao-estagio\/#breadcrumb","itemListElement":[{"@type":"ListItem","position":1,"name":"In\u00edcio","item":"https:\/\/ww16.ce.gov.br\/pefoce\/"},{"@type":"ListItem","position":2,"name":"INSCRI\u00c7\u00c3O EST\u00c1GIO"}]},{"@type":"WebSite","@id":"https:\/\/ww16.ce.gov.br\/pefoce\/#website","url":"https:\/\/ww16.ce.gov.br\/pefoce\/","name":"Per\u00edcia Forense","description":"Portal PEFOCE","publisher":{"@id":"https:\/\/ww16.ce.gov.br\/pefoce\/#organization"},"potentialAction":[{"@type":"SearchAction","target":{"@type":"EntryPoint","urlTemplate":"https:\/\/ww16.ce.gov.br\/pefoce\/?s={search_term_string}"},"query-input":{"@type":"PropertyValueSpecification","valueRequired":true,"valueName":"search_term_string"}}],"inLanguage":"pt-BR"},{"@type":"Organization","@id":"https:\/\/ww16.ce.gov.br\/pefoce\/#organization","name":"Per\u00edcia Forense","url":"https:\/\/ww16.ce.gov.br\/pefoce\/","logo":{"@type":"ImageObject","inLanguage":"pt-BR","@id":"https:\/\/ww16.ce.gov.br\/pefoce\/#\/schema\/logo\/image\/","url":"http:\/\/ww16.ce.gov.br\/pefoce\/wp-content\/uploads\/sites\/28\/2018\/04\/pefoce-clara.png","contentUrl":"http:\/\/ww16.ce.gov.br\/pefoce\/wp-content\/uploads\/sites\/28\/2018\/04\/pefoce-clara.png","width":559,"height":106,"caption":"Per\u00edcia Forense"},"image":{"@id":"https:\/\/ww16.ce.gov.br\/pefoce\/#\/schema\/logo\/image\/"}}]}},"_links":{"self":[{"href":"https:\/\/www.ce.gov.br\/pefoce\/wp-json\/wp\/v2\/pages\/73485","targetHints":{"allow":["GET"]}}],"collection":[{"href":"https:\/\/www.ce.gov.br\/pefoce\/wp-json\/wp\/v2\/pages"}],"about":[{"href":"https:\/\/www.ce.gov.br\/pefoce\/wp-json\/wp\/v2\/types\/page"}],"author":[{"embeddable":true,"href":"https:\/\/www.ce.gov.br\/pefoce\/wp-json\/wp\/v2\/users\/108"}],"replies":[{"embeddable":true,"href":"https:\/\/www.ce.gov.br\/pefoce\/wp-json\/wp\/v2\/comments?post=73485"}],"version-history":[{"count":1,"href":"https:\/\/www.ce.gov.br\/pefoce\/wp-json\/wp\/v2\/pages\/73485\/revisions"}],"predecessor-version":[{"id":73486,"href":"https:\/\/www.ce.gov.br\/pefoce\/wp-json\/wp\/v2\/pages\/73485\/revisions\/73486"}],"wp:attachment":[{"href":"https:\/\/www.ce.gov.br\/pefoce\/wp-json\/wp\/v2\/media?parent=73485"}],"curies":[{"name":"wp","href":"https:\/\/api.w.org\/{rel}","templated":true}]}}