{"id":780,"date":"2018-01-26T14:11:52","date_gmt":"2018-01-26T17:11:52","guid":{"rendered":"http:\/\/www.pefoce.ce.gov.br\/?page_id=780"},"modified":"2022-12-22T14:44:45","modified_gmt":"2022-12-22T17:44:45","slug":"onde-estamos-em-fortaleza","status":"publish","type":"page","link":"https:\/\/www.ce.gov.br\/pefoce\/onde-estamos-em-fortaleza\/","title":{"rendered":"Onde Estamos"},"content":{"rendered":"\n<div class=\"row ListagemProjetos\">\n    <div class=\"dt-4\">\n        <div class=\"TituloListagemProjetos\">\n            <h1 class=\"-verde\">Capital e Interior<\/h1>\n                    <\/div>\n    <\/div>\n    <div class=\"dt-8\">\n        <ul class=\"ListaEst col2\">\n                            <li>\n                    <a href=\"https:\/\/www.ce.gov.br\/pefoce\/projeto\/fortaleza\/\">\n                        Fortaleza                        <small><\/small>\n                    <\/a>\n                <\/li>\n                            <li>\n                    <a href=\"https:\/\/www.ce.gov.br\/pefoce\/projeto\/regiao-norte-sobral\/\">\n                        Regi\u00e3o Norte &#8211; Sobral                        <small><\/small>\n                    <\/a>\n                <\/li>\n                            <li>\n                    <a href=\"https:\/\/www.ce.gov.br\/pefoce\/projeto\/regiao-sul-juazeiro-do-norte\/\">\n                        Regi\u00e3o Sul &#8211; Juazeiro do Norte                        <small><\/small>\n                    <\/a>\n                <\/li>\n                            <li>\n                    <a href=\"https:\/\/www.ce.gov.br\/pefoce\/projeto\/regiao-central-quixeramobim\/\">\n                        Regi\u00e3o Central &#8211; Quixeramobim                        <small><\/small>\n                    <\/a>\n                <\/li>\n                            <li>\n                    <a href=\"https:\/\/www.ce.gov.br\/pefoce\/projeto\/regiao-dos-sertoes-caninde\/\">\n                        Regi\u00e3o dos Sert\u00f5es &#8211; Canind\u00e9                        <small><\/small>\n                    <\/a>\n                <\/li>\n                            <li>\n                    <a href=\"https:\/\/www.ce.gov.br\/pefoce\/projeto\/regiao-centro-sul-iguatu\/\">\n                        Regi\u00e3o Centro Sul &#8211; Iguatu                        <small><\/small>\n                    <\/a>\n                <\/li>\n                            <li>\n                    <a href=\"https:\/\/www.ce.gov.br\/pefoce\/projeto\/regiao-do-sertao-dos-inhamuns-taua\/\">\n                        Regi\u00e3o do Sert\u00e3o dos Inhamuns &#8211; Tau\u00e1                        <small><\/small>\n                    <\/a>\n                <\/li>\n                            <li>\n                    <a href=\"https:\/\/www.ce.gov.br\/pefoce\/projeto\/postos-de-identificacao-civil\/\">\n                        Postos de Identifica\u00e7\u00e3o Civil &#8211; Interior                        <small><\/small>\n                    <\/a>\n                <\/li>\n                            <li>\n                    <a href=\"https:\/\/www.ce.gov.br\/pefoce\/projeto\/regiao-vale-do-jaguaribe-russas\/\">\n                        Regi\u00e3o do Vale do Jaguaribe &#8211; Russas                        <small><\/small>\n                    <\/a>\n                <\/li>\n                            <li>\n                    <a href=\"https:\/\/www.ce.gov.br\/pefoce\/projeto\/postos-de-identificacao-civil-fortaleza\/\">\n                        Postos de Identifica\u00e7\u00e3o Civil &#8211; Fortaleza                        <small><\/small>\n                    <\/a>\n                <\/li>\n                            <li>\n                    <a href=\"https:\/\/www.ce.gov.br\/pefoce\/projeto\/regiao-dos-sertoes-de-crateus-crateus\/\">\n                        Regi\u00e3o dos Sert\u00f5es de Crate\u00fas &#8211; Crate\u00fas                        <small><\/small>\n                    <\/a>\n                <\/li>\n                            <li>\n                    <a href=\"https:\/\/www.ce.gov.br\/pefoce\/projeto\/regiao-do-vale-do-curu-itapipoca\/\">\n                        Regi\u00e3o do Vale do Curu &#8211; Itapipoca                        <small><\/small>\n                    <\/a>\n                <\/li>\n                            <li>\n                    <a href=\"https:\/\/www.ce.gov.br\/pefoce\/projeto\/nucleo-de-atendimento-ao-custodiado-fortaleza\/\">\n                        N\u00facleo de Atendimento ao Custodiado \u2013 Fortaleza                        <small><\/small>\n                    <\/a>\n                <\/li>\n                            <li>\n                    <a href=\"https:\/\/www.ce.gov.br\/pefoce\/projeto\/nucleo-de-atedimento-a-vitima\/\">\n                        N\u00facleo de Atedimento a V\u00edtima                        <small><\/small>\n                    <\/a>\n                <\/li>\n                            <li>\n                    <a href=\"https:\/\/www.ce.gov.br\/pefoce\/projeto\/nucleo-de-atedimento-integrado-da-crianca-e-do-adolescente\/\">\n                        N\u00facleo de Atedimento Integrado da Crian\u00e7a e do Adolescente                        <small><\/small>\n                    <\/a>\n                <\/li>\n                    <\/ul>\n    <\/div>\n<\/div>\n\n","protected":false},"excerpt":{"rendered":"","protected":false},"author":12,"featured_media":0,"parent":0,"menu_order":0,"comment_status":"closed","ping_status":"closed","template":"","meta":{"_acf_changed":false,"inline_featured_image":false,"footnotes":""},"class_list":["post-780","page","type-page","status-publish","hentry"],"acf":[],"yoast_head":"<!-- This site is optimized with the Yoast SEO plugin v27.3 - https:\/\/yoast.com\/product\/yoast-seo-wordpress\/ -->\n<title>Onde Estamos - PEFOCE<\/title>\n<meta name=\"robots\" content=\"index, follow, max-snippet:-1, max-image-preview:large, max-video-preview:-1\" \/>\n<link rel=\"canonical\" href=\"https:\/\/ww16.ce.gov.br\/pefoce\/onde-estamos-em-fortaleza\/\" \/>\n<meta property=\"og:locale\" content=\"pt_BR\" \/>\n<meta property=\"og:type\" content=\"article\" \/>\n<meta property=\"og:title\" content=\"Onde Estamos - PEFOCE\" \/>\n<meta property=\"og:url\" content=\"https:\/\/ww16.ce.gov.br\/pefoce\/onde-estamos-em-fortaleza\/\" \/>\n<meta property=\"og:site_name\" content=\"PEFOCE\" \/>\n<meta property=\"article:modified_time\" content=\"2022-12-22T17:44:45+00:00\" \/>\n<meta name=\"twitter:card\" content=\"summary_large_image\" \/>\n<script type=\"application\/ld+json\" class=\"yoast-schema-graph\">{\"@context\":\"https:\\\/\\\/schema.org\",\"@graph\":[{\"@type\":\"WebPage\",\"@id\":\"https:\\\/\\\/ww16.ce.gov.br\\\/pefoce\\\/onde-estamos-em-fortaleza\\\/\",\"url\":\"https:\\\/\\\/ww16.ce.gov.br\\\/pefoce\\\/onde-estamos-em-fortaleza\\\/\",\"name\":\"Onde Estamos - PEFOCE\",\"isPartOf\":{\"@id\":\"https:\\\/\\\/ww16.ce.gov.br\\\/pefoce\\\/#website\"},\"datePublished\":\"2018-01-26T17:11:52+00:00\",\"dateModified\":\"2022-12-22T17:44:45+00:00\",\"breadcrumb\":{\"@id\":\"https:\\\/\\\/ww16.ce.gov.br\\\/pefoce\\\/onde-estamos-em-fortaleza\\\/#breadcrumb\"},\"inLanguage\":\"pt-BR\",\"potentialAction\":[{\"@type\":\"ReadAction\",\"target\":[\"https:\\\/\\\/ww16.ce.gov.br\\\/pefoce\\\/onde-estamos-em-fortaleza\\\/\"]}]},{\"@type\":\"BreadcrumbList\",\"@id\":\"https:\\\/\\\/ww16.ce.gov.br\\\/pefoce\\\/onde-estamos-em-fortaleza\\\/#breadcrumb\",\"itemListElement\":[{\"@type\":\"ListItem\",\"position\":1,\"name\":\"In\u00edcio\",\"item\":\"https:\\\/\\\/ww16.ce.gov.br\\\/pefoce\\\/\"},{\"@type\":\"ListItem\",\"position\":2,\"name\":\"Onde Estamos\"}]},{\"@type\":\"WebSite\",\"@id\":\"https:\\\/\\\/ww16.ce.gov.br\\\/pefoce\\\/#website\",\"url\":\"https:\\\/\\\/ww16.ce.gov.br\\\/pefoce\\\/\",\"name\":\"Per\u00edcia Forense\",\"description\":\"Portal PEFOCE\",\"publisher\":{\"@id\":\"https:\\\/\\\/ww16.ce.gov.br\\\/pefoce\\\/#organization\"},\"potentialAction\":[{\"@type\":\"SearchAction\",\"target\":{\"@type\":\"EntryPoint\",\"urlTemplate\":\"https:\\\/\\\/ww16.ce.gov.br\\\/pefoce\\\/?s={search_term_string}\"},\"query-input\":{\"@type\":\"PropertyValueSpecification\",\"valueRequired\":true,\"valueName\":\"search_term_string\"}}],\"inLanguage\":\"pt-BR\"},{\"@type\":\"Organization\",\"@id\":\"https:\\\/\\\/ww16.ce.gov.br\\\/pefoce\\\/#organization\",\"name\":\"Per\u00edcia Forense\",\"url\":\"https:\\\/\\\/ww16.ce.gov.br\\\/pefoce\\\/\",\"logo\":{\"@type\":\"ImageObject\",\"inLanguage\":\"pt-BR\",\"@id\":\"https:\\\/\\\/ww16.ce.gov.br\\\/pefoce\\\/#\\\/schema\\\/logo\\\/image\\\/\",\"url\":\"http:\\\/\\\/ww16.ce.gov.br\\\/pefoce\\\/wp-content\\\/uploads\\\/sites\\\/28\\\/2018\\\/04\\\/pefoce-clara.png\",\"contentUrl\":\"http:\\\/\\\/ww16.ce.gov.br\\\/pefoce\\\/wp-content\\\/uploads\\\/sites\\\/28\\\/2018\\\/04\\\/pefoce-clara.png\",\"width\":559,\"height\":106,\"caption\":\"Per\u00edcia Forense\"},\"image\":{\"@id\":\"https:\\\/\\\/ww16.ce.gov.br\\\/pefoce\\\/#\\\/schema\\\/logo\\\/image\\\/\"}}]}<\/script>\n<!-- \/ Yoast SEO plugin. -->","yoast_head_json":{"title":"Onde Estamos - PEFOCE","robots":{"index":"index","follow":"follow","max-snippet":"max-snippet:-1","max-image-preview":"max-image-preview:large","max-video-preview":"max-video-preview:-1"},"canonical":"https:\/\/ww16.ce.gov.br\/pefoce\/onde-estamos-em-fortaleza\/","og_locale":"pt_BR","og_type":"article","og_title":"Onde Estamos - PEFOCE","og_url":"https:\/\/ww16.ce.gov.br\/pefoce\/onde-estamos-em-fortaleza\/","og_site_name":"PEFOCE","article_modified_time":"2022-12-22T17:44:45+00:00","twitter_card":"summary_large_image","schema":{"@context":"https:\/\/schema.org","@graph":[{"@type":"WebPage","@id":"https:\/\/ww16.ce.gov.br\/pefoce\/onde-estamos-em-fortaleza\/","url":"https:\/\/ww16.ce.gov.br\/pefoce\/onde-estamos-em-fortaleza\/","name":"Onde Estamos - PEFOCE","isPartOf":{"@id":"https:\/\/ww16.ce.gov.br\/pefoce\/#website"},"datePublished":"2018-01-26T17:11:52+00:00","dateModified":"2022-12-22T17:44:45+00:00","breadcrumb":{"@id":"https:\/\/ww16.ce.gov.br\/pefoce\/onde-estamos-em-fortaleza\/#breadcrumb"},"inLanguage":"pt-BR","potentialAction":[{"@type":"ReadAction","target":["https:\/\/ww16.ce.gov.br\/pefoce\/onde-estamos-em-fortaleza\/"]}]},{"@type":"BreadcrumbList","@id":"https:\/\/ww16.ce.gov.br\/pefoce\/onde-estamos-em-fortaleza\/#breadcrumb","itemListElement":[{"@type":"ListItem","position":1,"name":"In\u00edcio","item":"https:\/\/ww16.ce.gov.br\/pefoce\/"},{"@type":"ListItem","position":2,"name":"Onde Estamos"}]},{"@type":"WebSite","@id":"https:\/\/ww16.ce.gov.br\/pefoce\/#website","url":"https:\/\/ww16.ce.gov.br\/pefoce\/","name":"Per\u00edcia Forense","description":"Portal PEFOCE","publisher":{"@id":"https:\/\/ww16.ce.gov.br\/pefoce\/#organization"},"potentialAction":[{"@type":"SearchAction","target":{"@type":"EntryPoint","urlTemplate":"https:\/\/ww16.ce.gov.br\/pefoce\/?s={search_term_string}"},"query-input":{"@type":"PropertyValueSpecification","valueRequired":true,"valueName":"search_term_string"}}],"inLanguage":"pt-BR"},{"@type":"Organization","@id":"https:\/\/ww16.ce.gov.br\/pefoce\/#organization","name":"Per\u00edcia Forense","url":"https:\/\/ww16.ce.gov.br\/pefoce\/","logo":{"@type":"ImageObject","inLanguage":"pt-BR","@id":"https:\/\/ww16.ce.gov.br\/pefoce\/#\/schema\/logo\/image\/","url":"http:\/\/ww16.ce.gov.br\/pefoce\/wp-content\/uploads\/sites\/28\/2018\/04\/pefoce-clara.png","contentUrl":"http:\/\/ww16.ce.gov.br\/pefoce\/wp-content\/uploads\/sites\/28\/2018\/04\/pefoce-clara.png","width":559,"height":106,"caption":"Per\u00edcia Forense"},"image":{"@id":"https:\/\/ww16.ce.gov.br\/pefoce\/#\/schema\/logo\/image\/"}}]}},"_links":{"self":[{"href":"https:\/\/www.ce.gov.br\/pefoce\/wp-json\/wp\/v2\/pages\/780","targetHints":{"allow":["GET"]}}],"collection":[{"href":"https:\/\/www.ce.gov.br\/pefoce\/wp-json\/wp\/v2\/pages"}],"about":[{"href":"https:\/\/www.ce.gov.br\/pefoce\/wp-json\/wp\/v2\/types\/page"}],"author":[{"embeddable":true,"href":"https:\/\/www.ce.gov.br\/pefoce\/wp-json\/wp\/v2\/users\/12"}],"replies":[{"embeddable":true,"href":"https:\/\/www.ce.gov.br\/pefoce\/wp-json\/wp\/v2\/comments?post=780"}],"version-history":[{"count":27,"href":"https:\/\/www.ce.gov.br\/pefoce\/wp-json\/wp\/v2\/pages\/780\/revisions"}],"predecessor-version":[{"id":72193,"href":"https:\/\/www.ce.gov.br\/pefoce\/wp-json\/wp\/v2\/pages\/780\/revisions\/72193"}],"wp:attachment":[{"href":"https:\/\/www.ce.gov.br\/pefoce\/wp-json\/wp\/v2\/media?parent=780"}],"curies":[{"name":"wp","href":"https:\/\/api.w.org\/{rel}","templated":true}]}}