{"id":924,"date":"2018-02-05T12:39:23","date_gmt":"2018-02-05T15:39:23","guid":{"rendered":"http:\/\/www.pefoce.ce.gov.br\/?page_id=924"},"modified":"2018-02-26T10:21:58","modified_gmt":"2018-02-26T13:21:58","slug":"centro-de-estudos","status":"publish","type":"page","link":"https:\/\/www.ce.gov.br\/pefoce\/centro-de-estudos\/","title":{"rendered":"Centro de Estudos da Pefoce"},"content":{"rendered":"<p>&nbsp;<\/p>\n<p style=\"text-align: justify\">O Centro de Estudos Professor Jos\u00e9 Carlos Ribeiro, da Per\u00edcia Forense do Estado do Cear\u00e1 (Pefoce), fundado em 2013, possui, como objetivos, planejar, desenvolver e avaliar os resultados de atividades t\u00e9cnico-cient\u00edficas, de aperfei\u00e7oamento profissional, ensino, pesquisa e extens\u00e3o, visando \u00e0 cria\u00e7\u00e3o e gest\u00e3o do conhecimento em per\u00edcia forense e a melhor qualifica\u00e7\u00e3o dos colaboradores internos da Institui\u00e7\u00e3o.<\/p>\n<p>&nbsp;<\/p>\n<p style=\"text-align: justify\">Encontra-se vinculado ao Gabinete do Perito Geral da Pefoce e conectado \u00e0s atividades do Centro de Altos Estudos de Seguran\u00e7a P\u00fablica e Defesa Social da Academia Estadual de Seguran\u00e7a P\u00fablica (AESP\/CE). Seu trabalho, em parceria com a AESP\/CE, tem, dentre outras miss\u00f5es conjuntas, a responsabilidade de planejar, supervisionar, orientar e executar a\u00e7\u00f5es de aperfei\u00e7oamento, pesquisa, est\u00e1gios e acervo bibliotec\u00e1rio relacionados \u00e0 capacita\u00e7\u00e3o de recursos humanos, na atividade pericial forense e servi\u00e7os de apoio. Suas iniciativas, al\u00e9m do espec\u00edfico prisma \u201cPericial\u201d, estar\u00e3o focadas em aspecto hol\u00edstico e voltadas para todo o ambiente da Seguran\u00e7a P\u00fablica, Defesa Civil e Cidadania. \u00c9 gerido pelo Orientador Geral do Centro de Estudos, cargo exercido por perito da ativa do quadro funcional da institui\u00e7\u00e3o, com o t\u00edtulo acad\u00eamico de Doutor, preenchido por indica\u00e7\u00e3o do Perito Geral.<\/p>\n<p>&nbsp;<\/p>\n<p style=\"text-align: justify\"><strong>Possui como finalidades, dentre outras:<\/strong><\/p>\n<p>&nbsp;<\/p>\n<p style=\"text-align: justify\">a) Planejar, incentivar, promover, supervisionar e divulgar a realiza\u00e7\u00e3o de trabalhos cient\u00edficos no \u00e2mbito da Pefoce;<\/p>\n<p>&nbsp;<\/p>\n<p style=\"text-align: justify\">b) Pleitear a concess\u00e3o de est\u00e1gios, em \u00e1rea espec\u00edfica no Pa\u00eds, para membros da equipe da Pefoce;<\/p>\n<p>&nbsp;<\/p>\n<p style=\"text-align: justify\">c) Promover interc\u00e2mbio t\u00e9cnico-cient\u00edfico e cultural com outros \u00f3rg\u00e3os correlatos do Pa\u00eds e internacionais em atividades de ensino, pesquisa e extens\u00e3o;<\/p>\n<p>&nbsp;<\/p>\n<p style=\"text-align: justify\">d) Elaborar, supervisionar e executar eventos cient\u00edficos e de capacita\u00e7\u00e3o;<\/p>\n<p>&nbsp;<\/p>\n<p style=\"text-align: justify\">e) Participar das atividades do planejamento e execu\u00e7\u00e3o cient\u00edfica dos est\u00e1gios e projetos de pesquisa cient\u00edfica;<\/p>\n<p>&nbsp;<\/p>\n<p style=\"text-align: justify\">f) Coordenar est\u00e1gios curriculares e extra-curriculares, remunerados e n\u00e3o remunerados, em Medicina Legal, Odontologia Legal, Criminal\u00edstica, An\u00e1lise Laboratorial Forense, Identifica\u00e7\u00e3o Humana e atividades correlatas da PEFOCE destinados a estudantes e pesquisadores de institui\u00e7\u00f5es conveniadas de n\u00edvel superior, estudantes e t\u00e9cnicos de n\u00edvel m\u00e9dio das diversas \u00e1reas;<\/p>\n<p>&nbsp;<\/p>\n<p style=\"text-align: justify\">g) Incentivar, coordenar e supervisionar o desenvolvimento de projetos de extens\u00e3o que visem melhorar a qualidade da presta\u00e7\u00e3o de servi\u00e7os da Pefoce ou que estejam voltados para a comunidade interna e\/ou externa;<\/p>\n<p>&nbsp;<\/p>\n<p style=\"text-align: justify\">h) Promover, em parceria com a AESP\/CE, a Jornada Cient\u00edfica Anual da Pefoce, com o escopo dedifundir os conhecimentos cient\u00edficos gerados no \u00e2mbito da Institui\u00e7\u00e3o;<\/p>\n<p>&nbsp;<\/p>\n","protected":false},"excerpt":{"rendered":"<p>&nbsp; O Centro de Estudos Professor Jos\u00e9 Carlos Ribeiro, da Per\u00edcia Forense do Estado do Cear\u00e1 (Pefoce), fundado em 2013, possui, como objetivos, planejar, desenvolver e avaliar os resultados de atividades t\u00e9cnico-cient\u00edficas, de aperfei\u00e7oamento profissional, ensino, pesquisa e extens\u00e3o, visando \u00e0 cria\u00e7\u00e3o e gest\u00e3o do conhecimento em per\u00edcia forense e a melhor qualifica\u00e7\u00e3o dos colaboradores [&hellip;]<\/p>\n","protected":false},"author":12,"featured_media":0,"parent":0,"menu_order":0,"comment_status":"closed","ping_status":"closed","template":"","meta":{"_acf_changed":false,"inline_featured_image":false,"footnotes":""},"class_list":["post-924","page","type-page","status-publish","hentry"],"acf":[],"yoast_head":"<!-- This site is optimized with the Yoast SEO plugin v27.3 - https:\/\/yoast.com\/product\/yoast-seo-wordpress\/ -->\n<title>Centro de Estudos da Pefoce - PEFOCE<\/title>\n<meta name=\"robots\" content=\"index, follow, max-snippet:-1, max-image-preview:large, max-video-preview:-1\" \/>\n<link rel=\"canonical\" href=\"https:\/\/ww16.ce.gov.br\/pefoce\/centro-de-estudos\/\" \/>\n<meta property=\"og:locale\" content=\"pt_BR\" \/>\n<meta property=\"og:type\" content=\"article\" \/>\n<meta property=\"og:title\" content=\"Centro de Estudos da Pefoce - PEFOCE\" \/>\n<meta property=\"og:description\" content=\"&nbsp; O Centro de Estudos Professor Jos\u00e9 Carlos Ribeiro, da Per\u00edcia Forense do Estado do Cear\u00e1 (Pefoce), fundado em 2013, possui, como objetivos, planejar, desenvolver e avaliar os resultados de atividades t\u00e9cnico-cient\u00edficas, de aperfei\u00e7oamento profissional, ensino, pesquisa e extens\u00e3o, visando \u00e0 cria\u00e7\u00e3o e gest\u00e3o do conhecimento em per\u00edcia forense e a melhor qualifica\u00e7\u00e3o dos colaboradores [&hellip;]\" \/>\n<meta property=\"og:url\" content=\"https:\/\/ww16.ce.gov.br\/pefoce\/centro-de-estudos\/\" \/>\n<meta property=\"og:site_name\" content=\"PEFOCE\" \/>\n<meta property=\"article:modified_time\" content=\"2018-02-26T13:21:58+00:00\" \/>\n<meta name=\"twitter:card\" content=\"summary_large_image\" \/>\n<meta name=\"twitter:label1\" content=\"Est. reading time\" \/>\n\t<meta name=\"twitter:data1\" content=\"2 minutos\" \/>\n<script type=\"application\/ld+json\" class=\"yoast-schema-graph\">{\"@context\":\"https:\\\/\\\/schema.org\",\"@graph\":[{\"@type\":\"WebPage\",\"@id\":\"https:\\\/\\\/ww16.ce.gov.br\\\/pefoce\\\/centro-de-estudos\\\/\",\"url\":\"https:\\\/\\\/ww16.ce.gov.br\\\/pefoce\\\/centro-de-estudos\\\/\",\"name\":\"Centro de Estudos da Pefoce - PEFOCE\",\"isPartOf\":{\"@id\":\"https:\\\/\\\/ww16.ce.gov.br\\\/pefoce\\\/#website\"},\"datePublished\":\"2018-02-05T15:39:23+00:00\",\"dateModified\":\"2018-02-26T13:21:58+00:00\",\"breadcrumb\":{\"@id\":\"https:\\\/\\\/ww16.ce.gov.br\\\/pefoce\\\/centro-de-estudos\\\/#breadcrumb\"},\"inLanguage\":\"pt-BR\",\"potentialAction\":[{\"@type\":\"ReadAction\",\"target\":[\"https:\\\/\\\/ww16.ce.gov.br\\\/pefoce\\\/centro-de-estudos\\\/\"]}]},{\"@type\":\"BreadcrumbList\",\"@id\":\"https:\\\/\\\/ww16.ce.gov.br\\\/pefoce\\\/centro-de-estudos\\\/#breadcrumb\",\"itemListElement\":[{\"@type\":\"ListItem\",\"position\":1,\"name\":\"In\u00edcio\",\"item\":\"https:\\\/\\\/ww16.ce.gov.br\\\/pefoce\\\/\"},{\"@type\":\"ListItem\",\"position\":2,\"name\":\"Centro de Estudos da Pefoce\"}]},{\"@type\":\"WebSite\",\"@id\":\"https:\\\/\\\/ww16.ce.gov.br\\\/pefoce\\\/#website\",\"url\":\"https:\\\/\\\/ww16.ce.gov.br\\\/pefoce\\\/\",\"name\":\"Per\u00edcia Forense\",\"description\":\"Portal PEFOCE\",\"publisher\":{\"@id\":\"https:\\\/\\\/ww16.ce.gov.br\\\/pefoce\\\/#organization\"},\"potentialAction\":[{\"@type\":\"SearchAction\",\"target\":{\"@type\":\"EntryPoint\",\"urlTemplate\":\"https:\\\/\\\/ww16.ce.gov.br\\\/pefoce\\\/?s={search_term_string}\"},\"query-input\":{\"@type\":\"PropertyValueSpecification\",\"valueRequired\":true,\"valueName\":\"search_term_string\"}}],\"inLanguage\":\"pt-BR\"},{\"@type\":\"Organization\",\"@id\":\"https:\\\/\\\/ww16.ce.gov.br\\\/pefoce\\\/#organization\",\"name\":\"Per\u00edcia Forense\",\"url\":\"https:\\\/\\\/ww16.ce.gov.br\\\/pefoce\\\/\",\"logo\":{\"@type\":\"ImageObject\",\"inLanguage\":\"pt-BR\",\"@id\":\"https:\\\/\\\/ww16.ce.gov.br\\\/pefoce\\\/#\\\/schema\\\/logo\\\/image\\\/\",\"url\":\"http:\\\/\\\/ww16.ce.gov.br\\\/pefoce\\\/wp-content\\\/uploads\\\/sites\\\/28\\\/2018\\\/04\\\/pefoce-clara.png\",\"contentUrl\":\"http:\\\/\\\/ww16.ce.gov.br\\\/pefoce\\\/wp-content\\\/uploads\\\/sites\\\/28\\\/2018\\\/04\\\/pefoce-clara.png\",\"width\":559,\"height\":106,\"caption\":\"Per\u00edcia Forense\"},\"image\":{\"@id\":\"https:\\\/\\\/ww16.ce.gov.br\\\/pefoce\\\/#\\\/schema\\\/logo\\\/image\\\/\"}}]}<\/script>\n<!-- \/ Yoast SEO plugin. -->","yoast_head_json":{"title":"Centro de Estudos da Pefoce - PEFOCE","robots":{"index":"index","follow":"follow","max-snippet":"max-snippet:-1","max-image-preview":"max-image-preview:large","max-video-preview":"max-video-preview:-1"},"canonical":"https:\/\/ww16.ce.gov.br\/pefoce\/centro-de-estudos\/","og_locale":"pt_BR","og_type":"article","og_title":"Centro de Estudos da Pefoce - PEFOCE","og_description":"&nbsp; O Centro de Estudos Professor Jos\u00e9 Carlos Ribeiro, da Per\u00edcia Forense do Estado do Cear\u00e1 (Pefoce), fundado em 2013, possui, como objetivos, planejar, desenvolver e avaliar os resultados de atividades t\u00e9cnico-cient\u00edficas, de aperfei\u00e7oamento profissional, ensino, pesquisa e extens\u00e3o, visando \u00e0 cria\u00e7\u00e3o e gest\u00e3o do conhecimento em per\u00edcia forense e a melhor qualifica\u00e7\u00e3o dos colaboradores [&hellip;]","og_url":"https:\/\/ww16.ce.gov.br\/pefoce\/centro-de-estudos\/","og_site_name":"PEFOCE","article_modified_time":"2018-02-26T13:21:58+00:00","twitter_card":"summary_large_image","twitter_misc":{"Est. reading time":"2 minutos"},"schema":{"@context":"https:\/\/schema.org","@graph":[{"@type":"WebPage","@id":"https:\/\/ww16.ce.gov.br\/pefoce\/centro-de-estudos\/","url":"https:\/\/ww16.ce.gov.br\/pefoce\/centro-de-estudos\/","name":"Centro de Estudos da Pefoce - PEFOCE","isPartOf":{"@id":"https:\/\/ww16.ce.gov.br\/pefoce\/#website"},"datePublished":"2018-02-05T15:39:23+00:00","dateModified":"2018-02-26T13:21:58+00:00","breadcrumb":{"@id":"https:\/\/ww16.ce.gov.br\/pefoce\/centro-de-estudos\/#breadcrumb"},"inLanguage":"pt-BR","potentialAction":[{"@type":"ReadAction","target":["https:\/\/ww16.ce.gov.br\/pefoce\/centro-de-estudos\/"]}]},{"@type":"BreadcrumbList","@id":"https:\/\/ww16.ce.gov.br\/pefoce\/centro-de-estudos\/#breadcrumb","itemListElement":[{"@type":"ListItem","position":1,"name":"In\u00edcio","item":"https:\/\/ww16.ce.gov.br\/pefoce\/"},{"@type":"ListItem","position":2,"name":"Centro de Estudos da Pefoce"}]},{"@type":"WebSite","@id":"https:\/\/ww16.ce.gov.br\/pefoce\/#website","url":"https:\/\/ww16.ce.gov.br\/pefoce\/","name":"Per\u00edcia Forense","description":"Portal PEFOCE","publisher":{"@id":"https:\/\/ww16.ce.gov.br\/pefoce\/#organization"},"potentialAction":[{"@type":"SearchAction","target":{"@type":"EntryPoint","urlTemplate":"https:\/\/ww16.ce.gov.br\/pefoce\/?s={search_term_string}"},"query-input":{"@type":"PropertyValueSpecification","valueRequired":true,"valueName":"search_term_string"}}],"inLanguage":"pt-BR"},{"@type":"Organization","@id":"https:\/\/ww16.ce.gov.br\/pefoce\/#organization","name":"Per\u00edcia Forense","url":"https:\/\/ww16.ce.gov.br\/pefoce\/","logo":{"@type":"ImageObject","inLanguage":"pt-BR","@id":"https:\/\/ww16.ce.gov.br\/pefoce\/#\/schema\/logo\/image\/","url":"http:\/\/ww16.ce.gov.br\/pefoce\/wp-content\/uploads\/sites\/28\/2018\/04\/pefoce-clara.png","contentUrl":"http:\/\/ww16.ce.gov.br\/pefoce\/wp-content\/uploads\/sites\/28\/2018\/04\/pefoce-clara.png","width":559,"height":106,"caption":"Per\u00edcia Forense"},"image":{"@id":"https:\/\/ww16.ce.gov.br\/pefoce\/#\/schema\/logo\/image\/"}}]}},"_links":{"self":[{"href":"https:\/\/www.ce.gov.br\/pefoce\/wp-json\/wp\/v2\/pages\/924","targetHints":{"allow":["GET"]}}],"collection":[{"href":"https:\/\/www.ce.gov.br\/pefoce\/wp-json\/wp\/v2\/pages"}],"about":[{"href":"https:\/\/www.ce.gov.br\/pefoce\/wp-json\/wp\/v2\/types\/page"}],"author":[{"embeddable":true,"href":"https:\/\/www.ce.gov.br\/pefoce\/wp-json\/wp\/v2\/users\/12"}],"replies":[{"embeddable":true,"href":"https:\/\/www.ce.gov.br\/pefoce\/wp-json\/wp\/v2\/comments?post=924"}],"version-history":[{"count":6,"href":"https:\/\/www.ce.gov.br\/pefoce\/wp-json\/wp\/v2\/pages\/924\/revisions"}],"predecessor-version":[{"id":67347,"href":"https:\/\/www.ce.gov.br\/pefoce\/wp-json\/wp\/v2\/pages\/924\/revisions\/67347"}],"wp:attachment":[{"href":"https:\/\/www.ce.gov.br\/pefoce\/wp-json\/wp\/v2\/media?parent=924"}],"curies":[{"name":"wp","href":"https:\/\/api.w.org\/{rel}","templated":true}]}}