{"id":28,"date":"2017-11-20T12:57:39","date_gmt":"2017-11-20T15:57:39","guid":{"rendered":"http:\/\/www.ceara.gov.br\/sejus\/?page_id=28"},"modified":"2026-01-09T14:04:49","modified_gmt":"2026-01-09T17:04:49","slug":"ultimas-noticias","status":"publish","type":"page","link":"https:\/\/www.ce.gov.br\/sap\/imprensa-2\/ultimas-noticias\/","title":{"rendered":"\u00daltimas Not\u00edcias"},"content":{"rendered":"\n<div class=\"ListagemManchetes row \">\n\n\n    <div class=\"  dt-8  \">\n\n        <div class=\"separador\">\n\n            \n        <\/div>\n\n            \n                    <div class=\"UltimasNoticias\">\n\n                                                    <h2 class=\"-SmallTitle\"> \u00daltimas Not\u00edcias <\/h2>\n                        \n                        <div class=\"SliderManchetes\">\n                            \n                                <figure class=\"frame\">\n                                    <img decoding=\"async\" src=\"https:\/\/www.ce.gov.br\/sap\/wp-content\/uploads\/sites\/51\/2026\/01\/WhatsApp-Image-2026-01-30-at-15.09.58.jpeg\" class=\"attachment-medio size-medio\" alt=\"SAP abre inscri\u00e7\u00f5es para o VII Curso de Interven\u00e7\u00e3o R\u00e1pida em Recinto Carcer\u00e1rio (CIRRC)\" srcset=\"https:\/\/www.ce.gov.br\/sap\/wp-content\/uploads\/sites\/51\/2026\/01\/WhatsApp-Image-2026-01-30-at-15.09.58.jpeg 2560w, https:\/\/www.ce.gov.br\/sap\/wp-content\/uploads\/sites\/51\/2026\/01\/WhatsApp-Image-2026-01-30-at-15.09.58-600x397.jpeg 600w, https:\/\/www.ce.gov.br\/sap\/wp-content\/uploads\/sites\/51\/2026\/01\/WhatsApp-Image-2026-01-30-at-15.09.58-1200x795.jpeg 1200w, https:\/\/www.ce.gov.br\/sap\/wp-content\/uploads\/sites\/51\/2026\/01\/WhatsApp-Image-2026-01-30-at-15.09.58-768x509.jpeg 768w, https:\/\/www.ce.gov.br\/sap\/wp-content\/uploads\/sites\/51\/2026\/01\/WhatsApp-Image-2026-01-30-at-15.09.58-1536x1017.jpeg 1536w, https:\/\/www.ce.gov.br\/sap\/wp-content\/uploads\/sites\/51\/2026\/01\/WhatsApp-Image-2026-01-30-at-15.09.58-2048x1356.jpeg 2048w\" sizes=\"(max-width: 2560px) 100vw, 2560px\" \/>                                    <figcaption>\n                                                                                    <a href=\"https:\/\/www.ce.gov.br\/sap\/categoria\/noticias-em-destaque\/\" class=\"categoria\">Not\u00edcias em Destaque<\/a>\n                                                                                <a href=\"https:\/\/ww16.ce.gov.br\/sap\/2026\/01\/30\/sap-abre-inscricoes-para-o-vii-curso-de-intervencao-rapida-em-recinto-carcerario-cirrc\/\">\n                                            <h3 class=\"-bold\">SAP abre inscri\u00e7\u00f5es para o VII Curso de Interven\u00e7\u00e3o R\u00e1pida em Recinto Carcer\u00e1rio (CIRRC)<\/h3>\n                                        <\/a>\n\n                                        <div class=\"actions\">\n                                                                                                                                <\/div>\n                                    <\/figcaption>\n                                <\/figure>\n\n                            \n                                <figure class=\"frame\">\n                                    <img decoding=\"async\" src=\"https:\/\/www.ce.gov.br\/sap\/wp-content\/uploads\/sites\/51\/2026\/01\/DIVERSIDADE-1.jpg\" class=\"attachment-medio size-medio\" alt=\"SAP participa de encontro intersetorial e reuni\u00e3o do Comit\u00ea de Empreendedorismo e Empregabilidade LGBTI+ durante a Semana da Visibilidade Trans\" srcset=\"https:\/\/www.ce.gov.br\/sap\/wp-content\/uploads\/sites\/51\/2026\/01\/DIVERSIDADE-1.jpg 1014w, https:\/\/www.ce.gov.br\/sap\/wp-content\/uploads\/sites\/51\/2026\/01\/DIVERSIDADE-1-600x447.jpg 600w, https:\/\/www.ce.gov.br\/sap\/wp-content\/uploads\/sites\/51\/2026\/01\/DIVERSIDADE-1-768x573.jpg 768w\" sizes=\"(max-width: 1014px) 100vw, 1014px\" \/>                                    <figcaption>\n                                                                                    <a href=\"https:\/\/www.ce.gov.br\/sap\/categoria\/noticias-em-destaque\/\" class=\"categoria\">Not\u00edcias em Destaque<\/a>\n                                                                                <a href=\"https:\/\/ww16.ce.gov.br\/sap\/2026\/01\/30\/sap-participa-de-encontro-intersetorial-e-reuniao-do-comite-de-empreendedorismo-e-empregabilidade-lgbti-durante-a-semana-da-visibilidade-trans\/\">\n                                            <h3 class=\"-bold\">SAP participa de encontro intersetorial e reuni\u00e3o do Comit\u00ea de Empreendedorismo e Empregabilidade LGBTI+ durante a Semana da Visibilidade Trans<\/h3>\n                                        <\/a>\n\n                                        <div class=\"actions\">\n                                                                                                                                <\/div>\n                                    <\/figcaption>\n                                <\/figure>\n\n                            \n                                <figure class=\"frame\">\n                                    <img decoding=\"async\" src=\"https:\/\/www.ce.gov.br\/sap\/wp-content\/uploads\/sites\/51\/2026\/01\/WhatsApp-Image-2026-01-27-at-08.51.26.jpeg\" class=\"attachment-medio size-medio\" alt=\"Internos da Unidade Prisional Irm\u00e3 Imelda participam de projeto art\u00edstico-pedag\u00f3gico desenvolvido por estudantes da UFC\" srcset=\"https:\/\/www.ce.gov.br\/sap\/wp-content\/uploads\/sites\/51\/2026\/01\/WhatsApp-Image-2026-01-27-at-08.51.26.jpeg 2560w, https:\/\/www.ce.gov.br\/sap\/wp-content\/uploads\/sites\/51\/2026\/01\/WhatsApp-Image-2026-01-27-at-08.51.26-600x397.jpeg 600w, https:\/\/www.ce.gov.br\/sap\/wp-content\/uploads\/sites\/51\/2026\/01\/WhatsApp-Image-2026-01-27-at-08.51.26-1200x795.jpeg 1200w, https:\/\/www.ce.gov.br\/sap\/wp-content\/uploads\/sites\/51\/2026\/01\/WhatsApp-Image-2026-01-27-at-08.51.26-768x509.jpeg 768w, https:\/\/www.ce.gov.br\/sap\/wp-content\/uploads\/sites\/51\/2026\/01\/WhatsApp-Image-2026-01-27-at-08.51.26-1536x1017.jpeg 1536w, https:\/\/www.ce.gov.br\/sap\/wp-content\/uploads\/sites\/51\/2026\/01\/WhatsApp-Image-2026-01-27-at-08.51.26-2048x1356.jpeg 2048w\" sizes=\"(max-width: 2560px) 100vw, 2560px\" \/>                                    <figcaption>\n                                                                                    <a href=\"https:\/\/www.ce.gov.br\/sap\/categoria\/noticias-em-destaque\/\" class=\"categoria\">Not\u00edcias em Destaque<\/a>\n                                                                                <a href=\"https:\/\/ww16.ce.gov.br\/sap\/2026\/01\/28\/internos-da-unidade-prisional-irma-imelda-participam-de-projeto-artistico-pedagogico-desenvolvido-por-estudantes-da-ufc\/\">\n                                            <h3 class=\"-bold\">Internos da Unidade Prisional Irm\u00e3 Imelda participam de projeto art\u00edstico-pedag\u00f3gico desenvolvido por estudantes da UFC<\/h3>\n                                        <\/a>\n\n                                        <div class=\"actions\">\n                                                                                                                                <\/div>\n                                    <\/figcaption>\n                                <\/figure>\n\n                            \n                                <figure class=\"frame\">\n                                    <img decoding=\"async\" src=\"https:\/\/www.ce.gov.br\/sap\/wp-content\/uploads\/sites\/51\/2026\/01\/WhatsApp-Image-2026-01-27-at-15.29.10-e1769539215863.jpeg\" class=\"attachment-medio size-medio\" alt=\"Policial penal conquista t\u00edtulo absoluto em campeonato de combate t\u00e1tico desarmado no Cear\u00e1\" srcset=\"https:\/\/www.ce.gov.br\/sap\/wp-content\/uploads\/sites\/51\/2026\/01\/WhatsApp-Image-2026-01-27-at-15.29.10-e1769539215863.jpeg 850w, https:\/\/www.ce.gov.br\/sap\/wp-content\/uploads\/sites\/51\/2026\/01\/WhatsApp-Image-2026-01-27-at-15.29.10-e1769539215863-600x462.jpeg 600w, https:\/\/www.ce.gov.br\/sap\/wp-content\/uploads\/sites\/51\/2026\/01\/WhatsApp-Image-2026-01-27-at-15.29.10-e1769539215863-768x592.jpeg 768w\" sizes=\"(max-width: 850px) 100vw, 850px\" \/>                                    <figcaption>\n                                                                                    <a href=\"https:\/\/www.ce.gov.br\/sap\/categoria\/noticias-em-destaque\/\" class=\"categoria\">Not\u00edcias em Destaque<\/a>\n                                                                                <a href=\"https:\/\/ww16.ce.gov.br\/sap\/2026\/01\/27\/policial-penal-conquista-titulo-absoluto-em-campeonato-de-combate-tatico-desarmado-no-ceara\/\">\n                                            <h3 class=\"-bold\">Policial penal conquista t\u00edtulo absoluto em campeonato de combate t\u00e1tico desarmado no Cear\u00e1<\/h3>\n                                        <\/a>\n\n                                        <div class=\"actions\">\n                                                                                                                                <\/div>\n                                    <\/figcaption>\n                                <\/figure>\n\n                            \n                                <figure class=\"frame\">\n                                    <img decoding=\"async\" src=\"https:\/\/www.ce.gov.br\/sap\/wp-content\/uploads\/sites\/51\/2026\/01\/WhatsApp-Image-2026-01-26-at-13.24.07.jpeg\" class=\"attachment-medio size-medio\" alt=\"Governador Elmano de Freitas anuncia constru\u00e7\u00e3o de quatro unidades prisionais, totalizando 5 mil vagas\" srcset=\"https:\/\/www.ce.gov.br\/sap\/wp-content\/uploads\/sites\/51\/2026\/01\/WhatsApp-Image-2026-01-26-at-13.24.07.jpeg 1200w, https:\/\/www.ce.gov.br\/sap\/wp-content\/uploads\/sites\/51\/2026\/01\/WhatsApp-Image-2026-01-26-at-13.24.07-600x400.jpeg 600w, https:\/\/www.ce.gov.br\/sap\/wp-content\/uploads\/sites\/51\/2026\/01\/WhatsApp-Image-2026-01-26-at-13.24.07-768x512.jpeg 768w\" sizes=\"(max-width: 1200px) 100vw, 1200px\" \/>                                    <figcaption>\n                                                                                    <a href=\"https:\/\/www.ce.gov.br\/sap\/categoria\/noticias-em-destaque\/\" class=\"categoria\">Not\u00edcias em Destaque<\/a>\n                                                                                <a href=\"https:\/\/ww16.ce.gov.br\/sap\/2026\/01\/26\/governador-elmano-de-freitas-anuncia-construcao-de-quatro-unidades-prisionais-totalizando-5-mil-vagas\/\">\n                                            <h3 class=\"-bold\">Governador Elmano de Freitas anuncia constru\u00e7\u00e3o de quatro unidades prisionais, totalizando 5 mil vagas<\/h3>\n                                        <\/a>\n\n                                        <div class=\"actions\">\n                                                                                                                                <\/div>\n                                    <\/figcaption>\n                                <\/figure>\n\n                                                    <\/div>\n\n                    <\/div>\n\n            \n\n\n    <\/div>\n\n    <div class=\"Side dt-4\">\n                                \n\n        <div class=\"destacado\">\n                    <a class=\"categoria\" href=\"https:\/\/www.ce.gov.br\/sap\/categoria\/noticias-em-destaque\/\">Not\u00edcias em Destaque<\/a>\n                <a href=\"https:\/\/www.ce.gov.br\/sap\/2025\/12\/19\/mais-de-6-mil-internos-do-sistema-prisional-cearense-sao-certificados-no-encceja-ppl-2025-veja-o-resultado-do-exame\/\">\n                        <h2 class=\"-bold\">Mais de 6 mil internos do sistema prisional cearense s\u00e3o certificados no Encceja PPL 2025 -veja o resultado do exame<\/h2>\n                    <\/a>\n    <\/div><hr \/>\n    \n\n        <div class=\"destacado\">\n                    <a class=\"categoria\" href=\"https:\/\/www.ce.gov.br\/sap\/categoria\/noticias-em-destaque\/\">Not\u00edcias em Destaque<\/a>\n                <a href=\"https:\/\/www.ce.gov.br\/sap\/2024\/10\/15\/governo-do-ceara-entrega-novas-viaturas-para-a-policia-penal-do-ceara\/\">\n                            <h3>Governo do Cear\u00e1 entrega novas viaturas para a Pol\u00edcia Penal do Cear\u00e1<\/h3>\n                    <\/a>\n    <\/div><hr \/>\n    \n\n        <div class=\"destacado\">\n                    <a class=\"categoria\" href=\"https:\/\/www.ce.gov.br\/sap\/categoria\/noticias-em-destaque\/\">Not\u00edcias em Destaque<\/a>\n                <a href=\"https:\/\/www.ce.gov.br\/sap\/2024\/09\/11\/sap-e-seduc-inauguram-primeira-escola-de-educacao-profissional-para-pessoas-privadas-de-liberdade-do-brasil\/\">\n                            <h3>SAP e Seduc inauguram primeira Escola de Educa\u00e7\u00e3o Profissional para Pessoas Privadas de Liberdade do Brasil<\/h3>\n                    <\/a>\n    <\/div><hr \/>\n    \n        \n    <\/div>\n\n<\/div>\n\n<p>&nbsp;<\/p>\n<span id=\"destaques\" class=\"ancora-vazia\"><\/span>\n","protected":false},"excerpt":{"rendered":"<p>&nbsp;<\/p>\n","protected":false},"author":38,"featured_media":0,"parent":121,"menu_order":0,"comment_status":"closed","ping_status":"closed","template":"","meta":{"_acf_changed":false,"inline_featured_image":false,"footnotes":""},"class_list":["post-28","page","type-page","status-publish","hentry"],"acf":[],"yoast_head":"<!-- This site is optimized with the Yoast SEO plugin v27.3 - https:\/\/yoast.com\/product\/yoast-seo-wordpress\/ -->\n<title>\u00daltimas Not\u00edcias - SAP<\/title>\n<meta name=\"robots\" content=\"index, follow, max-snippet:-1, max-image-preview:large, max-video-preview:-1\" \/>\n<link rel=\"canonical\" href=\"https:\/\/ww16.ce.gov.br\/sap\/imprensa-2\/ultimas-noticias\/\" \/>\n<meta property=\"og:locale\" content=\"pt_BR\" \/>\n<meta property=\"og:type\" content=\"article\" \/>\n<meta property=\"og:title\" content=\"\u00daltimas Not\u00edcias - SAP\" \/>\n<meta property=\"og:description\" content=\"&nbsp;\" \/>\n<meta property=\"og:url\" content=\"https:\/\/ww16.ce.gov.br\/sap\/imprensa-2\/ultimas-noticias\/\" \/>\n<meta property=\"og:site_name\" content=\"SAP\" \/>\n<meta property=\"article:modified_time\" content=\"2026-01-09T17:04:49+00:00\" \/>\n<meta name=\"twitter:card\" content=\"summary_large_image\" \/>\n<meta name=\"twitter:label1\" content=\"Est. reading time\" \/>\n\t<meta name=\"twitter:data1\" content=\"1 minuto\" \/>\n<script type=\"application\/ld+json\" class=\"yoast-schema-graph\">{\"@context\":\"https:\\\/\\\/schema.org\",\"@graph\":[{\"@type\":\"WebPage\",\"@id\":\"https:\\\/\\\/ww16.ce.gov.br\\\/sap\\\/imprensa-2\\\/ultimas-noticias\\\/\",\"url\":\"https:\\\/\\\/ww16.ce.gov.br\\\/sap\\\/imprensa-2\\\/ultimas-noticias\\\/\",\"name\":\"\u00daltimas Not\u00edcias - SAP\",\"isPartOf\":{\"@id\":\"https:\\\/\\\/ww16.ce.gov.br\\\/sap\\\/#website\"},\"datePublished\":\"2017-11-20T15:57:39+00:00\",\"dateModified\":\"2026-01-09T17:04:49+00:00\",\"breadcrumb\":{\"@id\":\"https:\\\/\\\/ww16.ce.gov.br\\\/sap\\\/imprensa-2\\\/ultimas-noticias\\\/#breadcrumb\"},\"inLanguage\":\"pt-BR\",\"potentialAction\":[{\"@type\":\"ReadAction\",\"target\":[\"https:\\\/\\\/ww16.ce.gov.br\\\/sap\\\/imprensa-2\\\/ultimas-noticias\\\/\"]}]},{\"@type\":\"BreadcrumbList\",\"@id\":\"https:\\\/\\\/ww16.ce.gov.br\\\/sap\\\/imprensa-2\\\/ultimas-noticias\\\/#breadcrumb\",\"itemListElement\":[{\"@type\":\"ListItem\",\"position\":1,\"name\":\"In\u00edcio\",\"item\":\"https:\\\/\\\/ww16.ce.gov.br\\\/sap\\\/\"},{\"@type\":\"ListItem\",\"position\":2,\"name\":\"P\u00e1gina Inicial\",\"item\":\"https:\\\/\\\/ww16.ce.gov.br\\\/sap\\\/\"},{\"@type\":\"ListItem\",\"position\":3,\"name\":\"\u00daltimas Not\u00edcias\"}]},{\"@type\":\"WebSite\",\"@id\":\"https:\\\/\\\/ww16.ce.gov.br\\\/sap\\\/#website\",\"url\":\"https:\\\/\\\/ww16.ce.gov.br\\\/sap\\\/\",\"name\":\"Secretaria da Justi\u00e7a e Cidadania\",\"description\":\"Portal SAP\",\"potentialAction\":[{\"@type\":\"SearchAction\",\"target\":{\"@type\":\"EntryPoint\",\"urlTemplate\":\"https:\\\/\\\/ww16.ce.gov.br\\\/sap\\\/?s={search_term_string}\"},\"query-input\":{\"@type\":\"PropertyValueSpecification\",\"valueRequired\":true,\"valueName\":\"search_term_string\"}}],\"inLanguage\":\"pt-BR\"}]}<\/script>\n<!-- \/ Yoast SEO plugin. -->","yoast_head_json":{"title":"\u00daltimas Not\u00edcias - SAP","robots":{"index":"index","follow":"follow","max-snippet":"max-snippet:-1","max-image-preview":"max-image-preview:large","max-video-preview":"max-video-preview:-1"},"canonical":"https:\/\/ww16.ce.gov.br\/sap\/imprensa-2\/ultimas-noticias\/","og_locale":"pt_BR","og_type":"article","og_title":"\u00daltimas Not\u00edcias - SAP","og_description":"&nbsp;","og_url":"https:\/\/ww16.ce.gov.br\/sap\/imprensa-2\/ultimas-noticias\/","og_site_name":"SAP","article_modified_time":"2026-01-09T17:04:49+00:00","twitter_card":"summary_large_image","twitter_misc":{"Est. reading time":"1 minuto"},"schema":{"@context":"https:\/\/schema.org","@graph":[{"@type":"WebPage","@id":"https:\/\/ww16.ce.gov.br\/sap\/imprensa-2\/ultimas-noticias\/","url":"https:\/\/ww16.ce.gov.br\/sap\/imprensa-2\/ultimas-noticias\/","name":"\u00daltimas Not\u00edcias - SAP","isPartOf":{"@id":"https:\/\/ww16.ce.gov.br\/sap\/#website"},"datePublished":"2017-11-20T15:57:39+00:00","dateModified":"2026-01-09T17:04:49+00:00","breadcrumb":{"@id":"https:\/\/ww16.ce.gov.br\/sap\/imprensa-2\/ultimas-noticias\/#breadcrumb"},"inLanguage":"pt-BR","potentialAction":[{"@type":"ReadAction","target":["https:\/\/ww16.ce.gov.br\/sap\/imprensa-2\/ultimas-noticias\/"]}]},{"@type":"BreadcrumbList","@id":"https:\/\/ww16.ce.gov.br\/sap\/imprensa-2\/ultimas-noticias\/#breadcrumb","itemListElement":[{"@type":"ListItem","position":1,"name":"In\u00edcio","item":"https:\/\/ww16.ce.gov.br\/sap\/"},{"@type":"ListItem","position":2,"name":"P\u00e1gina Inicial","item":"https:\/\/ww16.ce.gov.br\/sap\/"},{"@type":"ListItem","position":3,"name":"\u00daltimas Not\u00edcias"}]},{"@type":"WebSite","@id":"https:\/\/ww16.ce.gov.br\/sap\/#website","url":"https:\/\/ww16.ce.gov.br\/sap\/","name":"Secretaria da Justi\u00e7a e Cidadania","description":"Portal SAP","potentialAction":[{"@type":"SearchAction","target":{"@type":"EntryPoint","urlTemplate":"https:\/\/ww16.ce.gov.br\/sap\/?s={search_term_string}"},"query-input":{"@type":"PropertyValueSpecification","valueRequired":true,"valueName":"search_term_string"}}],"inLanguage":"pt-BR"}]}},"_links":{"self":[{"href":"https:\/\/www.ce.gov.br\/sap\/wp-json\/wp\/v2\/pages\/28","targetHints":{"allow":["GET"]}}],"collection":[{"href":"https:\/\/www.ce.gov.br\/sap\/wp-json\/wp\/v2\/pages"}],"about":[{"href":"https:\/\/www.ce.gov.br\/sap\/wp-json\/wp\/v2\/types\/page"}],"author":[{"embeddable":true,"href":"https:\/\/www.ce.gov.br\/sap\/wp-json\/wp\/v2\/users\/38"}],"replies":[{"embeddable":true,"href":"https:\/\/www.ce.gov.br\/sap\/wp-json\/wp\/v2\/comments?post=28"}],"version-history":[{"count":232,"href":"https:\/\/www.ce.gov.br\/sap\/wp-json\/wp\/v2\/pages\/28\/revisions"}],"predecessor-version":[{"id":81825,"href":"https:\/\/www.ce.gov.br\/sap\/wp-json\/wp\/v2\/pages\/28\/revisions\/81825"}],"up":[{"embeddable":true,"href":"https:\/\/www.ce.gov.br\/sap\/wp-json\/wp\/v2\/pages\/121"}],"wp:attachment":[{"href":"https:\/\/www.ce.gov.br\/sap\/wp-json\/wp\/v2\/media?parent=28"}],"curies":[{"name":"wp","href":"https:\/\/api.w.org\/{rel}","templated":true}]}}