{"id":3325,"date":"2017-12-27T10:38:01","date_gmt":"2017-12-27T13:38:01","guid":{"rendered":"http:\/\/www.sejus.ce.gov.br\/?page_id=3325"},"modified":"2026-05-12T16:24:08","modified_gmt":"2026-05-12T19:24:08","slug":"ouvidoria","status":"publish","type":"page","link":"https:\/\/www.ce.gov.br\/sap\/ouvidoria\/","title":{"rendered":"Ouvidoria"},"content":{"rendered":"<h2 class=\"titulo TitLight\" style=\"color: #fc6836\"><strong>Ouvidoria Setorial<\/strong><\/h2>\n<div class=\"Card Informativo BgBranco\">\n<p><strong>Ouvidora<\/strong>: D\u00e9bora Reb\u00ealo<\/p>\n<p><strong>Telefone:<\/strong> (85) 2018.2965<br \/>\n<strong>E-mail:<\/strong> debora.rebelo@sap.ce.gov.br<\/p>\n<p><strong>E-mail:<\/strong> ouvidoria@sap.ce.gov.br<\/p>\n<p><strong>Endere\u00e7o:<\/strong> Rua Tenente Ben\u00e9volo, n\u00ba.1055, Meireles \u2013 Fortaleza\/CE<\/p>\n<p><strong>Hor\u00e1rio de Atendimento:<\/strong> 08h \u00e0s 12h e de 13h \u00e0s 17h.<\/p>\n<\/div>\n<h2 class=\"titulo TitLight\" style=\"color: #fc6836\"><strong>Pol\u00edtica de Ouvidoria<\/strong><\/h2>\n<p><em>A Pol\u00edtica de Ouvidoria do Estado do Cear\u00e1 visa fomentar a participa\u00e7\u00e3o da sociedade e o exerc\u00edcio do controle social, assegurando o direito \u00e0 cidadania e \u00e0 transpar\u00eancia dos servi\u00e7os prestados pelo Poder Executivo Estadual, com atua\u00e7\u00e3o \u00e9tica, equ\u00e2nime e isenta, por meio da escuta imparcial das partes envolvidas, preservando o direito de livre express\u00e3o e julgamento do cidad\u00e3o.<\/em><\/p>\n<p><em>Nesse sentido, a Ouvidoria atua como canal de intermedia\u00e7\u00e3o do processo de participa\u00e7\u00e3o popular, possibilitando ao cidad\u00e3o contribuir com a implementa\u00e7\u00e3o das pol\u00edticas p\u00fablicas e a avalia\u00e7\u00e3o dos servi\u00e7os prestados.<\/em><\/p>\n<p><em>A Rede de Ouvidorias \u00e9 composta pelas Ouvidorias Setoriais dos \u00f3rg\u00e3os e entidades do Poder Executivo Estadual, a quem cabe atuar na apura\u00e7\u00e3o e resposta das manifesta\u00e7\u00f5es apresentadas pelo cidad\u00e3o. \u00c9 pautada nos princ\u00edpios da horizontalidade e descentraliza\u00e7\u00e3o dos processos, exercendo a fun\u00e7\u00e3o de intermediadora dos cidad\u00e3os junto \u00e0s institui\u00e7\u00f5es em que atuam, viabilizando um canal de comunica\u00e7\u00e3o.<\/em><\/p>\n<p><em>A Rede de Ouvidorias do Estado do Cear\u00e1 \u00e9 composta por 66 Ouvidorias Setoriais, distribu\u00eddas em cada \u00f3rg\u00e3o ou entidade do Governo do Estado. Al\u00e9m disso, disp\u00f5e ainda da rede interna regulamentada da Secretaria da Sa\u00fade \u2013 Sesa com 55 ouvidorias distribu\u00eddas nas unidades assistenciais de sa\u00fade, nas Coordenadorias Regionais de Sa\u00fade (integrantes da estrutura organizacional da Sesa), nas unidades assistenciais de sa\u00fade qualificadas como organiza\u00e7\u00e3o social e nas unidades assistenciais de sa\u00fade dos cons\u00f3rcios p\u00fablicos.<\/em><\/p>\n<h2 class=\"titulo TitLight\" style=\"color: #fc6836\"><strong>Canais de Acesso do Cidad\u00e3o<\/strong><\/h2>\n<p><em>A Controladoria e Ouvidoria Geral do Estado \u2013 CGE disponibiliza canais gratuitos de atendimento ao cidad\u00e3o, voltados ao exerc\u00edcio do controle social e ao fomento das pol\u00edticas p\u00fablicas, colocando \u00e0 disposi\u00e7\u00e3o recursos telef\u00f4nicos, da rede mundial de computadores e atendimento presencial, de modo a viabilizar com celeridade a recep\u00e7\u00e3o e o registro das manifesta\u00e7\u00f5es apresentadas, tais como: sugest\u00f5es, elogios, reclama\u00e7\u00f5es, cr\u00edticas, den\u00fancias, solicita\u00e7\u00f5es de servi\u00e7os e informa\u00e7\u00f5es pertinentes ao Poder Executivo Estadual.<\/em><\/p>\n<h2 class=\"titulo TitLight\" style=\"color: #fc6836\"><strong>Central de Atendimento Telef\u00f4nico da Ouvidoria Geral do Estado (Telefone 155)\u00a0<\/strong><\/h2>\n<p><em><span style=\"letter-spacing: 0.02px\">O atendimento telef\u00f4nico, por meio do n\u00famero 155, \u00e9 feito pela Central de Atendimento da Ouvidoria, criada em janeiro de 2008, situada na cidade de Canind\u00e9. Constitui-se em um dos principais canais receptores e porta de entrada das demandas de ouvidoria de todo o Estado e vem permitindo a universaliza\u00e7\u00e3o dos servi\u00e7os prestados pela Ouvidoria do Estado do Cear\u00e1.<\/span><\/em><\/p>\n<div class=\"Card Informativo BgBranco row\">\n<p><strong>Contatos<\/strong><br \/>\n<em><strong>Hor\u00e1rio de Atendimento<\/strong>: segunda a sexta-feira das 7h \u00e0s 20h<\/em><br \/>\n<em><strong>Telefone:<\/strong> 155 (liga\u00e7\u00e3o gratuita)<\/em><br \/>\n<em><strong>Endere\u00e7o:<\/strong> Rua Raimundo Alconforado N\u00ba 777, bloco B, Bairro Alto Guaramiranga, Cep 62700-000 Canind\u00e9-CE<\/em><\/p>\n<\/div>\n<h2 class=\"titulo TitLight\" style=\"color: #fc6836\"><strong>Cear\u00e1 Transparente\u00a0<\/strong><\/h2>\n<p><em>O Cear\u00e1 Transparente foi feito para facilitar a comunica\u00e7\u00e3o entre voc\u00ea, cidad\u00e3o, e as v\u00e1rias institui\u00e7\u00f5es governamentais. O sistema possibilita que voc\u00ea registre novas sugest\u00f5es, elogios, reclama\u00e7\u00f5es e den\u00fancias, acompanhe suas manifesta\u00e7\u00f5es de forma r\u00e1pida e simples, al\u00e9m de acompanhar manifesta\u00e7\u00f5es p\u00fablicas criadas por outros cidad\u00e3os.<\/em><\/p>\n<p><em>No endere\u00e7o eletr\u00f4nico\u00a0<a href=\"https:\/\/cearatransparente.ce.gov.br\/portal-da-transparencia\/ouvidoria?locale=pt-BR\">cearatransparente.ce.gov.br<\/a>\u00a0o cidad\u00e3o acessa o sistema para registrar sua manifesta\u00e7\u00e3o.<\/em><\/p>\n<h2 class=\"titulo TitLight\" style=\"color: #fc6836\"><strong>Redes Sociais (Facebook e Twitter)<\/strong><\/h2>\n<p><em>O Governo do Estado do Cear\u00e1, por meio da Controladoria e Ouvidoria Geral do Estado \u2013 CGE, disponibiliza na internet mais dois canais de atendimento para os cidad\u00e3os que necessitam fazer contato com a Ouvidoria. Seguindo uma tend\u00eancia mundial, o Estado tamb\u00e9m atende sua popula\u00e7\u00e3o atrav\u00e9s do microblog Twitter (@OuvidoriaCeara) e do Facebook da Ouvidoria Geral do Governo do Estado do Cear\u00e1.<\/em><\/p>\n<p><em>Os canais de atendimento nas redes sociais seguem os procedimentos e as regulamenta\u00e7\u00f5es j\u00e1 existentes para as demais vias de acesso \u00e0 Ouvidoria. As demandas dos cidad\u00e3os que forem recebidas atrav\u00e9s do Twitter ou Facebook ser\u00e3o cadastradas por t\u00e9cnicos da CGE na Plataforma Cear\u00e1 Transparente, de onde ser\u00e3o encaminhadas para os \u00f3rg\u00e3os e entidades do governo respons\u00e1veis pelo assunto em quest\u00e3o.<\/em><\/p>\n<p><em>Rede Social \u2013 Facebook<\/em><br \/>\n<em>Rede Social \u2013 Twitter<\/em><\/p>\n<h2 class=\"titulo TitLight\" style=\"color: #fc6836\"><strong>Atendimento Presencial\u00a0<\/strong><\/h2>\n<p><em>Al\u00e9m dos canais anteriormente mencionados, a SAP disponibiliza aos cidad\u00e3os o atendimento presencial:<\/em><\/p>\n<div class=\"Card Informativo BgBranco row\">\n<ul>Rua Tenente Ben\u00e9volo, 1055 &#8211; Meireles &#8211; Fortaleza\/CE<\/ul>\n<\/div>\n<p><em>O atendimento presencial pode ser buscado na sede do \u00f3rg\u00e3o ou em qualquer Ouvidoria Setorial do Poder Executivo Estadual.<\/em><\/p>\n<h2 class=\"titulo TitLight\" style=\"color: #fc6836\"><strong>Relat\u00f3rios Gerenciais\u00a0<\/strong><\/h2>\n<p><em>Em conformidade com o Decreto n\u00ba. 33.485\/2020, as Ouvidorias Setoriais do Poder Executivo Estadual apresentam relat\u00f3rios abordando um panorama geral dos resultados das suas atividades no \u00e2mbito do Sistema Estadual de Ouvidoria. Funcionando como instrumento de gest\u00e3o, as ouvidorias apresentam sugest\u00f5es e recomenda\u00e7\u00f5es, contribuindo para uma gest\u00e3o \u00e9tica e transparente e para oferta dos servi\u00e7os p\u00fablicos com qualidade, como forma de retroalimentar o processo de gest\u00e3o e decis\u00e3o governamental. Nesse sentido, a Controladoria e Ouvidoria Geral do Estado e a Rede de Ouvidorias disponibilizam nos s\u00edtios institucionais os relat\u00f3rios gerenciais com a s\u00edntese do trabalho realizado pelas ouvidorias.<\/em><\/p>\n<p><strong>RELAT\u00d3RIOS SEMESTRAIS<\/strong><\/p>\n<ul>\n<li><strong><a href=\"https:\/\/ww16.ce.gov.br\/sap\/wp-content\/uploads\/sites\/51\/2025\/07\/Infografico-de-dados-Semestral-JAN-A-JUN-2025.pdf\">Relat\u00f3rio de Ouvidoria Jan\/Jun 2025<\/a><\/strong><\/li>\n<li><strong><a href=\"https:\/\/ww16.ce.gov.br\/sap\/wp-content\/uploads\/sites\/51\/2026\/01\/Infografico-de-dados-Semestral-Jul-A-dez-2025.pdf\">Relat\u00f3rio de Ouvidoria Jul\/Dez 2025<\/a><\/strong><\/li>\n<\/ul>\n<p><strong>RELAT\u00d3RIOS ANUAIS<\/strong><\/p>\n<ul>\n<li><strong><a href=\"https:\/\/ww16.ce.gov.br\/sap\/wp-content\/uploads\/sites\/51\/2025\/02\/Relatorio-de-Gestao-de-Ouvidoria-_2024-PDF.pdf\">Relat\u00f3rio de Ouvidoria 2024<\/a><\/strong><\/li>\n<li><strong><a href=\"https:\/\/ww16.ce.gov.br\/sap\/wp-content\/uploads\/sites\/51\/2024\/02\/RELATORIO-DEOUVIDORIA-EXERCICIO-2023.pdf\">Relat\u00f3rio de Ouvidoria 2023<\/a><\/strong><\/li>\n<li><strong><a href=\"https:\/\/ww16.ce.gov.br\/sap\/wp-content\/uploads\/sites\/51\/2023\/03\/RELATORIO-DE-OUVIDORIA-2022-PARA-ENVIO.pdf\">Relat\u00f3rio de Ouvidoria 2022<\/a><\/strong><\/li>\n<li><strong><a href=\"https:\/\/ww16.ce.gov.br\/sap\/wp-content\/uploads\/sites\/51\/2022\/02\/Relatorio-de-Gestao-de-Ouvidoria-_2021.pdf\">Relat\u00f3rio de Ouvidoria 2021<\/a><\/strong><\/li>\n<li><strong><a href=\"https:\/\/ww16.ce.gov.br\/sap\/wp-content\/uploads\/sites\/51\/2021\/02\/Relatorio-de-Gestao-de-Ouvidoria-_2020.pdf\">Relat\u00f3rio de Ouvidoria 2020<\/a><\/strong><\/li>\n<li><strong><a href=\"https:\/\/ww16.ce.gov.br\/sap\/wp-content\/uploads\/sites\/51\/2020\/03\/Relat\u00f3rio-de-Ouvidoria-2019-1.pdf\" target=\"_blank\" rel=\"noopener noreferrer\">Relat\u00f3rio de Ouvidoria 2019<\/a><\/strong><\/li>\n<li><strong><a href=\"https:\/\/ww16.ce.gov.br\/sap\/wp-content\/uploads\/sites\/51\/2019\/07\/Relat\u00f3rio-de-Ouvidoria-2018.pdf\">Relat\u00f3rio de Ouvidoria 2018<\/a><\/strong><\/li>\n<li><strong><a href=\"https:\/\/ww16.ce.gov.br\/sap\/wp-content\/uploads\/sites\/51\/2019\/01\/Relat\u00f3rio-2017_.pdf\">Relat\u00f3rio de Ouvidoria 2017<\/a><\/strong><\/li>\n<li><strong><a href=\"https:\/\/ww16.ce.gov.br\/sap\/wp-content\/uploads\/sites\/51\/2019\/01\/Relat\u00f3rio-2016_.pdf\">Relat\u00f3rio de Ouvidoria 2016<\/a><\/strong><\/li>\n<li><strong><a href=\"https:\/\/ww16.ce.gov.br\/sap\/wp-content\/uploads\/sites\/51\/2022\/11\/SEJUS-2015.pdf\">Relat\u00f3rio de Ouvidoria 2015<\/a><\/strong><\/li>\n<\/ul>\n","protected":false},"excerpt":{"rendered":"<p>Ouvidoria Setorial Ouvidora: D\u00e9bora Reb\u00ealo Telefone: (85) 2018.2965 E-mail: debora.rebelo@sap.ce.gov.br E-mail: ouvidoria@sap.ce.gov.br Endere\u00e7o: Rua Tenente Ben\u00e9volo, n\u00ba.1055, Meireles \u2013 Fortaleza\/CE Hor\u00e1rio de Atendimento: 08h \u00e0s 12h e de 13h \u00e0s 17h. Pol\u00edtica de Ouvidoria A Pol\u00edtica de Ouvidoria do Estado do Cear\u00e1 visa fomentar a participa\u00e7\u00e3o da sociedade e o exerc\u00edcio do controle social, assegurando [&hellip;]<\/p>\n","protected":false},"author":12,"featured_media":0,"parent":0,"menu_order":30,"comment_status":"closed","ping_status":"closed","template":"","meta":{"_acf_changed":false,"inline_featured_image":false,"footnotes":""},"class_list":["post-3325","page","type-page","status-publish","hentry"],"acf":[],"yoast_head":"<!-- This site is optimized with the Yoast SEO plugin v27.3 - https:\/\/yoast.com\/product\/yoast-seo-wordpress\/ -->\n<title>Ouvidoria - SAP<\/title>\n<meta name=\"robots\" content=\"index, follow, max-snippet:-1, max-image-preview:large, max-video-preview:-1\" \/>\n<link rel=\"canonical\" href=\"https:\/\/ww16.ce.gov.br\/sap\/ouvidoria\/\" \/>\n<meta property=\"og:locale\" content=\"pt_BR\" \/>\n<meta property=\"og:type\" content=\"article\" \/>\n<meta property=\"og:title\" content=\"Ouvidoria - SAP\" \/>\n<meta property=\"og:description\" content=\"Ouvidoria Setorial Ouvidora: D\u00e9bora Reb\u00ealo Telefone: (85) 2018.2965 E-mail: debora.rebelo@sap.ce.gov.br E-mail: ouvidoria@sap.ce.gov.br Endere\u00e7o: Rua Tenente Ben\u00e9volo, n\u00ba.1055, Meireles \u2013 Fortaleza\/CE Hor\u00e1rio de Atendimento: 08h \u00e0s 12h e de 13h \u00e0s 17h. Pol\u00edtica de Ouvidoria A Pol\u00edtica de Ouvidoria do Estado do Cear\u00e1 visa fomentar a participa\u00e7\u00e3o da sociedade e o exerc\u00edcio do controle social, assegurando [&hellip;]\" \/>\n<meta property=\"og:url\" content=\"https:\/\/ww16.ce.gov.br\/sap\/ouvidoria\/\" \/>\n<meta property=\"og:site_name\" content=\"SAP\" \/>\n<meta property=\"article:modified_time\" content=\"2026-05-12T19:24:08+00:00\" \/>\n<meta name=\"twitter:card\" content=\"summary_large_image\" \/>\n<meta name=\"twitter:label1\" content=\"Est. reading time\" \/>\n\t<meta name=\"twitter:data1\" content=\"5 minutos\" \/>\n<script type=\"application\/ld+json\" class=\"yoast-schema-graph\">{\"@context\":\"https:\\\/\\\/schema.org\",\"@graph\":[{\"@type\":\"WebPage\",\"@id\":\"https:\\\/\\\/ww16.ce.gov.br\\\/sap\\\/ouvidoria\\\/\",\"url\":\"https:\\\/\\\/ww16.ce.gov.br\\\/sap\\\/ouvidoria\\\/\",\"name\":\"Ouvidoria - SAP\",\"isPartOf\":{\"@id\":\"https:\\\/\\\/ww16.ce.gov.br\\\/sap\\\/#website\"},\"datePublished\":\"2017-12-27T13:38:01+00:00\",\"dateModified\":\"2026-05-12T19:24:08+00:00\",\"breadcrumb\":{\"@id\":\"https:\\\/\\\/ww16.ce.gov.br\\\/sap\\\/ouvidoria\\\/#breadcrumb\"},\"inLanguage\":\"pt-BR\",\"potentialAction\":[{\"@type\":\"ReadAction\",\"target\":[\"https:\\\/\\\/ww16.ce.gov.br\\\/sap\\\/ouvidoria\\\/\"]}]},{\"@type\":\"BreadcrumbList\",\"@id\":\"https:\\\/\\\/ww16.ce.gov.br\\\/sap\\\/ouvidoria\\\/#breadcrumb\",\"itemListElement\":[{\"@type\":\"ListItem\",\"position\":1,\"name\":\"In\u00edcio\",\"item\":\"https:\\\/\\\/ww16.ce.gov.br\\\/sap\\\/\"},{\"@type\":\"ListItem\",\"position\":2,\"name\":\"Ouvidoria\"}]},{\"@type\":\"WebSite\",\"@id\":\"https:\\\/\\\/ww16.ce.gov.br\\\/sap\\\/#website\",\"url\":\"https:\\\/\\\/ww16.ce.gov.br\\\/sap\\\/\",\"name\":\"Secretaria da Justi\u00e7a e Cidadania\",\"description\":\"Portal SAP\",\"potentialAction\":[{\"@type\":\"SearchAction\",\"target\":{\"@type\":\"EntryPoint\",\"urlTemplate\":\"https:\\\/\\\/ww16.ce.gov.br\\\/sap\\\/?s={search_term_string}\"},\"query-input\":{\"@type\":\"PropertyValueSpecification\",\"valueRequired\":true,\"valueName\":\"search_term_string\"}}],\"inLanguage\":\"pt-BR\"}]}<\/script>\n<!-- \/ Yoast SEO plugin. -->","yoast_head_json":{"title":"Ouvidoria - SAP","robots":{"index":"index","follow":"follow","max-snippet":"max-snippet:-1","max-image-preview":"max-image-preview:large","max-video-preview":"max-video-preview:-1"},"canonical":"https:\/\/ww16.ce.gov.br\/sap\/ouvidoria\/","og_locale":"pt_BR","og_type":"article","og_title":"Ouvidoria - SAP","og_description":"Ouvidoria Setorial Ouvidora: D\u00e9bora Reb\u00ealo Telefone: (85) 2018.2965 E-mail: debora.rebelo@sap.ce.gov.br E-mail: ouvidoria@sap.ce.gov.br Endere\u00e7o: Rua Tenente Ben\u00e9volo, n\u00ba.1055, Meireles \u2013 Fortaleza\/CE Hor\u00e1rio de Atendimento: 08h \u00e0s 12h e de 13h \u00e0s 17h. Pol\u00edtica de Ouvidoria A Pol\u00edtica de Ouvidoria do Estado do Cear\u00e1 visa fomentar a participa\u00e7\u00e3o da sociedade e o exerc\u00edcio do controle social, assegurando [&hellip;]","og_url":"https:\/\/ww16.ce.gov.br\/sap\/ouvidoria\/","og_site_name":"SAP","article_modified_time":"2026-05-12T19:24:08+00:00","twitter_card":"summary_large_image","twitter_misc":{"Est. reading time":"5 minutos"},"schema":{"@context":"https:\/\/schema.org","@graph":[{"@type":"WebPage","@id":"https:\/\/ww16.ce.gov.br\/sap\/ouvidoria\/","url":"https:\/\/ww16.ce.gov.br\/sap\/ouvidoria\/","name":"Ouvidoria - SAP","isPartOf":{"@id":"https:\/\/ww16.ce.gov.br\/sap\/#website"},"datePublished":"2017-12-27T13:38:01+00:00","dateModified":"2026-05-12T19:24:08+00:00","breadcrumb":{"@id":"https:\/\/ww16.ce.gov.br\/sap\/ouvidoria\/#breadcrumb"},"inLanguage":"pt-BR","potentialAction":[{"@type":"ReadAction","target":["https:\/\/ww16.ce.gov.br\/sap\/ouvidoria\/"]}]},{"@type":"BreadcrumbList","@id":"https:\/\/ww16.ce.gov.br\/sap\/ouvidoria\/#breadcrumb","itemListElement":[{"@type":"ListItem","position":1,"name":"In\u00edcio","item":"https:\/\/ww16.ce.gov.br\/sap\/"},{"@type":"ListItem","position":2,"name":"Ouvidoria"}]},{"@type":"WebSite","@id":"https:\/\/ww16.ce.gov.br\/sap\/#website","url":"https:\/\/ww16.ce.gov.br\/sap\/","name":"Secretaria da Justi\u00e7a e Cidadania","description":"Portal SAP","potentialAction":[{"@type":"SearchAction","target":{"@type":"EntryPoint","urlTemplate":"https:\/\/ww16.ce.gov.br\/sap\/?s={search_term_string}"},"query-input":{"@type":"PropertyValueSpecification","valueRequired":true,"valueName":"search_term_string"}}],"inLanguage":"pt-BR"}]}},"_links":{"self":[{"href":"https:\/\/www.ce.gov.br\/sap\/wp-json\/wp\/v2\/pages\/3325","targetHints":{"allow":["GET"]}}],"collection":[{"href":"https:\/\/www.ce.gov.br\/sap\/wp-json\/wp\/v2\/pages"}],"about":[{"href":"https:\/\/www.ce.gov.br\/sap\/wp-json\/wp\/v2\/types\/page"}],"author":[{"embeddable":true,"href":"https:\/\/www.ce.gov.br\/sap\/wp-json\/wp\/v2\/users\/12"}],"replies":[{"embeddable":true,"href":"https:\/\/www.ce.gov.br\/sap\/wp-json\/wp\/v2\/comments?post=3325"}],"version-history":[{"count":79,"href":"https:\/\/www.ce.gov.br\/sap\/wp-json\/wp\/v2\/pages\/3325\/revisions"}],"predecessor-version":[{"id":82437,"href":"https:\/\/www.ce.gov.br\/sap\/wp-json\/wp\/v2\/pages\/3325\/revisions\/82437"}],"wp:attachment":[{"href":"https:\/\/www.ce.gov.br\/sap\/wp-json\/wp\/v2\/media?parent=3325"}],"curies":[{"name":"wp","href":"https:\/\/api.w.org\/{rel}","templated":true}]}}