{"id":3371,"date":"2017-12-27T11:38:03","date_gmt":"2017-12-27T14:38:03","guid":{"rendered":"http:\/\/www.sejus.ce.gov.br\/?page_id=3371"},"modified":"2025-11-10T16:15:52","modified_gmt":"2025-11-10T19:15:52","slug":"competencias","status":"publish","type":"page","link":"https:\/\/www.ce.gov.br\/sap\/ouvidoria\/competencias\/","title":{"rendered":"Compet\u00eancias"},"content":{"rendered":"<p>&nbsp;<\/p>\n<p>As compet\u00eancias da SAP est\u00e3o dispostas no Decreto 36.847 de 19 de setembro de 2025<\/p>\n<p>&nbsp;<\/p>\n<p>&nbsp;<\/p>\n<p>Art. 2\u00ba. A Secretaria da Administra\u00e7\u00e3o Penitenci\u00e1ria e Ressocializa\u00e7\u00e3o (SAP) tem como miss\u00e3o administrar o sistema penitenci\u00e1rio do Estado do<br \/>\nCear\u00e1 de forma inovadora, estrat\u00e9gica e articulada, promovendo a ressocializa\u00e7\u00e3o das pessoas privadas de liberdade e dos egressos, por meio da educa\u00e7\u00e3o,<br \/>\ncapacita\u00e7\u00e3o e trabalho, de forma eficiente e segura, preservando a dignidade dessas pessoas, bem como o acompanhamento daqueles que cumprem alternativas<br \/>\npenais, competindo-lhe:<\/p>\n<p>&nbsp;<\/p>\n<p><strong><span style=\"color: #108441\">I<\/span><\/strong> -formular e coordenar a execu\u00e7\u00e3o das pol\u00edticas e a\u00e7\u00f5es de intelig\u00eancia, de controle, de seguran\u00e7a e de opera\u00e7\u00f5es do Sistema de Administra\u00e7\u00e3o Penitenci\u00e1ria;<\/p>\n<p>&nbsp;<\/p>\n<p><strong><span style=\"color: #108441\">II<\/span><\/strong> &#8211; coordenar e monitorar as alternativas penais;<\/p>\n<p>&nbsp;<\/p>\n<p><strong><span style=\"color: #108441\">III<\/span><\/strong> &#8211; realizar a gest\u00e3o de vagas e mapeamento situacional do Sistema Penitenci\u00e1rio;<\/p>\n<p>&nbsp;<\/p>\n<p><strong><span style=\"color: #108441\">IV<\/span><\/strong> &#8211; coordenar a assist\u00eancia em sa\u00fade, jur\u00eddica e psicossocial, o trabalho social, a capacita\u00e7\u00e3o profissional, o sistema educacional e o<\/p>\n<p>desenvolvimento laboral dos internos e apenados progredidos em regime, com a finalidade de prepar\u00e1-los ao retorno a uma conviv\u00eancia social<\/p>\n<p>mais equilibrada, minimizando a reincid\u00eancia criminal;<\/p>\n<p>&nbsp;<\/p>\n<p><strong><span style=\"color: #108441\">V<\/span><\/strong> &#8211; coordenar a\u00e7\u00f5es de ressocializa\u00e7\u00e3o do egresso do sistema prisional;<\/p>\n<p>&nbsp;<\/p>\n<p><strong><span style=\"color: #108441\">VI<\/span><\/strong> &#8211; coordenar e executar o monitoramento eletr\u00f4nico de pessoas em cumprimento de medidas cautelares de restri\u00e7\u00e3o de direitos;<\/p>\n<p>&nbsp;<\/p>\n<p><strong><span style=\"color: #108441\">VII<\/span><\/strong> &#8211; coordenar e executar escoltas e cust\u00f3dias, bem como o funcionamento dos estabelecimentos prisionais;<\/p>\n<p>&nbsp;<\/p>\n<p><strong><span style=\"color: #108441\">VIII<\/span><\/strong> &#8211; executar a\u00e7\u00f5es de sa\u00fade f\u00edsica e mental, assist\u00eancia psicossocial e jur\u00eddica, cultura, esporte e lazer das pessoas privadas de liberdade, bem<\/p>\n<p>como outros julgados convenientes e necess\u00e1rios;<\/p>\n<p>&nbsp;<\/p>\n<p><strong><span style=\"color: #108441\">IX<\/span> <\/strong>&#8211; exercer outras compet\u00eancias necess\u00e1rias ao cumprimento de suas finalidades nos termos do regulamento.<\/p>\n<p>&nbsp;<\/p>\n<p>&nbsp;<\/p>\n<p>&nbsp;<\/p>\n<p>&nbsp;<\/p>\n","protected":false},"excerpt":{"rendered":"<p>&nbsp; As compet\u00eancias da SAP est\u00e3o dispostas no Decreto 36.847 de 19 de setembro de 2025 &nbsp; &nbsp; Art. 2\u00ba. A Secretaria da Administra\u00e7\u00e3o Penitenci\u00e1ria e Ressocializa\u00e7\u00e3o (SAP) tem como miss\u00e3o administrar o sistema penitenci\u00e1rio do Estado do Cear\u00e1 de forma inovadora, estrat\u00e9gica e articulada, promovendo a ressocializa\u00e7\u00e3o das pessoas privadas de liberdade e dos [&hellip;]<\/p>\n","protected":false},"author":12,"featured_media":0,"parent":3325,"menu_order":0,"comment_status":"closed","ping_status":"closed","template":"","meta":{"_acf_changed":false,"inline_featured_image":false,"footnotes":""},"class_list":["post-3371","page","type-page","status-publish","hentry"],"acf":[],"yoast_head":"<!-- This site is optimized with the Yoast SEO plugin v27.3 - https:\/\/yoast.com\/product\/yoast-seo-wordpress\/ -->\n<title>Compet\u00eancias - SAP<\/title>\n<meta name=\"robots\" content=\"index, follow, max-snippet:-1, max-image-preview:large, max-video-preview:-1\" \/>\n<link rel=\"canonical\" href=\"https:\/\/ww16.ce.gov.br\/sap\/ouvidoria\/competencias\/\" \/>\n<meta property=\"og:locale\" content=\"pt_BR\" \/>\n<meta property=\"og:type\" content=\"article\" \/>\n<meta property=\"og:title\" content=\"Compet\u00eancias - SAP\" \/>\n<meta property=\"og:description\" content=\"&nbsp; As compet\u00eancias da SAP est\u00e3o dispostas no Decreto 36.847 de 19 de setembro de 2025 &nbsp; &nbsp; Art. 2\u00ba. A Secretaria da Administra\u00e7\u00e3o Penitenci\u00e1ria e Ressocializa\u00e7\u00e3o (SAP) tem como miss\u00e3o administrar o sistema penitenci\u00e1rio do Estado do Cear\u00e1 de forma inovadora, estrat\u00e9gica e articulada, promovendo a ressocializa\u00e7\u00e3o das pessoas privadas de liberdade e dos [&hellip;]\" \/>\n<meta property=\"og:url\" content=\"https:\/\/ww16.ce.gov.br\/sap\/ouvidoria\/competencias\/\" \/>\n<meta property=\"og:site_name\" content=\"SAP\" \/>\n<meta property=\"article:modified_time\" content=\"2025-11-10T19:15:52+00:00\" \/>\n<meta name=\"twitter:card\" content=\"summary_large_image\" \/>\n<meta name=\"twitter:label1\" content=\"Est. reading time\" \/>\n\t<meta name=\"twitter:data1\" content=\"2 minutos\" \/>\n<script type=\"application\/ld+json\" class=\"yoast-schema-graph\">{\"@context\":\"https:\\\/\\\/schema.org\",\"@graph\":[{\"@type\":\"WebPage\",\"@id\":\"https:\\\/\\\/ww16.ce.gov.br\\\/sap\\\/ouvidoria\\\/competencias\\\/\",\"url\":\"https:\\\/\\\/ww16.ce.gov.br\\\/sap\\\/ouvidoria\\\/competencias\\\/\",\"name\":\"Compet\u00eancias - SAP\",\"isPartOf\":{\"@id\":\"https:\\\/\\\/ww16.ce.gov.br\\\/sap\\\/#website\"},\"datePublished\":\"2017-12-27T14:38:03+00:00\",\"dateModified\":\"2025-11-10T19:15:52+00:00\",\"breadcrumb\":{\"@id\":\"https:\\\/\\\/ww16.ce.gov.br\\\/sap\\\/ouvidoria\\\/competencias\\\/#breadcrumb\"},\"inLanguage\":\"pt-BR\",\"potentialAction\":[{\"@type\":\"ReadAction\",\"target\":[\"https:\\\/\\\/ww16.ce.gov.br\\\/sap\\\/ouvidoria\\\/competencias\\\/\"]}]},{\"@type\":\"BreadcrumbList\",\"@id\":\"https:\\\/\\\/ww16.ce.gov.br\\\/sap\\\/ouvidoria\\\/competencias\\\/#breadcrumb\",\"itemListElement\":[{\"@type\":\"ListItem\",\"position\":1,\"name\":\"In\u00edcio\",\"item\":\"https:\\\/\\\/ww16.ce.gov.br\\\/sap\\\/\"},{\"@type\":\"ListItem\",\"position\":2,\"name\":\"Ouvidoria\",\"item\":\"https:\\\/\\\/ww16.ce.gov.br\\\/sap\\\/ouvidoria\\\/\"},{\"@type\":\"ListItem\",\"position\":3,\"name\":\"Compet\u00eancias\"}]},{\"@type\":\"WebSite\",\"@id\":\"https:\\\/\\\/ww16.ce.gov.br\\\/sap\\\/#website\",\"url\":\"https:\\\/\\\/ww16.ce.gov.br\\\/sap\\\/\",\"name\":\"Secretaria da Justi\u00e7a e Cidadania\",\"description\":\"Portal SAP\",\"potentialAction\":[{\"@type\":\"SearchAction\",\"target\":{\"@type\":\"EntryPoint\",\"urlTemplate\":\"https:\\\/\\\/ww16.ce.gov.br\\\/sap\\\/?s={search_term_string}\"},\"query-input\":{\"@type\":\"PropertyValueSpecification\",\"valueRequired\":true,\"valueName\":\"search_term_string\"}}],\"inLanguage\":\"pt-BR\"}]}<\/script>\n<!-- \/ Yoast SEO plugin. -->","yoast_head_json":{"title":"Compet\u00eancias - SAP","robots":{"index":"index","follow":"follow","max-snippet":"max-snippet:-1","max-image-preview":"max-image-preview:large","max-video-preview":"max-video-preview:-1"},"canonical":"https:\/\/ww16.ce.gov.br\/sap\/ouvidoria\/competencias\/","og_locale":"pt_BR","og_type":"article","og_title":"Compet\u00eancias - SAP","og_description":"&nbsp; As compet\u00eancias da SAP est\u00e3o dispostas no Decreto 36.847 de 19 de setembro de 2025 &nbsp; &nbsp; Art. 2\u00ba. A Secretaria da Administra\u00e7\u00e3o Penitenci\u00e1ria e Ressocializa\u00e7\u00e3o (SAP) tem como miss\u00e3o administrar o sistema penitenci\u00e1rio do Estado do Cear\u00e1 de forma inovadora, estrat\u00e9gica e articulada, promovendo a ressocializa\u00e7\u00e3o das pessoas privadas de liberdade e dos [&hellip;]","og_url":"https:\/\/ww16.ce.gov.br\/sap\/ouvidoria\/competencias\/","og_site_name":"SAP","article_modified_time":"2025-11-10T19:15:52+00:00","twitter_card":"summary_large_image","twitter_misc":{"Est. reading time":"2 minutos"},"schema":{"@context":"https:\/\/schema.org","@graph":[{"@type":"WebPage","@id":"https:\/\/ww16.ce.gov.br\/sap\/ouvidoria\/competencias\/","url":"https:\/\/ww16.ce.gov.br\/sap\/ouvidoria\/competencias\/","name":"Compet\u00eancias - SAP","isPartOf":{"@id":"https:\/\/ww16.ce.gov.br\/sap\/#website"},"datePublished":"2017-12-27T14:38:03+00:00","dateModified":"2025-11-10T19:15:52+00:00","breadcrumb":{"@id":"https:\/\/ww16.ce.gov.br\/sap\/ouvidoria\/competencias\/#breadcrumb"},"inLanguage":"pt-BR","potentialAction":[{"@type":"ReadAction","target":["https:\/\/ww16.ce.gov.br\/sap\/ouvidoria\/competencias\/"]}]},{"@type":"BreadcrumbList","@id":"https:\/\/ww16.ce.gov.br\/sap\/ouvidoria\/competencias\/#breadcrumb","itemListElement":[{"@type":"ListItem","position":1,"name":"In\u00edcio","item":"https:\/\/ww16.ce.gov.br\/sap\/"},{"@type":"ListItem","position":2,"name":"Ouvidoria","item":"https:\/\/ww16.ce.gov.br\/sap\/ouvidoria\/"},{"@type":"ListItem","position":3,"name":"Compet\u00eancias"}]},{"@type":"WebSite","@id":"https:\/\/ww16.ce.gov.br\/sap\/#website","url":"https:\/\/ww16.ce.gov.br\/sap\/","name":"Secretaria da Justi\u00e7a e Cidadania","description":"Portal SAP","potentialAction":[{"@type":"SearchAction","target":{"@type":"EntryPoint","urlTemplate":"https:\/\/ww16.ce.gov.br\/sap\/?s={search_term_string}"},"query-input":{"@type":"PropertyValueSpecification","valueRequired":true,"valueName":"search_term_string"}}],"inLanguage":"pt-BR"}]}},"_links":{"self":[{"href":"https:\/\/www.ce.gov.br\/sap\/wp-json\/wp\/v2\/pages\/3371","targetHints":{"allow":["GET"]}}],"collection":[{"href":"https:\/\/www.ce.gov.br\/sap\/wp-json\/wp\/v2\/pages"}],"about":[{"href":"https:\/\/www.ce.gov.br\/sap\/wp-json\/wp\/v2\/types\/page"}],"author":[{"embeddable":true,"href":"https:\/\/www.ce.gov.br\/sap\/wp-json\/wp\/v2\/users\/12"}],"replies":[{"embeddable":true,"href":"https:\/\/www.ce.gov.br\/sap\/wp-json\/wp\/v2\/comments?post=3371"}],"version-history":[{"count":9,"href":"https:\/\/www.ce.gov.br\/sap\/wp-json\/wp\/v2\/pages\/3371\/revisions"}],"predecessor-version":[{"id":81422,"href":"https:\/\/www.ce.gov.br\/sap\/wp-json\/wp\/v2\/pages\/3371\/revisions\/81422"}],"up":[{"embeddable":true,"href":"https:\/\/www.ce.gov.br\/sap\/wp-json\/wp\/v2\/pages\/3325"}],"wp:attachment":[{"href":"https:\/\/www.ce.gov.br\/sap\/wp-json\/wp\/v2\/media?parent=3371"}],"curies":[{"name":"wp","href":"https:\/\/api.w.org\/{rel}","templated":true}]}}