{"id":3394,"date":"2017-12-27T13:24:49","date_gmt":"2017-12-27T16:24:49","guid":{"rendered":"http:\/\/www.sejus.ce.gov.br\/?page_id=3394"},"modified":"2025-12-04T09:06:19","modified_gmt":"2025-12-04T12:06:19","slug":"portarias","status":"publish","type":"page","link":"https:\/\/www.ce.gov.br\/sap\/coeap\/portarias\/","title":{"rendered":"Portarias"},"content":{"rendered":"<hr \/>\n<p>&nbsp;<\/p>\n<p><strong>A Secretaria da Administra\u00e7\u00e3o Penitenci\u00e1ria divulga aqui as portarias publicadas no Di\u00e1rio Oficial do Estado (DOE) com determina\u00e7\u00f5es pertinentes ao sistema.<\/strong><\/p>\n<p>2025\/545 &#8211; <a href=\"https:\/\/ww16.ce.gov.br\/sap\/wp-content\/uploads\/sites\/51\/2025\/12\/PORTARIA-VISITA-CONJUGAL.pdf\"><span style=\"letter-spacing: 0.02px\">Regulamenta e disciplina os procedimentos para a concess\u00e3o de recompensa do tipo <\/span>regalia de visita conjugal<span style=\"letter-spacing: 0.02px\"> para as pessoas privadas de liberdade nas unidades prisionais do Estado do Cear\u00e1.<\/span><\/a><\/p>\n<p>2025\/494 &#8211; <a href=\"https:\/\/ww16.ce.gov.br\/sap\/wp-content\/uploads\/sites\/51\/2025\/10\/Safari.pdf\">Estabelece e padroniza as normas referentes ao procedimento administrativo disciplinar, para a apura\u00e7\u00e3o das faltas disciplinares cometidas por presos custodiados nas unidades prisionais no \u00e2mbito da secretaria da administra\u00e7\u00e3o penitenci\u00e1ria e ressocializa\u00e7\u00e3o do estado do Cear\u00e1\u00a0<\/a><\/p>\n<p>2023\/506 &#8211; <a href=\"https:\/\/ww16.ce.gov.br\/sap\/wp-content\/uploads\/sites\/51\/2024\/04\/PORTARIA-No-506-2023-BODYCAM.pdf\">Regulamenta o uso de c\u00e2meras corporais pelos policiais penais no \u00e2mbito do sistema penitenci\u00e1rio do Estado do Cear\u00e1\u00a0<\/a><\/p>\n<p>2022\/900 &#8211; <a href=\"https:\/\/ww16.ce.gov.br\/sap\/wp-content\/uploads\/sites\/51\/2022\/11\/portaria900_visita.pdf\">Regulamenta e disciplinam os procedimentos de visita as pessoas privadas de liberdade nas unidades prisionais do Estado do Cear\u00e1<\/a><\/p>\n<p>2021\/1098 &#8211; <a href=\"https:\/\/ww16.ce.gov.br\/sap\/wp-content\/uploads\/sites\/51\/2022\/09\/PORTARIA-No-1098-2021-COMISSAO-ASSEDIO-MORAL-1.pdf\">Comiss\u00e3o Setorial de Combate ao Ass\u00e9dio Moral<\/a><\/p>\n<p>2021\/1068 &#8211; <a href=\"https:\/\/ww16.ce.gov.br\/sap\/wp-content\/uploads\/sites\/51\/2022\/09\/PORTARIA-No-1068-2021-DISCIPLINA-O-PROCEDIMENTO-EM-CASO-DE-OBITO-DE-INTERNOS.pdf\">Disciplina e regulamenta os procedimentos em caso de \u00f3bitos de interno nas unidades prisionais da secretaria da administra\u00e7\u00e3o penitenci\u00e1ria do estado do Cear\u00e1, e d\u00e1 outras provid\u00eancias<\/a><\/p>\n<p>2021\/584 &#8211; <a href=\"https:\/\/ww16.ce.gov.br\/sap\/wp-content\/uploads\/sites\/51\/2019\/05\/PORTARIA-CONJUNTA-No-584-2021-SAP-X-SEDUC.pdf\">Aprovar o Plano Estadual de Educa\u00e7\u00e3o para Pessoas Privadas de Liberdade e Egressas do Sistema Prisional<\/a><\/p>\n<p>2021\/326 &#8211; <a href=\"https:\/\/ww16.ce.gov.br\/sap\/wp-content\/uploads\/sites\/51\/2022\/09\/PUBLICACAO-PORTARIA-326-2021-COMISSAO-ESPECIAL-DO-PLANO-DE-SEGURANCA-1-1-1.pdf\">Cria\u00e7\u00e3o da Comiss\u00e3o Especial do Plano de Seguran\u00e7a Org\u00e2nica- PSO dos Estabelecimentos Prisionais do Estado do Cear\u00e1<\/a><\/p>\n<p>2021\/262 &#8211; <a href=\"https:\/\/ww16.ce.gov.br\/sap\/wp-content\/uploads\/sites\/51\/2019\/05\/PUBLICACAO-PORTARIA-262-2021-CARTEIRA-DE-IDENTIDADE-FUNCIONAL-do20210312p01.pdf\">Disp\u00f5e sobre as regras e procedimentos para emiss\u00e3o da carteira de identidade funcional com porte de arma de fogo para integrantes da carreira de pol\u00edcia penal, ocupantes do cargo\/fun\u00e7\u00f5es de policial penal e d\u00e1 outras provid\u00eancias<\/a><\/p>\n<p>2021\/079 &#8211; <a href=\"https:\/\/ww16.ce.gov.br\/sap\/wp-content\/uploads\/sites\/51\/2019\/05\/PORTARIA-143-2021-GESTOR-DECIO-BENEVIDES-do20210201p01.pdf\">Designar comiss\u00e3o estadual de recebimento de obras liter\u00e1rias para fomento de atividades de leitura, a ser doado pelo Departamento Penitenci\u00e1rio Nacional, no \u00e2mbito da Secretaria da Administra\u00e7\u00e3o Penitenci\u00e1ria do Estado do Cear\u00e1<\/a><\/p>\n<p>2020\/540 &#8211; <a href=\"https:\/\/ww16.ce.gov.br\/sap\/wp-content\/uploads\/sites\/51\/2019\/05\/PORTARIA-No-540-2020-INSTITUI-O-BRASAO-DA-POLICIA-PENAL-DO-ESTADO-DO-CEARA.pdf\">Instituir o bras\u00e3o representativo da Pol\u00edcia Penal do estado do Cear\u00e1<\/a><\/p>\n<p>2020\/244 &#8211; <a href=\"https:\/\/ww16.ce.gov.br\/sap\/wp-content\/uploads\/sites\/51\/2019\/05\/Portaria_244_2020_-MONITORACAO-ELETRONICA.pdf\" target=\"_blank\" rel=\"noopener noreferrer\">Regulamenta a insta\u00e7\u00e3o e cobran\u00e7a a t\u00edtulo de compensa\u00e7\u00e3o financeira, pelo uso de equipamento de monitora\u00e7\u00e3o eletr\u00f4nica por preso ou apenado no \u00e2mbito do estado do Cear\u00e1<\/a><\/p>\n<p>2020\/238 &#8211; <a href=\"https:\/\/ww16.ce.gov.br\/sap\/wp-content\/uploads\/sites\/51\/2019\/05\/PORTARIA-No-238-2020-RONDA-OSTENSIVA.pdf\">Disp\u00f5e sobre a realiza\u00e7\u00e3o de rondas ostensivas nas \u00e1reas de seguran\u00e7a penitenci\u00e1ria<\/a><\/p>\n<p>2020\/174 &#8211; <a href=\"https:\/\/ww16.ce.gov.br\/sap\/wp-content\/uploads\/sites\/51\/2019\/05\/PORTARIA-No-174-2020-GESTOR-DE-REGISTRO-DE-PRECOS-DE-MATERIAL-DE-HIGIENE.pdf\">Autoriza a SAP a ser \u00d3rg\u00e3o Gestor de Registro de Pre\u00e7os para futuras e eventuais aquisi\u00e7\u00f5es de materiais de higiene<\/a><\/p>\n<p>2020\/004 &#8211; <a href=\"https:\/\/ww16.ce.gov.br\/sap\/wp-content\/uploads\/sites\/51\/2019\/05\/PORTARIA-2020-004.pdf\" target=\"_blank\" rel=\"noopener noreferrer\">Regulamentam e disciplinam os procedimentos de visita as pessoas privadas de liberdade nas unidades prisionais do Cear\u00e1<\/a><\/p>\n<p>2020\/003 &#8211; <a href=\"https:\/\/ww16.ce.gov.br\/sap\/wp-content\/uploads\/sites\/51\/2019\/05\/Instrucao-Normativa-N\u00b003-de-2020-POP-1.pdf\">INSTRU\u00c7\u00c3O NORMATIVA SAP &#8211; Estabelece e padroniza normas e procedimentos operacionais do sistema penitenci\u00e1rio do estado do Cear\u00e1<\/a><\/p>\n<p>2019\/221 &#8211; <a href=\"https:\/\/ww16.ce.gov.br\/sap\/wp-content\/uploads\/sites\/51\/2019\/05\/PORTARIA-221-2019-DESTINA\u00c7\u00c3O-DAS-CADEIAS-DO-CRATO-E-SOBRAL.pdf\">Destina\u00e7\u00e3o das cadeias do Crato e de Sobral<\/a><\/p>\n<p>2017\/212 &#8211; <a href=\"https:\/\/ww16.ce.gov.br\/sap\/wp-content\/uploads\/sites\/51\/2019\/05\/PORTARIA-No212-2017.pdf\" target=\"_blank\" rel=\"noopener noreferrer\">Estabelece as regras para presta\u00e7\u00e3o de assist\u00eancia religiosa nos estabelecimentos prisionais do estado do Cear\u00e1<\/a><\/p>\n<p>2017\/041 &#8211; <a href=\"https:\/\/ww16.ce.gov.br\/sap\/wp-content\/uploads\/sites\/51\/2022\/08\/Portaria-41.pdf\">Estabelece as normas de controle, armazenamento, manuten\u00e7\u00e3o, distribui\u00e7\u00e3o e acautelamento, do armamento, muni\u00e7\u00f5es (letal e menos letal) e artefatos b\u00e9licos, pertencentes \u00e0 Secretaria da Justi\u00e7a e Cidadania, bem como, disciplinamento dos procedimentos internos para a aquisi\u00e7\u00e3o de armas de uso restrito, e adota outras provid\u00eancias<\/a><\/p>\n<p>2014\/1220 &#8211; <a href=\"https:\/\/ww16.ce.gov.br\/sap\/wp-content\/uploads\/sites\/51\/2024\/04\/Portaria-1220.2014-Regimento-dos-Estabelecimentos-Prisionais-Ceara.pdf\">REGIMENTO GERAL DOS ESTABELECIMENTOS PRISIONAIS DO ESTADO DO CEAR\u00c1<\/a><\/p>\n<p>&nbsp;<\/p>\n","protected":false},"excerpt":{"rendered":"<p>&nbsp; A Secretaria da Administra\u00e7\u00e3o Penitenci\u00e1ria divulga aqui as portarias publicadas no Di\u00e1rio Oficial do Estado (DOE) com determina\u00e7\u00f5es pertinentes ao sistema. 2025\/545 &#8211; Regulamenta e disciplina os procedimentos para a concess\u00e3o de recompensa do tipo regalia de visita conjugal para as pessoas privadas de liberdade nas unidades prisionais do Estado do Cear\u00e1. 2025\/494 &#8211; [&hellip;]<\/p>\n","protected":false},"author":12,"featured_media":0,"parent":3384,"menu_order":0,"comment_status":"closed","ping_status":"closed","template":"","meta":{"_acf_changed":false,"inline_featured_image":false,"footnotes":""},"class_list":["post-3394","page","type-page","status-publish","hentry"],"acf":[],"yoast_head":"<!-- This site is optimized with the Yoast SEO plugin v27.3 - https:\/\/yoast.com\/product\/yoast-seo-wordpress\/ -->\n<title>Portarias - SAP<\/title>\n<meta name=\"robots\" content=\"index, follow, max-snippet:-1, max-image-preview:large, max-video-preview:-1\" \/>\n<link rel=\"canonical\" href=\"https:\/\/ww16.ce.gov.br\/sap\/coeap\/portarias\/\" \/>\n<meta property=\"og:locale\" content=\"pt_BR\" \/>\n<meta property=\"og:type\" content=\"article\" \/>\n<meta property=\"og:title\" content=\"Portarias - SAP\" \/>\n<meta property=\"og:description\" content=\"&nbsp; A Secretaria da Administra\u00e7\u00e3o Penitenci\u00e1ria divulga aqui as portarias publicadas no Di\u00e1rio Oficial do Estado (DOE) com determina\u00e7\u00f5es pertinentes ao sistema. 2025\/545 &#8211; Regulamenta e disciplina os procedimentos para a concess\u00e3o de recompensa do tipo regalia de visita conjugal para as pessoas privadas de liberdade nas unidades prisionais do Estado do Cear\u00e1. 2025\/494 &#8211; [&hellip;]\" \/>\n<meta property=\"og:url\" content=\"https:\/\/ww16.ce.gov.br\/sap\/coeap\/portarias\/\" \/>\n<meta property=\"og:site_name\" content=\"SAP\" \/>\n<meta property=\"article:modified_time\" content=\"2025-12-04T12:06:19+00:00\" \/>\n<meta name=\"twitter:card\" content=\"summary_large_image\" \/>\n<meta name=\"twitter:label1\" content=\"Est. reading time\" \/>\n\t<meta name=\"twitter:data1\" content=\"3 minutos\" \/>\n<script type=\"application\/ld+json\" class=\"yoast-schema-graph\">{\"@context\":\"https:\\\/\\\/schema.org\",\"@graph\":[{\"@type\":\"WebPage\",\"@id\":\"https:\\\/\\\/ww16.ce.gov.br\\\/sap\\\/coeap\\\/portarias\\\/\",\"url\":\"https:\\\/\\\/ww16.ce.gov.br\\\/sap\\\/coeap\\\/portarias\\\/\",\"name\":\"Portarias - SAP\",\"isPartOf\":{\"@id\":\"https:\\\/\\\/ww16.ce.gov.br\\\/sap\\\/#website\"},\"datePublished\":\"2017-12-27T16:24:49+00:00\",\"dateModified\":\"2025-12-04T12:06:19+00:00\",\"breadcrumb\":{\"@id\":\"https:\\\/\\\/ww16.ce.gov.br\\\/sap\\\/coeap\\\/portarias\\\/#breadcrumb\"},\"inLanguage\":\"pt-BR\",\"potentialAction\":[{\"@type\":\"ReadAction\",\"target\":[\"https:\\\/\\\/ww16.ce.gov.br\\\/sap\\\/coeap\\\/portarias\\\/\"]}]},{\"@type\":\"BreadcrumbList\",\"@id\":\"https:\\\/\\\/ww16.ce.gov.br\\\/sap\\\/coeap\\\/portarias\\\/#breadcrumb\",\"itemListElement\":[{\"@type\":\"ListItem\",\"position\":1,\"name\":\"In\u00edcio\",\"item\":\"https:\\\/\\\/ww16.ce.gov.br\\\/sap\\\/\"},{\"@type\":\"ListItem\",\"position\":2,\"name\":\"COEAP\",\"item\":\"https:\\\/\\\/ww16.ce.gov.br\\\/sap\\\/coeap\\\/\"},{\"@type\":\"ListItem\",\"position\":3,\"name\":\"Portarias\"}]},{\"@type\":\"WebSite\",\"@id\":\"https:\\\/\\\/ww16.ce.gov.br\\\/sap\\\/#website\",\"url\":\"https:\\\/\\\/ww16.ce.gov.br\\\/sap\\\/\",\"name\":\"Secretaria da Justi\u00e7a e Cidadania\",\"description\":\"Portal SAP\",\"potentialAction\":[{\"@type\":\"SearchAction\",\"target\":{\"@type\":\"EntryPoint\",\"urlTemplate\":\"https:\\\/\\\/ww16.ce.gov.br\\\/sap\\\/?s={search_term_string}\"},\"query-input\":{\"@type\":\"PropertyValueSpecification\",\"valueRequired\":true,\"valueName\":\"search_term_string\"}}],\"inLanguage\":\"pt-BR\"}]}<\/script>\n<!-- \/ Yoast SEO plugin. -->","yoast_head_json":{"title":"Portarias - SAP","robots":{"index":"index","follow":"follow","max-snippet":"max-snippet:-1","max-image-preview":"max-image-preview:large","max-video-preview":"max-video-preview:-1"},"canonical":"https:\/\/ww16.ce.gov.br\/sap\/coeap\/portarias\/","og_locale":"pt_BR","og_type":"article","og_title":"Portarias - SAP","og_description":"&nbsp; A Secretaria da Administra\u00e7\u00e3o Penitenci\u00e1ria divulga aqui as portarias publicadas no Di\u00e1rio Oficial do Estado (DOE) com determina\u00e7\u00f5es pertinentes ao sistema. 2025\/545 &#8211; Regulamenta e disciplina os procedimentos para a concess\u00e3o de recompensa do tipo regalia de visita conjugal para as pessoas privadas de liberdade nas unidades prisionais do Estado do Cear\u00e1. 2025\/494 &#8211; [&hellip;]","og_url":"https:\/\/ww16.ce.gov.br\/sap\/coeap\/portarias\/","og_site_name":"SAP","article_modified_time":"2025-12-04T12:06:19+00:00","twitter_card":"summary_large_image","twitter_misc":{"Est. reading time":"3 minutos"},"schema":{"@context":"https:\/\/schema.org","@graph":[{"@type":"WebPage","@id":"https:\/\/ww16.ce.gov.br\/sap\/coeap\/portarias\/","url":"https:\/\/ww16.ce.gov.br\/sap\/coeap\/portarias\/","name":"Portarias - SAP","isPartOf":{"@id":"https:\/\/ww16.ce.gov.br\/sap\/#website"},"datePublished":"2017-12-27T16:24:49+00:00","dateModified":"2025-12-04T12:06:19+00:00","breadcrumb":{"@id":"https:\/\/ww16.ce.gov.br\/sap\/coeap\/portarias\/#breadcrumb"},"inLanguage":"pt-BR","potentialAction":[{"@type":"ReadAction","target":["https:\/\/ww16.ce.gov.br\/sap\/coeap\/portarias\/"]}]},{"@type":"BreadcrumbList","@id":"https:\/\/ww16.ce.gov.br\/sap\/coeap\/portarias\/#breadcrumb","itemListElement":[{"@type":"ListItem","position":1,"name":"In\u00edcio","item":"https:\/\/ww16.ce.gov.br\/sap\/"},{"@type":"ListItem","position":2,"name":"COEAP","item":"https:\/\/ww16.ce.gov.br\/sap\/coeap\/"},{"@type":"ListItem","position":3,"name":"Portarias"}]},{"@type":"WebSite","@id":"https:\/\/ww16.ce.gov.br\/sap\/#website","url":"https:\/\/ww16.ce.gov.br\/sap\/","name":"Secretaria da Justi\u00e7a e Cidadania","description":"Portal SAP","potentialAction":[{"@type":"SearchAction","target":{"@type":"EntryPoint","urlTemplate":"https:\/\/ww16.ce.gov.br\/sap\/?s={search_term_string}"},"query-input":{"@type":"PropertyValueSpecification","valueRequired":true,"valueName":"search_term_string"}}],"inLanguage":"pt-BR"}]}},"_links":{"self":[{"href":"https:\/\/www.ce.gov.br\/sap\/wp-json\/wp\/v2\/pages\/3394","targetHints":{"allow":["GET"]}}],"collection":[{"href":"https:\/\/www.ce.gov.br\/sap\/wp-json\/wp\/v2\/pages"}],"about":[{"href":"https:\/\/www.ce.gov.br\/sap\/wp-json\/wp\/v2\/types\/page"}],"author":[{"embeddable":true,"href":"https:\/\/www.ce.gov.br\/sap\/wp-json\/wp\/v2\/users\/12"}],"replies":[{"embeddable":true,"href":"https:\/\/www.ce.gov.br\/sap\/wp-json\/wp\/v2\/comments?post=3394"}],"version-history":[{"count":43,"href":"https:\/\/www.ce.gov.br\/sap\/wp-json\/wp\/v2\/pages\/3394\/revisions"}],"predecessor-version":[{"id":81637,"href":"https:\/\/www.ce.gov.br\/sap\/wp-json\/wp\/v2\/pages\/3394\/revisions\/81637"}],"up":[{"embeddable":true,"href":"https:\/\/www.ce.gov.br\/sap\/wp-json\/wp\/v2\/pages\/3384"}],"wp:attachment":[{"href":"https:\/\/www.ce.gov.br\/sap\/wp-json\/wp\/v2\/media?parent=3394"}],"curies":[{"name":"wp","href":"https:\/\/api.w.org\/{rel}","templated":true}]}}