{"id":3406,"date":"2017-12-27T14:45:52","date_gmt":"2017-12-27T17:45:52","guid":{"rendered":"http:\/\/www.sejus.ce.gov.br\/?page_id=3406"},"modified":"2026-05-12T16:19:46","modified_gmt":"2026-05-12T19:19:46","slug":"inclusao-social","status":"publish","type":"page","link":"https:\/\/www.ce.gov.br\/sap\/inclusao-social\/","title":{"rendered":"Coispe"},"content":{"rendered":"<hr \/>\n<p><img loading=\"lazy\" decoding=\"async\" class=\"size-medium wp-image-74132 alignleft\" src=\"https:\/\/ww16.ce.gov.br\/sap\/wp-content\/uploads\/sites\/51\/2022\/07\/DSC_7267-600x397.jpg\" alt=\"\" width=\"348\" height=\"230\" srcset=\"https:\/\/www.ce.gov.br\/sap\/wp-content\/uploads\/sites\/51\/2022\/07\/DSC_7267-600x397.jpg 600w, https:\/\/www.ce.gov.br\/sap\/wp-content\/uploads\/sites\/51\/2022\/07\/DSC_7267-1200x795.jpg 1200w, https:\/\/www.ce.gov.br\/sap\/wp-content\/uploads\/sites\/51\/2022\/07\/DSC_7267-768x509.jpg 768w, https:\/\/www.ce.gov.br\/sap\/wp-content\/uploads\/sites\/51\/2022\/07\/DSC_7267-1536x1017.jpg 1536w, https:\/\/www.ce.gov.br\/sap\/wp-content\/uploads\/sites\/51\/2022\/07\/DSC_7267-2048x1356.jpg 2048w\" sizes=\"auto, (max-width: 348px) 100vw, 348px\" \/><\/p>\n<p><em>A Coordenadoria de Inclus\u00e3o Social do Preso e do Egresso (Coispe) da Secretaria da Administra\u00e7\u00e3o Penitenci\u00e1ria e Ressocializa\u00e7\u00e3o tem como miss\u00e3o colaborar para a reintegra\u00e7\u00e3o social do interno do sistema prisional do Estado do Cear\u00e1 por meio do trabalho, arte e cultura e capacita\u00e7\u00e3o profissional.<\/em><\/p>\n<p><em>A COISPE est\u00e1 localizada na Av. Her\u00e1clito Gra\u00e7a, 600 \u2013 Centro, e atende neste endere\u00e7o os egressos do sistema penitenci\u00e1rio para auxiliar nas oportunidade de capacita\u00e7\u00e3o profissional, encaminhamento ao mercado de trabalho e credito para abertura do pr\u00f3prio neg\u00f3cio.<\/em><\/p>\n<p><em>O intuito da coordenadoria \u00e9 cumprir a fun\u00e7\u00e3o social da pena e proporcionar condi\u00e7\u00f5es mais humanizadas dentro do sistema prisional. Possibilitando, assim, al\u00e9m do custodiamento, o trabalho social, a capacita\u00e7\u00e3o profissional, o sistema educacional e o desenvolvimento laboral dos internos e egressos, com a finalidade de prepar\u00e1-los ao retorno a uma conviv\u00eancia social mais equilibrada, minimizando o c\u00edrculo vicioso da viol\u00eancia e a reincid\u00eancia criminal.<\/em><\/p>\n<h4><strong>Mais informa\u00e7\u00f5es<\/strong><\/h4>\n<p><em>Procure a coordenadoria na <strong>Av. Her\u00e1clito Gra\u00e7a, 600 \u2013 Centro<\/strong> ou pelo telefone\/Whatsapp <strong>(85) 987385887<\/strong> e saiba mais sobre os cursos ofertados para os egressos, capacita\u00e7\u00e3o profissional nas unidades prisionais e oportunidades de trabalho.<\/em><\/p>\n<p><em>Para solicitar certificados de cursos de qualifica\u00e7\u00e3o profissional, enviar email para <strong>nucapcoispe@gmail.com<\/strong>, com os dados do interno: nome completo, CPF, nome do curso, unidade que fez o curso e per\u00edodo.<\/em><\/p>\n<h3><strong>Dados mensais<\/strong><\/h3>\n<p><img loading=\"lazy\" decoding=\"async\" class=\"aligncenter size-full wp-image-81970\" src=\"https:\/\/ww16.ce.gov.br\/sap\/wp-content\/uploads\/sites\/51\/2026\/01\/Capturar.png\" alt=\"\" width=\"920\" height=\"355\" srcset=\"https:\/\/www.ce.gov.br\/sap\/wp-content\/uploads\/sites\/51\/2026\/01\/Capturar.png 920w, https:\/\/www.ce.gov.br\/sap\/wp-content\/uploads\/sites\/51\/2026\/01\/Capturar-600x232.png 600w, https:\/\/www.ce.gov.br\/sap\/wp-content\/uploads\/sites\/51\/2026\/01\/Capturar-120x46.png 120w, https:\/\/www.ce.gov.br\/sap\/wp-content\/uploads\/sites\/51\/2026\/01\/Capturar-768x296.png 768w\" sizes=\"auto, (max-width: 920px) 100vw, 920px\" \/><\/p>\n<p><img loading=\"lazy\" decoding=\"async\" class=\"aligncenter size-full wp-image-79110\" src=\"https:\/\/ww16.ce.gov.br\/sap\/wp-content\/uploads\/sites\/51\/2025\/01\/Info.-site-COISPE.png\" alt=\"\" width=\"1080\" height=\"1350\" srcset=\"https:\/\/www.ce.gov.br\/sap\/wp-content\/uploads\/sites\/51\/2025\/01\/Info.-site-COISPE.png 1080w, https:\/\/www.ce.gov.br\/sap\/wp-content\/uploads\/sites\/51\/2025\/01\/Info.-site-COISPE-600x750.png 600w, https:\/\/www.ce.gov.br\/sap\/wp-content\/uploads\/sites\/51\/2025\/01\/Info.-site-COISPE-768x960.png 768w\" sizes=\"auto, (max-width: 1080px) 100vw, 1080px\" \/><\/p>\n","protected":false},"excerpt":{"rendered":"<p>A Coordenadoria de Inclus\u00e3o Social do Preso e do Egresso (Coispe) da Secretaria da Administra\u00e7\u00e3o Penitenci\u00e1ria e Ressocializa\u00e7\u00e3o tem como miss\u00e3o colaborar para a reintegra\u00e7\u00e3o social do interno do sistema prisional do Estado do Cear\u00e1 por meio do trabalho, arte e cultura e capacita\u00e7\u00e3o profissional. A COISPE est\u00e1 localizada na Av. Her\u00e1clito Gra\u00e7a, 600 \u2013 [&hellip;]<\/p>\n","protected":false},"author":12,"featured_media":0,"parent":0,"menu_order":0,"comment_status":"closed","ping_status":"closed","template":"","meta":{"_acf_changed":false,"inline_featured_image":false,"footnotes":""},"class_list":["post-3406","page","type-page","status-publish","hentry"],"acf":[],"yoast_head":"<!-- This site is optimized with the Yoast SEO plugin v27.3 - https:\/\/yoast.com\/product\/yoast-seo-wordpress\/ -->\n<title>Coispe - SAP<\/title>\n<meta name=\"robots\" content=\"index, follow, max-snippet:-1, max-image-preview:large, max-video-preview:-1\" \/>\n<link rel=\"canonical\" href=\"https:\/\/ww16.ce.gov.br\/sap\/inclusao-social\/\" \/>\n<meta property=\"og:locale\" content=\"pt_BR\" \/>\n<meta property=\"og:type\" content=\"article\" \/>\n<meta property=\"og:title\" content=\"Coispe - SAP\" \/>\n<meta property=\"og:description\" content=\"A Coordenadoria de Inclus\u00e3o Social do Preso e do Egresso (Coispe) da Secretaria da Administra\u00e7\u00e3o Penitenci\u00e1ria e Ressocializa\u00e7\u00e3o tem como miss\u00e3o colaborar para a reintegra\u00e7\u00e3o social do interno do sistema prisional do Estado do Cear\u00e1 por meio do trabalho, arte e cultura e capacita\u00e7\u00e3o profissional. A COISPE est\u00e1 localizada na Av. Her\u00e1clito Gra\u00e7a, 600 \u2013 [&hellip;]\" \/>\n<meta property=\"og:url\" content=\"https:\/\/ww16.ce.gov.br\/sap\/inclusao-social\/\" \/>\n<meta property=\"og:site_name\" content=\"SAP\" \/>\n<meta property=\"article:modified_time\" content=\"2026-05-12T19:19:46+00:00\" \/>\n<meta property=\"og:image\" content=\"http:\/\/ww16.ce.gov.br\/sap\/wp-content\/uploads\/sites\/51\/2022\/07\/DSC_7267-600x397.jpg\" \/>\n<meta name=\"twitter:card\" content=\"summary_large_image\" \/>\n<meta name=\"twitter:label1\" content=\"Est. reading time\" \/>\n\t<meta name=\"twitter:data1\" content=\"2 minutos\" \/>\n<script type=\"application\/ld+json\" class=\"yoast-schema-graph\">{\"@context\":\"https:\\\/\\\/schema.org\",\"@graph\":[{\"@type\":\"WebPage\",\"@id\":\"https:\\\/\\\/ww16.ce.gov.br\\\/sap\\\/inclusao-social\\\/\",\"url\":\"https:\\\/\\\/ww16.ce.gov.br\\\/sap\\\/inclusao-social\\\/\",\"name\":\"Coispe - SAP\",\"isPartOf\":{\"@id\":\"https:\\\/\\\/ww16.ce.gov.br\\\/sap\\\/#website\"},\"primaryImageOfPage\":{\"@id\":\"https:\\\/\\\/ww16.ce.gov.br\\\/sap\\\/inclusao-social\\\/#primaryimage\"},\"image\":{\"@id\":\"https:\\\/\\\/ww16.ce.gov.br\\\/sap\\\/inclusao-social\\\/#primaryimage\"},\"thumbnailUrl\":\"http:\\\/\\\/ww16.ce.gov.br\\\/sap\\\/wp-content\\\/uploads\\\/sites\\\/51\\\/2022\\\/07\\\/DSC_7267-600x397.jpg\",\"datePublished\":\"2017-12-27T17:45:52+00:00\",\"dateModified\":\"2026-05-12T19:19:46+00:00\",\"breadcrumb\":{\"@id\":\"https:\\\/\\\/ww16.ce.gov.br\\\/sap\\\/inclusao-social\\\/#breadcrumb\"},\"inLanguage\":\"pt-BR\",\"potentialAction\":[{\"@type\":\"ReadAction\",\"target\":[\"https:\\\/\\\/ww16.ce.gov.br\\\/sap\\\/inclusao-social\\\/\"]}]},{\"@type\":\"ImageObject\",\"inLanguage\":\"pt-BR\",\"@id\":\"https:\\\/\\\/ww16.ce.gov.br\\\/sap\\\/inclusao-social\\\/#primaryimage\",\"url\":\"http:\\\/\\\/ww16.ce.gov.br\\\/sap\\\/wp-content\\\/uploads\\\/sites\\\/51\\\/2022\\\/07\\\/DSC_7267-600x397.jpg\",\"contentUrl\":\"http:\\\/\\\/ww16.ce.gov.br\\\/sap\\\/wp-content\\\/uploads\\\/sites\\\/51\\\/2022\\\/07\\\/DSC_7267-600x397.jpg\"},{\"@type\":\"BreadcrumbList\",\"@id\":\"https:\\\/\\\/ww16.ce.gov.br\\\/sap\\\/inclusao-social\\\/#breadcrumb\",\"itemListElement\":[{\"@type\":\"ListItem\",\"position\":1,\"name\":\"In\u00edcio\",\"item\":\"https:\\\/\\\/ww16.ce.gov.br\\\/sap\\\/\"},{\"@type\":\"ListItem\",\"position\":2,\"name\":\"Coispe\"}]},{\"@type\":\"WebSite\",\"@id\":\"https:\\\/\\\/ww16.ce.gov.br\\\/sap\\\/#website\",\"url\":\"https:\\\/\\\/ww16.ce.gov.br\\\/sap\\\/\",\"name\":\"Secretaria da Justi\u00e7a e Cidadania\",\"description\":\"Portal SAP\",\"potentialAction\":[{\"@type\":\"SearchAction\",\"target\":{\"@type\":\"EntryPoint\",\"urlTemplate\":\"https:\\\/\\\/ww16.ce.gov.br\\\/sap\\\/?s={search_term_string}\"},\"query-input\":{\"@type\":\"PropertyValueSpecification\",\"valueRequired\":true,\"valueName\":\"search_term_string\"}}],\"inLanguage\":\"pt-BR\"}]}<\/script>\n<!-- \/ Yoast SEO plugin. -->","yoast_head_json":{"title":"Coispe - SAP","robots":{"index":"index","follow":"follow","max-snippet":"max-snippet:-1","max-image-preview":"max-image-preview:large","max-video-preview":"max-video-preview:-1"},"canonical":"https:\/\/ww16.ce.gov.br\/sap\/inclusao-social\/","og_locale":"pt_BR","og_type":"article","og_title":"Coispe - SAP","og_description":"A Coordenadoria de Inclus\u00e3o Social do Preso e do Egresso (Coispe) da Secretaria da Administra\u00e7\u00e3o Penitenci\u00e1ria e Ressocializa\u00e7\u00e3o tem como miss\u00e3o colaborar para a reintegra\u00e7\u00e3o social do interno do sistema prisional do Estado do Cear\u00e1 por meio do trabalho, arte e cultura e capacita\u00e7\u00e3o profissional. A COISPE est\u00e1 localizada na Av. Her\u00e1clito Gra\u00e7a, 600 \u2013 [&hellip;]","og_url":"https:\/\/ww16.ce.gov.br\/sap\/inclusao-social\/","og_site_name":"SAP","article_modified_time":"2026-05-12T19:19:46+00:00","og_image":[{"url":"http:\/\/ww16.ce.gov.br\/sap\/wp-content\/uploads\/sites\/51\/2022\/07\/DSC_7267-600x397.jpg","type":"","width":"","height":""}],"twitter_card":"summary_large_image","twitter_misc":{"Est. reading time":"2 minutos"},"schema":{"@context":"https:\/\/schema.org","@graph":[{"@type":"WebPage","@id":"https:\/\/ww16.ce.gov.br\/sap\/inclusao-social\/","url":"https:\/\/ww16.ce.gov.br\/sap\/inclusao-social\/","name":"Coispe - SAP","isPartOf":{"@id":"https:\/\/ww16.ce.gov.br\/sap\/#website"},"primaryImageOfPage":{"@id":"https:\/\/ww16.ce.gov.br\/sap\/inclusao-social\/#primaryimage"},"image":{"@id":"https:\/\/ww16.ce.gov.br\/sap\/inclusao-social\/#primaryimage"},"thumbnailUrl":"http:\/\/ww16.ce.gov.br\/sap\/wp-content\/uploads\/sites\/51\/2022\/07\/DSC_7267-600x397.jpg","datePublished":"2017-12-27T17:45:52+00:00","dateModified":"2026-05-12T19:19:46+00:00","breadcrumb":{"@id":"https:\/\/ww16.ce.gov.br\/sap\/inclusao-social\/#breadcrumb"},"inLanguage":"pt-BR","potentialAction":[{"@type":"ReadAction","target":["https:\/\/ww16.ce.gov.br\/sap\/inclusao-social\/"]}]},{"@type":"ImageObject","inLanguage":"pt-BR","@id":"https:\/\/ww16.ce.gov.br\/sap\/inclusao-social\/#primaryimage","url":"http:\/\/ww16.ce.gov.br\/sap\/wp-content\/uploads\/sites\/51\/2022\/07\/DSC_7267-600x397.jpg","contentUrl":"http:\/\/ww16.ce.gov.br\/sap\/wp-content\/uploads\/sites\/51\/2022\/07\/DSC_7267-600x397.jpg"},{"@type":"BreadcrumbList","@id":"https:\/\/ww16.ce.gov.br\/sap\/inclusao-social\/#breadcrumb","itemListElement":[{"@type":"ListItem","position":1,"name":"In\u00edcio","item":"https:\/\/ww16.ce.gov.br\/sap\/"},{"@type":"ListItem","position":2,"name":"Coispe"}]},{"@type":"WebSite","@id":"https:\/\/ww16.ce.gov.br\/sap\/#website","url":"https:\/\/ww16.ce.gov.br\/sap\/","name":"Secretaria da Justi\u00e7a e Cidadania","description":"Portal SAP","potentialAction":[{"@type":"SearchAction","target":{"@type":"EntryPoint","urlTemplate":"https:\/\/ww16.ce.gov.br\/sap\/?s={search_term_string}"},"query-input":{"@type":"PropertyValueSpecification","valueRequired":true,"valueName":"search_term_string"}}],"inLanguage":"pt-BR"}]}},"_links":{"self":[{"href":"https:\/\/www.ce.gov.br\/sap\/wp-json\/wp\/v2\/pages\/3406","targetHints":{"allow":["GET"]}}],"collection":[{"href":"https:\/\/www.ce.gov.br\/sap\/wp-json\/wp\/v2\/pages"}],"about":[{"href":"https:\/\/www.ce.gov.br\/sap\/wp-json\/wp\/v2\/types\/page"}],"author":[{"embeddable":true,"href":"https:\/\/www.ce.gov.br\/sap\/wp-json\/wp\/v2\/users\/12"}],"replies":[{"embeddable":true,"href":"https:\/\/www.ce.gov.br\/sap\/wp-json\/wp\/v2\/comments?post=3406"}],"version-history":[{"count":26,"href":"https:\/\/www.ce.gov.br\/sap\/wp-json\/wp\/v2\/pages\/3406\/revisions"}],"predecessor-version":[{"id":82433,"href":"https:\/\/www.ce.gov.br\/sap\/wp-json\/wp\/v2\/pages\/3406\/revisions\/82433"}],"wp:attachment":[{"href":"https:\/\/www.ce.gov.br\/sap\/wp-json\/wp\/v2\/media?parent=3406"}],"curies":[{"name":"wp","href":"https:\/\/api.w.org\/{rel}","templated":true}]}}