{"id":3433,"date":"2017-12-27T15:37:18","date_gmt":"2017-12-27T18:37:18","guid":{"rendered":"http:\/\/www.sejus.ce.gov.br\/?page_id=3433"},"modified":"2017-12-27T15:37:18","modified_gmt":"2017-12-27T18:37:18","slug":"casa-do-cidadao","status":"publish","type":"page","link":"https:\/\/www.ce.gov.br\/sap\/casa-do-cidadao\/","title":{"rendered":"Casa do Cidad\u00e3o"},"content":{"rendered":"<p>O Governo do Estado do Cear\u00e1, para facilitar o acesso do cidad\u00e3o \u00e0s informa\u00e7\u00f5es e servi\u00e7os p\u00fablicos, implantou em 1998 o projeto Casa do Cidad\u00e3o, que re\u00fane, em um \u00fanico local, um leque de \u00f3rg\u00e3os e prestadoras de servi\u00e7os de natureza p\u00fablica, prestando atendimento sem discrimina\u00e7\u00e3o ou privil\u00e9gios.<\/p>\n<p>Atualmente, temos duas Casas do Cidad\u00e3o em funcionamento: no Shopping Benfica e na Assembleia Legislativa.<\/p>\n<h3>Servi\u00e7os ofertados<\/h3>\n<p>As Casas do Cidad\u00e3o disponibilizam uma s\u00e9rie de servi\u00e7os. Para ver a lista completa de servi\u00e7os e a documenta\u00e7\u00e3o necess\u00e1ria, clique aqui.<\/p>\n<p><strong>Casa do Cidad\u00e3o do Shopping Benfica<\/strong><\/p>\n<p>\u2022 Receita Federal (1\u00aa via de CPF)<\/p>\n<p>\u2022 SSPDS &#8211; Secretaria de Seguran\u00e7a P\u00fablica e Defesa Social (carteira de identidade)<\/p>\n<p>\u2022 Venda de Di\u00e1rio Oficial do Estado (DOE)<\/p>\n<p><strong>Casa do Cidad\u00e3o Assembleia Legislativa<\/strong><\/p>\n<p>\u2022 Receita Federal (1\u00aa via de CPF)<\/p>\n<p>\u2022 SSPDS &#8211; Secretaria de Seguran\u00e7a P\u00fablica e Defesa Social (carteira de identidade)<\/p>\n<p>O atendimento para todos os servi\u00e7os prestados em cada Casa do Cidad\u00e3o \u00e9 organizado por senhas. Alguns servi\u00e7os como Carteira de Identidade, devido \u00e0 grande procura e a capacidade de atendimento, podem vir a ter suas senhas esgotadas. Por isso, \u00e9 fundamental entrar em contato com as Casas imediatamente antes de se dirigir ao Posto &#8211; o que n\u00e3o garante a realiza\u00e7\u00e3o do atendimento, pois entre a liga\u00e7\u00e3o e a chegada ao posto, pode ocorrer o t\u00e9rmino da distribui\u00e7\u00e3o das senhas.<\/p>\n<p>&nbsp;<\/p>\n<p>Os postos da Casa do Cidad\u00e3o funcionam de segunda a sexta-feira, das 8h \u00e0s 17h.<\/p>\n<p>&nbsp;<\/p>\n<p><strong>Casa do Cidad\u00e3o Benfica<\/strong><\/p>\n<p>Avenida Carapinima, n\u00ba 2200, Benfica &#8211; Fortaleza-CE (Shopping Benfica)<\/p>\n<p>(85) 3101.2250<\/p>\n<p>&nbsp;<\/p>\n<p><strong>Casa do Cidad\u00e3o Assembleia Legislativa<\/strong><\/p>\n<p>Rua Barbosa de Freitas, s\/n &#8211; Edificio Jos\u00e9 Euclides Ferreira Gomes &#8211; Anexo 2 da AL.<\/p>\n<p>(85) 3277.2786<\/p>\n","protected":false},"excerpt":{"rendered":"<p>O Governo do Estado do Cear\u00e1, para facilitar o acesso do cidad\u00e3o \u00e0s informa\u00e7\u00f5es e servi\u00e7os p\u00fablicos, implantou em 1998 o projeto Casa do Cidad\u00e3o, que re\u00fane, em um \u00fanico local, um leque de \u00f3rg\u00e3os e prestadoras de servi\u00e7os de natureza p\u00fablica, prestando atendimento sem discrimina\u00e7\u00e3o ou privil\u00e9gios. Atualmente, temos duas Casas do Cidad\u00e3o em [&hellip;]<\/p>\n","protected":false},"author":12,"featured_media":0,"parent":0,"menu_order":0,"comment_status":"closed","ping_status":"closed","template":"","meta":{"_acf_changed":false,"inline_featured_image":false,"footnotes":""},"class_list":["post-3433","page","type-page","status-publish","hentry"],"acf":[],"yoast_head":"<!-- This site is optimized with the Yoast SEO plugin v27.3 - https:\/\/yoast.com\/product\/yoast-seo-wordpress\/ -->\n<title>Casa do Cidad\u00e3o - SAP<\/title>\n<meta name=\"robots\" content=\"index, follow, max-snippet:-1, max-image-preview:large, max-video-preview:-1\" \/>\n<link rel=\"canonical\" href=\"https:\/\/ww16.ce.gov.br\/sap\/casa-do-cidadao\/\" \/>\n<meta property=\"og:locale\" content=\"pt_BR\" \/>\n<meta property=\"og:type\" content=\"article\" \/>\n<meta property=\"og:title\" content=\"Casa do Cidad\u00e3o - SAP\" \/>\n<meta property=\"og:description\" content=\"O Governo do Estado do Cear\u00e1, para facilitar o acesso do cidad\u00e3o \u00e0s informa\u00e7\u00f5es e servi\u00e7os p\u00fablicos, implantou em 1998 o projeto Casa do Cidad\u00e3o, que re\u00fane, em um \u00fanico local, um leque de \u00f3rg\u00e3os e prestadoras de servi\u00e7os de natureza p\u00fablica, prestando atendimento sem discrimina\u00e7\u00e3o ou privil\u00e9gios. Atualmente, temos duas Casas do Cidad\u00e3o em [&hellip;]\" \/>\n<meta property=\"og:url\" content=\"https:\/\/ww16.ce.gov.br\/sap\/casa-do-cidadao\/\" \/>\n<meta property=\"og:site_name\" content=\"SAP\" \/>\n<meta name=\"twitter:card\" content=\"summary_large_image\" \/>\n<meta name=\"twitter:label1\" content=\"Est. reading time\" \/>\n\t<meta name=\"twitter:data1\" content=\"2 minutos\" \/>\n<script type=\"application\/ld+json\" class=\"yoast-schema-graph\">{\"@context\":\"https:\\\/\\\/schema.org\",\"@graph\":[{\"@type\":\"WebPage\",\"@id\":\"https:\\\/\\\/ww16.ce.gov.br\\\/sap\\\/casa-do-cidadao\\\/\",\"url\":\"https:\\\/\\\/ww16.ce.gov.br\\\/sap\\\/casa-do-cidadao\\\/\",\"name\":\"Casa do Cidad\u00e3o - SAP\",\"isPartOf\":{\"@id\":\"https:\\\/\\\/ww16.ce.gov.br\\\/sap\\\/#website\"},\"datePublished\":\"2017-12-27T18:37:18+00:00\",\"breadcrumb\":{\"@id\":\"https:\\\/\\\/ww16.ce.gov.br\\\/sap\\\/casa-do-cidadao\\\/#breadcrumb\"},\"inLanguage\":\"pt-BR\",\"potentialAction\":[{\"@type\":\"ReadAction\",\"target\":[\"https:\\\/\\\/ww16.ce.gov.br\\\/sap\\\/casa-do-cidadao\\\/\"]}]},{\"@type\":\"BreadcrumbList\",\"@id\":\"https:\\\/\\\/ww16.ce.gov.br\\\/sap\\\/casa-do-cidadao\\\/#breadcrumb\",\"itemListElement\":[{\"@type\":\"ListItem\",\"position\":1,\"name\":\"In\u00edcio\",\"item\":\"https:\\\/\\\/ww16.ce.gov.br\\\/sap\\\/\"},{\"@type\":\"ListItem\",\"position\":2,\"name\":\"Casa do Cidad\u00e3o\"}]},{\"@type\":\"WebSite\",\"@id\":\"https:\\\/\\\/ww16.ce.gov.br\\\/sap\\\/#website\",\"url\":\"https:\\\/\\\/ww16.ce.gov.br\\\/sap\\\/\",\"name\":\"Secretaria da Justi\u00e7a e Cidadania\",\"description\":\"Portal SAP\",\"potentialAction\":[{\"@type\":\"SearchAction\",\"target\":{\"@type\":\"EntryPoint\",\"urlTemplate\":\"https:\\\/\\\/ww16.ce.gov.br\\\/sap\\\/?s={search_term_string}\"},\"query-input\":{\"@type\":\"PropertyValueSpecification\",\"valueRequired\":true,\"valueName\":\"search_term_string\"}}],\"inLanguage\":\"pt-BR\"}]}<\/script>\n<!-- \/ Yoast SEO plugin. -->","yoast_head_json":{"title":"Casa do Cidad\u00e3o - SAP","robots":{"index":"index","follow":"follow","max-snippet":"max-snippet:-1","max-image-preview":"max-image-preview:large","max-video-preview":"max-video-preview:-1"},"canonical":"https:\/\/ww16.ce.gov.br\/sap\/casa-do-cidadao\/","og_locale":"pt_BR","og_type":"article","og_title":"Casa do Cidad\u00e3o - SAP","og_description":"O Governo do Estado do Cear\u00e1, para facilitar o acesso do cidad\u00e3o \u00e0s informa\u00e7\u00f5es e servi\u00e7os p\u00fablicos, implantou em 1998 o projeto Casa do Cidad\u00e3o, que re\u00fane, em um \u00fanico local, um leque de \u00f3rg\u00e3os e prestadoras de servi\u00e7os de natureza p\u00fablica, prestando atendimento sem discrimina\u00e7\u00e3o ou privil\u00e9gios. Atualmente, temos duas Casas do Cidad\u00e3o em [&hellip;]","og_url":"https:\/\/ww16.ce.gov.br\/sap\/casa-do-cidadao\/","og_site_name":"SAP","twitter_card":"summary_large_image","twitter_misc":{"Est. reading time":"2 minutos"},"schema":{"@context":"https:\/\/schema.org","@graph":[{"@type":"WebPage","@id":"https:\/\/ww16.ce.gov.br\/sap\/casa-do-cidadao\/","url":"https:\/\/ww16.ce.gov.br\/sap\/casa-do-cidadao\/","name":"Casa do Cidad\u00e3o - SAP","isPartOf":{"@id":"https:\/\/ww16.ce.gov.br\/sap\/#website"},"datePublished":"2017-12-27T18:37:18+00:00","breadcrumb":{"@id":"https:\/\/ww16.ce.gov.br\/sap\/casa-do-cidadao\/#breadcrumb"},"inLanguage":"pt-BR","potentialAction":[{"@type":"ReadAction","target":["https:\/\/ww16.ce.gov.br\/sap\/casa-do-cidadao\/"]}]},{"@type":"BreadcrumbList","@id":"https:\/\/ww16.ce.gov.br\/sap\/casa-do-cidadao\/#breadcrumb","itemListElement":[{"@type":"ListItem","position":1,"name":"In\u00edcio","item":"https:\/\/ww16.ce.gov.br\/sap\/"},{"@type":"ListItem","position":2,"name":"Casa do Cidad\u00e3o"}]},{"@type":"WebSite","@id":"https:\/\/ww16.ce.gov.br\/sap\/#website","url":"https:\/\/ww16.ce.gov.br\/sap\/","name":"Secretaria da Justi\u00e7a e Cidadania","description":"Portal SAP","potentialAction":[{"@type":"SearchAction","target":{"@type":"EntryPoint","urlTemplate":"https:\/\/ww16.ce.gov.br\/sap\/?s={search_term_string}"},"query-input":{"@type":"PropertyValueSpecification","valueRequired":true,"valueName":"search_term_string"}}],"inLanguage":"pt-BR"}]}},"_links":{"self":[{"href":"https:\/\/www.ce.gov.br\/sap\/wp-json\/wp\/v2\/pages\/3433","targetHints":{"allow":["GET"]}}],"collection":[{"href":"https:\/\/www.ce.gov.br\/sap\/wp-json\/wp\/v2\/pages"}],"about":[{"href":"https:\/\/www.ce.gov.br\/sap\/wp-json\/wp\/v2\/types\/page"}],"author":[{"embeddable":true,"href":"https:\/\/www.ce.gov.br\/sap\/wp-json\/wp\/v2\/users\/12"}],"replies":[{"embeddable":true,"href":"https:\/\/www.ce.gov.br\/sap\/wp-json\/wp\/v2\/comments?post=3433"}],"version-history":[{"count":1,"href":"https:\/\/www.ce.gov.br\/sap\/wp-json\/wp\/v2\/pages\/3433\/revisions"}],"predecessor-version":[{"id":3434,"href":"https:\/\/www.ce.gov.br\/sap\/wp-json\/wp\/v2\/pages\/3433\/revisions\/3434"}],"wp:attachment":[{"href":"https:\/\/www.ce.gov.br\/sap\/wp-json\/wp\/v2\/media?parent=3433"}],"curies":[{"name":"wp","href":"https:\/\/api.w.org\/{rel}","templated":true}]}}