{"id":3437,"date":"2017-12-27T15:40:13","date_gmt":"2017-12-27T18:40:13","guid":{"rendered":"http:\/\/www.sejus.ce.gov.br\/?page_id=3437"},"modified":"2018-09-14T11:35:41","modified_gmt":"2018-09-14T14:35:41","slug":"programas-de-protecao","status":"publish","type":"page","link":"https:\/\/www.ce.gov.br\/sap\/programas-de-protecao\/","title":{"rendered":"Programas de Prote\u00e7\u00e3o"},"content":{"rendered":"<h3><strong>Conselhos<\/strong><\/h3>\n<p>&nbsp;<\/p>\n<p><span style=\"color: #006633\"><strong>CDDH<\/strong><\/span> &#8211; O Conselho de Defesa dos Direitos Humanos tem o objetivo de atuar como inst\u00e2ncia de controle social das pol\u00edticas p\u00fablicas de prote\u00e7\u00e3o aos direitos humanos. \u00c9 formado pela sociedade civil e \u00f3rg\u00e3os governamentais.<\/p>\n<p>(85) 3252-2239 |\u00a0 <a href=\"mailto:direitos.humanos@sejus.ce.gov.br\">direitos.humanos@sejus.ce.gov.br<\/a><\/p>\n<p>&nbsp;<\/p>\n<p><span style=\"color: #006633\"><strong>CEDEF<\/strong> <\/span>&#8211; O Conselho Estadual dos Direitos da Pessoa com Defici\u00eancia tem o objetivo de atuar como inst\u00e2ncia de controle social das pol\u00edticas p\u00fablicas voltadas para as pessoas com defici\u00eancia. \u00c9 formado pela sociedade civil e \u00f3rg\u00e3os governamentais.<\/p>\n<p>(85) 3101-2870 | <a href=\"mailto:cedef@sejus.ce.gov.br\">cedef@sejus.ce.gov.br<\/a><\/p>\n<p>&nbsp;<\/p>\n<p><strong><span style=\"color: #006633\">COPEN<\/span> <\/strong>&#8211; O Conselho Penitenci\u00e1rio do Estado do Cear\u00e1 \u00e9 um \u00f3rg\u00e3o consultivo e fiscalizador da execu\u00e7\u00e3o da pena, tendo a incumb\u00eancia de colaborar na elabora\u00e7\u00e3o pol\u00edtica penitenci\u00e1ria. \u00c9 formado pela sociedade civil e \u00f3rg\u00e3os governamentais.<\/p>\n<p>(85) 3101.2859 | <a href=\"mailto:copen@sejus.ce.gov.br\">copen@sejus.ce.gov.br<\/a><\/p>\n<p>&nbsp;<\/p>\n<h3><strong>N\u00facleos de Enfrentamento<\/strong><\/h3>\n<p>&nbsp;<\/p>\n<p><strong><span style=\"color: #006633\">Enfrentamento \u00e0 Tortura<\/span> <\/strong>&#8211; O Comit\u00ea Estadual de Preven\u00e7\u00e3o e Combate \u00e0 Tortura promove a\u00e7\u00f5es de preven\u00e7\u00e3o e combate \u00e0 tortura, visando \u00e0 erradica\u00e7\u00e3o dessa pr\u00e1tica. \u00c9 formado pela sociedade civil e \u00f3rg\u00e3os governamentais. Recebe, encaminha e monitora den\u00fancias visando \u00e0 repress\u00e3o e responsabiliza\u00e7\u00e3o dos criminosos.<\/p>\n<p>(85) 3252-2086 | <a href=\"mailto:combate.tortura@sejus.ce.gov.br\">combate.tortura@sejus.ce.gov.br<\/a><\/p>\n<p>&nbsp;<\/p>\n<p><span style=\"color: #006633\"><strong>Enfrentamento ao Tr\u00e1fico de Pessoas<\/strong><\/span> \u2013 O N\u00facleo de Enfretamento ao Tr\u00e1fico de Pessoas (NETP) articula, planeja e executa a\u00e7\u00f5es de enfrentamento ao tr\u00e1fico de pessoas. Recebe, encaminha e monitora den\u00fancias, prestando atendimento \u00e0s v\u00edtimas e familiares.<\/p>\n<p>(85) 3454.2199 \/ 3101.2708 | <a href=\"mailto:netp.sejus@sejus.ce.gov.br\">netp.sejus@sejus.ce.gov.br<\/a><\/p>\n<p>&nbsp;<\/p>\n<p><span style=\"color: #006633\"><strong>Enfrentamento \u00e0 Viol\u00eancia Urbana<\/strong><\/span> &#8211; O Centro de Refer\u00eancia e Apoio \u00e0 V\u00edtima de Viol\u00eancia (CRAVV) proporciona o apoio, orienta\u00e7\u00e3o e atendimentos psicol\u00f3gico, social e jur\u00eddico \u00e0s v\u00edtimas de crimes violentos, tais como homic\u00eddio, latroc\u00ednio, les\u00e3o corporal grave, tortura e crimes sexuais, contribuindo, dessa forma, para a minimiza\u00e7\u00e3o dos efeitos traum\u00e1ticos da viol\u00eancia urbana.<\/p>\n<p>(85) 3101.5104 \/ 3101.8858 | <a href=\"mailto:cravv@sejus.ce.gov.br\">cravv@sejus.ce.gov.br<\/a><\/p>\n<p>&nbsp;<\/p>\n<p><span style=\"color: #006633\"><strong>Enfrentamento aos Crimes da Ditadura<\/strong><\/span> &#8211; A Comiss\u00e3o Especial de Anistia Wanda Sidou defere sobre pedidos de indeniza\u00e7\u00e3o das pessoas detidas, sob acusa\u00e7\u00e3o de atividades pol\u00edticas entre 1961-1979, tendo sofrido sev\u00edcias sob a cust\u00f3dia do Estado que deixaram comprometimentos f\u00edsicos e\/ou psicol\u00f3gicos.<\/p>\n<p>(85) 3101.4925 | <a href=\"mailto:anistia@sejus.ce.gov.br\">anistia@sejus.ce.gov.br<\/a><\/p>\n<p>&nbsp;<\/p>\n<h3>Programas de Prote\u00e7\u00e3o \u00e0 Vida<\/h3>\n<p>&nbsp;<\/p>\n<p><strong><span style=\"color: #008000\">NAPP<\/span><\/strong> &#8211; O\u00a0N\u00facleo de Assessoria dos Programas de Prote\u00e7\u00e3o\u00a0tem por objetivo assessorar e fornecer suporte t\u00e9cnico para os tr\u00eas programas de prote\u00e7\u00e3o do \u00e2mbito do Estado, fortalecendo o di\u00e1logo entre os programas para integr\u00e1-los com o Sistema de Seguran\u00e7a P\u00fablica e o Sistema de Justi\u00e7a e a rede socioassistencial.<\/p>\n<p>(85) 3254-2493 |\u00a0(85) 98895-5571 |\u00a0<a href=\"mailto:napp@sejus.ce.gov.br\" target=\"_blank\" rel=\"noopener\">napp@sejus.ce.gov.br<\/a><\/p>\n<p>&nbsp;<\/p>\n<p><span style=\"color: #006633\"><strong>PROVITA<\/strong> <\/span>&#8211; O Programa de Prote\u00e7\u00e3o a V\u00edtimas e Testemunhas Amea\u00e7adas do Estado do Cear\u00e1 protege v\u00edtimas ou testemunhas de crimes que estejam coagidas ou expostas \u00e0 amea\u00e7a em raz\u00e3o de sua colabora\u00e7\u00e3o com a investiga\u00e7\u00e3o ou processo criminal.<\/p>\n<p><a href=\"https:\/\/www.sejus.ce.gov.br\/wp-content\/uploads\/sites\/51\/2018\/09\/Modelo-de-Of\u00edcio-de-solicita\u00e7\u00e3o-de-ingresso-no-PROVITA.doc\"><b>Modelo de Solicita\u00e7\u00e3o de Ingresso no PROVITA<\/b><\/a><\/p>\n<p>(85) 3025-0057\u00a0| \u00a0<a href=\"mailto:napp@sejus.ce.gov.br\" target=\"_blank\" rel=\"noopener\">napp@sejus.ce.gov.br<\/a><\/p>\n<p>&nbsp;<\/p>\n<p><span style=\"color: #006633\"><strong>PPDDH<\/strong><\/span> &#8211; O Programa de Prote\u00e7\u00e3o aos Defensores dos Direitos Humanos tem como objetivo proporcionar prote\u00e7\u00e3o e assist\u00eancia \u00e0 pessoa f\u00edsica ou jur\u00eddica, grupo, institui\u00e7\u00e3o, organiza\u00e7\u00e3o ou movimento social que defenda os Direitos Humanos e, em fun\u00e7\u00e3o de sua atua\u00e7\u00e3o, encontra-se em situa\u00e7\u00e3o de risco e\/ou vulnerabilidade.<\/p>\n<p>(85) 3085-9221\u00a0| <a href=\"mailto:defensoresceara@gmail.com\" target=\"_blank\" rel=\"noopener\">defensoresceara@gmail.com<\/a><\/p>\n<p>&nbsp;<\/p>\n<p><span style=\"color: #006633\"><strong>PPCAAM<\/strong><\/span> &#8211; O Programa de Prote\u00e7\u00e3o a Crian\u00e7a e o Adolescente Amea\u00e7ado de Morte t\u00eam como objetivo a preserva\u00e7\u00e3o da vida de crian\u00e7as e adolescentes amea\u00e7ados de morte por meio de uma medida protetiva, garantindo os direitos fundamentais assegurados no Estatuto da Crian\u00e7a e do Adolescente.<\/p>\n<p><a href=\"https:\/\/www.sejus.ce.gov.br\/wp-content\/uploads\/sites\/51\/2018\/09\/Ficha-de-Pr\u00e9-avalia\u00e7\u00e3o.doc\"><b>Modelo de Solicita\u00e7\u00e3o de Ingresso no PPCAAM<\/b><\/a><\/p>\n<p>(85) 3227-7354 | <a href=\"mailto:ppcaam.ce@gmail.com\" target=\"_blank\" rel=\"noopener\">ppcaam.ce@gmail.com<\/a><\/p>\n<p>&nbsp;<\/p>\n<h3><strong>Ouvidoria<\/strong><\/h3>\n<p>&nbsp;<\/p>\n<p><strong><span style=\"color: #006633\">OUVIDORIA DA SEJUS<\/span> <\/strong>&#8211; A Ouvidoria da Secretaria da Justi\u00e7a e Cidadania incentiva o exerc\u00edcio da cidadania\u00a0 por meio do controle social e a defesa dos Direitos Humanos, dirimindo dificuldades di\u00e1rias do seu p\u00fablico quanto ao exerc\u00edcio da fun\u00e7\u00e3o p\u00fablica da institui\u00e7\u00e3o. Informa\u00e7\u00f5es:<\/p>\n<p>(85) 3231-3485 | <a href=\"mailto:ouvidoria@sejus.ce.gov.br\">ouvidoria@sejus.ce.gov.br<\/a><\/p>\n","protected":false},"excerpt":{"rendered":"<p>Conselhos &nbsp; CDDH &#8211; O Conselho de Defesa dos Direitos Humanos tem o objetivo de atuar como inst\u00e2ncia de controle social das pol\u00edticas p\u00fablicas de prote\u00e7\u00e3o aos direitos humanos. \u00c9 formado pela sociedade civil e \u00f3rg\u00e3os governamentais. (85) 3252-2239 |\u00a0 direitos.humanos@sejus.ce.gov.br &nbsp; CEDEF &#8211; O Conselho Estadual dos Direitos da Pessoa com Defici\u00eancia tem o [&hellip;]<\/p>\n","protected":false},"author":12,"featured_media":0,"parent":0,"menu_order":0,"comment_status":"closed","ping_status":"closed","template":"","meta":{"_acf_changed":false,"inline_featured_image":false,"footnotes":""},"class_list":["post-3437","page","type-page","status-publish","hentry"],"acf":[],"yoast_head":"<!-- This site is optimized with the Yoast SEO plugin v27.3 - https:\/\/yoast.com\/product\/yoast-seo-wordpress\/ -->\n<title>Programas de Prote\u00e7\u00e3o - SAP<\/title>\n<meta name=\"robots\" content=\"index, follow, max-snippet:-1, max-image-preview:large, max-video-preview:-1\" \/>\n<link rel=\"canonical\" href=\"https:\/\/ww16.ce.gov.br\/sap\/programas-de-protecao\/\" \/>\n<meta property=\"og:locale\" content=\"pt_BR\" \/>\n<meta property=\"og:type\" content=\"article\" \/>\n<meta property=\"og:title\" content=\"Programas de Prote\u00e7\u00e3o - SAP\" \/>\n<meta property=\"og:description\" content=\"Conselhos &nbsp; CDDH &#8211; O Conselho de Defesa dos Direitos Humanos tem o objetivo de atuar como inst\u00e2ncia de controle social das pol\u00edticas p\u00fablicas de prote\u00e7\u00e3o aos direitos humanos. \u00c9 formado pela sociedade civil e \u00f3rg\u00e3os governamentais. (85) 3252-2239 |\u00a0 direitos.humanos@sejus.ce.gov.br &nbsp; CEDEF &#8211; O Conselho Estadual dos Direitos da Pessoa com Defici\u00eancia tem o [&hellip;]\" \/>\n<meta property=\"og:url\" content=\"https:\/\/ww16.ce.gov.br\/sap\/programas-de-protecao\/\" \/>\n<meta property=\"og:site_name\" content=\"SAP\" \/>\n<meta property=\"article:modified_time\" content=\"2018-09-14T14:35:41+00:00\" \/>\n<meta name=\"twitter:card\" content=\"summary_large_image\" \/>\n<meta name=\"twitter:label1\" content=\"Est. reading time\" \/>\n\t<meta name=\"twitter:data1\" content=\"4 minutos\" \/>\n<script type=\"application\/ld+json\" class=\"yoast-schema-graph\">{\"@context\":\"https:\\\/\\\/schema.org\",\"@graph\":[{\"@type\":\"WebPage\",\"@id\":\"https:\\\/\\\/ww16.ce.gov.br\\\/sap\\\/programas-de-protecao\\\/\",\"url\":\"https:\\\/\\\/ww16.ce.gov.br\\\/sap\\\/programas-de-protecao\\\/\",\"name\":\"Programas de Prote\u00e7\u00e3o - SAP\",\"isPartOf\":{\"@id\":\"https:\\\/\\\/ww16.ce.gov.br\\\/sap\\\/#website\"},\"datePublished\":\"2017-12-27T18:40:13+00:00\",\"dateModified\":\"2018-09-14T14:35:41+00:00\",\"breadcrumb\":{\"@id\":\"https:\\\/\\\/ww16.ce.gov.br\\\/sap\\\/programas-de-protecao\\\/#breadcrumb\"},\"inLanguage\":\"pt-BR\",\"potentialAction\":[{\"@type\":\"ReadAction\",\"target\":[\"https:\\\/\\\/ww16.ce.gov.br\\\/sap\\\/programas-de-protecao\\\/\"]}]},{\"@type\":\"BreadcrumbList\",\"@id\":\"https:\\\/\\\/ww16.ce.gov.br\\\/sap\\\/programas-de-protecao\\\/#breadcrumb\",\"itemListElement\":[{\"@type\":\"ListItem\",\"position\":1,\"name\":\"In\u00edcio\",\"item\":\"https:\\\/\\\/ww16.ce.gov.br\\\/sap\\\/\"},{\"@type\":\"ListItem\",\"position\":2,\"name\":\"Programas de Prote\u00e7\u00e3o\"}]},{\"@type\":\"WebSite\",\"@id\":\"https:\\\/\\\/ww16.ce.gov.br\\\/sap\\\/#website\",\"url\":\"https:\\\/\\\/ww16.ce.gov.br\\\/sap\\\/\",\"name\":\"Secretaria da Justi\u00e7a e Cidadania\",\"description\":\"Portal SAP\",\"potentialAction\":[{\"@type\":\"SearchAction\",\"target\":{\"@type\":\"EntryPoint\",\"urlTemplate\":\"https:\\\/\\\/ww16.ce.gov.br\\\/sap\\\/?s={search_term_string}\"},\"query-input\":{\"@type\":\"PropertyValueSpecification\",\"valueRequired\":true,\"valueName\":\"search_term_string\"}}],\"inLanguage\":\"pt-BR\"}]}<\/script>\n<!-- \/ Yoast SEO plugin. -->","yoast_head_json":{"title":"Programas de Prote\u00e7\u00e3o - SAP","robots":{"index":"index","follow":"follow","max-snippet":"max-snippet:-1","max-image-preview":"max-image-preview:large","max-video-preview":"max-video-preview:-1"},"canonical":"https:\/\/ww16.ce.gov.br\/sap\/programas-de-protecao\/","og_locale":"pt_BR","og_type":"article","og_title":"Programas de Prote\u00e7\u00e3o - SAP","og_description":"Conselhos &nbsp; CDDH &#8211; O Conselho de Defesa dos Direitos Humanos tem o objetivo de atuar como inst\u00e2ncia de controle social das pol\u00edticas p\u00fablicas de prote\u00e7\u00e3o aos direitos humanos. \u00c9 formado pela sociedade civil e \u00f3rg\u00e3os governamentais. (85) 3252-2239 |\u00a0 direitos.humanos@sejus.ce.gov.br &nbsp; CEDEF &#8211; O Conselho Estadual dos Direitos da Pessoa com Defici\u00eancia tem o [&hellip;]","og_url":"https:\/\/ww16.ce.gov.br\/sap\/programas-de-protecao\/","og_site_name":"SAP","article_modified_time":"2018-09-14T14:35:41+00:00","twitter_card":"summary_large_image","twitter_misc":{"Est. reading time":"4 minutos"},"schema":{"@context":"https:\/\/schema.org","@graph":[{"@type":"WebPage","@id":"https:\/\/ww16.ce.gov.br\/sap\/programas-de-protecao\/","url":"https:\/\/ww16.ce.gov.br\/sap\/programas-de-protecao\/","name":"Programas de Prote\u00e7\u00e3o - SAP","isPartOf":{"@id":"https:\/\/ww16.ce.gov.br\/sap\/#website"},"datePublished":"2017-12-27T18:40:13+00:00","dateModified":"2018-09-14T14:35:41+00:00","breadcrumb":{"@id":"https:\/\/ww16.ce.gov.br\/sap\/programas-de-protecao\/#breadcrumb"},"inLanguage":"pt-BR","potentialAction":[{"@type":"ReadAction","target":["https:\/\/ww16.ce.gov.br\/sap\/programas-de-protecao\/"]}]},{"@type":"BreadcrumbList","@id":"https:\/\/ww16.ce.gov.br\/sap\/programas-de-protecao\/#breadcrumb","itemListElement":[{"@type":"ListItem","position":1,"name":"In\u00edcio","item":"https:\/\/ww16.ce.gov.br\/sap\/"},{"@type":"ListItem","position":2,"name":"Programas de Prote\u00e7\u00e3o"}]},{"@type":"WebSite","@id":"https:\/\/ww16.ce.gov.br\/sap\/#website","url":"https:\/\/ww16.ce.gov.br\/sap\/","name":"Secretaria da Justi\u00e7a e Cidadania","description":"Portal SAP","potentialAction":[{"@type":"SearchAction","target":{"@type":"EntryPoint","urlTemplate":"https:\/\/ww16.ce.gov.br\/sap\/?s={search_term_string}"},"query-input":{"@type":"PropertyValueSpecification","valueRequired":true,"valueName":"search_term_string"}}],"inLanguage":"pt-BR"}]}},"_links":{"self":[{"href":"https:\/\/www.ce.gov.br\/sap\/wp-json\/wp\/v2\/pages\/3437","targetHints":{"allow":["GET"]}}],"collection":[{"href":"https:\/\/www.ce.gov.br\/sap\/wp-json\/wp\/v2\/pages"}],"about":[{"href":"https:\/\/www.ce.gov.br\/sap\/wp-json\/wp\/v2\/types\/page"}],"author":[{"embeddable":true,"href":"https:\/\/www.ce.gov.br\/sap\/wp-json\/wp\/v2\/users\/12"}],"replies":[{"embeddable":true,"href":"https:\/\/www.ce.gov.br\/sap\/wp-json\/wp\/v2\/comments?post=3437"}],"version-history":[{"count":6,"href":"https:\/\/www.ce.gov.br\/sap\/wp-json\/wp\/v2\/pages\/3437\/revisions"}],"predecessor-version":[{"id":67625,"href":"https:\/\/www.ce.gov.br\/sap\/wp-json\/wp\/v2\/pages\/3437\/revisions\/67625"}],"wp:attachment":[{"href":"https:\/\/www.ce.gov.br\/sap\/wp-json\/wp\/v2\/media?parent=3437"}],"curies":[{"name":"wp","href":"https:\/\/api.w.org\/{rel}","templated":true}]}}