{"id":67595,"date":"2018-07-12T15:02:54","date_gmt":"2018-07-12T18:02:54","guid":{"rendered":"http:\/\/www.sejus.ce.gov.br\/?page_id=67595"},"modified":"2026-05-08T15:45:37","modified_gmt":"2026-05-08T18:45:37","slug":"relacao-de-informacoes-sigilosas","status":"publish","type":"page","link":"https:\/\/www.ce.gov.br\/sap\/acesso-a-informacao\/relacao-de-informacoes-sigilosas\/","title":{"rendered":"Rela\u00e7\u00e3o de Informa\u00e7\u00f5es Sigilosas"},"content":{"rendered":"<h2 class=\"-laranja\"><strong>Rela\u00e7\u00e3o de Informa\u00e7\u00f5es Sigilosas<\/strong><\/h2>\n<p>&nbsp;<\/p>\n<div class=\"SistemasExternos\">\n<table style=\"width: 100%\">\n<thead>\n<tr>\n<th style=\"vertical-align: middle;width: 100px\">Refer\u00eancia<\/th>\n<th style=\"vertical-align: middle\">TIPO DE DOCUMENTO\/INFORMA\u00c7\u00c3O CLASSIFICADA<\/th>\n<th style=\"vertical-align: middle;width: 110px\">GRAU DE SIGILO<\/th>\n<th style=\"vertical-align: middle;width: 75px\">PRAZO DE SIGILO<\/th>\n<th style=\"vertical-align: middle;width: 110px\">DATA DA CLASSIFICA\u00c7\u00c3O<\/th>\n<th style=\"vertical-align: middle\">FUNDAMENTA\u00c7\u00c3O LEGAL<\/th>\n<\/tr>\n<\/thead>\n<tbody>\n<tr>\n<td class=\"laranja\">003\/2012\/SEJUS<\/td>\n<td>\n<div>Modelo de Gest\u00e3o da Pol\u00edtica Prisional de cada unidade prisional do Estado do Cear\u00e1<\/div>\n<\/td>\n<td>\n<div>SECRETO<\/div>\n<\/td>\n<td>\n<div>15 ANOS<\/div>\n<\/td>\n<td>\n<div>27\/09\/2016<\/div>\n<\/td>\n<td>\n<div>ART.22, V, VI, VIII da LEI N\u00ba. 15.175\/2012<\/div>\n<\/td>\n<\/tr>\n<tr>\n<td class=\"laranja\">026\/2014\/SEJUS<\/td>\n<td>\n<div>1. Relat\u00f3rio de intelig\u00eancia 2.Relat\u00f3rio de Agentes 3. V\u00eddeos de seguran\u00e7a<\/div>\n<\/td>\n<td>\n<div>SECRETO<\/div>\n<\/td>\n<td>\n<div>15 ANOS<\/div>\n<\/td>\n<td>\n<div>16\/01\/2014<\/div>\n<\/td>\n<td>\n<div>ART. 4\u00ba, III e ART. 6\u00ba, III, ART. 23, III e VIII, art. 24 caput, \u00a71\u00ba e 2\u00ba, art. 27, III da LEI N\u00ba. 15.175\/2012<\/div>\n<\/td>\n<\/tr>\n<tr>\n<td class=\"laranja\">028\/2014\/SEJUS<\/td>\n<td>\n<div>Formul\u00e1rio de requerimento de transfer\u00eancia de presos<\/div>\n<\/td>\n<td>\n<div>RESERVADO<\/div>\n<\/td>\n<td>\n<div>05 ANOS<\/div>\n<\/td>\n<td>\n<div>16\/01\/2014<\/div>\n<\/td>\n<td>\n<div>Art. 22, V da LEI N\u00ba. 15.175\/2012<\/div>\n<\/td>\n<\/tr>\n<tr>\n<td class=\"laranja\">029\/2014\/SEJUS<\/td>\n<td>\n<div>Formul\u00e1rio de requisi\u00e7\u00e3o de vistoria das unidades prisionais<\/div>\n<\/td>\n<td>\n<div>RESERVADO<\/div>\n<\/td>\n<td>\n<div>05 ANOS<\/div>\n<\/td>\n<td>\n<div>16\/01\/2014<\/div>\n<\/td>\n<td>\n<div>Art. 22, V da LEI N\u00ba. 15.175\/2012<\/div>\n<\/td>\n<\/tr>\n<tr>\n<td class=\"laranja\">030\/2014\/SEJUS<\/td>\n<td>\n<div>Localiza\u00e7\u00e3o de Detento<\/div>\n<\/td>\n<td>\n<div>SECRETO<\/div>\n<\/td>\n<td>\n<div>15 ANOS<\/div>\n<\/td>\n<td>\n<div>16\/01\/2014<\/div>\n<\/td>\n<td>\n<div>Art. 22, V, VII, VIII da LEI N\u00ba. 15.175\/2012<\/div>\n<\/td>\n<\/tr>\n<tr>\n<td class=\"laranja\">032\/2014\/SEJUS<\/td>\n<td>\n<div>Projetos de Arquitetura e Complementares<\/div>\n<\/td>\n<td>\n<div>ULTRASECRETO<\/div>\n<\/td>\n<td>\n<div>25 ANOS<\/div>\n<\/td>\n<td>\n<div>16\/01\/2014<\/div>\n<\/td>\n<td>\n<div>Art. 22, V, VII, VIII da LEI N\u00ba. 15.175\/2012<\/div>\n<\/td>\n<\/tr>\n<tr>\n<td class=\"laranja\">033\/2014\/SEJUS<\/td>\n<td>\n<div>Detalhamento de informa\u00e7\u00f5es sobre a frota de ve\u00edculos operacionais<\/div>\n<\/td>\n<td>\n<div>SECRETO<\/div>\n<\/td>\n<td>\n<div>15 ANOS<\/div>\n<\/td>\n<td>\n<div>16\/01\/2014<\/div>\n<\/td>\n<td>\n<div>Art. 22, V, VII, VIII da LEI N\u00ba. 15.175\/2012<\/div>\n<\/td>\n<\/tr>\n<tr>\n<td class=\"laranja\">034\/2014\/SEJUS<\/td>\n<td>\n<div>Pedido de Busca<\/div>\n<\/td>\n<td>\n<div>SECRETO<\/div>\n<\/td>\n<td>\n<div>15 ANOS<\/div>\n<\/td>\n<td>\n<div>16\/01\/2014<\/div>\n<\/td>\n<td>\n<div>Art. 22, V, VII, VIII da LEI N\u00ba. 15.175\/2012<\/div>\n<\/td>\n<\/tr>\n<tr>\n<td class=\"laranja\">035\/2014\/SEJUS<\/td>\n<td>\n<div>Informa\u00e7\u00f5es sobre efetivo de servidores (agentes penitenci\u00e1rios) e colaboradores que atuam dentro das unidades penitenci\u00e1rias ou cadeias p\u00fablicas do Estado do Cear\u00e1.<\/div>\n<\/td>\n<td>\n<div>SECRETO<\/div>\n<\/td>\n<td>\n<div>15 ANOS<\/div>\n<\/td>\n<td>\n<div>16\/01\/2014<\/div>\n<\/td>\n<td>\n<div>Art. 22, V, VII, VIII da LEI N\u00ba. 15.175\/2012<\/div>\n<\/td>\n<\/tr>\n<\/tbody>\n<\/table>\n<\/div>\n<p>&gt; <strong><a href=\"https:\/\/ww16.ce.gov.br\/sap\/wp-content\/uploads\/sites\/51\/2020\/11\/Portaria-no.-01-2016-CGAI-INFORMACAO-SIGILOSA.pdf\" target=\"_blank\" rel=\"noopener noreferrer\">Portaria CGAI n\u00ba01\/2016 &#8211; Disp\u00f5e sobre a Uniformiza\u00e7\u00e3o na Classifica\u00e7\u00e3o de Informa\u00e7\u00e3o Sigilosa de Mat\u00e9ria Comum a Todos os \u00d3rg\u00e3os e Entidades do Poder Executivo Estadual<\/a><\/strong><\/p>\n","protected":false},"excerpt":{"rendered":"<p>Rela\u00e7\u00e3o de Informa\u00e7\u00f5es Sigilosas &nbsp; Refer\u00eancia TIPO DE DOCUMENTO\/INFORMA\u00c7\u00c3O CLASSIFICADA GRAU DE SIGILO PRAZO DE SIGILO DATA DA CLASSIFICA\u00c7\u00c3O FUNDAMENTA\u00c7\u00c3O LEGAL 003\/2012\/SEJUS Modelo de Gest\u00e3o da Pol\u00edtica Prisional de cada unidade prisional do Estado do Cear\u00e1 SECRETO 15 ANOS 27\/09\/2016 ART.22, V, VI, VIII da LEI N\u00ba. 15.175\/2012 026\/2014\/SEJUS 1. Relat\u00f3rio de intelig\u00eancia 2.Relat\u00f3rio de [&hellip;]<\/p>\n","protected":false},"author":12,"featured_media":0,"parent":67183,"menu_order":2,"comment_status":"closed","ping_status":"closed","template":"page-relacao-de-informacao-sigilosa.php","meta":{"_acf_changed":false,"inline_featured_image":false,"footnotes":""},"class_list":["post-67595","page","type-page","status-publish","hentry"],"acf":[],"yoast_head":"<!-- This site is optimized with the Yoast SEO plugin v27.3 - https:\/\/yoast.com\/product\/yoast-seo-wordpress\/ -->\n<title>Rela\u00e7\u00e3o de Informa\u00e7\u00f5es Sigilosas - SAP<\/title>\n<meta name=\"robots\" content=\"index, follow, max-snippet:-1, max-image-preview:large, max-video-preview:-1\" \/>\n<link rel=\"canonical\" href=\"https:\/\/ww16.ce.gov.br\/sap\/acesso-a-informacao\/relacao-de-informacoes-sigilosas\/\" \/>\n<meta property=\"og:locale\" content=\"pt_BR\" \/>\n<meta property=\"og:type\" content=\"article\" \/>\n<meta property=\"og:title\" content=\"Rela\u00e7\u00e3o de Informa\u00e7\u00f5es Sigilosas - SAP\" \/>\n<meta property=\"og:description\" content=\"Rela\u00e7\u00e3o de Informa\u00e7\u00f5es Sigilosas &nbsp; Refer\u00eancia TIPO DE DOCUMENTO\/INFORMA\u00c7\u00c3O CLASSIFICADA GRAU DE SIGILO PRAZO DE SIGILO DATA DA CLASSIFICA\u00c7\u00c3O FUNDAMENTA\u00c7\u00c3O LEGAL 003\/2012\/SEJUS Modelo de Gest\u00e3o da Pol\u00edtica Prisional de cada unidade prisional do Estado do Cear\u00e1 SECRETO 15 ANOS 27\/09\/2016 ART.22, V, VI, VIII da LEI N\u00ba. 15.175\/2012 026\/2014\/SEJUS 1. Relat\u00f3rio de intelig\u00eancia 2.Relat\u00f3rio de [&hellip;]\" \/>\n<meta property=\"og:url\" content=\"https:\/\/ww16.ce.gov.br\/sap\/acesso-a-informacao\/relacao-de-informacoes-sigilosas\/\" \/>\n<meta property=\"og:site_name\" content=\"SAP\" \/>\n<meta property=\"article:modified_time\" content=\"2026-05-08T18:45:37+00:00\" \/>\n<meta name=\"twitter:card\" content=\"summary_large_image\" \/>\n<meta name=\"twitter:label1\" content=\"Est. reading time\" \/>\n\t<meta name=\"twitter:data1\" content=\"2 minutos\" \/>\n<script type=\"application\/ld+json\" class=\"yoast-schema-graph\">{\"@context\":\"https:\\\/\\\/schema.org\",\"@graph\":[{\"@type\":\"WebPage\",\"@id\":\"https:\\\/\\\/ww16.ce.gov.br\\\/sap\\\/acesso-a-informacao\\\/relacao-de-informacoes-sigilosas\\\/\",\"url\":\"https:\\\/\\\/ww16.ce.gov.br\\\/sap\\\/acesso-a-informacao\\\/relacao-de-informacoes-sigilosas\\\/\",\"name\":\"Rela\u00e7\u00e3o de Informa\u00e7\u00f5es Sigilosas - SAP\",\"isPartOf\":{\"@id\":\"https:\\\/\\\/ww16.ce.gov.br\\\/sap\\\/#website\"},\"datePublished\":\"2018-07-12T18:02:54+00:00\",\"dateModified\":\"2026-05-08T18:45:37+00:00\",\"breadcrumb\":{\"@id\":\"https:\\\/\\\/ww16.ce.gov.br\\\/sap\\\/acesso-a-informacao\\\/relacao-de-informacoes-sigilosas\\\/#breadcrumb\"},\"inLanguage\":\"pt-BR\",\"potentialAction\":[{\"@type\":\"ReadAction\",\"target\":[\"https:\\\/\\\/ww16.ce.gov.br\\\/sap\\\/acesso-a-informacao\\\/relacao-de-informacoes-sigilosas\\\/\"]}]},{\"@type\":\"BreadcrumbList\",\"@id\":\"https:\\\/\\\/ww16.ce.gov.br\\\/sap\\\/acesso-a-informacao\\\/relacao-de-informacoes-sigilosas\\\/#breadcrumb\",\"itemListElement\":[{\"@type\":\"ListItem\",\"position\":1,\"name\":\"In\u00edcio\",\"item\":\"https:\\\/\\\/ww16.ce.gov.br\\\/sap\\\/\"},{\"@type\":\"ListItem\",\"position\":2,\"name\":\"Acesso \u00e0 Informa\u00e7\u00e3o\",\"item\":\"https:\\\/\\\/ww16.ce.gov.br\\\/sap\\\/acesso-a-informacao\\\/\"},{\"@type\":\"ListItem\",\"position\":3,\"name\":\"Rela\u00e7\u00e3o de Informa\u00e7\u00f5es Sigilosas\"}]},{\"@type\":\"WebSite\",\"@id\":\"https:\\\/\\\/ww16.ce.gov.br\\\/sap\\\/#website\",\"url\":\"https:\\\/\\\/ww16.ce.gov.br\\\/sap\\\/\",\"name\":\"Secretaria da Justi\u00e7a e Cidadania\",\"description\":\"Portal SAP\",\"potentialAction\":[{\"@type\":\"SearchAction\",\"target\":{\"@type\":\"EntryPoint\",\"urlTemplate\":\"https:\\\/\\\/ww16.ce.gov.br\\\/sap\\\/?s={search_term_string}\"},\"query-input\":{\"@type\":\"PropertyValueSpecification\",\"valueRequired\":true,\"valueName\":\"search_term_string\"}}],\"inLanguage\":\"pt-BR\"}]}<\/script>\n<!-- \/ Yoast SEO plugin. -->","yoast_head_json":{"title":"Rela\u00e7\u00e3o de Informa\u00e7\u00f5es Sigilosas - SAP","robots":{"index":"index","follow":"follow","max-snippet":"max-snippet:-1","max-image-preview":"max-image-preview:large","max-video-preview":"max-video-preview:-1"},"canonical":"https:\/\/ww16.ce.gov.br\/sap\/acesso-a-informacao\/relacao-de-informacoes-sigilosas\/","og_locale":"pt_BR","og_type":"article","og_title":"Rela\u00e7\u00e3o de Informa\u00e7\u00f5es Sigilosas - SAP","og_description":"Rela\u00e7\u00e3o de Informa\u00e7\u00f5es Sigilosas &nbsp; Refer\u00eancia TIPO DE DOCUMENTO\/INFORMA\u00c7\u00c3O CLASSIFICADA GRAU DE SIGILO PRAZO DE SIGILO DATA DA CLASSIFICA\u00c7\u00c3O FUNDAMENTA\u00c7\u00c3O LEGAL 003\/2012\/SEJUS Modelo de Gest\u00e3o da Pol\u00edtica Prisional de cada unidade prisional do Estado do Cear\u00e1 SECRETO 15 ANOS 27\/09\/2016 ART.22, V, VI, VIII da LEI N\u00ba. 15.175\/2012 026\/2014\/SEJUS 1. Relat\u00f3rio de intelig\u00eancia 2.Relat\u00f3rio de [&hellip;]","og_url":"https:\/\/ww16.ce.gov.br\/sap\/acesso-a-informacao\/relacao-de-informacoes-sigilosas\/","og_site_name":"SAP","article_modified_time":"2026-05-08T18:45:37+00:00","twitter_card":"summary_large_image","twitter_misc":{"Est. reading time":"2 minutos"},"schema":{"@context":"https:\/\/schema.org","@graph":[{"@type":"WebPage","@id":"https:\/\/ww16.ce.gov.br\/sap\/acesso-a-informacao\/relacao-de-informacoes-sigilosas\/","url":"https:\/\/ww16.ce.gov.br\/sap\/acesso-a-informacao\/relacao-de-informacoes-sigilosas\/","name":"Rela\u00e7\u00e3o de Informa\u00e7\u00f5es Sigilosas - SAP","isPartOf":{"@id":"https:\/\/ww16.ce.gov.br\/sap\/#website"},"datePublished":"2018-07-12T18:02:54+00:00","dateModified":"2026-05-08T18:45:37+00:00","breadcrumb":{"@id":"https:\/\/ww16.ce.gov.br\/sap\/acesso-a-informacao\/relacao-de-informacoes-sigilosas\/#breadcrumb"},"inLanguage":"pt-BR","potentialAction":[{"@type":"ReadAction","target":["https:\/\/ww16.ce.gov.br\/sap\/acesso-a-informacao\/relacao-de-informacoes-sigilosas\/"]}]},{"@type":"BreadcrumbList","@id":"https:\/\/ww16.ce.gov.br\/sap\/acesso-a-informacao\/relacao-de-informacoes-sigilosas\/#breadcrumb","itemListElement":[{"@type":"ListItem","position":1,"name":"In\u00edcio","item":"https:\/\/ww16.ce.gov.br\/sap\/"},{"@type":"ListItem","position":2,"name":"Acesso \u00e0 Informa\u00e7\u00e3o","item":"https:\/\/ww16.ce.gov.br\/sap\/acesso-a-informacao\/"},{"@type":"ListItem","position":3,"name":"Rela\u00e7\u00e3o de Informa\u00e7\u00f5es Sigilosas"}]},{"@type":"WebSite","@id":"https:\/\/ww16.ce.gov.br\/sap\/#website","url":"https:\/\/ww16.ce.gov.br\/sap\/","name":"Secretaria da Justi\u00e7a e Cidadania","description":"Portal SAP","potentialAction":[{"@type":"SearchAction","target":{"@type":"EntryPoint","urlTemplate":"https:\/\/ww16.ce.gov.br\/sap\/?s={search_term_string}"},"query-input":{"@type":"PropertyValueSpecification","valueRequired":true,"valueName":"search_term_string"}}],"inLanguage":"pt-BR"}]}},"_links":{"self":[{"href":"https:\/\/www.ce.gov.br\/sap\/wp-json\/wp\/v2\/pages\/67595","targetHints":{"allow":["GET"]}}],"collection":[{"href":"https:\/\/www.ce.gov.br\/sap\/wp-json\/wp\/v2\/pages"}],"about":[{"href":"https:\/\/www.ce.gov.br\/sap\/wp-json\/wp\/v2\/types\/page"}],"author":[{"embeddable":true,"href":"https:\/\/www.ce.gov.br\/sap\/wp-json\/wp\/v2\/users\/12"}],"replies":[{"embeddable":true,"href":"https:\/\/www.ce.gov.br\/sap\/wp-json\/wp\/v2\/comments?post=67595"}],"version-history":[{"count":13,"href":"https:\/\/www.ce.gov.br\/sap\/wp-json\/wp\/v2\/pages\/67595\/revisions"}],"predecessor-version":[{"id":74822,"href":"https:\/\/www.ce.gov.br\/sap\/wp-json\/wp\/v2\/pages\/67595\/revisions\/74822"}],"up":[{"embeddable":true,"href":"https:\/\/www.ce.gov.br\/sap\/wp-json\/wp\/v2\/pages\/67183"}],"wp:attachment":[{"href":"https:\/\/www.ce.gov.br\/sap\/wp-json\/wp\/v2\/media?parent=67595"}],"curies":[{"name":"wp","href":"https:\/\/api.w.org\/{rel}","templated":true}]}}