{"id":67667,"date":"2018-10-09T12:59:53","date_gmt":"2018-10-09T15:59:53","guid":{"rendered":"http:\/\/www.sejus.ce.gov.br\/?page_id=67667"},"modified":"2019-04-17T13:45:20","modified_gmt":"2019-04-17T16:45:20","slug":"estrutura-organizacional","status":"publish","type":"page","link":"https:\/\/www.ce.gov.br\/sap\/estrutura-organizacional\/","title":{"rendered":"Estrutura organizacional &#8211; EGPR"},"content":{"rendered":"<p>&nbsp;<\/p>\n<p>Coordena\u00e7\u00e3o Geral \u2013 gest\u00e3o estrat\u00e9gica e gerencial<\/p>\n<p>N\u00facleo Pedag\u00f3gico \u2013 gest\u00e3o pol\u00edtico-pedag\u00f3gica<\/p>\n<p>N\u00facleo de Ensino \u2013 operacionaliza\u00e7\u00e3o das atividades de forma\u00e7\u00e3o e capacita\u00e7\u00e3o<\/p>\n<p>&nbsp;<\/p>\n","protected":false},"excerpt":{"rendered":"<p>&nbsp; Coordena\u00e7\u00e3o Geral \u2013 gest\u00e3o estrat\u00e9gica e gerencial N\u00facleo Pedag\u00f3gico \u2013 gest\u00e3o pol\u00edtico-pedag\u00f3gica N\u00facleo de Ensino \u2013 operacionaliza\u00e7\u00e3o das atividades de forma\u00e7\u00e3o e capacita\u00e7\u00e3o &nbsp;<\/p>\n","protected":false},"author":12,"featured_media":0,"parent":0,"menu_order":0,"comment_status":"closed","ping_status":"closed","template":"","meta":{"_acf_changed":false,"inline_featured_image":false,"footnotes":""},"class_list":["post-67667","page","type-page","status-publish","hentry"],"acf":[],"yoast_head":"<!-- This site is optimized with the Yoast SEO plugin v27.3 - https:\/\/yoast.com\/product\/yoast-seo-wordpress\/ -->\n<title>Estrutura organizacional - EGPR - SAP<\/title>\n<meta name=\"robots\" content=\"index, follow, max-snippet:-1, max-image-preview:large, max-video-preview:-1\" \/>\n<link rel=\"canonical\" href=\"https:\/\/ww16.ce.gov.br\/sap\/estrutura-organizacional\/\" \/>\n<meta property=\"og:locale\" content=\"pt_BR\" \/>\n<meta property=\"og:type\" content=\"article\" \/>\n<meta property=\"og:title\" content=\"Estrutura organizacional - EGPR - SAP\" \/>\n<meta property=\"og:description\" content=\"&nbsp; Coordena\u00e7\u00e3o Geral \u2013 gest\u00e3o estrat\u00e9gica e gerencial N\u00facleo Pedag\u00f3gico \u2013 gest\u00e3o pol\u00edtico-pedag\u00f3gica N\u00facleo de Ensino \u2013 operacionaliza\u00e7\u00e3o das atividades de forma\u00e7\u00e3o e capacita\u00e7\u00e3o &nbsp;\" \/>\n<meta property=\"og:url\" content=\"https:\/\/ww16.ce.gov.br\/sap\/estrutura-organizacional\/\" \/>\n<meta property=\"og:site_name\" content=\"SAP\" \/>\n<meta property=\"article:modified_time\" content=\"2019-04-17T16:45:20+00:00\" \/>\n<meta name=\"twitter:card\" content=\"summary_large_image\" \/>\n<script type=\"application\/ld+json\" class=\"yoast-schema-graph\">{\"@context\":\"https:\\\/\\\/schema.org\",\"@graph\":[{\"@type\":\"WebPage\",\"@id\":\"https:\\\/\\\/ww16.ce.gov.br\\\/sap\\\/estrutura-organizacional\\\/\",\"url\":\"https:\\\/\\\/ww16.ce.gov.br\\\/sap\\\/estrutura-organizacional\\\/\",\"name\":\"Estrutura organizacional - EGPR - SAP\",\"isPartOf\":{\"@id\":\"https:\\\/\\\/ww16.ce.gov.br\\\/sap\\\/#website\"},\"datePublished\":\"2018-10-09T15:59:53+00:00\",\"dateModified\":\"2019-04-17T16:45:20+00:00\",\"breadcrumb\":{\"@id\":\"https:\\\/\\\/ww16.ce.gov.br\\\/sap\\\/estrutura-organizacional\\\/#breadcrumb\"},\"inLanguage\":\"pt-BR\",\"potentialAction\":[{\"@type\":\"ReadAction\",\"target\":[\"https:\\\/\\\/ww16.ce.gov.br\\\/sap\\\/estrutura-organizacional\\\/\"]}]},{\"@type\":\"BreadcrumbList\",\"@id\":\"https:\\\/\\\/ww16.ce.gov.br\\\/sap\\\/estrutura-organizacional\\\/#breadcrumb\",\"itemListElement\":[{\"@type\":\"ListItem\",\"position\":1,\"name\":\"In\u00edcio\",\"item\":\"https:\\\/\\\/ww16.ce.gov.br\\\/sap\\\/\"},{\"@type\":\"ListItem\",\"position\":2,\"name\":\"Estrutura organizacional &#8211; EGPR\"}]},{\"@type\":\"WebSite\",\"@id\":\"https:\\\/\\\/ww16.ce.gov.br\\\/sap\\\/#website\",\"url\":\"https:\\\/\\\/ww16.ce.gov.br\\\/sap\\\/\",\"name\":\"Secretaria da Justi\u00e7a e Cidadania\",\"description\":\"Portal SAP\",\"potentialAction\":[{\"@type\":\"SearchAction\",\"target\":{\"@type\":\"EntryPoint\",\"urlTemplate\":\"https:\\\/\\\/ww16.ce.gov.br\\\/sap\\\/?s={search_term_string}\"},\"query-input\":{\"@type\":\"PropertyValueSpecification\",\"valueRequired\":true,\"valueName\":\"search_term_string\"}}],\"inLanguage\":\"pt-BR\"}]}<\/script>\n<!-- \/ Yoast SEO plugin. -->","yoast_head_json":{"title":"Estrutura organizacional - EGPR - SAP","robots":{"index":"index","follow":"follow","max-snippet":"max-snippet:-1","max-image-preview":"max-image-preview:large","max-video-preview":"max-video-preview:-1"},"canonical":"https:\/\/ww16.ce.gov.br\/sap\/estrutura-organizacional\/","og_locale":"pt_BR","og_type":"article","og_title":"Estrutura organizacional - EGPR - SAP","og_description":"&nbsp; Coordena\u00e7\u00e3o Geral \u2013 gest\u00e3o estrat\u00e9gica e gerencial N\u00facleo Pedag\u00f3gico \u2013 gest\u00e3o pol\u00edtico-pedag\u00f3gica N\u00facleo de Ensino \u2013 operacionaliza\u00e7\u00e3o das atividades de forma\u00e7\u00e3o e capacita\u00e7\u00e3o &nbsp;","og_url":"https:\/\/ww16.ce.gov.br\/sap\/estrutura-organizacional\/","og_site_name":"SAP","article_modified_time":"2019-04-17T16:45:20+00:00","twitter_card":"summary_large_image","schema":{"@context":"https:\/\/schema.org","@graph":[{"@type":"WebPage","@id":"https:\/\/ww16.ce.gov.br\/sap\/estrutura-organizacional\/","url":"https:\/\/ww16.ce.gov.br\/sap\/estrutura-organizacional\/","name":"Estrutura organizacional - EGPR - SAP","isPartOf":{"@id":"https:\/\/ww16.ce.gov.br\/sap\/#website"},"datePublished":"2018-10-09T15:59:53+00:00","dateModified":"2019-04-17T16:45:20+00:00","breadcrumb":{"@id":"https:\/\/ww16.ce.gov.br\/sap\/estrutura-organizacional\/#breadcrumb"},"inLanguage":"pt-BR","potentialAction":[{"@type":"ReadAction","target":["https:\/\/ww16.ce.gov.br\/sap\/estrutura-organizacional\/"]}]},{"@type":"BreadcrumbList","@id":"https:\/\/ww16.ce.gov.br\/sap\/estrutura-organizacional\/#breadcrumb","itemListElement":[{"@type":"ListItem","position":1,"name":"In\u00edcio","item":"https:\/\/ww16.ce.gov.br\/sap\/"},{"@type":"ListItem","position":2,"name":"Estrutura organizacional &#8211; EGPR"}]},{"@type":"WebSite","@id":"https:\/\/ww16.ce.gov.br\/sap\/#website","url":"https:\/\/ww16.ce.gov.br\/sap\/","name":"Secretaria da Justi\u00e7a e Cidadania","description":"Portal SAP","potentialAction":[{"@type":"SearchAction","target":{"@type":"EntryPoint","urlTemplate":"https:\/\/ww16.ce.gov.br\/sap\/?s={search_term_string}"},"query-input":{"@type":"PropertyValueSpecification","valueRequired":true,"valueName":"search_term_string"}}],"inLanguage":"pt-BR"}]}},"_links":{"self":[{"href":"https:\/\/www.ce.gov.br\/sap\/wp-json\/wp\/v2\/pages\/67667","targetHints":{"allow":["GET"]}}],"collection":[{"href":"https:\/\/www.ce.gov.br\/sap\/wp-json\/wp\/v2\/pages"}],"about":[{"href":"https:\/\/www.ce.gov.br\/sap\/wp-json\/wp\/v2\/types\/page"}],"author":[{"embeddable":true,"href":"https:\/\/www.ce.gov.br\/sap\/wp-json\/wp\/v2\/users\/12"}],"replies":[{"embeddable":true,"href":"https:\/\/www.ce.gov.br\/sap\/wp-json\/wp\/v2\/comments?post=67667"}],"version-history":[{"count":3,"href":"https:\/\/www.ce.gov.br\/sap\/wp-json\/wp\/v2\/pages\/67667\/revisions"}],"predecessor-version":[{"id":68090,"href":"https:\/\/www.ce.gov.br\/sap\/wp-json\/wp\/v2\/pages\/67667\/revisions\/68090"}],"wp:attachment":[{"href":"https:\/\/www.ce.gov.br\/sap\/wp-json\/wp\/v2\/media?parent=67667"}],"curies":[{"name":"wp","href":"https:\/\/api.w.org\/{rel}","templated":true}]}}