{"id":67670,"date":"2018-10-09T13:02:01","date_gmt":"2018-10-09T16:02:01","guid":{"rendered":"http:\/\/www.sejus.ce.gov.br\/?page_id=67670"},"modified":"2019-04-17T13:46:11","modified_gmt":"2019-04-17T16:46:11","slug":"visao-missao-e-objetivos-estrategicos","status":"publish","type":"page","link":"https:\/\/www.ce.gov.br\/sap\/visao-missao-e-objetivos-estrategicos\/","title":{"rendered":"Vis\u00e3o, miss\u00e3o e objetivos estrat\u00e9gicos"},"content":{"rendered":"<p><strong>Vis\u00e3o<\/strong><\/p>\n<p>Ser um referencial em ensino, instru\u00e7\u00e3o e gest\u00e3o prisional<\/p>\n<p>&nbsp;<\/p>\n<p><strong>Miss\u00e3o<\/strong><\/p>\n<p>Proporcionar forma\u00e7\u00e3o t\u00e9cnica, intelectual e humana aos profissionais da Secretaria da Administra\u00e7\u00e3o Penitenci\u00e1ria, com a perspectiva da promo\u00e7\u00e3o da cidadania, da dignidade e da melhoria da qualidade de vida dos trabalhadores.<\/p>\n<p>&nbsp;<\/p>\n<p><strong>Objetivos estrat\u00e9gicos<\/strong><\/p>\n<p>&#8211; Desenvolver e executar programa de forma\u00e7\u00e3o integral ao servidor da execu\u00e7\u00e3o penal, desenvolvendo compet\u00eancias, habilidades, saberes e atitudes;<\/p>\n<p>&#8211; Promover a valoriza\u00e7\u00e3o do servidor e a melhoria da qualidade de vida no trabalho;<\/p>\n<p>&#8211; Promover a produ\u00e7\u00e3o e a sistematiza\u00e7\u00e3o de conhecimentos acerca da execu\u00e7\u00e3o penal;<\/p>\n<p>&nbsp;<\/p>\n<p><strong>P\u00fablico-alvo<\/strong><\/p>\n<p>Servidores e colaboradores da Secretaria da Administra\u00e7\u00e3o Penitenci\u00e1ria<\/p>\n<p>&nbsp;<\/p>\n<p><strong>Metodologia de trabalho<\/strong><\/p>\n<p>&#8211; Articula\u00e7\u00e3o dos conhecimentos pr\u00e1ticos dos servidores com conhecimentos acad\u00eamicos, aproximando a teoria \u00e0 pr\u00e1tica.<\/p>\n<p>&#8211; Alinhamento com diretrizes do Departamento Penitenci\u00e1rio Nacional \u2013 DEPEN do Minist\u00e9rio da Justi\u00e7a.<\/p>\n<p>&#8211; Configura\u00e7\u00e3o em rede: a\u00e7\u00f5es conjuntas com segmentos n\u00e3o governamentais e governamentais, especialmente as demais Escolas de Governo.<\/p>\n<p>&#8211; Execu\u00e7\u00e3o de forma\u00e7\u00e3o continuada<\/p>\n","protected":false},"excerpt":{"rendered":"<p>Vis\u00e3o Ser um referencial em ensino, instru\u00e7\u00e3o e gest\u00e3o prisional &nbsp; Miss\u00e3o Proporcionar forma\u00e7\u00e3o t\u00e9cnica, intelectual e humana aos profissionais da Secretaria da Administra\u00e7\u00e3o Penitenci\u00e1ria, com a perspectiva da promo\u00e7\u00e3o da cidadania, da dignidade e da melhoria da qualidade de vida dos trabalhadores. &nbsp; Objetivos estrat\u00e9gicos &#8211; Desenvolver e executar programa de forma\u00e7\u00e3o integral ao [&hellip;]<\/p>\n","protected":false},"author":12,"featured_media":0,"parent":0,"menu_order":0,"comment_status":"closed","ping_status":"closed","template":"","meta":{"_acf_changed":false,"inline_featured_image":false,"footnotes":""},"class_list":["post-67670","page","type-page","status-publish","hentry"],"acf":[],"yoast_head":"<!-- This site is optimized with the Yoast SEO plugin v27.3 - https:\/\/yoast.com\/product\/yoast-seo-wordpress\/ -->\n<title>Vis\u00e3o, miss\u00e3o e objetivos estrat\u00e9gicos - SAP<\/title>\n<meta name=\"robots\" content=\"index, follow, max-snippet:-1, max-image-preview:large, max-video-preview:-1\" \/>\n<link rel=\"canonical\" href=\"https:\/\/ww16.ce.gov.br\/sap\/visao-missao-e-objetivos-estrategicos\/\" \/>\n<meta property=\"og:locale\" content=\"pt_BR\" \/>\n<meta property=\"og:type\" content=\"article\" \/>\n<meta property=\"og:title\" content=\"Vis\u00e3o, miss\u00e3o e objetivos estrat\u00e9gicos - SAP\" \/>\n<meta property=\"og:description\" content=\"Vis\u00e3o Ser um referencial em ensino, instru\u00e7\u00e3o e gest\u00e3o prisional &nbsp; Miss\u00e3o Proporcionar forma\u00e7\u00e3o t\u00e9cnica, intelectual e humana aos profissionais da Secretaria da Administra\u00e7\u00e3o Penitenci\u00e1ria, com a perspectiva da promo\u00e7\u00e3o da cidadania, da dignidade e da melhoria da qualidade de vida dos trabalhadores. &nbsp; Objetivos estrat\u00e9gicos &#8211; Desenvolver e executar programa de forma\u00e7\u00e3o integral ao [&hellip;]\" \/>\n<meta property=\"og:url\" content=\"https:\/\/ww16.ce.gov.br\/sap\/visao-missao-e-objetivos-estrategicos\/\" \/>\n<meta property=\"og:site_name\" content=\"SAP\" \/>\n<meta property=\"article:modified_time\" content=\"2019-04-17T16:46:11+00:00\" \/>\n<meta name=\"twitter:card\" content=\"summary_large_image\" \/>\n<meta name=\"twitter:label1\" content=\"Est. reading time\" \/>\n\t<meta name=\"twitter:data1\" content=\"1 minuto\" \/>\n<script type=\"application\/ld+json\" class=\"yoast-schema-graph\">{\"@context\":\"https:\\\/\\\/schema.org\",\"@graph\":[{\"@type\":\"WebPage\",\"@id\":\"https:\\\/\\\/ww16.ce.gov.br\\\/sap\\\/visao-missao-e-objetivos-estrategicos\\\/\",\"url\":\"https:\\\/\\\/ww16.ce.gov.br\\\/sap\\\/visao-missao-e-objetivos-estrategicos\\\/\",\"name\":\"Vis\u00e3o, miss\u00e3o e objetivos estrat\u00e9gicos - SAP\",\"isPartOf\":{\"@id\":\"https:\\\/\\\/ww16.ce.gov.br\\\/sap\\\/#website\"},\"datePublished\":\"2018-10-09T16:02:01+00:00\",\"dateModified\":\"2019-04-17T16:46:11+00:00\",\"breadcrumb\":{\"@id\":\"https:\\\/\\\/ww16.ce.gov.br\\\/sap\\\/visao-missao-e-objetivos-estrategicos\\\/#breadcrumb\"},\"inLanguage\":\"pt-BR\",\"potentialAction\":[{\"@type\":\"ReadAction\",\"target\":[\"https:\\\/\\\/ww16.ce.gov.br\\\/sap\\\/visao-missao-e-objetivos-estrategicos\\\/\"]}]},{\"@type\":\"BreadcrumbList\",\"@id\":\"https:\\\/\\\/ww16.ce.gov.br\\\/sap\\\/visao-missao-e-objetivos-estrategicos\\\/#breadcrumb\",\"itemListElement\":[{\"@type\":\"ListItem\",\"position\":1,\"name\":\"In\u00edcio\",\"item\":\"https:\\\/\\\/ww16.ce.gov.br\\\/sap\\\/\"},{\"@type\":\"ListItem\",\"position\":2,\"name\":\"Vis\u00e3o, miss\u00e3o e objetivos estrat\u00e9gicos\"}]},{\"@type\":\"WebSite\",\"@id\":\"https:\\\/\\\/ww16.ce.gov.br\\\/sap\\\/#website\",\"url\":\"https:\\\/\\\/ww16.ce.gov.br\\\/sap\\\/\",\"name\":\"Secretaria da Justi\u00e7a e Cidadania\",\"description\":\"Portal SAP\",\"potentialAction\":[{\"@type\":\"SearchAction\",\"target\":{\"@type\":\"EntryPoint\",\"urlTemplate\":\"https:\\\/\\\/ww16.ce.gov.br\\\/sap\\\/?s={search_term_string}\"},\"query-input\":{\"@type\":\"PropertyValueSpecification\",\"valueRequired\":true,\"valueName\":\"search_term_string\"}}],\"inLanguage\":\"pt-BR\"}]}<\/script>\n<!-- \/ Yoast SEO plugin. -->","yoast_head_json":{"title":"Vis\u00e3o, miss\u00e3o e objetivos estrat\u00e9gicos - SAP","robots":{"index":"index","follow":"follow","max-snippet":"max-snippet:-1","max-image-preview":"max-image-preview:large","max-video-preview":"max-video-preview:-1"},"canonical":"https:\/\/ww16.ce.gov.br\/sap\/visao-missao-e-objetivos-estrategicos\/","og_locale":"pt_BR","og_type":"article","og_title":"Vis\u00e3o, miss\u00e3o e objetivos estrat\u00e9gicos - SAP","og_description":"Vis\u00e3o Ser um referencial em ensino, instru\u00e7\u00e3o e gest\u00e3o prisional &nbsp; Miss\u00e3o Proporcionar forma\u00e7\u00e3o t\u00e9cnica, intelectual e humana aos profissionais da Secretaria da Administra\u00e7\u00e3o Penitenci\u00e1ria, com a perspectiva da promo\u00e7\u00e3o da cidadania, da dignidade e da melhoria da qualidade de vida dos trabalhadores. &nbsp; Objetivos estrat\u00e9gicos &#8211; Desenvolver e executar programa de forma\u00e7\u00e3o integral ao [&hellip;]","og_url":"https:\/\/ww16.ce.gov.br\/sap\/visao-missao-e-objetivos-estrategicos\/","og_site_name":"SAP","article_modified_time":"2019-04-17T16:46:11+00:00","twitter_card":"summary_large_image","twitter_misc":{"Est. reading time":"1 minuto"},"schema":{"@context":"https:\/\/schema.org","@graph":[{"@type":"WebPage","@id":"https:\/\/ww16.ce.gov.br\/sap\/visao-missao-e-objetivos-estrategicos\/","url":"https:\/\/ww16.ce.gov.br\/sap\/visao-missao-e-objetivos-estrategicos\/","name":"Vis\u00e3o, miss\u00e3o e objetivos estrat\u00e9gicos - SAP","isPartOf":{"@id":"https:\/\/ww16.ce.gov.br\/sap\/#website"},"datePublished":"2018-10-09T16:02:01+00:00","dateModified":"2019-04-17T16:46:11+00:00","breadcrumb":{"@id":"https:\/\/ww16.ce.gov.br\/sap\/visao-missao-e-objetivos-estrategicos\/#breadcrumb"},"inLanguage":"pt-BR","potentialAction":[{"@type":"ReadAction","target":["https:\/\/ww16.ce.gov.br\/sap\/visao-missao-e-objetivos-estrategicos\/"]}]},{"@type":"BreadcrumbList","@id":"https:\/\/ww16.ce.gov.br\/sap\/visao-missao-e-objetivos-estrategicos\/#breadcrumb","itemListElement":[{"@type":"ListItem","position":1,"name":"In\u00edcio","item":"https:\/\/ww16.ce.gov.br\/sap\/"},{"@type":"ListItem","position":2,"name":"Vis\u00e3o, miss\u00e3o e objetivos estrat\u00e9gicos"}]},{"@type":"WebSite","@id":"https:\/\/ww16.ce.gov.br\/sap\/#website","url":"https:\/\/ww16.ce.gov.br\/sap\/","name":"Secretaria da Justi\u00e7a e Cidadania","description":"Portal SAP","potentialAction":[{"@type":"SearchAction","target":{"@type":"EntryPoint","urlTemplate":"https:\/\/ww16.ce.gov.br\/sap\/?s={search_term_string}"},"query-input":{"@type":"PropertyValueSpecification","valueRequired":true,"valueName":"search_term_string"}}],"inLanguage":"pt-BR"}]}},"_links":{"self":[{"href":"https:\/\/www.ce.gov.br\/sap\/wp-json\/wp\/v2\/pages\/67670","targetHints":{"allow":["GET"]}}],"collection":[{"href":"https:\/\/www.ce.gov.br\/sap\/wp-json\/wp\/v2\/pages"}],"about":[{"href":"https:\/\/www.ce.gov.br\/sap\/wp-json\/wp\/v2\/types\/page"}],"author":[{"embeddable":true,"href":"https:\/\/www.ce.gov.br\/sap\/wp-json\/wp\/v2\/users\/12"}],"replies":[{"embeddable":true,"href":"https:\/\/www.ce.gov.br\/sap\/wp-json\/wp\/v2\/comments?post=67670"}],"version-history":[{"count":2,"href":"https:\/\/www.ce.gov.br\/sap\/wp-json\/wp\/v2\/pages\/67670\/revisions"}],"predecessor-version":[{"id":68091,"href":"https:\/\/www.ce.gov.br\/sap\/wp-json\/wp\/v2\/pages\/67670\/revisions\/68091"}],"wp:attachment":[{"href":"https:\/\/www.ce.gov.br\/sap\/wp-json\/wp\/v2\/media?parent=67670"}],"curies":[{"name":"wp","href":"https:\/\/api.w.org\/{rel}","templated":true}]}}