{"id":68081,"date":"2019-04-08T15:40:50","date_gmt":"2019-04-08T18:40:50","guid":{"rendered":"http:\/\/ww16.ce.gov.br\/sap\/?page_id=68081"},"modified":"2019-04-08T15:40:50","modified_gmt":"2019-04-08T18:40:50","slug":"reforco-operacional","status":"publish","type":"page","link":"https:\/\/www.ce.gov.br\/sap\/reforco-operacional\/","title":{"rendered":"Refor\u00e7o Operacional"},"content":{"rendered":"<p>Com o objetivo de refor\u00e7ar as escoltas em hospitais e as vistorias nas unidades, a SAP abre inscri\u00e7\u00f5es para agentes penitenci\u00e1rios volunt\u00e1rios. O formul\u00e1rio se destina a todos os agentes do estado do Cear\u00e1 que t\u00eam interesse em colaborar com os procedimentos citados em dias de folga. A convoca\u00e7\u00e3o ser\u00e1 feita mediante surgimento de demandas via telefone e contemplar\u00e1 a todos os agentes inscritos de acordo com as necessidades da secretaria.<\/p>\n<p><a href=\"https:\/\/docs.google.com\/forms\/d\/1w9szuhHl92UTJR34mfdXbyP-cRd0AF35ysectyTZrH8\/viewform?edit_requested=true\"><strong>&gt; Clique e acesse o formul\u00e1rio de inscri\u00e7\u00e3o\u00a0<\/strong><\/a><\/p>\n","protected":false},"excerpt":{"rendered":"<p>Com o objetivo de refor\u00e7ar as escoltas em hospitais e as vistorias nas unidades, a SAP abre inscri\u00e7\u00f5es para agentes penitenci\u00e1rios volunt\u00e1rios. O formul\u00e1rio se destina a todos os agentes do estado do Cear\u00e1 que t\u00eam interesse em colaborar com os procedimentos citados em dias de folga. A convoca\u00e7\u00e3o ser\u00e1 feita mediante surgimento de demandas [&hellip;]<\/p>\n","protected":false},"author":12,"featured_media":0,"parent":0,"menu_order":0,"comment_status":"closed","ping_status":"closed","template":"","meta":{"_acf_changed":false,"inline_featured_image":false,"footnotes":""},"class_list":["post-68081","page","type-page","status-publish","hentry"],"acf":[],"yoast_head":"<!-- This site is optimized with the Yoast SEO plugin v27.3 - https:\/\/yoast.com\/product\/yoast-seo-wordpress\/ -->\n<title>Refor\u00e7o Operacional - SAP<\/title>\n<meta name=\"robots\" content=\"index, follow, max-snippet:-1, max-image-preview:large, max-video-preview:-1\" \/>\n<link rel=\"canonical\" href=\"https:\/\/ww16.ce.gov.br\/sap\/reforco-operacional\/\" \/>\n<meta property=\"og:locale\" content=\"pt_BR\" \/>\n<meta property=\"og:type\" content=\"article\" \/>\n<meta property=\"og:title\" content=\"Refor\u00e7o Operacional - SAP\" \/>\n<meta property=\"og:description\" content=\"Com o objetivo de refor\u00e7ar as escoltas em hospitais e as vistorias nas unidades, a SAP abre inscri\u00e7\u00f5es para agentes penitenci\u00e1rios volunt\u00e1rios. O formul\u00e1rio se destina a todos os agentes do estado do Cear\u00e1 que t\u00eam interesse em colaborar com os procedimentos citados em dias de folga. A convoca\u00e7\u00e3o ser\u00e1 feita mediante surgimento de demandas [&hellip;]\" \/>\n<meta property=\"og:url\" content=\"https:\/\/ww16.ce.gov.br\/sap\/reforco-operacional\/\" \/>\n<meta property=\"og:site_name\" content=\"SAP\" \/>\n<meta name=\"twitter:card\" content=\"summary_large_image\" \/>\n<script type=\"application\/ld+json\" class=\"yoast-schema-graph\">{\"@context\":\"https:\\\/\\\/schema.org\",\"@graph\":[{\"@type\":\"WebPage\",\"@id\":\"https:\\\/\\\/ww16.ce.gov.br\\\/sap\\\/reforco-operacional\\\/\",\"url\":\"https:\\\/\\\/ww16.ce.gov.br\\\/sap\\\/reforco-operacional\\\/\",\"name\":\"Refor\u00e7o Operacional - SAP\",\"isPartOf\":{\"@id\":\"https:\\\/\\\/ww16.ce.gov.br\\\/sap\\\/#website\"},\"datePublished\":\"2019-04-08T18:40:50+00:00\",\"breadcrumb\":{\"@id\":\"https:\\\/\\\/ww16.ce.gov.br\\\/sap\\\/reforco-operacional\\\/#breadcrumb\"},\"inLanguage\":\"pt-BR\",\"potentialAction\":[{\"@type\":\"ReadAction\",\"target\":[\"https:\\\/\\\/ww16.ce.gov.br\\\/sap\\\/reforco-operacional\\\/\"]}]},{\"@type\":\"BreadcrumbList\",\"@id\":\"https:\\\/\\\/ww16.ce.gov.br\\\/sap\\\/reforco-operacional\\\/#breadcrumb\",\"itemListElement\":[{\"@type\":\"ListItem\",\"position\":1,\"name\":\"In\u00edcio\",\"item\":\"https:\\\/\\\/ww16.ce.gov.br\\\/sap\\\/\"},{\"@type\":\"ListItem\",\"position\":2,\"name\":\"Refor\u00e7o Operacional\"}]},{\"@type\":\"WebSite\",\"@id\":\"https:\\\/\\\/ww16.ce.gov.br\\\/sap\\\/#website\",\"url\":\"https:\\\/\\\/ww16.ce.gov.br\\\/sap\\\/\",\"name\":\"Secretaria da Justi\u00e7a e Cidadania\",\"description\":\"Portal SAP\",\"potentialAction\":[{\"@type\":\"SearchAction\",\"target\":{\"@type\":\"EntryPoint\",\"urlTemplate\":\"https:\\\/\\\/ww16.ce.gov.br\\\/sap\\\/?s={search_term_string}\"},\"query-input\":{\"@type\":\"PropertyValueSpecification\",\"valueRequired\":true,\"valueName\":\"search_term_string\"}}],\"inLanguage\":\"pt-BR\"}]}<\/script>\n<!-- \/ Yoast SEO plugin. -->","yoast_head_json":{"title":"Refor\u00e7o Operacional - SAP","robots":{"index":"index","follow":"follow","max-snippet":"max-snippet:-1","max-image-preview":"max-image-preview:large","max-video-preview":"max-video-preview:-1"},"canonical":"https:\/\/ww16.ce.gov.br\/sap\/reforco-operacional\/","og_locale":"pt_BR","og_type":"article","og_title":"Refor\u00e7o Operacional - SAP","og_description":"Com o objetivo de refor\u00e7ar as escoltas em hospitais e as vistorias nas unidades, a SAP abre inscri\u00e7\u00f5es para agentes penitenci\u00e1rios volunt\u00e1rios. O formul\u00e1rio se destina a todos os agentes do estado do Cear\u00e1 que t\u00eam interesse em colaborar com os procedimentos citados em dias de folga. A convoca\u00e7\u00e3o ser\u00e1 feita mediante surgimento de demandas [&hellip;]","og_url":"https:\/\/ww16.ce.gov.br\/sap\/reforco-operacional\/","og_site_name":"SAP","twitter_card":"summary_large_image","schema":{"@context":"https:\/\/schema.org","@graph":[{"@type":"WebPage","@id":"https:\/\/ww16.ce.gov.br\/sap\/reforco-operacional\/","url":"https:\/\/ww16.ce.gov.br\/sap\/reforco-operacional\/","name":"Refor\u00e7o Operacional - SAP","isPartOf":{"@id":"https:\/\/ww16.ce.gov.br\/sap\/#website"},"datePublished":"2019-04-08T18:40:50+00:00","breadcrumb":{"@id":"https:\/\/ww16.ce.gov.br\/sap\/reforco-operacional\/#breadcrumb"},"inLanguage":"pt-BR","potentialAction":[{"@type":"ReadAction","target":["https:\/\/ww16.ce.gov.br\/sap\/reforco-operacional\/"]}]},{"@type":"BreadcrumbList","@id":"https:\/\/ww16.ce.gov.br\/sap\/reforco-operacional\/#breadcrumb","itemListElement":[{"@type":"ListItem","position":1,"name":"In\u00edcio","item":"https:\/\/ww16.ce.gov.br\/sap\/"},{"@type":"ListItem","position":2,"name":"Refor\u00e7o Operacional"}]},{"@type":"WebSite","@id":"https:\/\/ww16.ce.gov.br\/sap\/#website","url":"https:\/\/ww16.ce.gov.br\/sap\/","name":"Secretaria da Justi\u00e7a e Cidadania","description":"Portal SAP","potentialAction":[{"@type":"SearchAction","target":{"@type":"EntryPoint","urlTemplate":"https:\/\/ww16.ce.gov.br\/sap\/?s={search_term_string}"},"query-input":{"@type":"PropertyValueSpecification","valueRequired":true,"valueName":"search_term_string"}}],"inLanguage":"pt-BR"}]}},"_links":{"self":[{"href":"https:\/\/www.ce.gov.br\/sap\/wp-json\/wp\/v2\/pages\/68081","targetHints":{"allow":["GET"]}}],"collection":[{"href":"https:\/\/www.ce.gov.br\/sap\/wp-json\/wp\/v2\/pages"}],"about":[{"href":"https:\/\/www.ce.gov.br\/sap\/wp-json\/wp\/v2\/types\/page"}],"author":[{"embeddable":true,"href":"https:\/\/www.ce.gov.br\/sap\/wp-json\/wp\/v2\/users\/12"}],"replies":[{"embeddable":true,"href":"https:\/\/www.ce.gov.br\/sap\/wp-json\/wp\/v2\/comments?post=68081"}],"version-history":[{"count":1,"href":"https:\/\/www.ce.gov.br\/sap\/wp-json\/wp\/v2\/pages\/68081\/revisions"}],"predecessor-version":[{"id":68082,"href":"https:\/\/www.ce.gov.br\/sap\/wp-json\/wp\/v2\/pages\/68081\/revisions\/68082"}],"wp:attachment":[{"href":"https:\/\/www.ce.gov.br\/sap\/wp-json\/wp\/v2\/media?parent=68081"}],"curies":[{"name":"wp","href":"https:\/\/api.w.org\/{rel}","templated":true}]}}