{"id":69468,"date":"2019-11-20T14:52:03","date_gmt":"2019-11-20T17:52:03","guid":{"rendered":"http:\/\/ww16.ce.gov.br\/sap\/?page_id=69468"},"modified":"2025-09-17T13:35:35","modified_gmt":"2025-09-17T16:35:35","slug":"relatorio-estatistico-sic","status":"publish","type":"page","link":"https:\/\/www.ce.gov.br\/sap\/relatorio-estatistico-sic\/","title":{"rendered":"Relat\u00f3rio Estat\u00edstico SAP"},"content":{"rendered":"<div class=\"dt-8 -padfix HasSidebar\">\n<h2 class=\"titulo TitLight\" style=\"color: #fc6836\">Relat\u00f3rio Estat\u00edstico SAP<\/h2>\n<p>&nbsp;<\/p>\n<p style=\"text-align: justify\">O Comit\u00ea Setorial de Acesso \u00e0 Informa\u00e7\u00e3o da Controladoria e Ouvidoria Geral do Estado (CGE) informa a quantidade de pedidos de informa\u00e7\u00e3o recebidos, atendidos e indeferidos, bem como informa\u00e7\u00f5es gen\u00e9ricas sobre os solicitantes, conforme arquivos abaixo:<\/p>\n<p>&nbsp;<\/p>\n<ul class=\"ListaDecorada\">\n<li><a href=\"https:\/\/ww16.ce.gov.br\/sap\/wp-content\/uploads\/sites\/51\/2020\/02\/RELAT\u00d3RIO-ANUAL-SIC-2017.pdf\" target=\"_blank\" rel=\"noopener noreferrer\">Relat\u00f3rio de Acesso \u00e0 Informa\u00e7\u00e3o 2017<\/a><\/li>\n<li><a href=\"https:\/\/ww16.ce.gov.br\/sap\/wp-content\/uploads\/sites\/51\/2020\/03\/Relat\u00f3rio-Acesso-\u00e0-Informa\u00e7\u00e3o-2018.pdf\" target=\"_blank\" rel=\"noopener noreferrer\">Relat\u00f3rio de Acesso \u00e0 Informa\u00e7\u00e3o 2018<\/a><\/li>\n<li><a href=\"https:\/\/ww16.ce.gov.br\/sap\/wp-content\/uploads\/sites\/51\/2020\/03\/Relat\u00f3rio-de-Acesso-a-Informa\u00e7\u00e3o-2019.pdf\" target=\"_blank\" rel=\"noopener noreferrer\">Relat\u00f3rio de Acesso \u00e0 Informa\u00e7\u00e3o 2019<\/a>.<\/li>\n<li><a href=\"https:\/\/ww16.ce.gov.br\/sap\/wp-content\/uploads\/sites\/51\/2021\/01\/Relatorio-SIC-2020-finalizado-e-assiando.pdf\" target=\"_blank\" rel=\"noopener noreferrer\">Relat\u00f3rio de Acesso \u00e0 Informa\u00e7\u00e3o 2020<\/a>.<\/li>\n<li><a href=\"https:\/\/ww16.ce.gov.br\/sap\/wp-content\/uploads\/sites\/51\/2022\/03\/Relatorio-de-Transparencia-_-2021.pdf\">Relat\u00f3rio de Acesso \u00e0 Informa\u00e7\u00e3o 2021.<\/a><\/li>\n<li><a href=\"https:\/\/ww16.ce.gov.br\/sap\/wp-content\/uploads\/sites\/51\/2023\/02\/Relatorio-de-Monitoramento-e-Implementacao-da-LAI-_2022.pdf\">Relat\u00f3rio de Acesso \u00e0 Informa\u00e7\u00e3o 2022.<\/a><\/li>\n<li><a href=\"https:\/\/ww16.ce.gov.br\/sap\/wp-content\/uploads\/sites\/51\/2024\/04\/Relatorio-de-Acesso-a-Informacao-2023.pdf\">Relat\u00f3rio de Acesso \u00e0 Informa\u00e7\u00e3o 2023<\/a>.<\/li>\n<li><a href=\"https:\/\/ww16.ce.gov.br\/sap\/wp-content\/uploads\/sites\/51\/2025\/09\/Relatorio-SIC-2024-.pdf\">Relat\u00f3rio de Acesso \u00e0 Informa\u00e7\u00e3o 2024<\/a>.<\/li>\n<\/ul>\n<p>&nbsp;<\/p>\n<\/div>\n","protected":false},"excerpt":{"rendered":"<p>Relat\u00f3rio Estat\u00edstico SAP &nbsp; O Comit\u00ea Setorial de Acesso \u00e0 Informa\u00e7\u00e3o da Controladoria e Ouvidoria Geral do Estado (CGE) informa a quantidade de pedidos de informa\u00e7\u00e3o recebidos, atendidos e indeferidos, bem como informa\u00e7\u00f5es gen\u00e9ricas sobre os solicitantes, conforme arquivos abaixo: &nbsp; Relat\u00f3rio de Acesso \u00e0 Informa\u00e7\u00e3o 2017 Relat\u00f3rio de Acesso \u00e0 Informa\u00e7\u00e3o 2018 Relat\u00f3rio de [&hellip;]<\/p>\n","protected":false},"author":12,"featured_media":0,"parent":0,"menu_order":0,"comment_status":"closed","ping_status":"closed","template":"","meta":{"_acf_changed":false,"inline_featured_image":false,"footnotes":""},"class_list":["post-69468","page","type-page","status-publish","hentry"],"acf":[],"yoast_head":"<!-- This site is optimized with the Yoast SEO plugin v27.3 - https:\/\/yoast.com\/product\/yoast-seo-wordpress\/ -->\n<title>Relat\u00f3rio Estat\u00edstico SAP - SAP<\/title>\n<meta name=\"robots\" content=\"index, follow, max-snippet:-1, max-image-preview:large, max-video-preview:-1\" \/>\n<link rel=\"canonical\" href=\"https:\/\/ww16.ce.gov.br\/sap\/relatorio-estatistico-sic\/\" \/>\n<meta property=\"og:locale\" content=\"pt_BR\" \/>\n<meta property=\"og:type\" content=\"article\" \/>\n<meta property=\"og:title\" content=\"Relat\u00f3rio Estat\u00edstico SAP - SAP\" \/>\n<meta property=\"og:description\" content=\"Relat\u00f3rio Estat\u00edstico SAP &nbsp; O Comit\u00ea Setorial de Acesso \u00e0 Informa\u00e7\u00e3o da Controladoria e Ouvidoria Geral do Estado (CGE) informa a quantidade de pedidos de informa\u00e7\u00e3o recebidos, atendidos e indeferidos, bem como informa\u00e7\u00f5es gen\u00e9ricas sobre os solicitantes, conforme arquivos abaixo: &nbsp; Relat\u00f3rio de Acesso \u00e0 Informa\u00e7\u00e3o 2017 Relat\u00f3rio de Acesso \u00e0 Informa\u00e7\u00e3o 2018 Relat\u00f3rio de [&hellip;]\" \/>\n<meta property=\"og:url\" content=\"https:\/\/ww16.ce.gov.br\/sap\/relatorio-estatistico-sic\/\" \/>\n<meta property=\"og:site_name\" content=\"SAP\" \/>\n<meta property=\"article:modified_time\" content=\"2025-09-17T16:35:35+00:00\" \/>\n<meta name=\"twitter:card\" content=\"summary_large_image\" \/>\n<meta name=\"twitter:label1\" content=\"Est. reading time\" \/>\n\t<meta name=\"twitter:data1\" content=\"1 minuto\" \/>\n<script type=\"application\/ld+json\" class=\"yoast-schema-graph\">{\"@context\":\"https:\\\/\\\/schema.org\",\"@graph\":[{\"@type\":\"WebPage\",\"@id\":\"https:\\\/\\\/ww16.ce.gov.br\\\/sap\\\/relatorio-estatistico-sic\\\/\",\"url\":\"https:\\\/\\\/ww16.ce.gov.br\\\/sap\\\/relatorio-estatistico-sic\\\/\",\"name\":\"Relat\u00f3rio Estat\u00edstico SAP - SAP\",\"isPartOf\":{\"@id\":\"https:\\\/\\\/ww16.ce.gov.br\\\/sap\\\/#website\"},\"datePublished\":\"2019-11-20T17:52:03+00:00\",\"dateModified\":\"2025-09-17T16:35:35+00:00\",\"breadcrumb\":{\"@id\":\"https:\\\/\\\/ww16.ce.gov.br\\\/sap\\\/relatorio-estatistico-sic\\\/#breadcrumb\"},\"inLanguage\":\"pt-BR\",\"potentialAction\":[{\"@type\":\"ReadAction\",\"target\":[\"https:\\\/\\\/ww16.ce.gov.br\\\/sap\\\/relatorio-estatistico-sic\\\/\"]}]},{\"@type\":\"BreadcrumbList\",\"@id\":\"https:\\\/\\\/ww16.ce.gov.br\\\/sap\\\/relatorio-estatistico-sic\\\/#breadcrumb\",\"itemListElement\":[{\"@type\":\"ListItem\",\"position\":1,\"name\":\"In\u00edcio\",\"item\":\"https:\\\/\\\/ww16.ce.gov.br\\\/sap\\\/\"},{\"@type\":\"ListItem\",\"position\":2,\"name\":\"Relat\u00f3rio Estat\u00edstico SAP\"}]},{\"@type\":\"WebSite\",\"@id\":\"https:\\\/\\\/ww16.ce.gov.br\\\/sap\\\/#website\",\"url\":\"https:\\\/\\\/ww16.ce.gov.br\\\/sap\\\/\",\"name\":\"Secretaria da Justi\u00e7a e Cidadania\",\"description\":\"Portal SAP\",\"potentialAction\":[{\"@type\":\"SearchAction\",\"target\":{\"@type\":\"EntryPoint\",\"urlTemplate\":\"https:\\\/\\\/ww16.ce.gov.br\\\/sap\\\/?s={search_term_string}\"},\"query-input\":{\"@type\":\"PropertyValueSpecification\",\"valueRequired\":true,\"valueName\":\"search_term_string\"}}],\"inLanguage\":\"pt-BR\"}]}<\/script>\n<!-- \/ Yoast SEO plugin. -->","yoast_head_json":{"title":"Relat\u00f3rio Estat\u00edstico SAP - SAP","robots":{"index":"index","follow":"follow","max-snippet":"max-snippet:-1","max-image-preview":"max-image-preview:large","max-video-preview":"max-video-preview:-1"},"canonical":"https:\/\/ww16.ce.gov.br\/sap\/relatorio-estatistico-sic\/","og_locale":"pt_BR","og_type":"article","og_title":"Relat\u00f3rio Estat\u00edstico SAP - SAP","og_description":"Relat\u00f3rio Estat\u00edstico SAP &nbsp; O Comit\u00ea Setorial de Acesso \u00e0 Informa\u00e7\u00e3o da Controladoria e Ouvidoria Geral do Estado (CGE) informa a quantidade de pedidos de informa\u00e7\u00e3o recebidos, atendidos e indeferidos, bem como informa\u00e7\u00f5es gen\u00e9ricas sobre os solicitantes, conforme arquivos abaixo: &nbsp; Relat\u00f3rio de Acesso \u00e0 Informa\u00e7\u00e3o 2017 Relat\u00f3rio de Acesso \u00e0 Informa\u00e7\u00e3o 2018 Relat\u00f3rio de [&hellip;]","og_url":"https:\/\/ww16.ce.gov.br\/sap\/relatorio-estatistico-sic\/","og_site_name":"SAP","article_modified_time":"2025-09-17T16:35:35+00:00","twitter_card":"summary_large_image","twitter_misc":{"Est. reading time":"1 minuto"},"schema":{"@context":"https:\/\/schema.org","@graph":[{"@type":"WebPage","@id":"https:\/\/ww16.ce.gov.br\/sap\/relatorio-estatistico-sic\/","url":"https:\/\/ww16.ce.gov.br\/sap\/relatorio-estatistico-sic\/","name":"Relat\u00f3rio Estat\u00edstico SAP - SAP","isPartOf":{"@id":"https:\/\/ww16.ce.gov.br\/sap\/#website"},"datePublished":"2019-11-20T17:52:03+00:00","dateModified":"2025-09-17T16:35:35+00:00","breadcrumb":{"@id":"https:\/\/ww16.ce.gov.br\/sap\/relatorio-estatistico-sic\/#breadcrumb"},"inLanguage":"pt-BR","potentialAction":[{"@type":"ReadAction","target":["https:\/\/ww16.ce.gov.br\/sap\/relatorio-estatistico-sic\/"]}]},{"@type":"BreadcrumbList","@id":"https:\/\/ww16.ce.gov.br\/sap\/relatorio-estatistico-sic\/#breadcrumb","itemListElement":[{"@type":"ListItem","position":1,"name":"In\u00edcio","item":"https:\/\/ww16.ce.gov.br\/sap\/"},{"@type":"ListItem","position":2,"name":"Relat\u00f3rio Estat\u00edstico SAP"}]},{"@type":"WebSite","@id":"https:\/\/ww16.ce.gov.br\/sap\/#website","url":"https:\/\/ww16.ce.gov.br\/sap\/","name":"Secretaria da Justi\u00e7a e Cidadania","description":"Portal SAP","potentialAction":[{"@type":"SearchAction","target":{"@type":"EntryPoint","urlTemplate":"https:\/\/ww16.ce.gov.br\/sap\/?s={search_term_string}"},"query-input":{"@type":"PropertyValueSpecification","valueRequired":true,"valueName":"search_term_string"}}],"inLanguage":"pt-BR"}]}},"_links":{"self":[{"href":"https:\/\/www.ce.gov.br\/sap\/wp-json\/wp\/v2\/pages\/69468","targetHints":{"allow":["GET"]}}],"collection":[{"href":"https:\/\/www.ce.gov.br\/sap\/wp-json\/wp\/v2\/pages"}],"about":[{"href":"https:\/\/www.ce.gov.br\/sap\/wp-json\/wp\/v2\/types\/page"}],"author":[{"embeddable":true,"href":"https:\/\/www.ce.gov.br\/sap\/wp-json\/wp\/v2\/users\/12"}],"replies":[{"embeddable":true,"href":"https:\/\/www.ce.gov.br\/sap\/wp-json\/wp\/v2\/comments?post=69468"}],"version-history":[{"count":15,"href":"https:\/\/www.ce.gov.br\/sap\/wp-json\/wp\/v2\/pages\/69468\/revisions"}],"predecessor-version":[{"id":80917,"href":"https:\/\/www.ce.gov.br\/sap\/wp-json\/wp\/v2\/pages\/69468\/revisions\/80917"}],"wp:attachment":[{"href":"https:\/\/www.ce.gov.br\/sap\/wp-json\/wp\/v2\/media?parent=69468"}],"curies":[{"name":"wp","href":"https:\/\/api.w.org\/{rel}","templated":true}]}}