{"id":70104,"date":"2020-06-24T10:59:46","date_gmt":"2020-06-24T13:59:46","guid":{"rendered":"http:\/\/ww16.ce.gov.br\/sap\/?page_id=70104"},"modified":"2026-01-28T14:35:34","modified_gmt":"2026-01-28T17:35:34","slug":"planejamento-estrategico","status":"publish","type":"page","link":"https:\/\/www.ce.gov.br\/sap\/planejamento-estrategico\/","title":{"rendered":"Planejamento Estrat\u00e9gico"},"content":{"rendered":"<h2 class=\"-laranja\"><strong>Planejamento Estrat\u00e9gico<\/strong><\/h2>\n<p>Os servidores da Secretaria da Administra\u00e7\u00e3o Penitenci\u00e1ria podem conferir na \u00edntegra o Planejamento Estrat\u00e9gico entre os anos de 2020 &#8211; 2022 e 2025 &#8211; 2030<\/p>\n<section class=\" servico-temas servico-tema-\">\n<div class=\"dt-15\">\n<ul class=\"ListaEst col4 -Laranja\">\n<li class=\"item\">\n                     <a class=\"box\" href=\"https:\/\/ww16.ce.gov.br\/sap\/wp-content\/uploads\/sites\/51\/2021\/04\/2020-10-26-Documento-de-Divulgacao-PE-SAP-ARQUIVO-CORRIGIDO-3.pdf\" target=\"_blank\" rel=\"noopener noreferrer\"><\/p>\n<h5>2020 &#8211; 2022<\/h5>\n<p>                        <\/a>\n                     <\/li>\n<li class=\"item\">\n                        <a class=\"box\" href=\"https:\/\/ww16.ce.gov.br\/sap\/wp-content\/uploads\/sites\/51\/2026\/01\/PLANEJAMENTO-ESTRATEGICO-SAP-CE-2025-2030.pdf\" target=\"_blank\" rel=\"noopener noreferrer\"><\/p>\n<h5>2025 &#8211; 2030<\/h5>\n<p>                       <\/a>\n                     <\/li>\n","protected":false},"excerpt":{"rendered":"<p>Planejamento Estrat\u00e9gico Os servidores da Secretaria da Administra\u00e7\u00e3o Penitenci\u00e1ria podem conferir na \u00edntegra o Planejamento Estrat\u00e9gico entre os anos de 2020 &#8211; 2022 e 2025 &#8211; 2030 2020 &#8211; 2022 2025 &#8211; 2030<\/p>\n","protected":false},"author":12,"featured_media":0,"parent":0,"menu_order":0,"comment_status":"closed","ping_status":"closed","template":"","meta":{"_acf_changed":false,"inline_featured_image":false,"footnotes":""},"class_list":["post-70104","page","type-page","status-publish","hentry"],"acf":[],"yoast_head":"<!-- This site is optimized with the Yoast SEO plugin v27.3 - https:\/\/yoast.com\/product\/yoast-seo-wordpress\/ -->\n<title>Planejamento Estrat\u00e9gico - SAP<\/title>\n<meta name=\"robots\" content=\"index, follow, max-snippet:-1, max-image-preview:large, max-video-preview:-1\" \/>\n<link rel=\"canonical\" href=\"https:\/\/ww16.ce.gov.br\/sap\/planejamento-estrategico\/\" \/>\n<meta property=\"og:locale\" content=\"pt_BR\" \/>\n<meta property=\"og:type\" content=\"article\" \/>\n<meta property=\"og:title\" content=\"Planejamento Estrat\u00e9gico - SAP\" \/>\n<meta property=\"og:description\" content=\"Planejamento Estrat\u00e9gico Os servidores da Secretaria da Administra\u00e7\u00e3o Penitenci\u00e1ria podem conferir na \u00edntegra o Planejamento Estrat\u00e9gico entre os anos de 2020 &#8211; 2022 e 2025 &#8211; 2030 2020 &#8211; 2022 2025 &#8211; 2030\" \/>\n<meta property=\"og:url\" content=\"https:\/\/ww16.ce.gov.br\/sap\/planejamento-estrategico\/\" \/>\n<meta property=\"og:site_name\" content=\"SAP\" \/>\n<meta property=\"article:modified_time\" content=\"2026-01-28T17:35:34+00:00\" \/>\n<meta name=\"twitter:card\" content=\"summary_large_image\" \/>\n<meta name=\"twitter:label1\" content=\"Est. reading time\" \/>\n\t<meta name=\"twitter:data1\" content=\"1 minuto\" \/>\n<script type=\"application\/ld+json\" class=\"yoast-schema-graph\">{\"@context\":\"https:\\\/\\\/schema.org\",\"@graph\":[{\"@type\":\"WebPage\",\"@id\":\"https:\\\/\\\/ww16.ce.gov.br\\\/sap\\\/planejamento-estrategico\\\/\",\"url\":\"https:\\\/\\\/ww16.ce.gov.br\\\/sap\\\/planejamento-estrategico\\\/\",\"name\":\"Planejamento Estrat\u00e9gico - SAP\",\"isPartOf\":{\"@id\":\"https:\\\/\\\/ww16.ce.gov.br\\\/sap\\\/#website\"},\"datePublished\":\"2020-06-24T13:59:46+00:00\",\"dateModified\":\"2026-01-28T17:35:34+00:00\",\"breadcrumb\":{\"@id\":\"https:\\\/\\\/ww16.ce.gov.br\\\/sap\\\/planejamento-estrategico\\\/#breadcrumb\"},\"inLanguage\":\"pt-BR\",\"potentialAction\":[{\"@type\":\"ReadAction\",\"target\":[\"https:\\\/\\\/ww16.ce.gov.br\\\/sap\\\/planejamento-estrategico\\\/\"]}]},{\"@type\":\"BreadcrumbList\",\"@id\":\"https:\\\/\\\/ww16.ce.gov.br\\\/sap\\\/planejamento-estrategico\\\/#breadcrumb\",\"itemListElement\":[{\"@type\":\"ListItem\",\"position\":1,\"name\":\"In\u00edcio\",\"item\":\"https:\\\/\\\/ww16.ce.gov.br\\\/sap\\\/\"},{\"@type\":\"ListItem\",\"position\":2,\"name\":\"Planejamento Estrat\u00e9gico\"}]},{\"@type\":\"WebSite\",\"@id\":\"https:\\\/\\\/ww16.ce.gov.br\\\/sap\\\/#website\",\"url\":\"https:\\\/\\\/ww16.ce.gov.br\\\/sap\\\/\",\"name\":\"Secretaria da Justi\u00e7a e Cidadania\",\"description\":\"Portal SAP\",\"potentialAction\":[{\"@type\":\"SearchAction\",\"target\":{\"@type\":\"EntryPoint\",\"urlTemplate\":\"https:\\\/\\\/ww16.ce.gov.br\\\/sap\\\/?s={search_term_string}\"},\"query-input\":{\"@type\":\"PropertyValueSpecification\",\"valueRequired\":true,\"valueName\":\"search_term_string\"}}],\"inLanguage\":\"pt-BR\"}]}<\/script>\n<!-- \/ Yoast SEO plugin. -->","yoast_head_json":{"title":"Planejamento Estrat\u00e9gico - SAP","robots":{"index":"index","follow":"follow","max-snippet":"max-snippet:-1","max-image-preview":"max-image-preview:large","max-video-preview":"max-video-preview:-1"},"canonical":"https:\/\/ww16.ce.gov.br\/sap\/planejamento-estrategico\/","og_locale":"pt_BR","og_type":"article","og_title":"Planejamento Estrat\u00e9gico - SAP","og_description":"Planejamento Estrat\u00e9gico Os servidores da Secretaria da Administra\u00e7\u00e3o Penitenci\u00e1ria podem conferir na \u00edntegra o Planejamento Estrat\u00e9gico entre os anos de 2020 &#8211; 2022 e 2025 &#8211; 2030 2020 &#8211; 2022 2025 &#8211; 2030","og_url":"https:\/\/ww16.ce.gov.br\/sap\/planejamento-estrategico\/","og_site_name":"SAP","article_modified_time":"2026-01-28T17:35:34+00:00","twitter_card":"summary_large_image","twitter_misc":{"Est. reading time":"1 minuto"},"schema":{"@context":"https:\/\/schema.org","@graph":[{"@type":"WebPage","@id":"https:\/\/ww16.ce.gov.br\/sap\/planejamento-estrategico\/","url":"https:\/\/ww16.ce.gov.br\/sap\/planejamento-estrategico\/","name":"Planejamento Estrat\u00e9gico - SAP","isPartOf":{"@id":"https:\/\/ww16.ce.gov.br\/sap\/#website"},"datePublished":"2020-06-24T13:59:46+00:00","dateModified":"2026-01-28T17:35:34+00:00","breadcrumb":{"@id":"https:\/\/ww16.ce.gov.br\/sap\/planejamento-estrategico\/#breadcrumb"},"inLanguage":"pt-BR","potentialAction":[{"@type":"ReadAction","target":["https:\/\/ww16.ce.gov.br\/sap\/planejamento-estrategico\/"]}]},{"@type":"BreadcrumbList","@id":"https:\/\/ww16.ce.gov.br\/sap\/planejamento-estrategico\/#breadcrumb","itemListElement":[{"@type":"ListItem","position":1,"name":"In\u00edcio","item":"https:\/\/ww16.ce.gov.br\/sap\/"},{"@type":"ListItem","position":2,"name":"Planejamento Estrat\u00e9gico"}]},{"@type":"WebSite","@id":"https:\/\/ww16.ce.gov.br\/sap\/#website","url":"https:\/\/ww16.ce.gov.br\/sap\/","name":"Secretaria da Justi\u00e7a e Cidadania","description":"Portal SAP","potentialAction":[{"@type":"SearchAction","target":{"@type":"EntryPoint","urlTemplate":"https:\/\/ww16.ce.gov.br\/sap\/?s={search_term_string}"},"query-input":{"@type":"PropertyValueSpecification","valueRequired":true,"valueName":"search_term_string"}}],"inLanguage":"pt-BR"}]}},"_links":{"self":[{"href":"https:\/\/www.ce.gov.br\/sap\/wp-json\/wp\/v2\/pages\/70104","targetHints":{"allow":["GET"]}}],"collection":[{"href":"https:\/\/www.ce.gov.br\/sap\/wp-json\/wp\/v2\/pages"}],"about":[{"href":"https:\/\/www.ce.gov.br\/sap\/wp-json\/wp\/v2\/types\/page"}],"author":[{"embeddable":true,"href":"https:\/\/www.ce.gov.br\/sap\/wp-json\/wp\/v2\/users\/12"}],"replies":[{"embeddable":true,"href":"https:\/\/www.ce.gov.br\/sap\/wp-json\/wp\/v2\/comments?post=70104"}],"version-history":[{"count":10,"href":"https:\/\/www.ce.gov.br\/sap\/wp-json\/wp\/v2\/pages\/70104\/revisions"}],"predecessor-version":[{"id":81969,"href":"https:\/\/www.ce.gov.br\/sap\/wp-json\/wp\/v2\/pages\/70104\/revisions\/81969"}],"wp:attachment":[{"href":"https:\/\/www.ce.gov.br\/sap\/wp-json\/wp\/v2\/media?parent=70104"}],"curies":[{"name":"wp","href":"https:\/\/api.w.org\/{rel}","templated":true}]}}