{"id":70867,"date":"2020-12-24T10:44:58","date_gmt":"2020-12-24T13:44:58","guid":{"rendered":"http:\/\/ww16.ce.gov.br\/sap\/?page_id=70867"},"modified":"2025-12-16T14:27:17","modified_gmt":"2025-12-16T17:27:17","slug":"ppa","status":"publish","type":"page","link":"https:\/\/www.ce.gov.br\/sap\/ppa\/","title":{"rendered":"PPA"},"content":{"rendered":"\n<p><em><strong>PPA 2020-2023 \u2013 Relat\u00f3rios<\/strong><\/em><\/p>\n<p>&nbsp;<\/p>\n<p>Vis\u00e3o geral do planejamento da SAP.<\/p>\n<p>\u2022 Vis\u00e3o Geral da Institui\u00e7\u00e3o no <a href=\"https:\/\/ww16.ce.gov.br\/sap\/wp-content\/uploads\/sites\/51\/2020\/12\/Visao-Geral-da-Instituicao-no-PPA-2020-2023.pdf\" target=\"_blank\" rel=\"noopener noreferrer\">PPA 2020-2023<\/a><\/p>\n<p>\u2022 Vis\u00e3o Geral da Institui\u00e7\u00e3o com Revis\u00e3o do <a href=\"https:\/\/ww16.ce.gov.br\/sap\/wp-content\/uploads\/sites\/51\/2022\/07\/I-Visao-Geral-da-Instituicao-no-PPA-2020-2023.pdf\" target=\"_blank\" rel=\"noopener noreferrer\" data-saferedirecturl=\"https:\/\/www.google.com\/url?q=https:\/\/ww16.ce.gov.br\/sap\/wp-content\/uploads\/sites\/51\/2020\/12\/Visao-Geral-da-Instituicao-no-PPA-2020-2023.pdf&amp;source=gmail&amp;ust=1658515183303000&amp;usg=AOvVaw1sd38hlqKsIEBluN4IOQA_\">PPA 2020-2023<\/a><\/p>\n<p>&nbsp;<\/p>\n<p>Vis\u00e3o anual do planejamento da SAP 2020<\/p>\n<p>\u2022Vis\u00e3o da Institui\u00e7\u00e3o no PPA 2020-2023 &#8211; <a href=\"https:\/\/ww16.ce.gov.br\/sap\/wp-content\/uploads\/sites\/51\/2021\/10\/Visao-da-Instituicao-no-PPA-ano-2020.pdf\" target=\"_blank\" rel=\"noopener noreferrer\">Ano 2020<\/a><\/p>\n<p>\u2022 Vis\u00e3o Geral da Institui\u00e7\u00e3o com Revis\u00e3o do PPA\u00a02020-2023\u00a0&#8211; <a href=\"https:\/\/ww16.ce.gov.br\/sap\/wp-content\/uploads\/sites\/51\/2022\/07\/II-Visao-Geral-da-Instituicao-no-PPA-2020-2023.pdf\">Ano 2022<\/a><\/p>\n<\/div>\n<\/section>\n","protected":false},"excerpt":{"rendered":"<p>PPA 2020-2023 \u2013 Relat\u00f3rios &nbsp; Vis\u00e3o geral do planejamento da SAP. \u2022 Vis\u00e3o Geral da Institui\u00e7\u00e3o no PPA 2020-2023 \u2022 Vis\u00e3o Geral da Institui\u00e7\u00e3o com Revis\u00e3o do PPA 2020-2023 &nbsp; Vis\u00e3o anual do planejamento da SAP 2020 \u2022Vis\u00e3o da Institui\u00e7\u00e3o no PPA 2020-2023 &#8211; Ano 2020 \u2022 Vis\u00e3o Geral da Institui\u00e7\u00e3o com Revis\u00e3o do PPA\u00a02020-2023\u00a0&#8211; [&hellip;]<\/p>\n","protected":false},"author":12,"featured_media":0,"parent":0,"menu_order":0,"comment_status":"closed","ping_status":"closed","template":"","meta":{"_acf_changed":false,"inline_featured_image":false,"footnotes":""},"class_list":["post-70867","page","type-page","status-publish","hentry"],"acf":[],"yoast_head":"<!-- This site is optimized with the Yoast SEO plugin v27.3 - https:\/\/yoast.com\/product\/yoast-seo-wordpress\/ -->\n<title>PPA - SAP<\/title>\n<meta name=\"robots\" content=\"index, follow, max-snippet:-1, max-image-preview:large, max-video-preview:-1\" \/>\n<link rel=\"canonical\" href=\"https:\/\/ww16.ce.gov.br\/sap\/ppa\/\" \/>\n<meta property=\"og:locale\" content=\"pt_BR\" \/>\n<meta property=\"og:type\" content=\"article\" \/>\n<meta property=\"og:title\" content=\"PPA - SAP\" \/>\n<meta property=\"og:description\" content=\"PPA 2020-2023 \u2013 Relat\u00f3rios &nbsp; Vis\u00e3o geral do planejamento da SAP. \u2022 Vis\u00e3o Geral da Institui\u00e7\u00e3o no PPA 2020-2023 \u2022 Vis\u00e3o Geral da Institui\u00e7\u00e3o com Revis\u00e3o do PPA 2020-2023 &nbsp; Vis\u00e3o anual do planejamento da SAP 2020 \u2022Vis\u00e3o da Institui\u00e7\u00e3o no PPA 2020-2023 &#8211; Ano 2020 \u2022 Vis\u00e3o Geral da Institui\u00e7\u00e3o com Revis\u00e3o do PPA\u00a02020-2023\u00a0&#8211; [&hellip;]\" \/>\n<meta property=\"og:url\" content=\"https:\/\/ww16.ce.gov.br\/sap\/ppa\/\" \/>\n<meta property=\"og:site_name\" content=\"SAP\" \/>\n<meta property=\"article:modified_time\" content=\"2025-12-16T17:27:17+00:00\" \/>\n<meta name=\"twitter:card\" content=\"summary_large_image\" \/>\n<meta name=\"twitter:label1\" content=\"Est. reading time\" \/>\n\t<meta name=\"twitter:data1\" content=\"1 minuto\" \/>\n<script type=\"application\/ld+json\" class=\"yoast-schema-graph\">{\"@context\":\"https:\\\/\\\/schema.org\",\"@graph\":[{\"@type\":\"WebPage\",\"@id\":\"https:\\\/\\\/ww16.ce.gov.br\\\/sap\\\/ppa\\\/\",\"url\":\"https:\\\/\\\/ww16.ce.gov.br\\\/sap\\\/ppa\\\/\",\"name\":\"PPA - SAP\",\"isPartOf\":{\"@id\":\"https:\\\/\\\/ww16.ce.gov.br\\\/sap\\\/#website\"},\"datePublished\":\"2020-12-24T13:44:58+00:00\",\"dateModified\":\"2025-12-16T17:27:17+00:00\",\"breadcrumb\":{\"@id\":\"https:\\\/\\\/ww16.ce.gov.br\\\/sap\\\/ppa\\\/#breadcrumb\"},\"inLanguage\":\"pt-BR\",\"potentialAction\":[{\"@type\":\"ReadAction\",\"target\":[\"https:\\\/\\\/ww16.ce.gov.br\\\/sap\\\/ppa\\\/\"]}]},{\"@type\":\"BreadcrumbList\",\"@id\":\"https:\\\/\\\/ww16.ce.gov.br\\\/sap\\\/ppa\\\/#breadcrumb\",\"itemListElement\":[{\"@type\":\"ListItem\",\"position\":1,\"name\":\"In\u00edcio\",\"item\":\"https:\\\/\\\/ww16.ce.gov.br\\\/sap\\\/\"},{\"@type\":\"ListItem\",\"position\":2,\"name\":\"PPA\"}]},{\"@type\":\"WebSite\",\"@id\":\"https:\\\/\\\/ww16.ce.gov.br\\\/sap\\\/#website\",\"url\":\"https:\\\/\\\/ww16.ce.gov.br\\\/sap\\\/\",\"name\":\"Secretaria da Justi\u00e7a e Cidadania\",\"description\":\"Portal SAP\",\"potentialAction\":[{\"@type\":\"SearchAction\",\"target\":{\"@type\":\"EntryPoint\",\"urlTemplate\":\"https:\\\/\\\/ww16.ce.gov.br\\\/sap\\\/?s={search_term_string}\"},\"query-input\":{\"@type\":\"PropertyValueSpecification\",\"valueRequired\":true,\"valueName\":\"search_term_string\"}}],\"inLanguage\":\"pt-BR\"}]}<\/script>\n<!-- \/ Yoast SEO plugin. -->","yoast_head_json":{"title":"PPA - SAP","robots":{"index":"index","follow":"follow","max-snippet":"max-snippet:-1","max-image-preview":"max-image-preview:large","max-video-preview":"max-video-preview:-1"},"canonical":"https:\/\/ww16.ce.gov.br\/sap\/ppa\/","og_locale":"pt_BR","og_type":"article","og_title":"PPA - SAP","og_description":"PPA 2020-2023 \u2013 Relat\u00f3rios &nbsp; Vis\u00e3o geral do planejamento da SAP. \u2022 Vis\u00e3o Geral da Institui\u00e7\u00e3o no PPA 2020-2023 \u2022 Vis\u00e3o Geral da Institui\u00e7\u00e3o com Revis\u00e3o do PPA 2020-2023 &nbsp; Vis\u00e3o anual do planejamento da SAP 2020 \u2022Vis\u00e3o da Institui\u00e7\u00e3o no PPA 2020-2023 &#8211; Ano 2020 \u2022 Vis\u00e3o Geral da Institui\u00e7\u00e3o com Revis\u00e3o do PPA\u00a02020-2023\u00a0&#8211; [&hellip;]","og_url":"https:\/\/ww16.ce.gov.br\/sap\/ppa\/","og_site_name":"SAP","article_modified_time":"2025-12-16T17:27:17+00:00","twitter_card":"summary_large_image","twitter_misc":{"Est. reading time":"1 minuto"},"schema":{"@context":"https:\/\/schema.org","@graph":[{"@type":"WebPage","@id":"https:\/\/ww16.ce.gov.br\/sap\/ppa\/","url":"https:\/\/ww16.ce.gov.br\/sap\/ppa\/","name":"PPA - SAP","isPartOf":{"@id":"https:\/\/ww16.ce.gov.br\/sap\/#website"},"datePublished":"2020-12-24T13:44:58+00:00","dateModified":"2025-12-16T17:27:17+00:00","breadcrumb":{"@id":"https:\/\/ww16.ce.gov.br\/sap\/ppa\/#breadcrumb"},"inLanguage":"pt-BR","potentialAction":[{"@type":"ReadAction","target":["https:\/\/ww16.ce.gov.br\/sap\/ppa\/"]}]},{"@type":"BreadcrumbList","@id":"https:\/\/ww16.ce.gov.br\/sap\/ppa\/#breadcrumb","itemListElement":[{"@type":"ListItem","position":1,"name":"In\u00edcio","item":"https:\/\/ww16.ce.gov.br\/sap\/"},{"@type":"ListItem","position":2,"name":"PPA"}]},{"@type":"WebSite","@id":"https:\/\/ww16.ce.gov.br\/sap\/#website","url":"https:\/\/ww16.ce.gov.br\/sap\/","name":"Secretaria da Justi\u00e7a e Cidadania","description":"Portal SAP","potentialAction":[{"@type":"SearchAction","target":{"@type":"EntryPoint","urlTemplate":"https:\/\/ww16.ce.gov.br\/sap\/?s={search_term_string}"},"query-input":{"@type":"PropertyValueSpecification","valueRequired":true,"valueName":"search_term_string"}}],"inLanguage":"pt-BR"}]}},"_links":{"self":[{"href":"https:\/\/www.ce.gov.br\/sap\/wp-json\/wp\/v2\/pages\/70867","targetHints":{"allow":["GET"]}}],"collection":[{"href":"https:\/\/www.ce.gov.br\/sap\/wp-json\/wp\/v2\/pages"}],"about":[{"href":"https:\/\/www.ce.gov.br\/sap\/wp-json\/wp\/v2\/types\/page"}],"author":[{"embeddable":true,"href":"https:\/\/www.ce.gov.br\/sap\/wp-json\/wp\/v2\/users\/12"}],"replies":[{"embeddable":true,"href":"https:\/\/www.ce.gov.br\/sap\/wp-json\/wp\/v2\/comments?post=70867"}],"version-history":[{"count":9,"href":"https:\/\/www.ce.gov.br\/sap\/wp-json\/wp\/v2\/pages\/70867\/revisions"}],"predecessor-version":[{"id":81693,"href":"https:\/\/www.ce.gov.br\/sap\/wp-json\/wp\/v2\/pages\/70867\/revisions\/81693"}],"wp:attachment":[{"href":"https:\/\/www.ce.gov.br\/sap\/wp-json\/wp\/v2\/media?parent=70867"}],"curies":[{"name":"wp","href":"https:\/\/api.w.org\/{rel}","templated":true}]}}