{"id":73385,"date":"2022-03-14T16:35:38","date_gmt":"2022-03-14T19:35:38","guid":{"rendered":"http:\/\/ww16.ce.gov.br\/sap\/?page_id=73385"},"modified":"2025-08-04T11:14:45","modified_gmt":"2025-08-04T14:14:45","slug":"painel-dinamico-2","status":"publish","type":"page","link":"https:\/\/www.ce.gov.br\/sap\/painel-dinamico-2\/","title":{"rendered":"Ocupa\u00e7\u00e3o"},"content":{"rendered":"<p><!--Registros di\u00e1rios--><\/p>\n<div>\n<section class=\" servico-temas servico-tema-\">\n<div id=\"servicos\" class=\"container Servi\u00e7os\">\n<div class=\"\">\n<div class=\"row ListagemProjetos\">\n<div class=\"dt-4\">\n<div class=\"TituloListagemProjetos\">\n<h2 class=\"-verde\"><span style=\"color: #fc6836;\">2025<\/span><\/h2>\n<\/div>\n<\/div>\n<div class=\"dt-8\">\n<ul class=\" ListaEst col2\">\n<li><a href=\"https:\/\/ww16.ce.gov.br\/sap\/wp-content\/uploads\/sites\/51\/2025\/06\/PAINEL-DINAMICO-UNIDADES-PRISIONAIS-JUNHO-23-29-.pdf\" target=\"_blank\" rel=\"noopener\">JUNHO &#8211; do dia 23 at\u00e9 29<\/a><\/li>\n<li><a href=\"https:\/\/ww16.ce.gov.br\/sap\/wp-content\/uploads\/sites\/51\/2025\/05\/PAINEL-DINAMICO-INFORMACOES-PENITENCIARIAS-MAIO-12-18.pdf\" target=\"_blank\" rel=\"noopener\">MAIO &#8211; do dia 12 at\u00e9 18<\/a><\/li>\n<\/ul>\n<\/div>\n<\/div>\n<p>&nbsp;<\/p>\n<\/div>\n<\/div>\n<\/section>\n<\/div>\n\n\n<div style=\"clear: both; margin-top: 40px;\">\r\n  <iframe loading=\"lazy\"\r\n    src=\"https:\/\/painel.sap.ce.gov.br\/public\/dashboard\/c773699c-8250-41da-b93b-e28dc5c25a2a\"\r\n    frameborder=\"0\"\r\n    width=\"100%\"\r\n    height=\"800\"\r\n    style=\"border: none;\">\r\n  <\/iframe>\r\n<\/div>\n","protected":false},"excerpt":{"rendered":"<p>2025 JUNHO &#8211; do dia 23 at\u00e9 29 MAIO &#8211; do dia 12 at\u00e9 18 &nbsp;<\/p>\n","protected":false},"author":12,"featured_media":0,"parent":0,"menu_order":0,"comment_status":"closed","ping_status":"closed","template":"","meta":{"_acf_changed":false,"inline_featured_image":false,"footnotes":""},"class_list":["post-73385","page","type-page","status-publish","hentry"],"acf":[],"yoast_head":"<!-- This site is optimized with the Yoast SEO plugin v27.3 - https:\/\/yoast.com\/product\/yoast-seo-wordpress\/ -->\n<title>Ocupa\u00e7\u00e3o - SAP<\/title>\n<meta name=\"robots\" content=\"index, follow, max-snippet:-1, max-image-preview:large, max-video-preview:-1\" \/>\n<link rel=\"canonical\" href=\"https:\/\/ww16.ce.gov.br\/sap\/painel-dinamico-2\/\" \/>\n<meta property=\"og:locale\" content=\"pt_BR\" \/>\n<meta property=\"og:type\" content=\"article\" \/>\n<meta property=\"og:title\" content=\"Ocupa\u00e7\u00e3o - SAP\" \/>\n<meta property=\"og:description\" content=\"2025 JUNHO &#8211; do dia 23 at\u00e9 29 MAIO &#8211; do dia 12 at\u00e9 18 &nbsp;\" \/>\n<meta property=\"og:url\" content=\"https:\/\/ww16.ce.gov.br\/sap\/painel-dinamico-2\/\" \/>\n<meta property=\"og:site_name\" content=\"SAP\" \/>\n<meta property=\"article:modified_time\" content=\"2025-08-04T14:14:45+00:00\" \/>\n<meta name=\"twitter:card\" content=\"summary_large_image\" \/>\n<meta name=\"twitter:label1\" content=\"Est. reading time\" \/>\n\t<meta name=\"twitter:data1\" content=\"1 minuto\" \/>\n<script type=\"application\/ld+json\" class=\"yoast-schema-graph\">{\"@context\":\"https:\\\/\\\/schema.org\",\"@graph\":[{\"@type\":\"WebPage\",\"@id\":\"https:\\\/\\\/ww16.ce.gov.br\\\/sap\\\/painel-dinamico-2\\\/\",\"url\":\"https:\\\/\\\/ww16.ce.gov.br\\\/sap\\\/painel-dinamico-2\\\/\",\"name\":\"Ocupa\u00e7\u00e3o - SAP\",\"isPartOf\":{\"@id\":\"https:\\\/\\\/ww16.ce.gov.br\\\/sap\\\/#website\"},\"datePublished\":\"2022-03-14T19:35:38+00:00\",\"dateModified\":\"2025-08-04T14:14:45+00:00\",\"breadcrumb\":{\"@id\":\"https:\\\/\\\/ww16.ce.gov.br\\\/sap\\\/painel-dinamico-2\\\/#breadcrumb\"},\"inLanguage\":\"pt-BR\",\"potentialAction\":[{\"@type\":\"ReadAction\",\"target\":[\"https:\\\/\\\/ww16.ce.gov.br\\\/sap\\\/painel-dinamico-2\\\/\"]}]},{\"@type\":\"BreadcrumbList\",\"@id\":\"https:\\\/\\\/ww16.ce.gov.br\\\/sap\\\/painel-dinamico-2\\\/#breadcrumb\",\"itemListElement\":[{\"@type\":\"ListItem\",\"position\":1,\"name\":\"In\u00edcio\",\"item\":\"https:\\\/\\\/ww16.ce.gov.br\\\/sap\\\/\"},{\"@type\":\"ListItem\",\"position\":2,\"name\":\"Ocupa\u00e7\u00e3o\"}]},{\"@type\":\"WebSite\",\"@id\":\"https:\\\/\\\/ww16.ce.gov.br\\\/sap\\\/#website\",\"url\":\"https:\\\/\\\/ww16.ce.gov.br\\\/sap\\\/\",\"name\":\"Secretaria da Justi\u00e7a e Cidadania\",\"description\":\"Portal SAP\",\"potentialAction\":[{\"@type\":\"SearchAction\",\"target\":{\"@type\":\"EntryPoint\",\"urlTemplate\":\"https:\\\/\\\/ww16.ce.gov.br\\\/sap\\\/?s={search_term_string}\"},\"query-input\":{\"@type\":\"PropertyValueSpecification\",\"valueRequired\":true,\"valueName\":\"search_term_string\"}}],\"inLanguage\":\"pt-BR\"}]}<\/script>\n<!-- \/ Yoast SEO plugin. -->","yoast_head_json":{"title":"Ocupa\u00e7\u00e3o - SAP","robots":{"index":"index","follow":"follow","max-snippet":"max-snippet:-1","max-image-preview":"max-image-preview:large","max-video-preview":"max-video-preview:-1"},"canonical":"https:\/\/ww16.ce.gov.br\/sap\/painel-dinamico-2\/","og_locale":"pt_BR","og_type":"article","og_title":"Ocupa\u00e7\u00e3o - SAP","og_description":"2025 JUNHO &#8211; do dia 23 at\u00e9 29 MAIO &#8211; do dia 12 at\u00e9 18 &nbsp;","og_url":"https:\/\/ww16.ce.gov.br\/sap\/painel-dinamico-2\/","og_site_name":"SAP","article_modified_time":"2025-08-04T14:14:45+00:00","twitter_card":"summary_large_image","twitter_misc":{"Est. reading time":"1 minuto"},"schema":{"@context":"https:\/\/schema.org","@graph":[{"@type":"WebPage","@id":"https:\/\/ww16.ce.gov.br\/sap\/painel-dinamico-2\/","url":"https:\/\/ww16.ce.gov.br\/sap\/painel-dinamico-2\/","name":"Ocupa\u00e7\u00e3o - SAP","isPartOf":{"@id":"https:\/\/ww16.ce.gov.br\/sap\/#website"},"datePublished":"2022-03-14T19:35:38+00:00","dateModified":"2025-08-04T14:14:45+00:00","breadcrumb":{"@id":"https:\/\/ww16.ce.gov.br\/sap\/painel-dinamico-2\/#breadcrumb"},"inLanguage":"pt-BR","potentialAction":[{"@type":"ReadAction","target":["https:\/\/ww16.ce.gov.br\/sap\/painel-dinamico-2\/"]}]},{"@type":"BreadcrumbList","@id":"https:\/\/ww16.ce.gov.br\/sap\/painel-dinamico-2\/#breadcrumb","itemListElement":[{"@type":"ListItem","position":1,"name":"In\u00edcio","item":"https:\/\/ww16.ce.gov.br\/sap\/"},{"@type":"ListItem","position":2,"name":"Ocupa\u00e7\u00e3o"}]},{"@type":"WebSite","@id":"https:\/\/ww16.ce.gov.br\/sap\/#website","url":"https:\/\/ww16.ce.gov.br\/sap\/","name":"Secretaria da Justi\u00e7a e Cidadania","description":"Portal SAP","potentialAction":[{"@type":"SearchAction","target":{"@type":"EntryPoint","urlTemplate":"https:\/\/ww16.ce.gov.br\/sap\/?s={search_term_string}"},"query-input":{"@type":"PropertyValueSpecification","valueRequired":true,"valueName":"search_term_string"}}],"inLanguage":"pt-BR"}]}},"_links":{"self":[{"href":"https:\/\/www.ce.gov.br\/sap\/wp-json\/wp\/v2\/pages\/73385","targetHints":{"allow":["GET"]}}],"collection":[{"href":"https:\/\/www.ce.gov.br\/sap\/wp-json\/wp\/v2\/pages"}],"about":[{"href":"https:\/\/www.ce.gov.br\/sap\/wp-json\/wp\/v2\/types\/page"}],"author":[{"embeddable":true,"href":"https:\/\/www.ce.gov.br\/sap\/wp-json\/wp\/v2\/users\/12"}],"replies":[{"embeddable":true,"href":"https:\/\/www.ce.gov.br\/sap\/wp-json\/wp\/v2\/comments?post=73385"}],"version-history":[{"count":82,"href":"https:\/\/www.ce.gov.br\/sap\/wp-json\/wp\/v2\/pages\/73385\/revisions"}],"predecessor-version":[{"id":80619,"href":"https:\/\/www.ce.gov.br\/sap\/wp-json\/wp\/v2\/pages\/73385\/revisions\/80619"}],"wp:attachment":[{"href":"https:\/\/www.ce.gov.br\/sap\/wp-json\/wp\/v2\/media?parent=73385"}],"curies":[{"name":"wp","href":"https:\/\/api.w.org\/{rel}","templated":true}]}}