{"id":75528,"date":"2023-04-27T10:07:24","date_gmt":"2023-04-27T13:07:24","guid":{"rendered":"http:\/\/ww16.ce.gov.br\/sap\/?page_id=75528"},"modified":"2023-04-28T11:16:33","modified_gmt":"2023-04-28T14:16:33","slug":"mensagem-a-assembleia-legislativa-2022","status":"publish","type":"page","link":"https:\/\/www.ce.gov.br\/sap\/mensagem-a-assembleia-legislativa-2022\/","title":{"rendered":"Mensagem \u00e0 Assembleia Legislativa &#8211; 2022"},"content":{"rendered":"<p>&nbsp;<\/p>\n<p>A Mensagem \u00e0 Assembleia constitui-se como um documento de presta\u00e7\u00e3o de contas da a\u00e7\u00e3o governamental e, portanto, atende aos princ\u00edpios da transpar\u00eancia e publicidade das a\u00e7\u00f5es de governo e do controle social.<\/p>\n<p>&nbsp;<\/p>\n<p>A Constitui\u00e7\u00e3o do Estado do Cear\u00e1, em seu art. 88, inciso VIII, atribui ao Governador a compet\u00eancia de enviar \u00e0 Assembleia Legislativa mensagem contendo a situa\u00e7\u00e3o estadual.<\/p>\n<p>&nbsp;<\/p>\n<p>A Mensagem 2022 \u00e9 composta pelos seguintes cap\u00edtulos: Pronunciamento do Governador; Destaques de 2021; Desempenho Estadual; e Desempenho da A\u00e7\u00e3o Governamental.<\/p>\n<p>&nbsp;<\/p>\n<p><strong>\u2022\u00a0<\/strong><a href=\"https:\/\/ww16.ce.gov.br\/sap\/wp-content\/uploads\/sites\/51\/2023\/04\/Mensagem-AL-2022-Ceara-Pacifico-SAP.pdf\">Mensagem \u00e1 Assembleia Legislativa &#8211; 2022<\/a><\/p>\n","protected":false},"excerpt":{"rendered":"<p>&nbsp; A Mensagem \u00e0 Assembleia constitui-se como um documento de presta\u00e7\u00e3o de contas da a\u00e7\u00e3o governamental e, portanto, atende aos princ\u00edpios da transpar\u00eancia e publicidade das a\u00e7\u00f5es de governo e do controle social. &nbsp; A Constitui\u00e7\u00e3o do Estado do Cear\u00e1, em seu art. 88, inciso VIII, atribui ao Governador a compet\u00eancia de enviar \u00e0 Assembleia [&hellip;]<\/p>\n","protected":false},"author":673,"featured_media":0,"parent":0,"menu_order":0,"comment_status":"closed","ping_status":"closed","template":"","meta":{"_acf_changed":false,"inline_featured_image":false,"footnotes":""},"class_list":["post-75528","page","type-page","status-publish","hentry"],"acf":[],"yoast_head":"<!-- This site is optimized with the Yoast SEO plugin v27.3 - https:\/\/yoast.com\/product\/yoast-seo-wordpress\/ -->\n<title>Mensagem \u00e0 Assembleia Legislativa - 2022 - SAP<\/title>\n<meta name=\"robots\" content=\"index, follow, max-snippet:-1, max-image-preview:large, max-video-preview:-1\" \/>\n<link rel=\"canonical\" href=\"https:\/\/ww16.ce.gov.br\/sap\/mensagem-a-assembleia-legislativa-2022\/\" \/>\n<meta property=\"og:locale\" content=\"pt_BR\" \/>\n<meta property=\"og:type\" content=\"article\" \/>\n<meta property=\"og:title\" content=\"Mensagem \u00e0 Assembleia Legislativa - 2022 - SAP\" \/>\n<meta property=\"og:description\" content=\"&nbsp; A Mensagem \u00e0 Assembleia constitui-se como um documento de presta\u00e7\u00e3o de contas da a\u00e7\u00e3o governamental e, portanto, atende aos princ\u00edpios da transpar\u00eancia e publicidade das a\u00e7\u00f5es de governo e do controle social. &nbsp; A Constitui\u00e7\u00e3o do Estado do Cear\u00e1, em seu art. 88, inciso VIII, atribui ao Governador a compet\u00eancia de enviar \u00e0 Assembleia [&hellip;]\" \/>\n<meta property=\"og:url\" content=\"https:\/\/ww16.ce.gov.br\/sap\/mensagem-a-assembleia-legislativa-2022\/\" \/>\n<meta property=\"og:site_name\" content=\"SAP\" \/>\n<meta property=\"article:modified_time\" content=\"2023-04-28T14:16:33+00:00\" \/>\n<meta name=\"twitter:card\" content=\"summary_large_image\" \/>\n<meta name=\"twitter:label1\" content=\"Est. reading time\" \/>\n\t<meta name=\"twitter:data1\" content=\"1 minuto\" \/>\n<script type=\"application\/ld+json\" class=\"yoast-schema-graph\">{\"@context\":\"https:\\\/\\\/schema.org\",\"@graph\":[{\"@type\":\"WebPage\",\"@id\":\"https:\\\/\\\/ww16.ce.gov.br\\\/sap\\\/mensagem-a-assembleia-legislativa-2022\\\/\",\"url\":\"https:\\\/\\\/ww16.ce.gov.br\\\/sap\\\/mensagem-a-assembleia-legislativa-2022\\\/\",\"name\":\"Mensagem \u00e0 Assembleia Legislativa - 2022 - SAP\",\"isPartOf\":{\"@id\":\"https:\\\/\\\/ww16.ce.gov.br\\\/sap\\\/#website\"},\"datePublished\":\"2023-04-27T13:07:24+00:00\",\"dateModified\":\"2023-04-28T14:16:33+00:00\",\"breadcrumb\":{\"@id\":\"https:\\\/\\\/ww16.ce.gov.br\\\/sap\\\/mensagem-a-assembleia-legislativa-2022\\\/#breadcrumb\"},\"inLanguage\":\"pt-BR\",\"potentialAction\":[{\"@type\":\"ReadAction\",\"target\":[\"https:\\\/\\\/ww16.ce.gov.br\\\/sap\\\/mensagem-a-assembleia-legislativa-2022\\\/\"]}]},{\"@type\":\"BreadcrumbList\",\"@id\":\"https:\\\/\\\/ww16.ce.gov.br\\\/sap\\\/mensagem-a-assembleia-legislativa-2022\\\/#breadcrumb\",\"itemListElement\":[{\"@type\":\"ListItem\",\"position\":1,\"name\":\"In\u00edcio\",\"item\":\"https:\\\/\\\/ww16.ce.gov.br\\\/sap\\\/\"},{\"@type\":\"ListItem\",\"position\":2,\"name\":\"Mensagem \u00e0 Assembleia Legislativa &#8211; 2022\"}]},{\"@type\":\"WebSite\",\"@id\":\"https:\\\/\\\/ww16.ce.gov.br\\\/sap\\\/#website\",\"url\":\"https:\\\/\\\/ww16.ce.gov.br\\\/sap\\\/\",\"name\":\"Secretaria da Justi\u00e7a e Cidadania\",\"description\":\"Portal SAP\",\"potentialAction\":[{\"@type\":\"SearchAction\",\"target\":{\"@type\":\"EntryPoint\",\"urlTemplate\":\"https:\\\/\\\/ww16.ce.gov.br\\\/sap\\\/?s={search_term_string}\"},\"query-input\":{\"@type\":\"PropertyValueSpecification\",\"valueRequired\":true,\"valueName\":\"search_term_string\"}}],\"inLanguage\":\"pt-BR\"}]}<\/script>\n<!-- \/ Yoast SEO plugin. -->","yoast_head_json":{"title":"Mensagem \u00e0 Assembleia Legislativa - 2022 - SAP","robots":{"index":"index","follow":"follow","max-snippet":"max-snippet:-1","max-image-preview":"max-image-preview:large","max-video-preview":"max-video-preview:-1"},"canonical":"https:\/\/ww16.ce.gov.br\/sap\/mensagem-a-assembleia-legislativa-2022\/","og_locale":"pt_BR","og_type":"article","og_title":"Mensagem \u00e0 Assembleia Legislativa - 2022 - SAP","og_description":"&nbsp; A Mensagem \u00e0 Assembleia constitui-se como um documento de presta\u00e7\u00e3o de contas da a\u00e7\u00e3o governamental e, portanto, atende aos princ\u00edpios da transpar\u00eancia e publicidade das a\u00e7\u00f5es de governo e do controle social. &nbsp; A Constitui\u00e7\u00e3o do Estado do Cear\u00e1, em seu art. 88, inciso VIII, atribui ao Governador a compet\u00eancia de enviar \u00e0 Assembleia [&hellip;]","og_url":"https:\/\/ww16.ce.gov.br\/sap\/mensagem-a-assembleia-legislativa-2022\/","og_site_name":"SAP","article_modified_time":"2023-04-28T14:16:33+00:00","twitter_card":"summary_large_image","twitter_misc":{"Est. reading time":"1 minuto"},"schema":{"@context":"https:\/\/schema.org","@graph":[{"@type":"WebPage","@id":"https:\/\/ww16.ce.gov.br\/sap\/mensagem-a-assembleia-legislativa-2022\/","url":"https:\/\/ww16.ce.gov.br\/sap\/mensagem-a-assembleia-legislativa-2022\/","name":"Mensagem \u00e0 Assembleia Legislativa - 2022 - SAP","isPartOf":{"@id":"https:\/\/ww16.ce.gov.br\/sap\/#website"},"datePublished":"2023-04-27T13:07:24+00:00","dateModified":"2023-04-28T14:16:33+00:00","breadcrumb":{"@id":"https:\/\/ww16.ce.gov.br\/sap\/mensagem-a-assembleia-legislativa-2022\/#breadcrumb"},"inLanguage":"pt-BR","potentialAction":[{"@type":"ReadAction","target":["https:\/\/ww16.ce.gov.br\/sap\/mensagem-a-assembleia-legislativa-2022\/"]}]},{"@type":"BreadcrumbList","@id":"https:\/\/ww16.ce.gov.br\/sap\/mensagem-a-assembleia-legislativa-2022\/#breadcrumb","itemListElement":[{"@type":"ListItem","position":1,"name":"In\u00edcio","item":"https:\/\/ww16.ce.gov.br\/sap\/"},{"@type":"ListItem","position":2,"name":"Mensagem \u00e0 Assembleia Legislativa &#8211; 2022"}]},{"@type":"WebSite","@id":"https:\/\/ww16.ce.gov.br\/sap\/#website","url":"https:\/\/ww16.ce.gov.br\/sap\/","name":"Secretaria da Justi\u00e7a e Cidadania","description":"Portal SAP","potentialAction":[{"@type":"SearchAction","target":{"@type":"EntryPoint","urlTemplate":"https:\/\/ww16.ce.gov.br\/sap\/?s={search_term_string}"},"query-input":{"@type":"PropertyValueSpecification","valueRequired":true,"valueName":"search_term_string"}}],"inLanguage":"pt-BR"}]}},"_links":{"self":[{"href":"https:\/\/www.ce.gov.br\/sap\/wp-json\/wp\/v2\/pages\/75528","targetHints":{"allow":["GET"]}}],"collection":[{"href":"https:\/\/www.ce.gov.br\/sap\/wp-json\/wp\/v2\/pages"}],"about":[{"href":"https:\/\/www.ce.gov.br\/sap\/wp-json\/wp\/v2\/types\/page"}],"author":[{"embeddable":true,"href":"https:\/\/www.ce.gov.br\/sap\/wp-json\/wp\/v2\/users\/673"}],"replies":[{"embeddable":true,"href":"https:\/\/www.ce.gov.br\/sap\/wp-json\/wp\/v2\/comments?post=75528"}],"version-history":[{"count":3,"href":"https:\/\/www.ce.gov.br\/sap\/wp-json\/wp\/v2\/pages\/75528\/revisions"}],"predecessor-version":[{"id":75569,"href":"https:\/\/www.ce.gov.br\/sap\/wp-json\/wp\/v2\/pages\/75528\/revisions\/75569"}],"wp:attachment":[{"href":"https:\/\/www.ce.gov.br\/sap\/wp-json\/wp\/v2\/media?parent=75528"}],"curies":[{"name":"wp","href":"https:\/\/api.w.org\/{rel}","templated":true}]}}