{"id":89,"date":"2017-11-21T11:28:36","date_gmt":"2017-11-21T14:28:36","guid":{"rendered":"http:\/\/www.ceara.gov.br\/sejus\/?page_id=89"},"modified":"2020-08-26T12:13:07","modified_gmt":"2020-08-26T15:13:07","slug":"informacoes-uteis","status":"publish","type":"page","link":"https:\/\/www.ce.gov.br\/sap\/institucional\/informacoes-uteis\/","title":{"rendered":"Informa\u00e7\u00f5es \u00dateis"},"content":{"rendered":"<hr \/>\n<span id=\"informacoes-uteis\" class=\"ancora-vazia\"><\/span>\n<p class=\"-laranja\" style=\"margin-top: 100px\"><strong>INFORMA\u00c7\u00d5ES \u00daTEIS<\/strong><\/p>\n<div class=\"Card Informativo BgBranco dt-6\">\n<p class=\"-laranja\"><strong>Endere\u00e7o<\/strong><\/p>\n<p>Rua Tenente Ben\u00e9volo, 1055<br \/>\nHor\u00e1rio de funcionamento: 8h \u00e0s 17h<br \/>\nMeireles, Fortaleza &#8211; Ce &#8211; CEP: 60.160-040<\/p>\n<p class=\"-laranja\"><strong>Telefone<\/strong><\/p>\n<p>(85) 3101.2840<\/p>\n<\/div>\n","protected":false},"excerpt":{"rendered":"<p>INFORMA\u00c7\u00d5ES \u00daTEIS Endere\u00e7o Rua Tenente Ben\u00e9volo, 1055 Hor\u00e1rio de funcionamento: 8h \u00e0s 17h Meireles, Fortaleza &#8211; Ce &#8211; CEP: 60.160-040 Telefone (85) 3101.2840<\/p>\n","protected":false},"author":38,"featured_media":0,"parent":52,"menu_order":20,"comment_status":"closed","ping_status":"closed","template":"","meta":{"_acf_changed":false,"inline_featured_image":false,"footnotes":""},"class_list":["post-89","page","type-page","status-publish","hentry"],"acf":[],"yoast_head":"<!-- This site is optimized with the Yoast SEO plugin v27.3 - https:\/\/yoast.com\/product\/yoast-seo-wordpress\/ -->\n<title>Informa\u00e7\u00f5es \u00dateis - SAP<\/title>\n<meta name=\"robots\" content=\"index, follow, max-snippet:-1, max-image-preview:large, max-video-preview:-1\" \/>\n<link rel=\"canonical\" href=\"https:\/\/ww16.ce.gov.br\/sap\/institucional\/informacoes-uteis\/\" \/>\n<meta property=\"og:locale\" content=\"pt_BR\" \/>\n<meta property=\"og:type\" content=\"article\" \/>\n<meta property=\"og:title\" content=\"Informa\u00e7\u00f5es \u00dateis - SAP\" \/>\n<meta property=\"og:description\" content=\"INFORMA\u00c7\u00d5ES \u00daTEIS Endere\u00e7o Rua Tenente Ben\u00e9volo, 1055 Hor\u00e1rio de funcionamento: 8h \u00e0s 17h Meireles, Fortaleza &#8211; Ce &#8211; CEP: 60.160-040 Telefone (85) 3101.2840\" \/>\n<meta property=\"og:url\" content=\"https:\/\/ww16.ce.gov.br\/sap\/institucional\/informacoes-uteis\/\" \/>\n<meta property=\"og:site_name\" content=\"SAP\" \/>\n<meta property=\"article:modified_time\" content=\"2020-08-26T15:13:07+00:00\" \/>\n<meta name=\"twitter:card\" content=\"summary_large_image\" \/>\n<script type=\"application\/ld+json\" class=\"yoast-schema-graph\">{\"@context\":\"https:\\\/\\\/schema.org\",\"@graph\":[{\"@type\":\"WebPage\",\"@id\":\"https:\\\/\\\/ww16.ce.gov.br\\\/sap\\\/institucional\\\/informacoes-uteis\\\/\",\"url\":\"https:\\\/\\\/ww16.ce.gov.br\\\/sap\\\/institucional\\\/informacoes-uteis\\\/\",\"name\":\"Informa\u00e7\u00f5es \u00dateis - SAP\",\"isPartOf\":{\"@id\":\"https:\\\/\\\/ww16.ce.gov.br\\\/sap\\\/#website\"},\"datePublished\":\"2017-11-21T14:28:36+00:00\",\"dateModified\":\"2020-08-26T15:13:07+00:00\",\"breadcrumb\":{\"@id\":\"https:\\\/\\\/ww16.ce.gov.br\\\/sap\\\/institucional\\\/informacoes-uteis\\\/#breadcrumb\"},\"inLanguage\":\"pt-BR\",\"potentialAction\":[{\"@type\":\"ReadAction\",\"target\":[\"https:\\\/\\\/ww16.ce.gov.br\\\/sap\\\/institucional\\\/informacoes-uteis\\\/\"]}]},{\"@type\":\"BreadcrumbList\",\"@id\":\"https:\\\/\\\/ww16.ce.gov.br\\\/sap\\\/institucional\\\/informacoes-uteis\\\/#breadcrumb\",\"itemListElement\":[{\"@type\":\"ListItem\",\"position\":1,\"name\":\"In\u00edcio\",\"item\":\"https:\\\/\\\/ww16.ce.gov.br\\\/sap\\\/\"},{\"@type\":\"ListItem\",\"position\":2,\"name\":\"Institucional\",\"item\":\"https:\\\/\\\/ww16.ce.gov.br\\\/sap\\\/institucional\\\/\"},{\"@type\":\"ListItem\",\"position\":3,\"name\":\"Informa\u00e7\u00f5es \u00dateis\"}]},{\"@type\":\"WebSite\",\"@id\":\"https:\\\/\\\/ww16.ce.gov.br\\\/sap\\\/#website\",\"url\":\"https:\\\/\\\/ww16.ce.gov.br\\\/sap\\\/\",\"name\":\"Secretaria da Justi\u00e7a e Cidadania\",\"description\":\"Portal SAP\",\"potentialAction\":[{\"@type\":\"SearchAction\",\"target\":{\"@type\":\"EntryPoint\",\"urlTemplate\":\"https:\\\/\\\/ww16.ce.gov.br\\\/sap\\\/?s={search_term_string}\"},\"query-input\":{\"@type\":\"PropertyValueSpecification\",\"valueRequired\":true,\"valueName\":\"search_term_string\"}}],\"inLanguage\":\"pt-BR\"}]}<\/script>\n<!-- \/ Yoast SEO plugin. -->","yoast_head_json":{"title":"Informa\u00e7\u00f5es \u00dateis - SAP","robots":{"index":"index","follow":"follow","max-snippet":"max-snippet:-1","max-image-preview":"max-image-preview:large","max-video-preview":"max-video-preview:-1"},"canonical":"https:\/\/ww16.ce.gov.br\/sap\/institucional\/informacoes-uteis\/","og_locale":"pt_BR","og_type":"article","og_title":"Informa\u00e7\u00f5es \u00dateis - SAP","og_description":"INFORMA\u00c7\u00d5ES \u00daTEIS Endere\u00e7o Rua Tenente Ben\u00e9volo, 1055 Hor\u00e1rio de funcionamento: 8h \u00e0s 17h Meireles, Fortaleza &#8211; Ce &#8211; CEP: 60.160-040 Telefone (85) 3101.2840","og_url":"https:\/\/ww16.ce.gov.br\/sap\/institucional\/informacoes-uteis\/","og_site_name":"SAP","article_modified_time":"2020-08-26T15:13:07+00:00","twitter_card":"summary_large_image","schema":{"@context":"https:\/\/schema.org","@graph":[{"@type":"WebPage","@id":"https:\/\/ww16.ce.gov.br\/sap\/institucional\/informacoes-uteis\/","url":"https:\/\/ww16.ce.gov.br\/sap\/institucional\/informacoes-uteis\/","name":"Informa\u00e7\u00f5es \u00dateis - SAP","isPartOf":{"@id":"https:\/\/ww16.ce.gov.br\/sap\/#website"},"datePublished":"2017-11-21T14:28:36+00:00","dateModified":"2020-08-26T15:13:07+00:00","breadcrumb":{"@id":"https:\/\/ww16.ce.gov.br\/sap\/institucional\/informacoes-uteis\/#breadcrumb"},"inLanguage":"pt-BR","potentialAction":[{"@type":"ReadAction","target":["https:\/\/ww16.ce.gov.br\/sap\/institucional\/informacoes-uteis\/"]}]},{"@type":"BreadcrumbList","@id":"https:\/\/ww16.ce.gov.br\/sap\/institucional\/informacoes-uteis\/#breadcrumb","itemListElement":[{"@type":"ListItem","position":1,"name":"In\u00edcio","item":"https:\/\/ww16.ce.gov.br\/sap\/"},{"@type":"ListItem","position":2,"name":"Institucional","item":"https:\/\/ww16.ce.gov.br\/sap\/institucional\/"},{"@type":"ListItem","position":3,"name":"Informa\u00e7\u00f5es \u00dateis"}]},{"@type":"WebSite","@id":"https:\/\/ww16.ce.gov.br\/sap\/#website","url":"https:\/\/ww16.ce.gov.br\/sap\/","name":"Secretaria da Justi\u00e7a e Cidadania","description":"Portal SAP","potentialAction":[{"@type":"SearchAction","target":{"@type":"EntryPoint","urlTemplate":"https:\/\/ww16.ce.gov.br\/sap\/?s={search_term_string}"},"query-input":{"@type":"PropertyValueSpecification","valueRequired":true,"valueName":"search_term_string"}}],"inLanguage":"pt-BR"}]}},"_links":{"self":[{"href":"https:\/\/www.ce.gov.br\/sap\/wp-json\/wp\/v2\/pages\/89","targetHints":{"allow":["GET"]}}],"collection":[{"href":"https:\/\/www.ce.gov.br\/sap\/wp-json\/wp\/v2\/pages"}],"about":[{"href":"https:\/\/www.ce.gov.br\/sap\/wp-json\/wp\/v2\/types\/page"}],"author":[{"embeddable":true,"href":"https:\/\/www.ce.gov.br\/sap\/wp-json\/wp\/v2\/users\/38"}],"replies":[{"embeddable":true,"href":"https:\/\/www.ce.gov.br\/sap\/wp-json\/wp\/v2\/comments?post=89"}],"version-history":[{"count":21,"href":"https:\/\/www.ce.gov.br\/sap\/wp-json\/wp\/v2\/pages\/89\/revisions"}],"predecessor-version":[{"id":70246,"href":"https:\/\/www.ce.gov.br\/sap\/wp-json\/wp\/v2\/pages\/89\/revisions\/70246"}],"up":[{"embeddable":true,"href":"https:\/\/www.ce.gov.br\/sap\/wp-json\/wp\/v2\/pages\/52"}],"wp:attachment":[{"href":"https:\/\/www.ce.gov.br\/sap\/wp-json\/wp\/v2\/media?parent=89"}],"curies":[{"name":"wp","href":"https:\/\/api.w.org\/{rel}","templated":true}]}}