{"id":1176,"date":"2018-02-01T13:14:51","date_gmt":"2018-02-01T16:14:51","guid":{"rendered":"http:\/\/www.dae.ce.gov.br\/?page_id=1176"},"modified":"2018-02-01T13:14:51","modified_gmt":"2018-02-01T16:14:51","slug":"normas-e-procedimentos","status":"publish","type":"page","link":"https:\/\/www.ce.gov.br\/sop\/normas-e-procedimentos\/","title":{"rendered":"Normas e Procedimentos"},"content":{"rendered":"<p>&nbsp;<\/p>\n<h3>Solicita\u00e7\u00e3o de Projetos de Arquitetura e Engenharia<\/h3>\n<p>&nbsp;<\/p>\n<p>Esta Orienta\u00e7\u00e3o T\u00e9cnica visa uniformizar o entendimento quanto \u00e0 defini\u00e7\u00e3o de Projeto B\u00e1sico especificada na Lei Federal 8.666\/93 e altera\u00e7\u00f5es posteriores.<\/p>\n<p>&nbsp;<\/p>\n<h5 class=\"titulo TitLight\"><span style=\"color: #fc6836\"><a style=\"font-family: OpenSans-Light, Helvetica, Arial, sans-serif;font-size: 14px;letter-spacing: 0.02px;color: #fc6836\" href=\"https:\/\/www.ce.gov.br\/sop\/wp-content\/uploads\/sites\/76\/2018\/02\/Guia-Orienta\u00e7\u00e3o-Web.pdf\">Guia Orienta\u00e7\u00e3o Web<\/a><\/span><\/h5>\n<h5><span style=\"color: #fc6836\"><a style=\"color: #fc6836\" href=\"https:\/\/www.ce.gov.br\/sop\/wp-content\/uploads\/sites\/76\/2018\/02\/CHECK-LIST-01-PARA-DADOS-DE-ENTRADA-PROJETO-ARQUITETONICO-NOVO.pdf\">CHECK LIST 01 \u2013 PARA DADOS DE ENTRADA PROJETO ARQUITET\u00d4NICO NOVO<\/a><\/span><\/h5>\n<h5><span style=\"color: #fc6836\"><a style=\"color: #fc6836\" href=\"https:\/\/www.ce.gov.br\/sop\/wp-content\/uploads\/sites\/76\/2018\/02\/CHECK-LIST-02-PARA-DADOS-DE-ENTRADA-PROJETO-DE-ENGENHARIA-NOVO.pdf\">CHECK LIST 02 \u2013 PARA DADOS DE ENTRADA PROJETO DE ENGENHARIA NOVO<\/a><\/span><\/h5>\n<h5><span style=\"color: #fc6836\"><a style=\"color: #fc6836\" href=\"https:\/\/www.ce.gov.br\/sop\/wp-content\/uploads\/sites\/76\/2018\/02\/CHECK-LIST-03-PARA-DADOS-DE-ENTRADA-PROJETO-DE-REFORMA-OU-AMPLIA\u00c7\u00c3O.pdf\">CHECK LIST 03 \u2013 PARA DADOS DE ENTRADA PROJETO DE REFORMA OU AMPLIA\u00c7\u00c3O <\/a><\/span><\/h5>\n<h5><span style=\"color: #fc6836\"><a style=\"color: #fc6836\" href=\"https:\/\/www.ce.gov.br\/sop\/wp-content\/uploads\/sites\/76\/2018\/02\/CHECK-LIST-04-PARA-DADOS-DE-ENTRADA-ANALISE-DE-PROJETO-E-ORCAMENTO.pdf\">CHECK LIST 04 \u2013 PARA DADOS DE ENTRADA ANALISE DE PROJETO E ORCAMENTO<\/a><\/span><\/h5>\n<h5><span style=\"color: #fc6836\"><a style=\"color: #fc6836\" href=\"https:\/\/www.ce.gov.br\/sop\/wp-content\/uploads\/sites\/76\/2018\/02\/CHECK-LIST-05-PARA-DADOS-DE-ENTRADA-LAUDOS-E-VISTORIAS-TECNICAS.pdf\">CHECK LIST 05 \u2013 PARA DADOS DE ENTRADA LAUDOS E VISTORIAS TECNICAS<\/a><\/span><\/h5>\n<p>&nbsp;<\/p>\n<h3>Normas sobre medi\u00e7\u00e3o de obras<\/h3>\n<p>&nbsp;<\/p>\n<p><strong>INSTRU\u00c7\u00c3O NORMATIVA &#8211; 2010<\/strong><\/p>\n<p>Publicado no Di\u00e1rio Oficial S\u00e9rie 3 Ano II n\u00ba 034, de 22 de fevereiro de 2010, a Introdu\u00e7\u00e3o Normativa N\u00ba 001\/2010, Fortaleza, 17 de fevereiro de 2010, uniformiza os procedimentos e rotinas a serem observados pelos \u00f3rg\u00e3os e entidades do Governo do Estado do Cear\u00e1, na execu\u00e7\u00e3o de despesas relativas \u00e0s obras e servi\u00e7os de engenharia e d\u00e1 outras provid\u00eancias.<\/p>\n<h5><span style=\"color: #fc6836\"><a style=\"color: #fc6836\" href=\"https:\/\/www.ce.gov.br\/sop\/wp-content\/uploads\/sites\/76\/2018\/02\/instruo-normativa-2010.pdf\">INSTRU\u00c7\u00c3O NORMATIVA &#8211; 2010<\/a><\/span><\/h5>\n<p>&nbsp;<\/p>\n<p><strong>INSTRU\u00c7\u00c3O NORMATIVA CONJUNTA PGE\/CGE\/SEINFRA \u2013 2011<\/strong><\/p>\n<p>Publicado no Di\u00e1rio Oficial S\u00e9rie 3 Ano III n\u00ba 247, de 28 de Dezembro de 2011, a Introdu\u00e7\u00e3o Normativa N\u00ba 001\/2011, Fortaleza, 28 de fevereiro de 2011, da nova reda\u00e7\u00e3o ao inciso A do Art. 8\u00ba, aos incisos I, V, VI, VIII e XVI e 1\u00ba do Art. 10 e acresce os incisos XXII, XXIII, XXIV e XXV ao Art.10 da Instru\u00e7\u00e3o Normativa Conjunta CGE\/SEINFRA N\u00ba001\/2010, de 22 de Fevereiro de 2010, que uniformiza os procedimentos e entidades do Governo do Estado do Cear\u00e1 na Execu\u00e7\u00e3o de despesas relativas \u00e0s obras e servi\u00e7\u00f5es de engenharia e d\u00e1 outras providencias.<\/p>\n<h5><span style=\"color: #fc6836\"><a style=\"color: #fc6836\" href=\"https:\/\/www.dae.ce.gov.br\/wp-content\/uploads\/sites\/31\/2018\/02\/instruo-normativa-conjunta-pge-cge-e-seinfra-2011.pdf\">INSTRU\u00c7\u00c3O NORMATIVA 2011<\/a><\/span><\/h5>\n<p>&nbsp;<\/p>\n<p><strong>INSTRU\u00c7\u00c3O NORMATIVA &#8211; 2014<\/strong><\/p>\n<p>T\u00edtulo: I Regulamenta\u00e7\u00e3o das atribui\u00e7\u00f5es dos servidores integrantes de Comiss\u00f5es de Fiscaliza\u00e7\u00e3o de Obras de Infraestrutura de Edifica\u00e7\u00f5es P\u00fablicas;\u00a0II Procedimentos para concess\u00e3o de Gratifica\u00e7\u00e3o de Fiscaliza\u00e7\u00e3o de Obras de Infraestrutura de Edifica\u00e7\u00f5es \u2013 GFOE.<\/p>\n<p>Resultado Esperado: Definir, de forma clara e precisa no \u00e2mbito do Departamento de Arquitetura e Engenharia \u2013 DAE, a regimenta\u00e7\u00e3o de atribui\u00e7\u00f5es para Fiscaliza\u00e7\u00e3o de Infraestrutura de Edifica\u00e7\u00f5es P\u00fablicas, bem como os procedimentos legais necess\u00e1rios \u00e0 concess\u00e3o da Gratifica\u00e7\u00e3o para os servidores que atuam efetivamente nesse fiscaliza\u00e7\u00e3o, conforme estabelece o art. 11 \u00e0 13 da Lei Estadual 15.573, de 07 de abril de 2014, publicada no DOE-CE em 07 de abril de 2014.<\/p>\n<h5><span style=\"color: #fc6836\"><a style=\"color: #fc6836\" href=\"https:\/\/www.ce.gov.br\/sop\/wp-content\/uploads\/sites\/76\/2018\/02\/instruo-normativa-n-0001-2014-de-07.04.2014.pdf\">INSTRU\u00c7\u00c3O NORMATIVA N 0001 2014 de 07.04.2014<\/a><\/span><\/h5>\n<p>&nbsp;<\/p>\n<div class=\"texto-institucional\">\n<h3 class=\"titulo \">Entrega de Medi\u00e7\u00f5es<\/h3>\n<p>&nbsp;<\/p>\n<p>As medi\u00e7\u00f5es relativas \u00e0s obras p\u00fablicas do Governo do Estado do Cear\u00e1 dever\u00e3o ser solicitadas pela Contratada, mediante protocolo no \u00f3rg\u00e3o ou entidade contratante,anexando os documentos abaixo:<\/p>\n<p>&nbsp;<\/p>\n<p>NO CASO DE OBRAS DE EDIFICA\u00c7\u00d5ES P\u00daBLICAS<\/p>\n<p>&nbsp;<\/p>\n<p class=\"destacado\">Mem\u00f3ria de C\u00e1lculo<\/p>\n<p class=\"destacado\">C\u00f3pia do Di\u00e1rio da Obra especificando as datas conforme o per\u00edodo da medi\u00e7\u00e3o.<\/p>\n<p class=\"destacado\">Planta Iluminada, especificando o nome da Obra e o N\u00ba do Contrato<\/p>\n<p class=\"destacado\">Relat\u00f3rio Fotogr\u00e1fico, acompanhado do coment\u00e1rio por foto.<\/p>\n<p class=\"destacado\">ART, anexando o comprovante de pagamento, quando da 1\u00aa medi\u00e7\u00e3o.<\/p>\n<p class=\"destacado\">Cronograma Executivo realizado.<\/p>\n<p class=\"destacado\">Boletim de Medi\u00e7\u00e3o e Boletim de Faturamento a ser entregue em planilha eletr\u00f4nica e impresso em 02(duas) vias, conforme o modelo disponibilizado pelo DAE.<\/p>\n<p class=\"destacado\">Certificado da Medi\u00e7\u00e3o em 02(duas) vias.<\/p>\n<p class=\"destacado\">Apresenta\u00e7\u00e3o do Programa de Condi\u00e7\u00f5es do Meio Ambiente de Trabalho na ind\u00fastria da constru\u00e7\u00e3o &#8211; PCMAT, para obras com 20 (vinte) trabalhadores ou mais, de acordo com a NR 18 do Minist\u00e9rio do Trabalho e Emprego. Para obras com menos de 20 trabalhadores, apresentar o Relat\u00f3rio de acidentes de trabalho.<\/p>\n<p class=\"destacado\">Carta de Apresenta\u00e7\u00e3o da Medi\u00e7\u00e3o em 02(duas) vias.<\/p>\n<p class=\"destacado\">Quadro Resumo Financeiro em 02(duas) vias, conforme modelo disponibilizado pelo DAE.<\/p>\n<p class=\"destacado\">Certid\u00f5es de Regularidade Fiscal ( Federal, Estadual e Municipal) conforme exig\u00eancia do Art.55,inciso XII, da Lei N\u00ba 8.666\/93.<\/p>\n<\/div>\n<p>&nbsp;<\/p>\n","protected":false},"excerpt":{"rendered":"<p>&nbsp; Solicita\u00e7\u00e3o de Projetos de Arquitetura e Engenharia &nbsp; Esta Orienta\u00e7\u00e3o T\u00e9cnica visa uniformizar o entendimento quanto \u00e0 defini\u00e7\u00e3o de Projeto B\u00e1sico especificada na Lei Federal 8.666\/93 e altera\u00e7\u00f5es posteriores. &nbsp; Guia Orienta\u00e7\u00e3o Web CHECK LIST 01 \u2013 PARA DADOS DE ENTRADA PROJETO ARQUITET\u00d4NICO NOVO CHECK LIST 02 \u2013 PARA DADOS DE ENTRADA PROJETO DE [&hellip;]<\/p>\n","protected":false},"author":12,"featured_media":0,"parent":0,"menu_order":0,"comment_status":"closed","ping_status":"closed","template":"","meta":{"_acf_changed":false,"inline_featured_image":false,"footnotes":""},"class_list":["post-1176","page","type-page","status-publish","hentry"],"acf":[],"yoast_head":"<!-- This site is optimized with the Yoast SEO plugin v27.3 - https:\/\/yoast.com\/product\/yoast-seo-wordpress\/ -->\n<title>Normas e Procedimentos - SOP<\/title>\n<meta name=\"robots\" content=\"index, follow, max-snippet:-1, max-image-preview:large, max-video-preview:-1\" \/>\n<link rel=\"canonical\" href=\"https:\/\/www.ce.gov.br\/sop\/normas-e-procedimentos\/\" \/>\n<meta property=\"og:locale\" content=\"pt_BR\" \/>\n<meta property=\"og:type\" content=\"article\" \/>\n<meta property=\"og:title\" content=\"Normas e Procedimentos - SOP\" \/>\n<meta property=\"og:description\" content=\"&nbsp; Solicita\u00e7\u00e3o de Projetos de Arquitetura e Engenharia &nbsp; Esta Orienta\u00e7\u00e3o T\u00e9cnica visa uniformizar o entendimento quanto \u00e0 defini\u00e7\u00e3o de Projeto B\u00e1sico especificada na Lei Federal 8.666\/93 e altera\u00e7\u00f5es posteriores. &nbsp; Guia Orienta\u00e7\u00e3o Web CHECK LIST 01 \u2013 PARA DADOS DE ENTRADA PROJETO ARQUITET\u00d4NICO NOVO CHECK LIST 02 \u2013 PARA DADOS DE ENTRADA PROJETO DE [&hellip;]\" \/>\n<meta property=\"og:url\" content=\"https:\/\/www.ce.gov.br\/sop\/normas-e-procedimentos\/\" \/>\n<meta property=\"og:site_name\" content=\"SOP\" \/>\n<meta name=\"twitter:card\" content=\"summary_large_image\" \/>\n<meta name=\"twitter:label1\" content=\"Est. reading time\" \/>\n\t<meta name=\"twitter:data1\" content=\"3 minutos\" \/>\n<script type=\"application\/ld+json\" class=\"yoast-schema-graph\">{\"@context\":\"https:\\\/\\\/schema.org\",\"@graph\":[{\"@type\":\"WebPage\",\"@id\":\"https:\\\/\\\/www.ce.gov.br\\\/sop\\\/normas-e-procedimentos\\\/\",\"url\":\"https:\\\/\\\/www.ce.gov.br\\\/sop\\\/normas-e-procedimentos\\\/\",\"name\":\"Normas e Procedimentos - SOP\",\"isPartOf\":{\"@id\":\"https:\\\/\\\/www.ce.gov.br\\\/sop\\\/#website\"},\"datePublished\":\"2018-02-01T16:14:51+00:00\",\"breadcrumb\":{\"@id\":\"https:\\\/\\\/www.ce.gov.br\\\/sop\\\/normas-e-procedimentos\\\/#breadcrumb\"},\"inLanguage\":\"pt-BR\",\"potentialAction\":[{\"@type\":\"ReadAction\",\"target\":[\"https:\\\/\\\/www.ce.gov.br\\\/sop\\\/normas-e-procedimentos\\\/\"]}]},{\"@type\":\"BreadcrumbList\",\"@id\":\"https:\\\/\\\/www.ce.gov.br\\\/sop\\\/normas-e-procedimentos\\\/#breadcrumb\",\"itemListElement\":[{\"@type\":\"ListItem\",\"position\":1,\"name\":\"In\u00edcio\",\"item\":\"https:\\\/\\\/www.ce.gov.br\\\/sop\\\/\"},{\"@type\":\"ListItem\",\"position\":2,\"name\":\"Normas e Procedimentos\"}]},{\"@type\":\"WebSite\",\"@id\":\"https:\\\/\\\/www.ce.gov.br\\\/sop\\\/#website\",\"url\":\"https:\\\/\\\/www.ce.gov.br\\\/sop\\\/\",\"name\":\"Departamento Estadual de Rodovias\",\"description\":\"Portal SOP\",\"potentialAction\":[{\"@type\":\"SearchAction\",\"target\":{\"@type\":\"EntryPoint\",\"urlTemplate\":\"https:\\\/\\\/www.ce.gov.br\\\/sop\\\/?s={search_term_string}\"},\"query-input\":{\"@type\":\"PropertyValueSpecification\",\"valueRequired\":true,\"valueName\":\"search_term_string\"}}],\"inLanguage\":\"pt-BR\"}]}<\/script>\n<!-- \/ Yoast SEO plugin. -->","yoast_head_json":{"title":"Normas e Procedimentos - SOP","robots":{"index":"index","follow":"follow","max-snippet":"max-snippet:-1","max-image-preview":"max-image-preview:large","max-video-preview":"max-video-preview:-1"},"canonical":"https:\/\/www.ce.gov.br\/sop\/normas-e-procedimentos\/","og_locale":"pt_BR","og_type":"article","og_title":"Normas e Procedimentos - SOP","og_description":"&nbsp; Solicita\u00e7\u00e3o de Projetos de Arquitetura e Engenharia &nbsp; Esta Orienta\u00e7\u00e3o T\u00e9cnica visa uniformizar o entendimento quanto \u00e0 defini\u00e7\u00e3o de Projeto B\u00e1sico especificada na Lei Federal 8.666\/93 e altera\u00e7\u00f5es posteriores. &nbsp; Guia Orienta\u00e7\u00e3o Web CHECK LIST 01 \u2013 PARA DADOS DE ENTRADA PROJETO ARQUITET\u00d4NICO NOVO CHECK LIST 02 \u2013 PARA DADOS DE ENTRADA PROJETO DE [&hellip;]","og_url":"https:\/\/www.ce.gov.br\/sop\/normas-e-procedimentos\/","og_site_name":"SOP","twitter_card":"summary_large_image","twitter_misc":{"Est. reading time":"3 minutos"},"schema":{"@context":"https:\/\/schema.org","@graph":[{"@type":"WebPage","@id":"https:\/\/www.ce.gov.br\/sop\/normas-e-procedimentos\/","url":"https:\/\/www.ce.gov.br\/sop\/normas-e-procedimentos\/","name":"Normas e Procedimentos - SOP","isPartOf":{"@id":"https:\/\/www.ce.gov.br\/sop\/#website"},"datePublished":"2018-02-01T16:14:51+00:00","breadcrumb":{"@id":"https:\/\/www.ce.gov.br\/sop\/normas-e-procedimentos\/#breadcrumb"},"inLanguage":"pt-BR","potentialAction":[{"@type":"ReadAction","target":["https:\/\/www.ce.gov.br\/sop\/normas-e-procedimentos\/"]}]},{"@type":"BreadcrumbList","@id":"https:\/\/www.ce.gov.br\/sop\/normas-e-procedimentos\/#breadcrumb","itemListElement":[{"@type":"ListItem","position":1,"name":"In\u00edcio","item":"https:\/\/www.ce.gov.br\/sop\/"},{"@type":"ListItem","position":2,"name":"Normas e Procedimentos"}]},{"@type":"WebSite","@id":"https:\/\/www.ce.gov.br\/sop\/#website","url":"https:\/\/www.ce.gov.br\/sop\/","name":"Departamento Estadual de Rodovias","description":"Portal SOP","potentialAction":[{"@type":"SearchAction","target":{"@type":"EntryPoint","urlTemplate":"https:\/\/www.ce.gov.br\/sop\/?s={search_term_string}"},"query-input":{"@type":"PropertyValueSpecification","valueRequired":true,"valueName":"search_term_string"}}],"inLanguage":"pt-BR"}]}},"_links":{"self":[{"href":"https:\/\/www.ce.gov.br\/sop\/wp-json\/wp\/v2\/pages\/1176","targetHints":{"allow":["GET"]}}],"collection":[{"href":"https:\/\/www.ce.gov.br\/sop\/wp-json\/wp\/v2\/pages"}],"about":[{"href":"https:\/\/www.ce.gov.br\/sop\/wp-json\/wp\/v2\/types\/page"}],"author":[{"embeddable":true,"href":"https:\/\/www.ce.gov.br\/sop\/wp-json\/wp\/v2\/users\/12"}],"replies":[{"embeddable":true,"href":"https:\/\/www.ce.gov.br\/sop\/wp-json\/wp\/v2\/comments?post=1176"}],"version-history":[{"count":0,"href":"https:\/\/www.ce.gov.br\/sop\/wp-json\/wp\/v2\/pages\/1176\/revisions"}],"wp:attachment":[{"href":"https:\/\/www.ce.gov.br\/sop\/wp-json\/wp\/v2\/media?parent=1176"}],"curies":[{"name":"wp","href":"https:\/\/api.w.org\/{rel}","templated":true}]}}