{"id":1231,"date":"2018-01-23T16:28:39","date_gmt":"2018-01-23T19:28:39","guid":{"rendered":"http:\/\/www.der.ce.gov.br\/?page_id=1231"},"modified":"2026-04-15T12:33:45","modified_gmt":"2026-04-15T15:33:45","slug":"faixa-de-dominio","status":"publish","type":"page","link":"https:\/\/www.ce.gov.br\/sop\/rodovias\/faixa-de-dominio\/","title":{"rendered":"Faixa de Dom\u00ednio"},"content":{"rendered":"\n<div class=\"wp-block-cegovbr-titulo-personalizado cegovbr-titulo-personalizado\"><div class=\"cegovbr-titulo-header\"><span class=\"material-symbols-outlined cegovbr-titulo-icon\">done<\/span><h6 class=\"cegovbr-titulo-text\"><strong>O que \u00e9?<\/strong><\/h6><\/div><\/div>\n\n\n\n<p>\u00c9 a base f\u00edsica sobre a qual assenta uma rodovia, constitu\u00edda pelas pistas de rolamento, canteiros, obras de arte, acostamentos, sinaliza\u00e7\u00f5es e faixas laterais de seguran\u00e7a, entroncamentos e rotat\u00f3rias com as seguintes larguras:<\/p>\n\n\n\n<p>I. pista simples &#8211; 40(quarenta) metros, sendo 20(vinte)metros para cada lado do eixo da rodovia;<\/p>\n\n\n\n<p>II. pista dupla ou m\u00faltipla &#8211; 60(sessenta)metros, sendo 30(trinta)metros para cada lado do eixo da rodovia.<\/p>\n\n\n\n<div class=\"wp-block-cegovbr-titulo-personalizado cegovbr-titulo-personalizado\"><div class=\"cegovbr-titulo-header\"><span class=\"material-symbols-outlined cegovbr-titulo-icon\">done<\/span><h6 class=\"cegovbr-titulo-text\"><strong>Procedimento para uso e ocupa\u00e7\u00e3o<\/strong><\/h6><\/div><\/div>\n\n\n\n<p>Na busca cont\u00ednua pela moderniza\u00e7\u00e3o institucional e presta\u00e7\u00e3o de servi\u00e7os \u00e0 sociedade, a SOP\/CE elaborou normas e procedimentos para nortear e definir as regras para uso e ocupa\u00e7\u00e3o da Faixa de Dom\u00ednio das rodovias sob jurisdi\u00e7\u00e3o da SOP\/CE.<\/p>\n\n\n\n<p>O processo para receber a autoriza\u00e7\u00e3o para uso e ocupa\u00e7\u00e3o da Faixa de Dom\u00ednio das rodovias sob jurisdi\u00e7\u00e3o da SOP-CE, comp\u00f5e-se basicamente de tr\u00eas etapas.<\/p>\n\n\n\n<p>O interessado poder\u00e1 protocolar na SOP\/CE ou via e-mail (faixadedominio@sop.ce.gov.br) o requerimento devidamente preenchido informando o tipo de uso e ocupa\u00e7\u00e3o da faixa de dom\u00ednio, o qual dar\u00e1 origem a um processo administrativo, para emiss\u00e3o do documento final de autoriza\u00e7\u00e3o com as seguintes instru\u00e7\u00f5es:<\/p>\n\n\n\n<p>1) an\u00e1lise de viabilidade \u2013 com pagamento da taxa de vistoria inicial e apresenta\u00e7\u00e3o de documenta\u00e7\u00e3o espec\u00edfica (rela\u00e7\u00e3o no requerimento);<br>2) an\u00e1lise de projetos \u2013 com o pagamento da taxa de an\u00e1lise de projetos e apresenta\u00e7\u00e3o de projetos (rela\u00e7\u00e3o no parecer t\u00e9cnico e viabilidade);<br>3) emiss\u00e3o de DE AUTORIZA\u00c7\u00c3O E TERMO DE PERMISS\u00c3O DE USO ESPECIAL DA FAIXA DE DOM\u00cdNIO.<\/p>\n\n\n\n<ul class=\"wp-block-list\">\n<li><a href=\"https:\/\/www.ce.gov.br\/sop\/wp-content\/uploads\/sites\/76\/2021\/04\/Informacoes-Complementares-2021-faixa-de-dominio.pdf\" target=\"_blank\" rel=\"noreferrer noopener\">Informa\u00e7\u00f5es Complementares<\/a><\/li>\n<\/ul>\n\n\n\n<p>Toda an\u00e1lise ter\u00e1 como base o manual de normas t\u00e9cnicas da SOP\/CE<\/p>\n\n\n\n<div class=\"wp-block-cegovbr-titulo-personalizado cegovbr-titulo-personalizado\"><div class=\"cegovbr-titulo-header\"><span class=\"material-symbols-outlined cegovbr-titulo-icon\">done<\/span><h6 class=\"cegovbr-titulo-text\"><strong>Valores das Taxas<\/strong><\/h6><\/div><\/div>\n\n\n\n<p>Os boletos com os valores das Taxas de Vistoria Inicial, An\u00e1lise Projetos e valor da remunera\u00e7\u00e3o anual ser\u00e3o emitidos ap\u00f3s o requerimento ser protocolado para que seja calculado o valor de acordo com a localiza\u00e7\u00e3o da obra\/empreendimento e ser\u00e1 enviado por e-mail para o requerente.<\/p>\n\n\n\n<div class=\"wp-block-cegovbr-titulo-personalizado cegovbr-titulo-personalizado\"><div class=\"cegovbr-titulo-header\"><span class=\"material-symbols-outlined cegovbr-titulo-icon\">done<\/span><h6 class=\"cegovbr-titulo-text\"><strong>Legisla\u00e7\u00f5es de regulamenta\u00e7\u00e3o sobre o uso e ocupa\u00e7\u00e3o das Faixas de Dom\u00ednio nas rodovias estaduais sob jurisdi\u00e7\u00e3o da SOP\/CE<\/strong><\/h6><\/div><\/div>\n\n\n\n<ul class=\"wp-block-list\">\n<li><a href=\"https:\/\/www.ce.gov.br\/sop\/wp-content\/uploads\/sites\/76\/2026\/01\/REQUERIMENTO-faixa-de-dominio-2026.pdf\">REQUERIMENTO<\/a><\/li>\n\n\n\n<li><a href=\"\/wp-content\/uploads\/sites\/76\/2018\/03\/Resolu\u00e7\u00f5es-CDD-Faixa-de-Dominio.pdf\" target=\"_blank\" rel=\"noreferrer noopener\">Resolu\u00e7\u00e3o do Conselho Deliberativo da SOP sobre limites das faixas de dom\u00ednio das rodovias estaduais.<\/a><\/li>\n\n\n\n<li><a href=\"\/wp-content\/uploads\/sites\/76\/2019\/10\/Lei-13.327-15-07-2003-Faixa-de-Dom\u00ednio.pdf\" target=\"_blank\" rel=\"noreferrer noopener\">Lei N\u00ba 13.327 de 15\/07\/2003 Disp\u00f5e sobre a utiliza\u00e7\u00e3o e ocupa\u00e7\u00e3o das Faixas de Dom\u00ednio nas rodovias estaduais.<\/a><\/li>\n\n\n\n<li><a href=\"\/wp-content\/uploads\/sites\/76\/2019\/04\/Lei-N\u00ba-16.847-06032019.pdf\">Lei N\u00ba 16.847 de 06\/03\/2019. (Revoga Lei N\u00ba 13.327) Disp\u00f5e sobre a utiliza\u00e7\u00e3o e ocupa\u00e7\u00e3o das Faixas de Dom\u00ednio nas Rodovias Estaduais<\/a><\/li>\n\n\n\n<li><a href=\"https:\/\/www.ce.gov.br\/sop\/wp-content\/uploads\/sites\/76\/2019\/07\/do20190416p01.pdf\">Decreto N\u00b033.039 de 15 de abril de 2019, regulamenta a lei Estadual 16.847 de 06\/03\/2019.<\/a><\/li>\n\n\n\n<li><a href=\"\/wp-content\/uploads\/sites\/76\/2019\/10\/Decreto-N\u00ba-27.209-Aprova-Regulamento-Faixa-de-Dominio.pdf\" target=\"_blank\" rel=\"noreferrer noopener\">Decreto N\u00ba 27.209 de 10\/10\/2003 Aprova a Utiliza\u00e7\u00e3o e Ocupa\u00e7\u00e3o das Faixas de Dom\u00ednio.<\/a><\/li>\n\n\n\n<li><a href=\"\/wp-content\/uploads\/sites\/76\/2019\/10\/DEC-27.257-18-NOV-2003.pdf\" target=\"_blank\" rel=\"noreferrer noopener\">Decreto N\u00ba 27.257 13094 de 18\/11\/2003 DOE 19\/11\/03 Altera Art 23 do Decreto N\u00ba 27.209.<\/a><\/li>\n\n\n\n<li><a href=\"\/wp-content\/uploads\/sites\/76\/2019\/10\/DEC-32.331-05-OUT-2017.pdf\" target=\"_blank\" rel=\"noreferrer noopener\">Decreto N\u00ba 32.331 de 14\/09\/2017 &#8211; DOE 05\/10\/17 Incluir o inciso XV do artigo 2\u00ba e Altera o Decreto N\u00ba 27.209 de 10\/10\/2003.<\/a><\/li>\n\n\n\n<li><a href=\"\/wp-content\/uploads\/sites\/76\/2024\/07\/Lei-17.17.835-de-16-de-dezembro-de-2021.pdf\" target=\"_blank\" rel=\"noreferrer noopener\">Lei 17.17.835 de 16 de dezembro de 2021 que disp\u00f5e sobre a utiliza\u00e7\u00e3o e ocupa\u00e7\u00e3o das faixas de dom\u00ednio nas rodovias estaduais.<\/a><\/li>\n<\/ul>\n\n\n\n<div class=\"wp-block-cegovbr-titulo-personalizado cegovbr-titulo-personalizado\"><div class=\"cegovbr-titulo-header\"><span class=\"material-symbols-outlined cegovbr-titulo-icon\">done<\/span><h6 class=\"cegovbr-titulo-text\"><strong>Notas T\u00e9cnicas<\/strong><\/h6><\/div><\/div>\n\n\n\n<ul class=\"wp-block-list\">\n<li><a href=\"https:\/\/www.ce.gov.br\/sop\/wp-content\/uploads\/sites\/76\/2024\/04\/NT01.01-Ocupacao-Linear-FD-DER.pdf\">Ocupa\u00e7\u00e3o Linear FD<\/a><\/li>\n\n\n\n<li><a href=\"https:\/\/www.ce.gov.br\/sop\/wp-content\/uploads\/sites\/76\/2024\/04\/NT01.02-Acesso-Rodovia-FD-SOP.pdf\">Acesso Rodovia FD<\/a><\/li>\n\n\n\n<li><a href=\"https:\/\/www.ce.gov.br\/sop\/wp-content\/uploads\/sites\/76\/2024\/04\/NT01.03-Ocupacao-Pontual-FD-DER.pdf\">Ocupa\u00e7\u00e3o Pontual FD<\/a><\/li>\n\n\n\n<li><a href=\"https:\/\/www.ce.gov.br\/sop\/wp-content\/uploads\/sites\/76\/2024\/04\/NT01.04-Ocupacao-Publicidade-FD-DER.pdf\">Ocupa\u00e7\u00e3o Publicidade FD<\/a><\/li>\n\n\n\n<li><a href=\"https:\/\/www.ce.gov.br\/sop\/wp-content\/uploads\/sites\/76\/2024\/04\/NT01.05-OcupacaoDispositivos-Urbanos-FD-DER.pdf\">Ocupa\u00e7\u00e3o Dispositivos Urbanos FD<\/a><\/li>\n<\/ul>\n\n\n\n<p>Para acessar mais informa\u00e7\u00f5es consulte o <strong><a href=\"https:\/\/www.seplag.ce.gov.br\/index.php?option=com_wrapper&amp;view=wrapper&amp;Itemid=1704\" target=\"_blank\" rel=\"noreferrer noopener\">Cat\u00e1logo de Servi\u00e7os do Estado do Cear\u00e1.<\/a><\/strong><\/p>\n","protected":false},"excerpt":{"rendered":"<p>\u00c9 a base f\u00edsica sobre a qual assenta uma rodovia, constitu\u00edda pelas pistas de rolamento, canteiros, obras de arte, acostamentos, sinaliza\u00e7\u00f5es e faixas laterais de seguran\u00e7a, entroncamentos e rotat\u00f3rias com as seguintes larguras: I. pista simples &#8211; 40(quarenta) metros, sendo 20(vinte)metros para cada lado do eixo da rodovia; II. pista dupla ou m\u00faltipla &#8211; 60(sessenta)metros, [&hellip;]<\/p>\n","protected":false},"author":12,"featured_media":0,"parent":1225,"menu_order":0,"comment_status":"closed","ping_status":"closed","template":"","meta":{"_acf_changed":false,"inline_featured_image":false,"footnotes":""},"class_list":["post-1231","page","type-page","status-publish","hentry"],"acf":[],"yoast_head":"<!-- This site is optimized with the Yoast SEO plugin v27.3 - https:\/\/yoast.com\/product\/yoast-seo-wordpress\/ -->\n<title>Faixa de Dom\u00ednio - SOP<\/title>\n<meta name=\"robots\" content=\"index, follow, max-snippet:-1, max-image-preview:large, max-video-preview:-1\" \/>\n<link rel=\"canonical\" href=\"https:\/\/www.ce.gov.br\/sop\/rodovias\/faixa-de-dominio\/\" \/>\n<meta property=\"og:locale\" content=\"pt_BR\" \/>\n<meta property=\"og:type\" content=\"article\" \/>\n<meta property=\"og:title\" content=\"Faixa de Dom\u00ednio - SOP\" \/>\n<meta property=\"og:description\" content=\"\u00c9 a base f\u00edsica sobre a qual assenta uma rodovia, constitu\u00edda pelas pistas de rolamento, canteiros, obras de arte, acostamentos, sinaliza\u00e7\u00f5es e faixas laterais de seguran\u00e7a, entroncamentos e rotat\u00f3rias com as seguintes larguras: I. pista simples &#8211; 40(quarenta) metros, sendo 20(vinte)metros para cada lado do eixo da rodovia; II. pista dupla ou m\u00faltipla &#8211; 60(sessenta)metros, [&hellip;]\" \/>\n<meta property=\"og:url\" content=\"https:\/\/www.ce.gov.br\/sop\/rodovias\/faixa-de-dominio\/\" \/>\n<meta property=\"og:site_name\" content=\"SOP\" \/>\n<meta property=\"article:modified_time\" content=\"2026-04-15T15:33:45+00:00\" \/>\n<meta name=\"twitter:card\" content=\"summary_large_image\" \/>\n<meta name=\"twitter:label1\" content=\"Est. reading time\" \/>\n\t<meta name=\"twitter:data1\" content=\"3 minutos\" \/>\n<script type=\"application\/ld+json\" class=\"yoast-schema-graph\">{\"@context\":\"https:\\\/\\\/schema.org\",\"@graph\":[{\"@type\":\"WebPage\",\"@id\":\"https:\\\/\\\/www.ce.gov.br\\\/sop\\\/rodovias\\\/faixa-de-dominio\\\/\",\"url\":\"https:\\\/\\\/www.ce.gov.br\\\/sop\\\/rodovias\\\/faixa-de-dominio\\\/\",\"name\":\"Faixa de Dom\u00ednio - SOP\",\"isPartOf\":{\"@id\":\"https:\\\/\\\/www.ce.gov.br\\\/sop\\\/#website\"},\"datePublished\":\"2018-01-23T19:28:39+00:00\",\"dateModified\":\"2026-04-15T15:33:45+00:00\",\"breadcrumb\":{\"@id\":\"https:\\\/\\\/www.ce.gov.br\\\/sop\\\/rodovias\\\/faixa-de-dominio\\\/#breadcrumb\"},\"inLanguage\":\"pt-BR\",\"potentialAction\":[{\"@type\":\"ReadAction\",\"target\":[\"https:\\\/\\\/www.ce.gov.br\\\/sop\\\/rodovias\\\/faixa-de-dominio\\\/\"]}]},{\"@type\":\"BreadcrumbList\",\"@id\":\"https:\\\/\\\/www.ce.gov.br\\\/sop\\\/rodovias\\\/faixa-de-dominio\\\/#breadcrumb\",\"itemListElement\":[{\"@type\":\"ListItem\",\"position\":1,\"name\":\"In\u00edcio\",\"item\":\"https:\\\/\\\/www.ce.gov.br\\\/sop\\\/\"},{\"@type\":\"ListItem\",\"position\":2,\"name\":\"Rodovias\",\"item\":\"https:\\\/\\\/www.ce.gov.br\\\/sop\\\/rodovias\\\/\"},{\"@type\":\"ListItem\",\"position\":3,\"name\":\"Faixa de Dom\u00ednio\"}]},{\"@type\":\"WebSite\",\"@id\":\"https:\\\/\\\/www.ce.gov.br\\\/sop\\\/#website\",\"url\":\"https:\\\/\\\/www.ce.gov.br\\\/sop\\\/\",\"name\":\"Departamento Estadual de Rodovias\",\"description\":\"Portal SOP\",\"potentialAction\":[{\"@type\":\"SearchAction\",\"target\":{\"@type\":\"EntryPoint\",\"urlTemplate\":\"https:\\\/\\\/www.ce.gov.br\\\/sop\\\/?s={search_term_string}\"},\"query-input\":{\"@type\":\"PropertyValueSpecification\",\"valueRequired\":true,\"valueName\":\"search_term_string\"}}],\"inLanguage\":\"pt-BR\"}]}<\/script>\n<!-- \/ Yoast SEO plugin. -->","yoast_head_json":{"title":"Faixa de Dom\u00ednio - SOP","robots":{"index":"index","follow":"follow","max-snippet":"max-snippet:-1","max-image-preview":"max-image-preview:large","max-video-preview":"max-video-preview:-1"},"canonical":"https:\/\/www.ce.gov.br\/sop\/rodovias\/faixa-de-dominio\/","og_locale":"pt_BR","og_type":"article","og_title":"Faixa de Dom\u00ednio - SOP","og_description":"\u00c9 a base f\u00edsica sobre a qual assenta uma rodovia, constitu\u00edda pelas pistas de rolamento, canteiros, obras de arte, acostamentos, sinaliza\u00e7\u00f5es e faixas laterais de seguran\u00e7a, entroncamentos e rotat\u00f3rias com as seguintes larguras: I. pista simples &#8211; 40(quarenta) metros, sendo 20(vinte)metros para cada lado do eixo da rodovia; II. pista dupla ou m\u00faltipla &#8211; 60(sessenta)metros, [&hellip;]","og_url":"https:\/\/www.ce.gov.br\/sop\/rodovias\/faixa-de-dominio\/","og_site_name":"SOP","article_modified_time":"2026-04-15T15:33:45+00:00","twitter_card":"summary_large_image","twitter_misc":{"Est. reading time":"3 minutos"},"schema":{"@context":"https:\/\/schema.org","@graph":[{"@type":"WebPage","@id":"https:\/\/www.ce.gov.br\/sop\/rodovias\/faixa-de-dominio\/","url":"https:\/\/www.ce.gov.br\/sop\/rodovias\/faixa-de-dominio\/","name":"Faixa de Dom\u00ednio - SOP","isPartOf":{"@id":"https:\/\/www.ce.gov.br\/sop\/#website"},"datePublished":"2018-01-23T19:28:39+00:00","dateModified":"2026-04-15T15:33:45+00:00","breadcrumb":{"@id":"https:\/\/www.ce.gov.br\/sop\/rodovias\/faixa-de-dominio\/#breadcrumb"},"inLanguage":"pt-BR","potentialAction":[{"@type":"ReadAction","target":["https:\/\/www.ce.gov.br\/sop\/rodovias\/faixa-de-dominio\/"]}]},{"@type":"BreadcrumbList","@id":"https:\/\/www.ce.gov.br\/sop\/rodovias\/faixa-de-dominio\/#breadcrumb","itemListElement":[{"@type":"ListItem","position":1,"name":"In\u00edcio","item":"https:\/\/www.ce.gov.br\/sop\/"},{"@type":"ListItem","position":2,"name":"Rodovias","item":"https:\/\/www.ce.gov.br\/sop\/rodovias\/"},{"@type":"ListItem","position":3,"name":"Faixa de Dom\u00ednio"}]},{"@type":"WebSite","@id":"https:\/\/www.ce.gov.br\/sop\/#website","url":"https:\/\/www.ce.gov.br\/sop\/","name":"Departamento Estadual de Rodovias","description":"Portal SOP","potentialAction":[{"@type":"SearchAction","target":{"@type":"EntryPoint","urlTemplate":"https:\/\/www.ce.gov.br\/sop\/?s={search_term_string}"},"query-input":{"@type":"PropertyValueSpecification","valueRequired":true,"valueName":"search_term_string"}}],"inLanguage":"pt-BR"}]}},"_links":{"self":[{"href":"https:\/\/www.ce.gov.br\/sop\/wp-json\/wp\/v2\/pages\/1231","targetHints":{"allow":["GET"]}}],"collection":[{"href":"https:\/\/www.ce.gov.br\/sop\/wp-json\/wp\/v2\/pages"}],"about":[{"href":"https:\/\/www.ce.gov.br\/sop\/wp-json\/wp\/v2\/types\/page"}],"author":[{"embeddable":true,"href":"https:\/\/www.ce.gov.br\/sop\/wp-json\/wp\/v2\/users\/12"}],"replies":[{"embeddable":true,"href":"https:\/\/www.ce.gov.br\/sop\/wp-json\/wp\/v2\/comments?post=1231"}],"version-history":[{"count":122,"href":"https:\/\/www.ce.gov.br\/sop\/wp-json\/wp\/v2\/pages\/1231\/revisions"}],"predecessor-version":[{"id":79069,"href":"https:\/\/www.ce.gov.br\/sop\/wp-json\/wp\/v2\/pages\/1231\/revisions\/79069"}],"up":[{"embeddable":true,"href":"https:\/\/www.ce.gov.br\/sop\/wp-json\/wp\/v2\/pages\/1225"}],"wp:attachment":[{"href":"https:\/\/www.ce.gov.br\/sop\/wp-json\/wp\/v2\/media?parent=1231"}],"curies":[{"name":"wp","href":"https:\/\/api.w.org\/{rel}","templated":true}]}}