{"id":1291,"date":"2018-01-24T14:26:49","date_gmt":"2018-01-24T17:26:49","guid":{"rendered":"http:\/\/www.der.ce.gov.br\/?page_id=1291"},"modified":"2018-01-26T15:43:29","modified_gmt":"2018-01-26T18:43:29","slug":"servicos","status":"publish","type":"page","link":"https:\/\/www.ce.gov.br\/sop\/servicos\/","title":{"rendered":"Servi\u00e7os"},"content":{"rendered":"\n    <h3 class=\"titulo personalizado\"> <\/h3>\n\n<div class=\"SistemasExternos\">\r\n<table>\r\n <thead>\r\n  <tr>\r\n     <th width=\"17%\">Nome\/Quem desenvolveu<\/th>\r\n     <th width=\"58%\">Finalidade<\/th>\r\n     <th width=\"25%\">URL<\/th>\r\n  <\/tr>\r\n <\/thead>\r\n <tbody>\r\n\r\n\r\n  <!-- sistema inicio -->\r\n  <tr>\r\n    <td class=\"laranja\">\r\n      <span>SIGSOP<\/span>\r\n      <p>SOP<\/p>\r\n    <\/td>\r\n    <td>\r\n      <div>\u00c9 um sistema integrado de gest\u00e3o, desenvolvido pela GETEC(Gerencia de Tecnologia da Informa\u00e7\u00e3o), com a finalidade de integrar e gerenciar dados, recursos e processos do DER, disponibilizado-os para o p\u00fablico interno (Diretores, Gerentes e Funcion\u00e1rios) e externo (Empresas e \u00f3rg\u00e3os da Administra\u00e7\u00e3o P\u00fablica).<\/div>\r\n    <\/td>\r\n    <td>\r\n      <div>\r\n            <a href=\"https:\/\/sigsopedificacoes.sop.ce.gov.br\/\" target=\"_blank\" rel=\"noopener noreferrer\">SIGSOP - Edifica\u00e7\u00f5es<\/a><br>\r\n            <a href=\"https:\/\/sigsoprodovias.sop.ce.gov.br\/\" target=\"_blank\" rel=\"noopener noreferrer\">SIGSOP - Rodovias<\/a>  \r\n      <\/div>\r\n    <\/td>\r\n  <\/tr>\r\n  <!-- sistema final -->\r\n\r\n  <!-- sistema inicio -->\r\n  <tr>\r\n    <td class=\"laranja\">\r\n      <span>GPSOP<\/span>\r\n      <p>SOP<\/p>\r\n    <\/td>\r\n    <td>\r\n      <div>Sistema de Gerenciamento de Projetos<\/div>\r\n    <\/td>\r\n    <td>\r\n      <div>\r\n            <a href=\"https:\/\/gpdae.dae.ce.gov.br\/\" target=\"_blank\" rel=\"noopener noreferrer\">GPDAE<\/a>\r\n      <\/div>\r\n    <\/td>\r\n  <\/tr>\r\n  <!-- sistema final -->\r\n\r\n  <!-- sistema inicio -->\r\n  <tr>\r\n    <td class=\"laranja\">\r\n      <span>DAE Eletr\u00f4nico<\/span>\r\n      <p>SOP<\/p>\r\n    <\/td>\r\n    <td>\r\n      <div>Gera\u00e7\u00e3o de boleto de Arrecada\u00e7\u00e3o Estadual, referente a pagamentos de servi\u00e7os prestados pelo DER, tais como: taxa para o uso de faixa de dom\u00ednio, an\u00e1lise de projeto, vistorias, permiss\u00e3o para uso de \u00e1rea aeroportu\u00e1ria, etc.<\/div>\r\n    <\/td>\r\n    <td>\r\n      <div><a href=\"https:\/\/daeeletronico.der.ce.gov.br\/\" target=\"_blank\" rel=\"noopener noreferrer\">DAE Eletr\u00f4nico<\/a><\/div>\r\n    <\/td>\r\n  <\/tr>\r\n  <!-- sistema final --> \r\n    \r\n  <!-- sistema inicio -->\r\n  <tr>\r\n    <td class=\"laranja\">\r\n      <span>DOWNLOADS<\/span>\r\n      <p>SOP<\/p>\r\n    <\/td>\r\n    <td>\r\n      <div>Acesso aos arquivos disponibilizados para consulta.<\/div>\r\n    <\/td>\r\n    <td>\r\n      <div><a href=\"\/downloads\/\">Downloads<\/a><\/div>\r\n    <\/td>\r\n  <\/tr>\r\n  <!-- sistema final --> \r\n  \r\n  <!-- sistema inicio -->\r\n  <tr>\r\n    <td class=\"laranja\">\r\n      <span>VIPROC<\/span>\r\n      <p>SEPLAG<\/p>\r\n    <\/td>\r\n    <td>\r\n      <div>Acompanhamento de Processos - VIPROC.<\/div>\r\n    <\/td>\r\n    <td>\r\n      <div><a href=\"https:\/\/viproc.seplag.ce.gov.br\/viproc\/\" target=\"_blank\" rel=\"noopener noreferrer\">VIPROC<\/a><\/div>\r\n    <\/td>\r\n  <\/tr>\r\n  <!-- sistema final --> \r\n\r\n  <!-- sistema inicio -->\r\n  <tr>\r\n    <td class=\"laranja\">\r\n      <span>DocMed<\/span>\r\n      <p>SOP<\/p>\r\n    <\/td>\r\n    <td>\r\n      <div>Documentos Para Entrega de Medi\u00e7\u00e3o.<\/div>\r\n    <\/td>\r\n    <td>\r\n      <div><a href=\"\/rodovias\/doctos-para-entrega-de-medicao\/\">Documentos Para Entrega de Medi\u00e7\u00e3o<\/a><\/div>\r\n    <\/td>\r\n  <\/tr>\r\n  <!-- sistema final -->   \r\n\r\n  <!-- sistema inicio -->\r\n  <tr>\r\n    <td class=\"laranja\">\r\n      <span>Servidor OnLine<\/span>\r\n      <p>SEPLAG<\/p>\r\n    <\/td>\r\n    <td>\r\n      <div>Para acessar o Servidor Online, entre em contato com a \u00e1rea de Gest\u00e3o de Pessoas do \u00d3rg\u00e3o\/Entidade em que trabalha para solicitar sua senha.<\/div>\r\n    <\/td>\r\n    <td>\r\n      <div><a href=\"https:\/\/www.seplag.ce.gov.br\/index.php?option=com_content&amp;view=article&amp;id=2498&amp;Itemid=1775\" target=\"_blank\" rel=\"noopener noreferrer\">Servidor OnLine<\/a><\/div>\r\n    <\/td>\r\n  <\/tr>\r\n  <!-- sistema final --> \r\n\r\n  <!-- sistema inicio -->\r\n  <tr>\r\n    <td class=\"laranja\">\r\n      <span>e-Parcerias<\/span>\r\n      <p>CGE<\/p>\r\n    <\/td>\r\n    <td>\r\n      <div>Programas de Parcerias.<\/div>\r\n    <\/td>\r\n    <td>\r\n      <div><a href=\"https:\/\/e-parcerias.cge.ce.gov.br\/e-parcerias-web\/paginas\/programa\/ProgramaList.seam\" target=\"_blank\" rel=\"noopener noreferrer\">Programas de Parcerias<\/a><\/div>\r\n    <\/td>\r\n  <\/tr>\r\n  <!-- sistema final --> \r\n\r\n  <!-- sistema inicio -->\r\n  <tr>\r\n    <td class=\"laranja\">\r\n      <span>CONSPROCESSO<\/span>\r\n      <p>SEPLAG<\/p>\r\n    <\/td>\r\n    <td>\r\n      <div>Consulta de processos do viproc disponibilizados pela seplag.<\/div>\r\n    <\/td>\r\n    <td>\r\n      <div>\r\n          <a href=\"https:\/\/www.seplag.ce.gov.br\/menu-servicos\/acompanhamento-de-processos-viproc\/\" target=\"_blank\" rel=\"noopener noreferrer\">Consulta de Processos VIPROC<\/a>\r\n      <\/div>\r\n    <\/td>\r\n  <\/tr>\r\n  <!-- sistema final --> \r\n\r\n  <!-- sistema inicio -->\r\n  <tr>\r\n    <td class=\"laranja\">\r\n      <span>SIRTRA<\/span>\r\n      <p>SOP<\/p>\r\n    <\/td>\r\n    <td>\r\n      <div>Sistema de Rotas e Trafegabilidade.<\/div>\r\n    <\/td>\r\n    <td>\r\n      <div>\r\n          <a href=\"https:\/\/mapas.der.ce.gov.br\/\" target=\"_blank\" rel=\"noopener noreferrer\">Sistema de Rotas e Trafegabilidade<\/a>\r\n      <\/div>\r\n    <\/td>\r\n  <\/tr>\r\n  <!-- sistema final --> \r\n  \r\n  <!-- sistema inicio -->\r\n  <tr>\r\n    <td class=\"laranja\">\r\n      <span>MAPA<\/span>\r\n      <p>SOP<\/p>\r\n    <\/td>\r\n    <td>\r\n      <div>Mapa do Cear\u00e1.<\/div>\r\n    <\/td>\r\n    <td>\r\n      <div>\r\n          <a href=\"\/mapa-do-ceara\/\">Mapa do Cear\u00e1<\/a>\r\n      <\/div>\r\n    <\/td>\r\n  <\/tr>\r\n  <!-- sistema final --> \r\n\r\n<!-- sistema inicio -->\r\n  <tr>\r\n    <td class=\"laranja\">\r\n      <span>Editais e Publica\u00e7\u00f5es<\/span>\r\n      <p>SOP<\/p>\r\n    <\/td>\r\n    <td>\r\n      <div>Editais e Publica\u00e7\u00f5es.<\/div>\r\n    <\/td>\r\n    <td>\r\n      <div>\r\n          <a href=\"\/editais-e-publicacoes\/\">Editais e Publica\u00e7\u00f5es<\/a>\r\n      <\/div>\r\n    <\/td>\r\n  <\/tr>\r\n  <!-- sistema final -->\r\n \r\n <\/tbody>\r\n<\/table>\r\n<\/div>\n<p>&nbsp;<\/p>\n","protected":false},"excerpt":{"rendered":"<p>&nbsp;<\/p>\n","protected":false},"author":12,"featured_media":0,"parent":0,"menu_order":0,"comment_status":"closed","ping_status":"closed","template":"pagina-lista-filhas.php","meta":{"_acf_changed":false,"inline_featured_image":false,"footnotes":""},"class_list":["post-1291","page","type-page","status-publish","hentry"],"acf":[],"yoast_head":"<!-- This site is optimized with the Yoast SEO plugin v27.3 - https:\/\/yoast.com\/product\/yoast-seo-wordpress\/ -->\n<title>Servi\u00e7os - SOP<\/title>\n<meta name=\"robots\" content=\"index, follow, max-snippet:-1, max-image-preview:large, max-video-preview:-1\" \/>\n<link rel=\"canonical\" href=\"https:\/\/www.ce.gov.br\/sop\/servicos\/\" \/>\n<meta property=\"og:locale\" content=\"pt_BR\" \/>\n<meta property=\"og:type\" content=\"article\" \/>\n<meta property=\"og:title\" content=\"Servi\u00e7os - SOP\" \/>\n<meta property=\"og:description\" content=\"&nbsp;\" \/>\n<meta property=\"og:url\" content=\"https:\/\/www.ce.gov.br\/sop\/servicos\/\" \/>\n<meta property=\"og:site_name\" content=\"SOP\" \/>\n<meta property=\"article:modified_time\" content=\"2018-01-26T18:43:29+00:00\" \/>\n<meta name=\"twitter:card\" content=\"summary_large_image\" \/>\n<script type=\"application\/ld+json\" class=\"yoast-schema-graph\">{\"@context\":\"https:\\\/\\\/schema.org\",\"@graph\":[{\"@type\":\"WebPage\",\"@id\":\"https:\\\/\\\/www.ce.gov.br\\\/sop\\\/servicos\\\/\",\"url\":\"https:\\\/\\\/www.ce.gov.br\\\/sop\\\/servicos\\\/\",\"name\":\"Servi\u00e7os - SOP\",\"isPartOf\":{\"@id\":\"https:\\\/\\\/www.ce.gov.br\\\/sop\\\/#website\"},\"datePublished\":\"2018-01-24T17:26:49+00:00\",\"dateModified\":\"2018-01-26T18:43:29+00:00\",\"breadcrumb\":{\"@id\":\"https:\\\/\\\/www.ce.gov.br\\\/sop\\\/servicos\\\/#breadcrumb\"},\"inLanguage\":\"pt-BR\",\"potentialAction\":[{\"@type\":\"ReadAction\",\"target\":[\"https:\\\/\\\/www.ce.gov.br\\\/sop\\\/servicos\\\/\"]}]},{\"@type\":\"BreadcrumbList\",\"@id\":\"https:\\\/\\\/www.ce.gov.br\\\/sop\\\/servicos\\\/#breadcrumb\",\"itemListElement\":[{\"@type\":\"ListItem\",\"position\":1,\"name\":\"In\u00edcio\",\"item\":\"https:\\\/\\\/www.ce.gov.br\\\/sop\\\/\"},{\"@type\":\"ListItem\",\"position\":2,\"name\":\"Servi\u00e7os\"}]},{\"@type\":\"WebSite\",\"@id\":\"https:\\\/\\\/www.ce.gov.br\\\/sop\\\/#website\",\"url\":\"https:\\\/\\\/www.ce.gov.br\\\/sop\\\/\",\"name\":\"Departamento Estadual de Rodovias\",\"description\":\"Portal SOP\",\"potentialAction\":[{\"@type\":\"SearchAction\",\"target\":{\"@type\":\"EntryPoint\",\"urlTemplate\":\"https:\\\/\\\/www.ce.gov.br\\\/sop\\\/?s={search_term_string}\"},\"query-input\":{\"@type\":\"PropertyValueSpecification\",\"valueRequired\":true,\"valueName\":\"search_term_string\"}}],\"inLanguage\":\"pt-BR\"}]}<\/script>\n<!-- \/ Yoast SEO plugin. -->","yoast_head_json":{"title":"Servi\u00e7os - SOP","robots":{"index":"index","follow":"follow","max-snippet":"max-snippet:-1","max-image-preview":"max-image-preview:large","max-video-preview":"max-video-preview:-1"},"canonical":"https:\/\/www.ce.gov.br\/sop\/servicos\/","og_locale":"pt_BR","og_type":"article","og_title":"Servi\u00e7os - SOP","og_description":"&nbsp;","og_url":"https:\/\/www.ce.gov.br\/sop\/servicos\/","og_site_name":"SOP","article_modified_time":"2018-01-26T18:43:29+00:00","twitter_card":"summary_large_image","schema":{"@context":"https:\/\/schema.org","@graph":[{"@type":"WebPage","@id":"https:\/\/www.ce.gov.br\/sop\/servicos\/","url":"https:\/\/www.ce.gov.br\/sop\/servicos\/","name":"Servi\u00e7os - SOP","isPartOf":{"@id":"https:\/\/www.ce.gov.br\/sop\/#website"},"datePublished":"2018-01-24T17:26:49+00:00","dateModified":"2018-01-26T18:43:29+00:00","breadcrumb":{"@id":"https:\/\/www.ce.gov.br\/sop\/servicos\/#breadcrumb"},"inLanguage":"pt-BR","potentialAction":[{"@type":"ReadAction","target":["https:\/\/www.ce.gov.br\/sop\/servicos\/"]}]},{"@type":"BreadcrumbList","@id":"https:\/\/www.ce.gov.br\/sop\/servicos\/#breadcrumb","itemListElement":[{"@type":"ListItem","position":1,"name":"In\u00edcio","item":"https:\/\/www.ce.gov.br\/sop\/"},{"@type":"ListItem","position":2,"name":"Servi\u00e7os"}]},{"@type":"WebSite","@id":"https:\/\/www.ce.gov.br\/sop\/#website","url":"https:\/\/www.ce.gov.br\/sop\/","name":"Departamento Estadual de Rodovias","description":"Portal SOP","potentialAction":[{"@type":"SearchAction","target":{"@type":"EntryPoint","urlTemplate":"https:\/\/www.ce.gov.br\/sop\/?s={search_term_string}"},"query-input":{"@type":"PropertyValueSpecification","valueRequired":true,"valueName":"search_term_string"}}],"inLanguage":"pt-BR"}]}},"_links":{"self":[{"href":"https:\/\/www.ce.gov.br\/sop\/wp-json\/wp\/v2\/pages\/1291","targetHints":{"allow":["GET"]}}],"collection":[{"href":"https:\/\/www.ce.gov.br\/sop\/wp-json\/wp\/v2\/pages"}],"about":[{"href":"https:\/\/www.ce.gov.br\/sop\/wp-json\/wp\/v2\/types\/page"}],"author":[{"embeddable":true,"href":"https:\/\/www.ce.gov.br\/sop\/wp-json\/wp\/v2\/users\/12"}],"replies":[{"embeddable":true,"href":"https:\/\/www.ce.gov.br\/sop\/wp-json\/wp\/v2\/comments?post=1291"}],"version-history":[{"count":3,"href":"https:\/\/www.ce.gov.br\/sop\/wp-json\/wp\/v2\/pages\/1291\/revisions"}],"predecessor-version":[{"id":1592,"href":"https:\/\/www.ce.gov.br\/sop\/wp-json\/wp\/v2\/pages\/1291\/revisions\/1592"}],"wp:attachment":[{"href":"https:\/\/www.ce.gov.br\/sop\/wp-json\/wp\/v2\/media?parent=1291"}],"curies":[{"name":"wp","href":"https:\/\/api.w.org\/{rel}","templated":true}]}}