{"id":136,"date":"2017-11-21T16:36:42","date_gmt":"2017-11-21T19:36:42","guid":{"rendered":"http:\/\/www.ceara.gov.br\/der\/?page_id=136"},"modified":"2023-03-27T09:48:07","modified_gmt":"2023-03-27T12:48:07","slug":"destaques","status":"publish","type":"page","link":"https:\/\/www.ce.gov.br\/sop\/imprensa\/destaques\/","title":{"rendered":"Destaques"},"content":{"rendered":"\n\n<div class=\"row\" style=\"text-align: center !important\">\r\n\r\n  <div class=\"mp-6 ml-6 tp-4 tl-2 dt-2\">\r\n    \r\n      <a href=\"https:\/\/www.ce.gov.br\/sop\/ouvidoria-da-sop\/\">       \r\n        <img decoding=\"async\" style=\"border-bottom: 5px solid #fc6836;margin: auto\" src=\"https:\/\/www.ce.gov.br\/sop\/wp-content\/uploads\/sites\/76\/2023\/07\/ouvidoria.jpg\">        \r\n      <\/a>\r\n          <h4>Ouvidoria<\/h4>\r\n    \r\n  <\/div>\r\n\r\n  <div class=\"mp-6 ml-6 tp-4 tl-2 dt-2\">\r\n    \r\n    <a href=\"\/mapa-do-ceara\/\">\r\n      <img decoding=\"async\" style=\"border-bottom: 5px solid #fc6836;margin: auto\" src=\"https:\/\/www.ce.gov.br\/sop\/wp-content\/uploads\/sites\/76\/2025\/02\/base-banner-site.jpg\">\r\n    <\/a>\r\n      <h4>Mapa do Cear\u00e1<\/h4>\r\n    \r\n  <\/div>\r\n\r\n  <div class=\"mp-6 ml-6 tp-4 tl-2 dt-2\">\r\n    \r\n      <a href=\"https:\/\/www.ce.gov.br\/sop\/wp-content\/uploads\/sites\/76\/2025\/07\/ARQUIVO-INFORMATIVO-2025.pdf\" target=\"_blank\" rel=\"noopener noreferrer\">\r\n        <img decoding=\"async\" style=\"border-bottom: 5px solid #fc6836;margin: auto\" src=\"https:\/\/www.ce.gov.br\/sop\/wp-content\/uploads\/sites\/76\/2025\/06\/ARQUIVO-INFORMATIVO-2025-2-1.png\">\r\n      <\/a>\r\n      <h4>Informativo Gerencial<\/h4>\r\n    \r\n  <\/div>\r\n\r\n  <div class=\"mp-6 ml-6 tp-4 tl-2 dt-2\">\r\n    \r\n    <a href=\"https:\/\/mapas.sop.ce.gov.br\" target=\"_blank\" rel=\"noopener noreferrer\">\r\n      <img decoding=\"async\" style=\"border-bottom: 5px solid #fc6836;margin: auto\" src=\"https:\/\/www.ce.gov.br\/sop\/wp-content\/uploads\/sites\/76\/2023\/07\/trafegabilidade.jpg\">\r\n    <\/a>\r\n      <h4>Sistema de Rotas e Trafegabilidade<\/h4>\r\n    \r\n  <\/div>\r\n\r\n  <div class=\"mp-6 ml-6 tp-4 tl-2 dt-2\">\r\n    \r\n    <a href=\"https:\/\/www.saude.ce.gov.br\/cuidados-com-a-saude-mental\/\" target=\"_blank\" rel=\"noopener noreferrer\">\r\n      <img decoding=\"async\" style=\"border-bottom: 5px solid #fc6836;margin: auto\" src=\"https:\/\/www.ce.gov.br\/sop\/wp-content\/uploads\/sites\/76\/2023\/07\/saude.jpg\">\r\n    <\/a>\r\n      <h4>Cuidados com a Sa\u00fade Mental (Lei17.310\/20)<\/h4>\r\n    \r\n  <\/div>\r\n\r\n  <div class=\"mp-6 ml-6 tp-4 tl-2 dt-2\">\r\n    \r\n    <a href=\"https:\/\/www.ce.gov.br\/sop\/wp-content\/uploads\/sites\/76\/2020\/12\/Especificacoes-Rodovias-site.pdf\">\r\n      <img decoding=\"async\" style=\"border-bottom: 5px solid #fc6836;margin: auto\" src=\"https:\/\/www.ce.gov.br\/sop\/wp-content\/uploads\/sites\/76\/2023\/07\/rodoviass.jpg\">\r\n    <\/a>\r\n      <h4>Especifica\u00e7\u00f5es de Obras Rodovi\u00e1rias<\/h4>\r\n    \r\n  <\/div>\r\n\r\n<\/div>\n","protected":false},"excerpt":{"rendered":"","protected":false},"author":38,"featured_media":0,"parent":74899,"menu_order":10,"comment_status":"closed","ping_status":"closed","template":"","meta":{"_acf_changed":false,"inline_featured_image":false,"footnotes":""},"class_list":["post-136","page","type-page","status-publish","hentry"],"acf":[],"yoast_head":"<!-- This site is optimized with the Yoast SEO plugin v27.3 - https:\/\/yoast.com\/product\/yoast-seo-wordpress\/ -->\n<title>Destaques - SOP<\/title>\n<meta name=\"robots\" content=\"index, follow, max-snippet:-1, max-image-preview:large, max-video-preview:-1\" \/>\n<link rel=\"canonical\" href=\"https:\/\/www.ce.gov.br\/sop\/imprensa\/destaques\/\" \/>\n<meta property=\"og:locale\" content=\"pt_BR\" \/>\n<meta property=\"og:type\" content=\"article\" \/>\n<meta property=\"og:title\" content=\"Destaques - SOP\" \/>\n<meta property=\"og:url\" content=\"https:\/\/www.ce.gov.br\/sop\/imprensa\/destaques\/\" \/>\n<meta property=\"og:site_name\" content=\"SOP\" \/>\n<meta property=\"article:modified_time\" content=\"2023-03-27T12:48:07+00:00\" \/>\n<meta name=\"twitter:card\" content=\"summary_large_image\" \/>\n<script type=\"application\/ld+json\" class=\"yoast-schema-graph\">{\"@context\":\"https:\\\/\\\/schema.org\",\"@graph\":[{\"@type\":\"WebPage\",\"@id\":\"https:\\\/\\\/www.ce.gov.br\\\/sop\\\/imprensa\\\/destaques\\\/\",\"url\":\"https:\\\/\\\/www.ce.gov.br\\\/sop\\\/imprensa\\\/destaques\\\/\",\"name\":\"Destaques - SOP\",\"isPartOf\":{\"@id\":\"https:\\\/\\\/www.ce.gov.br\\\/sop\\\/#website\"},\"datePublished\":\"2017-11-21T19:36:42+00:00\",\"dateModified\":\"2023-03-27T12:48:07+00:00\",\"breadcrumb\":{\"@id\":\"https:\\\/\\\/www.ce.gov.br\\\/sop\\\/imprensa\\\/destaques\\\/#breadcrumb\"},\"inLanguage\":\"pt-BR\",\"potentialAction\":[{\"@type\":\"ReadAction\",\"target\":[\"https:\\\/\\\/www.ce.gov.br\\\/sop\\\/imprensa\\\/destaques\\\/\"]}]},{\"@type\":\"BreadcrumbList\",\"@id\":\"https:\\\/\\\/www.ce.gov.br\\\/sop\\\/imprensa\\\/destaques\\\/#breadcrumb\",\"itemListElement\":[{\"@type\":\"ListItem\",\"position\":1,\"name\":\"In\u00edcio\",\"item\":\"https:\\\/\\\/www.ce.gov.br\\\/sop\\\/\"},{\"@type\":\"ListItem\",\"position\":2,\"name\":\"Imprensa\",\"item\":\"https:\\\/\\\/www.ce.gov.br\\\/sop\\\/\"},{\"@type\":\"ListItem\",\"position\":3,\"name\":\"Destaques\"}]},{\"@type\":\"WebSite\",\"@id\":\"https:\\\/\\\/www.ce.gov.br\\\/sop\\\/#website\",\"url\":\"https:\\\/\\\/www.ce.gov.br\\\/sop\\\/\",\"name\":\"Departamento Estadual de Rodovias\",\"description\":\"Portal SOP\",\"potentialAction\":[{\"@type\":\"SearchAction\",\"target\":{\"@type\":\"EntryPoint\",\"urlTemplate\":\"https:\\\/\\\/www.ce.gov.br\\\/sop\\\/?s={search_term_string}\"},\"query-input\":{\"@type\":\"PropertyValueSpecification\",\"valueRequired\":true,\"valueName\":\"search_term_string\"}}],\"inLanguage\":\"pt-BR\"}]}<\/script>\n<!-- \/ Yoast SEO plugin. -->","yoast_head_json":{"title":"Destaques - SOP","robots":{"index":"index","follow":"follow","max-snippet":"max-snippet:-1","max-image-preview":"max-image-preview:large","max-video-preview":"max-video-preview:-1"},"canonical":"https:\/\/www.ce.gov.br\/sop\/imprensa\/destaques\/","og_locale":"pt_BR","og_type":"article","og_title":"Destaques - SOP","og_url":"https:\/\/www.ce.gov.br\/sop\/imprensa\/destaques\/","og_site_name":"SOP","article_modified_time":"2023-03-27T12:48:07+00:00","twitter_card":"summary_large_image","schema":{"@context":"https:\/\/schema.org","@graph":[{"@type":"WebPage","@id":"https:\/\/www.ce.gov.br\/sop\/imprensa\/destaques\/","url":"https:\/\/www.ce.gov.br\/sop\/imprensa\/destaques\/","name":"Destaques - SOP","isPartOf":{"@id":"https:\/\/www.ce.gov.br\/sop\/#website"},"datePublished":"2017-11-21T19:36:42+00:00","dateModified":"2023-03-27T12:48:07+00:00","breadcrumb":{"@id":"https:\/\/www.ce.gov.br\/sop\/imprensa\/destaques\/#breadcrumb"},"inLanguage":"pt-BR","potentialAction":[{"@type":"ReadAction","target":["https:\/\/www.ce.gov.br\/sop\/imprensa\/destaques\/"]}]},{"@type":"BreadcrumbList","@id":"https:\/\/www.ce.gov.br\/sop\/imprensa\/destaques\/#breadcrumb","itemListElement":[{"@type":"ListItem","position":1,"name":"In\u00edcio","item":"https:\/\/www.ce.gov.br\/sop\/"},{"@type":"ListItem","position":2,"name":"Imprensa","item":"https:\/\/www.ce.gov.br\/sop\/"},{"@type":"ListItem","position":3,"name":"Destaques"}]},{"@type":"WebSite","@id":"https:\/\/www.ce.gov.br\/sop\/#website","url":"https:\/\/www.ce.gov.br\/sop\/","name":"Departamento Estadual de Rodovias","description":"Portal SOP","potentialAction":[{"@type":"SearchAction","target":{"@type":"EntryPoint","urlTemplate":"https:\/\/www.ce.gov.br\/sop\/?s={search_term_string}"},"query-input":{"@type":"PropertyValueSpecification","valueRequired":true,"valueName":"search_term_string"}}],"inLanguage":"pt-BR"}]}},"_links":{"self":[{"href":"https:\/\/www.ce.gov.br\/sop\/wp-json\/wp\/v2\/pages\/136","targetHints":{"allow":["GET"]}}],"collection":[{"href":"https:\/\/www.ce.gov.br\/sop\/wp-json\/wp\/v2\/pages"}],"about":[{"href":"https:\/\/www.ce.gov.br\/sop\/wp-json\/wp\/v2\/types\/page"}],"author":[{"embeddable":true,"href":"https:\/\/www.ce.gov.br\/sop\/wp-json\/wp\/v2\/users\/38"}],"replies":[{"embeddable":true,"href":"https:\/\/www.ce.gov.br\/sop\/wp-json\/wp\/v2\/comments?post=136"}],"version-history":[{"count":14,"href":"https:\/\/www.ce.gov.br\/sop\/wp-json\/wp\/v2\/pages\/136\/revisions"}],"predecessor-version":[{"id":1590,"href":"https:\/\/www.ce.gov.br\/sop\/wp-json\/wp\/v2\/pages\/136\/revisions\/1590"}],"up":[{"embeddable":true,"href":"https:\/\/www.ce.gov.br\/sop\/wp-json\/wp\/v2\/pages\/74899"}],"wp:attachment":[{"href":"https:\/\/www.ce.gov.br\/sop\/wp-json\/wp\/v2\/media?parent=136"}],"curies":[{"name":"wp","href":"https:\/\/api.w.org\/{rel}","templated":true}]}}