{"id":1408,"date":"2018-01-25T14:36:47","date_gmt":"2018-01-25T17:36:47","guid":{"rendered":"http:\/\/www.der.ce.gov.br\/?page_id=1408"},"modified":"2026-04-15T08:44:19","modified_gmt":"2026-04-15T11:44:19","slug":"downloads","status":"publish","type":"page","link":"https:\/\/www.ce.gov.br\/sop\/downloads\/","title":{"rendered":"Downloads teste"},"content":{"rendered":"\n\n<div class=\"SistemasExternos\">\r\n<table>\r\n <thead>\r\n  <tr>\r\n     <th width=\"25%\">Categoria\/Tipo<\/th>\r\n     <th width=\"75%\">Arquivo<\/th>\r\n     \r\n  <\/tr>\r\n <\/thead>\r\n <tbody>\r\n\r\n<!-- download inicio -->\r\n  <tr>\r\n    <td class=\"laranja\">\r\n      <span>Placa de Obra<\/span>\r\n      <p>PDF<\/p>\r\n    <\/td>    \r\n    <td>\r\n      <div><a href=\"https:\/\/www.ce.gov.br\/sop\/wp-content\/uploads\/sites\/76\/2025\/09\/MIV-SOP-2025.pdf\">Manual de Identidade Visual da Placas de Obra.<\/a><\/div>\r\n    <\/td>\r\n  <\/tr>\r\n  <!-- download final -->\r\n\r\n<!-- download inicio -->\r\n  <tr>\r\n    <td class=\"laranja\">\r\n      <span>Placa de Obra Sinalize<\/span>\r\n      <p>PDF<\/p>\r\n    <\/td>    \r\n    <td>\r\n      <div><a href=\"https:\/\/www.ce.gov.br\/sop\/wp-content\/uploads\/sites\/76\/2026\/01\/Placa-Sinalize-2026-110x80cm-1.pdf\">Modelo de placa do Sinalize 2026 - Tamanho 110x80cm.<\/a><\/div>\r\n    <\/td>\r\n  <\/tr>\r\n  <!-- download final -->\r\n\r\n<!-- download inicio -->\r\n  <tr>\r\n    <td class=\"laranja\">\r\n      <span>Tapume de Obra<\/span>\r\n      <p>PDF<\/p>\r\n    <\/td>    \r\n    <td>\r\n      <div><a href=\"https:\/\/www.ce.gov.br\/sop\/wp-content\/uploads\/sites\/76\/2025\/12\/Tapume-Placa-de-sinalizacao.pdf\">Modelo de Tapume de Obra.<\/a><\/div>\r\n    <\/td>\r\n  <\/tr>\r\n  <!-- download final -->\r\n\r\n<!-- download inicio -->\r\n  <tr>\r\n    <td class=\"laranja\">\r\n      <span>Uniforme de Obra<\/span>\r\n      <p>PDF<\/p>\r\n    <\/td>    \r\n    <td>\r\n      <div><a href=\"https:\/\/www.ce.gov.br\/sop\/wp-content\/uploads\/sites\/76\/2024\/11\/Uniforme-Padrao-por-Empresas-Prestadoras-de-Servicos-de-Obras-SOP.pdf\">Uniforme padr\u00e3o a ser utilizado pelas empresas prestadoras de servi\u00e7os nas obras p\u00fablicas do Estado do Cear\u00e1 e fiscalizadas pela Superintend\u00eancia de Obras P\u00fablicas (SOP). <\/a><\/div>\r\n    <\/td>\r\n  <\/tr>\r\n  <!-- download final -->\r\n\r\n<!-- download inicio -->\r\n  <tr>\r\n    <td class=\"laranja\">\r\n      <span>Termo de Entrega Areninhas<\/span>\r\n      <p>PDF<\/p>\r\n    <\/td>    \r\n    <td>\r\n      <div><a href=\"https:\/\/www.ce.gov.br\/sop\/wp-content\/uploads\/sites\/76\/2025\/10\/TERMO-DE-ENTREGA-ARENINHAS.docx\">Termo a formaliza\u00e7\u00e3o da entrega, pela SOP ao MUNIC\u00cdPIO, do equipamento p\u00fablico denominado ARENINHA. <\/a><\/div>\r\n    <\/td>\r\n  <\/tr>\r\n  <!-- download final -->\r\n\r\n<!-- download inicio -->\r\n  <tr>\r\n    <td class=\"laranja\">\r\n      <span>RESOLU\u00c7\u00c3O N\u00ba 33\/2025<\/span>\r\n      <p>PDF<\/p>\r\n    <\/td>    \r\n    <td>\r\n      <div><a href=\"https:\/\/www.ce.gov.br\/sop\/wp-content\/uploads\/sites\/76\/2025\/09\/httpswww.sop_.ce_.gov_.brwp-contentuploadssites30202509DOE-RESOLUCAO-N.-33_2025-CONSELHO-DELIBERATIVO-DA-SOP.pdf\">Considerando a necessidade de consolidar boas pr\u00e1ticas na execu\u00e7\u00e3o de obras rodovi\u00e1rias, com foco na ado\u00e7\u00e3o de mecanismos que assegurem o alinhamento com as especifica\u00e7\u00f5es vigentes [...]<\/a><\/div>\r\n    <\/td>\r\n  <\/tr>\r\n  <!-- download final -->\r\n\r\n<!-- download inicio -->\r\n  <tr>\r\n    <td class=\"laranja\">\r\n      <span>RESOLU\u00c7\u00c3O N\u00ba 25\/2025<\/span>\r\n      <p>PDF<\/p>\r\n    <\/td>    \r\n    <td>\r\n      <div><a href=\"https:\/\/www.ce.gov.br\/sop\/wp-content\/uploads\/sites\/76\/2025\/07\/RESOLUCAO-No25_2025.pdf\">Considerando a necessidade de aperfei\u00e7oar os mecanismos de controle, fiscaliza\u00e7\u00e3o e verifica\u00e7\u00e3o da execu\u00e7\u00e3o contratual, em especial no que tange \u00e0 confiabilidade das evid\u00eancias fotogr\u00e1ficas que comp\u00f5em os relat\u00f3rios de medi\u00e7\u00e3o.<\/a><\/div>\r\n    <\/td>\r\n  <\/tr>\r\n  <!-- download final -->\r\n\r\n<!-- download inicio -->\r\n  <tr>\r\n    <td class=\"laranja\">\r\n      <span>RESOLU\u00c7\u00c3O N\u00ba 08\/2025\/CDSOP<\/span>\r\n      <p>PDF<\/p>\r\n    <\/td>    \r\n    <td>\r\n      <div><a href=\"https:\/\/www.ce.gov.br\/sop\/wp-content\/uploads\/sites\/76\/2025\/02\/PUBLICACAO-DOE-RESOLUCAO-N.08_2025-PRAZO-MEDICOES-ok.pdf\">Considerando que o per\u00edodo de medi\u00e7\u00f5es de obras SOP e Interveniente compreende o 1\u00ba dia ao \u00faltimo dia de cada m\u00eas.<\/a><\/div>\r\n    <\/td>\r\n  <\/tr>\r\n  <!-- download final -->\r\n\r\n<!-- download inicio -->\r\n  <tr>\r\n    <td class=\"laranja\">\r\n      <span>RESOLU\u00c7\u00c3O N\u00ba 37\/2024<\/span>\r\n      <p>PDF<\/p>\r\n    <\/td>    \r\n    <td>\r\n      <div><a href=\"https:\/\/www.ce.gov.br\/sop\/wp-content\/uploads\/sites\/76\/2024\/11\/RESOLUCAO-No-37-2024-Alteracao-do-calendario-de-medicoes-das-obras.pdf\">Altera\u00e7\u00e3o do calend\u00e1rio de medi\u00e7\u00f5es das obras.<\/a><\/div>\r\n    <\/td>\r\n  <\/tr>\r\n  <!-- download final -->\r\n\r\n  <!-- download inicio -->\r\n  <tr>\r\n    <td class=\"laranja\">\r\n      <span>Mapa do Cear\u00e1<\/span>\r\n      <p>PNG<\/p>\r\n    <\/td>    \r\n    <td>\r\n      <div><a href=\"https:\/\/www.ce.gov.br\/sop\/mapa-do-ceara\/\">Mapa do Cear\u00e1.<\/a><\/div>\r\n    <\/td>\r\n  <\/tr>\r\n  <!-- download final -->\r\n\r\n  <!-- download inicio -->\r\n  <tr>\r\n    <td class=\"laranja\">\r\n      <span>Informativo Gerencial<\/span>\r\n      <p>PDF<\/p>\r\n    <\/td>    \r\n    <td>\r\n      <div><a href=\"https:\/\/www.ce.gov.br\/sop\/wp-content\/uploads\/sites\/76\/2025\/07\/ARQUIVO-INFORMATIVO-2025.pdf\">Informativo Gerencial.<\/a><\/div>\r\n    <\/td>\r\n  <\/tr>\r\n  <!-- download final -->\r\n\r\n <!-- download inicio -->\r\n  <tr>\r\n    <td class=\"laranja\">\r\n      <span>Guia de Manuten\u00e7\u00e3o<\/span>\r\n      <p>PDF<\/p>\r\n    <\/td>    \r\n    <td>\r\n      <div><a href=\"https:\/\/www.ce.gov.br\/sop\/wp-content\/uploads\/sites\/76\/2025\/11\/Guia-de-Manutencao.pdf\">Guia de manuten\u00e7\u00e3o preventiva para cobertas e calhas em edifica\u00e7\u00f5es dos \u00f3rg\u00e3os p\u00fablicos do Estado do Cear\u00e1<\/a><\/div>\r\n    <\/td>\r\n  <\/tr>\r\n  <!-- download final -->\r\n\r\n\r\n  <!-- download inicio -->\r\n  <tr>\r\n    <td class=\"laranja\">\r\n      <span>Especifica\u00e7\u00f5es<\/span>\r\n      <p>PDF<\/p>\r\n    <\/td>    \r\n    <td>\r\n      <div><a href=\"https:\/\/www.ce.gov.br\/sop\/wp-content\/uploads\/sites\/76\/2020\/12\/Especificacoes-Rodovias-site.pdf\">Especifica\u00e7\u00f5es de Obras Rodovi\u00e1rias.<\/a><\/div>\r\n    <\/td>\r\n  <\/tr>\r\n  <!-- download final -->\r\n\r\n  <!-- download inicio -->\r\n  <tr>\r\n    <td class=\"laranja\">\r\n      <span>Legisla\u00e7\u00e3o<\/span>\r\n      <p>PDF<\/p>\r\n    <\/td>    \r\n    <td>\r\n      <div><a href=\"\/wp-content\/uploads\/sites\/76\/2018\/01\/do135_lei_faixadominio.pdf\" target=\"_blank\" rel=\"noopener noreferrer\">Lei N\u00ba 13.327 de 15\/07\/2003<\/a><\/div>\r\n    <\/td>\r\n  <\/tr>\r\n  <!-- download final -->\r\n\r\n  <!-- download inicio -->\r\n  <tr>\r\n    <td class=\"laranja\">\r\n      <span>Legisla\u00e7\u00e3o<\/span>\r\n      <p>PDF<\/p>\r\n    <\/td>    \r\n    <td>\r\n      <div><a href=\"\/wp-content\/uploads\/sites\/76\/2018\/01\/decreto27209usoeocupacaofdominiorodestaduais.pdf\" target=\"_blank\" rel=\"noopener noreferrer\">Decreto N\u00ba 27.209 13094 de 10\/10\/2003<\/a><\/div>\r\n    <\/td>\r\n  <\/tr>\r\n  <!-- download final -->\r\n\r\n  <!-- download inicio -->\r\n  <tr>\r\n    <td class=\"laranja\">\r\n      <span>Documentos<\/span>\r\n      <p>PDF<\/p>\r\n    <\/td>    \r\n    <td>\r\n      <div><a href=\"https:\/\/www.ce.gov.br\/sop\/wp-content\/uploads\/sites\/76\/2019\/07\/do20190522p01-p\u00e1ginas-1-3.pdf\" target=\"_blank\" rel=\"noopener noreferrer\">Lei de Cria\u00e7\u00e3o da SOP.<\/a><\/div>\r\n    <\/td>\r\n  <\/tr>\r\n  <!-- download final -->  \r\n\r\n  <!-- download inicio -->\r\n  <tr>\r\n    <td class=\"laranja\">\r\n      <span>Documentos<\/span>\r\n      <p>PDF<\/p>\r\n    <\/td>    \r\n    <td>\r\n      <div><a href=\"https:\/\/www.ce.gov.br\/sop\/wp-content\/uploads\/sites\/76\/2023\/05\/Decreto-35.359.pdf\" target=\"_blank\" rel=\"noopener noreferrer\">Decreto da Nova Estrutura.<\/a><\/div>\r\n    <\/td>\r\n  <\/tr>\r\n  <!-- download final --> \r\n\r\n<!-- download inicio -->\r\n  <tr>\r\n    <td class=\"laranja\">\r\n      <span>Documentos<\/span>\r\n      <p>PDF<\/p>\r\n    <\/td>    \r\n    <td>\r\n      <div><a href=\"https:\/\/www.ce.gov.br\/sop\/wp-content\/uploads\/sites\/76\/2021\/10\/REGULAMENTO-da-SOP-pag-10-a-15.pdf\" target=\"_blank\" rel=\"noopener noreferrer\">Regulamento da SOP.<\/a><\/div>\r\n    <\/td>\r\n  <\/tr>\r\n  <!-- download final --> \r\n\r\n  <!-- download inicio -->\r\n  <tr>\r\n    <td class=\"laranja\">\r\n      <span>Logomarcas<\/span>\r\n      <p>PDF<\/p>\r\n    <\/td>    \r\n    <td>\r\n      <div><a href=\"https:\/\/www.ce.gov.br\/sop\/wp-content\/uploads\/sites\/76\/2021\/04\/Secretaria-das-Cidades-2.pdf\" target=\"_blank\" rel=\"noopener noreferrer\">Logo Governo em pdf - Op\u00e7\u00e3o 1<\/a><\/div>\r\n    <\/td>\r\n  <\/tr>\r\n  <!-- download final -->  \r\n\r\n  <!-- download inicio -->\r\n  <tr>\r\n    <td class=\"laranja\">\r\n      <span>Logomarcas<\/span>\r\n      <p>PDF<\/p>\r\n    <\/td>    \r\n    <td>\r\n      <div><a href=\"https:\/\/www.ce.gov.br\/sop\/wp-content\/uploads\/sites\/76\/2021\/04\/Secretaria-das-Cidades-nome-centro.pdf\" target=\"_blank\" rel=\"noopener noreferrer\">Logo Governo em pdf - Op\u00e7\u00e3o 2<\/a><\/div>\r\n    <\/td>\r\n  <\/tr>\r\n  <!-- download final --> \r\n\r\n  <!-- download inicio -->\r\n  <tr>\r\n    <td class=\"laranja\">\r\n      <span>Logomarcas<\/span>\r\n      <p>PDF<\/p>\r\n    <\/td>    \r\n    <td>\r\n      <div><a href=\"https:\/\/www.ce.gov.br\/sop\/wp-content\/uploads\/sites\/76\/2019\/08\/SOP-1.pdf\" target=\"_blank\" rel=\"noopener noreferrer\">Logo SOP em PDF - Op\u00e7\u00e3o 1<\/a><\/div>\r\n    <\/td>\r\n  <\/tr>\r\n  <!-- download final --> \r\n\r\n  <!-- download inicio -->\r\n  <tr>\r\n    <td class=\"laranja\">\r\n      <span>Logomarcas<\/span>\r\n      <p>PDF<\/p>\r\n    <\/td>    \r\n    <td>\r\n      <div><a href=\"https:\/\/www.ce.gov.br\/sop\/wp-content\/uploads\/sites\/76\/2019\/08\/SOP-2.pdf\" target=\"_blank\" rel=\"noopener noreferrer\">Logo SOP em PDF - Op\u00e7\u00e3o 2<\/a><\/div>\r\n    <\/td>\r\n  <\/tr>\r\n  <!-- download final -->\r\n \r\n <!-- download inicio -->\r\n  <tr>\r\n    <td class=\"laranja\">\r\n      <span>C\u00f3digo de Conduta \u00c9tica<\/span>\r\n      <p>PDF<\/p>\r\n    <\/td>    \r\n    <td>\r\n      <div><a href=\"https:\/\/www.ce.gov.br\/sop\/wp-content\/uploads\/sites\/76\/2024\/05\/CARTILHA-ETICA-SOP-V03.pdf\" target=\"_blank\" rel=\"noopener noreferrer\">Cartilha do C\u00f3digo de Conduta \u00c9tica<\/a><\/div>\r\n    <\/td>\r\n  <\/tr>\r\n  <!-- download final -->\r\n\r\n <!-- download inicio -->\r\n  <tr>\r\n    <td class=\"laranja\">\r\n      <span>C\u00f3digo de Conduta \u00c9tica<\/span>\r\n      <p>PDF<\/p>\r\n    <\/td>    \r\n    <td>\r\n      <div><a href=\"https:\/\/www.ce.gov.br\/sop\/wp-content\/uploads\/sites\/76\/2024\/05\/PORTARIA-No170.2024_CODIGO-DE-CONDUTA-ETICA-DA-SOP.pdf\" target=\"_blank\" rel=\"noopener noreferrer\">Portaria do C\u00f3digo de Conduta \u00c9tica<\/a><\/div>\r\n    <\/td>\r\n  <\/tr>\r\n  <!-- download final -->\r\n\r\n <\/tbody>\r\n<\/table>\r\n<\/div>\n","protected":false},"excerpt":{"rendered":"","protected":false},"author":12,"featured_media":0,"parent":0,"menu_order":0,"comment_status":"closed","ping_status":"closed","template":"","meta":{"_acf_changed":false,"inline_featured_image":false,"footnotes":""},"class_list":["post-1408","page","type-page","status-publish","hentry"],"acf":[],"yoast_head":"<!-- This site is optimized with the Yoast SEO plugin v27.3 - https:\/\/yoast.com\/product\/yoast-seo-wordpress\/ -->\n<title>Downloads teste - SOP<\/title>\n<meta name=\"robots\" content=\"index, follow, max-snippet:-1, max-image-preview:large, max-video-preview:-1\" \/>\n<link rel=\"canonical\" href=\"https:\/\/www.ce.gov.br\/sop\/downloads\/\" \/>\n<meta property=\"og:locale\" content=\"pt_BR\" \/>\n<meta property=\"og:type\" content=\"article\" \/>\n<meta property=\"og:title\" content=\"Downloads teste - SOP\" \/>\n<meta property=\"og:url\" content=\"https:\/\/www.ce.gov.br\/sop\/downloads\/\" \/>\n<meta property=\"og:site_name\" content=\"SOP\" \/>\n<meta property=\"article:modified_time\" content=\"2026-04-15T11:44:19+00:00\" \/>\n<meta name=\"twitter:card\" content=\"summary_large_image\" \/>\n<meta name=\"twitter:label1\" content=\"Est. reading time\" \/>\n\t<meta name=\"twitter:data1\" content=\"1 minuto\" \/>\n<script type=\"application\/ld+json\" class=\"yoast-schema-graph\">{\"@context\":\"https:\\\/\\\/schema.org\",\"@graph\":[{\"@type\":\"WebPage\",\"@id\":\"https:\\\/\\\/www.ce.gov.br\\\/sop\\\/downloads\\\/\",\"url\":\"https:\\\/\\\/www.ce.gov.br\\\/sop\\\/downloads\\\/\",\"name\":\"Downloads teste - SOP\",\"isPartOf\":{\"@id\":\"https:\\\/\\\/www.ce.gov.br\\\/sop\\\/#website\"},\"datePublished\":\"2018-01-25T17:36:47+00:00\",\"dateModified\":\"2026-04-15T11:44:19+00:00\",\"breadcrumb\":{\"@id\":\"https:\\\/\\\/www.ce.gov.br\\\/sop\\\/downloads\\\/#breadcrumb\"},\"inLanguage\":\"pt-BR\",\"potentialAction\":[{\"@type\":\"ReadAction\",\"target\":[\"https:\\\/\\\/www.ce.gov.br\\\/sop\\\/downloads\\\/\"]}]},{\"@type\":\"BreadcrumbList\",\"@id\":\"https:\\\/\\\/www.ce.gov.br\\\/sop\\\/downloads\\\/#breadcrumb\",\"itemListElement\":[{\"@type\":\"ListItem\",\"position\":1,\"name\":\"In\u00edcio\",\"item\":\"https:\\\/\\\/www.ce.gov.br\\\/sop\\\/\"},{\"@type\":\"ListItem\",\"position\":2,\"name\":\"Downloads teste\"}]},{\"@type\":\"WebSite\",\"@id\":\"https:\\\/\\\/www.ce.gov.br\\\/sop\\\/#website\",\"url\":\"https:\\\/\\\/www.ce.gov.br\\\/sop\\\/\",\"name\":\"Departamento Estadual de Rodovias\",\"description\":\"Portal SOP\",\"potentialAction\":[{\"@type\":\"SearchAction\",\"target\":{\"@type\":\"EntryPoint\",\"urlTemplate\":\"https:\\\/\\\/www.ce.gov.br\\\/sop\\\/?s={search_term_string}\"},\"query-input\":{\"@type\":\"PropertyValueSpecification\",\"valueRequired\":true,\"valueName\":\"search_term_string\"}}],\"inLanguage\":\"pt-BR\"}]}<\/script>\n<!-- \/ Yoast SEO plugin. -->","yoast_head_json":{"title":"Downloads teste - SOP","robots":{"index":"index","follow":"follow","max-snippet":"max-snippet:-1","max-image-preview":"max-image-preview:large","max-video-preview":"max-video-preview:-1"},"canonical":"https:\/\/www.ce.gov.br\/sop\/downloads\/","og_locale":"pt_BR","og_type":"article","og_title":"Downloads teste - SOP","og_url":"https:\/\/www.ce.gov.br\/sop\/downloads\/","og_site_name":"SOP","article_modified_time":"2026-04-15T11:44:19+00:00","twitter_card":"summary_large_image","twitter_misc":{"Est. reading time":"1 minuto"},"schema":{"@context":"https:\/\/schema.org","@graph":[{"@type":"WebPage","@id":"https:\/\/www.ce.gov.br\/sop\/downloads\/","url":"https:\/\/www.ce.gov.br\/sop\/downloads\/","name":"Downloads teste - SOP","isPartOf":{"@id":"https:\/\/www.ce.gov.br\/sop\/#website"},"datePublished":"2018-01-25T17:36:47+00:00","dateModified":"2026-04-15T11:44:19+00:00","breadcrumb":{"@id":"https:\/\/www.ce.gov.br\/sop\/downloads\/#breadcrumb"},"inLanguage":"pt-BR","potentialAction":[{"@type":"ReadAction","target":["https:\/\/www.ce.gov.br\/sop\/downloads\/"]}]},{"@type":"BreadcrumbList","@id":"https:\/\/www.ce.gov.br\/sop\/downloads\/#breadcrumb","itemListElement":[{"@type":"ListItem","position":1,"name":"In\u00edcio","item":"https:\/\/www.ce.gov.br\/sop\/"},{"@type":"ListItem","position":2,"name":"Downloads teste"}]},{"@type":"WebSite","@id":"https:\/\/www.ce.gov.br\/sop\/#website","url":"https:\/\/www.ce.gov.br\/sop\/","name":"Departamento Estadual de Rodovias","description":"Portal SOP","potentialAction":[{"@type":"SearchAction","target":{"@type":"EntryPoint","urlTemplate":"https:\/\/www.ce.gov.br\/sop\/?s={search_term_string}"},"query-input":{"@type":"PropertyValueSpecification","valueRequired":true,"valueName":"search_term_string"}}],"inLanguage":"pt-BR"}]}},"_links":{"self":[{"href":"https:\/\/www.ce.gov.br\/sop\/wp-json\/wp\/v2\/pages\/1408","targetHints":{"allow":["GET"]}}],"collection":[{"href":"https:\/\/www.ce.gov.br\/sop\/wp-json\/wp\/v2\/pages"}],"about":[{"href":"https:\/\/www.ce.gov.br\/sop\/wp-json\/wp\/v2\/types\/page"}],"author":[{"embeddable":true,"href":"https:\/\/www.ce.gov.br\/sop\/wp-json\/wp\/v2\/users\/12"}],"replies":[{"embeddable":true,"href":"https:\/\/www.ce.gov.br\/sop\/wp-json\/wp\/v2\/comments?post=1408"}],"version-history":[{"count":11,"href":"https:\/\/www.ce.gov.br\/sop\/wp-json\/wp\/v2\/pages\/1408\/revisions"}],"predecessor-version":[{"id":79011,"href":"https:\/\/www.ce.gov.br\/sop\/wp-json\/wp\/v2\/pages\/1408\/revisions\/79011"}],"wp:attachment":[{"href":"https:\/\/www.ce.gov.br\/sop\/wp-json\/wp\/v2\/media?parent=1408"}],"curies":[{"name":"wp","href":"https:\/\/api.w.org\/{rel}","templated":true}]}}