{"id":1525,"date":"2018-01-26T13:16:34","date_gmt":"2018-01-26T16:16:34","guid":{"rendered":"http:\/\/www.der.ce.gov.br\/?page_id=1525"},"modified":"2026-04-15T12:56:25","modified_gmt":"2026-04-15T15:56:25","slug":"doctos-para-entrega-de-medicao","status":"publish","type":"page","link":"https:\/\/www.ce.gov.br\/sop\/rodovias\/doctos-para-entrega-de-medicao\/","title":{"rendered":"Documentos para entrega de medi\u00e7\u00e3o"},"content":{"rendered":"\n<h3 class=\"wp-block-heading\">As medi\u00e7\u00f5es relativas \u00e0s obras p\u00fablicas do Governo do Estado do Cear\u00e1 dever\u00e3o ser solicitadas pela\u00a0Contratada, mediante protocolo\u00a0no \u00f3rg\u00e3o, anexando os documentos abaixo:<br><\/h3>\n\n\n\n<div class=\"wp-block-cegovbr-titulo-personalizado cegovbr-titulo-personalizado\"><div class=\"cegovbr-titulo-header\"><span class=\"material-symbols-outlined cegovbr-titulo-icon\">done<\/span><h6 class=\"cegovbr-titulo-text\"><strong>No caso de medi\u00e7\u00e3o com valor<\/strong><\/h6><\/div><\/div>\n\n\n\n<p>1. Carta de entrega de medi\u00e7\u00e3o, em 02(duas) vias.<\/p>\n\n\n\n<p>2. Capa da Medi\u00e7\u00e3o&nbsp;emitido pelo sistema SIGSOP em 02(duas) vias.<\/p>\n\n\n\n<p>3. Certificado de Entrega da Medi\u00e7\u00e3o,&nbsp;emitido pelo sistema SIGSOP em 02(duas) vias.<\/p>\n\n\n\n<p>4. Fichas de medi\u00e7\u00e3o,&nbsp;emitido pelo sistema SIGSOP em 02(duas) vias.<\/p>\n\n\n\n<p>5. Apresenta\u00e7\u00e3o do Programa de Condi\u00e7\u00f5es do Meio Ambiente de Trabalho na ind\u00fastria da constru\u00e7\u00e3o &#8211; PCMAT, para obras com mais de&nbsp;50 funcion\u00e1rios, de acordo com a&nbsp;NR 18 do Minist\u00e9rio do Trabalho e Emprego.&nbsp;Para obras com menos de&nbsp;50 funcion\u00e1rios, apresentar o Relat\u00f3rio de acidentes de trabalho.<\/p>\n\n\n\n<p>6. Relat\u00f3rio Fotogr\u00e1fico&nbsp;de acordo com o per\u00edodo da medi\u00e7\u00e3o, em 02(duas) vias.<\/p>\n\n\n\n<p>7. Di\u00e1rio de obras de acordo com o per\u00edodo da medi\u00e7\u00e3o, em 02(duas) vias.<\/p>\n\n\n\n<p>8. Ensaios de Laborat\u00f3rio, em duas vias.<\/p>\n\n\n\n<p>9. Recibo de Entrega, emitido pelo sistema SIGSOP, em 02(duas) vias.<\/p>\n\n\n\n<p>10. Boletim de&nbsp; Medi\u00e7\u00e3o Apresentada, emitido pelo sistema SIGSOP em 02(duas) vias.<\/p>\n\n\n\n<p>11. Quadro&nbsp; Financeiro, emitido pelo sistema SIGSOP em 02(duas) vias.<\/p>\n\n\n\n<p>12. Cronograma F\u00edsico-Financeiro, em 02(duas) vias.<\/p>\n\n\n\n<p>13. ART, anexando o comprovante de pagamento&nbsp;(Apenas na 1\u00aa medi\u00e7\u00e3o),&nbsp;em 02(duas) vias.<\/p>\n\n\n\n<p>14. Certid\u00f5es de Regularidade Fiscal&nbsp;( Federal, Estadual e Municipal) conforme exig\u00eancia do Art.55,inciso XII, da&nbsp;Lei N\u00ba 8.666\/93.<\/p>\n\n\n\n<p><strong>Observa\u00e7\u00e3o:<\/strong><\/p>\n\n\n\n<p><strong>Os documentos especificados nos itens&nbsp;3, 4, 6, 7, 10 e 11&nbsp;dever\u00e3o ser assinados&nbsp;pela&nbsp;Empresa&nbsp;Contratada,&nbsp;pela Consultora&nbsp;e por todos os&nbsp;membros da Comiss\u00e3o de Fiscaliza\u00e7\u00e3o,&nbsp;enquanto os demais documentos&nbsp;dever\u00e3o ser assinados pela&nbsp;Empresa Contratada e pelo primeiro membro da Comiss\u00e3o de Fiscaliza\u00e7\u00e3o.<\/strong><\/p>\n\n\n\n<div class=\"wp-block-cegovbr-titulo-personalizado cegovbr-titulo-personalizado\"><div class=\"cegovbr-titulo-header\"><span class=\"material-symbols-outlined cegovbr-titulo-icon\">done<\/span><h6 class=\"cegovbr-titulo-text\"><strong>No caso de medi\u00e7\u00e3o sem valor (MEDI\u00c7\u00c3O ZERO)<\/strong><\/h6><\/div><\/div>\n\n\n\n<p>1. Capa de medi\u00e7\u00e3o, emitido pelo sistema SIGSOP em 02(duas) vias.<br>2. Justificativa de medi\u00e7\u00e3o zero, emitido pelo sistema SIGSOP em 02(duas) vias.<br>3. Quadro Financeiro, emitido pelo sistema SIGSOP em 02(duas) vias.<\/p>\n\n\n\n<p><strong>Observa\u00e7\u00e3o:<\/strong><\/p>\n\n\n\n<p><strong>Os documentos especificados&nbsp;nos itens&nbsp;2 e 3 dever\u00e3o ser assinados pela&nbsp;Empresa&nbsp;Contratada e por todos os membros da Comiss\u00e3o de Fiscaliza\u00e7\u00e3o.&nbsp;Deve ser&nbsp;tamb\u00e9m&nbsp;protocolada na SOP para que o Setor de Medi\u00e7\u00e3o registre no sistema SIGSOP para abrir a medi\u00e7\u00e3o do m\u00eas seguinte.<\/strong><\/p>\n","protected":false},"excerpt":{"rendered":"<p>As medi\u00e7\u00f5es relativas \u00e0s obras p\u00fablicas do Governo do Estado do Cear\u00e1 dever\u00e3o ser solicitadas pela\u00a0Contratada, mediante protocolo\u00a0no \u00f3rg\u00e3o, anexando os documentos abaixo: 1. Carta de entrega de medi\u00e7\u00e3o, em 02(duas) vias. 2. Capa da Medi\u00e7\u00e3o&nbsp;emitido pelo sistema SIGSOP em 02(duas) vias. 3. Certificado de Entrega da Medi\u00e7\u00e3o,&nbsp;emitido pelo sistema SIGSOP em 02(duas) vias. 4. [&hellip;]<\/p>\n","protected":false},"author":12,"featured_media":0,"parent":1225,"menu_order":0,"comment_status":"closed","ping_status":"closed","template":"","meta":{"_acf_changed":false,"inline_featured_image":false,"footnotes":""},"class_list":["post-1525","page","type-page","status-publish","hentry"],"acf":[],"yoast_head":"<!-- This site is optimized with the Yoast SEO plugin v27.3 - https:\/\/yoast.com\/product\/yoast-seo-wordpress\/ -->\n<title>Documentos para entrega de medi\u00e7\u00e3o - SOP<\/title>\n<meta name=\"robots\" content=\"index, follow, max-snippet:-1, max-image-preview:large, max-video-preview:-1\" \/>\n<link rel=\"canonical\" href=\"https:\/\/www.ce.gov.br\/sop\/rodovias\/doctos-para-entrega-de-medicao\/\" \/>\n<meta property=\"og:locale\" content=\"pt_BR\" \/>\n<meta property=\"og:type\" content=\"article\" \/>\n<meta property=\"og:title\" content=\"Documentos para entrega de medi\u00e7\u00e3o - SOP\" \/>\n<meta property=\"og:description\" content=\"As medi\u00e7\u00f5es relativas \u00e0s obras p\u00fablicas do Governo do Estado do Cear\u00e1 dever\u00e3o ser solicitadas pela\u00a0Contratada, mediante protocolo\u00a0no \u00f3rg\u00e3o, anexando os documentos abaixo: 1. Carta de entrega de medi\u00e7\u00e3o, em 02(duas) vias. 2. Capa da Medi\u00e7\u00e3o&nbsp;emitido pelo sistema SIGSOP em 02(duas) vias. 3. Certificado de Entrega da Medi\u00e7\u00e3o,&nbsp;emitido pelo sistema SIGSOP em 02(duas) vias. 4. [&hellip;]\" \/>\n<meta property=\"og:url\" content=\"https:\/\/www.ce.gov.br\/sop\/rodovias\/doctos-para-entrega-de-medicao\/\" \/>\n<meta property=\"og:site_name\" content=\"SOP\" \/>\n<meta property=\"article:modified_time\" content=\"2026-04-15T15:56:25+00:00\" \/>\n<meta name=\"twitter:card\" content=\"summary_large_image\" \/>\n<meta name=\"twitter:label1\" content=\"Est. reading time\" \/>\n\t<meta name=\"twitter:data1\" content=\"3 minutos\" \/>\n<script type=\"application\/ld+json\" class=\"yoast-schema-graph\">{\"@context\":\"https:\\\/\\\/schema.org\",\"@graph\":[{\"@type\":\"WebPage\",\"@id\":\"https:\\\/\\\/www.ce.gov.br\\\/sop\\\/rodovias\\\/doctos-para-entrega-de-medicao\\\/\",\"url\":\"https:\\\/\\\/www.ce.gov.br\\\/sop\\\/rodovias\\\/doctos-para-entrega-de-medicao\\\/\",\"name\":\"Documentos para entrega de medi\u00e7\u00e3o - SOP\",\"isPartOf\":{\"@id\":\"https:\\\/\\\/www.ce.gov.br\\\/sop\\\/#website\"},\"datePublished\":\"2018-01-26T16:16:34+00:00\",\"dateModified\":\"2026-04-15T15:56:25+00:00\",\"breadcrumb\":{\"@id\":\"https:\\\/\\\/www.ce.gov.br\\\/sop\\\/rodovias\\\/doctos-para-entrega-de-medicao\\\/#breadcrumb\"},\"inLanguage\":\"pt-BR\",\"potentialAction\":[{\"@type\":\"ReadAction\",\"target\":[\"https:\\\/\\\/www.ce.gov.br\\\/sop\\\/rodovias\\\/doctos-para-entrega-de-medicao\\\/\"]}]},{\"@type\":\"BreadcrumbList\",\"@id\":\"https:\\\/\\\/www.ce.gov.br\\\/sop\\\/rodovias\\\/doctos-para-entrega-de-medicao\\\/#breadcrumb\",\"itemListElement\":[{\"@type\":\"ListItem\",\"position\":1,\"name\":\"In\u00edcio\",\"item\":\"https:\\\/\\\/www.ce.gov.br\\\/sop\\\/\"},{\"@type\":\"ListItem\",\"position\":2,\"name\":\"Rodovias\",\"item\":\"https:\\\/\\\/www.ce.gov.br\\\/sop\\\/rodovias\\\/\"},{\"@type\":\"ListItem\",\"position\":3,\"name\":\"Documentos para entrega de medi\u00e7\u00e3o\"}]},{\"@type\":\"WebSite\",\"@id\":\"https:\\\/\\\/www.ce.gov.br\\\/sop\\\/#website\",\"url\":\"https:\\\/\\\/www.ce.gov.br\\\/sop\\\/\",\"name\":\"Departamento Estadual de Rodovias\",\"description\":\"Portal SOP\",\"potentialAction\":[{\"@type\":\"SearchAction\",\"target\":{\"@type\":\"EntryPoint\",\"urlTemplate\":\"https:\\\/\\\/www.ce.gov.br\\\/sop\\\/?s={search_term_string}\"},\"query-input\":{\"@type\":\"PropertyValueSpecification\",\"valueRequired\":true,\"valueName\":\"search_term_string\"}}],\"inLanguage\":\"pt-BR\"}]}<\/script>\n<!-- \/ Yoast SEO plugin. -->","yoast_head_json":{"title":"Documentos para entrega de medi\u00e7\u00e3o - SOP","robots":{"index":"index","follow":"follow","max-snippet":"max-snippet:-1","max-image-preview":"max-image-preview:large","max-video-preview":"max-video-preview:-1"},"canonical":"https:\/\/www.ce.gov.br\/sop\/rodovias\/doctos-para-entrega-de-medicao\/","og_locale":"pt_BR","og_type":"article","og_title":"Documentos para entrega de medi\u00e7\u00e3o - SOP","og_description":"As medi\u00e7\u00f5es relativas \u00e0s obras p\u00fablicas do Governo do Estado do Cear\u00e1 dever\u00e3o ser solicitadas pela\u00a0Contratada, mediante protocolo\u00a0no \u00f3rg\u00e3o, anexando os documentos abaixo: 1. Carta de entrega de medi\u00e7\u00e3o, em 02(duas) vias. 2. Capa da Medi\u00e7\u00e3o&nbsp;emitido pelo sistema SIGSOP em 02(duas) vias. 3. Certificado de Entrega da Medi\u00e7\u00e3o,&nbsp;emitido pelo sistema SIGSOP em 02(duas) vias. 4. [&hellip;]","og_url":"https:\/\/www.ce.gov.br\/sop\/rodovias\/doctos-para-entrega-de-medicao\/","og_site_name":"SOP","article_modified_time":"2026-04-15T15:56:25+00:00","twitter_card":"summary_large_image","twitter_misc":{"Est. reading time":"3 minutos"},"schema":{"@context":"https:\/\/schema.org","@graph":[{"@type":"WebPage","@id":"https:\/\/www.ce.gov.br\/sop\/rodovias\/doctos-para-entrega-de-medicao\/","url":"https:\/\/www.ce.gov.br\/sop\/rodovias\/doctos-para-entrega-de-medicao\/","name":"Documentos para entrega de medi\u00e7\u00e3o - SOP","isPartOf":{"@id":"https:\/\/www.ce.gov.br\/sop\/#website"},"datePublished":"2018-01-26T16:16:34+00:00","dateModified":"2026-04-15T15:56:25+00:00","breadcrumb":{"@id":"https:\/\/www.ce.gov.br\/sop\/rodovias\/doctos-para-entrega-de-medicao\/#breadcrumb"},"inLanguage":"pt-BR","potentialAction":[{"@type":"ReadAction","target":["https:\/\/www.ce.gov.br\/sop\/rodovias\/doctos-para-entrega-de-medicao\/"]}]},{"@type":"BreadcrumbList","@id":"https:\/\/www.ce.gov.br\/sop\/rodovias\/doctos-para-entrega-de-medicao\/#breadcrumb","itemListElement":[{"@type":"ListItem","position":1,"name":"In\u00edcio","item":"https:\/\/www.ce.gov.br\/sop\/"},{"@type":"ListItem","position":2,"name":"Rodovias","item":"https:\/\/www.ce.gov.br\/sop\/rodovias\/"},{"@type":"ListItem","position":3,"name":"Documentos para entrega de medi\u00e7\u00e3o"}]},{"@type":"WebSite","@id":"https:\/\/www.ce.gov.br\/sop\/#website","url":"https:\/\/www.ce.gov.br\/sop\/","name":"Departamento Estadual de Rodovias","description":"Portal SOP","potentialAction":[{"@type":"SearchAction","target":{"@type":"EntryPoint","urlTemplate":"https:\/\/www.ce.gov.br\/sop\/?s={search_term_string}"},"query-input":{"@type":"PropertyValueSpecification","valueRequired":true,"valueName":"search_term_string"}}],"inLanguage":"pt-BR"}]}},"_links":{"self":[{"href":"https:\/\/www.ce.gov.br\/sop\/wp-json\/wp\/v2\/pages\/1525","targetHints":{"allow":["GET"]}}],"collection":[{"href":"https:\/\/www.ce.gov.br\/sop\/wp-json\/wp\/v2\/pages"}],"about":[{"href":"https:\/\/www.ce.gov.br\/sop\/wp-json\/wp\/v2\/types\/page"}],"author":[{"embeddable":true,"href":"https:\/\/www.ce.gov.br\/sop\/wp-json\/wp\/v2\/users\/12"}],"replies":[{"embeddable":true,"href":"https:\/\/www.ce.gov.br\/sop\/wp-json\/wp\/v2\/comments?post=1525"}],"version-history":[{"count":48,"href":"https:\/\/www.ce.gov.br\/sop\/wp-json\/wp\/v2\/pages\/1525\/revisions"}],"predecessor-version":[{"id":79088,"href":"https:\/\/www.ce.gov.br\/sop\/wp-json\/wp\/v2\/pages\/1525\/revisions\/79088"}],"up":[{"embeddable":true,"href":"https:\/\/www.ce.gov.br\/sop\/wp-json\/wp\/v2\/pages\/1225"}],"wp:attachment":[{"href":"https:\/\/www.ce.gov.br\/sop\/wp-json\/wp\/v2\/media?parent=1525"}],"curies":[{"name":"wp","href":"https:\/\/api.w.org\/{rel}","templated":true}]}}