{"id":1581,"date":"2018-01-26T15:22:54","date_gmt":"2018-01-26T18:22:54","guid":{"rendered":"http:\/\/www.der.ce.gov.br\/?page_id=1581"},"modified":"2018-01-26T15:23:22","modified_gmt":"2018-01-26T18:23:22","slug":"fluxo-de-processos","status":"publish","type":"page","link":"https:\/\/www.ce.gov.br\/sop\/downloads\/fluxo-de-processos\/","title":{"rendered":"Fluxo de Processos"},"content":{"rendered":"\n\n\n<section class=\" ListaMateriais  row\">\n    <hr>\n    \n            <div class=\"Card  Informativo  BgBranco  row\">\n\n            <div class=\"icon\">\n                <img decoding=\"async\" src=\"https:\/\/www.ce.gov.br\/sop\/wp-content\/themes\/cegovbr\/assets\/images\/icon-clipes.png\" alt=\"\u00cdcone\">            <\/div>\n\n            <div class=\"tl-10  principal\">\n                <small class=\"data\"> 26 de janeiro de 2018<\/small>\n                <p> Fluxo B\u00e1sico Abertura e Processamento do Replanilhamento <\/p>\n            <\/div>\n\n            <div class=\"action\"><a href=\"#\">\n                    <a class=\"baixar  ico-download\" href=\"\/wp-content\/uploads\/sites\/30\/2018\/01\/fluxobasicoreplanilhamento.jpg\">Download pdf<\/a>\n            <\/div>\n\n        <\/div>\n\n            <div class=\"Card  Informativo  BgBranco  row\">\n\n            <div class=\"icon\">\n                <img decoding=\"async\" src=\"https:\/\/www.ce.gov.br\/sop\/wp-content\/themes\/cegovbr\/assets\/images\/icon-clipes.png\" alt=\"\u00cdcone\">            <\/div>\n\n            <div class=\"tl-10  principal\">\n                <small class=\"data\"> 26 de janeiro de 2018<\/small>\n                <p> Fluxo B\u00e1sico Abertura e Valida\u00e7\u00e3o do Or\u00e7amento <\/p>\n            <\/div>\n\n            <div class=\"action\"><a href=\"#\">\n                    <a class=\"baixar  ico-download\" href=\"\/wp-content\/uploads\/sites\/30\/2018\/01\/flubobasicoorcamento.pdf\">Download pdf<\/a>\n            <\/div>\n\n        <\/div>\n\n            <div class=\"Card  Informativo  BgBranco  row\">\n\n            <div class=\"icon\">\n                <img decoding=\"async\" src=\"https:\/\/www.ce.gov.br\/sop\/wp-content\/themes\/cegovbr\/assets\/images\/icon-clipes.png\" alt=\"\u00cdcone\">            <\/div>\n\n            <div class=\"tl-10  principal\">\n                <small class=\"data\"> 26 de janeiro de 2018<\/small>\n                <p> Fluxo de Trabalho da Apresenta\u00e7\u00e3o da Medi\u00e7\u00e3o Via SIGDER <\/p>\n            <\/div>\n\n            <div class=\"action\"><a href=\"#\">\n                    <a class=\"baixar  ico-download\" href=\"\/wp-content\/uploads\/sites\/30\/2018\/01\/fluxoapresentacaomedicao.jpg\">Download pdf<\/a>\n            <\/div>\n\n        <\/div>\n\n    \n    <hr>\n<\/section>\n\n\n\n\n","protected":false},"excerpt":{"rendered":"","protected":false},"author":12,"featured_media":0,"parent":1408,"menu_order":0,"comment_status":"closed","ping_status":"closed","template":"","meta":{"_acf_changed":false,"inline_featured_image":false,"footnotes":""},"class_list":["post-1581","page","type-page","status-publish","hentry"],"acf":[],"yoast_head":"<!-- This site is optimized with the Yoast SEO plugin v27.3 - https:\/\/yoast.com\/product\/yoast-seo-wordpress\/ -->\n<title>Fluxo de Processos - SOP<\/title>\n<meta name=\"robots\" content=\"index, follow, max-snippet:-1, max-image-preview:large, max-video-preview:-1\" \/>\n<link rel=\"canonical\" href=\"https:\/\/www.ce.gov.br\/sop\/downloads\/fluxo-de-processos\/\" \/>\n<meta property=\"og:locale\" content=\"pt_BR\" \/>\n<meta property=\"og:type\" content=\"article\" \/>\n<meta property=\"og:title\" content=\"Fluxo de Processos - SOP\" \/>\n<meta property=\"og:url\" content=\"https:\/\/www.ce.gov.br\/sop\/downloads\/fluxo-de-processos\/\" \/>\n<meta property=\"og:site_name\" content=\"SOP\" \/>\n<meta property=\"article:modified_time\" content=\"2018-01-26T18:23:22+00:00\" \/>\n<meta name=\"twitter:card\" content=\"summary_large_image\" \/>\n<script type=\"application\/ld+json\" class=\"yoast-schema-graph\">{\"@context\":\"https:\\\/\\\/schema.org\",\"@graph\":[{\"@type\":\"WebPage\",\"@id\":\"https:\\\/\\\/www.ce.gov.br\\\/sop\\\/downloads\\\/fluxo-de-processos\\\/\",\"url\":\"https:\\\/\\\/www.ce.gov.br\\\/sop\\\/downloads\\\/fluxo-de-processos\\\/\",\"name\":\"Fluxo de Processos - SOP\",\"isPartOf\":{\"@id\":\"https:\\\/\\\/www.ce.gov.br\\\/sop\\\/#website\"},\"datePublished\":\"2018-01-26T18:22:54+00:00\",\"dateModified\":\"2018-01-26T18:23:22+00:00\",\"breadcrumb\":{\"@id\":\"https:\\\/\\\/www.ce.gov.br\\\/sop\\\/downloads\\\/fluxo-de-processos\\\/#breadcrumb\"},\"inLanguage\":\"pt-BR\",\"potentialAction\":[{\"@type\":\"ReadAction\",\"target\":[\"https:\\\/\\\/www.ce.gov.br\\\/sop\\\/downloads\\\/fluxo-de-processos\\\/\"]}]},{\"@type\":\"BreadcrumbList\",\"@id\":\"https:\\\/\\\/www.ce.gov.br\\\/sop\\\/downloads\\\/fluxo-de-processos\\\/#breadcrumb\",\"itemListElement\":[{\"@type\":\"ListItem\",\"position\":1,\"name\":\"In\u00edcio\",\"item\":\"https:\\\/\\\/www.ce.gov.br\\\/sop\\\/\"},{\"@type\":\"ListItem\",\"position\":2,\"name\":\"Downloads teste\",\"item\":\"https:\\\/\\\/www.ce.gov.br\\\/sop\\\/downloads\\\/\"},{\"@type\":\"ListItem\",\"position\":3,\"name\":\"Fluxo de Processos\"}]},{\"@type\":\"WebSite\",\"@id\":\"https:\\\/\\\/www.ce.gov.br\\\/sop\\\/#website\",\"url\":\"https:\\\/\\\/www.ce.gov.br\\\/sop\\\/\",\"name\":\"Departamento Estadual de Rodovias\",\"description\":\"Portal SOP\",\"potentialAction\":[{\"@type\":\"SearchAction\",\"target\":{\"@type\":\"EntryPoint\",\"urlTemplate\":\"https:\\\/\\\/www.ce.gov.br\\\/sop\\\/?s={search_term_string}\"},\"query-input\":{\"@type\":\"PropertyValueSpecification\",\"valueRequired\":true,\"valueName\":\"search_term_string\"}}],\"inLanguage\":\"pt-BR\"}]}<\/script>\n<!-- \/ Yoast SEO plugin. -->","yoast_head_json":{"title":"Fluxo de Processos - SOP","robots":{"index":"index","follow":"follow","max-snippet":"max-snippet:-1","max-image-preview":"max-image-preview:large","max-video-preview":"max-video-preview:-1"},"canonical":"https:\/\/www.ce.gov.br\/sop\/downloads\/fluxo-de-processos\/","og_locale":"pt_BR","og_type":"article","og_title":"Fluxo de Processos - SOP","og_url":"https:\/\/www.ce.gov.br\/sop\/downloads\/fluxo-de-processos\/","og_site_name":"SOP","article_modified_time":"2018-01-26T18:23:22+00:00","twitter_card":"summary_large_image","schema":{"@context":"https:\/\/schema.org","@graph":[{"@type":"WebPage","@id":"https:\/\/www.ce.gov.br\/sop\/downloads\/fluxo-de-processos\/","url":"https:\/\/www.ce.gov.br\/sop\/downloads\/fluxo-de-processos\/","name":"Fluxo de Processos - SOP","isPartOf":{"@id":"https:\/\/www.ce.gov.br\/sop\/#website"},"datePublished":"2018-01-26T18:22:54+00:00","dateModified":"2018-01-26T18:23:22+00:00","breadcrumb":{"@id":"https:\/\/www.ce.gov.br\/sop\/downloads\/fluxo-de-processos\/#breadcrumb"},"inLanguage":"pt-BR","potentialAction":[{"@type":"ReadAction","target":["https:\/\/www.ce.gov.br\/sop\/downloads\/fluxo-de-processos\/"]}]},{"@type":"BreadcrumbList","@id":"https:\/\/www.ce.gov.br\/sop\/downloads\/fluxo-de-processos\/#breadcrumb","itemListElement":[{"@type":"ListItem","position":1,"name":"In\u00edcio","item":"https:\/\/www.ce.gov.br\/sop\/"},{"@type":"ListItem","position":2,"name":"Downloads teste","item":"https:\/\/www.ce.gov.br\/sop\/downloads\/"},{"@type":"ListItem","position":3,"name":"Fluxo de Processos"}]},{"@type":"WebSite","@id":"https:\/\/www.ce.gov.br\/sop\/#website","url":"https:\/\/www.ce.gov.br\/sop\/","name":"Departamento Estadual de Rodovias","description":"Portal SOP","potentialAction":[{"@type":"SearchAction","target":{"@type":"EntryPoint","urlTemplate":"https:\/\/www.ce.gov.br\/sop\/?s={search_term_string}"},"query-input":{"@type":"PropertyValueSpecification","valueRequired":true,"valueName":"search_term_string"}}],"inLanguage":"pt-BR"}]}},"_links":{"self":[{"href":"https:\/\/www.ce.gov.br\/sop\/wp-json\/wp\/v2\/pages\/1581","targetHints":{"allow":["GET"]}}],"collection":[{"href":"https:\/\/www.ce.gov.br\/sop\/wp-json\/wp\/v2\/pages"}],"about":[{"href":"https:\/\/www.ce.gov.br\/sop\/wp-json\/wp\/v2\/types\/page"}],"author":[{"embeddable":true,"href":"https:\/\/www.ce.gov.br\/sop\/wp-json\/wp\/v2\/users\/12"}],"replies":[{"embeddable":true,"href":"https:\/\/www.ce.gov.br\/sop\/wp-json\/wp\/v2\/comments?post=1581"}],"version-history":[{"count":1,"href":"https:\/\/www.ce.gov.br\/sop\/wp-json\/wp\/v2\/pages\/1581\/revisions"}],"predecessor-version":[{"id":1582,"href":"https:\/\/www.ce.gov.br\/sop\/wp-json\/wp\/v2\/pages\/1581\/revisions\/1582"}],"up":[{"embeddable":true,"href":"https:\/\/www.ce.gov.br\/sop\/wp-json\/wp\/v2\/pages\/1408"}],"wp:attachment":[{"href":"https:\/\/www.ce.gov.br\/sop\/wp-json\/wp\/v2\/media?parent=1581"}],"curies":[{"name":"wp","href":"https:\/\/api.w.org\/{rel}","templated":true}]}}