{"id":1732,"date":"2018-01-30T13:50:51","date_gmt":"2018-01-30T16:50:51","guid":{"rendered":"http:\/\/www.der.ce.gov.br\/?page_id=1732"},"modified":"2026-04-15T14:49:22","modified_gmt":"2026-04-15T17:49:22","slug":"aeroportos-2","status":"publish","type":"page","link":"https:\/\/www.ce.gov.br\/sop\/aeroportos-2\/","title":{"rendered":"Aeroportos"},"content":{"rendered":"\n<p class=\"is-style-justified\">A rede estadual de aeroportos \u00e9 estruturada para atender \u00e0s demandas de avia\u00e7\u00e3o civil, promover o desenvolvimento socioecon\u00f4mico do Cear\u00e1 e contribuir para a melhoria da qualidade de vida da popula\u00e7\u00e3o. Atualmente, esta rede tem dois aeroportos com opera\u00e7\u00e3o de avia\u00e7\u00e3o comercial, os de Jericoacoara e Aracati. J\u00e1 os aeroportos de Camocim, Campos Sales, Crate\u00fas, Iguatu, Quixad\u00e1, S\u00e3o Benedito, Sobral e Tau\u00e1 operam voos da avia\u00e7\u00e3o geral, sendo importantes para a integra\u00e7\u00e3o estadual.<\/p>\n\n\n\n<p class=\"is-style-justified\">A partir de setembro de 2023, com o conv\u00eanio estabelecido entre a Superintend\u00eancia de Obras P\u00fablicas (SOP) e a Empresa Brasileira de Infraestrutura Aeroportu\u00e1ria (Infraero) para administra\u00e7\u00e3o e opera\u00e7\u00e3o dos dez aeroportos regionais, informa\u00e7\u00f5es relacionadas \u00e0 movimenta\u00e7\u00e3o de passageiros e programa\u00e7\u00e3o de voos ficam sob a compet\u00eancia do \u00f3rg\u00e3o.<\/p>\n\n\n\n<figure class=\"wp-block-image size-large is-resized\"><img loading=\"lazy\" decoding=\"async\" width=\"1200\" height=\"1478\" src=\"https:\/\/www.ce.gov.br\/sop\/wp-content\/uploads\/sites\/76\/2025\/05\/AERO-E-DO-1-3-1200x1478.png\" alt=\"\" class=\"wp-image-77601\" style=\"aspect-ratio:0.8119079978790489;width:514px;height:auto\" srcset=\"https:\/\/www.ce.gov.br\/sop\/wp-content\/uploads\/sites\/76\/2025\/05\/AERO-E-DO-1-3-1200x1478.png 1200w, https:\/\/www.ce.gov.br\/sop\/wp-content\/uploads\/sites\/76\/2025\/05\/AERO-E-DO-1-3-600x739.png 600w, https:\/\/www.ce.gov.br\/sop\/wp-content\/uploads\/sites\/76\/2025\/05\/AERO-E-DO-1-3-768x946.png 768w, https:\/\/www.ce.gov.br\/sop\/wp-content\/uploads\/sites\/76\/2025\/05\/AERO-E-DO-1-3-1247x1536.png 1247w, https:\/\/www.ce.gov.br\/sop\/wp-content\/uploads\/sites\/76\/2025\/05\/AERO-E-DO-1-3-1663x2048.png 1663w\" sizes=\"auto, (max-width: 1200px) 100vw, 1200px\" \/><\/figure>\n\n\n\n<div class=\"wp-block-cegovbr-titulo-personalizado cegovbr-titulo-personalizado\"><div class=\"cegovbr-titulo-header\"><span class=\"material-symbols-outlined cegovbr-titulo-icon\">public<\/span><h6 class=\"cegovbr-titulo-text\"><a href=\"jericoacoara\">Jericoacoara &#8211; SBJE<\/a><\/h6><\/div><\/div>\n\n\n\n<div class=\"wp-block-cegovbr-titulo-personalizado cegovbr-titulo-personalizado\"><div class=\"cegovbr-titulo-header\"><span class=\"material-symbols-outlined cegovbr-titulo-icon\">public<\/span><h6 class=\"cegovbr-titulo-text\"><a href=\"aracati\">Canoa Quebrada &#8211; SBAC<\/a><\/h6><\/div><\/div>\n\n\n\n<div class=\"wp-block-cegovbr-titulo-personalizado cegovbr-titulo-personalizado\"><div class=\"cegovbr-titulo-header\"><span class=\"material-symbols-outlined cegovbr-titulo-icon\">public<\/span><h6 class=\"cegovbr-titulo-text\"><a href=\"sobral\">Sobral &#8211; SN6L<\/a><\/h6><\/div><\/div>\n\n\n\n<div class=\"wp-block-cegovbr-titulo-personalizado cegovbr-titulo-personalizado\"><div class=\"cegovbr-titulo-header\"><span class=\"material-symbols-outlined cegovbr-titulo-icon\">public<\/span><h6 class=\"cegovbr-titulo-text\"><a href=\"iguatu\">Iguatu &#8211; SNIG<\/a><\/h6><\/div><\/div>\n\n\n\n<div class=\"wp-block-cegovbr-titulo-personalizado cegovbr-titulo-personalizado\"><div class=\"cegovbr-titulo-header\"><span class=\"material-symbols-outlined cegovbr-titulo-icon\">public<\/span><h6 class=\"cegovbr-titulo-text\"><a href=\"sao-benedito\">S\u00e3o Benedito &#8211; SWBE<\/a><\/h6><\/div><\/div>\n\n\n\n<div class=\"wp-block-cegovbr-titulo-personalizado cegovbr-titulo-personalizado\"><div class=\"cegovbr-titulo-header\"><span class=\"material-symbols-outlined cegovbr-titulo-icon\">public<\/span><h6 class=\"cegovbr-titulo-text\"><a href=\"crateus\">Crate\u00fas &#8211; SNWS<\/a><\/h6><\/div><\/div>\n\n\n\n<div class=\"wp-block-cegovbr-titulo-personalizado cegovbr-titulo-personalizado\"><div class=\"cegovbr-titulo-header\"><span class=\"material-symbols-outlined cegovbr-titulo-icon\">public<\/span><h6 class=\"cegovbr-titulo-text\"><a href=\"taua\">Tau\u00e1 &#8211; SDZG<\/a><\/h6><\/div><\/div>\n\n\n\n<div class=\"wp-block-cegovbr-titulo-personalizado cegovbr-titulo-personalizado\"><div class=\"cegovbr-titulo-header\"><span class=\"material-symbols-outlined cegovbr-titulo-icon\">public<\/span><h6 class=\"cegovbr-titulo-text\"><a href=\"quixada\">Quixad\u00e1 &#8211; SNQX<\/a><\/h6><\/div><\/div>\n\n\n\n<div class=\"wp-block-cegovbr-titulo-personalizado cegovbr-titulo-personalizado\"><div class=\"cegovbr-titulo-header\"><span class=\"material-symbols-outlined cegovbr-titulo-icon\">public<\/span><h6 class=\"cegovbr-titulo-text\"><a href=\"aerodromo-de-camocim\">Camocim &#8211; SNWC<\/a><\/h6><\/div><\/div>\n\n\n\n<div class=\"wp-block-cegovbr-titulo-personalizado cegovbr-titulo-personalizado\"><div class=\"cegovbr-titulo-header\"><span class=\"material-symbols-outlined cegovbr-titulo-icon\">public<\/span><h6 class=\"cegovbr-titulo-text\"><a href=\"aerodromo-de-campos-sales\">Campos Sales &#8211; SNCS<\/a><\/h6><\/div><\/div>\n\n\n\n<p><\/p>\n\n\n\n<ul class=\"wp-block-list\">\n<li><a href=\"movimentos-de-aeronaves-e-passageiros\">Movimentos de Aeronaves e Passageiros<\/a><\/li>\n\n\n\n<li><a href=\"formulario-para-solicitacao-de-evento-aeronautico\">Formul\u00e1rio para solicita\u00e7\u00e3o de evento aeron\u00e1utico<\/a><\/li>\n<\/ul>\n","protected":false},"excerpt":{"rendered":"<p>A rede estadual de aeroportos \u00e9 estruturada para atender \u00e0s demandas de avia\u00e7\u00e3o civil, promover o desenvolvimento socioecon\u00f4mico do Cear\u00e1 e contribuir para a melhoria da qualidade de vida da popula\u00e7\u00e3o. Atualmente, esta rede tem dois aeroportos com opera\u00e7\u00e3o de avia\u00e7\u00e3o comercial, os de Jericoacoara e Aracati. J\u00e1 os aeroportos de Camocim, Campos Sales, Crate\u00fas, [&hellip;]<\/p>\n","protected":false},"author":12,"featured_media":0,"parent":0,"menu_order":0,"comment_status":"closed","ping_status":"closed","template":"","meta":{"_acf_changed":false,"inline_featured_image":false,"footnotes":""},"class_list":["post-1732","page","type-page","status-publish","hentry"],"acf":[],"yoast_head":"<!-- This site is optimized with the Yoast SEO plugin v27.3 - https:\/\/yoast.com\/product\/yoast-seo-wordpress\/ -->\n<title>Aeroportos - SOP<\/title>\n<meta name=\"robots\" content=\"index, follow, max-snippet:-1, max-image-preview:large, max-video-preview:-1\" \/>\n<link rel=\"canonical\" href=\"https:\/\/www.ce.gov.br\/sop\/aeroportos-2\/\" \/>\n<meta property=\"og:locale\" content=\"pt_BR\" \/>\n<meta property=\"og:type\" content=\"article\" \/>\n<meta property=\"og:title\" content=\"Aeroportos - SOP\" \/>\n<meta property=\"og:description\" content=\"A rede estadual de aeroportos \u00e9 estruturada para atender \u00e0s demandas de avia\u00e7\u00e3o civil, promover o desenvolvimento socioecon\u00f4mico do Cear\u00e1 e contribuir para a melhoria da qualidade de vida da popula\u00e7\u00e3o. Atualmente, esta rede tem dois aeroportos com opera\u00e7\u00e3o de avia\u00e7\u00e3o comercial, os de Jericoacoara e Aracati. J\u00e1 os aeroportos de Camocim, Campos Sales, Crate\u00fas, [&hellip;]\" \/>\n<meta property=\"og:url\" content=\"https:\/\/www.ce.gov.br\/sop\/aeroportos-2\/\" \/>\n<meta property=\"og:site_name\" content=\"SOP\" \/>\n<meta property=\"article:modified_time\" content=\"2026-04-15T17:49:22+00:00\" \/>\n<meta property=\"og:image\" content=\"https:\/\/www.ce.gov.br\/sop\/wp-content\/uploads\/sites\/76\/2025\/05\/AERO-E-DO-1-3-1200x1478.png\" \/>\n\t<meta property=\"og:image:width\" content=\"1200\" \/>\n\t<meta property=\"og:image:height\" content=\"1478\" \/>\n\t<meta property=\"og:image:type\" content=\"image\/png\" \/>\n<meta name=\"twitter:card\" content=\"summary_large_image\" \/>\n<meta name=\"twitter:label1\" content=\"Est. reading time\" \/>\n\t<meta name=\"twitter:data1\" content=\"2 minutos\" \/>\n<script type=\"application\/ld+json\" class=\"yoast-schema-graph\">{\"@context\":\"https:\\\/\\\/schema.org\",\"@graph\":[{\"@type\":\"WebPage\",\"@id\":\"https:\\\/\\\/www.ce.gov.br\\\/sop\\\/aeroportos-2\\\/\",\"url\":\"https:\\\/\\\/www.ce.gov.br\\\/sop\\\/aeroportos-2\\\/\",\"name\":\"Aeroportos - SOP\",\"isPartOf\":{\"@id\":\"https:\\\/\\\/www.ce.gov.br\\\/sop\\\/#website\"},\"primaryImageOfPage\":{\"@id\":\"https:\\\/\\\/www.ce.gov.br\\\/sop\\\/aeroportos-2\\\/#primaryimage\"},\"image\":{\"@id\":\"https:\\\/\\\/www.ce.gov.br\\\/sop\\\/aeroportos-2\\\/#primaryimage\"},\"thumbnailUrl\":\"https:\\\/\\\/www.ce.gov.br\\\/sop\\\/wp-content\\\/uploads\\\/sites\\\/76\\\/2025\\\/05\\\/AERO-E-DO-1-3-1200x1478.png\",\"datePublished\":\"2018-01-30T16:50:51+00:00\",\"dateModified\":\"2026-04-15T17:49:22+00:00\",\"breadcrumb\":{\"@id\":\"https:\\\/\\\/www.ce.gov.br\\\/sop\\\/aeroportos-2\\\/#breadcrumb\"},\"inLanguage\":\"pt-BR\",\"potentialAction\":[{\"@type\":\"ReadAction\",\"target\":[\"https:\\\/\\\/www.ce.gov.br\\\/sop\\\/aeroportos-2\\\/\"]}]},{\"@type\":\"ImageObject\",\"inLanguage\":\"pt-BR\",\"@id\":\"https:\\\/\\\/www.ce.gov.br\\\/sop\\\/aeroportos-2\\\/#primaryimage\",\"url\":\"https:\\\/\\\/www.ce.gov.br\\\/sop\\\/wp-content\\\/uploads\\\/sites\\\/76\\\/2025\\\/05\\\/AERO-E-DO-1-3.png\",\"contentUrl\":\"https:\\\/\\\/www.ce.gov.br\\\/sop\\\/wp-content\\\/uploads\\\/sites\\\/76\\\/2025\\\/05\\\/AERO-E-DO-1-3.png\",\"width\":3500,\"height\":4311},{\"@type\":\"BreadcrumbList\",\"@id\":\"https:\\\/\\\/www.ce.gov.br\\\/sop\\\/aeroportos-2\\\/#breadcrumb\",\"itemListElement\":[{\"@type\":\"ListItem\",\"position\":1,\"name\":\"In\u00edcio\",\"item\":\"https:\\\/\\\/www.ce.gov.br\\\/sop\\\/\"},{\"@type\":\"ListItem\",\"position\":2,\"name\":\"Aeroportos\"}]},{\"@type\":\"WebSite\",\"@id\":\"https:\\\/\\\/www.ce.gov.br\\\/sop\\\/#website\",\"url\":\"https:\\\/\\\/www.ce.gov.br\\\/sop\\\/\",\"name\":\"Departamento Estadual de Rodovias\",\"description\":\"Portal SOP\",\"potentialAction\":[{\"@type\":\"SearchAction\",\"target\":{\"@type\":\"EntryPoint\",\"urlTemplate\":\"https:\\\/\\\/www.ce.gov.br\\\/sop\\\/?s={search_term_string}\"},\"query-input\":{\"@type\":\"PropertyValueSpecification\",\"valueRequired\":true,\"valueName\":\"search_term_string\"}}],\"inLanguage\":\"pt-BR\"}]}<\/script>\n<!-- \/ Yoast SEO plugin. -->","yoast_head_json":{"title":"Aeroportos - SOP","robots":{"index":"index","follow":"follow","max-snippet":"max-snippet:-1","max-image-preview":"max-image-preview:large","max-video-preview":"max-video-preview:-1"},"canonical":"https:\/\/www.ce.gov.br\/sop\/aeroportos-2\/","og_locale":"pt_BR","og_type":"article","og_title":"Aeroportos - SOP","og_description":"A rede estadual de aeroportos \u00e9 estruturada para atender \u00e0s demandas de avia\u00e7\u00e3o civil, promover o desenvolvimento socioecon\u00f4mico do Cear\u00e1 e contribuir para a melhoria da qualidade de vida da popula\u00e7\u00e3o. Atualmente, esta rede tem dois aeroportos com opera\u00e7\u00e3o de avia\u00e7\u00e3o comercial, os de Jericoacoara e Aracati. J\u00e1 os aeroportos de Camocim, Campos Sales, Crate\u00fas, [&hellip;]","og_url":"https:\/\/www.ce.gov.br\/sop\/aeroportos-2\/","og_site_name":"SOP","article_modified_time":"2026-04-15T17:49:22+00:00","og_image":[{"width":1200,"height":1478,"url":"https:\/\/www.ce.gov.br\/sop\/wp-content\/uploads\/sites\/76\/2025\/05\/AERO-E-DO-1-3-1200x1478.png","type":"image\/png"}],"twitter_card":"summary_large_image","twitter_misc":{"Est. reading time":"2 minutos"},"schema":{"@context":"https:\/\/schema.org","@graph":[{"@type":"WebPage","@id":"https:\/\/www.ce.gov.br\/sop\/aeroportos-2\/","url":"https:\/\/www.ce.gov.br\/sop\/aeroportos-2\/","name":"Aeroportos - SOP","isPartOf":{"@id":"https:\/\/www.ce.gov.br\/sop\/#website"},"primaryImageOfPage":{"@id":"https:\/\/www.ce.gov.br\/sop\/aeroportos-2\/#primaryimage"},"image":{"@id":"https:\/\/www.ce.gov.br\/sop\/aeroportos-2\/#primaryimage"},"thumbnailUrl":"https:\/\/www.ce.gov.br\/sop\/wp-content\/uploads\/sites\/76\/2025\/05\/AERO-E-DO-1-3-1200x1478.png","datePublished":"2018-01-30T16:50:51+00:00","dateModified":"2026-04-15T17:49:22+00:00","breadcrumb":{"@id":"https:\/\/www.ce.gov.br\/sop\/aeroportos-2\/#breadcrumb"},"inLanguage":"pt-BR","potentialAction":[{"@type":"ReadAction","target":["https:\/\/www.ce.gov.br\/sop\/aeroportos-2\/"]}]},{"@type":"ImageObject","inLanguage":"pt-BR","@id":"https:\/\/www.ce.gov.br\/sop\/aeroportos-2\/#primaryimage","url":"https:\/\/www.ce.gov.br\/sop\/wp-content\/uploads\/sites\/76\/2025\/05\/AERO-E-DO-1-3.png","contentUrl":"https:\/\/www.ce.gov.br\/sop\/wp-content\/uploads\/sites\/76\/2025\/05\/AERO-E-DO-1-3.png","width":3500,"height":4311},{"@type":"BreadcrumbList","@id":"https:\/\/www.ce.gov.br\/sop\/aeroportos-2\/#breadcrumb","itemListElement":[{"@type":"ListItem","position":1,"name":"In\u00edcio","item":"https:\/\/www.ce.gov.br\/sop\/"},{"@type":"ListItem","position":2,"name":"Aeroportos"}]},{"@type":"WebSite","@id":"https:\/\/www.ce.gov.br\/sop\/#website","url":"https:\/\/www.ce.gov.br\/sop\/","name":"Departamento Estadual de Rodovias","description":"Portal SOP","potentialAction":[{"@type":"SearchAction","target":{"@type":"EntryPoint","urlTemplate":"https:\/\/www.ce.gov.br\/sop\/?s={search_term_string}"},"query-input":{"@type":"PropertyValueSpecification","valueRequired":true,"valueName":"search_term_string"}}],"inLanguage":"pt-BR"}]}},"_links":{"self":[{"href":"https:\/\/www.ce.gov.br\/sop\/wp-json\/wp\/v2\/pages\/1732","targetHints":{"allow":["GET"]}}],"collection":[{"href":"https:\/\/www.ce.gov.br\/sop\/wp-json\/wp\/v2\/pages"}],"about":[{"href":"https:\/\/www.ce.gov.br\/sop\/wp-json\/wp\/v2\/types\/page"}],"author":[{"embeddable":true,"href":"https:\/\/www.ce.gov.br\/sop\/wp-json\/wp\/v2\/users\/12"}],"replies":[{"embeddable":true,"href":"https:\/\/www.ce.gov.br\/sop\/wp-json\/wp\/v2\/comments?post=1732"}],"version-history":[{"count":131,"href":"https:\/\/www.ce.gov.br\/sop\/wp-json\/wp\/v2\/pages\/1732\/revisions"}],"predecessor-version":[{"id":79163,"href":"https:\/\/www.ce.gov.br\/sop\/wp-json\/wp\/v2\/pages\/1732\/revisions\/79163"}],"wp:attachment":[{"href":"https:\/\/www.ce.gov.br\/sop\/wp-json\/wp\/v2\/media?parent=1732"}],"curies":[{"name":"wp","href":"https:\/\/api.w.org\/{rel}","templated":true}]}}