{"id":67183,"date":"2018-02-07T10:48:35","date_gmt":"2018-02-07T13:48:35","guid":{"rendered":"http:\/\/ww3.ceara.gov.br\/?page_id=67183"},"modified":"2026-02-11T15:29:53","modified_gmt":"2026-02-11T18:29:53","slug":"acesso-a-informacao","status":"publish","type":"page","link":"https:\/\/www.ce.gov.br\/sop\/acesso-a-informacao\/","title":{"rendered":"Acesso \u00e0 Informa\u00e7\u00e3o"},"content":{"rendered":"<h2 class=\"-laranja\"><strong>Acesso \u00e0 Informa\u00e7\u00e3o<\/strong><\/h2>\n<p><img decoding=\"async\" class=\"alignnone size-full wp-image-67220\" src=\"https:\/\/www.ceara.gov.br\/wp-content\/uploads\/2018\/02\/banner-acesso-informacao3.png\" alt=\"\" width=\"100%\" \/><\/p>\n<p style=\"text-align: justify\">A Lei Estadual de Acesso \u00e0 Informa\u00e7\u00e3o, Lei n\u00ba 15.175\/2012, institui como princ\u00edpio fundamental que o acesso \u00e0 informa\u00e7\u00e3o p\u00fablica \u00e9 a regra e o sigilo a exce\u00e7\u00e3o. Sua san\u00e7\u00e3o representa mais um importante passo para a consolida\u00e7\u00e3o do regime democr\u00e1tico e para o fortalecimento das pol\u00edticas de transpar\u00eancia p\u00fablica. A legisla\u00e7\u00e3o estadual vem\u00a0complementar, no \u00e2mbito do Cear\u00e1, a Lei Geral de Acesso \u00e0 Informa\u00e7\u00e3o, Lei n\u00ba 12.527\/2011.<\/p>\n<p style=\"text-align: justify\">A mencionada Lei Estadual e o Decreto Estadual n\u00b0 31.199\/2013 determinam um rol m\u00ednimo de informa\u00e7\u00f5es que devem estar divulgadas proativamente (transpar\u00eancia ativa) nos s\u00edtios institucionais dos \u00f3rg\u00e3os e entidades, listadas no menu ao lado. As informa\u00e7\u00f5es de interesse do cidad\u00e3o que n\u00e3o estejam dispon\u00edveis na forma ativa, podem ser solicitadas clicando no bot\u00e3o abaixo (transpar\u00eancia passiva).<\/p>\n<ul>\n<li><span style=\"color: #108441\"><a style=\"color: #108441\" href=\"https:\/\/www.ce.gov.br\/sop\/wp-content\/uploads\/sites\/76\/2025\/08\/Lei-no-15.175-28-de-junho-de-2012.pdf\" target=\"_blank\" rel=\"noopener noreferrer\">Conhe\u00e7a a \u00edntegra da Lei Estadual de Acesso \u00e0 Informa\u00e7\u00e3o \u2013 n\u00ba 15.175<\/a><\/span><\/li>\n<li><span style=\"color: #108441\"><a style=\"color: #108441\" href=\"https:\/\/www.planalto.gov.br\/ccivil_03\/_ato2011-2014\/2011\/lei\/l12527.htm\" target=\"_blank\" rel=\"noopener noreferrer\">Conhe\u00e7a a \u00edntegra da Lei Federal<\/a><\/span><\/li>\n<li><span style=\"color: #108441\"><a style=\"color: #108441\" href=\"https:\/\/www.transparencia.ce.gov.br\/\" target=\"_blank\" rel=\"noopener noreferrer\">Acesse o Portal da Transpar\u00eancia<\/a><\/span><\/li>\n<li><span style=\"color: #108441\"><a style=\"color: #108441\" href=\"https:\/\/sou.cge.ce.gov.br\/inicialPublico.seam\" target=\"_blank\" rel=\"noopener noreferrer\">Contate a Ouvidoria<\/a><\/span><\/li>\n<li><a href=\"https:\/\/www.ce.gov.br\/sop\/wp-content\/uploads\/sites\/76\/2025\/08\/Porta-0458.2025-Comite-Setorial-de-Acesso-a-Informacao.pdf\" target=\"_blank\" rel=\"noopener noreferrer\"><span style=\"color: #108441\">Comit\u00ea Setorial de Acesso \u00e0 Informa\u00e7\u00e3o da SOP<\/span><\/a><\/li>\n<\/ul>\n\n\n<p><\/p>\n","protected":false},"excerpt":{"rendered":"<p>Acesso \u00e0 Informa\u00e7\u00e3o A Lei Estadual de Acesso \u00e0 Informa\u00e7\u00e3o, Lei n\u00ba 15.175\/2012, institui como princ\u00edpio fundamental que o acesso \u00e0 informa\u00e7\u00e3o p\u00fablica \u00e9 a regra e o sigilo a exce\u00e7\u00e3o. Sua san\u00e7\u00e3o representa mais um importante passo para a consolida\u00e7\u00e3o do regime democr\u00e1tico e para o fortalecimento das pol\u00edticas de transpar\u00eancia p\u00fablica. A legisla\u00e7\u00e3o [&hellip;]<\/p>\n","protected":false},"author":12,"featured_media":0,"parent":0,"menu_order":1,"comment_status":"closed","ping_status":"closed","template":"page-acesso-a-informacao.php","meta":{"_acf_changed":false,"inline_featured_image":false,"footnotes":""},"class_list":["post-67183","page","type-page","status-publish","hentry"],"acf":[],"yoast_head":"<!-- This site is optimized with the Yoast SEO plugin v27.3 - https:\/\/yoast.com\/product\/yoast-seo-wordpress\/ -->\n<title>Acesso \u00e0 Informa\u00e7\u00e3o - SOP<\/title>\n<meta name=\"robots\" content=\"index, follow, max-snippet:-1, max-image-preview:large, max-video-preview:-1\" \/>\n<link rel=\"canonical\" href=\"https:\/\/www.ce.gov.br\/sop\/acesso-a-informacao\/\" \/>\n<meta property=\"og:locale\" content=\"pt_BR\" \/>\n<meta property=\"og:type\" content=\"article\" \/>\n<meta property=\"og:title\" content=\"Acesso \u00e0 Informa\u00e7\u00e3o - SOP\" \/>\n<meta property=\"og:description\" content=\"Acesso \u00e0 Informa\u00e7\u00e3o A Lei Estadual de Acesso \u00e0 Informa\u00e7\u00e3o, Lei n\u00ba 15.175\/2012, institui como princ\u00edpio fundamental que o acesso \u00e0 informa\u00e7\u00e3o p\u00fablica \u00e9 a regra e o sigilo a exce\u00e7\u00e3o. Sua san\u00e7\u00e3o representa mais um importante passo para a consolida\u00e7\u00e3o do regime democr\u00e1tico e para o fortalecimento das pol\u00edticas de transpar\u00eancia p\u00fablica. A legisla\u00e7\u00e3o [&hellip;]\" \/>\n<meta property=\"og:url\" content=\"https:\/\/www.ce.gov.br\/sop\/acesso-a-informacao\/\" \/>\n<meta property=\"og:site_name\" content=\"SOP\" \/>\n<meta property=\"article:modified_time\" content=\"2026-02-11T18:29:53+00:00\" \/>\n<meta property=\"og:image\" content=\"https:\/\/www.ceara.gov.br\/wp-content\/uploads\/2018\/02\/banner-acesso-informacao3.png\" \/>\n<meta name=\"twitter:card\" content=\"summary_large_image\" \/>\n<meta name=\"twitter:label1\" content=\"Est. reading time\" \/>\n\t<meta name=\"twitter:data1\" content=\"2 minutos\" \/>\n<script type=\"application\/ld+json\" class=\"yoast-schema-graph\">{\"@context\":\"https:\\\/\\\/schema.org\",\"@graph\":[{\"@type\":\"WebPage\",\"@id\":\"https:\\\/\\\/www.ce.gov.br\\\/sop\\\/acesso-a-informacao\\\/\",\"url\":\"https:\\\/\\\/www.ce.gov.br\\\/sop\\\/acesso-a-informacao\\\/\",\"name\":\"Acesso \u00e0 Informa\u00e7\u00e3o - SOP\",\"isPartOf\":{\"@id\":\"https:\\\/\\\/www.ce.gov.br\\\/sop\\\/#website\"},\"primaryImageOfPage\":{\"@id\":\"https:\\\/\\\/www.ce.gov.br\\\/sop\\\/acesso-a-informacao\\\/#primaryimage\"},\"image\":{\"@id\":\"https:\\\/\\\/www.ce.gov.br\\\/sop\\\/acesso-a-informacao\\\/#primaryimage\"},\"thumbnailUrl\":\"https:\\\/\\\/www.ceara.gov.br\\\/wp-content\\\/uploads\\\/2018\\\/02\\\/banner-acesso-informacao3.png\",\"datePublished\":\"2018-02-07T13:48:35+00:00\",\"dateModified\":\"2026-02-11T18:29:53+00:00\",\"breadcrumb\":{\"@id\":\"https:\\\/\\\/www.ce.gov.br\\\/sop\\\/acesso-a-informacao\\\/#breadcrumb\"},\"inLanguage\":\"pt-BR\",\"potentialAction\":[{\"@type\":\"ReadAction\",\"target\":[\"https:\\\/\\\/www.ce.gov.br\\\/sop\\\/acesso-a-informacao\\\/\"]}]},{\"@type\":\"ImageObject\",\"inLanguage\":\"pt-BR\",\"@id\":\"https:\\\/\\\/www.ce.gov.br\\\/sop\\\/acesso-a-informacao\\\/#primaryimage\",\"url\":\"https:\\\/\\\/www.ceara.gov.br\\\/wp-content\\\/uploads\\\/2018\\\/02\\\/banner-acesso-informacao3.png\",\"contentUrl\":\"https:\\\/\\\/www.ceara.gov.br\\\/wp-content\\\/uploads\\\/2018\\\/02\\\/banner-acesso-informacao3.png\"},{\"@type\":\"BreadcrumbList\",\"@id\":\"https:\\\/\\\/www.ce.gov.br\\\/sop\\\/acesso-a-informacao\\\/#breadcrumb\",\"itemListElement\":[{\"@type\":\"ListItem\",\"position\":1,\"name\":\"In\u00edcio\",\"item\":\"https:\\\/\\\/www.ce.gov.br\\\/sop\\\/\"},{\"@type\":\"ListItem\",\"position\":2,\"name\":\"Acesso \u00e0 Informa\u00e7\u00e3o\"}]},{\"@type\":\"WebSite\",\"@id\":\"https:\\\/\\\/www.ce.gov.br\\\/sop\\\/#website\",\"url\":\"https:\\\/\\\/www.ce.gov.br\\\/sop\\\/\",\"name\":\"Departamento Estadual de Rodovias\",\"description\":\"Portal SOP\",\"potentialAction\":[{\"@type\":\"SearchAction\",\"target\":{\"@type\":\"EntryPoint\",\"urlTemplate\":\"https:\\\/\\\/www.ce.gov.br\\\/sop\\\/?s={search_term_string}\"},\"query-input\":{\"@type\":\"PropertyValueSpecification\",\"valueRequired\":true,\"valueName\":\"search_term_string\"}}],\"inLanguage\":\"pt-BR\"}]}<\/script>\n<!-- \/ Yoast SEO plugin. -->","yoast_head_json":{"title":"Acesso \u00e0 Informa\u00e7\u00e3o - SOP","robots":{"index":"index","follow":"follow","max-snippet":"max-snippet:-1","max-image-preview":"max-image-preview:large","max-video-preview":"max-video-preview:-1"},"canonical":"https:\/\/www.ce.gov.br\/sop\/acesso-a-informacao\/","og_locale":"pt_BR","og_type":"article","og_title":"Acesso \u00e0 Informa\u00e7\u00e3o - SOP","og_description":"Acesso \u00e0 Informa\u00e7\u00e3o A Lei Estadual de Acesso \u00e0 Informa\u00e7\u00e3o, Lei n\u00ba 15.175\/2012, institui como princ\u00edpio fundamental que o acesso \u00e0 informa\u00e7\u00e3o p\u00fablica \u00e9 a regra e o sigilo a exce\u00e7\u00e3o. Sua san\u00e7\u00e3o representa mais um importante passo para a consolida\u00e7\u00e3o do regime democr\u00e1tico e para o fortalecimento das pol\u00edticas de transpar\u00eancia p\u00fablica. A legisla\u00e7\u00e3o [&hellip;]","og_url":"https:\/\/www.ce.gov.br\/sop\/acesso-a-informacao\/","og_site_name":"SOP","article_modified_time":"2026-02-11T18:29:53+00:00","og_image":[{"url":"https:\/\/www.ceara.gov.br\/wp-content\/uploads\/2018\/02\/banner-acesso-informacao3.png","type":"","width":"","height":""}],"twitter_card":"summary_large_image","twitter_misc":{"Est. reading time":"2 minutos"},"schema":{"@context":"https:\/\/schema.org","@graph":[{"@type":"WebPage","@id":"https:\/\/www.ce.gov.br\/sop\/acesso-a-informacao\/","url":"https:\/\/www.ce.gov.br\/sop\/acesso-a-informacao\/","name":"Acesso \u00e0 Informa\u00e7\u00e3o - SOP","isPartOf":{"@id":"https:\/\/www.ce.gov.br\/sop\/#website"},"primaryImageOfPage":{"@id":"https:\/\/www.ce.gov.br\/sop\/acesso-a-informacao\/#primaryimage"},"image":{"@id":"https:\/\/www.ce.gov.br\/sop\/acesso-a-informacao\/#primaryimage"},"thumbnailUrl":"https:\/\/www.ceara.gov.br\/wp-content\/uploads\/2018\/02\/banner-acesso-informacao3.png","datePublished":"2018-02-07T13:48:35+00:00","dateModified":"2026-02-11T18:29:53+00:00","breadcrumb":{"@id":"https:\/\/www.ce.gov.br\/sop\/acesso-a-informacao\/#breadcrumb"},"inLanguage":"pt-BR","potentialAction":[{"@type":"ReadAction","target":["https:\/\/www.ce.gov.br\/sop\/acesso-a-informacao\/"]}]},{"@type":"ImageObject","inLanguage":"pt-BR","@id":"https:\/\/www.ce.gov.br\/sop\/acesso-a-informacao\/#primaryimage","url":"https:\/\/www.ceara.gov.br\/wp-content\/uploads\/2018\/02\/banner-acesso-informacao3.png","contentUrl":"https:\/\/www.ceara.gov.br\/wp-content\/uploads\/2018\/02\/banner-acesso-informacao3.png"},{"@type":"BreadcrumbList","@id":"https:\/\/www.ce.gov.br\/sop\/acesso-a-informacao\/#breadcrumb","itemListElement":[{"@type":"ListItem","position":1,"name":"In\u00edcio","item":"https:\/\/www.ce.gov.br\/sop\/"},{"@type":"ListItem","position":2,"name":"Acesso \u00e0 Informa\u00e7\u00e3o"}]},{"@type":"WebSite","@id":"https:\/\/www.ce.gov.br\/sop\/#website","url":"https:\/\/www.ce.gov.br\/sop\/","name":"Departamento Estadual de Rodovias","description":"Portal SOP","potentialAction":[{"@type":"SearchAction","target":{"@type":"EntryPoint","urlTemplate":"https:\/\/www.ce.gov.br\/sop\/?s={search_term_string}"},"query-input":{"@type":"PropertyValueSpecification","valueRequired":true,"valueName":"search_term_string"}}],"inLanguage":"pt-BR"}]}},"_links":{"self":[{"href":"https:\/\/www.ce.gov.br\/sop\/wp-json\/wp\/v2\/pages\/67183","targetHints":{"allow":["GET"]}}],"collection":[{"href":"https:\/\/www.ce.gov.br\/sop\/wp-json\/wp\/v2\/pages"}],"about":[{"href":"https:\/\/www.ce.gov.br\/sop\/wp-json\/wp\/v2\/types\/page"}],"author":[{"embeddable":true,"href":"https:\/\/www.ce.gov.br\/sop\/wp-json\/wp\/v2\/users\/12"}],"replies":[{"embeddable":true,"href":"https:\/\/www.ce.gov.br\/sop\/wp-json\/wp\/v2\/comments?post=67183"}],"version-history":[{"count":12,"href":"https:\/\/www.ce.gov.br\/sop\/wp-json\/wp\/v2\/pages\/67183\/revisions"}],"predecessor-version":[{"id":78816,"href":"https:\/\/www.ce.gov.br\/sop\/wp-json\/wp\/v2\/pages\/67183\/revisions\/78816"}],"wp:attachment":[{"href":"https:\/\/www.ce.gov.br\/sop\/wp-json\/wp\/v2\/media?parent=67183"}],"curies":[{"name":"wp","href":"https:\/\/api.w.org\/{rel}","templated":true}]}}