{"id":67205,"date":"2018-02-08T15:38:25","date_gmt":"2018-02-08T18:38:25","guid":{"rendered":"http:\/\/ww3.ceara.gov.br\/?page_id=67205"},"modified":"2025-08-01T09:52:31","modified_gmt":"2025-08-01T12:52:31","slug":"comite-setorial-de-acesso-informacao","status":"publish","type":"page","link":"https:\/\/www.ce.gov.br\/sop\/acesso-a-informacao\/comite-setorial-de-acesso-informacao\/","title":{"rendered":"Comit\u00ea Setorial de Acesso \u00e0 Informa\u00e7\u00e3o"},"content":{"rendered":"<p>&nbsp;<\/p>\n<h2 class=\"-laranja\"><span style=\"color: #108441\"><strong>Comit\u00ea Setorial de Acesso \u00e0 Informa\u00e7\u00e3o \u2013 CSAI<\/strong><\/span><\/h2>\n<p>&nbsp;<\/p>\n<p><strong>Diretor Administrativo<\/strong><\/p>\n<p>Giovanni Pacheco de Castro<\/p>\n<p>giovanni.pacheco@sop.ce.gov.br<\/p>\n<p>(85) 3108.<span title=\"Fone\/Fax\">2821<\/span><\/p>\n<p>&nbsp;<\/p>\n<p><strong>Diretora de Planejamento e Finan\u00e7as<\/strong><br \/>\nDiana Cordeiro Sanford de Medeiros<br \/>\ndiana.sanford@sop.ce.gov.br<br \/>\n(85) 3108.2828<\/p>\n<p>&nbsp;<\/p>\n<p><strong>Ouvidoria Setorial<\/strong><br \/>\nFrancisco Abelardo Cavalcante Camur\u00e7a<br \/>\nabelardo.camurca@sop.ce.gov.br<br \/>\n(85) 3108.2637<\/p>\n<p>&nbsp;<\/p>\n<p><strong>Respons\u00e1vel pelo Servi\u00e7o de Informa\u00e7\u00e3o ao Cidad\u00e3o<\/strong><\/p>\n<p>M\u00e1rcio Roberto Silva de Castro<\/p>\n<p>marcio.castro@sop.ce.gov.br<\/p>\n<p>(85) 3108.<span title=\"Fone\/Fax\">2803<\/span><\/p>\n<p>&nbsp;<\/p>\n","protected":false},"excerpt":{"rendered":"<p>&nbsp; Comit\u00ea Setorial de Acesso \u00e0 Informa\u00e7\u00e3o \u2013 CSAI &nbsp; Diretor Administrativo Giovanni Pacheco de Castro giovanni.pacheco@sop.ce.gov.br (85) 3108.2821 &nbsp; Diretora de Planejamento e Finan\u00e7as Diana Cordeiro Sanford de Medeiros diana.sanford@sop.ce.gov.br (85) 3108.2828 &nbsp; Ouvidoria Setorial Francisco Abelardo Cavalcante Camur\u00e7a abelardo.camurca@sop.ce.gov.br (85) 3108.2637 &nbsp; Respons\u00e1vel pelo Servi\u00e7o de Informa\u00e7\u00e3o ao Cidad\u00e3o M\u00e1rcio Roberto Silva de [&hellip;]<\/p>\n","protected":false},"author":12,"featured_media":0,"parent":67183,"menu_order":4,"comment_status":"closed","ping_status":"closed","template":"","meta":{"_acf_changed":false,"inline_featured_image":false,"footnotes":""},"class_list":["post-67205","page","type-page","status-publish","hentry"],"acf":[],"yoast_head":"<!-- This site is optimized with the Yoast SEO plugin v27.3 - https:\/\/yoast.com\/product\/yoast-seo-wordpress\/ -->\n<title>Comit\u00ea Setorial de Acesso \u00e0 Informa\u00e7\u00e3o - SOP<\/title>\n<meta name=\"robots\" content=\"index, follow, max-snippet:-1, max-image-preview:large, max-video-preview:-1\" \/>\n<link rel=\"canonical\" href=\"https:\/\/www.ce.gov.br\/sop\/acesso-a-informacao\/comite-setorial-de-acesso-informacao\/\" \/>\n<meta property=\"og:locale\" content=\"pt_BR\" \/>\n<meta property=\"og:type\" content=\"article\" \/>\n<meta property=\"og:title\" content=\"Comit\u00ea Setorial de Acesso \u00e0 Informa\u00e7\u00e3o - SOP\" \/>\n<meta property=\"og:description\" content=\"&nbsp; Comit\u00ea Setorial de Acesso \u00e0 Informa\u00e7\u00e3o \u2013 CSAI &nbsp; Diretor Administrativo Giovanni Pacheco de Castro giovanni.pacheco@sop.ce.gov.br (85) 3108.2821 &nbsp; Diretora de Planejamento e Finan\u00e7as Diana Cordeiro Sanford de Medeiros diana.sanford@sop.ce.gov.br (85) 3108.2828 &nbsp; Ouvidoria Setorial Francisco Abelardo Cavalcante Camur\u00e7a abelardo.camurca@sop.ce.gov.br (85) 3108.2637 &nbsp; Respons\u00e1vel pelo Servi\u00e7o de Informa\u00e7\u00e3o ao Cidad\u00e3o M\u00e1rcio Roberto Silva de [&hellip;]\" \/>\n<meta property=\"og:url\" content=\"https:\/\/www.ce.gov.br\/sop\/acesso-a-informacao\/comite-setorial-de-acesso-informacao\/\" \/>\n<meta property=\"og:site_name\" content=\"SOP\" \/>\n<meta property=\"article:modified_time\" content=\"2025-08-01T12:52:31+00:00\" \/>\n<meta name=\"twitter:card\" content=\"summary_large_image\" \/>\n<meta name=\"twitter:label1\" content=\"Est. reading time\" \/>\n\t<meta name=\"twitter:data1\" content=\"1 minuto\" \/>\n<script type=\"application\/ld+json\" class=\"yoast-schema-graph\">{\"@context\":\"https:\\\/\\\/schema.org\",\"@graph\":[{\"@type\":\"WebPage\",\"@id\":\"https:\\\/\\\/www.ce.gov.br\\\/sop\\\/acesso-a-informacao\\\/comite-setorial-de-acesso-informacao\\\/\",\"url\":\"https:\\\/\\\/www.ce.gov.br\\\/sop\\\/acesso-a-informacao\\\/comite-setorial-de-acesso-informacao\\\/\",\"name\":\"Comit\u00ea Setorial de Acesso \u00e0 Informa\u00e7\u00e3o - SOP\",\"isPartOf\":{\"@id\":\"https:\\\/\\\/www.ce.gov.br\\\/sop\\\/#website\"},\"datePublished\":\"2018-02-08T18:38:25+00:00\",\"dateModified\":\"2025-08-01T12:52:31+00:00\",\"breadcrumb\":{\"@id\":\"https:\\\/\\\/www.ce.gov.br\\\/sop\\\/acesso-a-informacao\\\/comite-setorial-de-acesso-informacao\\\/#breadcrumb\"},\"inLanguage\":\"pt-BR\",\"potentialAction\":[{\"@type\":\"ReadAction\",\"target\":[\"https:\\\/\\\/www.ce.gov.br\\\/sop\\\/acesso-a-informacao\\\/comite-setorial-de-acesso-informacao\\\/\"]}]},{\"@type\":\"BreadcrumbList\",\"@id\":\"https:\\\/\\\/www.ce.gov.br\\\/sop\\\/acesso-a-informacao\\\/comite-setorial-de-acesso-informacao\\\/#breadcrumb\",\"itemListElement\":[{\"@type\":\"ListItem\",\"position\":1,\"name\":\"In\u00edcio\",\"item\":\"https:\\\/\\\/www.ce.gov.br\\\/sop\\\/\"},{\"@type\":\"ListItem\",\"position\":2,\"name\":\"Acesso \u00e0 Informa\u00e7\u00e3o\",\"item\":\"https:\\\/\\\/www.ce.gov.br\\\/sop\\\/acesso-a-informacao\\\/\"},{\"@type\":\"ListItem\",\"position\":3,\"name\":\"Comit\u00ea Setorial de Acesso \u00e0 Informa\u00e7\u00e3o\"}]},{\"@type\":\"WebSite\",\"@id\":\"https:\\\/\\\/www.ce.gov.br\\\/sop\\\/#website\",\"url\":\"https:\\\/\\\/www.ce.gov.br\\\/sop\\\/\",\"name\":\"Departamento Estadual de Rodovias\",\"description\":\"Portal SOP\",\"potentialAction\":[{\"@type\":\"SearchAction\",\"target\":{\"@type\":\"EntryPoint\",\"urlTemplate\":\"https:\\\/\\\/www.ce.gov.br\\\/sop\\\/?s={search_term_string}\"},\"query-input\":{\"@type\":\"PropertyValueSpecification\",\"valueRequired\":true,\"valueName\":\"search_term_string\"}}],\"inLanguage\":\"pt-BR\"}]}<\/script>\n<!-- \/ Yoast SEO plugin. -->","yoast_head_json":{"title":"Comit\u00ea Setorial de Acesso \u00e0 Informa\u00e7\u00e3o - SOP","robots":{"index":"index","follow":"follow","max-snippet":"max-snippet:-1","max-image-preview":"max-image-preview:large","max-video-preview":"max-video-preview:-1"},"canonical":"https:\/\/www.ce.gov.br\/sop\/acesso-a-informacao\/comite-setorial-de-acesso-informacao\/","og_locale":"pt_BR","og_type":"article","og_title":"Comit\u00ea Setorial de Acesso \u00e0 Informa\u00e7\u00e3o - SOP","og_description":"&nbsp; Comit\u00ea Setorial de Acesso \u00e0 Informa\u00e7\u00e3o \u2013 CSAI &nbsp; Diretor Administrativo Giovanni Pacheco de Castro giovanni.pacheco@sop.ce.gov.br (85) 3108.2821 &nbsp; Diretora de Planejamento e Finan\u00e7as Diana Cordeiro Sanford de Medeiros diana.sanford@sop.ce.gov.br (85) 3108.2828 &nbsp; Ouvidoria Setorial Francisco Abelardo Cavalcante Camur\u00e7a abelardo.camurca@sop.ce.gov.br (85) 3108.2637 &nbsp; Respons\u00e1vel pelo Servi\u00e7o de Informa\u00e7\u00e3o ao Cidad\u00e3o M\u00e1rcio Roberto Silva de [&hellip;]","og_url":"https:\/\/www.ce.gov.br\/sop\/acesso-a-informacao\/comite-setorial-de-acesso-informacao\/","og_site_name":"SOP","article_modified_time":"2025-08-01T12:52:31+00:00","twitter_card":"summary_large_image","twitter_misc":{"Est. reading time":"1 minuto"},"schema":{"@context":"https:\/\/schema.org","@graph":[{"@type":"WebPage","@id":"https:\/\/www.ce.gov.br\/sop\/acesso-a-informacao\/comite-setorial-de-acesso-informacao\/","url":"https:\/\/www.ce.gov.br\/sop\/acesso-a-informacao\/comite-setorial-de-acesso-informacao\/","name":"Comit\u00ea Setorial de Acesso \u00e0 Informa\u00e7\u00e3o - SOP","isPartOf":{"@id":"https:\/\/www.ce.gov.br\/sop\/#website"},"datePublished":"2018-02-08T18:38:25+00:00","dateModified":"2025-08-01T12:52:31+00:00","breadcrumb":{"@id":"https:\/\/www.ce.gov.br\/sop\/acesso-a-informacao\/comite-setorial-de-acesso-informacao\/#breadcrumb"},"inLanguage":"pt-BR","potentialAction":[{"@type":"ReadAction","target":["https:\/\/www.ce.gov.br\/sop\/acesso-a-informacao\/comite-setorial-de-acesso-informacao\/"]}]},{"@type":"BreadcrumbList","@id":"https:\/\/www.ce.gov.br\/sop\/acesso-a-informacao\/comite-setorial-de-acesso-informacao\/#breadcrumb","itemListElement":[{"@type":"ListItem","position":1,"name":"In\u00edcio","item":"https:\/\/www.ce.gov.br\/sop\/"},{"@type":"ListItem","position":2,"name":"Acesso \u00e0 Informa\u00e7\u00e3o","item":"https:\/\/www.ce.gov.br\/sop\/acesso-a-informacao\/"},{"@type":"ListItem","position":3,"name":"Comit\u00ea Setorial de Acesso \u00e0 Informa\u00e7\u00e3o"}]},{"@type":"WebSite","@id":"https:\/\/www.ce.gov.br\/sop\/#website","url":"https:\/\/www.ce.gov.br\/sop\/","name":"Departamento Estadual de Rodovias","description":"Portal SOP","potentialAction":[{"@type":"SearchAction","target":{"@type":"EntryPoint","urlTemplate":"https:\/\/www.ce.gov.br\/sop\/?s={search_term_string}"},"query-input":{"@type":"PropertyValueSpecification","valueRequired":true,"valueName":"search_term_string"}}],"inLanguage":"pt-BR"}]}},"_links":{"self":[{"href":"https:\/\/www.ce.gov.br\/sop\/wp-json\/wp\/v2\/pages\/67205","targetHints":{"allow":["GET"]}}],"collection":[{"href":"https:\/\/www.ce.gov.br\/sop\/wp-json\/wp\/v2\/pages"}],"about":[{"href":"https:\/\/www.ce.gov.br\/sop\/wp-json\/wp\/v2\/types\/page"}],"author":[{"embeddable":true,"href":"https:\/\/www.ce.gov.br\/sop\/wp-json\/wp\/v2\/users\/12"}],"replies":[{"embeddable":true,"href":"https:\/\/www.ce.gov.br\/sop\/wp-json\/wp\/v2\/comments?post=67205"}],"version-history":[{"count":4,"href":"https:\/\/www.ce.gov.br\/sop\/wp-json\/wp\/v2\/pages\/67205\/revisions"}],"predecessor-version":[{"id":78123,"href":"https:\/\/www.ce.gov.br\/sop\/wp-json\/wp\/v2\/pages\/67205\/revisions\/78123"}],"up":[{"embeddable":true,"href":"https:\/\/www.ce.gov.br\/sop\/wp-json\/wp\/v2\/pages\/67183"}],"wp:attachment":[{"href":"https:\/\/www.ce.gov.br\/sop\/wp-json\/wp\/v2\/media?parent=67205"}],"curies":[{"name":"wp","href":"https:\/\/api.w.org\/{rel}","templated":true}]}}