{"id":68585,"date":"2018-02-01T13:22:04","date_gmt":"2018-02-01T16:22:04","guid":{"rendered":"http:\/\/www.dae.ce.gov.br\/?page_id=1180"},"modified":"2018-02-01T13:22:04","modified_gmt":"2018-02-01T16:22:04","slug":"modelos-de-documentos","status":"publish","type":"page","link":"https:\/\/www.ce.gov.br\/sop\/modelos-de-documentos\/","title":{"rendered":"Modelos de Documentos"},"content":{"rendered":"<p>&nbsp;<\/p>\n<div class=\"SistemasExternos\">\n<table style=\"height: 230px\" width=\"1040\">\n<thead>\n<tr>\n<th width=\"17%\">Arquivo<\/th>\n<th width=\"58%\">Descri\u00e7\u00e3o\/Finalidade<\/th>\n<th width=\"25%\">Link<\/th>\n<\/tr>\n<\/thead>\n<tbody><!-- sistema inicio --><\/p>\n<tr>\n<td class=\"laranja\">Placa de Obra Estadual<\/td>\n<td>\n<div>Modelo para produ\u00e7\u00e3o de Placa de Obra Estadual (n\u00e3o deve ser utilizada durante o Per\u00edodo Eleitoral. Entrar em contato com o setor de Obras do DAE)<\/div>\n<\/td>\n<td>\n<div><a href=\"https:\/\/www.ce.gov.br\/sop\/wp-content\/uploads\/sites\/76\/2018\/03\/Placa-Obra-Estadual.pdf\">Download<\/a><\/div>\n<\/td>\n<\/tr>\n<p><!-- sistema final --> <!-- sistema inicio --><\/p>\n<tr>\n<td class=\"laranja\">Placa de Obra Federal<\/td>\n<td>\n<div>Modelo para produ\u00e7\u00e3o de Placa de Obra Federal (n\u00e3o deve ser utilizada durante o Per\u00edodo Eleitoral. Entrar em contato com o setor de Obras do DAE)<\/div>\n<\/td>\n<td>\n<div><a href=\"https:\/\/www.ce.gov.br\/sop\/wp-content\/uploads\/sites\/76\/2019\/04\/Placa-CEI-FEDERAL.jpg\">Download<\/a><\/div>\n<\/td>\n<\/tr>\n<p><!-- sistema final --><!-- sistema inicio --><\/p>\n<tr>\n<td class=\"laranja\">Papel Timbrado<\/td>\n<td>\n<div>Papel Timbrado em Branco &#8211; DAE<\/div>\n<\/td>\n<td>\n<div><a href=\"https:\/\/www.ce.gov.br\/sop\/wp-content\/uploads\/sites\/76\/2018\/02\/Timbrado_em_branco.odt\">Download<\/a><\/div>\n<\/td>\n<\/tr>\n<p><!-- sistema final --><!-- sistema inicio --><\/p>\n<tr>\n<td class=\"laranja\">Logomarca DAE Horizontal<\/td>\n<td>\n<div>Logomarca DAE Horizontal &#8211; Imagem PNG (600 x 111)<\/div>\n<\/td>\n<td>\n<div><a href=\"\/\/www.dae.ce.gov.br\/wp-content\/uploads\/sites\/31\/2018\/02\/Logo_DAE_horizontal-600x111.png\">Download <\/a><\/div>\n<\/td>\n<\/tr>\n<p><!-- sistema final --><!-- sistema inicio --><\/p>\n<tr>\n<td class=\"laranja\">Logomarca DAE Vertical<\/td>\n<td>\n<div>Logomarca DAE Vertical &#8211; Imagem PNG (300 x 171)<\/div>\n<\/td>\n<td>\n<div><a href=\"https:\/\/www.ce.gov.br\/sop\/wp-content\/uploads\/sites\/76\/2018\/02\/Logo_DAE_vertical-300x171.png\">Download<\/a><\/div>\n<\/td>\n<\/tr>\n<p><!-- sistema final --><\/tbody>\n<\/table>\n<\/div>\n<div class=\"wrapper\"><\/div>\n","protected":false},"excerpt":{"rendered":"<p>&nbsp; Arquivo Descri\u00e7\u00e3o\/Finalidade Link Placa de Obra Estadual Modelo para produ\u00e7\u00e3o de Placa de Obra Estadual (n\u00e3o deve ser utilizada durante o Per\u00edodo Eleitoral. Entrar em contato com o setor de Obras do DAE) Download Placa de Obra Federal Modelo para produ\u00e7\u00e3o de Placa de Obra Federal (n\u00e3o deve ser utilizada durante o Per\u00edodo Eleitoral. [&hellip;]<\/p>\n","protected":false},"author":12,"featured_media":0,"parent":0,"menu_order":0,"comment_status":"closed","ping_status":"closed","template":"","meta":{"_acf_changed":false,"inline_featured_image":false,"footnotes":""},"class_list":["post-68585","page","type-page","status-publish","hentry"],"acf":[],"yoast_head":"<!-- This site is optimized with the Yoast SEO plugin v27.3 - https:\/\/yoast.com\/product\/yoast-seo-wordpress\/ -->\n<title>Modelos de Documentos - SOP<\/title>\n<meta name=\"robots\" content=\"index, follow, max-snippet:-1, max-image-preview:large, max-video-preview:-1\" \/>\n<link rel=\"canonical\" href=\"https:\/\/www.ce.gov.br\/sop\/modelos-de-documentos\/\" \/>\n<meta property=\"og:locale\" content=\"pt_BR\" \/>\n<meta property=\"og:type\" content=\"article\" \/>\n<meta property=\"og:title\" content=\"Modelos de Documentos - SOP\" \/>\n<meta property=\"og:description\" content=\"&nbsp; Arquivo Descri\u00e7\u00e3o\/Finalidade Link Placa de Obra Estadual Modelo para produ\u00e7\u00e3o de Placa de Obra Estadual (n\u00e3o deve ser utilizada durante o Per\u00edodo Eleitoral. Entrar em contato com o setor de Obras do DAE) Download Placa de Obra Federal Modelo para produ\u00e7\u00e3o de Placa de Obra Federal (n\u00e3o deve ser utilizada durante o Per\u00edodo Eleitoral. [&hellip;]\" \/>\n<meta property=\"og:url\" content=\"https:\/\/www.ce.gov.br\/sop\/modelos-de-documentos\/\" \/>\n<meta property=\"og:site_name\" content=\"SOP\" \/>\n<meta name=\"twitter:card\" content=\"summary_large_image\" \/>\n<meta name=\"twitter:label1\" content=\"Est. reading time\" \/>\n\t<meta name=\"twitter:data1\" content=\"1 minuto\" \/>\n<script type=\"application\/ld+json\" class=\"yoast-schema-graph\">{\"@context\":\"https:\\\/\\\/schema.org\",\"@graph\":[{\"@type\":\"WebPage\",\"@id\":\"https:\\\/\\\/www.ce.gov.br\\\/sop\\\/modelos-de-documentos\\\/\",\"url\":\"https:\\\/\\\/www.ce.gov.br\\\/sop\\\/modelos-de-documentos\\\/\",\"name\":\"Modelos de Documentos - SOP\",\"isPartOf\":{\"@id\":\"https:\\\/\\\/www.ce.gov.br\\\/sop\\\/#website\"},\"datePublished\":\"2018-02-01T16:22:04+00:00\",\"breadcrumb\":{\"@id\":\"https:\\\/\\\/www.ce.gov.br\\\/sop\\\/modelos-de-documentos\\\/#breadcrumb\"},\"inLanguage\":\"pt-BR\",\"potentialAction\":[{\"@type\":\"ReadAction\",\"target\":[\"https:\\\/\\\/www.ce.gov.br\\\/sop\\\/modelos-de-documentos\\\/\"]}]},{\"@type\":\"BreadcrumbList\",\"@id\":\"https:\\\/\\\/www.ce.gov.br\\\/sop\\\/modelos-de-documentos\\\/#breadcrumb\",\"itemListElement\":[{\"@type\":\"ListItem\",\"position\":1,\"name\":\"In\u00edcio\",\"item\":\"https:\\\/\\\/www.ce.gov.br\\\/sop\\\/\"},{\"@type\":\"ListItem\",\"position\":2,\"name\":\"Modelos de Documentos\"}]},{\"@type\":\"WebSite\",\"@id\":\"https:\\\/\\\/www.ce.gov.br\\\/sop\\\/#website\",\"url\":\"https:\\\/\\\/www.ce.gov.br\\\/sop\\\/\",\"name\":\"Departamento Estadual de Rodovias\",\"description\":\"Portal SOP\",\"potentialAction\":[{\"@type\":\"SearchAction\",\"target\":{\"@type\":\"EntryPoint\",\"urlTemplate\":\"https:\\\/\\\/www.ce.gov.br\\\/sop\\\/?s={search_term_string}\"},\"query-input\":{\"@type\":\"PropertyValueSpecification\",\"valueRequired\":true,\"valueName\":\"search_term_string\"}}],\"inLanguage\":\"pt-BR\"}]}<\/script>\n<!-- \/ Yoast SEO plugin. -->","yoast_head_json":{"title":"Modelos de Documentos - SOP","robots":{"index":"index","follow":"follow","max-snippet":"max-snippet:-1","max-image-preview":"max-image-preview:large","max-video-preview":"max-video-preview:-1"},"canonical":"https:\/\/www.ce.gov.br\/sop\/modelos-de-documentos\/","og_locale":"pt_BR","og_type":"article","og_title":"Modelos de Documentos - SOP","og_description":"&nbsp; Arquivo Descri\u00e7\u00e3o\/Finalidade Link Placa de Obra Estadual Modelo para produ\u00e7\u00e3o de Placa de Obra Estadual (n\u00e3o deve ser utilizada durante o Per\u00edodo Eleitoral. Entrar em contato com o setor de Obras do DAE) Download Placa de Obra Federal Modelo para produ\u00e7\u00e3o de Placa de Obra Federal (n\u00e3o deve ser utilizada durante o Per\u00edodo Eleitoral. [&hellip;]","og_url":"https:\/\/www.ce.gov.br\/sop\/modelos-de-documentos\/","og_site_name":"SOP","twitter_card":"summary_large_image","twitter_misc":{"Est. reading time":"1 minuto"},"schema":{"@context":"https:\/\/schema.org","@graph":[{"@type":"WebPage","@id":"https:\/\/www.ce.gov.br\/sop\/modelos-de-documentos\/","url":"https:\/\/www.ce.gov.br\/sop\/modelos-de-documentos\/","name":"Modelos de Documentos - SOP","isPartOf":{"@id":"https:\/\/www.ce.gov.br\/sop\/#website"},"datePublished":"2018-02-01T16:22:04+00:00","breadcrumb":{"@id":"https:\/\/www.ce.gov.br\/sop\/modelos-de-documentos\/#breadcrumb"},"inLanguage":"pt-BR","potentialAction":[{"@type":"ReadAction","target":["https:\/\/www.ce.gov.br\/sop\/modelos-de-documentos\/"]}]},{"@type":"BreadcrumbList","@id":"https:\/\/www.ce.gov.br\/sop\/modelos-de-documentos\/#breadcrumb","itemListElement":[{"@type":"ListItem","position":1,"name":"In\u00edcio","item":"https:\/\/www.ce.gov.br\/sop\/"},{"@type":"ListItem","position":2,"name":"Modelos de Documentos"}]},{"@type":"WebSite","@id":"https:\/\/www.ce.gov.br\/sop\/#website","url":"https:\/\/www.ce.gov.br\/sop\/","name":"Departamento Estadual de Rodovias","description":"Portal SOP","potentialAction":[{"@type":"SearchAction","target":{"@type":"EntryPoint","urlTemplate":"https:\/\/www.ce.gov.br\/sop\/?s={search_term_string}"},"query-input":{"@type":"PropertyValueSpecification","valueRequired":true,"valueName":"search_term_string"}}],"inLanguage":"pt-BR"}]}},"_links":{"self":[{"href":"https:\/\/www.ce.gov.br\/sop\/wp-json\/wp\/v2\/pages\/68585","targetHints":{"allow":["GET"]}}],"collection":[{"href":"https:\/\/www.ce.gov.br\/sop\/wp-json\/wp\/v2\/pages"}],"about":[{"href":"https:\/\/www.ce.gov.br\/sop\/wp-json\/wp\/v2\/types\/page"}],"author":[{"embeddable":true,"href":"https:\/\/www.ce.gov.br\/sop\/wp-json\/wp\/v2\/users\/12"}],"replies":[{"embeddable":true,"href":"https:\/\/www.ce.gov.br\/sop\/wp-json\/wp\/v2\/comments?post=68585"}],"version-history":[{"count":0,"href":"https:\/\/www.ce.gov.br\/sop\/wp-json\/wp\/v2\/pages\/68585\/revisions"}],"wp:attachment":[{"href":"https:\/\/www.ce.gov.br\/sop\/wp-json\/wp\/v2\/media?parent=68585"}],"curies":[{"name":"wp","href":"https:\/\/api.w.org\/{rel}","templated":true}]}}