{"id":69336,"date":"2019-07-11T10:41:13","date_gmt":"2019-07-11T13:41:13","guid":{"rendered":"http:\/\/www.ce.gov.br\/sop\/?page_id=69336"},"modified":"2026-04-15T11:56:25","modified_gmt":"2026-04-15T14:56:25","slug":"assuntos-de-arquitetura-e-engenharia","status":"publish","type":"page","link":"https:\/\/www.ce.gov.br\/sop\/edificacoes\/assuntos-de-arquitetura-e-engenharia\/","title":{"rendered":"Assuntos de Arquitetura e Engenharia"},"content":{"rendered":"\n<p>Esta Orienta\u00e7\u00e3o T\u00e9cnica visa uniformizar o entendimento quanto \u00e0 defini\u00e7\u00e3o de Projeto B\u00e1sico especificada na Lei Federal 8.666\/93 e altera\u00e7\u00f5es posteriores.<\/p>\n\n\n\n<ul class=\"wp-block-list\">\n<li><a href=\"https:\/\/www.ce.gov.br\/sop\/wp-content\/uploads\/sites\/76\/2019\/07\/ORIENTA%C3%87%C3%95ES-PARA-ELABORA%C3%87%C3%83O-DE-PLANILHAS-OR%C3%87AMENT%C3%81RIAS-DE-OBRAS-P%C3%9ABLICAS-TCU-2014.pdf\">ORIENTA\u00c7\u00d5ES PARA ELABORA\u00c7\u00c3O DE PLANILHAS OR\u00c7AMENT\u00c1RIAS (TCU \u2013 2014)<\/a><\/li>\n\n\n\n<li><a href=\"https:\/\/www.sop.ce.gov.br\/wp-content\/uploads\/sites\/30\/2019\/07\/RECOMENDA%C3%87%C3%95ES-B%C3%81SICAS-PARA-A-CONTRATA%C3%87%C3%83O-E-FISCALIZA%C3%87%C3%83O-DE-OBRAS-E-EDIFICA%C3%87%C3%95ES-P%C3%9ABLICAS-TCU-2015.pdf\">RECOMENDA\u00c7\u00d5ES B\u00c1SICAS PARA A CONTRATA\u00c7\u00c3O E FISCALIZA\u00c7\u00c3O (TCU \u2013 2015)<\/a><\/li>\n<\/ul>\n\n\n\n<p><\/p>\n\n\n\n<p>Orienta\u00e7\u00f5es T\u00e9cnicas<\/p>\n\n\n\n<ul class=\"wp-block-list\">\n<li><a href=\"https:\/\/www.ce.gov.br\/sop\/wp-content\/uploads\/sites\/76\/2019\/07\/OT-IBR-001.2006-SOBRE-PROJETO-B%C3%81SICO.pdf\">OT-IBR 001.2006 \u2013 SOBRE PROJETO B\u00c1SICO<\/a><\/li>\n\n\n\n<li><a href=\"https:\/\/www.ce.gov.br\/sop\/wp-content\/uploads\/sites\/76\/2019\/07\/OT-IBR-002.2009-SOBRE-OBRA-E-SERVI%C3%87O-DE-ENGENHARIA.pdf\">OT-IBR 002.2009 \u2013 SOBRE OBRA E SERVI\u00c7O DE ENGENHARIA<\/a><\/li>\n\n\n\n<li><a href=\"https:\/\/www.ce.gov.br\/sop\/wp-content\/uploads\/sites\/76\/2019\/07\/OT-IBR-003.2011-SOBRE-GARANTIA-QUINQUENAL-DE-OBRAS-P%C3%9ABLICAS.pdf\">OT-IBR 003.2011 \u2013 SOBRE GARANTIA QUINQUENAL DE OBRAS P\u00daBLICAS<\/a><\/li>\n\n\n\n<li><a href=\"https:\/\/www.ce.gov.br\/sop\/wp-content\/uploads\/sites\/76\/2019\/07\/OT-IBR-004.2012-SOBRE-PRECIS%C3%83O-DO-OR%C3%87AMENTO-DE-OBRAS-P%C3%9ABLICAS.pdf\">OT-IBR 004.2012 \u2013 SOBRE PRECIS\u00c3O DO OR\u00c7AMENTO DE OBRAS P\u00daBLICAS<\/a><\/li>\n\n\n\n<li><a href=\"https:\/\/www.ce.gov.br\/sop\/wp-content\/uploads\/sites\/76\/2019\/07\/OT-IBR-005.2012-SOBRE-APURA%C3%87%C3%83O-DO-SOBREPRE%C3%87O-E-SUPERFATURAMENTO.pdf\">OT-IBR 005.2012 \u2013 SOBRE APURA\u00c7\u00c3O DO SOBREPRE\u00c7O E SUPERFATURAMENTO<\/a><\/li>\n\n\n\n<li><a href=\"https:\/\/www.ce.gov.br\/sop\/wp-content\/uploads\/sites\/76\/2019\/07\/OT-IBR-006.2016-SOBRE-ANTEPROJETO-DE-ENGENHARIA.pdf\">OT-IBR 006.2016 \u2013 SOBRE ANTEPROJETO DE ENGENHARIA<\/a><\/li>\n\n\n\n<li><a href=\"https:\/\/www.ce.gov.br\/sop\/wp-content\/uploads\/sites\/76\/2019\/07\/OT-IBR-007.2018-SOBRE-PROJETO-DE-SERVI%C3%87OS-DE-LIMPEZA-URBANA-E-MANEJO-DE-RES%C3%8DDUOS-S%C3%93LIDOS.pdf\">OT-IBR 007.2018 \u2013 SOBRE PROJETO DE SERVI\u00c7OS DE LIMPEZA URBANA E MANEJO DE RES\u00cdDUOS S\u00d3LIDOS<\/a><\/li>\n<\/ul>\n\n\n\n<p><\/p>\n\n\n\n<p>Solicita\u00e7\u00e3o de Projetos e Servi\u00e7os de Arquitetura e Engenharia, baseados no Manual de de Obras P\u00fablicas e Servi\u00e7os de Engenharia<\/p>\n\n\n\n<ul class=\"wp-block-list\">\n<li><a href=\"https:\/\/www.ce.gov.br\/sop\/wp-content\/uploads\/sites\/76\/2019\/08\/Guia-de-Orienta%C3%A7%C3%B5es.pdf\">Guia de Orienta\u00e7\u00f5es<\/a><\/li>\n\n\n\n<li><a href=\"https:\/\/www.ce.gov.br\/sop\/wp-content\/uploads\/sites\/76\/2019\/08\/CHECK-LIST-00-PROJETO-PADR%C3%83O.pdf\">CHECK LIST 00 \u2013 PROJETO PADR\u00c3O<\/a><\/li>\n\n\n\n<li><a href=\"https:\/\/www.ce.gov.br\/sop\/wp-content\/uploads\/sites\/76\/2019\/08\/CHECK-LIST-01-PARA-DADOS-DE-ENTRADA-PROJETO-ARQUITET%C3%94NICO-NOVO.pdf\">CHECK LIST 01 \u2013 PARA DADOS DE ENTRADA PROJETO ARQUITET\u00d4NICO NOVO<\/a><\/li>\n\n\n\n<li><a href=\"https:\/\/www.ce.gov.br\/sop\/wp-content\/uploads\/sites\/76\/2019\/08\/CHECK-LIST-02-PARA-DADOS-DE-ENTRADA-PROJETO-DE-ENGENHARIA-NOVO.pdf\">CHECK LIST 02 \u2013 PARA DADOS DE ENTRADA PROJETO DE ENGENHARIA NOVO<\/a><\/li>\n\n\n\n<li><a href=\"https:\/\/www.ce.gov.br\/sop\/wp-content\/uploads\/sites\/76\/2019\/08\/CHECK-LIST-03-PARA-DADOS-DE-ENTRADA-PROJETO-DE-REFORMA-OU-AMPLIA%C3%87%C3%83O.pdf\">CHECK LIST 03 \u2013 PARA DADOS DE ENTRADA PROJETO DE REFORMA OU AMPLIA\u00c7\u00c3O<\/a><\/li>\n\n\n\n<li><a href=\"https:\/\/www.ce.gov.br\/sop\/wp-content\/uploads\/sites\/76\/2019\/08\/CHECK-LIST-04-PARA-DADOS-DE-ENTRADA-ANALISE-DE-PROJETO-E-ORCAMENTO.pdf\">CHECK LIST 04 \u2013 PARA DADOS DE ENTRADA ANALISE DE PROJETO E OR\u00c7AMENTO<\/a><\/li>\n\n\n\n<li><a href=\"https:\/\/www.ce.gov.br\/sop\/wp-content\/uploads\/sites\/76\/2019\/08\/CHECK-LIST-05-PARA-DADOS-DE-ENTRADA-LAUDOS-E-VISTORIAS-TECNICAS.pdf\">CHECK LIST 05 \u2013 PARA DADOS DE ENTRADA LAUDOS E VISTORIAS T\u00c9CNICAS<\/a><\/li>\n\n\n\n<li><a href=\"https:\/\/www.ce.gov.br\/sop\/wp-content\/uploads\/sites\/76\/2019\/08\/CHECK-LISTS-RESUMO.pdf\">CHECK LISTS RESUMO<\/a><\/li>\n<\/ul>\n\n\n\n<p><\/p>\n","protected":false},"excerpt":{"rendered":"<p>Esta Orienta\u00e7\u00e3o T\u00e9cnica visa uniformizar o entendimento quanto \u00e0 defini\u00e7\u00e3o de Projeto B\u00e1sico especificada na Lei Federal 8.666\/93 e altera\u00e7\u00f5es posteriores. Orienta\u00e7\u00f5es T\u00e9cnicas Solicita\u00e7\u00e3o de Projetos e Servi\u00e7os de Arquitetura e Engenharia, baseados no Manual de de Obras P\u00fablicas e Servi\u00e7os de Engenharia<\/p>\n","protected":false},"author":12,"featured_media":0,"parent":69454,"menu_order":0,"comment_status":"closed","ping_status":"closed","template":"","meta":{"_acf_changed":false,"inline_featured_image":false,"footnotes":""},"class_list":["post-69336","page","type-page","status-publish","hentry"],"acf":[],"yoast_head":"<!-- This site is optimized with the Yoast SEO plugin v27.3 - https:\/\/yoast.com\/product\/yoast-seo-wordpress\/ -->\n<title>Assuntos de Arquitetura e Engenharia - SOP<\/title>\n<meta name=\"robots\" content=\"index, follow, max-snippet:-1, max-image-preview:large, max-video-preview:-1\" \/>\n<link rel=\"canonical\" href=\"https:\/\/www.ce.gov.br\/sop\/edificacoes\/assuntos-de-arquitetura-e-engenharia\/\" \/>\n<meta property=\"og:locale\" content=\"pt_BR\" \/>\n<meta property=\"og:type\" content=\"article\" \/>\n<meta property=\"og:title\" content=\"Assuntos de Arquitetura e Engenharia - SOP\" \/>\n<meta property=\"og:description\" content=\"Esta Orienta\u00e7\u00e3o T\u00e9cnica visa uniformizar o entendimento quanto \u00e0 defini\u00e7\u00e3o de Projeto B\u00e1sico especificada na Lei Federal 8.666\/93 e altera\u00e7\u00f5es posteriores. Orienta\u00e7\u00f5es T\u00e9cnicas Solicita\u00e7\u00e3o de Projetos e Servi\u00e7os de Arquitetura e Engenharia, baseados no Manual de de Obras P\u00fablicas e Servi\u00e7os de Engenharia\" \/>\n<meta property=\"og:url\" content=\"https:\/\/www.ce.gov.br\/sop\/edificacoes\/assuntos-de-arquitetura-e-engenharia\/\" \/>\n<meta property=\"og:site_name\" content=\"SOP\" \/>\n<meta property=\"article:modified_time\" content=\"2026-04-15T14:56:25+00:00\" \/>\n<meta name=\"twitter:card\" content=\"summary_large_image\" \/>\n<meta name=\"twitter:label1\" content=\"Est. reading time\" \/>\n\t<meta name=\"twitter:data1\" content=\"2 minutos\" \/>\n<script type=\"application\/ld+json\" class=\"yoast-schema-graph\">{\"@context\":\"https:\\\/\\\/schema.org\",\"@graph\":[{\"@type\":\"WebPage\",\"@id\":\"https:\\\/\\\/www.ce.gov.br\\\/sop\\\/edificacoes\\\/assuntos-de-arquitetura-e-engenharia\\\/\",\"url\":\"https:\\\/\\\/www.ce.gov.br\\\/sop\\\/edificacoes\\\/assuntos-de-arquitetura-e-engenharia\\\/\",\"name\":\"Assuntos de Arquitetura e Engenharia - SOP\",\"isPartOf\":{\"@id\":\"https:\\\/\\\/www.ce.gov.br\\\/sop\\\/#website\"},\"datePublished\":\"2019-07-11T13:41:13+00:00\",\"dateModified\":\"2026-04-15T14:56:25+00:00\",\"breadcrumb\":{\"@id\":\"https:\\\/\\\/www.ce.gov.br\\\/sop\\\/edificacoes\\\/assuntos-de-arquitetura-e-engenharia\\\/#breadcrumb\"},\"inLanguage\":\"pt-BR\",\"potentialAction\":[{\"@type\":\"ReadAction\",\"target\":[\"https:\\\/\\\/www.ce.gov.br\\\/sop\\\/edificacoes\\\/assuntos-de-arquitetura-e-engenharia\\\/\"]}]},{\"@type\":\"BreadcrumbList\",\"@id\":\"https:\\\/\\\/www.ce.gov.br\\\/sop\\\/edificacoes\\\/assuntos-de-arquitetura-e-engenharia\\\/#breadcrumb\",\"itemListElement\":[{\"@type\":\"ListItem\",\"position\":1,\"name\":\"In\u00edcio\",\"item\":\"https:\\\/\\\/www.ce.gov.br\\\/sop\\\/\"},{\"@type\":\"ListItem\",\"position\":2,\"name\":\"Edifica\u00e7\u00f5es\",\"item\":\"https:\\\/\\\/www.ce.gov.br\\\/sop\\\/edificacoes\\\/\"},{\"@type\":\"ListItem\",\"position\":3,\"name\":\"Assuntos de Arquitetura e Engenharia\"}]},{\"@type\":\"WebSite\",\"@id\":\"https:\\\/\\\/www.ce.gov.br\\\/sop\\\/#website\",\"url\":\"https:\\\/\\\/www.ce.gov.br\\\/sop\\\/\",\"name\":\"Departamento Estadual de Rodovias\",\"description\":\"Portal SOP\",\"potentialAction\":[{\"@type\":\"SearchAction\",\"target\":{\"@type\":\"EntryPoint\",\"urlTemplate\":\"https:\\\/\\\/www.ce.gov.br\\\/sop\\\/?s={search_term_string}\"},\"query-input\":{\"@type\":\"PropertyValueSpecification\",\"valueRequired\":true,\"valueName\":\"search_term_string\"}}],\"inLanguage\":\"pt-BR\"}]}<\/script>\n<!-- \/ Yoast SEO plugin. -->","yoast_head_json":{"title":"Assuntos de Arquitetura e Engenharia - SOP","robots":{"index":"index","follow":"follow","max-snippet":"max-snippet:-1","max-image-preview":"max-image-preview:large","max-video-preview":"max-video-preview:-1"},"canonical":"https:\/\/www.ce.gov.br\/sop\/edificacoes\/assuntos-de-arquitetura-e-engenharia\/","og_locale":"pt_BR","og_type":"article","og_title":"Assuntos de Arquitetura e Engenharia - SOP","og_description":"Esta Orienta\u00e7\u00e3o T\u00e9cnica visa uniformizar o entendimento quanto \u00e0 defini\u00e7\u00e3o de Projeto B\u00e1sico especificada na Lei Federal 8.666\/93 e altera\u00e7\u00f5es posteriores. Orienta\u00e7\u00f5es T\u00e9cnicas Solicita\u00e7\u00e3o de Projetos e Servi\u00e7os de Arquitetura e Engenharia, baseados no Manual de de Obras P\u00fablicas e Servi\u00e7os de Engenharia","og_url":"https:\/\/www.ce.gov.br\/sop\/edificacoes\/assuntos-de-arquitetura-e-engenharia\/","og_site_name":"SOP","article_modified_time":"2026-04-15T14:56:25+00:00","twitter_card":"summary_large_image","twitter_misc":{"Est. reading time":"2 minutos"},"schema":{"@context":"https:\/\/schema.org","@graph":[{"@type":"WebPage","@id":"https:\/\/www.ce.gov.br\/sop\/edificacoes\/assuntos-de-arquitetura-e-engenharia\/","url":"https:\/\/www.ce.gov.br\/sop\/edificacoes\/assuntos-de-arquitetura-e-engenharia\/","name":"Assuntos de Arquitetura e Engenharia - SOP","isPartOf":{"@id":"https:\/\/www.ce.gov.br\/sop\/#website"},"datePublished":"2019-07-11T13:41:13+00:00","dateModified":"2026-04-15T14:56:25+00:00","breadcrumb":{"@id":"https:\/\/www.ce.gov.br\/sop\/edificacoes\/assuntos-de-arquitetura-e-engenharia\/#breadcrumb"},"inLanguage":"pt-BR","potentialAction":[{"@type":"ReadAction","target":["https:\/\/www.ce.gov.br\/sop\/edificacoes\/assuntos-de-arquitetura-e-engenharia\/"]}]},{"@type":"BreadcrumbList","@id":"https:\/\/www.ce.gov.br\/sop\/edificacoes\/assuntos-de-arquitetura-e-engenharia\/#breadcrumb","itemListElement":[{"@type":"ListItem","position":1,"name":"In\u00edcio","item":"https:\/\/www.ce.gov.br\/sop\/"},{"@type":"ListItem","position":2,"name":"Edifica\u00e7\u00f5es","item":"https:\/\/www.ce.gov.br\/sop\/edificacoes\/"},{"@type":"ListItem","position":3,"name":"Assuntos de Arquitetura e Engenharia"}]},{"@type":"WebSite","@id":"https:\/\/www.ce.gov.br\/sop\/#website","url":"https:\/\/www.ce.gov.br\/sop\/","name":"Departamento Estadual de Rodovias","description":"Portal SOP","potentialAction":[{"@type":"SearchAction","target":{"@type":"EntryPoint","urlTemplate":"https:\/\/www.ce.gov.br\/sop\/?s={search_term_string}"},"query-input":{"@type":"PropertyValueSpecification","valueRequired":true,"valueName":"search_term_string"}}],"inLanguage":"pt-BR"}]}},"_links":{"self":[{"href":"https:\/\/www.ce.gov.br\/sop\/wp-json\/wp\/v2\/pages\/69336","targetHints":{"allow":["GET"]}}],"collection":[{"href":"https:\/\/www.ce.gov.br\/sop\/wp-json\/wp\/v2\/pages"}],"about":[{"href":"https:\/\/www.ce.gov.br\/sop\/wp-json\/wp\/v2\/types\/page"}],"author":[{"embeddable":true,"href":"https:\/\/www.ce.gov.br\/sop\/wp-json\/wp\/v2\/users\/12"}],"replies":[{"embeddable":true,"href":"https:\/\/www.ce.gov.br\/sop\/wp-json\/wp\/v2\/comments?post=69336"}],"version-history":[{"count":18,"href":"https:\/\/www.ce.gov.br\/sop\/wp-json\/wp\/v2\/pages\/69336\/revisions"}],"predecessor-version":[{"id":79064,"href":"https:\/\/www.ce.gov.br\/sop\/wp-json\/wp\/v2\/pages\/69336\/revisions\/79064"}],"up":[{"embeddable":true,"href":"https:\/\/www.ce.gov.br\/sop\/wp-json\/wp\/v2\/pages\/69454"}],"wp:attachment":[{"href":"https:\/\/www.ce.gov.br\/sop\/wp-json\/wp\/v2\/media?parent=69336"}],"curies":[{"name":"wp","href":"https:\/\/api.w.org\/{rel}","templated":true}]}}