{"id":69354,"date":"2019-07-11T10:50:35","date_gmt":"2019-07-11T13:50:35","guid":{"rendered":"http:\/\/www.ce.gov.br\/sop\/?page_id=69354"},"modified":"2019-07-12T16:20:08","modified_gmt":"2019-07-12T19:20:08","slug":"instrucao-de-procedimentos-internos","status":"publish","type":"page","link":"https:\/\/www.ce.gov.br\/sop\/edificacoes\/instrucao-de-procedimentos-internos\/","title":{"rendered":"Instru\u00e7\u00e3o de Procedimentos Operacionais"},"content":{"rendered":"<p>&nbsp;<\/p>\n<ul style=\"list-style-type: square;padding-left: 20px\">\n<li><a href=\"https:\/\/www.ce.gov.br\/sop\/wp-content\/uploads\/sites\/76\/2019\/07\/Acabamentos-de-Paredes-Ceramica-e-Pastilha.doc\"><span style=\"color: #fc6836\">Acabamentos de Paredes, Ceramica e Pastilha<\/span><\/a><\/li>\n<li><span style=\"color: #fc6836\"><a style=\"color: #fc6836\" href=\"https:\/\/www.ce.gov.br\/sop\/wp-content\/uploads\/sites\/76\/2019\/07\/Acabamentos-de-Pisos-Internos.doc\">Acabamentos de Pisos Internos<\/a><\/span><\/li>\n<li><span style=\"color: #fc6836\"><a style=\"color: #fc6836\" href=\"https:\/\/www.ce.gov.br\/sop\/wp-content\/uploads\/sites\/76\/2019\/07\/Administra\u00e7\u00e3o-Local-da-Obra-servi\u00e7o-n\u00e3o-contemplado-na-tabela-da-Seinfra.doc\">Administra\u00e7\u00e3o Local da Obra (servi\u00e7o n\u00e3o contemplado na tabela da Seinfra)<\/a><\/span><\/li>\n<li><span style=\"color: #fc6836\"><a style=\"color: #fc6836\" href=\"https:\/\/www.ce.gov.br\/sop\/wp-content\/uploads\/sites\/76\/2019\/07\/Alvenaria-de-Tijolo.doc\">Alvenaria de Tijolo<\/a><\/span><\/li>\n<li><span style=\"color: #fc6836\"><a style=\"color: #fc6836\" href=\"https:\/\/www.ce.gov.br\/sop\/wp-content\/uploads\/sites\/76\/2019\/07\/Andaime-Metlico-para-Fachada.doc\">Andaime Met\u00e1lico para Fachada<\/a><\/span><\/li>\n<li><span style=\"color: #fc6836\"><a style=\"color: #fc6836\" href=\"https:\/\/www.ce.gov.br\/sop\/wp-content\/uploads\/sites\/76\/2019\/07\/Andaime-para-alvenaria.doc\">Andaime para alvenaria<\/a><\/span><\/li>\n<li><span style=\"color: #fc6836\"><a style=\"color: #fc6836\" href=\"https:\/\/www.ce.gov.br\/sop\/wp-content\/uploads\/sites\/76\/2019\/07\/Argamassa-para-tetos.doc\">Argamassa para tetos<\/a><\/span><\/li>\n<li><span style=\"color: #fc6836\"><a style=\"color: #fc6836\" href=\"https:\/\/www.ce.gov.br\/sop\/wp-content\/uploads\/sites\/76\/2019\/07\/Armaduras-para-Concreto.doc\">Armaduras para Concreto<\/a><\/span><\/li>\n<li><span style=\"color: #fc6836\"><a style=\"color: #fc6836\" href=\"https:\/\/www.ce.gov.br\/sop\/wp-content\/uploads\/sites\/76\/2019\/07\/Carga-de-Entulho-em-Caminh\u00e3o-Basculante.doc\">Carga de Entulho em Caminh\u00e3o Basculante<\/a><\/span><\/li>\n<li><span style=\"color: #fc6836\"><a style=\"color: #fc6836\" href=\"https:\/\/www.ce.gov.br\/sop\/wp-content\/uploads\/sites\/76\/2019\/07\/Carga-de-Terra-em-Caminh\u00e3o-Basculante.doc\">Carga de Terra em Caminh\u00e3o Basculante<\/a><\/span><\/li>\n<li><span style=\"color: #fc6836\"><a style=\"color: #fc6836\" href=\"https:\/\/www.ce.gov.br\/sop\/wp-content\/uploads\/sites\/76\/2019\/07\/Coloca\u00e7\u00e3o-de-chapisco-embo\u00e7o-e-reboco..doc\">Coloca\u00e7\u00e3o de chapisco, embo\u00e7o e reboco<\/a><\/span><\/li>\n<li><span style=\"color: #fc6836\"><a style=\"color: #fc6836\" href=\"https:\/\/www.ce.gov.br\/sop\/wp-content\/uploads\/sites\/76\/2019\/07\/Coloca\u00e7\u00e3o-de-Telha-Ceramica.doc\">Coloca\u00e7\u00e3o de Telha Ceramica<\/a><\/span><\/li>\n<li><span style=\"color: #fc6836\"><a style=\"color: #fc6836\" href=\"https:\/\/www.ce.gov.br\/sop\/wp-content\/uploads\/sites\/76\/2019\/07\/Coloca\u00e7\u00e3o-de-Telha-de-Fibrocimento.doc\">Coloca\u00e7\u00e3o de Telha de Fibrocimento<\/a><\/span><\/li>\n<li><span style=\"color: #fc6836\"><a style=\"color: #fc6836\" href=\"https:\/\/www.ce.gov.br\/sop\/wp-content\/uploads\/sites\/76\/2019\/07\/Concreto-Estrutural-Virado-em-Obra.doc\">Concreto Estrutural Virado em Obra<\/a><\/span><\/li>\n<li><span style=\"color: #fc6836\"><a style=\"color: #fc6836\" href=\"https:\/\/www.ce.gov.br\/sop\/wp-content\/uploads\/sites\/76\/2019\/07\/Constru\u00e7\u00e3o-de-Alojamentos.doc\">Constru\u00e7\u00e3o de Alojamentos<\/a><\/span><\/li>\n<li><span style=\"color: #fc6836\"><a style=\"color: #fc6836\" href=\"https:\/\/www.ce.gov.br\/sop\/wp-content\/uploads\/sites\/76\/2019\/07\/Constru\u00e7\u00e3o-de-barrac\u00e3o-aberto.doc\">Constru\u00e7\u00e3o de barrac\u00e3o aberto<\/a><\/span><\/li>\n<li><span style=\"color: #fc6836\"><a style=\"color: #fc6836\" href=\"https:\/\/www.ce.gov.br\/sop\/wp-content\/uploads\/sites\/76\/2019\/07\/Constru\u00e7\u00e3o-de-barrac\u00e3o-para-escrit\u00f3rio-tipo-A1.doc\">Constru\u00e7\u00e3o de barrac\u00e3o para escrit\u00f3rio tipo A1<\/a><\/span><\/li>\n<li><span style=\"color: #fc6836\"><a style=\"color: #fc6836\" href=\"https:\/\/www.ce.gov.br\/sop\/wp-content\/uploads\/sites\/76\/2019\/07\/Constru\u00e7\u00e3o-de-refeitorios.doc\">Constru\u00e7\u00e3o de refeit\u00f3rios<\/a><\/span><\/li>\n<li><span style=\"color: #fc6836\"><a style=\"color: #fc6836\" href=\"https:\/\/www.ce.gov.br\/sop\/wp-content\/uploads\/sites\/76\/2019\/07\/Constru\u00e7\u00e3o-de-sanit\u00e1rio-e-chuveiros.doc\">Constru\u00e7\u00e3o de sanit\u00e1rio e chuveiros<\/a><\/span><\/li>\n<li><span style=\"color: #fc6836\"><a style=\"color: #fc6836\" href=\"https:\/\/www.ce.gov.br\/sop\/wp-content\/uploads\/sites\/76\/2019\/07\/Costru\u00e7\u00e3o-de-Abrigo-Provis\u00f3rio.doc\">Costru\u00e7\u00e3o de Abrigo Provis\u00f3rio<\/a><\/span><\/li>\n<li><span style=\"color: #fc6836\"><a style=\"color: #fc6836\" href=\"https:\/\/www.ce.gov.br\/sop\/wp-content\/uploads\/sites\/76\/2019\/07\/Cubetas-para-Lages-Nervuradas.doc\">Cubetas para Lages Nervuradas<\/a><\/span><\/li>\n<li><span style=\"color: #fc6836\"><a style=\"color: #fc6836\" href=\"https:\/\/www.ce.gov.br\/sop\/wp-content\/uploads\/sites\/76\/2019\/07\/Demoli\u00e7\u00e3o-de-alvenaria-de-tijolos.doc\">Demoli\u00e7\u00e3o de alvenaria de tijolos<\/a><\/span><\/li>\n<li><span style=\"color: #fc6836\"><a style=\"color: #fc6836\" href=\"https:\/\/www.ce.gov.br\/sop\/wp-content\/uploads\/sites\/76\/2019\/07\/Demoli\u00e7\u00e3o-de-Cobertura-e-Estrutura-de-Coberta.doc\">Demoli\u00e7\u00e3o de Cobertura e Estrutura de Coberta<\/a><\/span><\/li>\n<li><span style=\"color: #fc6836\"><a style=\"color: #fc6836\" href=\"https:\/\/www.ce.gov.br\/sop\/wp-content\/uploads\/sites\/76\/2019\/07\/Demoli\u00e7\u00e3o-de-Divis\u00f3rias.doc\">Demoli\u00e7\u00e3o de Divis\u00f3rias<\/a><\/span><\/li>\n<li><span style=\"color: #fc6836\"><a style=\"color: #fc6836\" href=\"https:\/\/www.ce.gov.br\/sop\/wp-content\/uploads\/sites\/76\/2019\/07\/Demoli\u00e7\u00e3o-de-Pisos.doc\">Demoli\u00e7\u00e3o de Pisos<\/a><\/span><\/li>\n<li><span style=\"color: #fc6836\"><a style=\"color: #fc6836\" href=\"https:\/\/www.ce.gov.br\/sop\/wp-content\/uploads\/sites\/76\/2019\/07\/Demoli\u00e7\u00e3o-de-Revestimentos.doc\">Demoli\u00e7\u00e3o de Revestimentos<\/a><\/span><\/li>\n<li><span style=\"color: #fc6836\"><a style=\"color: #fc6836\" href=\"https:\/\/www.ce.gov.br\/sop\/wp-content\/uploads\/sites\/76\/2019\/07\/Demoli\u00e7\u00e3o-de-Soleiras-Peitoris-Degraus-e-Degraus-de-Pedra.doc\">Demoli\u00e7\u00e3o de Soleiras, Peitoris, Degraus e Degraus de Pedra<\/a><\/span><\/li>\n<li><span style=\"color: #fc6836\"><a style=\"color: #fc6836\" href=\"https:\/\/www.ce.gov.br\/sop\/wp-content\/uploads\/sites\/76\/2019\/07\/Demoli\u00e7o-de-concreto.doc\">Demoli\u00e7o de concreto<\/a><\/span><\/li>\n<li><span style=\"color: #fc6836\"><a style=\"color: #fc6836\" href=\"https:\/\/www.ce.gov.br\/sop\/wp-content\/uploads\/sites\/76\/2019\/07\/Desmatamento-e-Destocamento-de-\u00c1rvore-e-Limpeza.doc\">Desmatamento e Destocamento de \u00c1rvore e Limpeza<\/a><\/span><\/li>\n<li><span style=\"color: #fc6836\"><a style=\"color: #fc6836\" href=\"https:\/\/www.ce.gov.br\/sop\/wp-content\/uploads\/sites\/76\/2019\/07\/Estrutura-de-Madeira-para-telha-ceramica.doc\">Estrutura de Madeira para telha cer\u00e2mica<\/a><\/span><\/li>\n<li><span style=\"color: #fc6836\"><a style=\"color: #fc6836\" href=\"https:\/\/www.ce.gov.br\/sop\/wp-content\/uploads\/sites\/76\/2019\/07\/Estrutura-de-Madeira-para-Telha-de-Fibrocimento-Alum\u00ednio-ou-Pl\u00e1stica..doc\">Estrutura de Madeira para Telha de Fibrocimento, Alum\u00ednio ou Pl\u00e1stica.<\/a><\/span><\/li>\n<li><span style=\"color: #fc6836\"><a style=\"color: #fc6836\" href=\"https:\/\/www.ce.gov.br\/sop\/wp-content\/uploads\/sites\/76\/2019\/07\/Formas-para-Concreto.doc\">Formas para Concreto<\/a><\/span><\/li>\n<li><span style=\"color: #fc6836\"><a style=\"color: #fc6836\" href=\"https:\/\/www.ce.gov.br\/sop\/wp-content\/uploads\/sites\/76\/2019\/07\/Hidrantes.doc\">Hidrantes<\/a><\/span><\/li>\n<li><span style=\"color: #fc6836\"><a style=\"color: #fc6836\" href=\"https:\/\/www.ce.gov.br\/sop\/wp-content\/uploads\/sites\/76\/2019\/07\/Instala\u00e7\u00e3o-de-Cuba.doc\">Instala\u00e7\u00e3o de Cuba<\/a><\/span><\/li>\n<li><span style=\"color: #fc6836\"><a style=\"color: #fc6836\" href=\"https:\/\/www.ce.gov.br\/sop\/wp-content\/uploads\/sites\/76\/2019\/07\/Instala\u00e7\u00e3o-de-lavat\u00f3rio-de-lou\u00e7a.doc\">Instala\u00e7\u00e3o de lavat\u00f3rio de lou\u00e7a<\/a><\/span><\/li>\n<li><span style=\"color: #fc6836\"><a style=\"color: #fc6836\" href=\"https:\/\/www.ce.gov.br\/sop\/wp-content\/uploads\/sites\/76\/2019\/07\/Lan\u00e7amento-e-Aplica\u00e7\u00e3o-de-Concreto.doc\">Lan\u00e7amento e Aplica\u00e7\u00e3o de Concreto<\/a><\/span><\/li>\n<li><span style=\"color: #fc6836\"><a style=\"color: #fc6836\" href=\"https:\/\/www.ce.gov.br\/sop\/wp-content\/uploads\/sites\/76\/2019\/07\/Loca\u00e7\u00e3o-mensal-de-andaime-metlico.doc\">Loca\u00e7\u00e3o mensal de andaime met\u00e1lico<\/a><\/span><\/li>\n<li><span style=\"color: #fc6836\"><a style=\"color: #fc6836\" href=\"https:\/\/www.ce.gov.br\/sop\/wp-content\/uploads\/sites\/76\/2019\/07\/manta-asfltica-em-cobertura.doc\">Manta asf\u00e1ltica em cobertura<\/a><\/span><\/li>\n<li><span style=\"color: #fc6836\"><a style=\"color: #fc6836\" href=\"https:\/\/www.ce.gov.br\/sop\/wp-content\/uploads\/sites\/76\/2019\/07\/Pintura-Esmalte-em-Esquadrias-de-Ferro.doc\">Pintura Esmalte em Esquadrias de Ferro<\/a><\/span><\/li>\n<li><span style=\"color: #fc6836\"><a style=\"color: #fc6836\" href=\"https:\/\/www.ce.gov.br\/sop\/wp-content\/uploads\/sites\/76\/2019\/07\/Pintura-Esmalte-em-Esquadrias-de-Madeira.doc\">Pintura Esmalte em Esquadrias de Madeira<\/a><\/span><\/li>\n<li><span style=\"color: #fc6836\"><a style=\"color: #fc6836\" href=\"https:\/\/www.ce.gov.br\/sop\/wp-content\/uploads\/sites\/76\/2019\/07\/Piso-Industrial.doc\">Piso Industrial<\/a><\/span><\/li>\n<li><span style=\"color: #fc6836\"><a style=\"color: #fc6836\" href=\"https:\/\/www.ce.gov.br\/sop\/wp-content\/uploads\/sites\/76\/2019\/07\/Ponto-El\u00e9trico.doc\">Ponto El\u00e9trico<\/a><\/span><\/li>\n<li><span style=\"color: #fc6836\"><a style=\"color: #fc6836\" href=\"https:\/\/www.ce.gov.br\/sop\/wp-content\/uploads\/sites\/76\/2019\/07\/Ponto-Hidr\u00e1ulico.doc\">Ponto Hidr\u00e1ulico<\/a><\/span><\/li>\n<li><span style=\"color: #fc6836\"><a style=\"color: #fc6836\" href=\"https:\/\/www.ce.gov.br\/sop\/wp-content\/uploads\/sites\/76\/2019\/07\/Ponto-L\u00f3gico.doc\">Ponto L\u00f3gico<\/a><\/span><\/li>\n<li><span style=\"color: #fc6836\"><a style=\"color: #fc6836\" href=\"https:\/\/www.ce.gov.br\/sop\/wp-content\/uploads\/sites\/76\/2019\/07\/Ponto-Para-Sistema-de-Som.doc\">Ponto Para Sistema de Som<\/a><\/span><\/li>\n<li><span style=\"color: #fc6836\"><a style=\"color: #fc6836\" href=\"https:\/\/www.ce.gov.br\/sop\/wp-content\/uploads\/sites\/76\/2019\/07\/Ponto-Sanit\u00e1rio.doc\">Ponto Sanit\u00e1rio<\/a><\/span><\/li>\n<li><span style=\"color: #fc6836\"><a style=\"color: #fc6836\" href=\"https:\/\/www.ce.gov.br\/sop\/wp-content\/uploads\/sites\/76\/2019\/07\/Ponto-telefonico.doc\">Ponto telef\u00f4nico<\/a><\/span><\/li>\n<li><span style=\"color: #fc6836\"><a style=\"color: #fc6836\" href=\"https:\/\/www.ce.gov.br\/sop\/wp-content\/uploads\/sites\/76\/2019\/07\/Portas-tipo-Paran\u00e1-e-etc.doc\">Portas tipo Paran\u00e1 e etc<\/a><\/span><\/li>\n<li><span style=\"color: #fc6836\"><a style=\"color: #fc6836\" href=\"https:\/\/www.ce.gov.br\/sop\/wp-content\/uploads\/sites\/76\/2019\/07\/procedimentos-operacionais-de-servios_capa.doc\">Procedimentos operacionais de servi\u00e7os_capa<\/a><\/span><\/li>\n<li><span style=\"color: #fc6836\"><a style=\"color: #fc6836\" href=\"https:\/\/www.ce.gov.br\/sop\/wp-content\/uploads\/sites\/76\/2019\/07\/Raspagem-e-limpeza-do-terreno.doc\">Raspagem e limpeza do terreno<\/a><\/span><\/li>\n<li><span style=\"color: #fc6836\"><a style=\"color: #fc6836\" href=\"https:\/\/www.ce.gov.br\/sop\/wp-content\/uploads\/sites\/76\/2019\/07\/Remo\u00e7\u00e3o-de-Pinturas.doc\">Remo\u00e7\u00e3o de Pinturas<\/a><\/span><\/li>\n<li><span style=\"color: #fc6836\"><a style=\"color: #fc6836\" href=\"https:\/\/www.ce.gov.br\/sop\/wp-content\/uploads\/sites\/76\/2019\/07\/Transporte-de-Material-Execto-rocha-em-caminh\u00e3o.doc\">Transporte de Material, Execto rocha, em caminh\u00e3o<\/a><\/span><\/li>\n<\/ul>\n<p>&nbsp;<\/p>\n","protected":false},"excerpt":{"rendered":"<p>&nbsp; Acabamentos de Paredes, Ceramica e Pastilha Acabamentos de Pisos Internos Administra\u00e7\u00e3o Local da Obra (servi\u00e7o n\u00e3o contemplado na tabela da Seinfra) Alvenaria de Tijolo Andaime Met\u00e1lico para Fachada Andaime para alvenaria Argamassa para tetos Armaduras para Concreto Carga de Entulho em Caminh\u00e3o Basculante Carga de Terra em Caminh\u00e3o Basculante Coloca\u00e7\u00e3o de chapisco, embo\u00e7o e [&hellip;]<\/p>\n","protected":false},"author":12,"featured_media":0,"parent":69454,"menu_order":0,"comment_status":"closed","ping_status":"closed","template":"","meta":{"_acf_changed":false,"inline_featured_image":false,"footnotes":""},"class_list":["post-69354","page","type-page","status-publish","hentry"],"acf":[],"yoast_head":"<!-- This site is optimized with the Yoast SEO plugin v27.3 - https:\/\/yoast.com\/product\/yoast-seo-wordpress\/ -->\n<title>Instru\u00e7\u00e3o de Procedimentos Operacionais - SOP<\/title>\n<meta name=\"robots\" content=\"index, follow, max-snippet:-1, max-image-preview:large, max-video-preview:-1\" \/>\n<link rel=\"canonical\" href=\"https:\/\/www.ce.gov.br\/sop\/edificacoes\/instrucao-de-procedimentos-internos\/\" \/>\n<meta property=\"og:locale\" content=\"pt_BR\" \/>\n<meta property=\"og:type\" content=\"article\" \/>\n<meta property=\"og:title\" content=\"Instru\u00e7\u00e3o de Procedimentos Operacionais - SOP\" \/>\n<meta property=\"og:description\" content=\"&nbsp; Acabamentos de Paredes, Ceramica e Pastilha Acabamentos de Pisos Internos Administra\u00e7\u00e3o Local da Obra (servi\u00e7o n\u00e3o contemplado na tabela da Seinfra) Alvenaria de Tijolo Andaime Met\u00e1lico para Fachada Andaime para alvenaria Argamassa para tetos Armaduras para Concreto Carga de Entulho em Caminh\u00e3o Basculante Carga de Terra em Caminh\u00e3o Basculante Coloca\u00e7\u00e3o de chapisco, embo\u00e7o e [&hellip;]\" \/>\n<meta property=\"og:url\" content=\"https:\/\/www.ce.gov.br\/sop\/edificacoes\/instrucao-de-procedimentos-internos\/\" \/>\n<meta property=\"og:site_name\" content=\"SOP\" \/>\n<meta property=\"article:modified_time\" content=\"2019-07-12T19:20:08+00:00\" \/>\n<meta name=\"twitter:card\" content=\"summary_large_image\" \/>\n<meta name=\"twitter:label1\" content=\"Est. reading time\" \/>\n\t<meta name=\"twitter:data1\" content=\"1 minuto\" \/>\n<script type=\"application\/ld+json\" class=\"yoast-schema-graph\">{\"@context\":\"https:\\\/\\\/schema.org\",\"@graph\":[{\"@type\":\"WebPage\",\"@id\":\"https:\\\/\\\/www.ce.gov.br\\\/sop\\\/edificacoes\\\/instrucao-de-procedimentos-internos\\\/\",\"url\":\"https:\\\/\\\/www.ce.gov.br\\\/sop\\\/edificacoes\\\/instrucao-de-procedimentos-internos\\\/\",\"name\":\"Instru\u00e7\u00e3o de Procedimentos Operacionais - SOP\",\"isPartOf\":{\"@id\":\"https:\\\/\\\/www.ce.gov.br\\\/sop\\\/#website\"},\"datePublished\":\"2019-07-11T13:50:35+00:00\",\"dateModified\":\"2019-07-12T19:20:08+00:00\",\"breadcrumb\":{\"@id\":\"https:\\\/\\\/www.ce.gov.br\\\/sop\\\/edificacoes\\\/instrucao-de-procedimentos-internos\\\/#breadcrumb\"},\"inLanguage\":\"pt-BR\",\"potentialAction\":[{\"@type\":\"ReadAction\",\"target\":[\"https:\\\/\\\/www.ce.gov.br\\\/sop\\\/edificacoes\\\/instrucao-de-procedimentos-internos\\\/\"]}]},{\"@type\":\"BreadcrumbList\",\"@id\":\"https:\\\/\\\/www.ce.gov.br\\\/sop\\\/edificacoes\\\/instrucao-de-procedimentos-internos\\\/#breadcrumb\",\"itemListElement\":[{\"@type\":\"ListItem\",\"position\":1,\"name\":\"In\u00edcio\",\"item\":\"https:\\\/\\\/www.ce.gov.br\\\/sop\\\/\"},{\"@type\":\"ListItem\",\"position\":2,\"name\":\"Edifica\u00e7\u00f5es\",\"item\":\"https:\\\/\\\/www.ce.gov.br\\\/sop\\\/edificacoes\\\/\"},{\"@type\":\"ListItem\",\"position\":3,\"name\":\"Instru\u00e7\u00e3o de Procedimentos Operacionais\"}]},{\"@type\":\"WebSite\",\"@id\":\"https:\\\/\\\/www.ce.gov.br\\\/sop\\\/#website\",\"url\":\"https:\\\/\\\/www.ce.gov.br\\\/sop\\\/\",\"name\":\"Departamento Estadual de Rodovias\",\"description\":\"Portal SOP\",\"potentialAction\":[{\"@type\":\"SearchAction\",\"target\":{\"@type\":\"EntryPoint\",\"urlTemplate\":\"https:\\\/\\\/www.ce.gov.br\\\/sop\\\/?s={search_term_string}\"},\"query-input\":{\"@type\":\"PropertyValueSpecification\",\"valueRequired\":true,\"valueName\":\"search_term_string\"}}],\"inLanguage\":\"pt-BR\"}]}<\/script>\n<!-- \/ Yoast SEO plugin. -->","yoast_head_json":{"title":"Instru\u00e7\u00e3o de Procedimentos Operacionais - SOP","robots":{"index":"index","follow":"follow","max-snippet":"max-snippet:-1","max-image-preview":"max-image-preview:large","max-video-preview":"max-video-preview:-1"},"canonical":"https:\/\/www.ce.gov.br\/sop\/edificacoes\/instrucao-de-procedimentos-internos\/","og_locale":"pt_BR","og_type":"article","og_title":"Instru\u00e7\u00e3o de Procedimentos Operacionais - SOP","og_description":"&nbsp; Acabamentos de Paredes, Ceramica e Pastilha Acabamentos de Pisos Internos Administra\u00e7\u00e3o Local da Obra (servi\u00e7o n\u00e3o contemplado na tabela da Seinfra) Alvenaria de Tijolo Andaime Met\u00e1lico para Fachada Andaime para alvenaria Argamassa para tetos Armaduras para Concreto Carga de Entulho em Caminh\u00e3o Basculante Carga de Terra em Caminh\u00e3o Basculante Coloca\u00e7\u00e3o de chapisco, embo\u00e7o e [&hellip;]","og_url":"https:\/\/www.ce.gov.br\/sop\/edificacoes\/instrucao-de-procedimentos-internos\/","og_site_name":"SOP","article_modified_time":"2019-07-12T19:20:08+00:00","twitter_card":"summary_large_image","twitter_misc":{"Est. reading time":"1 minuto"},"schema":{"@context":"https:\/\/schema.org","@graph":[{"@type":"WebPage","@id":"https:\/\/www.ce.gov.br\/sop\/edificacoes\/instrucao-de-procedimentos-internos\/","url":"https:\/\/www.ce.gov.br\/sop\/edificacoes\/instrucao-de-procedimentos-internos\/","name":"Instru\u00e7\u00e3o de Procedimentos Operacionais - SOP","isPartOf":{"@id":"https:\/\/www.ce.gov.br\/sop\/#website"},"datePublished":"2019-07-11T13:50:35+00:00","dateModified":"2019-07-12T19:20:08+00:00","breadcrumb":{"@id":"https:\/\/www.ce.gov.br\/sop\/edificacoes\/instrucao-de-procedimentos-internos\/#breadcrumb"},"inLanguage":"pt-BR","potentialAction":[{"@type":"ReadAction","target":["https:\/\/www.ce.gov.br\/sop\/edificacoes\/instrucao-de-procedimentos-internos\/"]}]},{"@type":"BreadcrumbList","@id":"https:\/\/www.ce.gov.br\/sop\/edificacoes\/instrucao-de-procedimentos-internos\/#breadcrumb","itemListElement":[{"@type":"ListItem","position":1,"name":"In\u00edcio","item":"https:\/\/www.ce.gov.br\/sop\/"},{"@type":"ListItem","position":2,"name":"Edifica\u00e7\u00f5es","item":"https:\/\/www.ce.gov.br\/sop\/edificacoes\/"},{"@type":"ListItem","position":3,"name":"Instru\u00e7\u00e3o de Procedimentos Operacionais"}]},{"@type":"WebSite","@id":"https:\/\/www.ce.gov.br\/sop\/#website","url":"https:\/\/www.ce.gov.br\/sop\/","name":"Departamento Estadual de Rodovias","description":"Portal SOP","potentialAction":[{"@type":"SearchAction","target":{"@type":"EntryPoint","urlTemplate":"https:\/\/www.ce.gov.br\/sop\/?s={search_term_string}"},"query-input":{"@type":"PropertyValueSpecification","valueRequired":true,"valueName":"search_term_string"}}],"inLanguage":"pt-BR"}]}},"_links":{"self":[{"href":"https:\/\/www.ce.gov.br\/sop\/wp-json\/wp\/v2\/pages\/69354","targetHints":{"allow":["GET"]}}],"collection":[{"href":"https:\/\/www.ce.gov.br\/sop\/wp-json\/wp\/v2\/pages"}],"about":[{"href":"https:\/\/www.ce.gov.br\/sop\/wp-json\/wp\/v2\/types\/page"}],"author":[{"embeddable":true,"href":"https:\/\/www.ce.gov.br\/sop\/wp-json\/wp\/v2\/users\/12"}],"replies":[{"embeddable":true,"href":"https:\/\/www.ce.gov.br\/sop\/wp-json\/wp\/v2\/comments?post=69354"}],"version-history":[{"count":3,"href":"https:\/\/www.ce.gov.br\/sop\/wp-json\/wp\/v2\/pages\/69354\/revisions"}],"predecessor-version":[{"id":69512,"href":"https:\/\/www.ce.gov.br\/sop\/wp-json\/wp\/v2\/pages\/69354\/revisions\/69512"}],"up":[{"embeddable":true,"href":"https:\/\/www.ce.gov.br\/sop\/wp-json\/wp\/v2\/pages\/69454"}],"wp:attachment":[{"href":"https:\/\/www.ce.gov.br\/sop\/wp-json\/wp\/v2\/media?parent=69354"}],"curies":[{"name":"wp","href":"https:\/\/api.w.org\/{rel}","templated":true}]}}