{"id":69411,"date":"2019-07-11T10:54:21","date_gmt":"2019-07-11T13:54:21","guid":{"rendered":"http:\/\/www.ce.gov.br\/sop\/?page_id=69411"},"modified":"2026-04-15T11:39:04","modified_gmt":"2026-04-15T14:39:04","slug":"manual-de-obras","status":"publish","type":"page","link":"https:\/\/www.ce.gov.br\/sop\/edificacoes\/manual-de-obras\/","title":{"rendered":"Manual de Obras"},"content":{"rendered":"<p style=\"text-align: justify\">O \u00a0Manual de Obras P\u00fablicas e Servi\u00e7os de Engenharia: Recomenda\u00e7\u00f5es B\u00e1sicas para Contratos e Conv\u00eanios no \u00e2mbito do Estado do Cear\u00e1 foi elaborado com o objetivo de orientar os \u00f3rg\u00e3os e entidades do Poder Executivo Estadual quanto aos procedimentos a adotar para a execu\u00e7\u00e3o e fiscaliza\u00e7\u00e3o de obras e servi\u00e7os de engenharia contratados com recursos p\u00fablicos.<\/p>\n<p style=\"text-align: justify\">O referido manual abrange as obras e servi\u00e7os de engenharia regulamentados, principalmente, por meio da Lei n\u00b0 8.666\/1993 (Lei de Licita\u00e7\u00f5es e Contratos Administrativos), da Lei n\u00b0 12.462\/2011 (Regime Diferenciado de Contrata\u00e7\u00f5es P\u00fablicas &#8211; RDC) e da Lei Complementar Estadual n\u00b0 119\/2012 (Conv\u00eanio e Instrumentos Cong\u00eaneres).<\/p>\n<p style=\"text-align: justify\">Quando da elabora\u00e7\u00e3o deste manual optou-se em dividi-lo em Partes Gerais e Anexos, onde as orienta\u00e7\u00f5es e procedimentos abordados nas Partes Gerais (Parte I e II) s\u00e3o comuns \u00e0s obras de edifica\u00e7\u00e3o, rodovi\u00e1ria, h\u00eddrica, saneamento etc, enquanto, os Anexos aproveitam a expertise de cada \u00f3rg\u00e3o e entidade do Estado do Cear\u00e1 envolvido diretamente com a execu\u00e7\u00e3o e fiscaliza\u00e7\u00e3o de cada tipo de obra, fornecendo um roteiro a ser seguido pelos t\u00e9cnicos para o acompanhamento dos servi\u00e7os.<\/p>\n<p style=\"text-align: justify\">O presente manual est\u00e1 dividido da seguinte forma: Parte I: Fases das Obras P\u00fablicas (Contratos e Conv\u00eanios), Parte II: Servi\u00e7os de Engenharia e Anexo I: Obras de Edifica\u00e7\u00f5es. As Partes I e II foram elaboradas por t\u00e9cnicos da Controladoria e Ouvidoria Geral do Estado (CGE-CE) e o Anexo I por t\u00e9cnicos da Secretaria da Infraestrutura (Seinfra) e do Departamento de Arquitetura e Engenharia (DAE).<\/p>\n<p style=\"text-align: justify\">Ser\u00e3o elaborados, posteriormente, outros Anexos ao Manual (Anexos de Obras Rodovi\u00e1rias, de Obras H\u00eddricas, de Obras de Saneamento etc) com o intuito de aproveitar a experi\u00eancia dos \u00f3rg\u00e3os envolvidos diretamente na execu\u00e7\u00e3o e fiscaliza\u00e7\u00e3o dessas obras.<\/p>\n<p style=\"text-align: justify\">Sendo assim, este manual n\u00e3o \u00e9 um produto acabado e imut\u00e1vel, estando sujeito a futuras revis\u00f5es na medida em que ocorram altera\u00e7\u00f5es na legisla\u00e7\u00e3o, no acr\u00e9scimo de Anexos ou sempre que se achar conveniente ou oportuno, condicionada a autoriza\u00e7\u00e3o do Secret\u00e1rio de Estado Chefe da CGE.<\/p>\n<p style=\"text-align: justify\">A elabora\u00e7\u00e3o deste manual fundamentou-se na legisla\u00e7\u00e3o vigente, levando-se em conta, ainda, as S\u00famulas, Ac\u00f3rd\u00e3os e Decis\u00f5es do TCU, as Resolu\u00e7\u00f5es do TCE-CE, as Orienta\u00e7\u00f5es T\u00e9cnicas da CGE-CE, Resolu\u00e7\u00f5es do Sistema Confea\/Crea, Manuais, Artigos e Livros pertinentes ao tema.<\/p>\n<p>Para baixar e visualizar o manual clique abaixo:<\/p>\n<p><a href=\"_wp_link_placeholder\" data-wplink-edit=\"true\">MANUAL DE OBRAS P\u00daBLICAS E SERVI\u00c7OS DE ENGENHARIA (1\u00aa EDI\u00c7\u00c3O &#8211; 2016)<\/a><\/p>\n","protected":false},"excerpt":{"rendered":"<p>O \u00a0Manual de Obras P\u00fablicas e Servi\u00e7os de Engenharia: Recomenda\u00e7\u00f5es B\u00e1sicas para Contratos e Conv\u00eanios no \u00e2mbito do Estado do Cear\u00e1 foi elaborado com o objetivo de orientar os \u00f3rg\u00e3os e entidades do Poder Executivo Estadual quanto aos procedimentos a adotar para a execu\u00e7\u00e3o e fiscaliza\u00e7\u00e3o de obras e servi\u00e7os de engenharia contratados com recursos [&hellip;]<\/p>\n","protected":false},"author":12,"featured_media":0,"parent":69454,"menu_order":0,"comment_status":"closed","ping_status":"closed","template":"","meta":{"_acf_changed":false,"inline_featured_image":false,"footnotes":""},"class_list":["post-69411","page","type-page","status-publish","hentry"],"acf":[],"yoast_head":"<!-- This site is optimized with the Yoast SEO plugin v27.3 - https:\/\/yoast.com\/product\/yoast-seo-wordpress\/ -->\n<title>Manual de Obras - SOP<\/title>\n<meta name=\"robots\" content=\"index, follow, max-snippet:-1, max-image-preview:large, max-video-preview:-1\" \/>\n<link rel=\"canonical\" href=\"https:\/\/www.ce.gov.br\/sop\/edificacoes\/manual-de-obras\/\" \/>\n<meta property=\"og:locale\" content=\"pt_BR\" \/>\n<meta property=\"og:type\" content=\"article\" \/>\n<meta property=\"og:title\" content=\"Manual de Obras - SOP\" \/>\n<meta property=\"og:description\" content=\"O \u00a0Manual de Obras P\u00fablicas e Servi\u00e7os de Engenharia: Recomenda\u00e7\u00f5es B\u00e1sicas para Contratos e Conv\u00eanios no \u00e2mbito do Estado do Cear\u00e1 foi elaborado com o objetivo de orientar os \u00f3rg\u00e3os e entidades do Poder Executivo Estadual quanto aos procedimentos a adotar para a execu\u00e7\u00e3o e fiscaliza\u00e7\u00e3o de obras e servi\u00e7os de engenharia contratados com recursos [&hellip;]\" \/>\n<meta property=\"og:url\" content=\"https:\/\/www.ce.gov.br\/sop\/edificacoes\/manual-de-obras\/\" \/>\n<meta property=\"og:site_name\" content=\"SOP\" \/>\n<meta property=\"article:modified_time\" content=\"2026-04-15T14:39:04+00:00\" \/>\n<meta name=\"twitter:card\" content=\"summary_large_image\" \/>\n<meta name=\"twitter:label1\" content=\"Est. reading time\" \/>\n\t<meta name=\"twitter:data1\" content=\"3 minutos\" \/>\n<script type=\"application\/ld+json\" class=\"yoast-schema-graph\">{\"@context\":\"https:\\\/\\\/schema.org\",\"@graph\":[{\"@type\":\"WebPage\",\"@id\":\"https:\\\/\\\/www.ce.gov.br\\\/sop\\\/edificacoes\\\/manual-de-obras\\\/\",\"url\":\"https:\\\/\\\/www.ce.gov.br\\\/sop\\\/edificacoes\\\/manual-de-obras\\\/\",\"name\":\"Manual de Obras - SOP\",\"isPartOf\":{\"@id\":\"https:\\\/\\\/www.ce.gov.br\\\/sop\\\/#website\"},\"datePublished\":\"2019-07-11T13:54:21+00:00\",\"dateModified\":\"2026-04-15T14:39:04+00:00\",\"breadcrumb\":{\"@id\":\"https:\\\/\\\/www.ce.gov.br\\\/sop\\\/edificacoes\\\/manual-de-obras\\\/#breadcrumb\"},\"inLanguage\":\"pt-BR\",\"potentialAction\":[{\"@type\":\"ReadAction\",\"target\":[\"https:\\\/\\\/www.ce.gov.br\\\/sop\\\/edificacoes\\\/manual-de-obras\\\/\"]}]},{\"@type\":\"BreadcrumbList\",\"@id\":\"https:\\\/\\\/www.ce.gov.br\\\/sop\\\/edificacoes\\\/manual-de-obras\\\/#breadcrumb\",\"itemListElement\":[{\"@type\":\"ListItem\",\"position\":1,\"name\":\"In\u00edcio\",\"item\":\"https:\\\/\\\/www.ce.gov.br\\\/sop\\\/\"},{\"@type\":\"ListItem\",\"position\":2,\"name\":\"Edifica\u00e7\u00f5es\",\"item\":\"https:\\\/\\\/www.ce.gov.br\\\/sop\\\/edificacoes\\\/\"},{\"@type\":\"ListItem\",\"position\":3,\"name\":\"Manual de Obras\"}]},{\"@type\":\"WebSite\",\"@id\":\"https:\\\/\\\/www.ce.gov.br\\\/sop\\\/#website\",\"url\":\"https:\\\/\\\/www.ce.gov.br\\\/sop\\\/\",\"name\":\"Departamento Estadual de Rodovias\",\"description\":\"Portal SOP\",\"potentialAction\":[{\"@type\":\"SearchAction\",\"target\":{\"@type\":\"EntryPoint\",\"urlTemplate\":\"https:\\\/\\\/www.ce.gov.br\\\/sop\\\/?s={search_term_string}\"},\"query-input\":{\"@type\":\"PropertyValueSpecification\",\"valueRequired\":true,\"valueName\":\"search_term_string\"}}],\"inLanguage\":\"pt-BR\"}]}<\/script>\n<!-- \/ Yoast SEO plugin. -->","yoast_head_json":{"title":"Manual de Obras - SOP","robots":{"index":"index","follow":"follow","max-snippet":"max-snippet:-1","max-image-preview":"max-image-preview:large","max-video-preview":"max-video-preview:-1"},"canonical":"https:\/\/www.ce.gov.br\/sop\/edificacoes\/manual-de-obras\/","og_locale":"pt_BR","og_type":"article","og_title":"Manual de Obras - SOP","og_description":"O \u00a0Manual de Obras P\u00fablicas e Servi\u00e7os de Engenharia: Recomenda\u00e7\u00f5es B\u00e1sicas para Contratos e Conv\u00eanios no \u00e2mbito do Estado do Cear\u00e1 foi elaborado com o objetivo de orientar os \u00f3rg\u00e3os e entidades do Poder Executivo Estadual quanto aos procedimentos a adotar para a execu\u00e7\u00e3o e fiscaliza\u00e7\u00e3o de obras e servi\u00e7os de engenharia contratados com recursos [&hellip;]","og_url":"https:\/\/www.ce.gov.br\/sop\/edificacoes\/manual-de-obras\/","og_site_name":"SOP","article_modified_time":"2026-04-15T14:39:04+00:00","twitter_card":"summary_large_image","twitter_misc":{"Est. reading time":"3 minutos"},"schema":{"@context":"https:\/\/schema.org","@graph":[{"@type":"WebPage","@id":"https:\/\/www.ce.gov.br\/sop\/edificacoes\/manual-de-obras\/","url":"https:\/\/www.ce.gov.br\/sop\/edificacoes\/manual-de-obras\/","name":"Manual de Obras - SOP","isPartOf":{"@id":"https:\/\/www.ce.gov.br\/sop\/#website"},"datePublished":"2019-07-11T13:54:21+00:00","dateModified":"2026-04-15T14:39:04+00:00","breadcrumb":{"@id":"https:\/\/www.ce.gov.br\/sop\/edificacoes\/manual-de-obras\/#breadcrumb"},"inLanguage":"pt-BR","potentialAction":[{"@type":"ReadAction","target":["https:\/\/www.ce.gov.br\/sop\/edificacoes\/manual-de-obras\/"]}]},{"@type":"BreadcrumbList","@id":"https:\/\/www.ce.gov.br\/sop\/edificacoes\/manual-de-obras\/#breadcrumb","itemListElement":[{"@type":"ListItem","position":1,"name":"In\u00edcio","item":"https:\/\/www.ce.gov.br\/sop\/"},{"@type":"ListItem","position":2,"name":"Edifica\u00e7\u00f5es","item":"https:\/\/www.ce.gov.br\/sop\/edificacoes\/"},{"@type":"ListItem","position":3,"name":"Manual de Obras"}]},{"@type":"WebSite","@id":"https:\/\/www.ce.gov.br\/sop\/#website","url":"https:\/\/www.ce.gov.br\/sop\/","name":"Departamento Estadual de Rodovias","description":"Portal SOP","potentialAction":[{"@type":"SearchAction","target":{"@type":"EntryPoint","urlTemplate":"https:\/\/www.ce.gov.br\/sop\/?s={search_term_string}"},"query-input":{"@type":"PropertyValueSpecification","valueRequired":true,"valueName":"search_term_string"}}],"inLanguage":"pt-BR"}]}},"_links":{"self":[{"href":"https:\/\/www.ce.gov.br\/sop\/wp-json\/wp\/v2\/pages\/69411","targetHints":{"allow":["GET"]}}],"collection":[{"href":"https:\/\/www.ce.gov.br\/sop\/wp-json\/wp\/v2\/pages"}],"about":[{"href":"https:\/\/www.ce.gov.br\/sop\/wp-json\/wp\/v2\/types\/page"}],"author":[{"embeddable":true,"href":"https:\/\/www.ce.gov.br\/sop\/wp-json\/wp\/v2\/users\/12"}],"replies":[{"embeddable":true,"href":"https:\/\/www.ce.gov.br\/sop\/wp-json\/wp\/v2\/comments?post=69411"}],"version-history":[{"count":7,"href":"https:\/\/www.ce.gov.br\/sop\/wp-json\/wp\/v2\/pages\/69411\/revisions"}],"predecessor-version":[{"id":79056,"href":"https:\/\/www.ce.gov.br\/sop\/wp-json\/wp\/v2\/pages\/69411\/revisions\/79056"}],"up":[{"embeddable":true,"href":"https:\/\/www.ce.gov.br\/sop\/wp-json\/wp\/v2\/pages\/69454"}],"wp:attachment":[{"href":"https:\/\/www.ce.gov.br\/sop\/wp-json\/wp\/v2\/media?parent=69411"}],"curies":[{"name":"wp","href":"https:\/\/api.w.org\/{rel}","templated":true}]}}