{"id":69416,"date":"2019-07-11T10:59:38","date_gmt":"2019-07-11T13:59:38","guid":{"rendered":"http:\/\/www.ce.gov.br\/sop\/?page_id=69416"},"modified":"2026-04-15T11:55:56","modified_gmt":"2026-04-15T14:55:56","slug":"normas-sobre-medicao-de-obras","status":"publish","type":"page","link":"https:\/\/www.ce.gov.br\/sop\/edificacoes\/normas-sobre-medicao-de-obras\/","title":{"rendered":"Normas Sobre Medi\u00e7\u00e3o de Obras"},"content":{"rendered":"\n<div class=\"wp-block-cegovbr-titulo-personalizado cegovbr-titulo-personalizado\"><div class=\"cegovbr-titulo-header\"><span class=\"material-symbols-outlined cegovbr-titulo-icon\">done<\/span><h6 class=\"cegovbr-titulo-text\">Instru\u00e7\u00e3o Normativa \u2013 2010<\/h6><\/div><\/div>\n\n\n\n<p>Publicado no Di\u00e1rio Oficial S\u00e9rie 3 Ano II n\u00ba 034, de 22 de fevereiro de 2010, a Introdu\u00e7\u00e3o Normativa N\u00ba 001\/2010, Fortaleza, 17 de fevereiro de 2010, uniformiza os procedimentos e rotinas a serem observados pelos \u00f3rg\u00e3os e entidades do Governo do Estado do Cear\u00e1, na execu\u00e7\u00e3o de despesas relativas \u00e0s obras e servi\u00e7os de engenharia e d\u00e1 outras provid\u00eancias.<\/p>\n\n\n\n<p>\u2013 Cap\u00edtulo I<\/p>\n\n\n\n<p>Disposi\u00e7\u00f5es Gerais<\/p>\n\n\n\n<p>\u2013 Cap\u00edtulo II<\/p>\n\n\n\n<p>Do Cadastramento, empenho e Pagamento da Medi\u00e7\u00e3o<\/p>\n\n\n\n<p>\u2013 Anexo I<\/p>\n\n\n\n<p>Roteiro de Verifica\u00e7\u00e3o da Documenta\u00e7\u00e3o Exigida para Acompanhamento da Medi\u00e7\u00e3o<\/p>\n\n\n\n<p>\u2013 Anexo II<\/p>\n\n\n\n<p>Modelo de Comunica\u00e7\u00e3o Formal a ser Encaminhado \u00e0 Contratada no Caso de Documenta\u00e7\u00e3o Incompleta<\/p>\n\n\n\n<p>\u2013 Anexo III<\/p>\n\n\n\n<p>Fluxo do Processo de Pagamento de Obras e Servi\u00e7\u00f5es de Engenharia<\/p>\n\n\n\n<p>Download do&nbsp;Instru\u00e7\u00e3o Normativa de 2010<\/p>\n\n\n\n<div class=\"wp-block-cegovbr-titulo-personalizado cegovbr-titulo-personalizado\"><div class=\"cegovbr-titulo-header\"><span class=\"material-symbols-outlined cegovbr-titulo-icon\">done<\/span><h6 class=\"cegovbr-titulo-text\">Instru\u00e7\u00e3o Normativa Conjunta PGE\/CGE\/Seinfra 2011<\/h6><\/div><\/div>\n\n\n\n<p>Publicado no Di\u00e1rio Oficial S\u00e9rie 3 Ano III n\u00ba 247, de 28 de Dezembro de 2011, a Introdu\u00e7\u00e3o Normativa N\u00ba 001\/2011, Fortaleza, 28 de fevereiro de 2011, da nova reda\u00e7\u00e3o ao inciso A do Art. 8\u00ba, aos incisos I, V, VI, VIII e XVI e 1\u00ba do Art. 10 e acresce os incisos XXII, XXIII, XXIV e XXV ao Art.10 da Instru\u00e7\u00e3o Normativa Conjunta CGE\/SEINFRA N\u00ba001\/2010, de 22 de Fevereiro de 2010, que uniformiza os procedimentos e entidades do Governo do Estado do Cear\u00e1 na Execu\u00e7\u00e3o de despesas relativas \u00e0s obras e servi\u00e7\u00f5es de engenharia e d\u00e1 outras providencias.<\/p>\n\n\n\n<p><a href=\"_wp_link_placeholder\">Download do&nbsp;Instru\u00e7\u00e3o Normativa Conjunta PGE\/CGE\/Seinfra 2011<\/a><\/p>\n\n\n\n<div class=\"wp-block-cegovbr-titulo-personalizado cegovbr-titulo-personalizado\"><div class=\"cegovbr-titulo-header\"><span class=\"material-symbols-outlined cegovbr-titulo-icon\">done<\/span><h6 class=\"cegovbr-titulo-text\">Instru\u00e7\u00e3o Normativa n 0001 2014 de 07.04.2014<\/h6><\/div><\/div>\n\n\n\n<p>T\u00edtulo: I Regulamenta\u00e7\u00e3o das atribui\u00e7\u00f5es dos servidores integrantes de Comiss\u00f5es de Fiscaliza\u00e7\u00e3o de Obras de Infraestrutura de Edifica\u00e7\u00f5es P\u00fablicas;<\/p>\n\n\n\n<p>II Procedimentos para concess\u00e3o de Gratifica\u00e7\u00e3o de Fiscaliza\u00e7\u00e3o de Obras de Infraestrutura de Edifica\u00e7\u00f5es \u2013 GFOE.<\/p>\n\n\n\n<p>Resultado Esperado: Definir, de forma clara e precisa no \u00e2mbito do Departamento de Arquitetura e Engenharia \u2013 DAE, a regimenta\u00e7\u00e3o de atribui\u00e7\u00f5es para Fiscaliza\u00e7\u00e3o de Infraestrutura de Edifica\u00e7\u00f5es P\u00fablicas, bem como os procedimentos legais necess\u00e1rios \u00e0 concess\u00e3o da Gratifica\u00e7\u00e3o para os servidores que atuam efetivamente nesse fiscaliza\u00e7\u00e3o, conforme estabelece o art. 11 \u00e0 13 da Lei Estadual 15.573, de 07 de abril de 2014, publicada no DOE-CE em 07 de abril de 2014.<\/p>\n\n\n\n<p>VIG\u00caNCIA: 07 de abril de 2014.<\/p>\n\n\n\n<p>Embasamento legal: Lei Estadual n\u00ba 15.573, de 07 de abril de 2014, publicado no DOE em 07 de abril de 2014, que criou a Gratifica\u00e7\u00e3o de Fiscaliza\u00e7\u00e3o de Obras de Infraestrutura de Edifica\u00e7\u00f5es \u2013 GFOE.<\/p>\n\n\n\n<p>1 . Considerando a Necessidade<\/p>\n\n\n\n<p>2. Composi\u00e7\u00e3o<\/p>\n\n\n\n<p>3. Compet\u00eancia<br>3.1 Presidente<br>3.2 1\u00ba Membro<br>3.3 2\u00ba Membro<br>3.4 3\u00ba Membro<\/p>\n\n\n\n<p>4. Da Gratifica\u00e7\u00e3o de Fiscaliza\u00e7\u00e3o de Obras de Infraestrutura de Edifica\u00e7\u00f5es \u2013 GFOE<\/p>\n\n\n\n<p>6. Considera\u00e7\u00f5es Gerais<\/p>\n\n\n\n<p>5. Da Concess\u00e3o da Gratifica\u00e7\u00e3o de Fiscaliza\u00e7\u00e3o de Obras de Infraestrutura de Edifica\u00e7\u00f5es \u2013 GFOE<\/p>\n\n\n\n<p><a href=\"https:\/\/www.sop.ce.gov.br\/wp-content\/uploads\/sites\/30\/2019\/07\/instrucao-normativa-n-0001-2014-de-07.04.2014.pdf\">Download do\u00a0Instru\u00e7\u00e3o Normativa N\u00ba 0001 &#8211; 2014<\/a><\/p>\n\n\n\n<div class=\"wp-block-cegovbr-titulo-personalizado cegovbr-titulo-personalizado\"><div class=\"cegovbr-titulo-header\"><span class=\"material-symbols-outlined cegovbr-titulo-icon\">done<\/span><h6 class=\"cegovbr-titulo-text\">Entrega de Medi\u00e7\u00f5es<\/h6><\/div><\/div>\n\n\n\n<p>As medi\u00e7\u00f5es relativas \u00e0s obras p\u00fablicas do Governo do Estado do Cear\u00e1 dever\u00e3o ser solicitadas pela Contratada, mediante protocolo no \u00f3rg\u00e3o ou entidade contratante, anexando os documentos abaixo:<br>NO CASO DE OBRAS DE EDIFICA\u00c7\u00d5ES P\u00daBLICAS <\/p>\n\n\n\n<ul class=\"wp-block-list\">\n<li>Mem\u00f3ria de C\u00e1lculo;<\/li>\n\n\n\n<li>C\u00f3pia do Di\u00e1rio da Obra especificando as datas conforme o per\u00edodo da medi\u00e7\u00e3o;<\/li>\n\n\n\n<li>Planta Iluminada, especificando o nome da Obra e o N\u00ba do Contrato;<\/li>\n\n\n\n<li>Relat\u00f3rio Fotogr\u00e1fico, acompanhado do coment\u00e1rio por foto;<\/li>\n\n\n\n<li>ART, anexando o comprovante de pagamento, quando da 1\u00aa medi\u00e7\u00e3o;<\/li>\n\n\n\n<li>Cronograma Executivo realizado;<\/li>\n\n\n\n<li>Boletim de Medi\u00e7\u00e3o e Boletim de Faturamento a ser entregue em planilha eletr\u00f4nica e impresso em 02(duas) vias, conforme o modelo disponibilizado pelo SOP;<\/li>\n\n\n\n<li>Certificado da Medi\u00e7\u00e3o em 02(duas) vias;<\/li>\n\n\n\n<li>Apresenta\u00e7\u00e3o do Programa de Condi\u00e7\u00f5es do Meio Ambiente de Trabalho na ind\u00fastria da constru\u00e7\u00e3o \u2013 PCMAT, para obras com 20 (vinte) trabalhadores ou mais, de acordo com a NR 18 do Minist\u00e9rio do Trabalho e Emprego. Para obras com menos de 20 trabalhadores, apresentar o Relat\u00f3rio de acidentes de trabalho;<\/li>\n\n\n\n<li>Carta de Apresenta\u00e7\u00e3o da Medi\u00e7\u00e3o em 02 (duas) vias;<\/li>\n\n\n\n<li>Quadro Resumo Financeiro em 02(duas) vias, conforme modelo disponibilizado pelo DAE;<\/li>\n\n\n\n<li>Certid\u00f5es de Regularidade Fiscal ( Federal, Estadual e Municipal) conforme exig\u00eancia do Art.55, inciso XII, da Lei N\u00ba 8.666\/93.<\/li>\n<\/ul>\n","protected":false},"excerpt":{"rendered":"<p>Publicado no Di\u00e1rio Oficial S\u00e9rie 3 Ano II n\u00ba 034, de 22 de fevereiro de 2010, a Introdu\u00e7\u00e3o Normativa N\u00ba 001\/2010, Fortaleza, 17 de fevereiro de 2010, uniformiza os procedimentos e rotinas a serem observados pelos \u00f3rg\u00e3os e entidades do Governo do Estado do Cear\u00e1, na execu\u00e7\u00e3o de despesas relativas \u00e0s obras e servi\u00e7os de [&hellip;]<\/p>\n","protected":false},"author":12,"featured_media":0,"parent":69454,"menu_order":0,"comment_status":"closed","ping_status":"closed","template":"","meta":{"_acf_changed":false,"inline_featured_image":false,"footnotes":""},"class_list":["post-69416","page","type-page","status-publish","hentry"],"acf":[],"yoast_head":"<!-- This site is optimized with the Yoast SEO plugin v27.3 - https:\/\/yoast.com\/product\/yoast-seo-wordpress\/ -->\n<title>Normas Sobre Medi\u00e7\u00e3o de Obras - SOP<\/title>\n<meta name=\"robots\" content=\"index, follow, max-snippet:-1, max-image-preview:large, max-video-preview:-1\" \/>\n<link rel=\"canonical\" href=\"https:\/\/www.ce.gov.br\/sop\/edificacoes\/normas-sobre-medicao-de-obras\/\" \/>\n<meta property=\"og:locale\" content=\"pt_BR\" \/>\n<meta property=\"og:type\" content=\"article\" \/>\n<meta property=\"og:title\" content=\"Normas Sobre Medi\u00e7\u00e3o de Obras - SOP\" \/>\n<meta property=\"og:description\" content=\"Publicado no Di\u00e1rio Oficial S\u00e9rie 3 Ano II n\u00ba 034, de 22 de fevereiro de 2010, a Introdu\u00e7\u00e3o Normativa N\u00ba 001\/2010, Fortaleza, 17 de fevereiro de 2010, uniformiza os procedimentos e rotinas a serem observados pelos \u00f3rg\u00e3os e entidades do Governo do Estado do Cear\u00e1, na execu\u00e7\u00e3o de despesas relativas \u00e0s obras e servi\u00e7os de [&hellip;]\" \/>\n<meta property=\"og:url\" content=\"https:\/\/www.ce.gov.br\/sop\/edificacoes\/normas-sobre-medicao-de-obras\/\" \/>\n<meta property=\"og:site_name\" content=\"SOP\" \/>\n<meta property=\"article:modified_time\" content=\"2026-04-15T14:55:56+00:00\" \/>\n<meta name=\"twitter:card\" content=\"summary_large_image\" \/>\n<meta name=\"twitter:label1\" content=\"Est. reading time\" \/>\n\t<meta name=\"twitter:data1\" content=\"4 minutos\" \/>\n<script type=\"application\/ld+json\" class=\"yoast-schema-graph\">{\"@context\":\"https:\\\/\\\/schema.org\",\"@graph\":[{\"@type\":\"WebPage\",\"@id\":\"https:\\\/\\\/www.ce.gov.br\\\/sop\\\/edificacoes\\\/normas-sobre-medicao-de-obras\\\/\",\"url\":\"https:\\\/\\\/www.ce.gov.br\\\/sop\\\/edificacoes\\\/normas-sobre-medicao-de-obras\\\/\",\"name\":\"Normas Sobre Medi\u00e7\u00e3o de Obras - SOP\",\"isPartOf\":{\"@id\":\"https:\\\/\\\/www.ce.gov.br\\\/sop\\\/#website\"},\"datePublished\":\"2019-07-11T13:59:38+00:00\",\"dateModified\":\"2026-04-15T14:55:56+00:00\",\"breadcrumb\":{\"@id\":\"https:\\\/\\\/www.ce.gov.br\\\/sop\\\/edificacoes\\\/normas-sobre-medicao-de-obras\\\/#breadcrumb\"},\"inLanguage\":\"pt-BR\",\"potentialAction\":[{\"@type\":\"ReadAction\",\"target\":[\"https:\\\/\\\/www.ce.gov.br\\\/sop\\\/edificacoes\\\/normas-sobre-medicao-de-obras\\\/\"]}]},{\"@type\":\"BreadcrumbList\",\"@id\":\"https:\\\/\\\/www.ce.gov.br\\\/sop\\\/edificacoes\\\/normas-sobre-medicao-de-obras\\\/#breadcrumb\",\"itemListElement\":[{\"@type\":\"ListItem\",\"position\":1,\"name\":\"In\u00edcio\",\"item\":\"https:\\\/\\\/www.ce.gov.br\\\/sop\\\/\"},{\"@type\":\"ListItem\",\"position\":2,\"name\":\"Edifica\u00e7\u00f5es\",\"item\":\"https:\\\/\\\/www.ce.gov.br\\\/sop\\\/edificacoes\\\/\"},{\"@type\":\"ListItem\",\"position\":3,\"name\":\"Normas Sobre Medi\u00e7\u00e3o de Obras\"}]},{\"@type\":\"WebSite\",\"@id\":\"https:\\\/\\\/www.ce.gov.br\\\/sop\\\/#website\",\"url\":\"https:\\\/\\\/www.ce.gov.br\\\/sop\\\/\",\"name\":\"Departamento Estadual de Rodovias\",\"description\":\"Portal SOP\",\"potentialAction\":[{\"@type\":\"SearchAction\",\"target\":{\"@type\":\"EntryPoint\",\"urlTemplate\":\"https:\\\/\\\/www.ce.gov.br\\\/sop\\\/?s={search_term_string}\"},\"query-input\":{\"@type\":\"PropertyValueSpecification\",\"valueRequired\":true,\"valueName\":\"search_term_string\"}}],\"inLanguage\":\"pt-BR\"}]}<\/script>\n<!-- \/ Yoast SEO plugin. -->","yoast_head_json":{"title":"Normas Sobre Medi\u00e7\u00e3o de Obras - SOP","robots":{"index":"index","follow":"follow","max-snippet":"max-snippet:-1","max-image-preview":"max-image-preview:large","max-video-preview":"max-video-preview:-1"},"canonical":"https:\/\/www.ce.gov.br\/sop\/edificacoes\/normas-sobre-medicao-de-obras\/","og_locale":"pt_BR","og_type":"article","og_title":"Normas Sobre Medi\u00e7\u00e3o de Obras - SOP","og_description":"Publicado no Di\u00e1rio Oficial S\u00e9rie 3 Ano II n\u00ba 034, de 22 de fevereiro de 2010, a Introdu\u00e7\u00e3o Normativa N\u00ba 001\/2010, Fortaleza, 17 de fevereiro de 2010, uniformiza os procedimentos e rotinas a serem observados pelos \u00f3rg\u00e3os e entidades do Governo do Estado do Cear\u00e1, na execu\u00e7\u00e3o de despesas relativas \u00e0s obras e servi\u00e7os de [&hellip;]","og_url":"https:\/\/www.ce.gov.br\/sop\/edificacoes\/normas-sobre-medicao-de-obras\/","og_site_name":"SOP","article_modified_time":"2026-04-15T14:55:56+00:00","twitter_card":"summary_large_image","twitter_misc":{"Est. reading time":"4 minutos"},"schema":{"@context":"https:\/\/schema.org","@graph":[{"@type":"WebPage","@id":"https:\/\/www.ce.gov.br\/sop\/edificacoes\/normas-sobre-medicao-de-obras\/","url":"https:\/\/www.ce.gov.br\/sop\/edificacoes\/normas-sobre-medicao-de-obras\/","name":"Normas Sobre Medi\u00e7\u00e3o de Obras - SOP","isPartOf":{"@id":"https:\/\/www.ce.gov.br\/sop\/#website"},"datePublished":"2019-07-11T13:59:38+00:00","dateModified":"2026-04-15T14:55:56+00:00","breadcrumb":{"@id":"https:\/\/www.ce.gov.br\/sop\/edificacoes\/normas-sobre-medicao-de-obras\/#breadcrumb"},"inLanguage":"pt-BR","potentialAction":[{"@type":"ReadAction","target":["https:\/\/www.ce.gov.br\/sop\/edificacoes\/normas-sobre-medicao-de-obras\/"]}]},{"@type":"BreadcrumbList","@id":"https:\/\/www.ce.gov.br\/sop\/edificacoes\/normas-sobre-medicao-de-obras\/#breadcrumb","itemListElement":[{"@type":"ListItem","position":1,"name":"In\u00edcio","item":"https:\/\/www.ce.gov.br\/sop\/"},{"@type":"ListItem","position":2,"name":"Edifica\u00e7\u00f5es","item":"https:\/\/www.ce.gov.br\/sop\/edificacoes\/"},{"@type":"ListItem","position":3,"name":"Normas Sobre Medi\u00e7\u00e3o de Obras"}]},{"@type":"WebSite","@id":"https:\/\/www.ce.gov.br\/sop\/#website","url":"https:\/\/www.ce.gov.br\/sop\/","name":"Departamento Estadual de Rodovias","description":"Portal SOP","potentialAction":[{"@type":"SearchAction","target":{"@type":"EntryPoint","urlTemplate":"https:\/\/www.ce.gov.br\/sop\/?s={search_term_string}"},"query-input":{"@type":"PropertyValueSpecification","valueRequired":true,"valueName":"search_term_string"}}],"inLanguage":"pt-BR"}]}},"_links":{"self":[{"href":"https:\/\/www.ce.gov.br\/sop\/wp-json\/wp\/v2\/pages\/69416","targetHints":{"allow":["GET"]}}],"collection":[{"href":"https:\/\/www.ce.gov.br\/sop\/wp-json\/wp\/v2\/pages"}],"about":[{"href":"https:\/\/www.ce.gov.br\/sop\/wp-json\/wp\/v2\/types\/page"}],"author":[{"embeddable":true,"href":"https:\/\/www.ce.gov.br\/sop\/wp-json\/wp\/v2\/users\/12"}],"replies":[{"embeddable":true,"href":"https:\/\/www.ce.gov.br\/sop\/wp-json\/wp\/v2\/comments?post=69416"}],"version-history":[{"count":11,"href":"https:\/\/www.ce.gov.br\/sop\/wp-json\/wp\/v2\/pages\/69416\/revisions"}],"predecessor-version":[{"id":79102,"href":"https:\/\/www.ce.gov.br\/sop\/wp-json\/wp\/v2\/pages\/69416\/revisions\/79102"}],"up":[{"embeddable":true,"href":"https:\/\/www.ce.gov.br\/sop\/wp-json\/wp\/v2\/pages\/69454"}],"wp:attachment":[{"href":"https:\/\/www.ce.gov.br\/sop\/wp-json\/wp\/v2\/media?parent=69416"}],"curies":[{"name":"wp","href":"https:\/\/api.w.org\/{rel}","templated":true}]}}